{"id":8920,"date":"2026-04-27T11:20:40","date_gmt":"2026-04-27T11:20:40","guid":{"rendered":"https:\/\/nuevo-renacer.com\/?page_id=8920"},"modified":"2026-04-27T11:37:35","modified_gmt":"2026-04-27T11:37:35","slug":"baron-johann-ludwig-de-guldenstubbe","status":"publish","type":"page","link":"https:\/\/nuevo-renacer.com\/tr\/baron-johann-ludwig-de-guldenstubbe\/","title":{"rendered":"Bar\u00f3n Johann Ludwig Guldenstubb\u00e9"},"content":{"rendered":"<div class=\"wp-block-uagb-container uagb-block-a0ac9e78 alignfull uagb-is-root-container\"><div class=\"uagb-container-inner-blocks-wrap\">\n<p class=\"has-black-color has-text-color has-link-color has-medium-font-size wp-elements-6f789286fc0a12348b2f1d7c015553e6\"><strong>Baron <strong>Johann Ludwig<\/strong> von Guldenstubb\u00e9<\/strong><\/p>\n<\/div><\/div>\n\n\n\n<div class=\"wp-block-uagb-container uagb-block-6ad5079c alignfull uagb-is-root-container\"><div class=\"uagb-container-inner-blocks-wrap\">\n<figure class=\"wp-block-image size-full is-resized\"><img fetchpriority=\"high\" decoding=\"async\" width=\"517\" height=\"700\" src=\"https:\/\/nuevo-renacer.com\/wp-content\/uploads\/2026\/04\/Baron-de-Guldenstubbe.jpg\" alt=\"\" class=\"wp-image-8921\" style=\"aspect-ratio:0.7385785079084923;width:208px;height:auto\" srcset=\"https:\/\/nuevo-renacer.com\/wp-content\/uploads\/2026\/04\/Baron-de-Guldenstubbe.jpg 517w, https:\/\/nuevo-renacer.com\/wp-content\/uploads\/2026\/04\/Baron-de-Guldenstubbe-222x300.jpg 222w, https:\/\/nuevo-renacer.com\/wp-content\/uploads\/2026\/04\/Baron-de-Guldenstubbe-9x12.jpg 9w\" sizes=\"(max-width: 517px) 100vw, 517px\" \/><\/figure>\n<\/div><\/div>\n\n\n\n<div class=\"wp-block-uagb-container uagb-block-0710c434 alignfull uagb-is-root-container\"><div class=\"uagb-container-inner-blocks-wrap\">\n<p class=\"has-black-color has-text-color has-link-color has-small-font-size wp-elements-c55a92d0a4a90f1e38e626b4fdda41a4\">Spiritizmin bu b\u00fcy\u00fck savunucusu, Spiritizmin ilk d\u00f6nemlerinde \u00f6nemli bir emek\u00e7i, ruhun b\u00fcy\u00fck bir ara\u015ft\u0131rmac\u0131s\u0131yd\u0131 ve eserleri 9 Ekim 1861 tarihinde \u0130spanya\u2019da Kutsal Engizisyon taraf\u0131ndan, Barselona\u2019daki \u00fcnl\u00fc AUTO-DA-F\u00c9 s\u0131ras\u0131nda yak\u0131lm\u0131\u015ft\u0131r. 27 May\u0131s 1873\u2019te, Paris\u2019teki Rue de Tr\u00e9vise 29 numaral\u0131 ikametg\u00e2h\u0131nda, 53 ya\u015f\u0131nda hayata veda eden Baron Johann Ludwig von Guldenstubb\u00e9, \u00f6zellikle pneumatografi alan\u0131ndaki ara\u015ft\u0131rmalar\u0131 ve deneyleriyle tan\u0131nm\u0131\u015ft\u0131r. \u0130sve\u00e7 k\u00f6kenli olup, tarih\u00ee \u015f\u00f6hrete sahip eski bir \u0130skandinav ailesine mensuptu; ayn\u0131 ad\u0131 ta\u015f\u0131yan iki atas\u0131, 1309 y\u0131l\u0131nda, Papa IV. Clemens\u2019in emriyle Jaques de Molav ile birlikte diri diri yak\u0131lm\u0131\u015ft\u0131r. Baron, erdemli k\u0131z karde\u015fiyle birlikte sakin ve i\u00e7ine kapan\u0131k bir ya\u015fam s\u00fcrm\u00fc\u015ft\u00fcr. Hat\u0131ras\u0131, asil, nazik ve yard\u0131msever davran\u0131\u015flar\u0131 ile m\u00fctevaz\u0131 hay\u0131rseverlik faaliyetleri nedeniyle sayg\u0131yla an\u0131lmaktad\u0131r. \u00d6zellikle Fransa\u2019da do\u011frudan yaz\u0131 deneylerine kendini adam\u0131\u015f ve 13 A\u011fustos 1856\u2019da bu t\u00fcr spiritist ileti\u015fimde ilk ba\u015far\u0131y\u0131 elde etmi\u015ftir. \u201cLa R\u00e9alit\u00e9 des Spirites et de leurs Manifestations\u201d (Ruhlar\u0131n ve tezah\u00fcrlerinin ger\u00e7ekli\u011fi) adl\u0131 kitab\u0131 ile \u201cPens\u00e9es d\u2019outre-tombe\u201d (1858) adl\u0131 eseri kaleme alm\u0131\u015ft\u0131r. Birka\u00e7 y\u0131ll\u0131k deneysel \u00e7al\u0131\u015fmalar sonucunda Baron, baz\u0131lar\u0131 kalem, k\u00e2\u011f\u0131t veya arduvaz kullan\u0131lmadan elde edilen \u00e7ok say\u0131da do\u011frudan yaz\u0131 \u00f6rne\u011fi elde etmi\u015ftir. Mesajlar\u0131n al\u0131nmas\u0131 i\u00e7in gerekli malzemeler bizzat ileti\u015fim kuran ruhlar taraf\u0131ndan sa\u011flanm\u0131\u015ft\u0131r. \u201cBu fenomenler,\u201d demektedir, \u201cart\u0131k sa\u011flam bir olgular temeline dayanmaktad\u0131r; b\u00f6ylece bundan b\u00f6yle ruhun \u00f6l\u00fcms\u00fczl\u00fc\u011f\u00fcn\u00fc bilimsel bir ger\u00e7ek olarak ve Spiritizmi bu d\u00fcnya ile G\u00f6r\u00fcnmeyen aras\u0131nda kurulmu\u015f bir k\u00f6pr\u00fc olarak kabul edebiliriz.\u201d<\/p>\n\n\n\n<p class=\"has-black-color has-text-color has-link-color wp-elements-41296d4a759c76bdea7ffc12860abcfb\"><strong>Do\u011frudan Yaz\u0131<\/strong><\/p>\n\n\n\n<p class=\"has-black-color has-text-color has-link-color has-small-font-size wp-elements-23aaa33cd351e74b13924c5b6d0647db\">Baron Johann Ludwig von Guldenstubb\u00e9, Fransa\u2019da do\u011frudan yaz\u0131y\u0131 elde eden ilk ki\u015fidir. Olay\u0131 \u015f\u00f6yle anlat\u0131r (\u201cLa R\u00e9alit\u00e9 des Esprits\u201d, s. 66 ve 67): \u201cG\u00fczel bir g\u00fcnde (1 A\u011fustos 1856), Ruhlar\u0131n bir medyumun yard\u0131m\u0131 olmadan do\u011frudan yaz\u0131p yazamayacaklar\u0131n\u0131 deneme fikri akl\u0131na geldi. Musa\u2019ya g\u00f6re On Emir\u2019in gizemli do\u011frudan yaz\u0131s\u0131n\u0131, Daniel\u2019e g\u00f6re Kral Bel\u015fazar\u2019\u0131n \u015f\u00f6len salonundaki yine do\u011frudan ve gizemli yaz\u0131y\u0131 bildi\u011finden ve Amerika\u2019daki Straford\u2019un modern gizemlerinden haberdar oldu\u011fundan\u2014orada bir k\u00e2\u011f\u0131t par\u00e7as\u0131 \u00fczerinde, medyumlardan gelmedi\u011fi d\u00fc\u015f\u00fcn\u00fclen okunaks\u0131z ve tuhaf i\u015faretler bulunmu\u015ftu\u2014yazar, do\u011fru olmas\u0131 h\u00e2linde kapsam\u0131 \u00e7ok b\u00fcy\u00fck olacak bir fenomenin ger\u00e7ekli\u011fini do\u011frulamak istedi. \u201cBu nedenle, bo\u015f bir k\u00e2\u011f\u0131t sayfas\u0131 ve a\u00e7\u0131lm\u0131\u015f bir kalemi kilitli k\u00fc\u00e7\u00fck bir kutunun i\u00e7ine koydu; anahtar\u0131 s\u00fcrekli yan\u0131nda ta\u015f\u0131d\u0131 ve deneyinden kimseye s\u00f6z etmedi. On iki g\u00fcn boyunca bo\u015funa bekledi; k\u00e2\u011f\u0131t \u00fczerinde en k\u00fc\u00e7\u00fck bir kalem izi bile g\u00f6zlemlemedi. Ancak 13 A\u011fustos 1856\u2019da, k\u00e2\u011f\u0131t \u00fczerinde baz\u0131 gizemli i\u015faretler fark etti\u011finde \u015fa\u015fk\u0131nl\u0131\u011f\u0131 b\u00fcy\u00fckt\u00fc; bu ger\u00e7ekle\u015fir ger\u00e7ekle\u015fmez, o g\u00fcn\u00fc\u2014art\u0131k unutulmaz olan o g\u00fcn\u00fc\u2014ayn\u0131 g\u00fcn i\u00e7inde on kez deneyini tekrarlad\u0131 ve her yar\u0131m saatte bir kutuya yeni bir bo\u015f k\u00e2\u011f\u0131t yerle\u015ftirdi. Deney tam bir ba\u015far\u0131yla sonu\u00e7land\u0131. \u201cErtesi g\u00fcn, 14 A\u011fustos\u2019ta, kutuyu a\u00e7\u0131k b\u0131rakarak ve g\u00f6z\u00fcn\u00fc ondan ay\u0131rmadan yakla\u015f\u0131k yirmi deney daha yapt\u0131; o zaman Estonca dilinde i\u015faretlerin ve kelimelerin, kalem hareket etmeden k\u00e2\u011f\u0131t \u00fczerinde olu\u015ftu\u011funu ya da kaz\u0131nd\u0131\u011f\u0131n\u0131 g\u00f6rd\u00fc. Bundan sonra kalemin gereksizli\u011fini anlayarak onu kullanmay\u0131 b\u0131rakt\u0131; evindeki bir \u00e7ekmeceye yaln\u0131zca bir k\u00e2\u011f\u0131t koyarak da ileti\u015fimler elde etti.\u201d (Baronun eserinin sonunda bu yaz\u0131lar\u0131n t\u0131pk\u0131bas\u0131mlar\u0131 bulunmaktad\u0131r.) Baron Johann Ludwig von Guldenstubb\u00e9, deneyi Kont d\u2019Ourches\u2019in huzurunda da tekrarlad\u0131; Kont, annesinden bir mesaj ald\u0131 ve bu mesaj\u0131n imzas\u0131 ile yaz\u0131s\u0131, Kontun elinde bulunan otograflarla kar\u015f\u0131la\u015ft\u0131r\u0131ld\u0131\u011f\u0131nda ger\u00e7ek olarak tan\u0131nd\u0131. Bu ilk denemeleri pek \u00e7ok ba\u015fka deney izledi ve yazar, ba\u015flang\u0131\u00e7ta sand\u0131\u011f\u0131 gibi yaz\u0131n\u0131n kendisinin uyurgezerlik h\u00e2linde ger\u00e7ekle\u015fmedi\u011fi konusunda kesin bir kanaate ula\u015ft\u0131.<\/p>\n<\/div><\/div>\n\n\n\n<div class=\"wp-block-uagb-container uagb-block-f4f3bbb7 alignfull uagb-is-root-container\"><div class=\"uagb-container-inner-blocks-wrap\"><\/div><\/div>\n\n\n\n<div class=\"wp-block-uagb-container uagb-block-00204ec5 alignfull uagb-is-root-container\"><div class=\"uagb-container-inner-blocks-wrap\"><\/div><\/div>","protected":false},"excerpt":{"rendered":"<p>Bar\u00f3n Johann Ludwig de Guldenstubb\u00e9 Este gran palad\u00edn del Espiritismo fue un importante trabajador de las primeras horas del Espiritismo, un gran investigador del alma y cuyas obras tambi\u00e9n fueron quemadas en Espa\u00f1a por la Santa Inquisici\u00f3n el 9 de octubre de 1861 en el conocido AUTO DE FE EN BARCELONA. El bar\u00f3n Johann Ludwig [&hellip;]<\/p>","protected":false},"author":1,"featured_media":0,"parent":0,"menu_order":0,"comment_status":"closed","ping_status":"closed","template":"","meta":{"_uag_custom_page_level_css":"","site-sidebar-layout":"default","site-content-layout":"","ast-site-content-layout":"default","site-content-style":"default","site-sidebar-style":"default","ast-global-header-display":"","ast-banner-title-visibility":"","ast-main-header-display":"","ast-hfb-above-header-display":"","ast-hfb-below-header-display":"","ast-hfb-mobile-header-display":"","site-post-title":"disabled","ast-breadcrumbs-content":"","ast-featured-img":"","footer-sml-layout":"","theme-transparent-header-meta":"","adv-header-id-meta":"","stick-header-meta":"","header-above-stick-meta":"","header-main-stick-meta":"","header-below-stick-meta":"","astra-migrate-meta-layouts":"set","ast-page-background-enabled":"default","ast-page-background-meta":{"desktop":{"background-color":"var(--ast-global-color-4)","background-image":"","background-repeat":"repeat","background-position":"center center","background-size":"auto","background-attachment":"scroll","background-type":"","background-media":"","overlay-type":"","overlay-color":"","overlay-opacity":"","overlay-gradient":""},"tablet":{"background-color":"","background-image":"","background-repeat":"repeat","background-position":"center center","background-size":"auto","background-attachment":"scroll","background-type":"","background-media":"","overlay-type":"","overlay-color":"","overlay-opacity":"","overlay-gradient":""},"mobile":{"background-color":"","background-image":"","background-repeat":"repeat","background-position":"center center","background-size":"auto","background-attachment":"scroll","background-type":"","background-media":"","overlay-type":"","overlay-color":"","overlay-opacity":"","overlay-gradient":""}},"ast-content-background-meta":{"desktop":{"background-color":"var(--ast-global-color-5)","background-image":"","background-repeat":"repeat","background-position":"center center","background-size":"auto","background-attachment":"scroll","background-type":"","background-media":"","overlay-type":"","overlay-color":"","overlay-opacity":"","overlay-gradient":""},"tablet":{"background-color":"var(--ast-global-color-5)","background-image":"","background-repeat":"repeat","background-position":"center center","background-size":"auto","background-attachment":"scroll","background-type":"","background-media":"","overlay-type":"","overlay-color":"","overlay-opacity":"","overlay-gradient":""},"mobile":{"background-color":"var(--ast-global-color-5)","background-image":"","background-repeat":"repeat","background-position":"center center","background-size":"auto","background-attachment":"scroll","background-type":"","background-media":"","overlay-type":"","overlay-color":"","overlay-opacity":"","overlay-gradient":""}},"footnotes":""},"class_list":["post-8920","page","type-page","status-publish","hentry"],"yoast_head":"<!-- This site is optimized with the Yoast SEO Premium plugin v24.2 (Yoast SEO v24.6) - https:\/\/yoast.com\/wordpress\/plugins\/seo\/ -->\n<title>Bar\u00f3n Johann Ludwig Guldenstubb\u00e9 - Uni\u00f3n Esp\u00edrita<\/title>\n<meta name=\"robots\" content=\"index, follow, max-snippet:-1, max-image-preview:large, max-video-preview:-1\" \/>\n<link rel=\"canonical\" href=\"https:\/\/nuevo-renacer.com\/tr\/baron-johann-ludwig-de-guldenstubbe\/\" \/>\n<meta property=\"og:locale\" content=\"tr_TR\" \/>\n<meta property=\"og:type\" content=\"article\" \/>\n<meta property=\"og:title\" content=\"Bar\u00f3n Johann Ludwig Guldenstubb\u00e9\" \/>\n<meta property=\"og:description\" content=\"Bar\u00f3n Johann Ludwig de Guldenstubb\u00e9 Este gran palad\u00edn del Espiritismo fue un importante trabajador de las primeras horas del Espiritismo, un gran investigador del alma y cuyas obras tambi\u00e9n fueron quemadas en Espa\u00f1a por la Santa Inquisici\u00f3n el 9 de octubre de 1861 en el conocido AUTO DE FE EN BARCELONA. El bar\u00f3n Johann Ludwig [&hellip;]\" \/>\n<meta property=\"og:url\" content=\"https:\/\/nuevo-renacer.com\/tr\/baron-johann-ludwig-de-guldenstubbe\/\" \/>\n<meta property=\"og:site_name\" content=\"Uni\u00f3n Esp\u00edrita\" \/>\n<meta property=\"article:publisher\" content=\"https:\/\/www.facebook.com\/groups\/3431398063740829\" \/>\n<meta property=\"article:modified_time\" content=\"2026-04-27T11:37:35+00:00\" \/>\n<meta property=\"og:image\" content=\"https:\/\/nuevo-renacer.com\/wp-content\/uploads\/2026\/04\/Baron-de-Guldenstubbe.jpg\" \/>\n\t<meta property=\"og:image:width\" content=\"517\" \/>\n\t<meta property=\"og:image:height\" content=\"700\" \/>\n\t<meta property=\"og:image:type\" content=\"image\/jpeg\" \/>\n<meta name=\"twitter:card\" content=\"summary_large_image\" \/>\n<meta name=\"twitter:label1\" content=\"Tahmini okuma s\u00fcresi\" \/>\n\t<meta name=\"twitter:data1\" content=\"5 dakika\" \/>\n<script type=\"application\/ld+json\" class=\"yoast-schema-graph\">{\"@context\":\"https:\/\/schema.org\",\"@graph\":[{\"@type\":\"WebPage\",\"@id\":\"https:\/\/nuevo-renacer.com\/baron-johann-ludwig-de-guldenstubbe\/\",\"url\":\"https:\/\/nuevo-renacer.com\/baron-johann-ludwig-de-guldenstubbe\/\",\"name\":\"Bar\u00f3n Johann Ludwig Guldenstubb\u00e9 - Uni\u00f3n Esp\u00edrita\",\"isPartOf\":{\"@id\":\"https:\/\/nuevo-renacer.com\/#website\"},\"primaryImageOfPage\":{\"@id\":\"https:\/\/nuevo-renacer.com\/baron-johann-ludwig-de-guldenstubbe\/#primaryimage\"},\"image\":{\"@id\":\"https:\/\/nuevo-renacer.com\/baron-johann-ludwig-de-guldenstubbe\/#primaryimage\"},\"thumbnailUrl\":\"https:\/\/nuevo-renacer.com\/wp-content\/uploads\/2026\/04\/Baron-de-Guldenstubbe.jpg\",\"datePublished\":\"2026-04-27T11:20:40+00:00\",\"dateModified\":\"2026-04-27T11:37:35+00:00\",\"breadcrumb\":{\"@id\":\"https:\/\/nuevo-renacer.com\/baron-johann-ludwig-de-guldenstubbe\/#breadcrumb\"},\"inLanguage\":\"tr\",\"potentialAction\":[{\"@type\":\"ReadAction\",\"target\":[\"https:\/\/nuevo-renacer.com\/baron-johann-ludwig-de-guldenstubbe\/\"]}]},{\"@type\":\"ImageObject\",\"inLanguage\":\"tr\",\"@id\":\"https:\/\/nuevo-renacer.com\/baron-johann-ludwig-de-guldenstubbe\/#primaryimage\",\"url\":\"https:\/\/nuevo-renacer.com\/wp-content\/uploads\/2026\/04\/Baron-de-Guldenstubbe.jpg\",\"contentUrl\":\"https:\/\/nuevo-renacer.com\/wp-content\/uploads\/2026\/04\/Baron-de-Guldenstubbe.jpg\"},{\"@type\":\"BreadcrumbList\",\"@id\":\"https:\/\/nuevo-renacer.com\/baron-johann-ludwig-de-guldenstubbe\/#breadcrumb\",\"itemListElement\":[{\"@type\":\"ListItem\",\"position\":1,\"name\":\"Startseite\",\"item\":\"https:\/\/nuevo-renacer.com\/\"},{\"@type\":\"ListItem\",\"position\":2,\"name\":\"Bar\u00f3n Johann Ludwig Guldenstubb\u00e9\"}]},{\"@type\":\"WebSite\",\"@id\":\"https:\/\/nuevo-renacer.com\/#website\",\"url\":\"https:\/\/nuevo-renacer.com\/\",\"name\":\"Uni\u00f3n Esp\u00edrita\",\"description\":\"Nuevo Renacer\",\"publisher\":{\"@id\":\"https:\/\/nuevo-renacer.com\/#organization\"},\"potentialAction\":[{\"@type\":\"SearchAction\",\"target\":{\"@type\":\"EntryPoint\",\"urlTemplate\":\"https:\/\/nuevo-renacer.com\/?s={search_term_string}\"},\"query-input\":{\"@type\":\"PropertyValueSpecification\",\"valueRequired\":true,\"valueName\":\"search_term_string\"}}],\"inLanguage\":\"tr\"},{\"@type\":\"Organization\",\"@id\":\"https:\/\/nuevo-renacer.com\/#organization\",\"name\":\"UFEC\",\"url\":\"https:\/\/nuevo-renacer.com\/\",\"logo\":{\"@type\":\"ImageObject\",\"inLanguage\":\"tr\",\"@id\":\"https:\/\/nuevo-renacer.com\/#\/schema\/logo\/image\/\",\"url\":\"https:\/\/nuevo-renacer.com\/wp-content\/uploads\/2024\/05\/cropped-LOGO-TERMINADO1-3-3.png\",\"contentUrl\":\"https:\/\/nuevo-renacer.com\/wp-content\/uploads\/2024\/05\/cropped-LOGO-TERMINADO1-3-3.png\",\"width\":512,\"height\":512,\"caption\":\"UFEC\"},\"image\":{\"@id\":\"https:\/\/nuevo-renacer.com\/#\/schema\/logo\/image\/\"},\"sameAs\":[\"https:\/\/www.facebook.com\/groups\/3431398063740829\"]}]}<\/script>\n<!-- \/ Yoast SEO Premium plugin. -->","yoast_head_json":{"title":"Bar\u00f3n Johann Ludwig Guldenstubb\u00e9 - Uni\u00f3n Esp\u00edrita","robots":{"index":"index","follow":"follow","max-snippet":"max-snippet:-1","max-image-preview":"max-image-preview:large","max-video-preview":"max-video-preview:-1"},"canonical":"https:\/\/nuevo-renacer.com\/tr\/baron-johann-ludwig-de-guldenstubbe\/","og_locale":"tr_TR","og_type":"article","og_title":"Bar\u00f3n Johann Ludwig Guldenstubb\u00e9","og_description":"Bar\u00f3n Johann Ludwig de Guldenstubb\u00e9 Este gran palad\u00edn del Espiritismo fue un importante trabajador de las primeras horas del Espiritismo, un gran investigador del alma y cuyas obras tambi\u00e9n fueron quemadas en Espa\u00f1a por la Santa Inquisici\u00f3n el 9 de octubre de 1861 en el conocido AUTO DE FE EN BARCELONA. El bar\u00f3n Johann Ludwig [&hellip;]","og_url":"https:\/\/nuevo-renacer.com\/tr\/baron-johann-ludwig-de-guldenstubbe\/","og_site_name":"Uni\u00f3n Esp\u00edrita","article_publisher":"https:\/\/www.facebook.com\/groups\/3431398063740829","article_modified_time":"2026-04-27T11:37:35+00:00","og_image":[{"width":517,"height":700,"url":"https:\/\/nuevo-renacer.com\/wp-content\/uploads\/2026\/04\/Baron-de-Guldenstubbe.jpg","type":"image\/jpeg"}],"twitter_card":"summary_large_image","twitter_misc":{"Tahmini okuma s\u00fcresi":"5 dakika"},"schema":{"@context":"https:\/\/schema.org","@graph":[{"@type":"WebPage","@id":"https:\/\/nuevo-renacer.com\/baron-johann-ludwig-de-guldenstubbe\/","url":"https:\/\/nuevo-renacer.com\/baron-johann-ludwig-de-guldenstubbe\/","name":"Bar\u00f3n Johann Ludwig Guldenstubb\u00e9 - Uni\u00f3n Esp\u00edrita","isPartOf":{"@id":"https:\/\/nuevo-renacer.com\/#website"},"primaryImageOfPage":{"@id":"https:\/\/nuevo-renacer.com\/baron-johann-ludwig-de-guldenstubbe\/#primaryimage"},"image":{"@id":"https:\/\/nuevo-renacer.com\/baron-johann-ludwig-de-guldenstubbe\/#primaryimage"},"thumbnailUrl":"https:\/\/nuevo-renacer.com\/wp-content\/uploads\/2026\/04\/Baron-de-Guldenstubbe.jpg","datePublished":"2026-04-27T11:20:40+00:00","dateModified":"2026-04-27T11:37:35+00:00","breadcrumb":{"@id":"https:\/\/nuevo-renacer.com\/baron-johann-ludwig-de-guldenstubbe\/#breadcrumb"},"inLanguage":"tr","potentialAction":[{"@type":"ReadAction","target":["https:\/\/nuevo-renacer.com\/baron-johann-ludwig-de-guldenstubbe\/"]}]},{"@type":"ImageObject","inLanguage":"tr","@id":"https:\/\/nuevo-renacer.com\/baron-johann-ludwig-de-guldenstubbe\/#primaryimage","url":"https:\/\/nuevo-renacer.com\/wp-content\/uploads\/2026\/04\/Baron-de-Guldenstubbe.jpg","contentUrl":"https:\/\/nuevo-renacer.com\/wp-content\/uploads\/2026\/04\/Baron-de-Guldenstubbe.jpg"},{"@type":"BreadcrumbList","@id":"https:\/\/nuevo-renacer.com\/baron-johann-ludwig-de-guldenstubbe\/#breadcrumb","itemListElement":[{"@type":"ListItem","position":1,"name":"Startseite","item":"https:\/\/nuevo-renacer.com\/"},{"@type":"ListItem","position":2,"name":"Bar\u00f3n Johann Ludwig Guldenstubb\u00e9"}]},{"@type":"WebSite","@id":"https:\/\/nuevo-renacer.com\/#website","url":"https:\/\/nuevo-renacer.com\/","name":"Uni\u00f3n Esp\u00edrita","description":"Nuevo Renacer","publisher":{"@id":"https:\/\/nuevo-renacer.com\/#organization"},"potentialAction":[{"@type":"SearchAction","target":{"@type":"EntryPoint","urlTemplate":"https:\/\/nuevo-renacer.com\/?s={search_term_string}"},"query-input":{"@type":"PropertyValueSpecification","valueRequired":true,"valueName":"search_term_string"}}],"inLanguage":"tr"},{"@type":"Organization","@id":"https:\/\/nuevo-renacer.com\/#organization","name":"UFEC","url":"https:\/\/nuevo-renacer.com\/","logo":{"@type":"ImageObject","inLanguage":"tr","@id":"https:\/\/nuevo-renacer.com\/#\/schema\/logo\/image\/","url":"https:\/\/nuevo-renacer.com\/wp-content\/uploads\/2024\/05\/cropped-LOGO-TERMINADO1-3-3.png","contentUrl":"https:\/\/nuevo-renacer.com\/wp-content\/uploads\/2024\/05\/cropped-LOGO-TERMINADO1-3-3.png","width":512,"height":512,"caption":"UFEC"},"image":{"@id":"https:\/\/nuevo-renacer.com\/#\/schema\/logo\/image\/"},"sameAs":["https:\/\/www.facebook.com\/groups\/3431398063740829"]}]}},"uagb_featured_image_src":{"full":false,"thumbnail":false,"medium":false,"medium_large":false,"large":false,"1536x1536":false,"2048x2048":false,"trp-custom-language-flag":false},"uagb_author_info":{"display_name":"adbv0","author_link":"https:\/\/nuevo-renacer.com\/tr\/author\/adbv0\/"},"uagb_comment_info":0,"uagb_excerpt":"Bar\u00f3n Johann Ludwig de Guldenstubb\u00e9 Este gran palad\u00edn del Espiritismo fue un importante trabajador de las primeras horas del Espiritismo, un gran investigador del alma y cuyas obras tambi\u00e9n fueron quemadas en Espa\u00f1a por la Santa Inquisici\u00f3n el 9 de octubre de 1861 en el conocido AUTO DE FE EN BARCELONA. El bar\u00f3n Johann Ludwig&hellip;","jetpack_sharing_enabled":true,"_links":{"self":[{"href":"https:\/\/nuevo-renacer.com\/tr\/wp-json\/wp\/v2\/pages\/8920","targetHints":{"allow":["GET"]}}],"collection":[{"href":"https:\/\/nuevo-renacer.com\/tr\/wp-json\/wp\/v2\/pages"}],"about":[{"href":"https:\/\/nuevo-renacer.com\/tr\/wp-json\/wp\/v2\/types\/page"}],"author":[{"embeddable":true,"href":"https:\/\/nuevo-renacer.com\/tr\/wp-json\/wp\/v2\/users\/1"}],"replies":[{"embeddable":true,"href":"https:\/\/nuevo-renacer.com\/tr\/wp-json\/wp\/v2\/comments?post=8920"}],"version-history":[{"count":4,"href":"https:\/\/nuevo-renacer.com\/tr\/wp-json\/wp\/v2\/pages\/8920\/revisions"}],"predecessor-version":[{"id":8928,"href":"https:\/\/nuevo-renacer.com\/tr\/wp-json\/wp\/v2\/pages\/8920\/revisions\/8928"}],"wp:attachment":[{"href":"https:\/\/nuevo-renacer.com\/tr\/wp-json\/wp\/v2\/media?parent=8920"}],"curies":[{"name":"wp","href":"https:\/\/api.w.org\/{rel}","templated":true}]}}