{"id":8913,"date":"2026-04-24T07:38:28","date_gmt":"2026-04-24T07:38:28","guid":{"rendered":"https:\/\/nuevo-renacer.com\/?page_id=8913"},"modified":"2026-04-24T07:38:31","modified_gmt":"2026-04-24T07:38:31","slug":"agostinho-pereira-de-souza","status":"publish","type":"page","link":"https:\/\/nuevo-renacer.com\/tr\/agostinho-pereira-de-souza\/","title":{"rendered":"Agostinho Pereira de Souza"},"content":{"rendered":"<div class=\"wp-block-uagb-container uagb-block-14155b8c alignfull uagb-is-root-container\"><div class=\"uagb-container-inner-blocks-wrap\">\n<p class=\"has-black-color has-text-color has-link-color has-medium-font-size wp-elements-7c4640dcdfc8c690aca4b2c74f758e87\"><strong>Agostinho Pereira de Souza<\/strong><\/p>\n<\/div><\/div>\n\n\n\n<div class=\"wp-block-uagb-container uagb-block-16b35f8b alignfull uagb-is-root-container\"><div class=\"uagb-container-inner-blocks-wrap\">\n<figure class=\"wp-block-image size-large is-resized\"><img fetchpriority=\"high\" decoding=\"async\" width=\"926\" height=\"1024\" src=\"https:\/\/nuevo-renacer.com\/wp-content\/uploads\/2026\/04\/Agostinho-Pereira-de-Souza-926x1024.png\" alt=\"\" class=\"wp-image-8914\" style=\"aspect-ratio:0.9042985497520785;width:250px;height:auto\" srcset=\"https:\/\/nuevo-renacer.com\/wp-content\/uploads\/2026\/04\/Agostinho-Pereira-de-Souza-926x1024.png 926w, https:\/\/nuevo-renacer.com\/wp-content\/uploads\/2026\/04\/Agostinho-Pereira-de-Souza-271x300.png 271w, https:\/\/nuevo-renacer.com\/wp-content\/uploads\/2026\/04\/Agostinho-Pereira-de-Souza-768x849.png 768w, https:\/\/nuevo-renacer.com\/wp-content\/uploads\/2026\/04\/Agostinho-Pereira-de-Souza-11x12.png 11w, https:\/\/nuevo-renacer.com\/wp-content\/uploads\/2026\/04\/Agostinho-Pereira-de-Souza.png 1193w\" sizes=\"(max-width: 926px) 100vw, 926px\" \/><\/figure>\n<\/div><\/div>\n\n\n\n<div class=\"wp-block-uagb-container uagb-block-cc6a2222 alignfull uagb-is-root-container\"><div class=\"uagb-container-inner-blocks-wrap\">\n<p class=\"has-black-color has-text-color has-link-color has-small-font-size wp-elements-16b242478867f87f78bf9925f3eb650a\">Portekiz\u2019in Porto \u015fehrinde 28 Kas\u0131m 1889\u2019da do\u011fmu\u015f ve 12 Ekim 1955\u2019te Rio de Janeiro\u2019da bedensel ya\u015famdan ayr\u0131lm\u0131\u015ft\u0131r. Maddi servetle desteklenmi\u015f, ya\u015famda iyi bir konuma sahip bir insand\u0131; bu durum, onun \u00e7al\u0131\u015fkan ruhuna verilmi\u015f hakl\u0131 bir \u00f6d\u00fcl olarak g\u00f6r\u00fcl\u00fcr. Ancak servetini her zaman do\u011fru kullanmay\u0131 bilmi\u015f, ona asla k\u00f6le olmam\u0131\u015f, onu do\u011frudan \u00e7al\u0131\u015fanlar\u0131n\u0131n yarar\u0131na ve hay\u0131r i\u015flerine y\u00f6nlendirmi\u015ftir. Ticari faaliyetleri alan\u0131nda hem m\u00fc\u015fterileri hem de \u00e7al\u0131\u015fanlar\u0131 taraf\u0131ndan olduk\u00e7a sayg\u0131 g\u00f6rm\u00fc\u015ft\u00fcr. \u00c7al\u0131\u015fanlar\u0131, \u015firkete ilgi duymu\u015f ve g\u00f6sterdikleri yetenek ve \u00e7abaya g\u00f6re k\u00e2rdan pay alm\u0131\u015flard\u0131r. Ebeveynleri Manoel Sebasti\u00e3o Pereira de Souza J\u00fanior ve Maria Lu\u00edza Ramos de Souza\u2019d\u0131r. 1901 y\u0131l\u0131nda, 12 ya\u015f\u0131ndayken Brezilya\u2019ya gelmi\u015f, Rio de Janeiro\u2019ya ayak basarak hayatta ba\u015far\u0131l\u0131 olmaya kararl\u0131 bir \u015fekilde yola \u00e7\u0131km\u0131\u015f ve bunu b\u00fcy\u00fck \u00f6l\u00e7\u00fcde d\u00fcr\u00fcstl\u00fc\u011f\u00fc sayesinde, hi\u00e7bir zaman y\u0131lmadan zorlu m\u00fccadeleler vererek ba\u015farm\u0131\u015ft\u0131r.<\/p>\n\n\n\n<p class=\"has-black-color has-text-color has-link-color has-small-font-size wp-elements-327cbcfd806693b296f4af57a43dd886\">\u0130lk i\u015fi Rua do Ouvidor\u2019daki \u201cO Fonseca\u201d terzihanesinde olmu\u015ftur. Daha sonra \u201cAm\u00e9rica-Jap\u00e3o\u201d, \u201cBarbosa Freitas\u201d, \u201cCamisaria Universo\u201d, \u201cF\u00e1brica Confian\u00e7a\u201d, \u201cO Cysne\u201d gibi \u00e7e\u015fitli firmalarda \u00e7al\u0131\u015fm\u0131\u015f ve en sonunda \u201cCamisaria Brand\u00e3o\u201ddan ayr\u0131larak 1 May\u0131s 1919\u2019da kendi \u015firketi \u201cO Camiseiro\u201dyu kurmu\u015ftur. B\u00fcy\u00fck bir ilerleme kaydederek Rio de Janeiro\u2019da g\u00f6mlek \u00fcretim pazar\u0131n\u0131n en b\u00fcy\u00fck firmalar\u0131ndan biri h\u00e2line gelmi\u015ftir. Deolinda Veloso de Souza Agostinho ile evlenmi\u015f ve bu evlilikten alt\u0131 \u00e7ocuklar\u0131 olmu\u015ftur. Deolinda, dikkat \u00e7ekici erdemlere sahip bir medyumdu ve Ruh\u00e7u \u00d6\u011freti\u2019nin yarar\u0131na b\u00fcy\u00fck bir \u00f6zveriyle \u00e7al\u0131\u015f\u0131yordu. K\u0131sa ve sinsi bir hastal\u0131k d\u00f6neminden sonra 12 Ekim 1954\u2019te vefat ederek onu dul b\u0131rakm\u0131\u015ft\u0131r. Bu, Agostinho i\u00e7in b\u00fcy\u00fck bir darbe olmu\u015f, ancak o, Ruh\u00e7uluk \u00f6\u011fretisinden do\u011fan ve ruhun \u00f6l\u00fcms\u00fczl\u00fc\u011f\u00fcne dair bilgiye dayanan bir sab\u0131rla bunu kar\u015f\u0131lam\u0131\u015ft\u0131r. Sevdi\u011fi e\u015finin vefat\u0131n\u0131n birinci y\u0131l d\u00f6n\u00fcm\u00fcnde, 12 Ekim 1955\u2019te, k\u0131sa bir hastal\u0131ktan sonra b\u00fcy\u00fck bir huzur i\u00e7inde bedensel varl\u0131\u011f\u0131ndan ayr\u0131lm\u0131\u015f ve yery\u00fcz\u00fc yolculu\u011fundaki sevgili e\u015fine kavu\u015fmak \u00fczere yola \u00e7\u0131km\u0131\u015ft\u0131r; bu da onlar\u0131n ger\u00e7ekten ruhsal olarak karde\u015f ruhlar oldu\u011funun a\u00e7\u0131k bir kan\u0131t\u0131 olarak g\u00f6r\u00fclm\u00fc\u015ft\u00fcr.<\/p>\n\n\n\n<p class=\"has-black-color has-text-color has-link-color has-small-font-size wp-elements-607cd9a63d31c6d66f50b641e6bb5147\">Agostinho\u2019nun Rio de Janeiro\u2019daki ruh\u00e7u \u00e7evreden ayr\u0131l\u0131\u015f\u0131, \u00e7al\u0131\u015fma arkada\u015flar\u0131 aras\u0131nda b\u00fcy\u00fck bir \u00f6zlem ve derin bir \u00fcz\u00fcnt\u00fc yaratm\u0131\u015ft\u0131r. Davaya olan b\u00fcy\u00fck sevgisi nedeniyle yeri doldurulamaz bir kay\u0131p olarak g\u00f6r\u00fclm\u00fc\u015ft\u00fcr. \u0130nsanc\u0131l bir ruh olarak, iyili\u011fe adanm\u0131\u015ft\u0131; terk edilmi\u015f \u00e7ocuklar ve ya\u015fl\u0131lar i\u00e7in yap\u0131lan neredeyse t\u00fcm yard\u0131m \u00e7al\u0131\u015fmalar\u0131na katk\u0131da bulunur, imk\u00e2nlar\u0131 \u00f6l\u00e7\u00fcs\u00fcnde ihtiya\u00e7 sahiplerine ayr\u0131m yapmadan yard\u0131m eder ve her birinin ger\u00e7ek ihtiyac\u0131n\u0131 dikkate alarak destek sa\u011flard\u0131. Agostinho Pereira de Souza, \u0130sa\u2019ya sars\u0131lmaz bir inanca sahipti. Hayat\u0131nda ciddi zorluklar ya\u015fam\u0131\u015f, ancak en a\u011f\u0131r sorunlar kar\u015f\u0131s\u0131nda bile asla y\u0131lmam\u0131\u015ft\u0131r; inanc\u0131 t\u00fcm s\u0131k\u0131nt\u0131lar\u0131n \u00fcstesinden gelmi\u015ftir. Tanr\u0131\u2019n\u0131n, her \u015feyin y\u00fcce Babas\u0131 ve Yarat\u0131c\u0131s\u0131 olarak, O\u2019na uyum i\u00e7inde olanlara her zaman eksikliklerini tamamlayaca\u011f\u0131n\u0131, bunun da \u0130sa\u2019n\u0131n \u00f6\u011fretti\u011fi iman yoluyla m\u00fcmk\u00fcn oldu\u011funu bilirdi. Ruhun \u00f6l\u00fcms\u00fczl\u00fc\u011f\u00fcne olan inanc\u0131, Allan Kardec\u2019e \u201cGer\u00e7e\u011fin Ruhu\u201d taraf\u0131ndan verilen Kodifikasyon\u2019a dayanan Ruh\u00e7u \u00d6\u011fretiye dayan\u0131yordu. Agostinho bu ilkelerden asla ayr\u0131lmam\u0131\u015ft\u0131r.<\/p>\n\n\n\n<p class=\"has-black-color has-text-color has-link-color has-small-font-size wp-elements-0e3abd35f078ff8f3a949156be1868ac\">Brezilya Ruh\u00e7u Federasyonu Y\u00fcksek Konseyi \u00fcyesi, Tijuca\u2019daki \u201cAnthony L\u00e9on\u201d Ruh\u00e7u Grubu\u2019nun y\u00f6netim kurulu \u00fcyesi ve kurucusu Manoel Jorge Gaio ile birlikte Marieta Gaio Vakf\u0131\u2019n\u0131n da bir par\u00e7as\u0131yd\u0131. Leopoldo Machado\u2019nun \u00f6nerisi \u00fczerine, ticari i\u015fletmesindeki b\u00fcy\u00fck bir ba\u015far\u0131n\u0131n ard\u0131ndan \u201cObreiros do Bem\u201d Ruh\u00e7u Derne\u011fi\u2019nin y\u00f6netimine ba\u015fvurdu. Bu dernek, o d\u00f6nemde ruhsal hastalar i\u00e7in bir hastane in\u015fa etmeyi planl\u0131yordu. Bu projeye ilgi g\u00f6sterdi, Rio Comprido\u2019daki Santa Alexandrina Caddesi\u2019nde bulunan arsay\u0131 ba\u011f\u0131\u015flad\u0131 ve ba\u015fkanl\u0131\u011f\u0131 alt\u0131nda, b\u00fcy\u00fck bir azim ve \u00e7aba ile \u201cPedro de Alc\u00e2ntara\u201d Ruh\u00e7u Hastanesi\u2019nin in\u015fas\u0131n\u0131 ba\u015flatt\u0131. Hizmet etme iste\u011fiyle, hastane yan\u0131nda \u201cSanto Agostinho\u201d Sa\u011fl\u0131k ve Do\u011fum Evi\u2019ni de kurdu. Ne yaz\u0131k ki bug\u00fcn bu b\u00fcy\u00fck hastane art\u0131k cephesinde \u201cRuh\u00e7u\u201d ad\u0131n\u0131 ta\u015f\u0131mamakta ve y\u00f6netimi ruh\u00e7u de\u011fildir; ancak \u201cObreiros do Bem\u201d Derne\u011fi\u2019nin m\u00fclkiyetinde kalmaya devam etmektedir. Kurum y\u00f6neticileri, kurucunun idealine uygun olarak ruh\u00e7u tedavi y\u00f6ntemlerini hastalara uygulayamamaktad\u0131r.<\/p>\n\n\n\n<p class=\"has-black-color has-text-color has-link-color has-small-font-size wp-elements-5ae1b035d99fff154606d9f42cac4b73\">Agostinho Pereira de Souza\u2019n\u0131n \u00e7al\u0131\u015fmalar\u0131ndan bahsetmek bitmez, \u00e7\u00fcnk\u00fc Rio de Janeiro\u2019daki hi\u00e7bir ruh\u00e7u giri\u015fimde onun ad\u0131 \u00f6n saflarda yer almam\u0131\u015ft\u0131r. Leopoldo Machado ile birlikte eski R\u00e1dio Transmissora\u2019da \u201cHora Esp\u00edrita\u201d adl\u0131 radyo program\u0131n\u0131 kurmu\u015ftur. Brezilya\u2019daki Birinci Ruh\u00e7u Gen\u00e7lik Kongresi\u2019nin ger\u00e7ekle\u015fmesinde ba\u015fl\u0131ca isimlerden biri olmu\u015f, Leopoldo Machado, Lins de Vasconcellos, Carlos Imbassahy ve di\u011fer bir\u00e7ok ki\u015fiyle birlikte \u00e7al\u0131\u015fm\u0131\u015ft\u0131r. Ak\u0131c\u0131 bir hatip olan Agostinho, \u00e7e\u015fitli Ruh\u00e7u Haftalara kat\u0131lm\u0131\u015f ve eski Federal B\u00f6lge genelinde s\u00fcrekli \u201cGidin ve vaaz edin\u201d faaliyetlerinde bulunmu\u015ftur. Doktrin bilgilerine dayanarak birka\u00e7 bro\u015f\u00fcr yazm\u0131\u015f ve Leopoldo Machado\u2019nun kitaplar\u0131n\u0131n yay\u0131mlanmas\u0131na b\u00fcy\u00fck katk\u0131da bulunmu\u015ftur. Yumu\u015fak huylu, sakin, \u00f6l\u00e7\u00fcl\u00fc ve Hristiyan karakterli bir insan olarak t\u00fcm \u00e7al\u0131\u015fmalar\u0131nda al\u00e7akg\u00f6n\u00fcll\u00fcl\u00fc\u011f\u00fcyle tan\u0131nm\u0131\u015ft\u0131r. Eylemleri, tutumu, Ruh\u00e7u Davaya ba\u011fl\u0131l\u0131\u011f\u0131 ve \u0130sa\u2019ya olan sevgisi, onu yaln\u0131zca s\u00f6zle de\u011fil, her \u015feyden \u00f6nce \u00f6rnek olarak \u0130ncil\u2019i vaaz eden y\u00fcce bir \u015fahsiyet h\u00e2line getirmi\u015ftir.<\/p>\n<\/div><\/div>\n\n\n\n<div class=\"wp-block-uagb-container uagb-block-064f8fde alignfull uagb-is-root-container\"><div class=\"uagb-container-inner-blocks-wrap\"><\/div><\/div>\n\n\n\n<div class=\"wp-block-uagb-container uagb-block-f7fb5235 alignfull uagb-is-root-container\"><div class=\"uagb-container-inner-blocks-wrap\"><\/div><\/div>","protected":false},"excerpt":{"rendered":"<p>Agostinho Pereira de Souza Nacido en la ciudad de Oporto, Portugal, el 28 de noviembre de 1889, y fallecido en R\u00edo de Janeiro el 12 de octubre de 1955. Fue un hombre favorecido por la fortuna material, bien posicionado en la vida como justo premio a su esp\u00edritu de trabajo; sin embargo, supo emplear bien [&hellip;]<\/p>","protected":false},"author":1,"featured_media":0,"parent":0,"menu_order":0,"comment_status":"closed","ping_status":"closed","template":"","meta":{"_uag_custom_page_level_css":"","site-sidebar-layout":"default","site-content-layout":"","ast-site-content-layout":"default","site-content-style":"default","site-sidebar-style":"default","ast-global-header-display":"","ast-banner-title-visibility":"","ast-main-header-display":"","ast-hfb-above-header-display":"","ast-hfb-below-header-display":"","ast-hfb-mobile-header-display":"","site-post-title":"disabled","ast-breadcrumbs-content":"","ast-featured-img":"","footer-sml-layout":"","theme-transparent-header-meta":"","adv-header-id-meta":"","stick-header-meta":"","header-above-stick-meta":"","header-main-stick-meta":"","header-below-stick-meta":"","astra-migrate-meta-layouts":"set","ast-page-background-enabled":"default","ast-page-background-meta":{"desktop":{"background-color":"var(--ast-global-color-4)","background-image":"","background-repeat":"repeat","background-position":"center center","background-size":"auto","background-attachment":"scroll","background-type":"","background-media":"","overlay-type":"","overlay-color":"","overlay-opacity":"","overlay-gradient":""},"tablet":{"background-color":"","background-image":"","background-repeat":"repeat","background-position":"center center","background-size":"auto","background-attachment":"scroll","background-type":"","background-media":"","overlay-type":"","overlay-color":"","overlay-opacity":"","overlay-gradient":""},"mobile":{"background-color":"","background-image":"","background-repeat":"repeat","background-position":"center center","background-size":"auto","background-attachment":"scroll","background-type":"","background-media":"","overlay-type":"","overlay-color":"","overlay-opacity":"","overlay-gradient":""}},"ast-content-background-meta":{"desktop":{"background-color":"var(--ast-global-color-5)","background-image":"","background-repeat":"repeat","background-position":"center center","background-size":"auto","background-attachment":"scroll","background-type":"","background-media":"","overlay-type":"","overlay-color":"","overlay-opacity":"","overlay-gradient":""},"tablet":{"background-color":"var(--ast-global-color-5)","background-image":"","background-repeat":"repeat","background-position":"center center","background-size":"auto","background-attachment":"scroll","background-type":"","background-media":"","overlay-type":"","overlay-color":"","overlay-opacity":"","overlay-gradient":""},"mobile":{"background-color":"var(--ast-global-color-5)","background-image":"","background-repeat":"repeat","background-position":"center center","background-size":"auto","background-attachment":"scroll","background-type":"","background-media":"","overlay-type":"","overlay-color":"","overlay-opacity":"","overlay-gradient":""}},"footnotes":""},"class_list":["post-8913","page","type-page","status-publish","hentry"],"yoast_head":"<!-- This site is optimized with the Yoast SEO Premium plugin v24.2 (Yoast SEO v24.6) - https:\/\/yoast.com\/wordpress\/plugins\/seo\/ -->\n<title>Agostinho Pereira de Souza - Uni\u00f3n Esp\u00edrita<\/title>\n<meta name=\"robots\" content=\"index, follow, max-snippet:-1, max-image-preview:large, max-video-preview:-1\" \/>\n<link rel=\"canonical\" href=\"https:\/\/nuevo-renacer.com\/tr\/agostinho-pereira-de-souza\/\" \/>\n<meta property=\"og:locale\" content=\"tr_TR\" \/>\n<meta property=\"og:type\" content=\"article\" \/>\n<meta property=\"og:title\" content=\"Agostinho Pereira de Souza\" \/>\n<meta property=\"og:description\" content=\"Agostinho Pereira de Souza Nacido en la ciudad de Oporto, Portugal, el 28 de noviembre de 1889, y fallecido en R\u00edo de Janeiro el 12 de octubre de 1955. Fue un hombre favorecido por la fortuna material, bien posicionado en la vida como justo premio a su esp\u00edritu de trabajo; sin embargo, supo emplear bien [&hellip;]\" \/>\n<meta property=\"og:url\" content=\"https:\/\/nuevo-renacer.com\/tr\/agostinho-pereira-de-souza\/\" \/>\n<meta property=\"og:site_name\" content=\"Uni\u00f3n Esp\u00edrita\" \/>\n<meta property=\"article:publisher\" content=\"https:\/\/www.facebook.com\/groups\/3431398063740829\" \/>\n<meta property=\"article:modified_time\" content=\"2026-04-24T07:38:31+00:00\" \/>\n<meta property=\"og:image\" content=\"https:\/\/nuevo-renacer.com\/wp-content\/uploads\/2026\/04\/Agostinho-Pereira-de-Souza.png\" \/>\n\t<meta property=\"og:image:width\" content=\"1193\" \/>\n\t<meta property=\"og:image:height\" content=\"1319\" \/>\n\t<meta property=\"og:image:type\" content=\"image\/png\" \/>\n<meta name=\"twitter:card\" content=\"summary_large_image\" \/>\n<meta name=\"twitter:label1\" content=\"Tahmini okuma s\u00fcresi\" \/>\n\t<meta name=\"twitter:data1\" content=\"6 dakika\" \/>\n<script type=\"application\/ld+json\" class=\"yoast-schema-graph\">{\"@context\":\"https:\/\/schema.org\",\"@graph\":[{\"@type\":\"WebPage\",\"@id\":\"https:\/\/nuevo-renacer.com\/agostinho-pereira-de-souza\/\",\"url\":\"https:\/\/nuevo-renacer.com\/agostinho-pereira-de-souza\/\",\"name\":\"Agostinho Pereira de Souza - Uni\u00f3n Esp\u00edrita\",\"isPartOf\":{\"@id\":\"https:\/\/nuevo-renacer.com\/#website\"},\"primaryImageOfPage\":{\"@id\":\"https:\/\/nuevo-renacer.com\/agostinho-pereira-de-souza\/#primaryimage\"},\"image\":{\"@id\":\"https:\/\/nuevo-renacer.com\/agostinho-pereira-de-souza\/#primaryimage\"},\"thumbnailUrl\":\"https:\/\/nuevo-renacer.com\/wp-content\/uploads\/2026\/04\/Agostinho-Pereira-de-Souza-926x1024.png\",\"datePublished\":\"2026-04-24T07:38:28+00:00\",\"dateModified\":\"2026-04-24T07:38:31+00:00\",\"breadcrumb\":{\"@id\":\"https:\/\/nuevo-renacer.com\/agostinho-pereira-de-souza\/#breadcrumb\"},\"inLanguage\":\"tr\",\"potentialAction\":[{\"@type\":\"ReadAction\",\"target\":[\"https:\/\/nuevo-renacer.com\/agostinho-pereira-de-souza\/\"]}]},{\"@type\":\"ImageObject\",\"inLanguage\":\"tr\",\"@id\":\"https:\/\/nuevo-renacer.com\/agostinho-pereira-de-souza\/#primaryimage\",\"url\":\"https:\/\/nuevo-renacer.com\/wp-content\/uploads\/2026\/04\/Agostinho-Pereira-de-Souza-926x1024.png\",\"contentUrl\":\"https:\/\/nuevo-renacer.com\/wp-content\/uploads\/2026\/04\/Agostinho-Pereira-de-Souza-926x1024.png\"},{\"@type\":\"BreadcrumbList\",\"@id\":\"https:\/\/nuevo-renacer.com\/agostinho-pereira-de-souza\/#breadcrumb\",\"itemListElement\":[{\"@type\":\"ListItem\",\"position\":1,\"name\":\"Startseite\",\"item\":\"https:\/\/nuevo-renacer.com\/\"},{\"@type\":\"ListItem\",\"position\":2,\"name\":\"Agostinho Pereira de Souza\"}]},{\"@type\":\"WebSite\",\"@id\":\"https:\/\/nuevo-renacer.com\/#website\",\"url\":\"https:\/\/nuevo-renacer.com\/\",\"name\":\"Uni\u00f3n Esp\u00edrita\",\"description\":\"Nuevo Renacer\",\"publisher\":{\"@id\":\"https:\/\/nuevo-renacer.com\/#organization\"},\"potentialAction\":[{\"@type\":\"SearchAction\",\"target\":{\"@type\":\"EntryPoint\",\"urlTemplate\":\"https:\/\/nuevo-renacer.com\/?s={search_term_string}\"},\"query-input\":{\"@type\":\"PropertyValueSpecification\",\"valueRequired\":true,\"valueName\":\"search_term_string\"}}],\"inLanguage\":\"tr\"},{\"@type\":\"Organization\",\"@id\":\"https:\/\/nuevo-renacer.com\/#organization\",\"name\":\"UFEC\",\"url\":\"https:\/\/nuevo-renacer.com\/\",\"logo\":{\"@type\":\"ImageObject\",\"inLanguage\":\"tr\",\"@id\":\"https:\/\/nuevo-renacer.com\/#\/schema\/logo\/image\/\",\"url\":\"https:\/\/nuevo-renacer.com\/wp-content\/uploads\/2024\/05\/cropped-LOGO-TERMINADO1-3-3.png\",\"contentUrl\":\"https:\/\/nuevo-renacer.com\/wp-content\/uploads\/2024\/05\/cropped-LOGO-TERMINADO1-3-3.png\",\"width\":512,\"height\":512,\"caption\":\"UFEC\"},\"image\":{\"@id\":\"https:\/\/nuevo-renacer.com\/#\/schema\/logo\/image\/\"},\"sameAs\":[\"https:\/\/www.facebook.com\/groups\/3431398063740829\"]}]}<\/script>\n<!-- \/ Yoast SEO Premium plugin. -->","yoast_head_json":{"title":"Agostinho Pereira de Souza - Uni\u00f3n Esp\u00edrita","robots":{"index":"index","follow":"follow","max-snippet":"max-snippet:-1","max-image-preview":"max-image-preview:large","max-video-preview":"max-video-preview:-1"},"canonical":"https:\/\/nuevo-renacer.com\/tr\/agostinho-pereira-de-souza\/","og_locale":"tr_TR","og_type":"article","og_title":"Agostinho Pereira de Souza","og_description":"Agostinho Pereira de Souza Nacido en la ciudad de Oporto, Portugal, el 28 de noviembre de 1889, y fallecido en R\u00edo de Janeiro el 12 de octubre de 1955. Fue un hombre favorecido por la fortuna material, bien posicionado en la vida como justo premio a su esp\u00edritu de trabajo; sin embargo, supo emplear bien [&hellip;]","og_url":"https:\/\/nuevo-renacer.com\/tr\/agostinho-pereira-de-souza\/","og_site_name":"Uni\u00f3n Esp\u00edrita","article_publisher":"https:\/\/www.facebook.com\/groups\/3431398063740829","article_modified_time":"2026-04-24T07:38:31+00:00","og_image":[{"width":1193,"height":1319,"url":"https:\/\/nuevo-renacer.com\/wp-content\/uploads\/2026\/04\/Agostinho-Pereira-de-Souza.png","type":"image\/png"}],"twitter_card":"summary_large_image","twitter_misc":{"Tahmini okuma s\u00fcresi":"6 dakika"},"schema":{"@context":"https:\/\/schema.org","@graph":[{"@type":"WebPage","@id":"https:\/\/nuevo-renacer.com\/agostinho-pereira-de-souza\/","url":"https:\/\/nuevo-renacer.com\/agostinho-pereira-de-souza\/","name":"Agostinho Pereira de Souza - Uni\u00f3n Esp\u00edrita","isPartOf":{"@id":"https:\/\/nuevo-renacer.com\/#website"},"primaryImageOfPage":{"@id":"https:\/\/nuevo-renacer.com\/agostinho-pereira-de-souza\/#primaryimage"},"image":{"@id":"https:\/\/nuevo-renacer.com\/agostinho-pereira-de-souza\/#primaryimage"},"thumbnailUrl":"https:\/\/nuevo-renacer.com\/wp-content\/uploads\/2026\/04\/Agostinho-Pereira-de-Souza-926x1024.png","datePublished":"2026-04-24T07:38:28+00:00","dateModified":"2026-04-24T07:38:31+00:00","breadcrumb":{"@id":"https:\/\/nuevo-renacer.com\/agostinho-pereira-de-souza\/#breadcrumb"},"inLanguage":"tr","potentialAction":[{"@type":"ReadAction","target":["https:\/\/nuevo-renacer.com\/agostinho-pereira-de-souza\/"]}]},{"@type":"ImageObject","inLanguage":"tr","@id":"https:\/\/nuevo-renacer.com\/agostinho-pereira-de-souza\/#primaryimage","url":"https:\/\/nuevo-renacer.com\/wp-content\/uploads\/2026\/04\/Agostinho-Pereira-de-Souza-926x1024.png","contentUrl":"https:\/\/nuevo-renacer.com\/wp-content\/uploads\/2026\/04\/Agostinho-Pereira-de-Souza-926x1024.png"},{"@type":"BreadcrumbList","@id":"https:\/\/nuevo-renacer.com\/agostinho-pereira-de-souza\/#breadcrumb","itemListElement":[{"@type":"ListItem","position":1,"name":"Startseite","item":"https:\/\/nuevo-renacer.com\/"},{"@type":"ListItem","position":2,"name":"Agostinho Pereira de Souza"}]},{"@type":"WebSite","@id":"https:\/\/nuevo-renacer.com\/#website","url":"https:\/\/nuevo-renacer.com\/","name":"Uni\u00f3n Esp\u00edrita","description":"Nuevo Renacer","publisher":{"@id":"https:\/\/nuevo-renacer.com\/#organization"},"potentialAction":[{"@type":"SearchAction","target":{"@type":"EntryPoint","urlTemplate":"https:\/\/nuevo-renacer.com\/?s={search_term_string}"},"query-input":{"@type":"PropertyValueSpecification","valueRequired":true,"valueName":"search_term_string"}}],"inLanguage":"tr"},{"@type":"Organization","@id":"https:\/\/nuevo-renacer.com\/#organization","name":"UFEC","url":"https:\/\/nuevo-renacer.com\/","logo":{"@type":"ImageObject","inLanguage":"tr","@id":"https:\/\/nuevo-renacer.com\/#\/schema\/logo\/image\/","url":"https:\/\/nuevo-renacer.com\/wp-content\/uploads\/2024\/05\/cropped-LOGO-TERMINADO1-3-3.png","contentUrl":"https:\/\/nuevo-renacer.com\/wp-content\/uploads\/2024\/05\/cropped-LOGO-TERMINADO1-3-3.png","width":512,"height":512,"caption":"UFEC"},"image":{"@id":"https:\/\/nuevo-renacer.com\/#\/schema\/logo\/image\/"},"sameAs":["https:\/\/www.facebook.com\/groups\/3431398063740829"]}]}},"uagb_featured_image_src":{"full":false,"thumbnail":false,"medium":false,"medium_large":false,"large":false,"1536x1536":false,"2048x2048":false,"trp-custom-language-flag":false},"uagb_author_info":{"display_name":"adbv0","author_link":"https:\/\/nuevo-renacer.com\/tr\/author\/adbv0\/"},"uagb_comment_info":0,"uagb_excerpt":"Agostinho Pereira de Souza Nacido en la ciudad de Oporto, Portugal, el 28 de noviembre de 1889, y fallecido en R\u00edo de Janeiro el 12 de octubre de 1955. Fue un hombre favorecido por la fortuna material, bien posicionado en la vida como justo premio a su esp\u00edritu de trabajo; sin embargo, supo emplear bien&hellip;","jetpack_sharing_enabled":true,"_links":{"self":[{"href":"https:\/\/nuevo-renacer.com\/tr\/wp-json\/wp\/v2\/pages\/8913","targetHints":{"allow":["GET"]}}],"collection":[{"href":"https:\/\/nuevo-renacer.com\/tr\/wp-json\/wp\/v2\/pages"}],"about":[{"href":"https:\/\/nuevo-renacer.com\/tr\/wp-json\/wp\/v2\/types\/page"}],"author":[{"embeddable":true,"href":"https:\/\/nuevo-renacer.com\/tr\/wp-json\/wp\/v2\/users\/1"}],"replies":[{"embeddable":true,"href":"https:\/\/nuevo-renacer.com\/tr\/wp-json\/wp\/v2\/comments?post=8913"}],"version-history":[{"count":1,"href":"https:\/\/nuevo-renacer.com\/tr\/wp-json\/wp\/v2\/pages\/8913\/revisions"}],"predecessor-version":[{"id":8915,"href":"https:\/\/nuevo-renacer.com\/tr\/wp-json\/wp\/v2\/pages\/8913\/revisions\/8915"}],"wp:attachment":[{"href":"https:\/\/nuevo-renacer.com\/tr\/wp-json\/wp\/v2\/media?parent=8913"}],"curies":[{"name":"wp","href":"https:\/\/api.w.org\/{rel}","templated":true}]}}