{"id":8905,"date":"2026-04-21T16:04:05","date_gmt":"2026-04-21T16:04:05","guid":{"rendered":"https:\/\/nuevo-renacer.com\/?page_id=8905"},"modified":"2026-04-21T16:46:36","modified_gmt":"2026-04-21T16:46:36","slug":"martha-gallego-thomaz","status":"publish","type":"page","link":"https:\/\/nuevo-renacer.com\/tr\/martha-gallego-thomaz\/","title":{"rendered":"Martha Gallego Thomaz"},"content":{"rendered":"<div class=\"wp-block-uagb-container uagb-block-a966a9ae alignfull uagb-is-root-container\"><div class=\"uagb-container-inner-blocks-wrap\">\n<p class=\"has-black-color has-text-color has-link-color has-medium-font-size wp-elements-388e4bd2ecec5d42aac5ee31a838d055\"><strong>Martha Gallego<\/strong> <strong>Thomaz<\/strong><\/p>\n<\/div><\/div>\n\n\n\n<div class=\"wp-block-uagb-container uagb-block-395f662d alignfull uagb-is-root-container\"><div class=\"uagb-container-inner-blocks-wrap\">\n<figure class=\"wp-block-image size-large is-resized\"><img fetchpriority=\"high\" decoding=\"async\" width=\"683\" height=\"1024\" src=\"https:\/\/nuevo-renacer.com\/wp-content\/uploads\/2026\/04\/Martha-Gallego-683x1024.webp\" alt=\"\" class=\"wp-image-8906\" style=\"aspect-ratio:0.6669900245260802;width:218px;height:auto\" srcset=\"https:\/\/nuevo-renacer.com\/wp-content\/uploads\/2026\/04\/Martha-Gallego-683x1024.webp 683w, https:\/\/nuevo-renacer.com\/wp-content\/uploads\/2026\/04\/Martha-Gallego-200x300.webp 200w, https:\/\/nuevo-renacer.com\/wp-content\/uploads\/2026\/04\/Martha-Gallego-768x1152.webp 768w, https:\/\/nuevo-renacer.com\/wp-content\/uploads\/2026\/04\/Martha-Gallego-1024x1536.webp 1024w, https:\/\/nuevo-renacer.com\/wp-content\/uploads\/2026\/04\/Martha-Gallego-1365x2048.webp 1365w, https:\/\/nuevo-renacer.com\/wp-content\/uploads\/2026\/04\/Martha-Gallego-8x12.webp 8w, https:\/\/nuevo-renacer.com\/wp-content\/uploads\/2026\/04\/Martha-Gallego-scaled.webp 1707w\" sizes=\"(max-width: 683px) 100vw, 683px\" \/><\/figure>\n<\/div><\/div>\n\n\n\n<div class=\"wp-block-uagb-container uagb-block-f9f861f2 alignfull uagb-is-root-container\"><div class=\"uagb-container-inner-blocks-wrap\">\n<p class=\"has-black-color has-text-color has-link-color has-small-font-size wp-elements-72445c517a7aee765a30c4e6e90816e2\">Martha Gallego Thomaz\u2019\u0131n spiritizmdeki miras\u0131 tart\u0131\u015f\u0131lmazd\u0131r ve \u00e7al\u0131\u015fmalar\u0131 S\u00e3o Paulo Eyaleti Spiritist Federasyonu\u2019nun (FEESP) tarihiyle i\u00e7 i\u00e7e ge\u00e7mi\u015ftir. O d\u00f6nemde \u00f6\u011fretiye yeni ba\u015flayan ve medyumik yetenekleri konusunda g\u00fcvensizlik duyan insanlara yapt\u0131\u011f\u0131 iyilikler, bug\u00fcn h\u00e2l\u00e2 onun \u00f6zverisine ve \u00f6\u011fretme becerisine minnet duyan say\u0131s\u0131z ki\u015finin tan\u0131kl\u0131klar\u0131yla kan\u0131tlanmaktad\u0131r. Bir\u00e7ok ki\u015fi onun ne\u015fesini, m\u00fczikal y\u00f6n\u00fcn\u00fc, Noel Rosa\u2019n\u0131n ruhuyla (1910\u20131937) kurdu\u011fu ortakl\u0131\u011f\u0131 ve Edgard Armond (1894\u20131982) ile olan dostlu\u011funu ve \u00e7al\u0131\u015fmalar\u0131n\u0131 hat\u0131rlar. Bilgiye olan aray\u0131\u015f\u0131 ve \u00e7al\u0131\u015fma gruplar\u0131 olu\u015fturma ile \u00f6\u011fretiye yeni kat\u0131l\u0131mc\u0131lar kazand\u0131rma konusundaki yetene\u011fi, onu S\u00e3o Paulo\u2019daki spiritist alan\u0131n \u00f6nc\u00fclerinden biri yapm\u0131\u015ft\u0131r. Rio de Janeiro do\u011fumlu olan Martha, 24 Mart 1915\u2019te d\u00fcnyaya gelmi\u015f, ikisi dikte ettirilmi\u015f ve \u00fc\u00e7\u00fc psikografi yoluyla yaz\u0131lm\u0131\u015f be\u015f kitab\u0131n yazar\u0131d\u0131r; bunlar aras\u0131nda Evrensel Karde\u015flik Enstit\u00fcs\u00fc ve Uzay\u0131n Karde\u015flikleri (FEESP) de bulunmaktad\u0131r. Martha, \u00f6\u011fretinin temel ilkeleri bilinmedi\u011finde medyumik yeteneklerin yol a\u00e7abilece\u011fi ac\u0131y\u0131 iyi biliyordu. \u00dc\u00e7 ya\u015f\u0131ndan itibaren ruhlar\u0131 g\u00f6rmeye ba\u015flad\u0131; bu deneyim Katolik ailesi taraf\u0131ndan zor ve anla\u015f\u0131lmas\u0131 g\u00fc\u00e7 bulunuyordu. Babas\u0131n\u0131n mutsuz bir ruh taraf\u0131ndan i\u015fkenceye u\u011frad\u0131\u011f\u0131na tan\u0131k oluyor, ayn\u0131 ruh kendisini de tehdit ediyordu. Bu durum ancak on iki ya\u015f\u0131na geldi\u011finde de\u011fi\u015fti; Rio de Janeiro\u2019daki teyzesi onu yan\u0131na \u00e7a\u011f\u0131rarak, o s\u0131rada bir psikiyatri hastanesinde bulunan babas\u0131 i\u00e7in birlikte uzaktan bir tedavi yapmay\u0131 teklif etti. Teyzesinin evinde, ola\u011fan\u00fcst\u00fc yeteneklere sahip bir medyumla kar\u015f\u0131la\u015ft\u0131lar. Bu ki\u015fi Martha\u2019ya korkmamas\u0131n\u0131 s\u00f6yledi, \u00e7\u00fcnk\u00fc korku onu rahats\u0131z eden ruhu \u00e7ekiyordu. Ona, zihnini kararl\u0131l\u0131kla \u0130sa\u2019ya y\u00f6neltmesini tavsiye etti; b\u00f6ylece onu art\u0131k g\u00f6rmeyecekti. Martha bu \u015fekilde yo\u011funla\u015fmay\u0131 \u00f6\u011frendi, ancak g\u00fc\u00e7l\u00fc bir g\u00f6r\u00fc yetisi olmaya devam etti: hem iyi hem de k\u00f6t\u00fc \u015feyleri g\u00f6r\u00fcyordu.<\/p>\n\n\n\n<p class=\"has-black-color has-text-color has-link-color has-small-font-size wp-elements-5efc1b5accc1113a1e549d44ec7baa1b\">Bu durum, yakla\u015f\u0131k otuz ya\u015f\u0131na geldi\u011finde yeni bir s\u0131k\u0131nt\u0131 d\u00f6neminin ba\u015flamas\u0131na kadar s\u00fcrd\u00fc; ruhlar\u0131n sald\u0131r\u0131lar\u0131na maruz kald\u0131 ve bu durum fiziksel olarak hastalanmas\u0131na yol a\u00e7t\u0131. Arkada\u015flar\u0131n\u0131n tavsiyesiyle umbanda toplant\u0131lar\u0131na kat\u0131lmaya ba\u015flad\u0131 ve burada \u00fc\u00e7 y\u0131l kald\u0131; ard\u0131ndan, medyumik yeteneklerini e\u011fitebilece\u011fi bir spiritist merkeze gitmesi \u00f6nerildi. Bunun \u00fczerine S\u00e3o Paulo eyaletindeki Atibaia\u2019ya ta\u015f\u0131nd\u0131 ve Dona Eletra\u2019n\u0131n merkezine gitmeye ba\u015flad\u0131; burada Noel Rosa\u2019n\u0131n ruhuyla ilk temas\u0131n\u0131 ya\u015fad\u0131. Birlikte fiziksel fenomen seanslar\u0131 d\u00fczenliyorlard\u0131 ve ruhlar taraf\u0131ndan s\u00fcrekli olarak \u00f6\u011frenmenin gereklili\u011fi hat\u0131rlat\u0131l\u0131yordu. Bu durum Martha\u2019n\u0131n 1956 y\u0131l\u0131nda ba\u015fkentteki Spiritist Federasyonuna kat\u0131lmas\u0131na yol a\u00e7t\u0131; burada bilgisini derinle\u015ftirdi ve g\u00f6revine daha iyi haz\u0131rlanma f\u0131rsat\u0131 buldu. Orada Armond onu bir teste tabi tuttu; kapal\u0131 bir zarf\u0131n i\u00e7inde ne oldu\u011funu s\u00f6ylemesini istedi ve Martha do\u011fru cevap verdi. Medyumik yetene\u011finin kalitesi do\u011frulanmas\u0131na ra\u011fmen, Armond onun hen\u00fcz kurumun medyumlar kuruluna kat\u0131lmaya haz\u0131r olmad\u0131\u011f\u0131n\u0131 s\u00f6yledi. Martha, onlar\u0131n daha iyi olabilece\u011fini \u00e7\u00fcnk\u00fc e\u011fitim ald\u0131klar\u0131n\u0131, kendisinin ise hen\u00fcz almad\u0131\u011f\u0131n\u0131 belirterek \u00c7\u0131raklar ve Medyumlar Okulu\u2019na kat\u0131ld\u0131 ve \u00fc\u00e7 y\u0131l sonra medyumlar kuruluna girdi. FEESP\u2019te elli y\u0131l\u0131 a\u015fk\u0131n s\u00fcre hizmet verdi; ayr\u0131ca Evanjelik Spiritist \u0130ttifak\u0131\u2019na ve 1977\u2019de Vila Mariana\u2019da kurdu\u011fu Noel Grubu\u2019na da kendini adad\u0131. 1956\u2019dan 1967\u2019ye kadar Edgard Armond ile birlikte \u00e7al\u0131\u015ft\u0131; onun y\u00fcr\u00fctt\u00fc\u011f\u00fc \u00e7e\u015fitli ara\u015ft\u0131rmalar kapsam\u0131nda, g\u00f6r\u00fc yetisi arac\u0131l\u0131\u011f\u0131yla ortaya \u00e7\u0131kan ve bedenli varl\u0131klara yard\u0131m \u00e7al\u0131\u015fmalar\u0131yla ba\u011flant\u0131l\u0131 ruh gruplar\u0131n\u0131 tan\u0131mlamas\u0131na yard\u0131mc\u0131 oldu.<\/p>\n\n\n\n<p class=\"has-black-color has-text-color has-link-color has-small-font-size wp-elements-39cf5bb0135f96fc4f1eac83ae7c1eff\">FEESP konu\u015fmac\u0131lar\u0131ndan Eliana Franco, Martha taraf\u0131ndan \u00e7ocuklara y\u00f6nelik ruhsal yard\u0131m \u00e7al\u0131\u015fmalar\u0131na davet edildi\u011fini ve onun medyumlar\u0131 y\u00f6nlendirme bi\u00e7iminin \u00e7ok etkileyici oldu\u011funu anlat\u0131r; \u00f6zellikle medyumik yetenekler ve yap\u0131lan \u00e7al\u0131\u015fmalar nedeniyle kibir olu\u015fmas\u0131n\u0131 engellemesine dikkat \u00e7eker. \u201cO her zaman ileti\u015fim kuran ruhlar\u0131 tan\u0131mlard\u0131; yorum yapmad\u0131\u011f\u0131 durumlarda ise orada Meimei ya da An\u00e1lia Franco gibi bir ruhun bulundu\u011fu anla\u015f\u0131l\u0131rd\u0131. Ama\u00e7, kendimiz hakk\u0131nda olmas\u0131 gerekenden daha y\u00fcksek bir kanaat olu\u015fturmamam\u0131z\u0131 sa\u011flamakt\u0131,\u201d diye a\u00e7\u0131klar. Planeta dergisine verdi\u011fi bir r\u00f6portajda Martha, medyumik \u00e7al\u0131\u015fmalar sayesinde b\u00fcy\u00fck bir bilgi birikimi kazand\u0131\u011f\u0131n\u0131 s\u00f6ylemi\u015ftir: \u201cSadece ilkokul e\u011fitimi ald\u0131m. Bir keresinde, astrositleri zay\u0131flam\u0131\u015f bir adama yard\u0131m ettik \u2014 bu tomografide g\u00f6r\u00fcnmeyen bir \u015feydir. Doktor arkada\u015flar\u0131ma dan\u0131\u015ft\u0131m ve onlar bana a\u00e7\u0131klad\u0131. Astrositler n\u00f6ronlar\u0131 besler; zay\u0131flad\u0131klar\u0131nda beyin de zay\u0131flar. Bu bilgiyi bana kazand\u0131ran medyumik \u00e7al\u0131\u015fmalard\u0131.\u201d Martha, 3 Eyl\u00fcl 2014\u2019te S\u00e3o Paulo\u2019da 99 ya\u015f\u0131nda hayat\u0131n\u0131 kaybetti; geride, onunla birlikte \u00e7al\u0131\u015fan herkes \u00fczerinde derin izler b\u0131rakan bir ne\u015fe ve sorumluluk miras\u0131 b\u0131rakt\u0131. \u00d6zellikle uzun y\u0131llar boyunca kurdu\u011fu ve y\u00f6netti\u011fi titre\u015fim \u00e7al\u0131\u015fmalar\u0131, daha iyi bir d\u00fcnya i\u00e7in bar\u0131\u015f aray\u0131\u015f\u0131 ve ortak bir umut ta\u015f\u0131yan kalpleri bir araya getirmi\u015ftir.<\/p>\n<\/div><\/div>\n\n\n\n<div class=\"wp-block-uagb-container uagb-block-fb3d5469 alignfull uagb-is-root-container\"><div class=\"uagb-container-inner-blocks-wrap\"><\/div><\/div>\n\n\n\n<div class=\"wp-block-uagb-container uagb-block-acd75ed5 alignfull uagb-is-root-container\"><div class=\"uagb-container-inner-blocks-wrap\"><\/div><\/div>","protected":false},"excerpt":{"rendered":"<p>Martha Gallego Thomaz El legado de Martha Gallego Thomaz al espiritismo es incuestionable y su obra est\u00e1 entrelazada con la historia de la Federaci\u00f3n Esp\u00edrita del Estado de S\u00e3o Paulo (FEESP). El bien que hizo a quienes se iniciaban en la doctrina en aquella \u00e9poca y se sent\u00edan inseguros con su mediumnidad puede comprobarse a [&hellip;]<\/p>","protected":false},"author":1,"featured_media":0,"parent":0,"menu_order":0,"comment_status":"closed","ping_status":"closed","template":"","meta":{"_uag_custom_page_level_css":"","site-sidebar-layout":"default","site-content-layout":"","ast-site-content-layout":"default","site-content-style":"default","site-sidebar-style":"default","ast-global-header-display":"","ast-banner-title-visibility":"","ast-main-header-display":"","ast-hfb-above-header-display":"","ast-hfb-below-header-display":"","ast-hfb-mobile-header-display":"","site-post-title":"disabled","ast-breadcrumbs-content":"","ast-featured-img":"","footer-sml-layout":"","theme-transparent-header-meta":"","adv-header-id-meta":"","stick-header-meta":"","header-above-stick-meta":"","header-main-stick-meta":"","header-below-stick-meta":"","astra-migrate-meta-layouts":"set","ast-page-background-enabled":"default","ast-page-background-meta":{"desktop":{"background-color":"var(--ast-global-color-4)","background-image":"","background-repeat":"repeat","background-position":"center center","background-size":"auto","background-attachment":"scroll","background-type":"","background-media":"","overlay-type":"","overlay-color":"","overlay-opacity":"","overlay-gradient":""},"tablet":{"background-color":"","background-image":"","background-repeat":"repeat","background-position":"center center","background-size":"auto","background-attachment":"scroll","background-type":"","background-media":"","overlay-type":"","overlay-color":"","overlay-opacity":"","overlay-gradient":""},"mobile":{"background-color":"","background-image":"","background-repeat":"repeat","background-position":"center center","background-size":"auto","background-attachment":"scroll","background-type":"","background-media":"","overlay-type":"","overlay-color":"","overlay-opacity":"","overlay-gradient":""}},"ast-content-background-meta":{"desktop":{"background-color":"var(--ast-global-color-5)","background-image":"","background-repeat":"repeat","background-position":"center center","background-size":"auto","background-attachment":"scroll","background-type":"","background-media":"","overlay-type":"","overlay-color":"","overlay-opacity":"","overlay-gradient":""},"tablet":{"background-color":"var(--ast-global-color-5)","background-image":"","background-repeat":"repeat","background-position":"center center","background-size":"auto","background-attachment":"scroll","background-type":"","background-media":"","overlay-type":"","overlay-color":"","overlay-opacity":"","overlay-gradient":""},"mobile":{"background-color":"var(--ast-global-color-5)","background-image":"","background-repeat":"repeat","background-position":"center center","background-size":"auto","background-attachment":"scroll","background-type":"","background-media":"","overlay-type":"","overlay-color":"","overlay-opacity":"","overlay-gradient":""}},"footnotes":""},"class_list":["post-8905","page","type-page","status-publish","hentry"],"yoast_head":"<!-- This site is optimized with the Yoast SEO Premium plugin v24.2 (Yoast SEO v24.6) - https:\/\/yoast.com\/wordpress\/plugins\/seo\/ -->\n<title>Martha Gallego Thomaz - Uni\u00f3n Esp\u00edrita<\/title>\n<meta name=\"robots\" content=\"index, follow, max-snippet:-1, max-image-preview:large, max-video-preview:-1\" \/>\n<link rel=\"canonical\" href=\"https:\/\/nuevo-renacer.com\/tr\/martha-gallego-thomaz\/\" \/>\n<meta property=\"og:locale\" content=\"tr_TR\" \/>\n<meta property=\"og:type\" content=\"article\" \/>\n<meta property=\"og:title\" content=\"Martha Gallego Thomaz\" \/>\n<meta property=\"og:description\" content=\"Martha Gallego Thomaz El legado de Martha Gallego Thomaz al espiritismo es incuestionable y su obra est\u00e1 entrelazada con la historia de la Federaci\u00f3n Esp\u00edrita del Estado de S\u00e3o Paulo (FEESP). El bien que hizo a quienes se iniciaban en la doctrina en aquella \u00e9poca y se sent\u00edan inseguros con su mediumnidad puede comprobarse a [&hellip;]\" \/>\n<meta property=\"og:url\" content=\"https:\/\/nuevo-renacer.com\/tr\/martha-gallego-thomaz\/\" \/>\n<meta property=\"og:site_name\" content=\"Uni\u00f3n Esp\u00edrita\" \/>\n<meta property=\"article:publisher\" content=\"https:\/\/www.facebook.com\/groups\/3431398063740829\" \/>\n<meta property=\"article:modified_time\" content=\"2026-04-21T16:46:36+00:00\" \/>\n<meta property=\"og:image\" content=\"https:\/\/nuevo-renacer.com\/wp-content\/uploads\/2026\/04\/Martha-Gallego-scaled.webp\" \/>\n\t<meta property=\"og:image:width\" content=\"1707\" \/>\n\t<meta property=\"og:image:height\" content=\"2560\" \/>\n\t<meta property=\"og:image:type\" content=\"image\/webp\" \/>\n<meta name=\"twitter:card\" content=\"summary_large_image\" \/>\n<meta name=\"twitter:label1\" content=\"Tahmini okuma s\u00fcresi\" \/>\n\t<meta name=\"twitter:data1\" content=\"5 dakika\" \/>\n<script type=\"application\/ld+json\" class=\"yoast-schema-graph\">{\"@context\":\"https:\/\/schema.org\",\"@graph\":[{\"@type\":\"WebPage\",\"@id\":\"https:\/\/nuevo-renacer.com\/martha-gallego-thomaz\/\",\"url\":\"https:\/\/nuevo-renacer.com\/martha-gallego-thomaz\/\",\"name\":\"Martha Gallego Thomaz - Uni\u00f3n Esp\u00edrita\",\"isPartOf\":{\"@id\":\"https:\/\/nuevo-renacer.com\/#website\"},\"primaryImageOfPage\":{\"@id\":\"https:\/\/nuevo-renacer.com\/martha-gallego-thomaz\/#primaryimage\"},\"image\":{\"@id\":\"https:\/\/nuevo-renacer.com\/martha-gallego-thomaz\/#primaryimage\"},\"thumbnailUrl\":\"https:\/\/nuevo-renacer.com\/wp-content\/uploads\/2026\/04\/Martha-Gallego-683x1024.webp\",\"datePublished\":\"2026-04-21T16:04:05+00:00\",\"dateModified\":\"2026-04-21T16:46:36+00:00\",\"breadcrumb\":{\"@id\":\"https:\/\/nuevo-renacer.com\/martha-gallego-thomaz\/#breadcrumb\"},\"inLanguage\":\"tr\",\"potentialAction\":[{\"@type\":\"ReadAction\",\"target\":[\"https:\/\/nuevo-renacer.com\/martha-gallego-thomaz\/\"]}]},{\"@type\":\"ImageObject\",\"inLanguage\":\"tr\",\"@id\":\"https:\/\/nuevo-renacer.com\/martha-gallego-thomaz\/#primaryimage\",\"url\":\"https:\/\/nuevo-renacer.com\/wp-content\/uploads\/2026\/04\/Martha-Gallego-683x1024.webp\",\"contentUrl\":\"https:\/\/nuevo-renacer.com\/wp-content\/uploads\/2026\/04\/Martha-Gallego-683x1024.webp\"},{\"@type\":\"BreadcrumbList\",\"@id\":\"https:\/\/nuevo-renacer.com\/martha-gallego-thomaz\/#breadcrumb\",\"itemListElement\":[{\"@type\":\"ListItem\",\"position\":1,\"name\":\"Startseite\",\"item\":\"https:\/\/nuevo-renacer.com\/\"},{\"@type\":\"ListItem\",\"position\":2,\"name\":\"Martha Gallego Thomaz\"}]},{\"@type\":\"WebSite\",\"@id\":\"https:\/\/nuevo-renacer.com\/#website\",\"url\":\"https:\/\/nuevo-renacer.com\/\",\"name\":\"Uni\u00f3n Esp\u00edrita\",\"description\":\"Nuevo Renacer\",\"publisher\":{\"@id\":\"https:\/\/nuevo-renacer.com\/#organization\"},\"potentialAction\":[{\"@type\":\"SearchAction\",\"target\":{\"@type\":\"EntryPoint\",\"urlTemplate\":\"https:\/\/nuevo-renacer.com\/?s={search_term_string}\"},\"query-input\":{\"@type\":\"PropertyValueSpecification\",\"valueRequired\":true,\"valueName\":\"search_term_string\"}}],\"inLanguage\":\"tr\"},{\"@type\":\"Organization\",\"@id\":\"https:\/\/nuevo-renacer.com\/#organization\",\"name\":\"UFEC\",\"url\":\"https:\/\/nuevo-renacer.com\/\",\"logo\":{\"@type\":\"ImageObject\",\"inLanguage\":\"tr\",\"@id\":\"https:\/\/nuevo-renacer.com\/#\/schema\/logo\/image\/\",\"url\":\"https:\/\/nuevo-renacer.com\/wp-content\/uploads\/2024\/05\/cropped-LOGO-TERMINADO1-3-3.png\",\"contentUrl\":\"https:\/\/nuevo-renacer.com\/wp-content\/uploads\/2024\/05\/cropped-LOGO-TERMINADO1-3-3.png\",\"width\":512,\"height\":512,\"caption\":\"UFEC\"},\"image\":{\"@id\":\"https:\/\/nuevo-renacer.com\/#\/schema\/logo\/image\/\"},\"sameAs\":[\"https:\/\/www.facebook.com\/groups\/3431398063740829\"]}]}<\/script>\n<!-- \/ Yoast SEO Premium plugin. -->","yoast_head_json":{"title":"Martha Gallego Thomaz - Uni\u00f3n Esp\u00edrita","robots":{"index":"index","follow":"follow","max-snippet":"max-snippet:-1","max-image-preview":"max-image-preview:large","max-video-preview":"max-video-preview:-1"},"canonical":"https:\/\/nuevo-renacer.com\/tr\/martha-gallego-thomaz\/","og_locale":"tr_TR","og_type":"article","og_title":"Martha Gallego Thomaz","og_description":"Martha Gallego Thomaz El legado de Martha Gallego Thomaz al espiritismo es incuestionable y su obra est\u00e1 entrelazada con la historia de la Federaci\u00f3n Esp\u00edrita del Estado de S\u00e3o Paulo (FEESP). El bien que hizo a quienes se iniciaban en la doctrina en aquella \u00e9poca y se sent\u00edan inseguros con su mediumnidad puede comprobarse a [&hellip;]","og_url":"https:\/\/nuevo-renacer.com\/tr\/martha-gallego-thomaz\/","og_site_name":"Uni\u00f3n Esp\u00edrita","article_publisher":"https:\/\/www.facebook.com\/groups\/3431398063740829","article_modified_time":"2026-04-21T16:46:36+00:00","og_image":[{"width":1707,"height":2560,"url":"https:\/\/nuevo-renacer.com\/wp-content\/uploads\/2026\/04\/Martha-Gallego-scaled.webp","type":"image\/webp"}],"twitter_card":"summary_large_image","twitter_misc":{"Tahmini okuma s\u00fcresi":"5 dakika"},"schema":{"@context":"https:\/\/schema.org","@graph":[{"@type":"WebPage","@id":"https:\/\/nuevo-renacer.com\/martha-gallego-thomaz\/","url":"https:\/\/nuevo-renacer.com\/martha-gallego-thomaz\/","name":"Martha Gallego Thomaz - Uni\u00f3n Esp\u00edrita","isPartOf":{"@id":"https:\/\/nuevo-renacer.com\/#website"},"primaryImageOfPage":{"@id":"https:\/\/nuevo-renacer.com\/martha-gallego-thomaz\/#primaryimage"},"image":{"@id":"https:\/\/nuevo-renacer.com\/martha-gallego-thomaz\/#primaryimage"},"thumbnailUrl":"https:\/\/nuevo-renacer.com\/wp-content\/uploads\/2026\/04\/Martha-Gallego-683x1024.webp","datePublished":"2026-04-21T16:04:05+00:00","dateModified":"2026-04-21T16:46:36+00:00","breadcrumb":{"@id":"https:\/\/nuevo-renacer.com\/martha-gallego-thomaz\/#breadcrumb"},"inLanguage":"tr","potentialAction":[{"@type":"ReadAction","target":["https:\/\/nuevo-renacer.com\/martha-gallego-thomaz\/"]}]},{"@type":"ImageObject","inLanguage":"tr","@id":"https:\/\/nuevo-renacer.com\/martha-gallego-thomaz\/#primaryimage","url":"https:\/\/nuevo-renacer.com\/wp-content\/uploads\/2026\/04\/Martha-Gallego-683x1024.webp","contentUrl":"https:\/\/nuevo-renacer.com\/wp-content\/uploads\/2026\/04\/Martha-Gallego-683x1024.webp"},{"@type":"BreadcrumbList","@id":"https:\/\/nuevo-renacer.com\/martha-gallego-thomaz\/#breadcrumb","itemListElement":[{"@type":"ListItem","position":1,"name":"Startseite","item":"https:\/\/nuevo-renacer.com\/"},{"@type":"ListItem","position":2,"name":"Martha Gallego Thomaz"}]},{"@type":"WebSite","@id":"https:\/\/nuevo-renacer.com\/#website","url":"https:\/\/nuevo-renacer.com\/","name":"Uni\u00f3n Esp\u00edrita","description":"Nuevo Renacer","publisher":{"@id":"https:\/\/nuevo-renacer.com\/#organization"},"potentialAction":[{"@type":"SearchAction","target":{"@type":"EntryPoint","urlTemplate":"https:\/\/nuevo-renacer.com\/?s={search_term_string}"},"query-input":{"@type":"PropertyValueSpecification","valueRequired":true,"valueName":"search_term_string"}}],"inLanguage":"tr"},{"@type":"Organization","@id":"https:\/\/nuevo-renacer.com\/#organization","name":"UFEC","url":"https:\/\/nuevo-renacer.com\/","logo":{"@type":"ImageObject","inLanguage":"tr","@id":"https:\/\/nuevo-renacer.com\/#\/schema\/logo\/image\/","url":"https:\/\/nuevo-renacer.com\/wp-content\/uploads\/2024\/05\/cropped-LOGO-TERMINADO1-3-3.png","contentUrl":"https:\/\/nuevo-renacer.com\/wp-content\/uploads\/2024\/05\/cropped-LOGO-TERMINADO1-3-3.png","width":512,"height":512,"caption":"UFEC"},"image":{"@id":"https:\/\/nuevo-renacer.com\/#\/schema\/logo\/image\/"},"sameAs":["https:\/\/www.facebook.com\/groups\/3431398063740829"]}]}},"uagb_featured_image_src":{"full":false,"thumbnail":false,"medium":false,"medium_large":false,"large":false,"1536x1536":false,"2048x2048":false,"trp-custom-language-flag":false},"uagb_author_info":{"display_name":"adbv0","author_link":"https:\/\/nuevo-renacer.com\/tr\/author\/adbv0\/"},"uagb_comment_info":0,"uagb_excerpt":"Martha Gallego Thomaz El legado de Martha Gallego Thomaz al espiritismo es incuestionable y su obra est\u00e1 entrelazada con la historia de la Federaci\u00f3n Esp\u00edrita del Estado de S\u00e3o Paulo (FEESP). El bien que hizo a quienes se iniciaban en la doctrina en aquella \u00e9poca y se sent\u00edan inseguros con su mediumnidad puede comprobarse a&hellip;","jetpack_sharing_enabled":true,"_links":{"self":[{"href":"https:\/\/nuevo-renacer.com\/tr\/wp-json\/wp\/v2\/pages\/8905","targetHints":{"allow":["GET"]}}],"collection":[{"href":"https:\/\/nuevo-renacer.com\/tr\/wp-json\/wp\/v2\/pages"}],"about":[{"href":"https:\/\/nuevo-renacer.com\/tr\/wp-json\/wp\/v2\/types\/page"}],"author":[{"embeddable":true,"href":"https:\/\/nuevo-renacer.com\/tr\/wp-json\/wp\/v2\/users\/1"}],"replies":[{"embeddable":true,"href":"https:\/\/nuevo-renacer.com\/tr\/wp-json\/wp\/v2\/comments?post=8905"}],"version-history":[{"count":3,"href":"https:\/\/nuevo-renacer.com\/tr\/wp-json\/wp\/v2\/pages\/8905\/revisions"}],"predecessor-version":[{"id":8912,"href":"https:\/\/nuevo-renacer.com\/tr\/wp-json\/wp\/v2\/pages\/8905\/revisions\/8912"}],"wp:attachment":[{"href":"https:\/\/nuevo-renacer.com\/tr\/wp-json\/wp\/v2\/media?parent=8905"}],"curies":[{"name":"wp","href":"https:\/\/api.w.org\/{rel}","templated":true}]}}