{"id":8865,"date":"2026-04-20T17:29:09","date_gmt":"2026-04-20T17:29:09","guid":{"rendered":"https:\/\/nuevo-renacer.com\/?page_id=8865"},"modified":"2026-04-20T17:30:34","modified_gmt":"2026-04-20T17:30:34","slug":"olegario-ramos","status":"publish","type":"page","link":"https:\/\/nuevo-renacer.com\/tr\/olegario-ramos\/","title":{"rendered":"Oleg\u00e1rio Ramos"},"content":{"rendered":"<div class=\"wp-block-uagb-container uagb-block-ad47bb37 alignfull uagb-is-root-container\"><div class=\"uagb-container-inner-blocks-wrap\">\n<p class=\"has-black-color has-text-color has-link-color has-medium-font-size wp-elements-771d7e0ab75144f8fb59e058efa0cb10\"><strong>Oleg\u00e1rio Ramos<\/strong><\/p>\n<\/div><\/div>\n\n\n\n<div class=\"wp-block-uagb-container uagb-block-7f241ff2 alignfull uagb-is-root-container\"><div class=\"uagb-container-inner-blocks-wrap\">\n<figure class=\"wp-block-image size-large is-resized\"><img fetchpriority=\"high\" decoding=\"async\" width=\"979\" height=\"1024\" src=\"https:\/\/nuevo-renacer.com\/wp-content\/uploads\/2026\/04\/Olegario-Ramos-979x1024.jpg\" alt=\"\" class=\"wp-image-8866\" style=\"aspect-ratio:0.9560659602184075;width:259px;height:auto\" srcset=\"https:\/\/nuevo-renacer.com\/wp-content\/uploads\/2026\/04\/Olegario-Ramos-979x1024.jpg 979w, https:\/\/nuevo-renacer.com\/wp-content\/uploads\/2026\/04\/Olegario-Ramos-287x300.jpg 287w, https:\/\/nuevo-renacer.com\/wp-content\/uploads\/2026\/04\/Olegario-Ramos-768x803.jpg 768w, https:\/\/nuevo-renacer.com\/wp-content\/uploads\/2026\/04\/Olegario-Ramos-11x12.jpg 11w, https:\/\/nuevo-renacer.com\/wp-content\/uploads\/2026\/04\/Olegario-Ramos.jpg 1024w\" sizes=\"(max-width: 979px) 100vw, 979px\" \/><\/figure>\n<\/div><\/div>\n\n\n\n<div class=\"wp-block-uagb-container uagb-block-272367b5 alignfull uagb-is-root-container\"><div class=\"uagb-container-inner-blocks-wrap\">\n<p class=\"has-black-color has-text-color has-link-color has-small-font-size wp-elements-5ff03439ced98f65ea435415cd0a5bf6\">Oleg\u00e1rio Ramos, 1934 y\u0131l\u0131 civar\u0131nda ailesiyle birlikte S\u00e3o Paulo eyaletindeki Gar\u00e7a\u2019ya geldi. K\u00f6lelerin o\u011flu olan Oleg\u00e1rio, \u201c\u00d6zg\u00fcr Rahim Yasas\u0131\u201dndan yararlanm\u0131\u015f ve Rio Claro\u2019lu bir rahip taraf\u0131ndan yeti\u015ftirilmi\u015fti; onun yan\u0131nda spiritizmin ilk kavramlar\u0131n\u0131 \u00f6\u011frendi. Rahip, \u00e7ocukta spiritizmde \u201cmedyumluk\u201d dedi\u011fimiz bir \u00f6zellik fark etmi\u015fti. Ona Allan Kardec\u2019in eserlerinden birka\u00e7 n\u00fcsha sat\u0131n alarak bunun onun ger\u00e7ek yolu olaca\u011f\u0131n\u0131 s\u00f6yledi. Evlendikten sonra bile Oleg\u00e1rio, e\u015fi ve \u00e7ocuklar\u0131, b\u00fcy\u00fck bir minnettarl\u0131k g\u00f6stergesi olarak Frei Luiz\u2019i ziyaret etmeyi hi\u00e7 b\u0131rakmad\u0131lar. Gar\u00e7a\u2019ya geldiklerinde, kendilerini zaten spiritist olarak tan\u0131mlayan ki\u015filerle temas kuran Oleg\u00e1rio, evinde toplant\u0131lar d\u00fczenlemeye ba\u015flad\u0131. Bir s\u00fcre sonra \u00e7al\u0131\u015fmalar\u0131n ruhsal rehberi bir spiritist merkez in\u015fa edilmesini \u00f6nerdi. B\u00f6ylece 1943 y\u0131l\u0131nda kurulan \u201cBar\u0131\u015f, Sevgi ve Hay\u0131rseverlik Spiritist Merkezi\u201d fikri do\u011fdu. Dostlar\u0131n yard\u0131m\u0131 eksik olmad\u0131. En ba\u015f\u0131ndan itibaren Bay Paschoal Boaretto, merkezin in\u015fas\u0131 i\u00e7in Oleg\u00e1rio\u2019nun evinin yan\u0131ndaki arsay\u0131 ba\u011f\u0131\u015flad\u0131. Herkesin \u00e7abas\u0131yla k\u0131sa s\u00fcrede k\u00fc\u00e7\u00fck merkez tamamland\u0131; yeni ve kullan\u0131ma haz\u0131r h\u00e2le geldi. <\/p>\n\n\n\n<p class=\"has-black-color has-text-color has-link-color has-small-font-size wp-elements-0f1c0ea62dd21ffadb4ef1ae70e7c1f2\">Siyah, yoksul ve spiritist bir adam olarak Oleg\u00e1rio Gar\u00e7a\u2019ya geldi\u011fi andan itibaren, yerel kilise mensuplar\u0131n\u0131n \u00f6nc\u00fcl\u00fc\u011f\u00fcnde ve papaz\u0131n onay\u0131yla kendisine ve ailesine kar\u015f\u0131 a\u00e7\u0131k bir ayr\u0131mc\u0131l\u0131k dalgas\u0131 ba\u015flad\u0131. O d\u00f6nemde Katoliklik mutlak bir h\u00e2kimiyet i\u00e7indeydi. Bir g\u00fcn yeni in\u015fa edilen \u201cBar\u0131\u015f, Sevgi ve Hay\u0131rseverlik\u201d binas\u0131 tamamen tahrip edilmi\u015f olarak bulundu; duvarlara spiritizmi \u015feytanla ili\u015fkilendiren hakaret dolu yaz\u0131lar yaz\u0131lm\u0131\u015ft\u0131. Bu, \u00f6\u011freti i\u00e7in karanl\u0131k bir d\u00f6nemdi. Buna ra\u011fmen spiritistler yerel karakola giderek \u015fik\u00e2yette bulundular. Gar\u00e7a\u2019da g\u00f6revli bir ba\u015fkomiser yoktu, ancak spiritist olan ve bu g\u00f6revi y\u00fcr\u00fcten Bay Brasil Joly, sorumlular\u0131n tespit edilmesini emretti ve merkezin bulundu\u011fu h\u00e2le geri getirilmesi i\u00e7in onlara s\u00fcre verdi. Ve bu yerine getirildi. Ancak birka\u00e7 g\u00fcn sonra, spiritist grubu b\u00fcy\u00fcc\u00fcl\u00fck, \u015farlatanl\u0131k ve genel ahlaka ayk\u0131r\u0131 davran\u0131\u015flarla su\u00e7layan bir belge karakola ula\u015ft\u0131. Oleg\u00e1rio, Gar\u00e7a\u2019dan yakla\u015f\u0131k 50 kilometre uzakl\u0131ktaki Piraju\u00ed \u015fehrinde, ya\u011fmur mevsiminin ortas\u0131nda, toprak yollar \u00fczerinden polis yetkilisi huzuruna \u00e7\u0131kmas\u0131 i\u00e7in \u00e7a\u011fr\u0131ld\u0131. En k\u00f6t\u00fcs\u00fcn\u00fc bekleyerek at\u0131na binen Oleg\u00e1rio, yol boyunca \u015fiddetli ya\u011fmurla m\u00fccadele etmek zorunda kald\u0131 ve ayr\u0131ca olduk\u00e7a kabarm\u0131\u015f ve tehlikeli h\u00e2le gelmi\u015f Feio Nehri\u2019ni ge\u00e7mek zorunda kald\u0131. <\/p>\n\n\n\n<p class=\"has-black-color has-text-color has-link-color has-small-font-size wp-elements-9ac775b51a8a750756e921c8c3216b9c\">K\u00f6pr\u00fc yoktu. E\u015fi Dona Vit\u00f3ria, g\u00fcnlerce kocas\u0131ndan haber alamay\u0131nca evde b\u00fcy\u00fck bir endi\u015fe i\u00e7inde kald\u0131. Bu gecikme \u00fczerine k\u0131z\u0131 Mercedes ile birlikte k\u00fc\u00e7\u00fck bir e\u015fe\u011fe binerek Piraju\u00ed\u2019ye do\u011fru yola \u00e7\u0131kt\u0131lar. Mercedes, bu yolculu\u011fun ger\u00e7ek bir macera oldu\u011funu anlat\u0131r. Feio Nehri\u2019nin k\u0131y\u0131s\u0131na ula\u015ft\u0131klar\u0131nda, \u015fiddetli ya\u011fmur alt\u0131nda h\u0131zla akan suyun b\u00fcy\u00fckl\u00fc\u011f\u00fcnden korktular. Buna ra\u011fmen kararl\u0131 bir \u015fekilde suya girdiler ve ciddi \u00f6l\u00fcm riskiyle kar\u015f\u0131 kar\u015f\u0131ya kald\u0131lar. B\u00fcy\u00fck bir \u00e7aba (ve elbette dua) ile kar\u015f\u0131 k\u0131y\u0131ya ula\u015fmay\u0131 ba\u015fard\u0131lar. Piraju\u00ed\u2019ye vard\u0131klar\u0131nda do\u011frudan bir pansiyona gittiler; kocay\u0131, e\u011fer \u00e7oktan tutuklanmam\u0131\u015fsa, orada bulmay\u0131 umuyorlard\u0131. Ve Tanr\u0131\u2019ya \u015f\u00fck\u00fcr ki onu buldular. Oleg\u00e1rio, e\u015fi ve k\u0131z\u0131n\u0131 g\u00f6r\u00fcnce \u015fa\u015f\u0131rd\u0131; b\u00f6ylesine k\u00f6t\u00fc hava ko\u015fullar\u0131nda ve azg\u0131n nehir ak\u0131nt\u0131s\u0131na ra\u011fmen oraya nas\u0131l ula\u015ft\u0131klar\u0131n\u0131 anlayamad\u0131. Komisere gidip gitmedi\u011fi soruldu\u011funda Oleg\u00e1rio, ba\u015f\u0131na gelebileceklerden korktu\u011funu, ancak komiserin odas\u0131na girdi\u011finde onun sadece \u015funu s\u00f6yledi\u011fini anlatt\u0131: \u201cBay Oleg\u00e1rio, siz iyi bir insans\u0131n\u0131z. Sizin bir \u015fifac\u0131 oldu\u011funuzu s\u00f6yl\u00fcyorlar. Ama e\u011fer iyile\u015ftiriyorsan\u0131z, bu iyidir; \u00e7\u00fcnk\u00fc insanlar b\u00f6ylece \u00f6lmez.\u201d <\/p>\n\n\n\n<p class=\"has-black-color has-text-color has-link-color has-small-font-size wp-elements-36fe9fe31e61ef0fe1a2e0e1172f9184\">Polis yetkilisinin bu kar\u015f\u0131lamas\u0131 onu \u015fa\u015fk\u0131na \u00e7evirdi ve neler oldu\u011funu anlayamadan ruhsal koruma i\u00e7in \u015f\u00fckrederek havan\u0131n d\u00fczelmesini beklemek \u00fczere pansiyona geri d\u00f6nd\u00fc. Oleg\u00e1rio Ramos, 1972 y\u0131l\u0131nda Gar\u00e7a\u2019da 106 ya\u015f\u0131nda vefat etti; e\u015fi Vit\u00f3ria 103 ya\u015f\u0131na kadar ya\u015fad\u0131 ve bu anlat\u0131y\u0131 aktaran k\u0131zlar\u0131 Mercedes Ramos 92 ya\u015f\u0131nda hayat\u0131n\u0131 kaybetti. Oleg\u00e1rio ve Vit\u00f3ria\u2019n\u0131n ikisi k\u0131z, \u00fc\u00e7\u00fc erkek olmak \u00fczere be\u015f \u00e7ocu\u011fu vard\u0131; hepsi art\u0131k hayatta de\u011fildir.<\/p>\n\n\n\n<p class=\"has-black-color has-text-color has-link-color has-small-font-size wp-elements-5cd8d3abca518d19400185ad6fd0f87e\">Kaynak: Correio News<\/p>\n<\/div><\/div>\n\n\n\n<div class=\"wp-block-uagb-container uagb-block-e9fa68c6 alignfull uagb-is-root-container\"><div class=\"uagb-container-inner-blocks-wrap\"><\/div><\/div>\n\n\n\n<div class=\"wp-block-uagb-container uagb-block-62b49483 alignfull uagb-is-root-container\"><div class=\"uagb-container-inner-blocks-wrap\"><\/div><\/div>","protected":false},"excerpt":{"rendered":"<p>Oleg\u00e1rio Ramos Oleg\u00e1rio Ramos lleg\u00f3 a Gar\u00e7a, en el estado de S\u00e3o Paulo, junto con su familia alrededor de 1934. Hijo de esclavos, se hab\u00eda beneficiado de la Ley del Vientre Libre y fue criado por un sacerdote de Rio Claro, con quien aprendi\u00f3 las primeras nociones de espiritismo. El sacerdote hab\u00eda percibido algo en [&hellip;]<\/p>","protected":false},"author":1,"featured_media":0,"parent":0,"menu_order":0,"comment_status":"closed","ping_status":"closed","template":"","meta":{"_uag_custom_page_level_css":"","site-sidebar-layout":"default","site-content-layout":"","ast-site-content-layout":"default","site-content-style":"default","site-sidebar-style":"default","ast-global-header-display":"","ast-banner-title-visibility":"","ast-main-header-display":"","ast-hfb-above-header-display":"","ast-hfb-below-header-display":"","ast-hfb-mobile-header-display":"","site-post-title":"disabled","ast-breadcrumbs-content":"","ast-featured-img":"","footer-sml-layout":"","theme-transparent-header-meta":"","adv-header-id-meta":"","stick-header-meta":"","header-above-stick-meta":"","header-main-stick-meta":"","header-below-stick-meta":"","astra-migrate-meta-layouts":"set","ast-page-background-enabled":"default","ast-page-background-meta":{"desktop":{"background-color":"var(--ast-global-color-4)","background-image":"","background-repeat":"repeat","background-position":"center center","background-size":"auto","background-attachment":"scroll","background-type":"","background-media":"","overlay-type":"","overlay-color":"","overlay-opacity":"","overlay-gradient":""},"tablet":{"background-color":"","background-image":"","background-repeat":"repeat","background-position":"center center","background-size":"auto","background-attachment":"scroll","background-type":"","background-media":"","overlay-type":"","overlay-color":"","overlay-opacity":"","overlay-gradient":""},"mobile":{"background-color":"","background-image":"","background-repeat":"repeat","background-position":"center center","background-size":"auto","background-attachment":"scroll","background-type":"","background-media":"","overlay-type":"","overlay-color":"","overlay-opacity":"","overlay-gradient":""}},"ast-content-background-meta":{"desktop":{"background-color":"var(--ast-global-color-5)","background-image":"","background-repeat":"repeat","background-position":"center center","background-size":"auto","background-attachment":"scroll","background-type":"","background-media":"","overlay-type":"","overlay-color":"","overlay-opacity":"","overlay-gradient":""},"tablet":{"background-color":"var(--ast-global-color-5)","background-image":"","background-repeat":"repeat","background-position":"center center","background-size":"auto","background-attachment":"scroll","background-type":"","background-media":"","overlay-type":"","overlay-color":"","overlay-opacity":"","overlay-gradient":""},"mobile":{"background-color":"var(--ast-global-color-5)","background-image":"","background-repeat":"repeat","background-position":"center center","background-size":"auto","background-attachment":"scroll","background-type":"","background-media":"","overlay-type":"","overlay-color":"","overlay-opacity":"","overlay-gradient":""}},"footnotes":""},"class_list":["post-8865","page","type-page","status-publish","hentry"],"yoast_head":"<!-- This site is optimized with the Yoast SEO Premium plugin v24.2 (Yoast SEO v24.6) - https:\/\/yoast.com\/wordpress\/plugins\/seo\/ -->\n<title>Oleg\u00e1rio Ramos - Uni\u00f3n Esp\u00edrita<\/title>\n<meta name=\"robots\" content=\"index, follow, max-snippet:-1, max-image-preview:large, max-video-preview:-1\" \/>\n<link rel=\"canonical\" href=\"https:\/\/nuevo-renacer.com\/tr\/olegario-ramos\/\" \/>\n<meta property=\"og:locale\" content=\"tr_TR\" \/>\n<meta property=\"og:type\" content=\"article\" \/>\n<meta property=\"og:title\" content=\"Oleg\u00e1rio Ramos\" \/>\n<meta property=\"og:description\" content=\"Oleg\u00e1rio Ramos Oleg\u00e1rio Ramos lleg\u00f3 a Gar\u00e7a, en el estado de S\u00e3o Paulo, junto con su familia alrededor de 1934. Hijo de esclavos, se hab\u00eda beneficiado de la Ley del Vientre Libre y fue criado por un sacerdote de Rio Claro, con quien aprendi\u00f3 las primeras nociones de espiritismo. El sacerdote hab\u00eda percibido algo en [&hellip;]\" \/>\n<meta property=\"og:url\" content=\"https:\/\/nuevo-renacer.com\/tr\/olegario-ramos\/\" \/>\n<meta property=\"og:site_name\" content=\"Uni\u00f3n Esp\u00edrita\" \/>\n<meta property=\"article:publisher\" content=\"https:\/\/www.facebook.com\/groups\/3431398063740829\" \/>\n<meta property=\"article:modified_time\" content=\"2026-04-20T17:30:34+00:00\" \/>\n<meta property=\"og:image\" content=\"https:\/\/nuevo-renacer.com\/wp-content\/uploads\/2026\/04\/Olegario-Ramos.jpg\" \/>\n\t<meta property=\"og:image:width\" content=\"1024\" \/>\n\t<meta property=\"og:image:height\" content=\"1071\" \/>\n\t<meta property=\"og:image:type\" content=\"image\/jpeg\" \/>\n<meta name=\"twitter:card\" content=\"summary_large_image\" \/>\n<meta name=\"twitter:label1\" content=\"Tahmini okuma s\u00fcresi\" \/>\n\t<meta name=\"twitter:data1\" content=\"5 dakika\" \/>\n<script type=\"application\/ld+json\" class=\"yoast-schema-graph\">{\"@context\":\"https:\/\/schema.org\",\"@graph\":[{\"@type\":\"WebPage\",\"@id\":\"https:\/\/nuevo-renacer.com\/olegario-ramos\/\",\"url\":\"https:\/\/nuevo-renacer.com\/olegario-ramos\/\",\"name\":\"Oleg\u00e1rio Ramos - Uni\u00f3n Esp\u00edrita\",\"isPartOf\":{\"@id\":\"https:\/\/nuevo-renacer.com\/#website\"},\"primaryImageOfPage\":{\"@id\":\"https:\/\/nuevo-renacer.com\/olegario-ramos\/#primaryimage\"},\"image\":{\"@id\":\"https:\/\/nuevo-renacer.com\/olegario-ramos\/#primaryimage\"},\"thumbnailUrl\":\"https:\/\/nuevo-renacer.com\/wp-content\/uploads\/2026\/04\/Olegario-Ramos-979x1024.jpg\",\"datePublished\":\"2026-04-20T17:29:09+00:00\",\"dateModified\":\"2026-04-20T17:30:34+00:00\",\"breadcrumb\":{\"@id\":\"https:\/\/nuevo-renacer.com\/olegario-ramos\/#breadcrumb\"},\"inLanguage\":\"tr\",\"potentialAction\":[{\"@type\":\"ReadAction\",\"target\":[\"https:\/\/nuevo-renacer.com\/olegario-ramos\/\"]}]},{\"@type\":\"ImageObject\",\"inLanguage\":\"tr\",\"@id\":\"https:\/\/nuevo-renacer.com\/olegario-ramos\/#primaryimage\",\"url\":\"https:\/\/nuevo-renacer.com\/wp-content\/uploads\/2026\/04\/Olegario-Ramos-979x1024.jpg\",\"contentUrl\":\"https:\/\/nuevo-renacer.com\/wp-content\/uploads\/2026\/04\/Olegario-Ramos-979x1024.jpg\"},{\"@type\":\"BreadcrumbList\",\"@id\":\"https:\/\/nuevo-renacer.com\/olegario-ramos\/#breadcrumb\",\"itemListElement\":[{\"@type\":\"ListItem\",\"position\":1,\"name\":\"Startseite\",\"item\":\"https:\/\/nuevo-renacer.com\/\"},{\"@type\":\"ListItem\",\"position\":2,\"name\":\"Oleg\u00e1rio Ramos\"}]},{\"@type\":\"WebSite\",\"@id\":\"https:\/\/nuevo-renacer.com\/#website\",\"url\":\"https:\/\/nuevo-renacer.com\/\",\"name\":\"Uni\u00f3n Esp\u00edrita\",\"description\":\"Nuevo Renacer\",\"publisher\":{\"@id\":\"https:\/\/nuevo-renacer.com\/#organization\"},\"potentialAction\":[{\"@type\":\"SearchAction\",\"target\":{\"@type\":\"EntryPoint\",\"urlTemplate\":\"https:\/\/nuevo-renacer.com\/?s={search_term_string}\"},\"query-input\":{\"@type\":\"PropertyValueSpecification\",\"valueRequired\":true,\"valueName\":\"search_term_string\"}}],\"inLanguage\":\"tr\"},{\"@type\":\"Organization\",\"@id\":\"https:\/\/nuevo-renacer.com\/#organization\",\"name\":\"UFEC\",\"url\":\"https:\/\/nuevo-renacer.com\/\",\"logo\":{\"@type\":\"ImageObject\",\"inLanguage\":\"tr\",\"@id\":\"https:\/\/nuevo-renacer.com\/#\/schema\/logo\/image\/\",\"url\":\"https:\/\/nuevo-renacer.com\/wp-content\/uploads\/2024\/05\/cropped-LOGO-TERMINADO1-3-3.png\",\"contentUrl\":\"https:\/\/nuevo-renacer.com\/wp-content\/uploads\/2024\/05\/cropped-LOGO-TERMINADO1-3-3.png\",\"width\":512,\"height\":512,\"caption\":\"UFEC\"},\"image\":{\"@id\":\"https:\/\/nuevo-renacer.com\/#\/schema\/logo\/image\/\"},\"sameAs\":[\"https:\/\/www.facebook.com\/groups\/3431398063740829\"]}]}<\/script>\n<!-- \/ Yoast SEO Premium plugin. -->","yoast_head_json":{"title":"Oleg\u00e1rio Ramos - Uni\u00f3n Esp\u00edrita","robots":{"index":"index","follow":"follow","max-snippet":"max-snippet:-1","max-image-preview":"max-image-preview:large","max-video-preview":"max-video-preview:-1"},"canonical":"https:\/\/nuevo-renacer.com\/tr\/olegario-ramos\/","og_locale":"tr_TR","og_type":"article","og_title":"Oleg\u00e1rio Ramos","og_description":"Oleg\u00e1rio Ramos Oleg\u00e1rio Ramos lleg\u00f3 a Gar\u00e7a, en el estado de S\u00e3o Paulo, junto con su familia alrededor de 1934. Hijo de esclavos, se hab\u00eda beneficiado de la Ley del Vientre Libre y fue criado por un sacerdote de Rio Claro, con quien aprendi\u00f3 las primeras nociones de espiritismo. El sacerdote hab\u00eda percibido algo en [&hellip;]","og_url":"https:\/\/nuevo-renacer.com\/tr\/olegario-ramos\/","og_site_name":"Uni\u00f3n Esp\u00edrita","article_publisher":"https:\/\/www.facebook.com\/groups\/3431398063740829","article_modified_time":"2026-04-20T17:30:34+00:00","og_image":[{"width":1024,"height":1071,"url":"https:\/\/nuevo-renacer.com\/wp-content\/uploads\/2026\/04\/Olegario-Ramos.jpg","type":"image\/jpeg"}],"twitter_card":"summary_large_image","twitter_misc":{"Tahmini okuma s\u00fcresi":"5 dakika"},"schema":{"@context":"https:\/\/schema.org","@graph":[{"@type":"WebPage","@id":"https:\/\/nuevo-renacer.com\/olegario-ramos\/","url":"https:\/\/nuevo-renacer.com\/olegario-ramos\/","name":"Oleg\u00e1rio Ramos - Uni\u00f3n Esp\u00edrita","isPartOf":{"@id":"https:\/\/nuevo-renacer.com\/#website"},"primaryImageOfPage":{"@id":"https:\/\/nuevo-renacer.com\/olegario-ramos\/#primaryimage"},"image":{"@id":"https:\/\/nuevo-renacer.com\/olegario-ramos\/#primaryimage"},"thumbnailUrl":"https:\/\/nuevo-renacer.com\/wp-content\/uploads\/2026\/04\/Olegario-Ramos-979x1024.jpg","datePublished":"2026-04-20T17:29:09+00:00","dateModified":"2026-04-20T17:30:34+00:00","breadcrumb":{"@id":"https:\/\/nuevo-renacer.com\/olegario-ramos\/#breadcrumb"},"inLanguage":"tr","potentialAction":[{"@type":"ReadAction","target":["https:\/\/nuevo-renacer.com\/olegario-ramos\/"]}]},{"@type":"ImageObject","inLanguage":"tr","@id":"https:\/\/nuevo-renacer.com\/olegario-ramos\/#primaryimage","url":"https:\/\/nuevo-renacer.com\/wp-content\/uploads\/2026\/04\/Olegario-Ramos-979x1024.jpg","contentUrl":"https:\/\/nuevo-renacer.com\/wp-content\/uploads\/2026\/04\/Olegario-Ramos-979x1024.jpg"},{"@type":"BreadcrumbList","@id":"https:\/\/nuevo-renacer.com\/olegario-ramos\/#breadcrumb","itemListElement":[{"@type":"ListItem","position":1,"name":"Startseite","item":"https:\/\/nuevo-renacer.com\/"},{"@type":"ListItem","position":2,"name":"Oleg\u00e1rio Ramos"}]},{"@type":"WebSite","@id":"https:\/\/nuevo-renacer.com\/#website","url":"https:\/\/nuevo-renacer.com\/","name":"Uni\u00f3n Esp\u00edrita","description":"Nuevo Renacer","publisher":{"@id":"https:\/\/nuevo-renacer.com\/#organization"},"potentialAction":[{"@type":"SearchAction","target":{"@type":"EntryPoint","urlTemplate":"https:\/\/nuevo-renacer.com\/?s={search_term_string}"},"query-input":{"@type":"PropertyValueSpecification","valueRequired":true,"valueName":"search_term_string"}}],"inLanguage":"tr"},{"@type":"Organization","@id":"https:\/\/nuevo-renacer.com\/#organization","name":"UFEC","url":"https:\/\/nuevo-renacer.com\/","logo":{"@type":"ImageObject","inLanguage":"tr","@id":"https:\/\/nuevo-renacer.com\/#\/schema\/logo\/image\/","url":"https:\/\/nuevo-renacer.com\/wp-content\/uploads\/2024\/05\/cropped-LOGO-TERMINADO1-3-3.png","contentUrl":"https:\/\/nuevo-renacer.com\/wp-content\/uploads\/2024\/05\/cropped-LOGO-TERMINADO1-3-3.png","width":512,"height":512,"caption":"UFEC"},"image":{"@id":"https:\/\/nuevo-renacer.com\/#\/schema\/logo\/image\/"},"sameAs":["https:\/\/www.facebook.com\/groups\/3431398063740829"]}]}},"uagb_featured_image_src":{"full":false,"thumbnail":false,"medium":false,"medium_large":false,"large":false,"1536x1536":false,"2048x2048":false,"trp-custom-language-flag":false},"uagb_author_info":{"display_name":"adbv0","author_link":"https:\/\/nuevo-renacer.com\/tr\/author\/adbv0\/"},"uagb_comment_info":0,"uagb_excerpt":"Oleg\u00e1rio Ramos Oleg\u00e1rio Ramos lleg\u00f3 a Gar\u00e7a, en el estado de S\u00e3o Paulo, junto con su familia alrededor de 1934. Hijo de esclavos, se hab\u00eda beneficiado de la Ley del Vientre Libre y fue criado por un sacerdote de Rio Claro, con quien aprendi\u00f3 las primeras nociones de espiritismo. El sacerdote hab\u00eda percibido algo en&hellip;","jetpack_sharing_enabled":true,"_links":{"self":[{"href":"https:\/\/nuevo-renacer.com\/tr\/wp-json\/wp\/v2\/pages\/8865","targetHints":{"allow":["GET"]}}],"collection":[{"href":"https:\/\/nuevo-renacer.com\/tr\/wp-json\/wp\/v2\/pages"}],"about":[{"href":"https:\/\/nuevo-renacer.com\/tr\/wp-json\/wp\/v2\/types\/page"}],"author":[{"embeddable":true,"href":"https:\/\/nuevo-renacer.com\/tr\/wp-json\/wp\/v2\/users\/1"}],"replies":[{"embeddable":true,"href":"https:\/\/nuevo-renacer.com\/tr\/wp-json\/wp\/v2\/comments?post=8865"}],"version-history":[{"count":2,"href":"https:\/\/nuevo-renacer.com\/tr\/wp-json\/wp\/v2\/pages\/8865\/revisions"}],"predecessor-version":[{"id":8869,"href":"https:\/\/nuevo-renacer.com\/tr\/wp-json\/wp\/v2\/pages\/8865\/revisions\/8869"}],"wp:attachment":[{"href":"https:\/\/nuevo-renacer.com\/tr\/wp-json\/wp\/v2\/media?parent=8865"}],"curies":[{"name":"wp","href":"https:\/\/api.w.org\/{rel}","templated":true}]}}