{"id":8858,"date":"2026-04-17T11:17:46","date_gmt":"2026-04-17T11:17:46","guid":{"rendered":"https:\/\/nuevo-renacer.com\/?page_id=8858"},"modified":"2026-04-17T11:38:08","modified_gmt":"2026-04-17T11:38:08","slug":"inacio-ferreira-de-oliveira","status":"publish","type":"page","link":"https:\/\/nuevo-renacer.com\/tr\/inacio-ferreira-de-oliveira\/","title":{"rendered":"In\u00e1cio Ferreira de Oliveira"},"content":{"rendered":"<p class=\"has-black-color has-text-color has-link-color has-medium-font-size wp-elements-b1816ef08e1a557bade2a4fc1ccd039f\"><strong>In\u00e1cio Ferreira de Oliveira<\/strong><\/p>\n\n\n\n<div class=\"wp-block-uagb-container uagb-block-06f2dfd1 alignfull uagb-is-root-container\"><div class=\"uagb-container-inner-blocks-wrap\">\n<figure class=\"wp-block-image size-full is-resized\"><img fetchpriority=\"high\" decoding=\"async\" width=\"191\" height=\"264\" src=\"https:\/\/nuevo-renacer.com\/wp-content\/uploads\/2026\/04\/Inacio-Ferreira-de-Oliveira.jpg\" alt=\"\" class=\"wp-image-8859\" style=\"width:234px;height:auto\" srcset=\"https:\/\/nuevo-renacer.com\/wp-content\/uploads\/2026\/04\/Inacio-Ferreira-de-Oliveira.jpg 191w, https:\/\/nuevo-renacer.com\/wp-content\/uploads\/2026\/04\/Inacio-Ferreira-de-Oliveira-9x12.jpg 9w\" sizes=\"(max-width: 191px) 100vw, 191px\" \/><\/figure>\n<\/div><\/div>\n\n\n\n<div class=\"wp-block-uagb-container uagb-block-8ca75e29 alignfull uagb-is-root-container\"><div class=\"uagb-container-inner-blocks-wrap\">\n<p class=\"has-black-color has-text-color has-link-color has-small-font-size wp-elements-2831ec992247cd17d97201409530e9aa\">In\u00e1cio Ferreira de Oliveira, 15 Nisan 1904\u2019te Uberaba\u2019da, eski bir hayvan yeti\u015ftiricisi olan Jacinto Ferreira de Oliveira ile Maria Lucas de Oliveira\u2019n\u0131n o\u011flu olarak do\u011fdu. Aparecida Valicenti Ferreira ile evliydi. Rio de Janeiro\u2019daki Brezilya \u00dcniversitesi T\u0131p Fak\u00fcltesi\u2019nde (bug\u00fcnk\u00fc UFRJ) psikiyatri e\u011fitimi alarak t\u0131p doktoru oldu ve 1933 y\u0131l\u0131nda kurulan Uberaba Spiritist Sanatoryumu\u2019nun Klinik Direkt\u00f6r\u00fc g\u00f6revini \u00f6zveri ve ba\u011fl\u0131l\u0131kla y\u00fcr\u00fctt\u00fc.<\/p>\n\n\n\n<p class=\"has-black-color has-text-color has-link-color has-small-font-size wp-elements-c4fd26c5b659b07b87652ea47990c8ba\">Bu g\u00f6revi b\u00fcy\u00fck bir fedak\u00e2rl\u0131kla kabul etti, ancak kendisinin spiritist de\u011fil materyalist oldu\u011funu ifade ediyordu. Sanatoryumdaki ilk \u00e7al\u0131\u015fma y\u0131l\u0131nda, ruhsal bozukluklar\u0131n te\u015fhis ve tedavisi i\u00e7in yaln\u0131zca klasik t\u0131bb\u0131n sundu\u011fu y\u00f6ntemlere ba\u015fvurdu. Sadece sanatoryumun ba\u015f m\u00e9dyumu ve kurucular\u0131ndan biri olan, sevgiyle Dona Modesta diye an\u0131lan Maria Modesta Cravo taraf\u0131ndan ger\u00e7ekle\u015ftirilen \u201cobsesyon \u00e7\u00f6zme (desobsesyon)\u201d ad\u0131 verilen medyumik \u00e7al\u0131\u015fmalar\u0131 g\u00f6zlemlemek ve incelemekle yetindi.<\/p>\n\n\n\n<p class=\"has-black-color has-text-color has-link-color has-small-font-size wp-elements-3349d616d5b4fe2d1ea4c727fc8f4190\">Hastanede y\u00fcr\u00fct\u00fclen medyumik faaliyetleri bir y\u0131l boyunca g\u00f6zlemleyip ara\u015ft\u0131rd\u0131ktan sonra Dr. In\u00e1cio, ruhsal bozukluklar\u0131n a\u00e7\u0131klanmas\u0131, te\u015fhisi ve tedavisi i\u00e7in \u00f6nerilen spiritist teoriye ikna oldu\u011funu bildirdi. Spiritizmi benimsedi\u011fini a\u00e7\u0131klad\u0131 ve muhtemelen ruhsal hastal\u0131klar\u0131n tedavisine ili\u015fkin, spiritist doktor Dr. Bezerra de Menezes (1831\u20131900) taraf\u0131ndan \u00f6nerilen fikirleri kurumsalla\u015ft\u0131ran ilk hekim oldu.<\/p>\n\n\n\n<p class=\"has-black-color has-text-color has-link-color has-small-font-size wp-elements-a09a036b8ee5c0006c5f8e7161f78945\">27 Eyl\u00fcl 1988\u2019deki \u00f6l\u00fcm\u00fcne kadar, geleneksel psikiyatrik tedaviyi spiritist terapi ve desobsesyon seanslar\u0131yla birle\u015ftirmeye \u00e7al\u0131\u015ft\u0131. Yazd\u0131\u011f\u0131 eserlerden alt\u0131s\u0131 do\u011frudan t\u0131p ile spiritizm aras\u0131ndaki ili\u015fkiyi ele al\u0131r: Hakl\u0131s\u0131n (1942), spiritizmin delili\u011fin nedeni oldu\u011fu y\u00f6n\u00fcndeki t\u0131bbi iddialar\u0131 \u00e7\u00fcr\u00fctmeye adanm\u0131\u015ft\u0131r; T\u0131bb\u0131n Yeni Y\u00f6nleri I ve II (1945\u20131948), \u00e7ok say\u0131da klinik vaka \u00fczerinden spiritist tedavi yakla\u015f\u0131m\u0131n\u0131 tart\u0131\u015f\u0131r ve \u00f6rnekler; Spiritizm ve T\u0131p (1941), Reenkarnasyon I\u015f\u0131\u011f\u0131nda Psikiyatri (1940) ve Ya\u015fam\u0131n Yolcular\u0131 (1982). Y\u0131llar boyunca psikiyatristlerin \u00e7abalar\u0131n\u0131 takdir etmesine ra\u011fmen, hastal\u0131k nedenlerinin bulunmas\u0131ndaki hayal k\u0131r\u0131kl\u0131\u011f\u0131n\u0131 ve bir\u00e7ok vakada tedavilerin yetersizli\u011fini vurgulam\u0131\u015ft\u0131r.<\/p>\n\n\n\n<p class=\"has-black-color has-text-color has-link-color has-small-font-size wp-elements-029de2965ff9dca54a320db27cf88829\">Spiritizm, sosyal ve biyolojik fakt\u00f6rlerin yan\u0131 s\u0131ra, psikiyatrinin niteliksel bir s\u0131\u00e7rama yapmas\u0131n\u0131 sa\u011flayabilecek vazge\u00e7ilmez bir ara\u00e7 olarak g\u00f6r\u00fclmeliydi; zihinsel bozukluklar\u0131n daha iyi anla\u015f\u0131lmas\u0131na ve tedavi edilmesine yard\u0131mc\u0131 olabilirdi. Bu ifadeye alayla yakla\u015fanlara Ferreira, g\u00f6zlemlerinin uzun geceler ve g\u00fcnler s\u00fcren fedak\u00e2rl\u0131klar ve ara\u015ft\u0131rmalar sonucu elde edildi\u011fini s\u00f6ylerdi. Bunlar\u0131n, sorumluluklar\u0131n\u0131n bilincinde olan bir hekime ait oldu\u011funu ve yaln\u0131zca binlerce deney ve sonu\u00e7tan sonra yay\u0131mlamaya karar verdi\u011fini hat\u0131rlat\u0131rd\u0131. S\u0131n\u0131rl\u0131 imk\u00e2nlara ra\u011fmen elde edilen y\u00fcksek iyile\u015fme oran\u0131n\u0131n, spiritist teoriyi destekleyen kan\u0131tlardan biri oldu\u011funu savunurdu.<\/p>\n\n\n\n<p class=\"has-black-color has-text-color has-link-color has-small-font-size wp-elements-e04592999d70f90ac2afbc10460a4aa8\">Ancak yazar maddi nedenleri reddetmezdi; aksine, sanatoryuma \u201cobsede\u201d olarak y\u00f6nlendirilen hastalar\u0131n yar\u0131s\u0131ndan fazlas\u0131n\u0131n asl\u0131nda t\u0131bbi k\u00f6kenli organik veya fonksiyonel hastal\u0131klara sahip oldu\u011funu belirtirdi. Dr. In\u00e1cio Ferreira taraf\u0131ndan sanatoryumda y\u00fcr\u00fct\u00fclen t\u0131bbi-ruhsal tedavi ve eserleri, Brezilya spiritist hareketinin s\u0131n\u0131rlar\u0131n\u0131 a\u015farak bas\u0131na, geni\u015f halka ve \u00e7e\u015fitli \u00fclkelerdeki ara\u015ft\u0131rmac\u0131lara ula\u015fm\u0131\u015ft\u0131r. Hem Dr. In\u00e1cio Ferreira hem de Dr. Bezerra de Menezes, spiritist terapiyle elde edilen bir\u00e7ok \u201cmucizevi iyile\u015fme\u201d vakas\u0131n\u0131 rapor etmi\u015ftir.<\/p>\n\n\n\n<p class=\"has-black-color has-text-color has-link-color has-small-font-size wp-elements-15213162dea43a1577eee42544472281\">Dona Modesta\u2019n\u0131n, hay\u0131rsever Abdon Alonso y Alonso\u2019nun ve Uberaba Spiritist Gen\u00e7lik Birli\u011fi \u00fcyelerinin katk\u0131lar\u0131yla Dr. In\u00e1cio Ferreira, yaln\u0131zca iki y\u0131l i\u00e7inde (1947\u20131949) \u201cLar Esp\u00edrita\u201d adl\u0131 kurumun kurulmas\u0131 fikrini hayata ge\u00e7irdi. Bu kurum, korunmaya muhta\u00e7 k\u0131z \u00e7ocuklar\u0131n\u0131 bar\u0131nd\u0131rmak ve e\u011fitmek amac\u0131yla kurulmu\u015ftu. Arazi, bizzat Dr. In\u00e1cio taraf\u0131ndan sat\u0131n al\u0131nm\u0131\u015f ve ba\u011f\u0131\u015flanm\u0131\u015ft\u0131r.<\/p>\n\n\n\n<p class=\"has-black-color has-text-color has-link-color has-small-font-size wp-elements-3c110dfda5284c9fb67dedded33dd6ce\">Hayat\u0131n\u0131n son d\u00f6nemlerinde bir\u00e7ok hak edilmi\u015f \u00f6d\u00fcl ald\u0131. 1979\u2019da Minas Gerais T\u0131p Birli\u011fi taraf\u0131ndan t\u0131ptaki 50 y\u0131ll\u0131k hizmeti nedeniyle onurland\u0131r\u0131ld\u0131. 1987\u2019de Uberaba T\u0131p ve Cerrahi Derne\u011fi ile Tri\u00e2ngulo Mineiro T\u0131p Fak\u00fcltesi taraf\u0131ndan \u015fehirdeki \u00e7al\u0131\u015fmalar\u0131 dolay\u0131s\u0131yla \u00f6d\u00fcllendirildi. In\u00e1cio, ruhsal bozukluklar\u0131n tan\u0131 ve tedavisi i\u00e7in spiritizmin \u00f6nerdi\u011fi uygulama ve anlay\u0131\u015flar\u0131n kurumsalla\u015fmas\u0131na \u00f6nemli katk\u0131lar sa\u011flam\u0131\u015f ve bu fikirlerin hem Brezilya\u2019da hem de uluslararas\u0131 alanda en \u00f6nemli yay\u0131lmac\u0131lar\u0131ndan biri olmu\u015ftur.<\/p>\n\n\n\n<p class=\"has-black-color has-text-color has-link-color has-small-font-size wp-elements-e578e0c2883a3fe6459cdd03c62aaefa\">1970 y\u0131l\u0131nda Elias Barbosa\u2019ya verilen r\u00f6portajdan bir b\u00f6l\u00fcm:<\/p>\n\n\n\n<p class=\"has-black-color has-text-color has-link-color has-small-font-size wp-elements-8a02cc4f9a3bf7f6d899d49e7d1832b9\">Dr. In\u00e1cio, nas\u0131l spiritist oldunuz?<\/p>\n\n\n\n<p class=\"has-black-color has-text-color has-link-color has-small-font-size wp-elements-d77b62c4a53f85fe5da8843f507efc95\">1930\u2019larda bir\u00e7ok doktor, Uberaba Spiritist Sanatoryumu\u2019nun i\u015fletilmesinin sorumlulu\u011funu\u2014yetkililer ve toplum kar\u015f\u0131s\u0131nda\u2014\u00fcstlenmeyi reddetti\u011fi i\u00e7in, bu durumun kendi kliniklerine zarar verebilece\u011fi endi\u015fesiyle, teklifi kararl\u0131l\u0131k ve fedak\u00e2rl\u0131kla kabul ettim. Spiritizm hakk\u0131nda hi\u00e7bir \u015fey bilmiyordum ve anlam\u0131yordum. Sanatoryumun a\u00e7\u0131l\u0131\u015f arifesinde, o d\u00f6nemde idari direkt\u00f6r olan Maria Modesta Cravo\u2019dan, Dr. Bezerra de Menezes\u2019in ithaf yazd\u0131\u011f\u0131 iki kitap ald\u0131m: ilki Allan Kardec\u2019in Spiritizm\u2019e G\u00f6re \u0130ncil adl\u0131 eseri, ikincisi ise Brezilya Ceza Kanunu. Bunlara ba\u015flang\u0131\u00e7ta pek dikkat etmedim.<\/p>\n\n\n\n<p class=\"has-black-color has-text-color has-link-color has-small-font-size wp-elements-7610dc863b017d0db9769418a3c23c80\">Ancak bir y\u0131l sonra, sanatoryumda g\u00f6zlemlenen \u00e7ok say\u0131da ola\u011fan\u00fcst\u00fc iyile\u015fme vakas\u0131ndan sonra\u2014benim materyalist bilimim ve tedavi y\u00f6ntemlerimin hi\u00e7bir katk\u0131s\u0131 olmaks\u0131z\u0131n\u2014\u201cilahi ve insani iki yasa kitab\u0131\u201dna kar\u015f\u0131 merak\u0131m uyand\u0131. \u0130lkini okurken, materyalist perdeyle \u00f6rt\u00fclm\u00fc\u015f bilgilerin zihnimde ortaya \u00e7\u0131kt\u0131\u011f\u0131n\u0131, sanki ge\u00e7mi\u015f ya\u015fam deneyimleriyle uyanm\u0131\u015f gibi hissettim. Di\u011fer spiritist eserleri de adeta hat\u0131rl\u0131yormu\u015f gibi inceledim. Okuma ve deneyimle \u201cuyanarak\u201d, iyile\u015ftirme ve \u00f6\u011fretim \u00e7al\u0131\u015fmalar\u0131n\u0131 daha yak\u0131ndan g\u00f6rmeye ve hissetmeye \u00e7al\u0131\u015ft\u0131m; sonunda \u201c\u00dc\u00e7\u00fcnc\u00fc Vahiy\u201din mucizesine kendimi adad\u0131m ve kendimi tamamen ara\u015ft\u0131rmalara, deneylere ve bunlar\u0131n sonu\u00e7lar\u0131na verdim. Bunlar\u0131 daha sonra makaleler, konferanslar ve kitaplar arac\u0131l\u0131\u011f\u0131yla yay\u0131mlad\u0131m.<\/p>\n<\/div><\/div>\n\n\n\n<div class=\"wp-block-uagb-container uagb-block-4673fcc1 alignfull uagb-is-root-container\"><div class=\"uagb-container-inner-blocks-wrap\"><\/div><\/div>\n\n\n\n<div class=\"wp-block-uagb-container uagb-block-2b87fdbf alignfull uagb-is-root-container\"><div class=\"uagb-container-inner-blocks-wrap\"><\/div><\/div>","protected":false},"excerpt":{"rendered":"<p>In\u00e1cio Ferreira de Oliveira In\u00e1cio Ferreira de Oliveira naci\u00f3 en Uberaba el 15 de abril de 1904, hijo de Jacinto Ferreira de Oliveira, antiguo ganadero, y de Maria Lucas de Oliveira. Estuvo casado con Aparecida Valicenti Ferreira. Se gradu\u00f3 como m\u00e9dico psiquiatra en la Facultad de Medicina de la Universidad de Brasil, en R\u00edo de [&hellip;]<\/p>","protected":false},"author":1,"featured_media":0,"parent":0,"menu_order":0,"comment_status":"closed","ping_status":"closed","template":"","meta":{"_uag_custom_page_level_css":"","site-sidebar-layout":"default","site-content-layout":"","ast-site-content-layout":"default","site-content-style":"default","site-sidebar-style":"default","ast-global-header-display":"","ast-banner-title-visibility":"","ast-main-header-display":"","ast-hfb-above-header-display":"","ast-hfb-below-header-display":"","ast-hfb-mobile-header-display":"","site-post-title":"disabled","ast-breadcrumbs-content":"","ast-featured-img":"","footer-sml-layout":"","theme-transparent-header-meta":"","adv-header-id-meta":"","stick-header-meta":"","header-above-stick-meta":"","header-main-stick-meta":"","header-below-stick-meta":"","astra-migrate-meta-layouts":"set","ast-page-background-enabled":"default","ast-page-background-meta":{"desktop":{"background-color":"var(--ast-global-color-4)","background-image":"","background-repeat":"repeat","background-position":"center center","background-size":"auto","background-attachment":"scroll","background-type":"","background-media":"","overlay-type":"","overlay-color":"","overlay-opacity":"","overlay-gradient":""},"tablet":{"background-color":"","background-image":"","background-repeat":"repeat","background-position":"center center","background-size":"auto","background-attachment":"scroll","background-type":"","background-media":"","overlay-type":"","overlay-color":"","overlay-opacity":"","overlay-gradient":""},"mobile":{"background-color":"","background-image":"","background-repeat":"repeat","background-position":"center center","background-size":"auto","background-attachment":"scroll","background-type":"","background-media":"","overlay-type":"","overlay-color":"","overlay-opacity":"","overlay-gradient":""}},"ast-content-background-meta":{"desktop":{"background-color":"var(--ast-global-color-5)","background-image":"","background-repeat":"repeat","background-position":"center center","background-size":"auto","background-attachment":"scroll","background-type":"","background-media":"","overlay-type":"","overlay-color":"","overlay-opacity":"","overlay-gradient":""},"tablet":{"background-color":"var(--ast-global-color-5)","background-image":"","background-repeat":"repeat","background-position":"center center","background-size":"auto","background-attachment":"scroll","background-type":"","background-media":"","overlay-type":"","overlay-color":"","overlay-opacity":"","overlay-gradient":""},"mobile":{"background-color":"var(--ast-global-color-5)","background-image":"","background-repeat":"repeat","background-position":"center center","background-size":"auto","background-attachment":"scroll","background-type":"","background-media":"","overlay-type":"","overlay-color":"","overlay-opacity":"","overlay-gradient":""}},"footnotes":""},"class_list":["post-8858","page","type-page","status-publish","hentry"],"yoast_head":"<!-- This site is optimized with the Yoast SEO Premium plugin v24.2 (Yoast SEO v24.6) - https:\/\/yoast.com\/wordpress\/plugins\/seo\/ -->\n<title>In\u00e1cio Ferreira de Oliveira - Uni\u00f3n Esp\u00edrita<\/title>\n<meta name=\"robots\" content=\"index, follow, max-snippet:-1, max-image-preview:large, max-video-preview:-1\" \/>\n<link rel=\"canonical\" href=\"https:\/\/nuevo-renacer.com\/tr\/inacio-ferreira-de-oliveira\/\" \/>\n<meta property=\"og:locale\" content=\"tr_TR\" \/>\n<meta property=\"og:type\" content=\"article\" \/>\n<meta property=\"og:title\" content=\"In\u00e1cio Ferreira de Oliveira\" \/>\n<meta property=\"og:description\" content=\"In\u00e1cio Ferreira de Oliveira In\u00e1cio Ferreira de Oliveira naci\u00f3 en Uberaba el 15 de abril de 1904, hijo de Jacinto Ferreira de Oliveira, antiguo ganadero, y de Maria Lucas de Oliveira. Estuvo casado con Aparecida Valicenti Ferreira. Se gradu\u00f3 como m\u00e9dico psiquiatra en la Facultad de Medicina de la Universidad de Brasil, en R\u00edo de [&hellip;]\" \/>\n<meta property=\"og:url\" content=\"https:\/\/nuevo-renacer.com\/tr\/inacio-ferreira-de-oliveira\/\" \/>\n<meta property=\"og:site_name\" content=\"Uni\u00f3n Esp\u00edrita\" \/>\n<meta property=\"article:publisher\" content=\"https:\/\/www.facebook.com\/groups\/3431398063740829\" \/>\n<meta property=\"article:modified_time\" content=\"2026-04-17T11:38:08+00:00\" \/>\n<meta property=\"og:image\" content=\"https:\/\/nuevo-renacer.com\/wp-content\/uploads\/2026\/04\/Inacio-Ferreira-de-Oliveira.jpg\" \/>\n\t<meta property=\"og:image:width\" content=\"191\" \/>\n\t<meta property=\"og:image:height\" content=\"264\" \/>\n\t<meta property=\"og:image:type\" content=\"image\/jpeg\" \/>\n<meta name=\"twitter:card\" content=\"summary_large_image\" \/>\n<meta name=\"twitter:label1\" content=\"Tahmini okuma s\u00fcresi\" \/>\n\t<meta name=\"twitter:data1\" content=\"6 dakika\" \/>\n<script type=\"application\/ld+json\" class=\"yoast-schema-graph\">{\"@context\":\"https:\/\/schema.org\",\"@graph\":[{\"@type\":\"WebPage\",\"@id\":\"https:\/\/nuevo-renacer.com\/inacio-ferreira-de-oliveira\/\",\"url\":\"https:\/\/nuevo-renacer.com\/inacio-ferreira-de-oliveira\/\",\"name\":\"In\u00e1cio Ferreira de Oliveira - Uni\u00f3n Esp\u00edrita\",\"isPartOf\":{\"@id\":\"https:\/\/nuevo-renacer.com\/#website\"},\"primaryImageOfPage\":{\"@id\":\"https:\/\/nuevo-renacer.com\/inacio-ferreira-de-oliveira\/#primaryimage\"},\"image\":{\"@id\":\"https:\/\/nuevo-renacer.com\/inacio-ferreira-de-oliveira\/#primaryimage\"},\"thumbnailUrl\":\"https:\/\/nuevo-renacer.com\/wp-content\/uploads\/2026\/04\/Inacio-Ferreira-de-Oliveira.jpg\",\"datePublished\":\"2026-04-17T11:17:46+00:00\",\"dateModified\":\"2026-04-17T11:38:08+00:00\",\"breadcrumb\":{\"@id\":\"https:\/\/nuevo-renacer.com\/inacio-ferreira-de-oliveira\/#breadcrumb\"},\"inLanguage\":\"tr\",\"potentialAction\":[{\"@type\":\"ReadAction\",\"target\":[\"https:\/\/nuevo-renacer.com\/inacio-ferreira-de-oliveira\/\"]}]},{\"@type\":\"ImageObject\",\"inLanguage\":\"tr\",\"@id\":\"https:\/\/nuevo-renacer.com\/inacio-ferreira-de-oliveira\/#primaryimage\",\"url\":\"https:\/\/nuevo-renacer.com\/wp-content\/uploads\/2026\/04\/Inacio-Ferreira-de-Oliveira.jpg\",\"contentUrl\":\"https:\/\/nuevo-renacer.com\/wp-content\/uploads\/2026\/04\/Inacio-Ferreira-de-Oliveira.jpg\"},{\"@type\":\"BreadcrumbList\",\"@id\":\"https:\/\/nuevo-renacer.com\/inacio-ferreira-de-oliveira\/#breadcrumb\",\"itemListElement\":[{\"@type\":\"ListItem\",\"position\":1,\"name\":\"Startseite\",\"item\":\"https:\/\/nuevo-renacer.com\/\"},{\"@type\":\"ListItem\",\"position\":2,\"name\":\"In\u00e1cio Ferreira de Oliveira\"}]},{\"@type\":\"WebSite\",\"@id\":\"https:\/\/nuevo-renacer.com\/#website\",\"url\":\"https:\/\/nuevo-renacer.com\/\",\"name\":\"Uni\u00f3n Esp\u00edrita\",\"description\":\"Nuevo Renacer\",\"publisher\":{\"@id\":\"https:\/\/nuevo-renacer.com\/#organization\"},\"potentialAction\":[{\"@type\":\"SearchAction\",\"target\":{\"@type\":\"EntryPoint\",\"urlTemplate\":\"https:\/\/nuevo-renacer.com\/?s={search_term_string}\"},\"query-input\":{\"@type\":\"PropertyValueSpecification\",\"valueRequired\":true,\"valueName\":\"search_term_string\"}}],\"inLanguage\":\"tr\"},{\"@type\":\"Organization\",\"@id\":\"https:\/\/nuevo-renacer.com\/#organization\",\"name\":\"UFEC\",\"url\":\"https:\/\/nuevo-renacer.com\/\",\"logo\":{\"@type\":\"ImageObject\",\"inLanguage\":\"tr\",\"@id\":\"https:\/\/nuevo-renacer.com\/#\/schema\/logo\/image\/\",\"url\":\"https:\/\/nuevo-renacer.com\/wp-content\/uploads\/2024\/05\/cropped-LOGO-TERMINADO1-3-3.png\",\"contentUrl\":\"https:\/\/nuevo-renacer.com\/wp-content\/uploads\/2024\/05\/cropped-LOGO-TERMINADO1-3-3.png\",\"width\":512,\"height\":512,\"caption\":\"UFEC\"},\"image\":{\"@id\":\"https:\/\/nuevo-renacer.com\/#\/schema\/logo\/image\/\"},\"sameAs\":[\"https:\/\/www.facebook.com\/groups\/3431398063740829\"]}]}<\/script>\n<!-- \/ Yoast SEO Premium plugin. -->","yoast_head_json":{"title":"In\u00e1cio Ferreira de Oliveira - Uni\u00f3n Esp\u00edrita","robots":{"index":"index","follow":"follow","max-snippet":"max-snippet:-1","max-image-preview":"max-image-preview:large","max-video-preview":"max-video-preview:-1"},"canonical":"https:\/\/nuevo-renacer.com\/tr\/inacio-ferreira-de-oliveira\/","og_locale":"tr_TR","og_type":"article","og_title":"In\u00e1cio Ferreira de Oliveira","og_description":"In\u00e1cio Ferreira de Oliveira In\u00e1cio Ferreira de Oliveira naci\u00f3 en Uberaba el 15 de abril de 1904, hijo de Jacinto Ferreira de Oliveira, antiguo ganadero, y de Maria Lucas de Oliveira. Estuvo casado con Aparecida Valicenti Ferreira. Se gradu\u00f3 como m\u00e9dico psiquiatra en la Facultad de Medicina de la Universidad de Brasil, en R\u00edo de [&hellip;]","og_url":"https:\/\/nuevo-renacer.com\/tr\/inacio-ferreira-de-oliveira\/","og_site_name":"Uni\u00f3n Esp\u00edrita","article_publisher":"https:\/\/www.facebook.com\/groups\/3431398063740829","article_modified_time":"2026-04-17T11:38:08+00:00","og_image":[{"width":191,"height":264,"url":"https:\/\/nuevo-renacer.com\/wp-content\/uploads\/2026\/04\/Inacio-Ferreira-de-Oliveira.jpg","type":"image\/jpeg"}],"twitter_card":"summary_large_image","twitter_misc":{"Tahmini okuma s\u00fcresi":"6 dakika"},"schema":{"@context":"https:\/\/schema.org","@graph":[{"@type":"WebPage","@id":"https:\/\/nuevo-renacer.com\/inacio-ferreira-de-oliveira\/","url":"https:\/\/nuevo-renacer.com\/inacio-ferreira-de-oliveira\/","name":"In\u00e1cio Ferreira de Oliveira - Uni\u00f3n Esp\u00edrita","isPartOf":{"@id":"https:\/\/nuevo-renacer.com\/#website"},"primaryImageOfPage":{"@id":"https:\/\/nuevo-renacer.com\/inacio-ferreira-de-oliveira\/#primaryimage"},"image":{"@id":"https:\/\/nuevo-renacer.com\/inacio-ferreira-de-oliveira\/#primaryimage"},"thumbnailUrl":"https:\/\/nuevo-renacer.com\/wp-content\/uploads\/2026\/04\/Inacio-Ferreira-de-Oliveira.jpg","datePublished":"2026-04-17T11:17:46+00:00","dateModified":"2026-04-17T11:38:08+00:00","breadcrumb":{"@id":"https:\/\/nuevo-renacer.com\/inacio-ferreira-de-oliveira\/#breadcrumb"},"inLanguage":"tr","potentialAction":[{"@type":"ReadAction","target":["https:\/\/nuevo-renacer.com\/inacio-ferreira-de-oliveira\/"]}]},{"@type":"ImageObject","inLanguage":"tr","@id":"https:\/\/nuevo-renacer.com\/inacio-ferreira-de-oliveira\/#primaryimage","url":"https:\/\/nuevo-renacer.com\/wp-content\/uploads\/2026\/04\/Inacio-Ferreira-de-Oliveira.jpg","contentUrl":"https:\/\/nuevo-renacer.com\/wp-content\/uploads\/2026\/04\/Inacio-Ferreira-de-Oliveira.jpg"},{"@type":"BreadcrumbList","@id":"https:\/\/nuevo-renacer.com\/inacio-ferreira-de-oliveira\/#breadcrumb","itemListElement":[{"@type":"ListItem","position":1,"name":"Startseite","item":"https:\/\/nuevo-renacer.com\/"},{"@type":"ListItem","position":2,"name":"In\u00e1cio Ferreira de Oliveira"}]},{"@type":"WebSite","@id":"https:\/\/nuevo-renacer.com\/#website","url":"https:\/\/nuevo-renacer.com\/","name":"Uni\u00f3n Esp\u00edrita","description":"Nuevo Renacer","publisher":{"@id":"https:\/\/nuevo-renacer.com\/#organization"},"potentialAction":[{"@type":"SearchAction","target":{"@type":"EntryPoint","urlTemplate":"https:\/\/nuevo-renacer.com\/?s={search_term_string}"},"query-input":{"@type":"PropertyValueSpecification","valueRequired":true,"valueName":"search_term_string"}}],"inLanguage":"tr"},{"@type":"Organization","@id":"https:\/\/nuevo-renacer.com\/#organization","name":"UFEC","url":"https:\/\/nuevo-renacer.com\/","logo":{"@type":"ImageObject","inLanguage":"tr","@id":"https:\/\/nuevo-renacer.com\/#\/schema\/logo\/image\/","url":"https:\/\/nuevo-renacer.com\/wp-content\/uploads\/2024\/05\/cropped-LOGO-TERMINADO1-3-3.png","contentUrl":"https:\/\/nuevo-renacer.com\/wp-content\/uploads\/2024\/05\/cropped-LOGO-TERMINADO1-3-3.png","width":512,"height":512,"caption":"UFEC"},"image":{"@id":"https:\/\/nuevo-renacer.com\/#\/schema\/logo\/image\/"},"sameAs":["https:\/\/www.facebook.com\/groups\/3431398063740829"]}]}},"uagb_featured_image_src":{"full":false,"thumbnail":false,"medium":false,"medium_large":false,"large":false,"1536x1536":false,"2048x2048":false,"trp-custom-language-flag":false},"uagb_author_info":{"display_name":"adbv0","author_link":"https:\/\/nuevo-renacer.com\/tr\/author\/adbv0\/"},"uagb_comment_info":0,"uagb_excerpt":"In\u00e1cio Ferreira de Oliveira In\u00e1cio Ferreira de Oliveira naci\u00f3 en Uberaba el 15 de abril de 1904, hijo de Jacinto Ferreira de Oliveira, antiguo ganadero, y de Maria Lucas de Oliveira. Estuvo casado con Aparecida Valicenti Ferreira. Se gradu\u00f3 como m\u00e9dico psiquiatra en la Facultad de Medicina de la Universidad de Brasil, en R\u00edo de&hellip;","jetpack_sharing_enabled":true,"_links":{"self":[{"href":"https:\/\/nuevo-renacer.com\/tr\/wp-json\/wp\/v2\/pages\/8858","targetHints":{"allow":["GET"]}}],"collection":[{"href":"https:\/\/nuevo-renacer.com\/tr\/wp-json\/wp\/v2\/pages"}],"about":[{"href":"https:\/\/nuevo-renacer.com\/tr\/wp-json\/wp\/v2\/types\/page"}],"author":[{"embeddable":true,"href":"https:\/\/nuevo-renacer.com\/tr\/wp-json\/wp\/v2\/users\/1"}],"replies":[{"embeddable":true,"href":"https:\/\/nuevo-renacer.com\/tr\/wp-json\/wp\/v2\/comments?post=8858"}],"version-history":[{"count":3,"href":"https:\/\/nuevo-renacer.com\/tr\/wp-json\/wp\/v2\/pages\/8858\/revisions"}],"predecessor-version":[{"id":8864,"href":"https:\/\/nuevo-renacer.com\/tr\/wp-json\/wp\/v2\/pages\/8858\/revisions\/8864"}],"wp:attachment":[{"href":"https:\/\/nuevo-renacer.com\/tr\/wp-json\/wp\/v2\/media?parent=8858"}],"curies":[{"name":"wp","href":"https:\/\/api.w.org\/{rel}","templated":true}]}}