{"id":8821,"date":"2026-03-24T09:03:50","date_gmt":"2026-03-24T09:03:50","guid":{"rendered":"https:\/\/nuevo-renacer.com\/?page_id=8821"},"modified":"2026-03-24T09:05:05","modified_gmt":"2026-03-24T09:05:05","slug":"frederica-hauffe","status":"publish","type":"page","link":"https:\/\/nuevo-renacer.com\/tr\/frederica-hauffe\/","title":{"rendered":"Frederica Hauffe"},"content":{"rendered":"<div class=\"wp-block-uagb-container uagb-block-dbde4e89 alignfull uagb-is-root-container\"><div class=\"uagb-container-inner-blocks-wrap\">\n<p class=\"has-black-color has-text-color has-link-color has-medium-font-size wp-elements-0cdbe2bc5d55e5a49b5c561ec010a0e9\"><strong>Frederica Hauffe<\/strong><\/p>\n<\/div><\/div>\n\n\n\n<div class=\"wp-block-uagb-container uagb-block-5b38f87f alignfull uagb-is-root-container\"><div class=\"uagb-container-inner-blocks-wrap\">\n<figure class=\"wp-block-image size-large is-resized\"><img fetchpriority=\"high\" decoding=\"async\" width=\"826\" height=\"1024\" src=\"https:\/\/nuevo-renacer.com\/wp-content\/uploads\/2026\/03\/Frederica-Hauffe-826x1024.jpg\" alt=\"\" class=\"wp-image-8822\" style=\"aspect-ratio:0.8066467693796886;width:273px;height:auto\" srcset=\"https:\/\/nuevo-renacer.com\/wp-content\/uploads\/2026\/03\/Frederica-Hauffe-826x1024.jpg 826w, https:\/\/nuevo-renacer.com\/wp-content\/uploads\/2026\/03\/Frederica-Hauffe-242x300.jpg 242w, https:\/\/nuevo-renacer.com\/wp-content\/uploads\/2026\/03\/Frederica-Hauffe-768x952.jpg 768w, https:\/\/nuevo-renacer.com\/wp-content\/uploads\/2026\/03\/Frederica-Hauffe-10x12.jpg 10w, https:\/\/nuevo-renacer.com\/wp-content\/uploads\/2026\/03\/Frederica-Hauffe.jpg 960w\" sizes=\"(max-width: 826px) 100vw, 826px\" \/><\/figure>\n<\/div><\/div>\n\n\n\n<div class=\"wp-block-uagb-container uagb-block-5c6f57f5 alignfull uagb-is-root-container\"><div class=\"uagb-container-inner-blocks-wrap\">\n<p class=\"has-black-color has-text-color has-link-color has-small-font-size wp-elements-b9466b3f3afc40b28b1aae40d1138adc\">Baden-W\u00fcrttemberg\u2019daki L\u00f6wenstein kasabas\u0131n\u0131n yak\u0131n\u0131nda, deniz seviyesinden 573 feet (yakla\u015f\u0131k 175 metre) y\u00fckse\u011fe ula\u015fan da\u011flarla \u00e7evrili, tepeler ve vadiler aras\u0131nda, pitoresk bir \u00e7ukurda, k\u00fc\u00e7\u00fck Prevorst k\u00f6y\u00fc yer almaktad\u0131r. K\u00f6y\u00fcn n\u00fcfusu 400\u2019\u00fcn biraz \u00fczerindedir ve \u00e7o\u011fu, k\u00f6m\u00fcr \u00fcretimi i\u00e7in ormanc\u0131l\u0131kla ve yerel \u00fcr\u00fcnlerin hasad\u0131yla ge\u00e7imini sa\u011flamaktad\u0131r. 1801 y\u0131l\u0131nda, Prevorst\u2019un bu y\u00fcksek da\u011flar\u0131nda, \u00e7ok erken ya\u015fta ola\u011fan\u00fcst\u00fc i\u00e7sel yetenekler g\u00f6steren bir k\u0131z \u00e7ocu\u011fu do\u011fdu.<\/p>\n\n\n\n<p class=\"has-black-color has-text-color has-link-color has-small-font-size wp-elements-08c7b96bcedd4cacde86e12b35ee0a9c\">Frederica Hauffe, genellikle Prevorst\u2019un Kahin K\u0131z\u0131 olarak bilinir; babas\u0131 bir orman bek\u00e7isi olarak \u00e7al\u0131\u015f\u0131yordu ve k\u00f6y\u00fcn izolasyonu nedeniyle en b\u00fcy\u00fck sadelik ve masumiyet i\u00e7inde yeti\u015ftirildi. Bayan Hauffe hi\u00e7bir resmi e\u011fitim veya belge almad\u0131; dil, tarih, co\u011frafya veya do\u011fa bilimleri bilmezdi ve cinsiyetine uygun ola\u011fan bilgilerden hi\u00e7birine sahip de\u011fildi. Uzun y\u0131llar boyunca, \u0130ncil ve Mezmurlar Kitab\u0131 onun tek e\u011fitim kayna\u011f\u0131 oldu. Ahlak\u0131 tart\u0131\u015f\u0131lmazd\u0131; samimiyetsiz bir dindarl\u0131k olmadan, uzun s\u00fcren ac\u0131lar\u0131n\u0131 ve ola\u011fan\u00fcst\u00fc ko\u015fullar\u0131n\u0131 Tanr\u0131\u2019n\u0131n takdiri olarak kabul etti ve duygular\u0131n\u0131 \u015fiirle ifade etti.<\/p>\n\n\n\n<p class=\"has-black-color has-text-color has-link-color has-small-font-size wp-elements-240a37d6f08d9067bb4412dcd1617521\">Bu duyars\u0131zl\u0131\u011fa kar\u015f\u0131l\u0131k, \u00e7ocuk ya\u015fta onda tart\u0131\u015f\u0131lmaz, do\u011fa\u00fcst\u00fc veya \u00f6ng\u00f6r\u00fc yetene\u011fi ortaya \u00e7\u0131kt\u0131; bu yetenek \u00f6zellikle kehanet r\u00fcyalar\u0131nda kendini g\u00f6steriyordu. Azarlanm\u0131\u015f, k\u0131zd\u0131r\u0131lm\u0131\u015f veya herhangi bir nedenle incinmi\u015f oldu\u011funda ya da duygular\u0131 zedelenmi\u015f oldu\u011funda, gece vakti bu derin k\u00f6\u015felere y\u00f6nlendirilir ve orada e\u011fitici, \u00f6ng\u00f6r\u00fcl\u00fc veya kehanet niteli\u011finde vizyonlar g\u00f6r\u00fcrd\u00fc.<\/p>\n\n\n\n<p class=\"has-black-color has-text-color has-link-color has-small-font-size wp-elements-45e3bfb6b3cbf9e80cc45bef12ee93d6\">Bir keresinde babas\u0131 de\u011ferli bir e\u015fyay\u0131 kaybetti ve su\u00e7unu ona y\u00fckledi, oysa Frederica masumdu. O kadar \u00fcz\u00fcld\u00fc ki r\u00fcyas\u0131nda e\u015fyay\u0131 bulundu\u011fu yeri g\u00f6rd\u00fc. H\u00e2l\u00e2 k\u00fc\u00e7\u00fck bir \u00e7ocukken, f\u0131nd\u0131k dal\u0131ndan yapt\u0131\u011f\u0131 bir \u00e7ubukla suyun ve madenlerin yerini g\u00f6sterebiliyordu. Daha sonra, kasaba k\u00fclt\u00fcrel a\u00e7\u0131dan s\u0131n\u0131rl\u0131 oldu\u011funda, ailesi onu birka\u00e7 kilometre uzakl\u0131ktaki L\u00f6wenstein\u2019de ya\u015fayan b\u00fcy\u00fckbabas\u0131 Johann Schmidgall\u2019a emanet etti. Ailenin b\u00fcy\u00fck \u00fcz\u00fcnt\u00fcs\u00fcne ra\u011fmen, ba\u015fkalar\u0131n\u0131n fark edemedi\u011fi bu ruhsal etkilere a\u00e7\u0131kl\u0131k k\u0131sa s\u00fcrede belirgin hale geldi. B\u00fcy\u00fckbabas\u0131n\u0131n evinde, zavall\u0131 k\u0131z ilk kez bir ruh g\u00f6rd\u00fc. Gece yar\u0131s\u0131, koridorda ge\u00e7erken i\u00e7 \u00e7eken b\u00fcy\u00fck, karanl\u0131k bir fig\u00fcr g\u00f6rd\u00fc; fig\u00fcr koridorun sonunda durdu ve unutamayaca\u011f\u0131 bir y\u00fcz g\u00f6sterdi. Bu ilk g\u00f6r\u00fcn\u00fcm, hayat\u0131ndaki sonraki g\u00f6r\u00fcn\u00fcmler kadar b\u00fcy\u00fck bir rahats\u0131zl\u0131k vermedi. Sakin bir \u015fekilde b\u00fcy\u00fckbabas\u0131na gidip, \u201cKoridorda yabanc\u0131 bir adam var, git ve bak,\u201d dedi.<\/p>\n\n\n\n<p class=\"has-black-color has-text-color has-link-color has-small-font-size wp-elements-0b3900597df5ff08165f3b2ea8414311\">B\u00f6ylesine \u00f6nemli fakat \u00fcz\u00fcc\u00fc yetenekler, k\u0131z\u0131n ki\u015fili\u011finde herhangi bir de\u011fi\u015fikli\u011fe yol a\u00e7mad\u0131. Oyun arkada\u015flar\u0131 aras\u0131nda en ne\u015feli olan oydu; duyarl\u0131l\u0131\u011f\u0131 nedeniyle uzun s\u00fcre odas\u0131nda kalmak zorunda kalsa da, bu, ba\u015fkalar\u0131n\u0131n g\u00f6remedi\u011fini normal g\u00f6zlerle g\u00f6rebilmesi i\u00e7in bir haz\u0131rl\u0131kt\u0131\u2014bedensel duyular arac\u0131l\u0131\u011f\u0131yla ruhsal g\u00f6r\u00fc\u015f\u00fcn a\u00e7\u0131l\u0131m\u0131.<\/p>\n\n\n\n<p class=\"has-black-color has-text-color has-link-color has-small-font-size wp-elements-f78f74f45a9be8f9417a527d54727d4b\">Daha sonra, zaman zaman ailesinin evi olan Oberstenfeld\u2019de ailesiyle birlikte ya\u015fad\u0131. On yedi ile on dokuz ya\u015flar\u0131 aras\u0131nda, ho\u015f ve hareketli etkilerin oldu\u011fu bir d\u00f6nemde, bu i\u00e7sel alg\u0131 yetene\u011fini bir \u00f6l\u00e7\u00fcde kaybetmi\u015f gibi g\u00f6r\u00fcn\u00fcyordu; yaln\u0131zca \u00f6zellikle zeki karakteri bak\u0131\u015flar\u0131nda ve daha b\u00fcy\u00fck bir sevin\u00e7te ortaya \u00e7\u0131k\u0131yordu; al\u0131\u015fkan tav\u0131rlar\u0131ndan ve i\u00e7inde bulundu\u011fu gen\u00e7 kad\u0131n toplulu\u011funun davran\u0131\u015flar\u0131ndan ayr\u0131lmad\u0131. Yanl\u0131\u015f s\u00f6ylentilere ra\u011fmen, bu ya\u015fta ba\u011f kurmad\u0131\u011f\u0131 ve duygusal hayal k\u0131r\u0131kl\u0131\u011f\u0131 ya\u015famad\u0131\u011f\u0131 kesindir. Her t\u00fcrden ruhsal g\u00f6r\u00fcn\u00fcm i\u00e7in son derece a\u00e7\u0131kt\u0131: kehanet r\u00fcyalar\u0131, \u00f6ng\u00f6r\u00fcler, bardak ve aynalarda g\u00f6r\u00fclen kehanet vizyonlar\u0131. Bir keresinde bir bardakta, yar\u0131m saat i\u00e7inde odas\u0131na girecek bir ki\u015fiyi ve konumundan tan\u0131yamad\u0131\u011f\u0131 bir arabay\u0131 g\u00f6rd\u00fc; arabay\u0131, i\u00e7indeki ki\u015fileri ve atlar\u0131 tarif etti\u2014ve yar\u0131m saat sonra bunlar ger\u00e7ekten evine geldiler.<\/p>\n\n\n\n<p class=\"has-black-color has-text-color has-link-color has-small-font-size wp-elements-8d0950c7359dd800066f544dba6e03d9\">Bu d\u00f6nemde, \u201cikinci g\u00f6r\u00fc\u015f\u201d yetene\u011finin tad\u0131n\u0131 \u00e7\u0131kar\u0131yor gibiydi. Bir sabah, doktor ziyareti s\u0131ras\u0131nda odas\u0131ndan \u00e7\u0131kt\u0131\u011f\u0131nda, yolunu kesen bir tabut ve i\u00e7inde b\u00fcy\u00fckbabas\u0131n\u0131n cesedini g\u00f6rd\u00fc. Odaya geri d\u00f6nd\u00fc ve doktor ile ailesinden bunu g\u00f6rmelerini istedi. Ancak ba\u015fta, hi\u00e7biri\u2014hatta kendisi bile\u2014ba\u015fka bir \u015fey fark etmedi. Ertesi g\u00fcn ise tabut ve ceset yata\u011f\u0131n\u0131n yan\u0131ndayd\u0131. Alt\u0131 hafta sonra b\u00fcy\u00fckbabas\u0131 \u00f6ld\u00fc; son g\u00fcnlerine kadar sa\u011fl\u0131\u011f\u0131 gayet yerindeydi.<\/p>\n\n\n\n<p class=\"has-black-color has-text-color has-link-color has-small-font-size wp-elements-0e40ac18655ee2ed89cadec2028fa7d0\">\u00c7ocuklu\u011fundan beri Bayan Hauffe\u2019nin sahip oldu\u011fu ruhlar\u0131 g\u00f6rme yetene\u011fi s\u00fcrekli geli\u015fti. 25 Kas\u0131m 1826 ile 2 May\u0131s 1829 aras\u0131nda, Dr. Justinus Kerner onu kapsaml\u0131 \u015fekilde inceleyebildi ve Almanya\u2019da b\u00fcy\u00fck ilgi uyand\u0131ran bir kitab\u0131n temelini olu\u015fturdu; kitap birka\u00e7 y\u0131l i\u00e7inde be\u015f bask\u0131 yapt\u0131. Eser, \u0130ngilizceye Mrs. Crowe ve Frans\u0131zcaya Dr. Dusart taraf\u0131ndan \u00e7evrildi.<\/p>\n\n\n\n<p class=\"has-black-color has-text-color has-link-color has-small-font-size wp-elements-de0ce7c6e83acd48993c6f5a98bf74d0\">Eschenmayer Die Geheimnisse\u2019de onun hakk\u0131nda \u015f\u00f6yle yazar: \u201cDo\u011fal yetenekleri tatl\u0131, sevimli ve ciddiydi. Her zaman tefekk\u00fcre ve duaya y\u00f6nelmi\u015fti. G\u00f6zlerinin ifadesinde bir ruhsall\u0131k vard\u0131; ac\u0131lara ra\u011fmen her zaman parlak ve berrakt\u0131; konu\u015fma s\u0131ras\u0131nda \u00e7ok canl\u0131, ard\u0131ndan aniden donuk\u2014ve bu i\u015faretten, tuhaf g\u00f6r\u00fcn\u00fcmlerinden biriyle kar\u015f\u0131 kar\u015f\u0131ya oldu\u011funu anlard\u0131n\u0131z. Bu ko\u015fullar alt\u0131nda h\u0131zl\u0131 konu\u015furdu.\u201d<\/p>\n\n\n\n<p class=\"has-black-color has-text-color has-link-color has-small-font-size wp-elements-abf04a029ee59cbef3c776e4223c544a\">5 A\u011fustos 1829\u2019da, saat onda, kahin k\u0131z odas\u0131na giren beyaz bir fig\u00fcr\u00fc fark etti; o anda \u00f6len kad\u0131n bir sevin\u00e7 \u00e7\u0131\u011fl\u0131\u011f\u0131 att\u0131 ve ruhu sanki tam o anda bedenden ayr\u0131ld\u0131. K\u0131sa s\u00fcre sonra ruhu bedeni terk etti; beden tamamen tan\u0131nabilir kald\u0131, \u00e7\u00fcnk\u00fc hi\u00e7bir \u00f6zelli\u011fi \u00f6nceki formunu korumuyordu. Bu kadar \u00e7ok ac\u0131 \u00e7ekmi\u015f olan kad\u0131n\u0131n kal\u0131nt\u0131lar\u0131, L\u00f6wenstein\u2019in pitoresk mezarl\u0131\u011f\u0131nda defnedildi; burada daha \u00f6nce b\u00fcy\u00fckbabas\u0131, sayg\u0131de\u011fer Schmidgall ve e\u015fi, onun ruhsal koruyucular\u0131 olarak tan\u0131d\u0131\u011f\u0131 ki\u015filer yat\u0131yordu.<\/p>\n<\/div><\/div>\n\n\n\n<div class=\"wp-block-uagb-container uagb-block-3259d955 alignfull uagb-is-root-container\"><div class=\"uagb-container-inner-blocks-wrap\"><\/div><\/div>\n\n\n\n<div class=\"wp-block-uagb-container uagb-block-1ab3b2d5 alignfull uagb-is-root-container\"><div class=\"uagb-container-inner-blocks-wrap\"><\/div><\/div>","protected":false},"excerpt":{"rendered":"<p>Frederica Hauffe Cerca de la ciudad de L\u00f6wenstein, en Baden-W\u00fcrttemberg, entre las monta\u00f1as cuyo punto m\u00e1s alto alcanza los 1879 pies sobre el nivel del mar, rodeada de colinas y valles, en un recodo pintoresco, se encuentra la peque\u00f1a aldea de Prevorst. Cuenta con poco m\u00e1s de 400 habitantes, que viven en su mayor parte [&hellip;]<\/p>","protected":false},"author":1,"featured_media":0,"parent":0,"menu_order":0,"comment_status":"closed","ping_status":"closed","template":"","meta":{"_uag_custom_page_level_css":"","site-sidebar-layout":"default","site-content-layout":"","ast-site-content-layout":"default","site-content-style":"default","site-sidebar-style":"default","ast-global-header-display":"","ast-banner-title-visibility":"","ast-main-header-display":"","ast-hfb-above-header-display":"","ast-hfb-below-header-display":"","ast-hfb-mobile-header-display":"","site-post-title":"disabled","ast-breadcrumbs-content":"","ast-featured-img":"","footer-sml-layout":"","theme-transparent-header-meta":"","adv-header-id-meta":"","stick-header-meta":"","header-above-stick-meta":"","header-main-stick-meta":"","header-below-stick-meta":"","astra-migrate-meta-layouts":"set","ast-page-background-enabled":"default","ast-page-background-meta":{"desktop":{"background-color":"var(--ast-global-color-4)","background-image":"","background-repeat":"repeat","background-position":"center center","background-size":"auto","background-attachment":"scroll","background-type":"","background-media":"","overlay-type":"","overlay-color":"","overlay-opacity":"","overlay-gradient":""},"tablet":{"background-color":"","background-image":"","background-repeat":"repeat","background-position":"center center","background-size":"auto","background-attachment":"scroll","background-type":"","background-media":"","overlay-type":"","overlay-color":"","overlay-opacity":"","overlay-gradient":""},"mobile":{"background-color":"","background-image":"","background-repeat":"repeat","background-position":"center center","background-size":"auto","background-attachment":"scroll","background-type":"","background-media":"","overlay-type":"","overlay-color":"","overlay-opacity":"","overlay-gradient":""}},"ast-content-background-meta":{"desktop":{"background-color":"var(--ast-global-color-5)","background-image":"","background-repeat":"repeat","background-position":"center center","background-size":"auto","background-attachment":"scroll","background-type":"","background-media":"","overlay-type":"","overlay-color":"","overlay-opacity":"","overlay-gradient":""},"tablet":{"background-color":"var(--ast-global-color-5)","background-image":"","background-repeat":"repeat","background-position":"center center","background-size":"auto","background-attachment":"scroll","background-type":"","background-media":"","overlay-type":"","overlay-color":"","overlay-opacity":"","overlay-gradient":""},"mobile":{"background-color":"var(--ast-global-color-5)","background-image":"","background-repeat":"repeat","background-position":"center center","background-size":"auto","background-attachment":"scroll","background-type":"","background-media":"","overlay-type":"","overlay-color":"","overlay-opacity":"","overlay-gradient":""}},"footnotes":""},"class_list":["post-8821","page","type-page","status-publish","hentry"],"yoast_head":"<!-- This site is optimized with the Yoast SEO Premium plugin v24.2 (Yoast SEO v24.6) - https:\/\/yoast.com\/wordpress\/plugins\/seo\/ -->\n<title>Frederica Hauffe - Uni\u00f3n Esp\u00edrita<\/title>\n<meta name=\"robots\" content=\"index, follow, max-snippet:-1, max-image-preview:large, max-video-preview:-1\" \/>\n<link rel=\"canonical\" href=\"https:\/\/nuevo-renacer.com\/tr\/frederica-hauffe\/\" \/>\n<meta property=\"og:locale\" content=\"tr_TR\" \/>\n<meta property=\"og:type\" content=\"article\" \/>\n<meta property=\"og:title\" content=\"Frederica Hauffe\" \/>\n<meta property=\"og:description\" content=\"Frederica Hauffe Cerca de la ciudad de L\u00f6wenstein, en Baden-W\u00fcrttemberg, entre las monta\u00f1as cuyo punto m\u00e1s alto alcanza los 1879 pies sobre el nivel del mar, rodeada de colinas y valles, en un recodo pintoresco, se encuentra la peque\u00f1a aldea de Prevorst. Cuenta con poco m\u00e1s de 400 habitantes, que viven en su mayor parte [&hellip;]\" \/>\n<meta property=\"og:url\" content=\"https:\/\/nuevo-renacer.com\/tr\/frederica-hauffe\/\" \/>\n<meta property=\"og:site_name\" content=\"Uni\u00f3n Esp\u00edrita\" \/>\n<meta property=\"article:publisher\" content=\"https:\/\/www.facebook.com\/groups\/3431398063740829\" \/>\n<meta property=\"article:modified_time\" content=\"2026-03-24T09:05:05+00:00\" \/>\n<meta property=\"og:image\" content=\"https:\/\/nuevo-renacer.com\/wp-content\/uploads\/2026\/03\/Frederica-Hauffe.jpg\" \/>\n\t<meta property=\"og:image:width\" content=\"960\" \/>\n\t<meta property=\"og:image:height\" content=\"1190\" \/>\n\t<meta property=\"og:image:type\" content=\"image\/jpeg\" \/>\n<meta name=\"twitter:card\" content=\"summary_large_image\" \/>\n<meta name=\"twitter:label1\" content=\"Tahmini okuma s\u00fcresi\" \/>\n\t<meta name=\"twitter:data1\" content=\"6 dakika\" \/>\n<script type=\"application\/ld+json\" class=\"yoast-schema-graph\">{\"@context\":\"https:\/\/schema.org\",\"@graph\":[{\"@type\":\"WebPage\",\"@id\":\"https:\/\/nuevo-renacer.com\/frederica-hauffe\/\",\"url\":\"https:\/\/nuevo-renacer.com\/frederica-hauffe\/\",\"name\":\"Frederica Hauffe - Uni\u00f3n Esp\u00edrita\",\"isPartOf\":{\"@id\":\"https:\/\/nuevo-renacer.com\/#website\"},\"primaryImageOfPage\":{\"@id\":\"https:\/\/nuevo-renacer.com\/frederica-hauffe\/#primaryimage\"},\"image\":{\"@id\":\"https:\/\/nuevo-renacer.com\/frederica-hauffe\/#primaryimage\"},\"thumbnailUrl\":\"https:\/\/nuevo-renacer.com\/wp-content\/uploads\/2026\/03\/Frederica-Hauffe-826x1024.jpg\",\"datePublished\":\"2026-03-24T09:03:50+00:00\",\"dateModified\":\"2026-03-24T09:05:05+00:00\",\"breadcrumb\":{\"@id\":\"https:\/\/nuevo-renacer.com\/frederica-hauffe\/#breadcrumb\"},\"inLanguage\":\"tr\",\"potentialAction\":[{\"@type\":\"ReadAction\",\"target\":[\"https:\/\/nuevo-renacer.com\/frederica-hauffe\/\"]}]},{\"@type\":\"ImageObject\",\"inLanguage\":\"tr\",\"@id\":\"https:\/\/nuevo-renacer.com\/frederica-hauffe\/#primaryimage\",\"url\":\"https:\/\/nuevo-renacer.com\/wp-content\/uploads\/2026\/03\/Frederica-Hauffe-826x1024.jpg\",\"contentUrl\":\"https:\/\/nuevo-renacer.com\/wp-content\/uploads\/2026\/03\/Frederica-Hauffe-826x1024.jpg\"},{\"@type\":\"BreadcrumbList\",\"@id\":\"https:\/\/nuevo-renacer.com\/frederica-hauffe\/#breadcrumb\",\"itemListElement\":[{\"@type\":\"ListItem\",\"position\":1,\"name\":\"Startseite\",\"item\":\"https:\/\/nuevo-renacer.com\/\"},{\"@type\":\"ListItem\",\"position\":2,\"name\":\"Frederica Hauffe\"}]},{\"@type\":\"WebSite\",\"@id\":\"https:\/\/nuevo-renacer.com\/#website\",\"url\":\"https:\/\/nuevo-renacer.com\/\",\"name\":\"Uni\u00f3n Esp\u00edrita\",\"description\":\"Nuevo Renacer\",\"publisher\":{\"@id\":\"https:\/\/nuevo-renacer.com\/#organization\"},\"potentialAction\":[{\"@type\":\"SearchAction\",\"target\":{\"@type\":\"EntryPoint\",\"urlTemplate\":\"https:\/\/nuevo-renacer.com\/?s={search_term_string}\"},\"query-input\":{\"@type\":\"PropertyValueSpecification\",\"valueRequired\":true,\"valueName\":\"search_term_string\"}}],\"inLanguage\":\"tr\"},{\"@type\":\"Organization\",\"@id\":\"https:\/\/nuevo-renacer.com\/#organization\",\"name\":\"UFEC\",\"url\":\"https:\/\/nuevo-renacer.com\/\",\"logo\":{\"@type\":\"ImageObject\",\"inLanguage\":\"tr\",\"@id\":\"https:\/\/nuevo-renacer.com\/#\/schema\/logo\/image\/\",\"url\":\"https:\/\/nuevo-renacer.com\/wp-content\/uploads\/2024\/05\/cropped-LOGO-TERMINADO1-3-3.png\",\"contentUrl\":\"https:\/\/nuevo-renacer.com\/wp-content\/uploads\/2024\/05\/cropped-LOGO-TERMINADO1-3-3.png\",\"width\":512,\"height\":512,\"caption\":\"UFEC\"},\"image\":{\"@id\":\"https:\/\/nuevo-renacer.com\/#\/schema\/logo\/image\/\"},\"sameAs\":[\"https:\/\/www.facebook.com\/groups\/3431398063740829\"]}]}<\/script>\n<!-- \/ Yoast SEO Premium plugin. -->","yoast_head_json":{"title":"Frederica Hauffe - Uni\u00f3n Esp\u00edrita","robots":{"index":"index","follow":"follow","max-snippet":"max-snippet:-1","max-image-preview":"max-image-preview:large","max-video-preview":"max-video-preview:-1"},"canonical":"https:\/\/nuevo-renacer.com\/tr\/frederica-hauffe\/","og_locale":"tr_TR","og_type":"article","og_title":"Frederica Hauffe","og_description":"Frederica Hauffe Cerca de la ciudad de L\u00f6wenstein, en Baden-W\u00fcrttemberg, entre las monta\u00f1as cuyo punto m\u00e1s alto alcanza los 1879 pies sobre el nivel del mar, rodeada de colinas y valles, en un recodo pintoresco, se encuentra la peque\u00f1a aldea de Prevorst. Cuenta con poco m\u00e1s de 400 habitantes, que viven en su mayor parte [&hellip;]","og_url":"https:\/\/nuevo-renacer.com\/tr\/frederica-hauffe\/","og_site_name":"Uni\u00f3n Esp\u00edrita","article_publisher":"https:\/\/www.facebook.com\/groups\/3431398063740829","article_modified_time":"2026-03-24T09:05:05+00:00","og_image":[{"width":960,"height":1190,"url":"https:\/\/nuevo-renacer.com\/wp-content\/uploads\/2026\/03\/Frederica-Hauffe.jpg","type":"image\/jpeg"}],"twitter_card":"summary_large_image","twitter_misc":{"Tahmini okuma s\u00fcresi":"6 dakika"},"schema":{"@context":"https:\/\/schema.org","@graph":[{"@type":"WebPage","@id":"https:\/\/nuevo-renacer.com\/frederica-hauffe\/","url":"https:\/\/nuevo-renacer.com\/frederica-hauffe\/","name":"Frederica Hauffe - Uni\u00f3n Esp\u00edrita","isPartOf":{"@id":"https:\/\/nuevo-renacer.com\/#website"},"primaryImageOfPage":{"@id":"https:\/\/nuevo-renacer.com\/frederica-hauffe\/#primaryimage"},"image":{"@id":"https:\/\/nuevo-renacer.com\/frederica-hauffe\/#primaryimage"},"thumbnailUrl":"https:\/\/nuevo-renacer.com\/wp-content\/uploads\/2026\/03\/Frederica-Hauffe-826x1024.jpg","datePublished":"2026-03-24T09:03:50+00:00","dateModified":"2026-03-24T09:05:05+00:00","breadcrumb":{"@id":"https:\/\/nuevo-renacer.com\/frederica-hauffe\/#breadcrumb"},"inLanguage":"tr","potentialAction":[{"@type":"ReadAction","target":["https:\/\/nuevo-renacer.com\/frederica-hauffe\/"]}]},{"@type":"ImageObject","inLanguage":"tr","@id":"https:\/\/nuevo-renacer.com\/frederica-hauffe\/#primaryimage","url":"https:\/\/nuevo-renacer.com\/wp-content\/uploads\/2026\/03\/Frederica-Hauffe-826x1024.jpg","contentUrl":"https:\/\/nuevo-renacer.com\/wp-content\/uploads\/2026\/03\/Frederica-Hauffe-826x1024.jpg"},{"@type":"BreadcrumbList","@id":"https:\/\/nuevo-renacer.com\/frederica-hauffe\/#breadcrumb","itemListElement":[{"@type":"ListItem","position":1,"name":"Startseite","item":"https:\/\/nuevo-renacer.com\/"},{"@type":"ListItem","position":2,"name":"Frederica Hauffe"}]},{"@type":"WebSite","@id":"https:\/\/nuevo-renacer.com\/#website","url":"https:\/\/nuevo-renacer.com\/","name":"Uni\u00f3n Esp\u00edrita","description":"Nuevo Renacer","publisher":{"@id":"https:\/\/nuevo-renacer.com\/#organization"},"potentialAction":[{"@type":"SearchAction","target":{"@type":"EntryPoint","urlTemplate":"https:\/\/nuevo-renacer.com\/?s={search_term_string}"},"query-input":{"@type":"PropertyValueSpecification","valueRequired":true,"valueName":"search_term_string"}}],"inLanguage":"tr"},{"@type":"Organization","@id":"https:\/\/nuevo-renacer.com\/#organization","name":"UFEC","url":"https:\/\/nuevo-renacer.com\/","logo":{"@type":"ImageObject","inLanguage":"tr","@id":"https:\/\/nuevo-renacer.com\/#\/schema\/logo\/image\/","url":"https:\/\/nuevo-renacer.com\/wp-content\/uploads\/2024\/05\/cropped-LOGO-TERMINADO1-3-3.png","contentUrl":"https:\/\/nuevo-renacer.com\/wp-content\/uploads\/2024\/05\/cropped-LOGO-TERMINADO1-3-3.png","width":512,"height":512,"caption":"UFEC"},"image":{"@id":"https:\/\/nuevo-renacer.com\/#\/schema\/logo\/image\/"},"sameAs":["https:\/\/www.facebook.com\/groups\/3431398063740829"]}]}},"uagb_featured_image_src":{"full":false,"thumbnail":false,"medium":false,"medium_large":false,"large":false,"1536x1536":false,"2048x2048":false,"trp-custom-language-flag":false},"uagb_author_info":{"display_name":"adbv0","author_link":"https:\/\/nuevo-renacer.com\/tr\/author\/adbv0\/"},"uagb_comment_info":0,"uagb_excerpt":"Frederica Hauffe Cerca de la ciudad de L\u00f6wenstein, en Baden-W\u00fcrttemberg, entre las monta\u00f1as cuyo punto m\u00e1s alto alcanza los 1879 pies sobre el nivel del mar, rodeada de colinas y valles, en un recodo pintoresco, se encuentra la peque\u00f1a aldea de Prevorst. Cuenta con poco m\u00e1s de 400 habitantes, que viven en su mayor parte&hellip;","jetpack_sharing_enabled":true,"_links":{"self":[{"href":"https:\/\/nuevo-renacer.com\/tr\/wp-json\/wp\/v2\/pages\/8821","targetHints":{"allow":["GET"]}}],"collection":[{"href":"https:\/\/nuevo-renacer.com\/tr\/wp-json\/wp\/v2\/pages"}],"about":[{"href":"https:\/\/nuevo-renacer.com\/tr\/wp-json\/wp\/v2\/types\/page"}],"author":[{"embeddable":true,"href":"https:\/\/nuevo-renacer.com\/tr\/wp-json\/wp\/v2\/users\/1"}],"replies":[{"embeddable":true,"href":"https:\/\/nuevo-renacer.com\/tr\/wp-json\/wp\/v2\/comments?post=8821"}],"version-history":[{"count":1,"href":"https:\/\/nuevo-renacer.com\/tr\/wp-json\/wp\/v2\/pages\/8821\/revisions"}],"predecessor-version":[{"id":8823,"href":"https:\/\/nuevo-renacer.com\/tr\/wp-json\/wp\/v2\/pages\/8821\/revisions\/8823"}],"wp:attachment":[{"href":"https:\/\/nuevo-renacer.com\/tr\/wp-json\/wp\/v2\/media?parent=8821"}],"curies":[{"name":"wp","href":"https:\/\/api.w.org\/{rel}","templated":true}]}}