{"id":8790,"date":"2026-02-19T13:58:03","date_gmt":"2026-02-19T13:58:03","guid":{"rendered":"https:\/\/nuevo-renacer.com\/?page_id=8790"},"modified":"2026-02-19T14:02:33","modified_gmt":"2026-02-19T14:02:33","slug":"raymond-auguste-quinsac-monvoisin","status":"publish","type":"page","link":"https:\/\/nuevo-renacer.com\/tr\/raymond-auguste-quinsac-monvoisin\/","title":{"rendered":"Raymond Auguste Quinsac Monvoisin"},"content":{"rendered":"<div class=\"wp-block-uagb-container uagb-block-8ccacd85 alignfull uagb-is-root-container\"><div class=\"uagb-container-inner-blocks-wrap\">\n<p class=\"has-black-color has-text-color has-link-color has-medium-font-size wp-elements-cd0bd16a4652a70e5a78a090f21efbb3\"><strong>Raymond Auguste Quinsac Monvoisin<\/strong><\/p>\n<\/div><\/div>\n\n\n\n<div class=\"wp-block-uagb-container uagb-block-03785b68 alignfull uagb-is-root-container\"><div class=\"uagb-container-inner-blocks-wrap\">\n<figure class=\"wp-block-image size-full is-resized\"><img fetchpriority=\"high\" decoding=\"async\" width=\"469\" height=\"535\" src=\"https:\/\/nuevo-renacer.com\/wp-content\/uploads\/2026\/02\/Raymond-Quinsac-Monvoisin.jpg\" alt=\"\" class=\"wp-image-8791\" style=\"aspect-ratio:0.8766416888244299;width:352px;height:auto\" srcset=\"https:\/\/nuevo-renacer.com\/wp-content\/uploads\/2026\/02\/Raymond-Quinsac-Monvoisin.jpg 469w, https:\/\/nuevo-renacer.com\/wp-content\/uploads\/2026\/02\/Raymond-Quinsac-Monvoisin-263x300.jpg 263w, https:\/\/nuevo-renacer.com\/wp-content\/uploads\/2026\/02\/Raymond-Quinsac-Monvoisin-11x12.jpg 11w\" sizes=\"(max-width: 469px) 100vw, 469px\" \/><\/figure>\n<\/div><\/div>\n\n\n\n<div class=\"wp-block-uagb-container uagb-block-118be211 alignfull uagb-is-root-container\"><div class=\"uagb-container-inner-blocks-wrap\">\n<p class=\"has-black-color has-text-color has-link-color has-small-font-size wp-elements-8f8db06decfb284728eef3f58878e5f6\">Raymond Auguste Quinsac Monvoisin, 31 May\u0131s 1790\u2019da Fransa\u2019n\u0131n Bordeaux \u015fehrinde do\u011fdu. T\u00fcr, manzara, tarih ve portre ressam\u0131 olan Monvoisin, Paris G\u00fczel Sanatlar Okulu\u2019nda Baron Gu\u00e9rin\u2019in en se\u00e7kin \u00f6\u011frencilerinden biriydi. \u00c7e\u015fitli \u00f6d\u00fcller kazand\u0131ktan sonra, 27 ya\u015f\u0131nda Fransa Kral\u0131\u2019n\u0131n bursiyeri olarak Roma\u2019ya g\u00f6nderildi. Fransa\u2019ya d\u00f6nd\u00fc\u011f\u00fcnde Salonda ba\u015far\u0131 g\u00f6sterdi ve iki kez birincilik \u00f6d\u00fcl\u00fc ald\u0131. 1842 y\u0131l\u0131na kadar s\u00fcren bu d\u00f6nemde, Frans\u0131z krallar\u0131n\u0131n ve R\u00f6nesans mare\u015fallerinin portrelerinden olu\u015fan serileri h\u00fck\u00fcmet taraf\u0131ndan Versailles Saray\u0131\u2019n\u0131n tarih\u00ee galerileri i\u00e7in sipari\u015f edilmi\u015fti.<\/p>\n\n\n\n<p class=\"has-black-color has-text-color has-link-color has-small-font-size wp-elements-e48844140a012d14e03dc506480bdf11\">1836\u2019da, g\u00fc\u00e7l\u00fc bir karaktere sahip olan Monvoisin, Frans\u0131z Kraliyet M\u00fczeleri\u2019nin y\u00f6neticisi Bay de Cailleux ile anla\u015fmazl\u0131\u011fa d\u00fc\u015ft\u00fc. Bu olay ve di\u011fer ki\u015fisel sorunlar nedeniyle sars\u0131lan Monvoisin, May\u0131s 1842\u2019de Fransa\u2019y\u0131 terk etti. G\u00fcney Amerika\u2019ya gitti. Monvoisin ve Rugendas, o d\u00f6nemde Amerika k\u0131tas\u0131n\u0131 ziyaret eden en \u00f6nemli iki sanat\u00e7\u0131yd\u0131. Buenos Aires\u2019de k\u0131sa bir s\u00fcre kald\u0131ktan sonra, Ocak 1843\u2019te \u015eili\u2019ye ula\u015ft\u0131 ve yan\u0131nda ondan biraz fazla panel getirdi; bu paneller Mart ay\u0131nda San Felipe \u00dcniversitesi\u2019nde sergilendi. Bu sergi, \u015eili sanat tarihi i\u00e7in bir d\u00f6n\u00fcm noktas\u0131 oldu, bir\u00e7ok \u00f6nemli ki\u015finin dikkatini \u00e7ekti ve eserlerin ustal\u0131\u011f\u0131 ve g\u00fczelli\u011fi b\u00fcy\u00fck hayranl\u0131k uyand\u0131rd\u0131. Monvoisin, en az y\u00fcz portre sipari\u015fi ald\u0131 ve d\u00f6nemin neredeyse t\u00fcm \u015eili aristokrasisini resmetti. H\u00fck\u00fbmet, kendisine \u015eili\u2019de kurulacak Resim ve \u00c7izim Akademisi\u2019nin ba\u015fkanl\u0131\u011f\u0131n\u0131 vaat etti, ancak sonunda \u0130talyan Alexandre Cicarelli\u2019yi se\u00e7ti.<\/p>\n\n\n\n<p class=\"has-black-color has-text-color has-link-color has-small-font-size wp-elements-68118bc9107dcf271a6639faf71e7b85\">Bir s\u00fcre sonra Monvoisin Peru ve Brezilya\u2019y\u0131 ziyaret etti. 19 Ekim 1847\u2019de Rio de Janeiro\u2019ya vard\u0131. Karde\u015fine yazd\u0131\u011f\u0131 bir mektupta s\u0131caktan \u015fik\u00e2yet etti ve \u0130mparator II. Pedro\u2019nun portresini yapaca\u011f\u0131n\u0131 bildirdi; \u0130mparator kendisini s\u0131cak bir \u015fekilde kar\u015f\u0131lad\u0131. Resim \u2013 II. Pedro\u2019yu ayakta, imparatorluk k\u0131yafeti i\u00e7inde g\u00f6steren \u2013 Brezilya \u0130mparatoru\u2019nun en ger\u00e7ek\u00e7i portresi olarak kabul edilir. Bu nedenle II. Pedro, sanat\u00e7\u0131ya Cruzeiro Ni\u015fan\u0131\u2019n\u0131 ve bir bronz sarka\u00e7 hediye etti. Tablo \u2013 Petr\u00f3polis \u0130mparatorluk M\u00fczesi\u2019nde g\u00f6r\u00fclebilir \u2013 II. Pedro\u2019nun torunu Prens Jo\u00e3o d\u2019Orl\u00e9ans ve Bragan\u00e7a\u2019ya aittir. \u0130mparator, S\u00e3o Crist\u00f3v\u00e3o Saray\u0131\u2019ndaki koleksiyonunda Monvoisin\u2019in ba\u015fka bir tablosuna da sahipti: Gen\u00e7 Perulu (veya Gen\u00e7 Araukan). Monvoisin, Spiritizmin zirvede oldu\u011fu 1858\u2019de Fransa\u2019ya d\u00f6nd\u00fc. Spiritist oldu ve homeopatiyi benimsedi. Ona dair ilk referans, May\u0131s 1866 tarihli Revue Spirite dergisinde ge\u00e7mektedir. \u201c\u00d6te D\u00fcnyadan Sohbetler\u201d b\u00f6l\u00fcm\u00fcnde, Frans\u0131z Kilisesi papazlar\u0131ndan Abbe Laverdet\u2019in ruhunun \u00e7a\u011fr\u0131lmas\u0131 \u00fczerine yap\u0131lan transkripsiyon yer al\u0131r; bu olay 5 Ocak 1866\u2019da ger\u00e7ekle\u015fmi\u015ftir. Kardec burada \u015f\u00f6yle bildirir: \u201cAbbe\u2019nin en yak\u0131n arkada\u015flar\u0131ndan biri olan Bay Monvoisin, \u00fcnl\u00fc tarih ressam\u0131 ve tutkulu bir spiritist olarak, \u00f6te d\u00fcnyadan birka\u00e7 s\u00f6z almak istedi\u011fi i\u00e7in onu \u00e7a\u011f\u0131rmam\u0131z\u0131 rica etti.\u201d<\/p>\n\n\n\n<p class=\"has-black-color has-text-color has-link-color has-small-font-size wp-elements-1aa081c9fe0182287bd15d3f16ba67f1\">Monvoisin, Paris Spiritist Ara\u015ft\u0131rmalar Derne\u011fi\u2019nin \u00fcyesiydi ve Spiritizmin Kodifikator\u00fc\u2019n\u00fcn portresinin de yazar\u0131d\u0131r. Bu \u00fcnl\u00fc ressam\u0131n sekiz tablosunun ba\u011f\u0131\u015f\u0131, Kardec\u2019in bir Spiritist M\u00fczesi kurma arzusunu tetikledi: Allan Kardec\u2019in alegorik portresi; Yazar\u0131n portresi (Monvoisin); Jeanne d\u2019Arc\u2019\u0131n hayat\u0131ndan \u00fc\u00e7 spiritist sahne (Kaynaktaki Jeanne, Yaral\u0131 Jeanne ve Odun Y\u0131\u011f\u0131n\u0131n\u0131n \u00dczerindeki Jeanne); Jan Hus\u2019un otomatik infaz sahnesi; \u00dc\u00e7 Vahiy\u2019in sembolik tablosu; ve bedensel \u00f6l\u00fcm\u00fcnden sonra \u0130sa\u2019n\u0131n havarilerinin aras\u0131na g\u00f6r\u00fcn\u00fc\u015f\u00fc. Ressam, 26 Mart 1870\u2019de Boulogne-sur-Seine (Paris)\u2019de vefat etti. Ayn\u0131 y\u0131l\u0131n May\u0131s say\u0131s\u0131nda Revue Spirite, onun ruhsal d\u00fcnyaya ge\u00e7i\u015fini geni\u015f bir haberle duyurdu ve hayat\u0131n\u0131 ile Spiritizme olan ba\u011fl\u0131l\u0131\u011f\u0131n\u0131 anlatt\u0131. Metinde baz\u0131 s\u00f6zleri de aktar\u0131lm\u0131\u015ft\u0131r; bunlardan biri: \u201cSpiritist resmin \u00f6nc\u00fcs\u00fc ve babas\u0131 olaca\u011f\u0131m.\u201d \u00d6l\u00fcm\u00fcne kadar, Spiritizmin \u00f6nc\u00fclerinin portrelerinden olu\u015fan bir seri \u00fczerinde \u00e7al\u0131\u015f\u0131yordu.<\/p>\n<\/div><\/div>\n\n\n\n<div class=\"wp-block-uagb-container uagb-block-97a80b6a alignfull uagb-is-root-container\"><div class=\"uagb-container-inner-blocks-wrap\"><\/div><\/div>\n\n\n\n<div class=\"wp-block-uagb-container uagb-block-dcd492b0 alignfull uagb-is-root-container\"><div class=\"uagb-container-inner-blocks-wrap\"><\/div><\/div>","protected":false},"excerpt":{"rendered":"<p>Raymond Auguste Quinsac Monvoisin Raymond Auguste Quinsac Monvoisin naci\u00f3 el 31 de mayo de 1790 en Burdeos, Francia. Pintor de escenas de g\u00e9nero, paisajes, historia y retratos, fue uno de los disc\u00edpulos m\u00e1s destacados del Bar\u00f3n Gu\u00e9rin en la Escuela de Bellas Artes de Par\u00eds. Premiado en varias ocasiones, a los 27 a\u00f1os se convirti\u00f3 [&hellip;]<\/p>","protected":false},"author":1,"featured_media":0,"parent":0,"menu_order":0,"comment_status":"closed","ping_status":"closed","template":"","meta":{"_uag_custom_page_level_css":"","site-sidebar-layout":"default","site-content-layout":"","ast-site-content-layout":"default","site-content-style":"default","site-sidebar-style":"default","ast-global-header-display":"","ast-banner-title-visibility":"","ast-main-header-display":"","ast-hfb-above-header-display":"","ast-hfb-below-header-display":"","ast-hfb-mobile-header-display":"","site-post-title":"disabled","ast-breadcrumbs-content":"","ast-featured-img":"","footer-sml-layout":"","theme-transparent-header-meta":"","adv-header-id-meta":"","stick-header-meta":"","header-above-stick-meta":"","header-main-stick-meta":"","header-below-stick-meta":"","astra-migrate-meta-layouts":"set","ast-page-background-enabled":"default","ast-page-background-meta":{"desktop":{"background-color":"var(--ast-global-color-4)","background-image":"","background-repeat":"repeat","background-position":"center center","background-size":"auto","background-attachment":"scroll","background-type":"","background-media":"","overlay-type":"","overlay-color":"","overlay-opacity":"","overlay-gradient":""},"tablet":{"background-color":"","background-image":"","background-repeat":"repeat","background-position":"center center","background-size":"auto","background-attachment":"scroll","background-type":"","background-media":"","overlay-type":"","overlay-color":"","overlay-opacity":"","overlay-gradient":""},"mobile":{"background-color":"","background-image":"","background-repeat":"repeat","background-position":"center center","background-size":"auto","background-attachment":"scroll","background-type":"","background-media":"","overlay-type":"","overlay-color":"","overlay-opacity":"","overlay-gradient":""}},"ast-content-background-meta":{"desktop":{"background-color":"var(--ast-global-color-5)","background-image":"","background-repeat":"repeat","background-position":"center center","background-size":"auto","background-attachment":"scroll","background-type":"","background-media":"","overlay-type":"","overlay-color":"","overlay-opacity":"","overlay-gradient":""},"tablet":{"background-color":"var(--ast-global-color-5)","background-image":"","background-repeat":"repeat","background-position":"center center","background-size":"auto","background-attachment":"scroll","background-type":"","background-media":"","overlay-type":"","overlay-color":"","overlay-opacity":"","overlay-gradient":""},"mobile":{"background-color":"var(--ast-global-color-5)","background-image":"","background-repeat":"repeat","background-position":"center center","background-size":"auto","background-attachment":"scroll","background-type":"","background-media":"","overlay-type":"","overlay-color":"","overlay-opacity":"","overlay-gradient":""}},"footnotes":""},"class_list":["post-8790","page","type-page","status-publish","hentry"],"yoast_head":"<!-- This site is optimized with the Yoast SEO Premium plugin v24.2 (Yoast SEO v24.6) - https:\/\/yoast.com\/wordpress\/plugins\/seo\/ -->\n<title>Raymond Auguste Quinsac Monvoisin - Uni\u00f3n Esp\u00edrita<\/title>\n<meta name=\"robots\" content=\"index, follow, max-snippet:-1, max-image-preview:large, max-video-preview:-1\" \/>\n<link rel=\"canonical\" href=\"https:\/\/nuevo-renacer.com\/tr\/raymond-auguste-quinsac-monvoisin\/\" \/>\n<meta property=\"og:locale\" content=\"tr_TR\" \/>\n<meta property=\"og:type\" content=\"article\" \/>\n<meta property=\"og:title\" content=\"Raymond Auguste Quinsac Monvoisin\" \/>\n<meta property=\"og:description\" content=\"Raymond Auguste Quinsac Monvoisin Raymond Auguste Quinsac Monvoisin naci\u00f3 el 31 de mayo de 1790 en Burdeos, Francia. Pintor de escenas de g\u00e9nero, paisajes, historia y retratos, fue uno de los disc\u00edpulos m\u00e1s destacados del Bar\u00f3n Gu\u00e9rin en la Escuela de Bellas Artes de Par\u00eds. Premiado en varias ocasiones, a los 27 a\u00f1os se convirti\u00f3 [&hellip;]\" \/>\n<meta property=\"og:url\" content=\"https:\/\/nuevo-renacer.com\/tr\/raymond-auguste-quinsac-monvoisin\/\" \/>\n<meta property=\"og:site_name\" content=\"Uni\u00f3n Esp\u00edrita\" \/>\n<meta property=\"article:publisher\" content=\"https:\/\/www.facebook.com\/groups\/3431398063740829\" \/>\n<meta property=\"article:modified_time\" content=\"2026-02-19T14:02:33+00:00\" \/>\n<meta property=\"og:image\" content=\"https:\/\/nuevo-renacer.com\/wp-content\/uploads\/2026\/02\/Raymond-Quinsac-Monvoisin.jpg\" \/>\n\t<meta property=\"og:image:width\" content=\"469\" \/>\n\t<meta property=\"og:image:height\" content=\"535\" \/>\n\t<meta property=\"og:image:type\" content=\"image\/jpeg\" \/>\n<meta name=\"twitter:card\" content=\"summary_large_image\" \/>\n<meta name=\"twitter:label1\" content=\"Tahmini okuma s\u00fcresi\" \/>\n\t<meta name=\"twitter:data1\" content=\"5 dakika\" \/>\n<script type=\"application\/ld+json\" class=\"yoast-schema-graph\">{\"@context\":\"https:\/\/schema.org\",\"@graph\":[{\"@type\":\"WebPage\",\"@id\":\"https:\/\/nuevo-renacer.com\/raymond-auguste-quinsac-monvoisin\/\",\"url\":\"https:\/\/nuevo-renacer.com\/raymond-auguste-quinsac-monvoisin\/\",\"name\":\"Raymond Auguste Quinsac Monvoisin - Uni\u00f3n Esp\u00edrita\",\"isPartOf\":{\"@id\":\"https:\/\/nuevo-renacer.com\/#website\"},\"primaryImageOfPage\":{\"@id\":\"https:\/\/nuevo-renacer.com\/raymond-auguste-quinsac-monvoisin\/#primaryimage\"},\"image\":{\"@id\":\"https:\/\/nuevo-renacer.com\/raymond-auguste-quinsac-monvoisin\/#primaryimage\"},\"thumbnailUrl\":\"https:\/\/nuevo-renacer.com\/wp-content\/uploads\/2026\/02\/Raymond-Quinsac-Monvoisin.jpg\",\"datePublished\":\"2026-02-19T13:58:03+00:00\",\"dateModified\":\"2026-02-19T14:02:33+00:00\",\"breadcrumb\":{\"@id\":\"https:\/\/nuevo-renacer.com\/raymond-auguste-quinsac-monvoisin\/#breadcrumb\"},\"inLanguage\":\"tr\",\"potentialAction\":[{\"@type\":\"ReadAction\",\"target\":[\"https:\/\/nuevo-renacer.com\/raymond-auguste-quinsac-monvoisin\/\"]}]},{\"@type\":\"ImageObject\",\"inLanguage\":\"tr\",\"@id\":\"https:\/\/nuevo-renacer.com\/raymond-auguste-quinsac-monvoisin\/#primaryimage\",\"url\":\"https:\/\/nuevo-renacer.com\/wp-content\/uploads\/2026\/02\/Raymond-Quinsac-Monvoisin.jpg\",\"contentUrl\":\"https:\/\/nuevo-renacer.com\/wp-content\/uploads\/2026\/02\/Raymond-Quinsac-Monvoisin.jpg\"},{\"@type\":\"BreadcrumbList\",\"@id\":\"https:\/\/nuevo-renacer.com\/raymond-auguste-quinsac-monvoisin\/#breadcrumb\",\"itemListElement\":[{\"@type\":\"ListItem\",\"position\":1,\"name\":\"Startseite\",\"item\":\"https:\/\/nuevo-renacer.com\/\"},{\"@type\":\"ListItem\",\"position\":2,\"name\":\"Raymond Auguste Quinsac Monvoisin\"}]},{\"@type\":\"WebSite\",\"@id\":\"https:\/\/nuevo-renacer.com\/#website\",\"url\":\"https:\/\/nuevo-renacer.com\/\",\"name\":\"Uni\u00f3n Esp\u00edrita\",\"description\":\"Nuevo Renacer\",\"publisher\":{\"@id\":\"https:\/\/nuevo-renacer.com\/#organization\"},\"potentialAction\":[{\"@type\":\"SearchAction\",\"target\":{\"@type\":\"EntryPoint\",\"urlTemplate\":\"https:\/\/nuevo-renacer.com\/?s={search_term_string}\"},\"query-input\":{\"@type\":\"PropertyValueSpecification\",\"valueRequired\":true,\"valueName\":\"search_term_string\"}}],\"inLanguage\":\"tr\"},{\"@type\":\"Organization\",\"@id\":\"https:\/\/nuevo-renacer.com\/#organization\",\"name\":\"UFEC\",\"url\":\"https:\/\/nuevo-renacer.com\/\",\"logo\":{\"@type\":\"ImageObject\",\"inLanguage\":\"tr\",\"@id\":\"https:\/\/nuevo-renacer.com\/#\/schema\/logo\/image\/\",\"url\":\"https:\/\/nuevo-renacer.com\/wp-content\/uploads\/2024\/05\/cropped-LOGO-TERMINADO1-3-3.png\",\"contentUrl\":\"https:\/\/nuevo-renacer.com\/wp-content\/uploads\/2024\/05\/cropped-LOGO-TERMINADO1-3-3.png\",\"width\":512,\"height\":512,\"caption\":\"UFEC\"},\"image\":{\"@id\":\"https:\/\/nuevo-renacer.com\/#\/schema\/logo\/image\/\"},\"sameAs\":[\"https:\/\/www.facebook.com\/groups\/3431398063740829\"]}]}<\/script>\n<!-- \/ Yoast SEO Premium plugin. -->","yoast_head_json":{"title":"Raymond Auguste Quinsac Monvoisin - Uni\u00f3n Esp\u00edrita","robots":{"index":"index","follow":"follow","max-snippet":"max-snippet:-1","max-image-preview":"max-image-preview:large","max-video-preview":"max-video-preview:-1"},"canonical":"https:\/\/nuevo-renacer.com\/tr\/raymond-auguste-quinsac-monvoisin\/","og_locale":"tr_TR","og_type":"article","og_title":"Raymond Auguste Quinsac Monvoisin","og_description":"Raymond Auguste Quinsac Monvoisin Raymond Auguste Quinsac Monvoisin naci\u00f3 el 31 de mayo de 1790 en Burdeos, Francia. Pintor de escenas de g\u00e9nero, paisajes, historia y retratos, fue uno de los disc\u00edpulos m\u00e1s destacados del Bar\u00f3n Gu\u00e9rin en la Escuela de Bellas Artes de Par\u00eds. Premiado en varias ocasiones, a los 27 a\u00f1os se convirti\u00f3 [&hellip;]","og_url":"https:\/\/nuevo-renacer.com\/tr\/raymond-auguste-quinsac-monvoisin\/","og_site_name":"Uni\u00f3n Esp\u00edrita","article_publisher":"https:\/\/www.facebook.com\/groups\/3431398063740829","article_modified_time":"2026-02-19T14:02:33+00:00","og_image":[{"width":469,"height":535,"url":"https:\/\/nuevo-renacer.com\/wp-content\/uploads\/2026\/02\/Raymond-Quinsac-Monvoisin.jpg","type":"image\/jpeg"}],"twitter_card":"summary_large_image","twitter_misc":{"Tahmini okuma s\u00fcresi":"5 dakika"},"schema":{"@context":"https:\/\/schema.org","@graph":[{"@type":"WebPage","@id":"https:\/\/nuevo-renacer.com\/raymond-auguste-quinsac-monvoisin\/","url":"https:\/\/nuevo-renacer.com\/raymond-auguste-quinsac-monvoisin\/","name":"Raymond Auguste Quinsac Monvoisin - Uni\u00f3n Esp\u00edrita","isPartOf":{"@id":"https:\/\/nuevo-renacer.com\/#website"},"primaryImageOfPage":{"@id":"https:\/\/nuevo-renacer.com\/raymond-auguste-quinsac-monvoisin\/#primaryimage"},"image":{"@id":"https:\/\/nuevo-renacer.com\/raymond-auguste-quinsac-monvoisin\/#primaryimage"},"thumbnailUrl":"https:\/\/nuevo-renacer.com\/wp-content\/uploads\/2026\/02\/Raymond-Quinsac-Monvoisin.jpg","datePublished":"2026-02-19T13:58:03+00:00","dateModified":"2026-02-19T14:02:33+00:00","breadcrumb":{"@id":"https:\/\/nuevo-renacer.com\/raymond-auguste-quinsac-monvoisin\/#breadcrumb"},"inLanguage":"tr","potentialAction":[{"@type":"ReadAction","target":["https:\/\/nuevo-renacer.com\/raymond-auguste-quinsac-monvoisin\/"]}]},{"@type":"ImageObject","inLanguage":"tr","@id":"https:\/\/nuevo-renacer.com\/raymond-auguste-quinsac-monvoisin\/#primaryimage","url":"https:\/\/nuevo-renacer.com\/wp-content\/uploads\/2026\/02\/Raymond-Quinsac-Monvoisin.jpg","contentUrl":"https:\/\/nuevo-renacer.com\/wp-content\/uploads\/2026\/02\/Raymond-Quinsac-Monvoisin.jpg"},{"@type":"BreadcrumbList","@id":"https:\/\/nuevo-renacer.com\/raymond-auguste-quinsac-monvoisin\/#breadcrumb","itemListElement":[{"@type":"ListItem","position":1,"name":"Startseite","item":"https:\/\/nuevo-renacer.com\/"},{"@type":"ListItem","position":2,"name":"Raymond Auguste Quinsac Monvoisin"}]},{"@type":"WebSite","@id":"https:\/\/nuevo-renacer.com\/#website","url":"https:\/\/nuevo-renacer.com\/","name":"Uni\u00f3n Esp\u00edrita","description":"Nuevo Renacer","publisher":{"@id":"https:\/\/nuevo-renacer.com\/#organization"},"potentialAction":[{"@type":"SearchAction","target":{"@type":"EntryPoint","urlTemplate":"https:\/\/nuevo-renacer.com\/?s={search_term_string}"},"query-input":{"@type":"PropertyValueSpecification","valueRequired":true,"valueName":"search_term_string"}}],"inLanguage":"tr"},{"@type":"Organization","@id":"https:\/\/nuevo-renacer.com\/#organization","name":"UFEC","url":"https:\/\/nuevo-renacer.com\/","logo":{"@type":"ImageObject","inLanguage":"tr","@id":"https:\/\/nuevo-renacer.com\/#\/schema\/logo\/image\/","url":"https:\/\/nuevo-renacer.com\/wp-content\/uploads\/2024\/05\/cropped-LOGO-TERMINADO1-3-3.png","contentUrl":"https:\/\/nuevo-renacer.com\/wp-content\/uploads\/2024\/05\/cropped-LOGO-TERMINADO1-3-3.png","width":512,"height":512,"caption":"UFEC"},"image":{"@id":"https:\/\/nuevo-renacer.com\/#\/schema\/logo\/image\/"},"sameAs":["https:\/\/www.facebook.com\/groups\/3431398063740829"]}]}},"uagb_featured_image_src":{"full":false,"thumbnail":false,"medium":false,"medium_large":false,"large":false,"1536x1536":false,"2048x2048":false,"trp-custom-language-flag":false},"uagb_author_info":{"display_name":"adbv0","author_link":"https:\/\/nuevo-renacer.com\/tr\/author\/adbv0\/"},"uagb_comment_info":0,"uagb_excerpt":"Raymond Auguste Quinsac Monvoisin Raymond Auguste Quinsac Monvoisin naci\u00f3 el 31 de mayo de 1790 en Burdeos, Francia. Pintor de escenas de g\u00e9nero, paisajes, historia y retratos, fue uno de los disc\u00edpulos m\u00e1s destacados del Bar\u00f3n Gu\u00e9rin en la Escuela de Bellas Artes de Par\u00eds. Premiado en varias ocasiones, a los 27 a\u00f1os se convirti\u00f3&hellip;","jetpack_sharing_enabled":true,"_links":{"self":[{"href":"https:\/\/nuevo-renacer.com\/tr\/wp-json\/wp\/v2\/pages\/8790","targetHints":{"allow":["GET"]}}],"collection":[{"href":"https:\/\/nuevo-renacer.com\/tr\/wp-json\/wp\/v2\/pages"}],"about":[{"href":"https:\/\/nuevo-renacer.com\/tr\/wp-json\/wp\/v2\/types\/page"}],"author":[{"embeddable":true,"href":"https:\/\/nuevo-renacer.com\/tr\/wp-json\/wp\/v2\/users\/1"}],"replies":[{"embeddable":true,"href":"https:\/\/nuevo-renacer.com\/tr\/wp-json\/wp\/v2\/comments?post=8790"}],"version-history":[{"count":2,"href":"https:\/\/nuevo-renacer.com\/tr\/wp-json\/wp\/v2\/pages\/8790\/revisions"}],"predecessor-version":[{"id":8794,"href":"https:\/\/nuevo-renacer.com\/tr\/wp-json\/wp\/v2\/pages\/8790\/revisions\/8794"}],"wp:attachment":[{"href":"https:\/\/nuevo-renacer.com\/tr\/wp-json\/wp\/v2\/media?parent=8790"}],"curies":[{"name":"wp","href":"https:\/\/api.w.org\/{rel}","templated":true}]}}