{"id":8767,"date":"2026-01-23T11:46:40","date_gmt":"2026-01-23T11:46:40","guid":{"rendered":"https:\/\/nuevo-renacer.com\/?page_id=8767"},"modified":"2026-01-23T11:48:07","modified_gmt":"2026-01-23T11:48:07","slug":"gaetano-donizetti","status":"publish","type":"page","link":"https:\/\/nuevo-renacer.com\/tr\/gaetano-donizetti\/","title":{"rendered":"Gaetano Donizetti"},"content":{"rendered":"<div class=\"wp-block-uagb-container uagb-block-a4c824bc alignfull uagb-is-root-container\"><div class=\"uagb-container-inner-blocks-wrap\">\n<p class=\"has-black-color has-text-color has-link-color has-medium-font-size wp-elements-2721ce93325a53e9c1c8a57c7c732ac1\"><strong>Gaetano Donizetti<\/strong><\/p>\n<\/div><\/div>\n\n\n\n<div class=\"wp-block-uagb-container uagb-block-57a0b36f alignfull uagb-is-root-container\"><div class=\"uagb-container-inner-blocks-wrap\">\n<figure class=\"wp-block-image size-full is-resized\"><img fetchpriority=\"high\" decoding=\"async\" width=\"640\" height=\"663\" src=\"https:\/\/nuevo-renacer.com\/wp-content\/uploads\/2026\/01\/Gaetano_Donizetti.jpg\" alt=\"\" class=\"wp-image-8768\" style=\"width:304px;height:auto\" srcset=\"https:\/\/nuevo-renacer.com\/wp-content\/uploads\/2026\/01\/Gaetano_Donizetti.jpg 640w, https:\/\/nuevo-renacer.com\/wp-content\/uploads\/2026\/01\/Gaetano_Donizetti-290x300.jpg 290w, https:\/\/nuevo-renacer.com\/wp-content\/uploads\/2026\/01\/Gaetano_Donizetti-12x12.jpg 12w\" sizes=\"(max-width: 640px) 100vw, 640px\" \/><\/figure>\n<\/div><\/div>\n\n\n\n<div class=\"wp-block-uagb-container uagb-block-2273ec1b alignfull uagb-is-root-container\"><div class=\"uagb-container-inner-blocks-wrap\">\n<p class=\"has-black-color has-text-color has-link-color has-small-font-size wp-elements-114afe3dcbfc40482b2d3ace7f278f22\">Gaetano Donizetti Allan Kardec taraf\u0131ndan kodlanan Spirit\u00fcalizm Doktrini ile tan\u0131\u015fm\u0131\u015f olanlar, ruhlar\u0131n yeni bedenlerle d\u00fcnyaya geri d\u00f6nd\u00fcklerinde, belirli bir evrim a\u015famas\u0131na ula\u015ft\u0131klar\u0131nda ahlaki, dini, edebi, sanatsal ve bilimsel alanlarda yerine getirmeleri gereken g\u00f6revler getirdi\u011fini s\u00f6yleyenlere hi\u00e7 \u015fa\u015f\u0131rmazlar. Caetano Donizetti, \u00f6rne\u011fin, m\u00fczi\u011fi yayma g\u00f6revini se\u00e7ti, ancak bu m\u00fczik, yarat\u0131klar\u0131 etkileyip duyarl\u0131 hale getirecek, zihinlerini ve \u00f6zellikle duygular\u0131n\u0131 ele ge\u00e7irecek bir m\u00fczikti. G\u00fcn\u00fcm\u00fczde, t\u0131p biliminin de g\u00f6zlemledi\u011fi gibi, m\u00fczi\u011fin bir\u00e7ok durumda terap\u00f6tik i\u015flevler g\u00f6rd\u00fc\u011f\u00fc bilinmektedir. M\u00fczik, i\u015f verimlili\u011fini art\u0131rmada da etkili bir rol oynar. Donizetti, baz\u0131 halklar\u0131n ihtiya\u00e7 duydu\u011fu ses terapisini getirdi ve bu terapi, genel olarak be\u011feniyle ve ger\u00e7ek fayda sa\u011flayarak hala kullan\u0131lmaktad\u0131r. Kariyerine karar verme ya\u015f\u0131na geldi\u011finde, babas\u0131n\u0131n iste\u011fi do\u011frultusunda hukuk, \u00e7izime olan ola\u011fan\u00fcst\u00fc yetene\u011fi nedeniyle mimarl\u0131k ya da i\u00e7inden gelen bir ses, ruhani rehberinin sesi, kaderinin sesi ile \u00e7a\u011fr\u0131ld\u0131\u011f\u0131 m\u00fczik sanat\u0131 aras\u0131nda se\u00e7im yapmas\u0131 s\u00f6ylendi, diye ifade etti biyografi yazarlar\u0131ndan biri.<\/p>\n\n\n\n<p class=\"has-black-color has-text-color has-link-color has-small-font-size wp-elements-0a2ad10a1900e6f49c649e1ca8d59110\">Vitruvius'un bilimine duydu\u011fu b\u00fcy\u00fck hayranl\u0131\u011fa ve ailesinin onu toga giyerken g\u00f6rmek istemesine ra\u011fmen, g\u00fcn\u00fcm\u00fczde hala \u00e7ok az anla\u015f\u0131lan kader galip geldi ve Gaetano Donizetti d\u00fcnyaya besteci olarak ad\u0131n\u0131 duyurdu! 17 ya\u015f\u0131ndayd\u0131 ve senfoniler, keman d\u00f6rtl\u00fcleri, kantatlar ve dini m\u00fczikler yaz\u0131yordu, her zaman yetene\u011fini karakterize eden kolayl\u0131kla. Yurtd\u0131\u015f\u0131nda birka\u00e7 y\u0131l e\u011fitim g\u00f6rd\u00fckten sonra memleketine d\u00f6nen Donizetti, babas\u0131n\u0131n tiyatro i\u00e7in yazma amac\u0131ndan vazge\u00e7ip, daha kazan\u00e7l\u0131 oldu\u011fu i\u00e7in \u00f6\u011fretmenli\u011fe y\u00f6nelmesini \u0131srarla istemesi kar\u015f\u0131s\u0131nda \u015fa\u015f\u0131rd\u0131. Ailesi fakirdi ve do\u011fal olarak \u00f6\u011fretmen olarak ge\u00e7imini sa\u011flamak ve evin masraflar\u0131na katk\u0131da bulunmak onun i\u00e7in daha kolay olacakt\u0131. Donizetti, bu heyecanl\u0131 ruh, hi\u00e7bir \u015fekilde ders vermeye mahkum olamazd\u0131; hayal g\u00fcc\u00fc ve d\u00fc\u015f\u00fcnceleri s\u0131radan \u015feylerin \u00e7ok \u00fczerindeydi ve \u00f6\u011fretmen olmamas\u0131 i\u00e7in asker olarak orduya kat\u0131ld\u0131, \u00e7\u00fcnk\u00fc b\u00f6ylece k\u0131\u015fladaki bo\u015f zamanlar\u0131nda en sevdi\u011fi tutkuya daha kolay teslim olabilirdi.<\/p>\n\n\n\n<p class=\"has-black-color has-text-color has-link-color has-small-font-size wp-elements-a61998cf55cdc53605d72d80ec023438\">Tanr\u0131'n\u0131n \u00e7arp\u0131k \u00e7izgilerle do\u011fru yazd\u0131\u011f\u0131 s\u00f6ylenir ve bunda bir par\u00e7a do\u011fruluk vard\u0131r. Donizetti'de de tam olarak b\u00f6yle oldu. Bol bol bo\u015f zamanlar\u0131nda, ilk operas\u0131 olan \u201cEnrico, Conte di Borgogna\u201dy\u0131 ve ard\u0131ndan \u201cIl Falegname di Livonia\u201dy\u0131 yazd\u0131. \u201cIl Falegname di Livonia\u201d operas\u0131n\u0131n ba\u015far\u0131s\u0131 sayesinde, Donizetti'yi askerlik hizmetinden muaf tutan ve ona yard\u0131m eden \u00e7ok n\u00fcfuzlu ki\u015filerle tan\u0131\u015fma \u015fans\u0131 yakalad\u0131 ve onlar\u0131n yard\u0131m\u0131yla hemen b\u00fcy\u00fck bir m\u00fczik faaliyetine ba\u015flad\u0131. Do\u011fa\u00e7lama yetene\u011fi \u015fa\u015f\u0131rt\u0131c\u0131yd\u0131; ne yazaca\u011f\u0131n\u0131 asla d\u00fc\u015f\u00fcnmez, oturur ve kendini tamamen ilham perisine b\u0131rak\u0131rd\u0131. Bu nedenle, g\u00f6revi neredeyse mekanikti; m\u00fckemmel bir medyum olarak, o zaman sahip oldu\u011fu m\u00fczik bilgisiyle, tekrarlayal\u0131m, i\u00e7inde hayranl\u0131k uyand\u0131ran muhte\u015fem sesleri hissetti\u011fi yumu\u015fak ve harika orkestrasyonlar\u0131 olabildi\u011fince sad\u0131k bir \u015fekilde yeniden \u00fcretmekle s\u0131n\u0131rl\u0131yd\u0131.<\/p>\n\n\n\n<p class=\"has-black-color has-text-color has-link-color has-small-font-size wp-elements-8d560174bc1a02570d710261750845e1\">Bu m\u00fcziklerin ruhani bestecileri \u015f\u00fcphesiz \u00e7ok \u00e7e\u015fitliydi, \u00e7\u00fcnk\u00fc o bunlar\u0131 medyumluk yoluyla sunuyordu ve bu nedenle bestelerinin t\u00fcrleri de \u00e7e\u015fitliydi, \u00f6rne\u011fin \u201cSeptuor\u201d ve \u201cL\u00facia de Lammermoor\u201dun mezar sahnesi, \u201cFavorita\u201dn\u0131n 49. perdesi, yo\u011fun ve heyecan verici duygularla dolu sayfalar ve bunlar\u0131 dinlerken g\u00f6zlerimiz ya\u015flarla doluyor. Ancak \u201cDon Pasquale\u201d ve \u201cElixir d'Amore\u201dnin partit\u00fcrleri bizi daha samimi ve ileti\u015fimsel bir ne\u015feye ta\u015f\u0131r. Bu nedenle Donizetti, bir okula ba\u011fl\u0131 bir besteci de\u011fildi. Onun okulu, e\u011fer b\u00f6yle ifade edebilirsek, daha \u00f6nce de s\u00f6yledi\u011fimiz gibi, saf ve basit ilhamd\u0131. Bu ko\u015fullar alt\u0131nda, \u201cElisabeth de Kenilworth\u201d, \u201cEsula de Roma\u201d, \u201cLinda de Chamounix\u201d, \u201cLucr\u00e9cia Borgia\u201d ve di\u011ferleri gibi, g\u00fc\u00e7 ve tart\u0131\u015f\u0131lmaz g\u00fczelli\u011fin muhte\u015fem \u00f6rnekleri olan eserleri bize aktarmaya mecburdu, ancak ko\u015fullar onu zorlad\u0131\u011f\u0131nda, \u00fcst\u00fcn bir ilham olmadan bestelerini besteledi\u011finde, bu eserler neredeyse hi\u00e7bir de\u011feri yoktu. Ancak, bir m\u00fczik ele\u015ftirmeninin dedi\u011fi gibi, Donizetti, Rossini'den sonra, d\u00fcnya \u00e7ap\u0131nda en \u00e7ok alk\u0131\u015flanan besteci ve Avrupa m\u00fczi\u011fini en iyi teselli eden ki\u015fi oldu ve onu, b\u00fcy\u00fck Rossini'nin 1829'da, dahice operas\u0131 \u201cGuilherme Tell\u201din g\u00f6steriminden sonra dald\u0131rd\u0131\u011f\u0131 o ac\u0131 sessizlikten \u00e7\u0131kard\u0131.<\/p>\n<\/div><\/div>\n\n\n\n<div class=\"wp-block-uagb-container uagb-block-25d41728 alignfull uagb-is-root-container\"><div class=\"uagb-container-inner-blocks-wrap\"><\/div><\/div>\n\n\n\n<div class=\"wp-block-uagb-container uagb-block-4b4d622a alignfull uagb-is-root-container\"><div class=\"uagb-container-inner-blocks-wrap\"><\/div><\/div>","protected":false},"excerpt":{"rendered":"<p>Gaetano Donizetti Quien ya se ha familiarizado con la Doctrina Esp\u00edrita codificada por Allan Kardec no se sorprende si alguien afirma que los Esp\u00edritus, al regresar a la Tierra en nuevos cuerpos, una vez alcanzado cierto grado evolutivo, traen consigo tareas que cumplir en los campos moral, religioso, literario, art\u00edstico y cient\u00edfico. Gaetano Donizetti, por [&hellip;]<\/p>","protected":false},"author":1,"featured_media":0,"parent":0,"menu_order":0,"comment_status":"closed","ping_status":"closed","template":"","meta":{"_uag_custom_page_level_css":"","site-sidebar-layout":"default","site-content-layout":"","ast-site-content-layout":"default","site-content-style":"default","site-sidebar-style":"default","ast-global-header-display":"","ast-banner-title-visibility":"","ast-main-header-display":"","ast-hfb-above-header-display":"","ast-hfb-below-header-display":"","ast-hfb-mobile-header-display":"","site-post-title":"disabled","ast-breadcrumbs-content":"","ast-featured-img":"","footer-sml-layout":"","theme-transparent-header-meta":"","adv-header-id-meta":"","stick-header-meta":"","header-above-stick-meta":"","header-main-stick-meta":"","header-below-stick-meta":"","astra-migrate-meta-layouts":"set","ast-page-background-enabled":"default","ast-page-background-meta":{"desktop":{"background-color":"var(--ast-global-color-4)","background-image":"","background-repeat":"repeat","background-position":"center center","background-size":"auto","background-attachment":"scroll","background-type":"","background-media":"","overlay-type":"","overlay-color":"","overlay-opacity":"","overlay-gradient":""},"tablet":{"background-color":"","background-image":"","background-repeat":"repeat","background-position":"center center","background-size":"auto","background-attachment":"scroll","background-type":"","background-media":"","overlay-type":"","overlay-color":"","overlay-opacity":"","overlay-gradient":""},"mobile":{"background-color":"","background-image":"","background-repeat":"repeat","background-position":"center center","background-size":"auto","background-attachment":"scroll","background-type":"","background-media":"","overlay-type":"","overlay-color":"","overlay-opacity":"","overlay-gradient":""}},"ast-content-background-meta":{"desktop":{"background-color":"var(--ast-global-color-5)","background-image":"","background-repeat":"repeat","background-position":"center center","background-size":"auto","background-attachment":"scroll","background-type":"","background-media":"","overlay-type":"","overlay-color":"","overlay-opacity":"","overlay-gradient":""},"tablet":{"background-color":"var(--ast-global-color-5)","background-image":"","background-repeat":"repeat","background-position":"center center","background-size":"auto","background-attachment":"scroll","background-type":"","background-media":"","overlay-type":"","overlay-color":"","overlay-opacity":"","overlay-gradient":""},"mobile":{"background-color":"var(--ast-global-color-5)","background-image":"","background-repeat":"repeat","background-position":"center center","background-size":"auto","background-attachment":"scroll","background-type":"","background-media":"","overlay-type":"","overlay-color":"","overlay-opacity":"","overlay-gradient":""}},"footnotes":""},"class_list":["post-8767","page","type-page","status-publish","hentry"],"yoast_head":"<!-- This site is optimized with the Yoast SEO Premium plugin v24.2 (Yoast SEO v24.6) - https:\/\/yoast.com\/wordpress\/plugins\/seo\/ -->\n<title>Gaetano Donizetti - Uni\u00f3n Esp\u00edrita<\/title>\n<meta name=\"robots\" content=\"index, follow, max-snippet:-1, max-image-preview:large, max-video-preview:-1\" \/>\n<link rel=\"canonical\" href=\"https:\/\/nuevo-renacer.com\/tr\/gaetano-donizetti\/\" \/>\n<meta property=\"og:locale\" content=\"tr_TR\" \/>\n<meta property=\"og:type\" content=\"article\" \/>\n<meta property=\"og:title\" content=\"Gaetano Donizetti\" \/>\n<meta property=\"og:description\" content=\"Gaetano Donizetti Quien ya se ha familiarizado con la Doctrina Esp\u00edrita codificada por Allan Kardec no se sorprende si alguien afirma que los Esp\u00edritus, al regresar a la Tierra en nuevos cuerpos, una vez alcanzado cierto grado evolutivo, traen consigo tareas que cumplir en los campos moral, religioso, literario, art\u00edstico y cient\u00edfico. Gaetano Donizetti, por [&hellip;]\" \/>\n<meta property=\"og:url\" content=\"https:\/\/nuevo-renacer.com\/tr\/gaetano-donizetti\/\" \/>\n<meta property=\"og:site_name\" content=\"Uni\u00f3n Esp\u00edrita\" \/>\n<meta property=\"article:publisher\" content=\"https:\/\/www.facebook.com\/groups\/3431398063740829\" \/>\n<meta property=\"article:modified_time\" content=\"2026-01-23T11:48:07+00:00\" \/>\n<meta property=\"og:image\" content=\"https:\/\/nuevo-renacer.com\/wp-content\/uploads\/2026\/01\/Gaetano_Donizetti.jpg\" \/>\n\t<meta property=\"og:image:width\" content=\"640\" \/>\n\t<meta property=\"og:image:height\" content=\"663\" \/>\n\t<meta property=\"og:image:type\" content=\"image\/jpeg\" \/>\n<meta name=\"twitter:card\" content=\"summary_large_image\" \/>\n<meta name=\"twitter:label1\" content=\"Tahmini okuma s\u00fcresi\" \/>\n\t<meta name=\"twitter:data1\" content=\"5 dakika\" \/>\n<script type=\"application\/ld+json\" class=\"yoast-schema-graph\">{\"@context\":\"https:\/\/schema.org\",\"@graph\":[{\"@type\":\"WebPage\",\"@id\":\"https:\/\/nuevo-renacer.com\/gaetano-donizetti\/\",\"url\":\"https:\/\/nuevo-renacer.com\/gaetano-donizetti\/\",\"name\":\"Gaetano Donizetti - Uni\u00f3n Esp\u00edrita\",\"isPartOf\":{\"@id\":\"https:\/\/nuevo-renacer.com\/#website\"},\"primaryImageOfPage\":{\"@id\":\"https:\/\/nuevo-renacer.com\/gaetano-donizetti\/#primaryimage\"},\"image\":{\"@id\":\"https:\/\/nuevo-renacer.com\/gaetano-donizetti\/#primaryimage\"},\"thumbnailUrl\":\"https:\/\/nuevo-renacer.com\/wp-content\/uploads\/2026\/01\/Gaetano_Donizetti.jpg\",\"datePublished\":\"2026-01-23T11:46:40+00:00\",\"dateModified\":\"2026-01-23T11:48:07+00:00\",\"breadcrumb\":{\"@id\":\"https:\/\/nuevo-renacer.com\/gaetano-donizetti\/#breadcrumb\"},\"inLanguage\":\"tr\",\"potentialAction\":[{\"@type\":\"ReadAction\",\"target\":[\"https:\/\/nuevo-renacer.com\/gaetano-donizetti\/\"]}]},{\"@type\":\"ImageObject\",\"inLanguage\":\"tr\",\"@id\":\"https:\/\/nuevo-renacer.com\/gaetano-donizetti\/#primaryimage\",\"url\":\"https:\/\/nuevo-renacer.com\/wp-content\/uploads\/2026\/01\/Gaetano_Donizetti.jpg\",\"contentUrl\":\"https:\/\/nuevo-renacer.com\/wp-content\/uploads\/2026\/01\/Gaetano_Donizetti.jpg\"},{\"@type\":\"BreadcrumbList\",\"@id\":\"https:\/\/nuevo-renacer.com\/gaetano-donizetti\/#breadcrumb\",\"itemListElement\":[{\"@type\":\"ListItem\",\"position\":1,\"name\":\"Startseite\",\"item\":\"https:\/\/nuevo-renacer.com\/\"},{\"@type\":\"ListItem\",\"position\":2,\"name\":\"Gaetano Donizetti\"}]},{\"@type\":\"WebSite\",\"@id\":\"https:\/\/nuevo-renacer.com\/#website\",\"url\":\"https:\/\/nuevo-renacer.com\/\",\"name\":\"Uni\u00f3n Esp\u00edrita\",\"description\":\"Nuevo Renacer\",\"publisher\":{\"@id\":\"https:\/\/nuevo-renacer.com\/#organization\"},\"potentialAction\":[{\"@type\":\"SearchAction\",\"target\":{\"@type\":\"EntryPoint\",\"urlTemplate\":\"https:\/\/nuevo-renacer.com\/?s={search_term_string}\"},\"query-input\":{\"@type\":\"PropertyValueSpecification\",\"valueRequired\":true,\"valueName\":\"search_term_string\"}}],\"inLanguage\":\"tr\"},{\"@type\":\"Organization\",\"@id\":\"https:\/\/nuevo-renacer.com\/#organization\",\"name\":\"UFEC\",\"url\":\"https:\/\/nuevo-renacer.com\/\",\"logo\":{\"@type\":\"ImageObject\",\"inLanguage\":\"tr\",\"@id\":\"https:\/\/nuevo-renacer.com\/#\/schema\/logo\/image\/\",\"url\":\"https:\/\/nuevo-renacer.com\/wp-content\/uploads\/2024\/05\/cropped-LOGO-TERMINADO1-3-3.png\",\"contentUrl\":\"https:\/\/nuevo-renacer.com\/wp-content\/uploads\/2024\/05\/cropped-LOGO-TERMINADO1-3-3.png\",\"width\":512,\"height\":512,\"caption\":\"UFEC\"},\"image\":{\"@id\":\"https:\/\/nuevo-renacer.com\/#\/schema\/logo\/image\/\"},\"sameAs\":[\"https:\/\/www.facebook.com\/groups\/3431398063740829\"]}]}<\/script>\n<!-- \/ Yoast SEO Premium plugin. -->","yoast_head_json":{"title":"Gaetano Donizetti - Uni\u00f3n Esp\u00edrita","robots":{"index":"index","follow":"follow","max-snippet":"max-snippet:-1","max-image-preview":"max-image-preview:large","max-video-preview":"max-video-preview:-1"},"canonical":"https:\/\/nuevo-renacer.com\/tr\/gaetano-donizetti\/","og_locale":"tr_TR","og_type":"article","og_title":"Gaetano Donizetti","og_description":"Gaetano Donizetti Quien ya se ha familiarizado con la Doctrina Esp\u00edrita codificada por Allan Kardec no se sorprende si alguien afirma que los Esp\u00edritus, al regresar a la Tierra en nuevos cuerpos, una vez alcanzado cierto grado evolutivo, traen consigo tareas que cumplir en los campos moral, religioso, literario, art\u00edstico y cient\u00edfico. Gaetano Donizetti, por [&hellip;]","og_url":"https:\/\/nuevo-renacer.com\/tr\/gaetano-donizetti\/","og_site_name":"Uni\u00f3n Esp\u00edrita","article_publisher":"https:\/\/www.facebook.com\/groups\/3431398063740829","article_modified_time":"2026-01-23T11:48:07+00:00","og_image":[{"width":640,"height":663,"url":"https:\/\/nuevo-renacer.com\/wp-content\/uploads\/2026\/01\/Gaetano_Donizetti.jpg","type":"image\/jpeg"}],"twitter_card":"summary_large_image","twitter_misc":{"Tahmini okuma s\u00fcresi":"5 dakika"},"schema":{"@context":"https:\/\/schema.org","@graph":[{"@type":"WebPage","@id":"https:\/\/nuevo-renacer.com\/gaetano-donizetti\/","url":"https:\/\/nuevo-renacer.com\/gaetano-donizetti\/","name":"Gaetano Donizetti - Uni\u00f3n Esp\u00edrita","isPartOf":{"@id":"https:\/\/nuevo-renacer.com\/#website"},"primaryImageOfPage":{"@id":"https:\/\/nuevo-renacer.com\/gaetano-donizetti\/#primaryimage"},"image":{"@id":"https:\/\/nuevo-renacer.com\/gaetano-donizetti\/#primaryimage"},"thumbnailUrl":"https:\/\/nuevo-renacer.com\/wp-content\/uploads\/2026\/01\/Gaetano_Donizetti.jpg","datePublished":"2026-01-23T11:46:40+00:00","dateModified":"2026-01-23T11:48:07+00:00","breadcrumb":{"@id":"https:\/\/nuevo-renacer.com\/gaetano-donizetti\/#breadcrumb"},"inLanguage":"tr","potentialAction":[{"@type":"ReadAction","target":["https:\/\/nuevo-renacer.com\/gaetano-donizetti\/"]}]},{"@type":"ImageObject","inLanguage":"tr","@id":"https:\/\/nuevo-renacer.com\/gaetano-donizetti\/#primaryimage","url":"https:\/\/nuevo-renacer.com\/wp-content\/uploads\/2026\/01\/Gaetano_Donizetti.jpg","contentUrl":"https:\/\/nuevo-renacer.com\/wp-content\/uploads\/2026\/01\/Gaetano_Donizetti.jpg"},{"@type":"BreadcrumbList","@id":"https:\/\/nuevo-renacer.com\/gaetano-donizetti\/#breadcrumb","itemListElement":[{"@type":"ListItem","position":1,"name":"Startseite","item":"https:\/\/nuevo-renacer.com\/"},{"@type":"ListItem","position":2,"name":"Gaetano Donizetti"}]},{"@type":"WebSite","@id":"https:\/\/nuevo-renacer.com\/#website","url":"https:\/\/nuevo-renacer.com\/","name":"Uni\u00f3n Esp\u00edrita","description":"Nuevo Renacer","publisher":{"@id":"https:\/\/nuevo-renacer.com\/#organization"},"potentialAction":[{"@type":"SearchAction","target":{"@type":"EntryPoint","urlTemplate":"https:\/\/nuevo-renacer.com\/?s={search_term_string}"},"query-input":{"@type":"PropertyValueSpecification","valueRequired":true,"valueName":"search_term_string"}}],"inLanguage":"tr"},{"@type":"Organization","@id":"https:\/\/nuevo-renacer.com\/#organization","name":"UFEC","url":"https:\/\/nuevo-renacer.com\/","logo":{"@type":"ImageObject","inLanguage":"tr","@id":"https:\/\/nuevo-renacer.com\/#\/schema\/logo\/image\/","url":"https:\/\/nuevo-renacer.com\/wp-content\/uploads\/2024\/05\/cropped-LOGO-TERMINADO1-3-3.png","contentUrl":"https:\/\/nuevo-renacer.com\/wp-content\/uploads\/2024\/05\/cropped-LOGO-TERMINADO1-3-3.png","width":512,"height":512,"caption":"UFEC"},"image":{"@id":"https:\/\/nuevo-renacer.com\/#\/schema\/logo\/image\/"},"sameAs":["https:\/\/www.facebook.com\/groups\/3431398063740829"]}]}},"uagb_featured_image_src":{"full":false,"thumbnail":false,"medium":false,"medium_large":false,"large":false,"1536x1536":false,"2048x2048":false,"trp-custom-language-flag":false},"uagb_author_info":{"display_name":"adbv0","author_link":"https:\/\/nuevo-renacer.com\/tr\/author\/adbv0\/"},"uagb_comment_info":0,"uagb_excerpt":"Gaetano Donizetti Quien ya se ha familiarizado con la Doctrina Esp\u00edrita codificada por Allan Kardec no se sorprende si alguien afirma que los Esp\u00edritus, al regresar a la Tierra en nuevos cuerpos, una vez alcanzado cierto grado evolutivo, traen consigo tareas que cumplir en los campos moral, religioso, literario, art\u00edstico y cient\u00edfico. Gaetano Donizetti, por&hellip;","jetpack_sharing_enabled":true,"_links":{"self":[{"href":"https:\/\/nuevo-renacer.com\/tr\/wp-json\/wp\/v2\/pages\/8767","targetHints":{"allow":["GET"]}}],"collection":[{"href":"https:\/\/nuevo-renacer.com\/tr\/wp-json\/wp\/v2\/pages"}],"about":[{"href":"https:\/\/nuevo-renacer.com\/tr\/wp-json\/wp\/v2\/types\/page"}],"author":[{"embeddable":true,"href":"https:\/\/nuevo-renacer.com\/tr\/wp-json\/wp\/v2\/users\/1"}],"replies":[{"embeddable":true,"href":"https:\/\/nuevo-renacer.com\/tr\/wp-json\/wp\/v2\/comments?post=8767"}],"version-history":[{"count":1,"href":"https:\/\/nuevo-renacer.com\/tr\/wp-json\/wp\/v2\/pages\/8767\/revisions"}],"predecessor-version":[{"id":8769,"href":"https:\/\/nuevo-renacer.com\/tr\/wp-json\/wp\/v2\/pages\/8767\/revisions\/8769"}],"wp:attachment":[{"href":"https:\/\/nuevo-renacer.com\/tr\/wp-json\/wp\/v2\/media?parent=8767"}],"curies":[{"name":"wp","href":"https:\/\/api.w.org\/{rel}","templated":true}]}}