{"id":8720,"date":"2025-11-24T11:45:02","date_gmt":"2025-11-24T11:45:02","guid":{"rendered":"https:\/\/nuevo-renacer.com\/?page_id=8720"},"modified":"2025-11-24T11:45:05","modified_gmt":"2025-11-24T11:45:05","slug":"deolindo-amorim","status":"publish","type":"page","link":"https:\/\/nuevo-renacer.com\/tr\/deolindo-amorim\/","title":{"rendered":"Deolindo Amorim"},"content":{"rendered":"<div class=\"wp-block-uagb-container uagb-block-7b8ddccf alignfull uagb-is-root-container\"><div class=\"uagb-container-inner-blocks-wrap\">\n<p class=\"has-black-color has-text-color has-link-color has-medium-font-size wp-elements-228836afe7fbdd559211a974a2db083e\"><strong>Deolindo Amorim<\/strong><\/p>\n<\/div><\/div>\n\n\n\n<div class=\"wp-block-uagb-container uagb-block-e795a4c3 alignfull uagb-is-root-container\"><div class=\"uagb-container-inner-blocks-wrap\">\n<figure class=\"wp-block-image size-full\"><img fetchpriority=\"high\" decoding=\"async\" width=\"195\" height=\"258\" src=\"https:\/\/nuevo-renacer.com\/wp-content\/uploads\/2025\/11\/Deolindo-Amorim.jpg\" alt=\"\" class=\"wp-image-8721\" srcset=\"https:\/\/nuevo-renacer.com\/wp-content\/uploads\/2025\/11\/Deolindo-Amorim.jpg 195w, https:\/\/nuevo-renacer.com\/wp-content\/uploads\/2025\/11\/Deolindo-Amorim-9x12.jpg 9w\" sizes=\"(max-width: 195px) 100vw, 195px\" \/><\/figure>\n<\/div><\/div>\n\n\n\n<div class=\"wp-block-uagb-container uagb-block-f59387df alignfull uagb-is-root-container\"><div class=\"uagb-container-inner-blocks-wrap\">\n<p class=\"has-black-color has-text-color has-link-color wp-elements-90aaafa4e0b4b9affd837a1bfa2d16cc\">Deolindo Amorim, 23 Ocak 1908'de Bahia eyaletinin Baixa Grande \u015fehrinde do\u011fdu, ancak resmi belgelerinde 1906 olarak ge\u00e7mektedir. 24 Nisan 1989'da Rio de Janeiro'da vefat etti. Deolindo Antonio de Amorim ve Maria Flora de Amorim'in o\u011flu olan Amorim, Delta dos Santos Amorim ile evlendi ve bu evlilikten Paulo Henrique Amorim (gazeteci ve yurt d\u0131\u015f\u0131 muhabiri) ve Mar\u00edlia dos Santos Amorim ad\u0131nda iki \u00e7ocu\u011fu oldu.<\/p>\n\n\n\n<p class=\"has-black-color has-text-color has-link-color wp-elements-eb1a864cd218c9a511d43e63e9571bc1\">Katolik bir ailede do\u011fan Amorim, 1925\/1926 y\u0131llar\u0131nda Bahia Presbiteryen Kilisesi'nde Protestanl\u0131\u011fa ge\u00e7ti ve Bahia'n\u0131n g\u00fcneyinde, o d\u00f6nemde Ulusal Kongre'de tart\u0131\u015f\u0131lan anayasa de\u011fi\u015fikliklerine kar\u015f\u0131, dini \u00f6zg\u00fcrl\u00fckleri savunmak i\u00e7in Evanjelik H\u0131ristiyanlar taraf\u0131ndan d\u00fczenlenen b\u00fcy\u00fck kampanyaya kat\u0131ld\u0131. Evangelik seminerde papaz olmak i\u00e7in se\u00e7ildi, ancak inan\u00e7 beyan\u0131nda bulunmad\u0131. Bir papaz, evangelik olmayan bir kitap okurken ona \u015fu s\u00f6zlerle uyar\u0131da bulunarak Protestanl\u0131\u011f\u0131 b\u0131rakt\u0131: Bak karde\u015fim, Rab'bin hizmetine adanm\u0131\u015f olanlar t\u00fcm bu \u015feyleri hor g\u00f6rmelidir.<\/p>\n\n\n\n<p class=\"has-black-color has-text-color has-link-color wp-elements-b047bf84a20619669844b767836d04e6\">Kendi kendini yeti\u015ftiren bir adam olan onun edebiyata olan ilgisi erken ya\u015flarda ortaya \u00e7\u0131kt\u0131. Evanjelik konular \u00fczerine yazd\u0131\u011f\u0131 ilk eserleri, 17 ya\u015f\u0131ndayken Bahia, Canavieiros'ta yay\u0131nlanan Noroeste Evang\u00e9lico adl\u0131 Protestan bir yay\u0131nda bas\u0131ld\u0131. Ancak, bu y\u0131llar bir aray\u0131\u015f d\u00f6nemiydi; agnostik oldu, ancak \u015f\u00fcpheler ve depresyonlar her zaman mevcuttu. Ta ki 1935'te bir arkada\u015f\u0131 taraf\u0131ndan, orduda g\u00f6rev yapt\u0131\u011f\u0131 zamandan beri ya\u015fad\u0131\u011f\u0131 \u015fehir olan Rio de Janeiro'daki Jorge Niemeyer Spirit\u00fcel Merkezi'nde bir toplant\u0131ya davet edilene kadar. Deolindo, orada dinledi\u011fi konu\u015fmay\u0131 ve kavramlar\u0131 be\u011fenmekle kalmad\u0131, Merkezin d\u00fczenli bir ziyaret\u00e7isi oldu ve temel eserleri de incelemeye ba\u015flad\u0131. D\u00f6n\u00fc\u015f\u00fcm\u00fcnden sonra yap\u0131lan ilk se\u00e7imde, kurumun 1. sekreteri se\u00e7ildi.<\/p>\n\n\n\n<p class=\"has-black-color has-text-color has-link-color wp-elements-e04193899f16fab90d67e05334277168\">23 ya\u015f\u0131nda gazetecilik faaliyetlerinde bulunuyordu. Rio'da Jornal do Com\u00e9rcio gazetesinde \u00e7al\u0131\u015ft\u0131, ard\u0131ndan A Vanguarda gazetesine ge\u00e7ti. Ve profesyonel bir gazeteci olarak O Radical gazetesine ge\u00e7ti. Hayat\u0131n\u0131n sonuna kadar gazetecili\u011fe sad\u0131k kald\u0131.<\/p>\n\n\n\n<p class=\"has-black-color has-text-color has-link-color wp-elements-b8df37b86ba9c6bc8e22899ec20272c3\">Geni\u015f k\u00fclt\u00fcr\u00fc ve yetene\u011fi, kendine \u00f6zg\u00fc al\u00e7akg\u00f6n\u00fcll\u00fcl\u00fc\u011f\u00fcyle birle\u015fince, Rio de Janeiro'da yay\u0131nlanan Mundo Esp\u00edrita gazetesinin edit\u00f6r\u00fc oldu, daha sonra Paran\u00e1 eyaletinin Curitiba \u015fehrine ta\u015f\u0131nd\u0131 ve hayat\u0131n\u0131n son g\u00fcnlerine kadar Rio'daki muhabiri olarak \u00e7al\u0131\u015ft\u0131. Brezilya ve yurtd\u0131\u015f\u0131ndaki \u00e7o\u011fu spirit\u00fcel gazete ve dergiye katk\u0131da bulundu.<\/p>\n\n\n\n<p class=\"has-black-color has-text-color has-link-color wp-elements-2fc714ff1458ba0400c82e024f43e923\">1939'da Lins de Vasconcelos ile birlikte Laik Devlet Koalisyonu'na kat\u0131ld\u0131. Yine 1939'da, 15 Kas\u0131m'da, Brezilya Cumhuriyet'in ilan\u0131n\u0131n 50. y\u0131l\u0131n\u0131 kutlarken, I. Brezilya Spirit\u00fcel Gazeteciler ve Yazarlar Kongresi'ni kurdu ve ba\u015fkanl\u0131\u011f\u0131n\u0131 yapt\u0131.<\/p>\n\n\n\n<p class=\"has-black-color has-text-color has-link-color wp-elements-ec8926132907915c02671b4e0ad6b604\">1948'de Leopoldo Machado ve di\u011fer meslekta\u015flar\u0131yla birlikte, I. Brezilya Spirit\u00fcel Gen\u00e7lik Kongresi'ni d\u00fczenledi. 1949'da Rio de Janeiro'da d\u00fczenlenen II. Pan-Amerikan Spirit\u00fcel Kongresi'nin sekreterli\u011fini yapt\u0131 ve daha sonra, bu uluslararas\u0131 organizasyonun Brezilya'da faaliyet g\u00f6sterdi\u011fi \u00fc\u00e7 y\u0131ll\u0131k d\u00f6nemde Pan-Amerikan Spirit\u00fcel Konfederasyonu (CEPA) sekreterli\u011fine se\u00e7ildi. Deolindo Amorim, Brezilya'da Spiritizmi yaymak i\u00e7in didaktik y\u00f6ntemler geli\u015ftirdi ve bu ama\u00e7la, daha sonra Brezilya Spiritist K\u00fclt\u00fcr Enstit\u00fcs\u00fc (ICEB) olarak devam edecek olan Psikolojik Ara\u015ft\u0131rmalar Fak\u00fcltesi'ni kurdu. Hayatta oldu\u011fu s\u00fcre boyunca bu kurumun ba\u015fkanl\u0131\u011f\u0131n\u0131 yapt\u0131. Hayat\u0131n\u0131n en g\u00fczel y\u0131llar\u0131n\u0131 ICEB'ye adad\u0131 ve orada Allan Kardec'in \u00f6nerdi\u011fi gibi Ruhun D\u00fczenli Kurslar\u0131n\u0131 uygulamaya koydu.<\/p>\n\n\n\n<p class=\"has-black-color has-text-color has-link-color wp-elements-d52d71751e6016ff57fcaa146f73acb2\">Yazd\u0131\u011f\u0131 kitaplar aras\u0131nda \u015funlar bulunmaktad\u0131r: Spirit\u00fcalizm ve Spirit\u00fcalist Doktrinler; Spirit\u00fcalizm ve Kriminoloji; Afrikac\u0131l\u0131k ve Spirit\u00fcalizm; Spiritist Fikirler ve An\u0131lar; Spiritizm ve \u0130nsan Sorunlar\u0131; Ele\u015ftiri I\u015f\u0131\u011f\u0131nda Spiritizm ve Le\u00f4ncio Correia'n\u0131n D\u00fc\u015f\u00fcncesinin \u00d6l\u00fcms\u00fcz Anlam\u0131; 18 Nisan - B\u00fcy\u00fck Spiritist Tarih; Allan Kardec - Adam, D\u00f6nem, Ortam, Etkiler, Misyon ve L\u00e9on Denis'in Felsefi D\u00fc\u015f\u00fcncesi adl\u0131 kitaplar\u0131 yazd\u0131.<\/p>\n\n\n\n<p class=\"has-black-color has-text-color has-link-color wp-elements-d4670f7f5560e85aa8fb2c3e8f4cb1c0\">Eserlerinin \u00e7o\u011fu \u00e7e\u015fitli dillere \u00e7evrilmi\u015ftir. Di\u011fer meslekta\u015flar\u0131yla birlikte baz\u0131 kitaplar da yazm\u0131\u015f ve vefat\u0131ndan sonra, ulusal bas\u0131nda titiz bir ara\u015ft\u0131rma yaparak Deolindo'nun eserlerini bir araya getirip kitaplar halinde derleyen gazetecilik ve spirit\u00fcalist yazar Celso Martins'in giri\u015fimiyle birka\u00e7 kitap daha yay\u0131nlanm\u0131\u015ft\u0131r.<\/p>\n\n\n\n<p class=\"has-black-color has-text-color has-link-color wp-elements-13c9d94c9ce09b8a799ca459fa3bbf42\">Brezilya \u00dcniversitesi Ulusal Felsefe Fak\u00fcltesi'nden sosyoloji lisans derecesi alan Deolindo Amorim, reklamc\u0131l\u0131k ve sosyal hizmetler alanlar\u0131nda teknik kurslardan diploma sahibi olmas\u0131n\u0131n yan\u0131 s\u0131ra, Maliye Bakanl\u0131\u011f\u0131'nda \u00fcst d\u00fczey g\u00f6revlerde bulunmu\u015ftur. Ayr\u0131ca Rio de Janeiro Eyaleti Edebiyat Akademisi, Brezilya Felsefe Derne\u011fi, Bahia Tarih ve Co\u011frafya Enstit\u00fcs\u00fc ve Brezilya Bas\u0131n Derne\u011fi \u00fcyesiydi.<\/p>\n\n\n\n<p class=\"has-black-color has-text-color has-link-color wp-elements-d71fe9003cda449262d97b82cf0cc377\">Ayr\u0131ca, Temmuz 1976'da Brasilia'da d\u00fczenlenen VI. Brezilya Spirit\u00fcalist Gazeteciler ve Yazarlar Kongresi'nde, kendisi ve di\u011fer arkada\u015flar\u0131n\u0131n y\u0131llard\u0131r hayalini kurduklar\u0131 Brezilya Spirit\u00fcalist Gazeteciler ve Yazarlar Derne\u011fi (ABRAJEE) kuruldu. Deolindo, bu kurulu\u015fun ilk ba\u015fkan\u0131 oldu.<\/p>\n\n\n\n<p class=\"has-black-color has-text-color has-link-color wp-elements-604fd4e2e74de55fcfba501796bd024b\">Deolindo Amorim'in yurtd\u0131\u015f\u0131nda en \u00e7ok tan\u0131nan Brezilyal\u0131 spirit\u00fcalist yazar ve gazeteci olmas\u0131 tesad\u00fcf de\u011fildir. K\u00fclt\u00fcr\u00fc ve dinamizmi, Doktrin kavramlar\u0131n\u0131 halka a\u00e7\u0131k bir \u015fekilde sunma bi\u00e7imi ve al\u00e7akg\u00f6n\u00fcll\u00fcl\u00fc\u011f\u00fc, d\u00fcnyan\u0131n d\u00f6rt bir yan\u0131nda ve \u015f\u00fcphesiz Ruhsal D\u00fczlemde de ba\u015far\u0131s\u0131n\u0131 a\u00e7\u0131klamaktad\u0131r.<\/p>\n<\/div><\/div>\n\n\n\n<div class=\"wp-block-uagb-container uagb-block-d29d545f alignfull uagb-is-root-container\"><div class=\"uagb-container-inner-blocks-wrap\"><\/div><\/div>\n\n\n\n<div class=\"wp-block-uagb-container uagb-block-26af6ee1 alignfull uagb-is-root-container\"><div class=\"uagb-container-inner-blocks-wrap\"><\/div><\/div>","protected":false},"excerpt":{"rendered":"<p>Deolindo Amorim Deolindo Amorim naci\u00f3 el 23 de enero de 1908, aunque en sus documentos figura 1906, en la ciudad de Baixa Grande, estado de Bah\u00eda, y falleci\u00f3 en R\u00edo de Janeiro el 24 de abril de 1989. Hijo de Deolindo Antonio de Amorim y Maria Flora de Amorim, se cas\u00f3 con Delta dos Santos [&hellip;]<\/p>","protected":false},"author":1,"featured_media":0,"parent":0,"menu_order":0,"comment_status":"closed","ping_status":"closed","template":"","meta":{"_uag_custom_page_level_css":"","site-sidebar-layout":"default","site-content-layout":"","ast-site-content-layout":"default","site-content-style":"default","site-sidebar-style":"default","ast-global-header-display":"","ast-banner-title-visibility":"","ast-main-header-display":"","ast-hfb-above-header-display":"","ast-hfb-below-header-display":"","ast-hfb-mobile-header-display":"","site-post-title":"disabled","ast-breadcrumbs-content":"","ast-featured-img":"","footer-sml-layout":"","theme-transparent-header-meta":"","adv-header-id-meta":"","stick-header-meta":"","header-above-stick-meta":"","header-main-stick-meta":"","header-below-stick-meta":"","astra-migrate-meta-layouts":"set","ast-page-background-enabled":"default","ast-page-background-meta":{"desktop":{"background-color":"var(--ast-global-color-4)","background-image":"","background-repeat":"repeat","background-position":"center center","background-size":"auto","background-attachment":"scroll","background-type":"","background-media":"","overlay-type":"","overlay-color":"","overlay-opacity":"","overlay-gradient":""},"tablet":{"background-color":"","background-image":"","background-repeat":"repeat","background-position":"center center","background-size":"auto","background-attachment":"scroll","background-type":"","background-media":"","overlay-type":"","overlay-color":"","overlay-opacity":"","overlay-gradient":""},"mobile":{"background-color":"","background-image":"","background-repeat":"repeat","background-position":"center center","background-size":"auto","background-attachment":"scroll","background-type":"","background-media":"","overlay-type":"","overlay-color":"","overlay-opacity":"","overlay-gradient":""}},"ast-content-background-meta":{"desktop":{"background-color":"var(--ast-global-color-5)","background-image":"","background-repeat":"repeat","background-position":"center center","background-size":"auto","background-attachment":"scroll","background-type":"","background-media":"","overlay-type":"","overlay-color":"","overlay-opacity":"","overlay-gradient":""},"tablet":{"background-color":"var(--ast-global-color-5)","background-image":"","background-repeat":"repeat","background-position":"center center","background-size":"auto","background-attachment":"scroll","background-type":"","background-media":"","overlay-type":"","overlay-color":"","overlay-opacity":"","overlay-gradient":""},"mobile":{"background-color":"var(--ast-global-color-5)","background-image":"","background-repeat":"repeat","background-position":"center center","background-size":"auto","background-attachment":"scroll","background-type":"","background-media":"","overlay-type":"","overlay-color":"","overlay-opacity":"","overlay-gradient":""}},"footnotes":""},"class_list":["post-8720","page","type-page","status-publish","hentry"],"yoast_head":"<!-- This site is optimized with the Yoast SEO Premium plugin v24.2 (Yoast SEO v24.6) - https:\/\/yoast.com\/wordpress\/plugins\/seo\/ -->\n<title>Deolindo Amorim - Uni\u00f3n Esp\u00edrita<\/title>\n<meta name=\"robots\" content=\"index, follow, max-snippet:-1, max-image-preview:large, max-video-preview:-1\" \/>\n<link rel=\"canonical\" href=\"https:\/\/nuevo-renacer.com\/tr\/deolindo-amorim\/\" \/>\n<meta property=\"og:locale\" content=\"tr_TR\" \/>\n<meta property=\"og:type\" content=\"article\" \/>\n<meta property=\"og:title\" content=\"Deolindo Amorim\" \/>\n<meta property=\"og:description\" content=\"Deolindo Amorim Deolindo Amorim naci\u00f3 el 23 de enero de 1908, aunque en sus documentos figura 1906, en la ciudad de Baixa Grande, estado de Bah\u00eda, y falleci\u00f3 en R\u00edo de Janeiro el 24 de abril de 1989. Hijo de Deolindo Antonio de Amorim y Maria Flora de Amorim, se cas\u00f3 con Delta dos Santos [&hellip;]\" \/>\n<meta property=\"og:url\" content=\"https:\/\/nuevo-renacer.com\/tr\/deolindo-amorim\/\" \/>\n<meta property=\"og:site_name\" content=\"Uni\u00f3n Esp\u00edrita\" \/>\n<meta property=\"article:publisher\" content=\"https:\/\/www.facebook.com\/groups\/3431398063740829\" \/>\n<meta property=\"article:modified_time\" content=\"2025-11-24T11:45:05+00:00\" \/>\n<meta property=\"og:image\" content=\"https:\/\/nuevo-renacer.com\/wp-content\/uploads\/2025\/11\/Deolindo-Amorim.jpg\" \/>\n\t<meta property=\"og:image:width\" content=\"195\" \/>\n\t<meta property=\"og:image:height\" content=\"258\" \/>\n\t<meta property=\"og:image:type\" content=\"image\/jpeg\" \/>\n<meta name=\"twitter:card\" content=\"summary_large_image\" \/>\n<meta name=\"twitter:label1\" content=\"Tahmini okuma s\u00fcresi\" \/>\n\t<meta name=\"twitter:data1\" content=\"6 dakika\" \/>\n<script type=\"application\/ld+json\" class=\"yoast-schema-graph\">{\"@context\":\"https:\/\/schema.org\",\"@graph\":[{\"@type\":\"WebPage\",\"@id\":\"https:\/\/nuevo-renacer.com\/deolindo-amorim\/\",\"url\":\"https:\/\/nuevo-renacer.com\/deolindo-amorim\/\",\"name\":\"Deolindo Amorim - Uni\u00f3n Esp\u00edrita\",\"isPartOf\":{\"@id\":\"https:\/\/nuevo-renacer.com\/#website\"},\"primaryImageOfPage\":{\"@id\":\"https:\/\/nuevo-renacer.com\/deolindo-amorim\/#primaryimage\"},\"image\":{\"@id\":\"https:\/\/nuevo-renacer.com\/deolindo-amorim\/#primaryimage\"},\"thumbnailUrl\":\"https:\/\/nuevo-renacer.com\/wp-content\/uploads\/2025\/11\/Deolindo-Amorim.jpg\",\"datePublished\":\"2025-11-24T11:45:02+00:00\",\"dateModified\":\"2025-11-24T11:45:05+00:00\",\"breadcrumb\":{\"@id\":\"https:\/\/nuevo-renacer.com\/deolindo-amorim\/#breadcrumb\"},\"inLanguage\":\"tr\",\"potentialAction\":[{\"@type\":\"ReadAction\",\"target\":[\"https:\/\/nuevo-renacer.com\/deolindo-amorim\/\"]}]},{\"@type\":\"ImageObject\",\"inLanguage\":\"tr\",\"@id\":\"https:\/\/nuevo-renacer.com\/deolindo-amorim\/#primaryimage\",\"url\":\"https:\/\/nuevo-renacer.com\/wp-content\/uploads\/2025\/11\/Deolindo-Amorim.jpg\",\"contentUrl\":\"https:\/\/nuevo-renacer.com\/wp-content\/uploads\/2025\/11\/Deolindo-Amorim.jpg\"},{\"@type\":\"BreadcrumbList\",\"@id\":\"https:\/\/nuevo-renacer.com\/deolindo-amorim\/#breadcrumb\",\"itemListElement\":[{\"@type\":\"ListItem\",\"position\":1,\"name\":\"Startseite\",\"item\":\"https:\/\/nuevo-renacer.com\/\"},{\"@type\":\"ListItem\",\"position\":2,\"name\":\"Deolindo Amorim\"}]},{\"@type\":\"WebSite\",\"@id\":\"https:\/\/nuevo-renacer.com\/#website\",\"url\":\"https:\/\/nuevo-renacer.com\/\",\"name\":\"Uni\u00f3n Esp\u00edrita\",\"description\":\"Nuevo Renacer\",\"publisher\":{\"@id\":\"https:\/\/nuevo-renacer.com\/#organization\"},\"potentialAction\":[{\"@type\":\"SearchAction\",\"target\":{\"@type\":\"EntryPoint\",\"urlTemplate\":\"https:\/\/nuevo-renacer.com\/?s={search_term_string}\"},\"query-input\":{\"@type\":\"PropertyValueSpecification\",\"valueRequired\":true,\"valueName\":\"search_term_string\"}}],\"inLanguage\":\"tr\"},{\"@type\":\"Organization\",\"@id\":\"https:\/\/nuevo-renacer.com\/#organization\",\"name\":\"UFEC\",\"url\":\"https:\/\/nuevo-renacer.com\/\",\"logo\":{\"@type\":\"ImageObject\",\"inLanguage\":\"tr\",\"@id\":\"https:\/\/nuevo-renacer.com\/#\/schema\/logo\/image\/\",\"url\":\"https:\/\/nuevo-renacer.com\/wp-content\/uploads\/2024\/05\/cropped-LOGO-TERMINADO1-3-3.png\",\"contentUrl\":\"https:\/\/nuevo-renacer.com\/wp-content\/uploads\/2024\/05\/cropped-LOGO-TERMINADO1-3-3.png\",\"width\":512,\"height\":512,\"caption\":\"UFEC\"},\"image\":{\"@id\":\"https:\/\/nuevo-renacer.com\/#\/schema\/logo\/image\/\"},\"sameAs\":[\"https:\/\/www.facebook.com\/groups\/3431398063740829\"]}]}<\/script>\n<!-- \/ Yoast SEO Premium plugin. -->","yoast_head_json":{"title":"Deolindo Amorim - Uni\u00f3n Esp\u00edrita","robots":{"index":"index","follow":"follow","max-snippet":"max-snippet:-1","max-image-preview":"max-image-preview:large","max-video-preview":"max-video-preview:-1"},"canonical":"https:\/\/nuevo-renacer.com\/tr\/deolindo-amorim\/","og_locale":"tr_TR","og_type":"article","og_title":"Deolindo Amorim","og_description":"Deolindo Amorim Deolindo Amorim naci\u00f3 el 23 de enero de 1908, aunque en sus documentos figura 1906, en la ciudad de Baixa Grande, estado de Bah\u00eda, y falleci\u00f3 en R\u00edo de Janeiro el 24 de abril de 1989. Hijo de Deolindo Antonio de Amorim y Maria Flora de Amorim, se cas\u00f3 con Delta dos Santos [&hellip;]","og_url":"https:\/\/nuevo-renacer.com\/tr\/deolindo-amorim\/","og_site_name":"Uni\u00f3n Esp\u00edrita","article_publisher":"https:\/\/www.facebook.com\/groups\/3431398063740829","article_modified_time":"2025-11-24T11:45:05+00:00","og_image":[{"width":195,"height":258,"url":"https:\/\/nuevo-renacer.com\/wp-content\/uploads\/2025\/11\/Deolindo-Amorim.jpg","type":"image\/jpeg"}],"twitter_card":"summary_large_image","twitter_misc":{"Tahmini okuma s\u00fcresi":"6 dakika"},"schema":{"@context":"https:\/\/schema.org","@graph":[{"@type":"WebPage","@id":"https:\/\/nuevo-renacer.com\/deolindo-amorim\/","url":"https:\/\/nuevo-renacer.com\/deolindo-amorim\/","name":"Deolindo Amorim - Uni\u00f3n Esp\u00edrita","isPartOf":{"@id":"https:\/\/nuevo-renacer.com\/#website"},"primaryImageOfPage":{"@id":"https:\/\/nuevo-renacer.com\/deolindo-amorim\/#primaryimage"},"image":{"@id":"https:\/\/nuevo-renacer.com\/deolindo-amorim\/#primaryimage"},"thumbnailUrl":"https:\/\/nuevo-renacer.com\/wp-content\/uploads\/2025\/11\/Deolindo-Amorim.jpg","datePublished":"2025-11-24T11:45:02+00:00","dateModified":"2025-11-24T11:45:05+00:00","breadcrumb":{"@id":"https:\/\/nuevo-renacer.com\/deolindo-amorim\/#breadcrumb"},"inLanguage":"tr","potentialAction":[{"@type":"ReadAction","target":["https:\/\/nuevo-renacer.com\/deolindo-amorim\/"]}]},{"@type":"ImageObject","inLanguage":"tr","@id":"https:\/\/nuevo-renacer.com\/deolindo-amorim\/#primaryimage","url":"https:\/\/nuevo-renacer.com\/wp-content\/uploads\/2025\/11\/Deolindo-Amorim.jpg","contentUrl":"https:\/\/nuevo-renacer.com\/wp-content\/uploads\/2025\/11\/Deolindo-Amorim.jpg"},{"@type":"BreadcrumbList","@id":"https:\/\/nuevo-renacer.com\/deolindo-amorim\/#breadcrumb","itemListElement":[{"@type":"ListItem","position":1,"name":"Startseite","item":"https:\/\/nuevo-renacer.com\/"},{"@type":"ListItem","position":2,"name":"Deolindo Amorim"}]},{"@type":"WebSite","@id":"https:\/\/nuevo-renacer.com\/#website","url":"https:\/\/nuevo-renacer.com\/","name":"Uni\u00f3n Esp\u00edrita","description":"Nuevo Renacer","publisher":{"@id":"https:\/\/nuevo-renacer.com\/#organization"},"potentialAction":[{"@type":"SearchAction","target":{"@type":"EntryPoint","urlTemplate":"https:\/\/nuevo-renacer.com\/?s={search_term_string}"},"query-input":{"@type":"PropertyValueSpecification","valueRequired":true,"valueName":"search_term_string"}}],"inLanguage":"tr"},{"@type":"Organization","@id":"https:\/\/nuevo-renacer.com\/#organization","name":"UFEC","url":"https:\/\/nuevo-renacer.com\/","logo":{"@type":"ImageObject","inLanguage":"tr","@id":"https:\/\/nuevo-renacer.com\/#\/schema\/logo\/image\/","url":"https:\/\/nuevo-renacer.com\/wp-content\/uploads\/2024\/05\/cropped-LOGO-TERMINADO1-3-3.png","contentUrl":"https:\/\/nuevo-renacer.com\/wp-content\/uploads\/2024\/05\/cropped-LOGO-TERMINADO1-3-3.png","width":512,"height":512,"caption":"UFEC"},"image":{"@id":"https:\/\/nuevo-renacer.com\/#\/schema\/logo\/image\/"},"sameAs":["https:\/\/www.facebook.com\/groups\/3431398063740829"]}]}},"uagb_featured_image_src":{"full":false,"thumbnail":false,"medium":false,"medium_large":false,"large":false,"1536x1536":false,"2048x2048":false,"trp-custom-language-flag":false},"uagb_author_info":{"display_name":"adbv0","author_link":"https:\/\/nuevo-renacer.com\/tr\/author\/adbv0\/"},"uagb_comment_info":0,"uagb_excerpt":"Deolindo Amorim Deolindo Amorim naci\u00f3 el 23 de enero de 1908, aunque en sus documentos figura 1906, en la ciudad de Baixa Grande, estado de Bah\u00eda, y falleci\u00f3 en R\u00edo de Janeiro el 24 de abril de 1989. Hijo de Deolindo Antonio de Amorim y Maria Flora de Amorim, se cas\u00f3 con Delta dos Santos&hellip;","jetpack_sharing_enabled":true,"_links":{"self":[{"href":"https:\/\/nuevo-renacer.com\/tr\/wp-json\/wp\/v2\/pages\/8720","targetHints":{"allow":["GET"]}}],"collection":[{"href":"https:\/\/nuevo-renacer.com\/tr\/wp-json\/wp\/v2\/pages"}],"about":[{"href":"https:\/\/nuevo-renacer.com\/tr\/wp-json\/wp\/v2\/types\/page"}],"author":[{"embeddable":true,"href":"https:\/\/nuevo-renacer.com\/tr\/wp-json\/wp\/v2\/users\/1"}],"replies":[{"embeddable":true,"href":"https:\/\/nuevo-renacer.com\/tr\/wp-json\/wp\/v2\/comments?post=8720"}],"version-history":[{"count":1,"href":"https:\/\/nuevo-renacer.com\/tr\/wp-json\/wp\/v2\/pages\/8720\/revisions"}],"predecessor-version":[{"id":8722,"href":"https:\/\/nuevo-renacer.com\/tr\/wp-json\/wp\/v2\/pages\/8720\/revisions\/8722"}],"wp:attachment":[{"href":"https:\/\/nuevo-renacer.com\/tr\/wp-json\/wp\/v2\/media?parent=8720"}],"curies":[{"name":"wp","href":"https:\/\/api.w.org\/{rel}","templated":true}]}}