{"id":8606,"date":"2025-11-03T11:42:32","date_gmt":"2025-11-03T11:42:32","guid":{"rendered":"https:\/\/nuevo-renacer.com\/?page_id=8606"},"modified":"2025-11-03T11:42:52","modified_gmt":"2025-11-03T11:42:52","slug":"clelia-soares-da-rocha","status":"publish","type":"page","link":"https:\/\/nuevo-renacer.com\/tr\/clelia-soares-da-rocha\/","title":{"rendered":"Cl\u00e9lia Soares da Rocha"},"content":{"rendered":"<div class=\"wp-block-uagb-container uagb-block-2ef46de7 alignfull uagb-is-root-container\"><div class=\"uagb-container-inner-blocks-wrap\">\n<p class=\"has-black-color has-text-color has-link-color has-medium-font-size wp-elements-4505f72322894b05cdad17c022a1bd1b\"><strong>Cl\u00e9lia Soares da Rocha<\/strong><\/p>\n<\/div><\/div>\n\n\n\n<div class=\"wp-block-uagb-container uagb-block-656d411d alignfull uagb-is-root-container\"><div class=\"uagb-container-inner-blocks-wrap\">\n<figure class=\"wp-block-image size-full is-resized\"><img fetchpriority=\"high\" decoding=\"async\" width=\"1000\" height=\"779\" src=\"https:\/\/nuevo-renacer.com\/wp-content\/uploads\/2025\/11\/Clelia-Soares-da-Rocha.jpg\" alt=\"\" class=\"wp-image-8607\" style=\"width:275px;height:auto\" srcset=\"https:\/\/nuevo-renacer.com\/wp-content\/uploads\/2025\/11\/Clelia-Soares-da-Rocha.jpg 1000w, https:\/\/nuevo-renacer.com\/wp-content\/uploads\/2025\/11\/Clelia-Soares-da-Rocha-300x234.jpg 300w, https:\/\/nuevo-renacer.com\/wp-content\/uploads\/2025\/11\/Clelia-Soares-da-Rocha-768x598.jpg 768w, https:\/\/nuevo-renacer.com\/wp-content\/uploads\/2025\/11\/Clelia-Soares-da-Rocha-15x12.jpg 15w\" sizes=\"(max-width: 1000px) 100vw, 1000px\" \/><\/figure>\n<\/div><\/div>\n\n\n\n<div class=\"wp-block-uagb-container uagb-block-e149af88 alignfull uagb-is-root-container\"><div class=\"uagb-container-inner-blocks-wrap\">\n<p class=\"has-black-color has-text-color has-link-color has-small-font-size wp-elements-5fbb062c542ebeeebb658cd62c4818f2\">Cl\u00e9lia Soares da Rocha, 18 Ekim 1886 tarihinde Rio de Janeiro eyaletinin Barra Mansa \u015fehrinde do\u011fdu ve 16 \u015eubat 1936 tarihinde 50 ya\u015f\u0131nda vefat etti. Taubat\u00e9 \u015fehrindeki Bom Conselho Koleji'nde yat\u0131l\u0131 olarak e\u011fitim g\u00f6rd\u00fc ve Piracicaba \u015fehrinde e\u011fitimini tamamlayarak ilkokul \u00f6\u011fretmenli\u011fi diplomas\u0131 ald\u0131. S\u00e3o Carlos \u015fehrindeki Col\u00e9gio das Freiras'ta birka\u00e7 y\u0131l \u00f6\u011fretmenlik yapt\u0131. Geleneksel bir Katolik aileden gelen Cl\u00e9lia Rocha, hen\u00fcz \u00e7ocukluk \u00e7a\u011f\u0131nda ebeveynlerinin dininin dogmalar\u0131na kar\u015f\u0131 tiksinti duymaya ba\u015flad\u0131 ve bu durum, yat\u0131l\u0131 okulda ciddi cezalar almas\u0131na ve asi bir \u00e7ocuk olarak g\u00f6r\u00fclmesine neden oldu.<\/p>\n\n\n\n<p class=\"has-black-color has-text-color has-link-color has-small-font-size wp-elements-4f6d62b28cde6099ea85bed3cb9ba124\">Piracicaba'da hen\u00fcz \u00f6\u011frenciyken, evlenmeye karar verdi\u011fi gen\u00e7 bir doktorla tan\u0131\u015ft\u0131. Ancak gen\u00e7 adam aniden vefat etti ve gen\u00e7 k\u0131z\u0131n t\u00fcm hayalleri suya d\u00fc\u015ft\u00fc. Bir daha evlili\u011fi d\u00fc\u015f\u00fcnmeyen Cl\u00e9lia, t\u00fcm hayat\u0131n\u0131 \u00f6\u011fretmenli\u011fe ve yetim ve muhta\u00e7 \u00e7ocuklara yard\u0131m etmeye adad\u0131. Bir g\u00fcn, g\u00fcnd\u00fcz derslere devam edemeyen yeti\u015fkinlerin okuryazarl\u0131\u011f\u0131 i\u00e7in Dourados \u015fehrinde bir e\u011fitim kurumu a\u00e7maya karar verdi ve bir s\u00fcre bu kurumu s\u00fcrd\u00fcrd\u00fc ve sat\u0131n alamayanlara \u00fccretsiz olarak e\u011fitim materyali sa\u011flad\u0131.<\/p>\n\n\n\n<p class=\"has-black-color has-text-color has-link-color has-small-font-size wp-elements-b69d78b9429a5f7e2a58aec7764ccfe0\">O d\u00f6nemde b\u00fcy\u00fck misyoner An\u00e1lia Franco \u015fehri ziyaret etti ve gen\u00e7 \u00f6\u011fretmenin ya\u015fad\u0131\u011f\u0131 tarifsiz fedakarl\u0131\u011f\u0131 g\u00f6r\u00fcnce, onu \u00e7al\u0131\u015fma ekibine davet etti ve elinden gelen her konuda ona yard\u0131m etmeye haz\u0131r oldu\u011funu s\u00f6yledi. O andan itibaren, ikisi b\u00fcy\u00fck dostlar ve i\u015f arkada\u015flar\u0131 oldular. O b\u00f6lgedeki yoksul anneler i\u00e7in bir kre\u015f ve yetimlere bar\u0131nak kurdular. An\u00e1lia Franco, Cl\u00e9lia Rocha'n\u0131n \u00e7al\u0131\u015fmalar\u0131na s\u0131n\u0131rs\u0131z g\u00fcven duyuyordu. Mektuplar\u0131ndan birinde \u015f\u00f6yle diyordu: \u201cSen, ideallerimizi en iyi benimseyen ve \u00e7ok \u015fey ba\u015faran m\u00fcd\u00fcrs\u00fcn. Di\u011fer t\u00fcm i\u015fbirlik\u00e7iler de senin gibi olsayd\u0131, \u00e7ok \u015fey ba\u015farabilirdik.\u201d<\/p>\n\n\n\n<p class=\"has-black-color has-text-color has-link-color has-small-font-size wp-elements-91e785da3a67ff7dc6502461f03d70c3\">1918'in sonunda, An\u00e1lia Franco Minas Gerais eyaletinin Uberaba \u015fehrinde bir huzurevi kurdu ve Cl\u00e9lia Rocha'y\u0131 m\u00fcd\u00fcr\u00fc olarak davet etti. K\u0131sa bir s\u00fcre sonra, 13 Ocak 1919'da An\u00e1lia, S\u00e3o Paulo'da vefat etti ve bu i\u015fi ger\u00e7ekle\u015ftiremedi. Cl\u00e9lia, onun an\u0131s\u0131na sad\u0131k kalarak ve son arzusuna sayg\u0131 g\u00f6stererek, t\u00fcm \u00f6\u011frencileriyle birlikte Uberaba'ya ta\u015f\u0131nmaya karar verdi ve daha sonra bu \u015fehirde 72 yat\u0131l\u0131 \u00f6\u011frencisini bar\u0131nd\u0131rabilmek i\u00e7in 18 yat\u0131l\u0131 \u00f6\u011frencisi olan bir okul kurdu. Yard\u0131m \u00e7al\u0131\u015fmalar\u0131 nedeniyle bir\u00e7ok kez belediye, eyalet ve federal h\u00fck\u00fcmetten yard\u0131m talep etti, ancak talepleri hi\u00e7bir zaman kar\u015f\u0131l\u0131k bulmad\u0131, \u00e7\u00fcnk\u00fc spirit\u00fcalist oldu\u011fu i\u00e7in yerel rahipler taraf\u0131ndan yo\u011fun bir \u015fekilde zul\u00fcm g\u00f6rd\u00fc. An\u00e1lia Franco gibi, kendi \u00f6\u011frencileriyle bir Edebiyat-Sanat ve M\u00fczik Grubu kurdu ve S\u00e3o Paulo ve Minas Gerais eyaletlerinin i\u00e7 kesimlerindeki \u015fehirleri gezerek, kurumunu ayakta tutmak i\u00e7in ge\u00e7im kaynaklar\u0131 buldu ve bu konuda bir miktar ba\u015far\u0131 elde etti. An\u00e1lia Franco'nun an\u0131s\u0131na sad\u0131k kalarak, onun benimsedi\u011fi ideallerin tam olarak korunmas\u0131 i\u00e7in elinden geleni yapt\u0131, her zaman ger\u00e7ek bir \u00f6zveri ve fedakarl\u0131k ruhuyla hareket etti ve her zaman manevi b\u00fcy\u00fckl\u00fc\u011f\u00fcn\u00fc kan\u0131tlad\u0131.<\/p>\n\n\n\n<p class=\"has-black-color has-text-color has-link-color has-small-font-size wp-elements-e066e9619e5a2653fe3556f9aabd6d3f\">16 ya\u015f\u0131ndan b\u00fcy\u00fck \u00f6\u011frencileriyle birlikte, daha sonra onun muazzam yard\u0131m \u00e7al\u0131\u015fmalar\u0131n\u0131 s\u00fcrd\u00fcrebilecek yeni kooperatif ekiplerinin kurulmas\u0131n\u0131 ama\u00e7layan Kad\u0131n \u0130\u015f\u00e7i \u0130yilik Birli\u011fi'ni kurdu. 1924 y\u0131l\u0131nda S\u00e3o Paulo eyaletinin S\u00e3o Manoel \u015fehrine ta\u015f\u0131nd\u0131 ve burada, b\u00f6lgenin zengin \u00e7ift\u00e7isi, iyi e\u011fitimli ve c\u00f6mert kalpli Amando Sim\u00f5es ile tan\u0131\u015ft\u0131. Amando Sim\u00f5es, Cl\u00e9lia'n\u0131n b\u00fcy\u00fck zorluklar\u0131n\u0131 ve stoik cesaretini g\u00f6r\u00fcnce ona yard\u0131m etmeye karar verdi ve Cl\u00e9lia'n\u0131n e\u011fitim kurumunu kurabilmesini sa\u011flamak i\u00e7in bir bina ve arazisinin bir k\u0131sm\u0131n\u0131 ba\u011f\u0131\u015flad\u0131. Bu \u00f6zverili dostunun prestiji sayesinde, k\u0131sa s\u00fcrede halk\u0131n deste\u011fini ve Belediye Meclisi'nin sempatisini kazand\u0131 ve b\u00f6ylece hay\u0131r i\u015flerini geni\u015fletebildi. \u201cLar de An\u00e1lia Franco\u201dda onlarca yetim \u00e7ocu\u011fu bar\u0131nd\u0131rd\u0131 ve orada eski \u00f6\u011frencilerinin say\u0131s\u0131z d\u00fc\u011f\u00fcn\u00fcn\u00fc ger\u00e7ekle\u015ftirdi, onlar\u0131 ev han\u0131m\u0131 olarak topluma yeniden kazand\u0131rd\u0131, e\u015f ve anne olarak hizmet etmeleri i\u00e7in.<\/p>\n\n\n\n<p class=\"has-black-color has-text-color has-link-color has-small-font-size wp-elements-4f0a2e96f33e8216a9f327f586456d67\">1930 y\u0131l\u0131nda, Noel d\u00f6neminde, k\u00fc\u00e7\u00fck \u00e7ocuklar\u0131 kabul etmek amac\u0131yla \u201cCreche Ber\u00e7o de Ouro\u201dyu kurdu ve t\u00fcm ruhuyla buray\u0131 sevgiyle idare etti. O, ate\u015fli bir spirit\u00fcalistti ve doktrin konular\u0131na \u00e7ok ilgi duyuyordu. An\u00e1lia, edebiyat\u00e7\u0131, gazeteci, \u015fair, yazar, tiyatrocu, m\u00fczisyen ve dil \u00f6\u011fretmeniydi. Tiyatro i\u00e7in bir\u00e7ok oyun yazd\u0131; kendi yazd\u0131\u011f\u0131 dramalar, komediler ve anketler Tiyatro Grubu taraf\u0131ndan b\u00fcy\u00fck ba\u015far\u0131yla sahnelendi. Ayr\u0131ca bir\u00e7ok \u015fiir ve m\u00fczik bestesi de vard\u0131r. El i\u015flerinde usta bir \u00f6\u011fretmen olan An\u00e1lia, yapay \u00e7i\u00e7ek, resim, nak\u0131\u015f, a\u015f\u00e7\u0131l\u0131k ve m\u00fczik dersleri vererek evlatl\u0131k k\u0131zlar\u0131n\u0131 gelece\u011fin yetenekli ev han\u0131mlar\u0131 olmalar\u0131 i\u00e7in haz\u0131rlad\u0131.<\/p>\n\n\n\n<p class=\"has-black-color has-text-color has-link-color has-small-font-size wp-elements-2531c1f202267ace5a5492c69ebec8ac\">\u00d6zel hayat\u0131nda, t\u00fcm evlatl\u0131k k\u0131zlar\u0131 taraf\u0131ndan \u201cAnne Lili\u201d olarak an\u0131l\u0131rd\u0131. \u201cCreche Ber\u00e7o de Ouro\u201d kre\u015fine terk edilen ve akrabalar\u0131 ortaya \u00e7\u0131kmayan bir\u00e7ok \u00e7ocu\u011fa kendi ad\u0131n\u0131 verdi. N\u00fcfus kay\u0131tlar\u0131n\u0131 d\u00fczenlemek zorunda kald\u0131\u011f\u0131nda, hi\u00e7 teredd\u00fct etmeden onlar\u0131 kendi ad\u0131yla kaydettirdi. Spiritizmi tan\u0131tan yay\u0131n organ\u0131 olan \u201cL\u00edrio Branco\u201d ve \u201cMensageiro do \u00d3rf\u00e3o\u201d (bug\u00fcn \u201cMensageiro do Lar\u201d olarak bilinir) adl\u0131 edebiyat dergilerini kurdu. Bu dergiler, S. Manoel \u015fehrindeki Lar An\u00e1lia Franco matbaas\u0131nda bas\u0131lmaya devam ediyor. Cl\u00e9lia Rocha, bu nedenle, kelimenin ger\u00e7ek anlam\u0131yla bir misyonerdi ve An\u00e1lia Franco, Ol\u00edmpia Bel\u00e9m, Aura Celeste, Eur\u00eddice Panar, Abigair Lima ve di\u011ferleri gibi ayn\u0131 seviyedeki de\u011ferli spirit\u00fcalist kad\u0131nlar grubuna aitti.<\/p>\n<\/div><\/div>\n\n\n\n<div class=\"wp-block-uagb-container uagb-block-2e183146 alignfull uagb-is-root-container\"><div class=\"uagb-container-inner-blocks-wrap\"><\/div><\/div>\n\n\n\n<div class=\"wp-block-uagb-container uagb-block-5535922e alignfull uagb-is-root-container\"><div class=\"uagb-container-inner-blocks-wrap\"><\/div><\/div>","protected":false},"excerpt":{"rendered":"<p>Cl\u00e9lia Soares da Rocha Cl\u00e9lia Rocha naci\u00f3 en la ciudad de Barra Mansa, estado de R\u00edo de Janeiro, el 18 de octubre de 1886 y falleci\u00f3, a los 50 a\u00f1os de edad, el 16 de febrero de 1936. Fue educada como interna en el Colegio Bom Conselho, en la ciudad de Taubat\u00e9, y complet\u00f3 su [&hellip;]<\/p>","protected":false},"author":1,"featured_media":0,"parent":0,"menu_order":0,"comment_status":"closed","ping_status":"closed","template":"","meta":{"_uag_custom_page_level_css":"","site-sidebar-layout":"default","site-content-layout":"","ast-site-content-layout":"default","site-content-style":"default","site-sidebar-style":"default","ast-global-header-display":"","ast-banner-title-visibility":"","ast-main-header-display":"","ast-hfb-above-header-display":"","ast-hfb-below-header-display":"","ast-hfb-mobile-header-display":"","site-post-title":"disabled","ast-breadcrumbs-content":"","ast-featured-img":"","footer-sml-layout":"","theme-transparent-header-meta":"","adv-header-id-meta":"","stick-header-meta":"","header-above-stick-meta":"","header-main-stick-meta":"","header-below-stick-meta":"","astra-migrate-meta-layouts":"set","ast-page-background-enabled":"default","ast-page-background-meta":{"desktop":{"background-color":"var(--ast-global-color-4)","background-image":"","background-repeat":"repeat","background-position":"center center","background-size":"auto","background-attachment":"scroll","background-type":"","background-media":"","overlay-type":"","overlay-color":"","overlay-opacity":"","overlay-gradient":""},"tablet":{"background-color":"","background-image":"","background-repeat":"repeat","background-position":"center center","background-size":"auto","background-attachment":"scroll","background-type":"","background-media":"","overlay-type":"","overlay-color":"","overlay-opacity":"","overlay-gradient":""},"mobile":{"background-color":"","background-image":"","background-repeat":"repeat","background-position":"center center","background-size":"auto","background-attachment":"scroll","background-type":"","background-media":"","overlay-type":"","overlay-color":"","overlay-opacity":"","overlay-gradient":""}},"ast-content-background-meta":{"desktop":{"background-color":"var(--ast-global-color-5)","background-image":"","background-repeat":"repeat","background-position":"center center","background-size":"auto","background-attachment":"scroll","background-type":"","background-media":"","overlay-type":"","overlay-color":"","overlay-opacity":"","overlay-gradient":""},"tablet":{"background-color":"var(--ast-global-color-5)","background-image":"","background-repeat":"repeat","background-position":"center center","background-size":"auto","background-attachment":"scroll","background-type":"","background-media":"","overlay-type":"","overlay-color":"","overlay-opacity":"","overlay-gradient":""},"mobile":{"background-color":"var(--ast-global-color-5)","background-image":"","background-repeat":"repeat","background-position":"center center","background-size":"auto","background-attachment":"scroll","background-type":"","background-media":"","overlay-type":"","overlay-color":"","overlay-opacity":"","overlay-gradient":""}},"footnotes":""},"class_list":["post-8606","page","type-page","status-publish","hentry"],"yoast_head":"<!-- This site is optimized with the Yoast SEO Premium plugin v24.2 (Yoast SEO v24.6) - https:\/\/yoast.com\/wordpress\/plugins\/seo\/ -->\n<title>Cl\u00e9lia Soares da Rocha - Uni\u00f3n Esp\u00edrita<\/title>\n<meta name=\"robots\" content=\"index, follow, max-snippet:-1, max-image-preview:large, max-video-preview:-1\" \/>\n<link rel=\"canonical\" href=\"https:\/\/nuevo-renacer.com\/tr\/clelia-soares-da-rocha\/\" \/>\n<meta property=\"og:locale\" content=\"tr_TR\" \/>\n<meta property=\"og:type\" content=\"article\" \/>\n<meta property=\"og:title\" content=\"Cl\u00e9lia Soares da Rocha\" \/>\n<meta property=\"og:description\" content=\"Cl\u00e9lia Soares da Rocha Cl\u00e9lia Rocha naci\u00f3 en la ciudad de Barra Mansa, estado de R\u00edo de Janeiro, el 18 de octubre de 1886 y falleci\u00f3, a los 50 a\u00f1os de edad, el 16 de febrero de 1936. Fue educada como interna en el Colegio Bom Conselho, en la ciudad de Taubat\u00e9, y complet\u00f3 su [&hellip;]\" \/>\n<meta property=\"og:url\" content=\"https:\/\/nuevo-renacer.com\/tr\/clelia-soares-da-rocha\/\" \/>\n<meta property=\"og:site_name\" content=\"Uni\u00f3n Esp\u00edrita\" \/>\n<meta property=\"article:publisher\" content=\"https:\/\/www.facebook.com\/groups\/3431398063740829\" \/>\n<meta property=\"article:modified_time\" content=\"2025-11-03T11:42:52+00:00\" \/>\n<meta property=\"og:image\" content=\"https:\/\/nuevo-renacer.com\/wp-content\/uploads\/2025\/11\/Clelia-Soares-da-Rocha.jpg\" \/>\n\t<meta property=\"og:image:width\" content=\"1000\" \/>\n\t<meta property=\"og:image:height\" content=\"779\" \/>\n\t<meta property=\"og:image:type\" content=\"image\/jpeg\" \/>\n<meta name=\"twitter:card\" content=\"summary_large_image\" \/>\n<meta name=\"twitter:label1\" content=\"Tahmini okuma s\u00fcresi\" \/>\n\t<meta name=\"twitter:data1\" content=\"6 dakika\" \/>\n<script type=\"application\/ld+json\" class=\"yoast-schema-graph\">{\"@context\":\"https:\/\/schema.org\",\"@graph\":[{\"@type\":\"WebPage\",\"@id\":\"https:\/\/nuevo-renacer.com\/clelia-soares-da-rocha\/\",\"url\":\"https:\/\/nuevo-renacer.com\/clelia-soares-da-rocha\/\",\"name\":\"Cl\u00e9lia Soares da Rocha - Uni\u00f3n Esp\u00edrita\",\"isPartOf\":{\"@id\":\"https:\/\/nuevo-renacer.com\/#website\"},\"primaryImageOfPage\":{\"@id\":\"https:\/\/nuevo-renacer.com\/clelia-soares-da-rocha\/#primaryimage\"},\"image\":{\"@id\":\"https:\/\/nuevo-renacer.com\/clelia-soares-da-rocha\/#primaryimage\"},\"thumbnailUrl\":\"https:\/\/nuevo-renacer.com\/wp-content\/uploads\/2025\/11\/Clelia-Soares-da-Rocha.jpg\",\"datePublished\":\"2025-11-03T11:42:32+00:00\",\"dateModified\":\"2025-11-03T11:42:52+00:00\",\"breadcrumb\":{\"@id\":\"https:\/\/nuevo-renacer.com\/clelia-soares-da-rocha\/#breadcrumb\"},\"inLanguage\":\"tr\",\"potentialAction\":[{\"@type\":\"ReadAction\",\"target\":[\"https:\/\/nuevo-renacer.com\/clelia-soares-da-rocha\/\"]}]},{\"@type\":\"ImageObject\",\"inLanguage\":\"tr\",\"@id\":\"https:\/\/nuevo-renacer.com\/clelia-soares-da-rocha\/#primaryimage\",\"url\":\"https:\/\/nuevo-renacer.com\/wp-content\/uploads\/2025\/11\/Clelia-Soares-da-Rocha.jpg\",\"contentUrl\":\"https:\/\/nuevo-renacer.com\/wp-content\/uploads\/2025\/11\/Clelia-Soares-da-Rocha.jpg\"},{\"@type\":\"BreadcrumbList\",\"@id\":\"https:\/\/nuevo-renacer.com\/clelia-soares-da-rocha\/#breadcrumb\",\"itemListElement\":[{\"@type\":\"ListItem\",\"position\":1,\"name\":\"Startseite\",\"item\":\"https:\/\/nuevo-renacer.com\/\"},{\"@type\":\"ListItem\",\"position\":2,\"name\":\"Cl\u00e9lia Soares da Rocha\"}]},{\"@type\":\"WebSite\",\"@id\":\"https:\/\/nuevo-renacer.com\/#website\",\"url\":\"https:\/\/nuevo-renacer.com\/\",\"name\":\"Uni\u00f3n Esp\u00edrita\",\"description\":\"Nuevo Renacer\",\"publisher\":{\"@id\":\"https:\/\/nuevo-renacer.com\/#organization\"},\"potentialAction\":[{\"@type\":\"SearchAction\",\"target\":{\"@type\":\"EntryPoint\",\"urlTemplate\":\"https:\/\/nuevo-renacer.com\/?s={search_term_string}\"},\"query-input\":{\"@type\":\"PropertyValueSpecification\",\"valueRequired\":true,\"valueName\":\"search_term_string\"}}],\"inLanguage\":\"tr\"},{\"@type\":\"Organization\",\"@id\":\"https:\/\/nuevo-renacer.com\/#organization\",\"name\":\"UFEC\",\"url\":\"https:\/\/nuevo-renacer.com\/\",\"logo\":{\"@type\":\"ImageObject\",\"inLanguage\":\"tr\",\"@id\":\"https:\/\/nuevo-renacer.com\/#\/schema\/logo\/image\/\",\"url\":\"https:\/\/nuevo-renacer.com\/wp-content\/uploads\/2024\/05\/cropped-LOGO-TERMINADO1-3-3.png\",\"contentUrl\":\"https:\/\/nuevo-renacer.com\/wp-content\/uploads\/2024\/05\/cropped-LOGO-TERMINADO1-3-3.png\",\"width\":512,\"height\":512,\"caption\":\"UFEC\"},\"image\":{\"@id\":\"https:\/\/nuevo-renacer.com\/#\/schema\/logo\/image\/\"},\"sameAs\":[\"https:\/\/www.facebook.com\/groups\/3431398063740829\"]}]}<\/script>\n<!-- \/ Yoast SEO Premium plugin. -->","yoast_head_json":{"title":"Cl\u00e9lia Soares da Rocha - Uni\u00f3n Esp\u00edrita","robots":{"index":"index","follow":"follow","max-snippet":"max-snippet:-1","max-image-preview":"max-image-preview:large","max-video-preview":"max-video-preview:-1"},"canonical":"https:\/\/nuevo-renacer.com\/tr\/clelia-soares-da-rocha\/","og_locale":"tr_TR","og_type":"article","og_title":"Cl\u00e9lia Soares da Rocha","og_description":"Cl\u00e9lia Soares da Rocha Cl\u00e9lia Rocha naci\u00f3 en la ciudad de Barra Mansa, estado de R\u00edo de Janeiro, el 18 de octubre de 1886 y falleci\u00f3, a los 50 a\u00f1os de edad, el 16 de febrero de 1936. Fue educada como interna en el Colegio Bom Conselho, en la ciudad de Taubat\u00e9, y complet\u00f3 su [&hellip;]","og_url":"https:\/\/nuevo-renacer.com\/tr\/clelia-soares-da-rocha\/","og_site_name":"Uni\u00f3n Esp\u00edrita","article_publisher":"https:\/\/www.facebook.com\/groups\/3431398063740829","article_modified_time":"2025-11-03T11:42:52+00:00","og_image":[{"width":1000,"height":779,"url":"https:\/\/nuevo-renacer.com\/wp-content\/uploads\/2025\/11\/Clelia-Soares-da-Rocha.jpg","type":"image\/jpeg"}],"twitter_card":"summary_large_image","twitter_misc":{"Tahmini okuma s\u00fcresi":"6 dakika"},"schema":{"@context":"https:\/\/schema.org","@graph":[{"@type":"WebPage","@id":"https:\/\/nuevo-renacer.com\/clelia-soares-da-rocha\/","url":"https:\/\/nuevo-renacer.com\/clelia-soares-da-rocha\/","name":"Cl\u00e9lia Soares da Rocha - Uni\u00f3n Esp\u00edrita","isPartOf":{"@id":"https:\/\/nuevo-renacer.com\/#website"},"primaryImageOfPage":{"@id":"https:\/\/nuevo-renacer.com\/clelia-soares-da-rocha\/#primaryimage"},"image":{"@id":"https:\/\/nuevo-renacer.com\/clelia-soares-da-rocha\/#primaryimage"},"thumbnailUrl":"https:\/\/nuevo-renacer.com\/wp-content\/uploads\/2025\/11\/Clelia-Soares-da-Rocha.jpg","datePublished":"2025-11-03T11:42:32+00:00","dateModified":"2025-11-03T11:42:52+00:00","breadcrumb":{"@id":"https:\/\/nuevo-renacer.com\/clelia-soares-da-rocha\/#breadcrumb"},"inLanguage":"tr","potentialAction":[{"@type":"ReadAction","target":["https:\/\/nuevo-renacer.com\/clelia-soares-da-rocha\/"]}]},{"@type":"ImageObject","inLanguage":"tr","@id":"https:\/\/nuevo-renacer.com\/clelia-soares-da-rocha\/#primaryimage","url":"https:\/\/nuevo-renacer.com\/wp-content\/uploads\/2025\/11\/Clelia-Soares-da-Rocha.jpg","contentUrl":"https:\/\/nuevo-renacer.com\/wp-content\/uploads\/2025\/11\/Clelia-Soares-da-Rocha.jpg"},{"@type":"BreadcrumbList","@id":"https:\/\/nuevo-renacer.com\/clelia-soares-da-rocha\/#breadcrumb","itemListElement":[{"@type":"ListItem","position":1,"name":"Startseite","item":"https:\/\/nuevo-renacer.com\/"},{"@type":"ListItem","position":2,"name":"Cl\u00e9lia Soares da Rocha"}]},{"@type":"WebSite","@id":"https:\/\/nuevo-renacer.com\/#website","url":"https:\/\/nuevo-renacer.com\/","name":"Uni\u00f3n Esp\u00edrita","description":"Nuevo Renacer","publisher":{"@id":"https:\/\/nuevo-renacer.com\/#organization"},"potentialAction":[{"@type":"SearchAction","target":{"@type":"EntryPoint","urlTemplate":"https:\/\/nuevo-renacer.com\/?s={search_term_string}"},"query-input":{"@type":"PropertyValueSpecification","valueRequired":true,"valueName":"search_term_string"}}],"inLanguage":"tr"},{"@type":"Organization","@id":"https:\/\/nuevo-renacer.com\/#organization","name":"UFEC","url":"https:\/\/nuevo-renacer.com\/","logo":{"@type":"ImageObject","inLanguage":"tr","@id":"https:\/\/nuevo-renacer.com\/#\/schema\/logo\/image\/","url":"https:\/\/nuevo-renacer.com\/wp-content\/uploads\/2024\/05\/cropped-LOGO-TERMINADO1-3-3.png","contentUrl":"https:\/\/nuevo-renacer.com\/wp-content\/uploads\/2024\/05\/cropped-LOGO-TERMINADO1-3-3.png","width":512,"height":512,"caption":"UFEC"},"image":{"@id":"https:\/\/nuevo-renacer.com\/#\/schema\/logo\/image\/"},"sameAs":["https:\/\/www.facebook.com\/groups\/3431398063740829"]}]}},"uagb_featured_image_src":{"full":false,"thumbnail":false,"medium":false,"medium_large":false,"large":false,"1536x1536":false,"2048x2048":false,"trp-custom-language-flag":false},"uagb_author_info":{"display_name":"adbv0","author_link":"https:\/\/nuevo-renacer.com\/tr\/author\/adbv0\/"},"uagb_comment_info":0,"uagb_excerpt":"Cl\u00e9lia Soares da Rocha Cl\u00e9lia Rocha naci\u00f3 en la ciudad de Barra Mansa, estado de R\u00edo de Janeiro, el 18 de octubre de 1886 y falleci\u00f3, a los 50 a\u00f1os de edad, el 16 de febrero de 1936. Fue educada como interna en el Colegio Bom Conselho, en la ciudad de Taubat\u00e9, y complet\u00f3 su&hellip;","jetpack_sharing_enabled":true,"_links":{"self":[{"href":"https:\/\/nuevo-renacer.com\/tr\/wp-json\/wp\/v2\/pages\/8606","targetHints":{"allow":["GET"]}}],"collection":[{"href":"https:\/\/nuevo-renacer.com\/tr\/wp-json\/wp\/v2\/pages"}],"about":[{"href":"https:\/\/nuevo-renacer.com\/tr\/wp-json\/wp\/v2\/types\/page"}],"author":[{"embeddable":true,"href":"https:\/\/nuevo-renacer.com\/tr\/wp-json\/wp\/v2\/users\/1"}],"replies":[{"embeddable":true,"href":"https:\/\/nuevo-renacer.com\/tr\/wp-json\/wp\/v2\/comments?post=8606"}],"version-history":[{"count":1,"href":"https:\/\/nuevo-renacer.com\/tr\/wp-json\/wp\/v2\/pages\/8606\/revisions"}],"predecessor-version":[{"id":8608,"href":"https:\/\/nuevo-renacer.com\/tr\/wp-json\/wp\/v2\/pages\/8606\/revisions\/8608"}],"wp:attachment":[{"href":"https:\/\/nuevo-renacer.com\/tr\/wp-json\/wp\/v2\/media?parent=8606"}],"curies":[{"name":"wp","href":"https:\/\/api.w.org\/{rel}","templated":true}]}}