{"id":8556,"date":"2025-10-21T11:31:04","date_gmt":"2025-10-21T11:31:04","guid":{"rendered":"https:\/\/nuevo-renacer.com\/?page_id=8556"},"modified":"2025-10-21T11:31:07","modified_gmt":"2025-10-21T11:31:07","slug":"henri-sausse","status":"publish","type":"page","link":"https:\/\/nuevo-renacer.com\/tr\/henri-sausse\/","title":{"rendered":"Henri Sausse"},"content":{"rendered":"<div class=\"wp-block-uagb-container uagb-block-1ec23b7c alignfull uagb-is-root-container\"><div class=\"uagb-container-inner-blocks-wrap\">\n<p class=\"has-black-color has-text-color has-link-color has-medium-font-size wp-elements-d5567cd56ce28d8d4994477e92ee0f44\"><strong>Henri Sausse<\/strong><\/p>\n<\/div><\/div>\n\n\n\n<div class=\"wp-block-uagb-container uagb-block-fc27f44e alignfull uagb-is-root-container\"><div class=\"uagb-container-inner-blocks-wrap\">\n<figure class=\"wp-block-image size-full is-resized\"><img decoding=\"async\" width=\"106\" height=\"137\" src=\"https:\/\/nuevo-renacer.com\/wp-content\/uploads\/2025\/10\/Henri_Sausse.jpg\" alt=\"\" class=\"wp-image-8557\" style=\"width:250px;height:auto\" srcset=\"https:\/\/nuevo-renacer.com\/wp-content\/uploads\/2025\/10\/Henri_Sausse.jpg 106w, https:\/\/nuevo-renacer.com\/wp-content\/uploads\/2025\/10\/Henri_Sausse-9x12.jpg 9w\" sizes=\"(max-width: 106px) 100vw, 106px\" \/><\/figure>\n<\/div><\/div>\n\n\n\n<div class=\"wp-block-uagb-container uagb-block-da3daec9 alignfull uagb-is-root-container\"><div class=\"uagb-container-inner-blocks-wrap\">\n<p class=\"has-black-color has-text-color has-link-color has-small-font-size wp-elements-7e85da02968f23acc642f1311c174914\">Ruh\u00e7u yazar Henri Sausse, 6 May\u0131s 1852'de \u00c9toile-sur-Rh\u00f4ne [Dr\u00f4me]'da do\u011fdu. Allan Kardec'in ilk biyografi yazar\u0131 olan Sausse, Biographie d'Allan Kardec'in yan\u0131 s\u0131ra bir\u00e7ok eser kaleme alm\u0131\u015ft\u0131r. Bunlardan baz\u0131lar\u0131 \u015funlard\u0131r: Biographie de L\u00e9on Denis (L\u00e9on Denis'in Biyografisi); Esp\u00e9rance et courage (Umut ve Cesaret); Le Spiritisme \u00e0 Lyon (Lyon'da Spiritizm); Des preuves? En voil\u00e0!! (Kan\u0131tlar? \u0130\u015fte burada!); La R\u00e9incarnation selon le Spiritisme (Spiritizm'e g\u00f6re reenkarnasyon); Les s\u00e9ances du Groupe Amiti\u00e9 (Dostluk Grubu'nun seanslar\u0131); M\u00e9moire adress\u00e9 au Congr\u00e8s Spirite de 1925 (1925 Spiritist Kongresi'ne Sunulan An\u0131); Spiritisme transcendantal (Transandantal Spiritizm); \u00c0 la recherche des origines de l'\u00e2me humaine (\u0130nsan Ruhunun K\u00f6kenlerini Aray\u0131\u015f\u0131nda) vb.<\/p>\n\n\n\n<p class=\"has-black-color has-text-color has-link-color has-small-font-size wp-elements-aab9d35139d4c05d01d19c8520eca7fa\">Demir gibi bir iradeye ve b\u00fcy\u00fck bir azme sahip, fedakarl\u0131klara haz\u0131r bir m\u00fccadeleci olan Henri Sausse, Union Fraternelle de Valence ve Union Spirite Fran\u00e7aise gibi say\u0131s\u0131z derne\u011fe \u00fcye olmu\u015f ve \u00e7ok sevilen bir ki\u015fi olmu\u015ftur. 1869'dan itibaren Spiritizmin yayg\u0131nla\u015ft\u0131r\u0131lmas\u0131na kendini adad\u0131 ve Allan Kardec (1804-1869) ve daha sonra Le\u00f3n Denis (1846-1927) hayran\u0131 oldu\u011funu ortaya koydu.<\/p>\n\n\n\n<p class=\"has-black-color has-text-color has-link-color has-small-font-size wp-elements-813a3440c9b74385108c846794ef4ea8\">Lyon Spirit\u00fcalizm Hareketi'ne kat\u0131ld\u0131 ve 1873'te Soci\u00e9t\u00e9 Spirite Lyonnaise'nin kurucular\u0131ndan biri oldu. Yirmi y\u0131l\u0131 a\u015fk\u0131n bir s\u00fcre boyunca Soci\u00e9t\u00e9 Fraternelle pour l'\u00c9tude du Spiritisme (Spirit\u00fcalizm \u00c7al\u0131\u015fmalar\u0131 Karde\u015flik Derne\u011fi) ba\u015fkanl\u0131\u011f\u0131n\u0131 b\u00fcy\u00fck bir dinamizmle y\u00fcr\u00fctt\u00fc. 1885 y\u0131l\u0131nda F\u00e9d\u00e9ration Spirite Lyonnaise'nin kurucular\u0131ndan biri oldu ve 1923 y\u0131l\u0131na kadar genel sekreterli\u011fini yapt\u0131. Avrupa'n\u0131n \u00f6nde gelen spirit\u00fcalist dergilerinde yaz\u0131lar yazd\u0131. Febian biyografi yazarlar\u0131 Z\u00eaus Wantuil ve Francisco Thiesen, Sausse'nin mesle\u011finin t\u00fcccar oldu\u011funu ve s\u0131k s\u0131k zor, hatta kritik anlarla kar\u015f\u0131 kar\u015f\u0131ya kald\u0131\u011f\u0131n\u0131, spirit\u00fcalistlere ve Doktrine kar\u015f\u0131 y\u00f6neltilen haks\u0131z su\u00e7lamalar\u0131 ve uzla\u015fmaz rakiplerinin zulm\u00fcn\u00fc reddederek kahramanca bir tav\u0131r sergiledi\u011fini belirtmektedir.<\/p>\n\n\n\n<p class=\"has-black-color has-text-color has-link-color has-small-font-size wp-elements-75af67e6fbcd4a70a2851abff3101acb\">\u00d6l\u00fcm\u00fc, 26 \u015eubat 1928'de, do\u011fdu\u011fu yerde ger\u00e7ekle\u015fti.<\/p>\n<\/div><\/div>\n\n\n\n<div class=\"wp-block-uagb-container uagb-block-1fc0d509 alignfull uagb-is-root-container\"><div class=\"uagb-container-inner-blocks-wrap\"><\/div><\/div>\n\n\n\n<div class=\"wp-block-uagb-container uagb-block-bd9da93f alignfull uagb-is-root-container\"><div class=\"uagb-container-inner-blocks-wrap\"><\/div><\/div>","protected":false},"excerpt":{"rendered":"<p>Henri Sausse El escritor esp\u00edrita Henri Sausse naci\u00f3 el 6 de mayo de 1852 en \u00c9toile-sur-Rh\u00f4ne [Dr\u00f4me]. Fue el primer bi\u00f3grafo de Allan Kardec, habiendo escrito la Biographie d&#8217;Allan Kardec, adem\u00e1s de otras obras, a saber: Biographie de L\u00e9on Denis (Biograf\u00eda de L\u00e9on Denis); Esp\u00e9rance et courage (Esperanza y valor); Le Spiritisme \u00e0 Lyon (El [&hellip;]<\/p>","protected":false},"author":1,"featured_media":0,"parent":0,"menu_order":0,"comment_status":"closed","ping_status":"closed","template":"","meta":{"_uag_custom_page_level_css":"","site-sidebar-layout":"default","site-content-layout":"","ast-site-content-layout":"default","site-content-style":"default","site-sidebar-style":"default","ast-global-header-display":"","ast-banner-title-visibility":"","ast-main-header-display":"","ast-hfb-above-header-display":"","ast-hfb-below-header-display":"","ast-hfb-mobile-header-display":"","site-post-title":"disabled","ast-breadcrumbs-content":"","ast-featured-img":"","footer-sml-layout":"","theme-transparent-header-meta":"","adv-header-id-meta":"","stick-header-meta":"","header-above-stick-meta":"","header-main-stick-meta":"","header-below-stick-meta":"","astra-migrate-meta-layouts":"set","ast-page-background-enabled":"default","ast-page-background-meta":{"desktop":{"background-color":"var(--ast-global-color-4)","background-image":"","background-repeat":"repeat","background-position":"center center","background-size":"auto","background-attachment":"scroll","background-type":"","background-media":"","overlay-type":"","overlay-color":"","overlay-opacity":"","overlay-gradient":""},"tablet":{"background-color":"","background-image":"","background-repeat":"repeat","background-position":"center center","background-size":"auto","background-attachment":"scroll","background-type":"","background-media":"","overlay-type":"","overlay-color":"","overlay-opacity":"","overlay-gradient":""},"mobile":{"background-color":"","background-image":"","background-repeat":"repeat","background-position":"center center","background-size":"auto","background-attachment":"scroll","background-type":"","background-media":"","overlay-type":"","overlay-color":"","overlay-opacity":"","overlay-gradient":""}},"ast-content-background-meta":{"desktop":{"background-color":"var(--ast-global-color-5)","background-image":"","background-repeat":"repeat","background-position":"center center","background-size":"auto","background-attachment":"scroll","background-type":"","background-media":"","overlay-type":"","overlay-color":"","overlay-opacity":"","overlay-gradient":""},"tablet":{"background-color":"var(--ast-global-color-5)","background-image":"","background-repeat":"repeat","background-position":"center center","background-size":"auto","background-attachment":"scroll","background-type":"","background-media":"","overlay-type":"","overlay-color":"","overlay-opacity":"","overlay-gradient":""},"mobile":{"background-color":"var(--ast-global-color-5)","background-image":"","background-repeat":"repeat","background-position":"center center","background-size":"auto","background-attachment":"scroll","background-type":"","background-media":"","overlay-type":"","overlay-color":"","overlay-opacity":"","overlay-gradient":""}},"footnotes":""},"class_list":["post-8556","page","type-page","status-publish","hentry"],"yoast_head":"<!-- This site is optimized with the Yoast SEO Premium plugin v24.2 (Yoast SEO v24.6) - https:\/\/yoast.com\/wordpress\/plugins\/seo\/ -->\n<title>Henri Sausse - Uni\u00f3n Esp\u00edrita<\/title>\n<meta name=\"robots\" content=\"index, follow, max-snippet:-1, max-image-preview:large, max-video-preview:-1\" \/>\n<link rel=\"canonical\" href=\"https:\/\/nuevo-renacer.com\/tr\/henri-sausse\/\" \/>\n<meta property=\"og:locale\" content=\"tr_TR\" \/>\n<meta property=\"og:type\" content=\"article\" \/>\n<meta property=\"og:title\" content=\"Henri Sausse\" \/>\n<meta property=\"og:description\" content=\"Henri Sausse El escritor esp\u00edrita Henri Sausse naci\u00f3 el 6 de mayo de 1852 en \u00c9toile-sur-Rh\u00f4ne [Dr\u00f4me]. Fue el primer bi\u00f3grafo de Allan Kardec, habiendo escrito la Biographie d&#8217;Allan Kardec, adem\u00e1s de otras obras, a saber: Biographie de L\u00e9on Denis (Biograf\u00eda de L\u00e9on Denis); Esp\u00e9rance et courage (Esperanza y valor); Le Spiritisme \u00e0 Lyon (El [&hellip;]\" \/>\n<meta property=\"og:url\" content=\"https:\/\/nuevo-renacer.com\/tr\/henri-sausse\/\" \/>\n<meta property=\"og:site_name\" content=\"Uni\u00f3n Esp\u00edrita\" \/>\n<meta property=\"article:publisher\" content=\"https:\/\/www.facebook.com\/groups\/3431398063740829\" \/>\n<meta property=\"article:modified_time\" content=\"2025-10-21T11:31:07+00:00\" \/>\n<meta property=\"og:image\" content=\"https:\/\/nuevo-renacer.com\/wp-content\/uploads\/2025\/10\/Henri_Sausse.jpg\" \/>\n\t<meta property=\"og:image:width\" content=\"106\" \/>\n\t<meta property=\"og:image:height\" content=\"137\" \/>\n\t<meta property=\"og:image:type\" content=\"image\/jpeg\" \/>\n<meta name=\"twitter:card\" content=\"summary_large_image\" \/>\n<meta name=\"twitter:label1\" content=\"Tahmini okuma s\u00fcresi\" \/>\n\t<meta name=\"twitter:data1\" content=\"3 dakika\" \/>\n<script type=\"application\/ld+json\" class=\"yoast-schema-graph\">{\"@context\":\"https:\/\/schema.org\",\"@graph\":[{\"@type\":\"WebPage\",\"@id\":\"https:\/\/nuevo-renacer.com\/henri-sausse\/\",\"url\":\"https:\/\/nuevo-renacer.com\/henri-sausse\/\",\"name\":\"Henri Sausse - Uni\u00f3n Esp\u00edrita\",\"isPartOf\":{\"@id\":\"https:\/\/nuevo-renacer.com\/#website\"},\"primaryImageOfPage\":{\"@id\":\"https:\/\/nuevo-renacer.com\/henri-sausse\/#primaryimage\"},\"image\":{\"@id\":\"https:\/\/nuevo-renacer.com\/henri-sausse\/#primaryimage\"},\"thumbnailUrl\":\"https:\/\/nuevo-renacer.com\/wp-content\/uploads\/2025\/10\/Henri_Sausse.jpg\",\"datePublished\":\"2025-10-21T11:31:04+00:00\",\"dateModified\":\"2025-10-21T11:31:07+00:00\",\"breadcrumb\":{\"@id\":\"https:\/\/nuevo-renacer.com\/henri-sausse\/#breadcrumb\"},\"inLanguage\":\"tr\",\"potentialAction\":[{\"@type\":\"ReadAction\",\"target\":[\"https:\/\/nuevo-renacer.com\/henri-sausse\/\"]}]},{\"@type\":\"ImageObject\",\"inLanguage\":\"tr\",\"@id\":\"https:\/\/nuevo-renacer.com\/henri-sausse\/#primaryimage\",\"url\":\"https:\/\/nuevo-renacer.com\/wp-content\/uploads\/2025\/10\/Henri_Sausse.jpg\",\"contentUrl\":\"https:\/\/nuevo-renacer.com\/wp-content\/uploads\/2025\/10\/Henri_Sausse.jpg\"},{\"@type\":\"BreadcrumbList\",\"@id\":\"https:\/\/nuevo-renacer.com\/henri-sausse\/#breadcrumb\",\"itemListElement\":[{\"@type\":\"ListItem\",\"position\":1,\"name\":\"Startseite\",\"item\":\"https:\/\/nuevo-renacer.com\/\"},{\"@type\":\"ListItem\",\"position\":2,\"name\":\"Henri Sausse\"}]},{\"@type\":\"WebSite\",\"@id\":\"https:\/\/nuevo-renacer.com\/#website\",\"url\":\"https:\/\/nuevo-renacer.com\/\",\"name\":\"Uni\u00f3n Esp\u00edrita\",\"description\":\"Nuevo Renacer\",\"publisher\":{\"@id\":\"https:\/\/nuevo-renacer.com\/#organization\"},\"potentialAction\":[{\"@type\":\"SearchAction\",\"target\":{\"@type\":\"EntryPoint\",\"urlTemplate\":\"https:\/\/nuevo-renacer.com\/?s={search_term_string}\"},\"query-input\":{\"@type\":\"PropertyValueSpecification\",\"valueRequired\":true,\"valueName\":\"search_term_string\"}}],\"inLanguage\":\"tr\"},{\"@type\":\"Organization\",\"@id\":\"https:\/\/nuevo-renacer.com\/#organization\",\"name\":\"UFEC\",\"url\":\"https:\/\/nuevo-renacer.com\/\",\"logo\":{\"@type\":\"ImageObject\",\"inLanguage\":\"tr\",\"@id\":\"https:\/\/nuevo-renacer.com\/#\/schema\/logo\/image\/\",\"url\":\"https:\/\/nuevo-renacer.com\/wp-content\/uploads\/2024\/05\/cropped-LOGO-TERMINADO1-3-3.png\",\"contentUrl\":\"https:\/\/nuevo-renacer.com\/wp-content\/uploads\/2024\/05\/cropped-LOGO-TERMINADO1-3-3.png\",\"width\":512,\"height\":512,\"caption\":\"UFEC\"},\"image\":{\"@id\":\"https:\/\/nuevo-renacer.com\/#\/schema\/logo\/image\/\"},\"sameAs\":[\"https:\/\/www.facebook.com\/groups\/3431398063740829\"]}]}<\/script>\n<!-- \/ Yoast SEO Premium plugin. -->","yoast_head_json":{"title":"Henri Sausse - Uni\u00f3n Esp\u00edrita","robots":{"index":"index","follow":"follow","max-snippet":"max-snippet:-1","max-image-preview":"max-image-preview:large","max-video-preview":"max-video-preview:-1"},"canonical":"https:\/\/nuevo-renacer.com\/tr\/henri-sausse\/","og_locale":"tr_TR","og_type":"article","og_title":"Henri Sausse","og_description":"Henri Sausse El escritor esp\u00edrita Henri Sausse naci\u00f3 el 6 de mayo de 1852 en \u00c9toile-sur-Rh\u00f4ne [Dr\u00f4me]. Fue el primer bi\u00f3grafo de Allan Kardec, habiendo escrito la Biographie d&#8217;Allan Kardec, adem\u00e1s de otras obras, a saber: Biographie de L\u00e9on Denis (Biograf\u00eda de L\u00e9on Denis); Esp\u00e9rance et courage (Esperanza y valor); Le Spiritisme \u00e0 Lyon (El [&hellip;]","og_url":"https:\/\/nuevo-renacer.com\/tr\/henri-sausse\/","og_site_name":"Uni\u00f3n Esp\u00edrita","article_publisher":"https:\/\/www.facebook.com\/groups\/3431398063740829","article_modified_time":"2025-10-21T11:31:07+00:00","og_image":[{"width":106,"height":137,"url":"https:\/\/nuevo-renacer.com\/wp-content\/uploads\/2025\/10\/Henri_Sausse.jpg","type":"image\/jpeg"}],"twitter_card":"summary_large_image","twitter_misc":{"Tahmini okuma s\u00fcresi":"3 dakika"},"schema":{"@context":"https:\/\/schema.org","@graph":[{"@type":"WebPage","@id":"https:\/\/nuevo-renacer.com\/henri-sausse\/","url":"https:\/\/nuevo-renacer.com\/henri-sausse\/","name":"Henri Sausse - Uni\u00f3n Esp\u00edrita","isPartOf":{"@id":"https:\/\/nuevo-renacer.com\/#website"},"primaryImageOfPage":{"@id":"https:\/\/nuevo-renacer.com\/henri-sausse\/#primaryimage"},"image":{"@id":"https:\/\/nuevo-renacer.com\/henri-sausse\/#primaryimage"},"thumbnailUrl":"https:\/\/nuevo-renacer.com\/wp-content\/uploads\/2025\/10\/Henri_Sausse.jpg","datePublished":"2025-10-21T11:31:04+00:00","dateModified":"2025-10-21T11:31:07+00:00","breadcrumb":{"@id":"https:\/\/nuevo-renacer.com\/henri-sausse\/#breadcrumb"},"inLanguage":"tr","potentialAction":[{"@type":"ReadAction","target":["https:\/\/nuevo-renacer.com\/henri-sausse\/"]}]},{"@type":"ImageObject","inLanguage":"tr","@id":"https:\/\/nuevo-renacer.com\/henri-sausse\/#primaryimage","url":"https:\/\/nuevo-renacer.com\/wp-content\/uploads\/2025\/10\/Henri_Sausse.jpg","contentUrl":"https:\/\/nuevo-renacer.com\/wp-content\/uploads\/2025\/10\/Henri_Sausse.jpg"},{"@type":"BreadcrumbList","@id":"https:\/\/nuevo-renacer.com\/henri-sausse\/#breadcrumb","itemListElement":[{"@type":"ListItem","position":1,"name":"Startseite","item":"https:\/\/nuevo-renacer.com\/"},{"@type":"ListItem","position":2,"name":"Henri Sausse"}]},{"@type":"WebSite","@id":"https:\/\/nuevo-renacer.com\/#website","url":"https:\/\/nuevo-renacer.com\/","name":"Uni\u00f3n Esp\u00edrita","description":"Nuevo Renacer","publisher":{"@id":"https:\/\/nuevo-renacer.com\/#organization"},"potentialAction":[{"@type":"SearchAction","target":{"@type":"EntryPoint","urlTemplate":"https:\/\/nuevo-renacer.com\/?s={search_term_string}"},"query-input":{"@type":"PropertyValueSpecification","valueRequired":true,"valueName":"search_term_string"}}],"inLanguage":"tr"},{"@type":"Organization","@id":"https:\/\/nuevo-renacer.com\/#organization","name":"UFEC","url":"https:\/\/nuevo-renacer.com\/","logo":{"@type":"ImageObject","inLanguage":"tr","@id":"https:\/\/nuevo-renacer.com\/#\/schema\/logo\/image\/","url":"https:\/\/nuevo-renacer.com\/wp-content\/uploads\/2024\/05\/cropped-LOGO-TERMINADO1-3-3.png","contentUrl":"https:\/\/nuevo-renacer.com\/wp-content\/uploads\/2024\/05\/cropped-LOGO-TERMINADO1-3-3.png","width":512,"height":512,"caption":"UFEC"},"image":{"@id":"https:\/\/nuevo-renacer.com\/#\/schema\/logo\/image\/"},"sameAs":["https:\/\/www.facebook.com\/groups\/3431398063740829"]}]}},"uagb_featured_image_src":{"full":false,"thumbnail":false,"medium":false,"medium_large":false,"large":false,"1536x1536":false,"2048x2048":false,"trp-custom-language-flag":false},"uagb_author_info":{"display_name":"adbv0","author_link":"https:\/\/nuevo-renacer.com\/tr\/author\/adbv0\/"},"uagb_comment_info":0,"uagb_excerpt":"Henri Sausse El escritor esp\u00edrita Henri Sausse naci\u00f3 el 6 de mayo de 1852 en \u00c9toile-sur-Rh\u00f4ne [Dr\u00f4me]. Fue el primer bi\u00f3grafo de Allan Kardec, habiendo escrito la Biographie d&#8217;Allan Kardec, adem\u00e1s de otras obras, a saber: Biographie de L\u00e9on Denis (Biograf\u00eda de L\u00e9on Denis); Esp\u00e9rance et courage (Esperanza y valor); Le Spiritisme \u00e0 Lyon (El&hellip;","jetpack_sharing_enabled":true,"_links":{"self":[{"href":"https:\/\/nuevo-renacer.com\/tr\/wp-json\/wp\/v2\/pages\/8556","targetHints":{"allow":["GET"]}}],"collection":[{"href":"https:\/\/nuevo-renacer.com\/tr\/wp-json\/wp\/v2\/pages"}],"about":[{"href":"https:\/\/nuevo-renacer.com\/tr\/wp-json\/wp\/v2\/types\/page"}],"author":[{"embeddable":true,"href":"https:\/\/nuevo-renacer.com\/tr\/wp-json\/wp\/v2\/users\/1"}],"replies":[{"embeddable":true,"href":"https:\/\/nuevo-renacer.com\/tr\/wp-json\/wp\/v2\/comments?post=8556"}],"version-history":[{"count":1,"href":"https:\/\/nuevo-renacer.com\/tr\/wp-json\/wp\/v2\/pages\/8556\/revisions"}],"predecessor-version":[{"id":8558,"href":"https:\/\/nuevo-renacer.com\/tr\/wp-json\/wp\/v2\/pages\/8556\/revisions\/8558"}],"wp:attachment":[{"href":"https:\/\/nuevo-renacer.com\/tr\/wp-json\/wp\/v2\/media?parent=8556"}],"curies":[{"name":"wp","href":"https:\/\/api.w.org\/{rel}","templated":true}]}}