{"id":8527,"date":"2025-09-19T12:37:19","date_gmt":"2025-09-19T12:37:19","guid":{"rendered":"https:\/\/nuevo-renacer.com\/?page_id=8527"},"modified":"2025-09-19T13:06:49","modified_gmt":"2025-09-19T13:06:49","slug":"manoel-philomeno-de-miranda","status":"publish","type":"page","link":"https:\/\/nuevo-renacer.com\/tr\/manoel-philomeno-de-miranda\/","title":{"rendered":"Manoel Philomeno de Miranda"},"content":{"rendered":"<div class=\"wp-block-uagb-container uagb-block-3f91f461 alignfull uagb-is-root-container\"><div class=\"uagb-container-inner-blocks-wrap\">\n<p class=\"has-black-color has-text-color has-link-color has-medium-font-size wp-elements-fc7eb1c268c54fd6e5a6f590f8297837\"><strong>Manoel Philomeno de Miranda<\/strong><\/p>\n<\/div><\/div>\n\n\n\n<div class=\"wp-block-uagb-container uagb-block-fbd2ac9d alignfull uagb-is-root-container\"><div class=\"uagb-container-inner-blocks-wrap\">\n<figure class=\"wp-block-image size-full is-resized\"><img fetchpriority=\"high\" decoding=\"async\" width=\"200\" height=\"280\" src=\"https:\/\/nuevo-renacer.com\/wp-content\/uploads\/2025\/09\/14398SK1439318327G.jpg\" alt=\"\" class=\"wp-image-8528\" style=\"width:228px;height:auto\" srcset=\"https:\/\/nuevo-renacer.com\/wp-content\/uploads\/2025\/09\/14398SK1439318327G.jpg 200w, https:\/\/nuevo-renacer.com\/wp-content\/uploads\/2025\/09\/14398SK1439318327G-9x12.jpg 9w\" sizes=\"(max-width: 200px) 100vw, 200px\" \/><\/figure>\n<\/div><\/div>\n\n\n\n<div class=\"wp-block-uagb-container uagb-block-42f7f6c4 alignfull uagb-is-root-container\"><div class=\"uagb-container-inner-blocks-wrap\">\n<p class=\"has-black-color has-text-color has-link-color has-small-font-size wp-elements-a9aaada561324f6678b6a110ab837c5d\">M\u00e1s conocido como Filomeno de Miranda: fue durante muchos a\u00f1os colaborador destacado del Movimiento Espirita de Bah\u00eda, culminando con su elecci\u00f3n para la Presidencia de la Uni\u00f3n Esp\u00edrita Baiana, sustituyendo a Jose Petitinga, cuando \u00e9ste retom\u00f3 al Plano Espiritual, el 25 de mayo de 1939, en Salvador.<\/p>\n\n\n\n<p class=\"has-black-color has-text-color has-link-color has-small-font-size wp-elements-33396b73a23c44244af15f32dec71c3b\">Manoel Filomeno de Baptista de Miranda naci\u00f3 el 14 de noviembre de 1876: en Jangada, municipio del Conde en Estado de Bah\u00eda Sus padres fueron Manoel Baptista de Miranda y Do\u00f1a Umbelina Mar\u00eda de Concepci\u00f3n.<\/p>\n\n\n\n<p class=\"has-black-color has-text-color has-link-color has-small-font-size wp-elements-091a60588fcad967456785d91522f864\">Se diplom\u00f3 en la Escuela Municipal de Bah\u00eda: hoy Facultad de Ciencias Econ\u00f3micas de la Universidad Federal de Bah\u00eda: culmin\u00f3 su grado acad\u00e9mico en el a\u00f1o 1910: como Bachiller en Comercio y Hacienda. Ejerci\u00f3 su profesi\u00f3n con mucha rectitud: siendo un ejemplo de eficacia en el campo profesional.&nbsp;Ayudaba siempre a todo el que lo solicitaba, aunque no pudiesen retribuir sus servicios.&nbsp;Fue tan grande en su conducta como en su modestia. Debilitado por una enfermedad pertinaz, en 1914, habiendo consultado a diversos m\u00e9dicos sin resultado positivo, fue curado por el m\u00e9dium Saturnino Favila, en la ciudad de Alagoi\u00f1as, con pases y agua fluidificada, complementando la cura con algunos remedios de Plantas Medicinales.<\/p>\n\n\n\n<p class=\"has-black-color has-text-color has-link-color has-small-font-size wp-elements-348df81c6265b93224d77b0d9b58583c\">En esa \u00e9poca: en un viaje hacia Salvador, conoci\u00f3 a Jos\u00e9 Petitinga, que le invit\u00f3 a frecuentar la Uni\u00f3n Esp\u00edrita Baiana. A partir de entonces Filomeno de Miranda se interes\u00f3 por el estudio y pr\u00e1ctica del Espiritismo, convirti\u00e9ndose en uno de los m\u00e1s firmes adeptos de sus ense\u00f1anzas. Fiel disc\u00edpulo de Petitinga, fue un aut\u00e9ntico embajador del Movimiento Esp\u00edrita de Bah\u00eda, con capacidad para resolver todos los asuntos pertinentes de los Centros Esp\u00edritas.&nbsp;Al servicio de la Causa, visitaba peri\u00f3dicamente las Sociedades Esp\u00edritas de la Capital y del Interior, procurando soluciones para cualquier dificultad. Delicado, educado y sobre todo decidido en el trabajo, no daba tregua a los ataques sin sentido: cometidos por religiosos y cient\u00edficos que trataban de desmentir el trabajo de los Esp\u00edritas.<\/p>\n\n\n\n<p class=\"has-black-color has-text-color has-link-color wp-elements-f10bd8b772a1a1ee7f081480867d2c1b\"><strong><strong>Libros psicogr\u00e1ficos<\/strong><\/strong><\/p>\n\n\n\n<p class=\"has-black-color has-text-color has-link-color has-small-font-size wp-elements-90ec91ff1d833f8ec1c57a190e54dfb9\">Las obras de Manoel Philomeno, psicografiadas a trav\u00e9s de la mediumnidad de Divaldo Franco, han sido publicadas por la Federaci\u00f3n Espiritista Brasile\u00f1a y la Editorial Leal de Salvador.<\/p>\n\n\n\n<div class=\"wp-block-group is-layout-constrained wp-block-group-is-layout-constrained\">\n<p class=\"has-black-color has-text-color has-link-color has-small-font-size wp-elements-24d01388e683dc56258df1dd2bdac9eb\">&#8211; Entre bastidores de Obsession 1970 FEB \u00b7<\/p>\n\n\n\n<p class=\"has-black-color has-text-color has-link-color has-small-font-size wp-elements-34a0c48c766e49c8e703da3469db5845\">&#8211; Grilletes rotos 1974 LEAL<\/p>\n\n\n\n<p class=\"has-black-color has-text-color has-link-color has-small-font-size wp-elements-e389e937368423219fc65f1999ef2d80\">&#8211; Parcelas del destino 1976 FEB<\/p>\n\n\n\n<p class=\"has-black-color has-text-color has-link-color has-small-font-size wp-elements-b47a9ca81ab416fc29dd77a9d7835f65\">&#8211; En las fronteras de la locura 1982 LEAL<\/p>\n\n\n\n<p class=\"has-black-color has-text-color has-link-color has-small-font-size wp-elements-3604b0fc297e928de8277c5cf2c622b0\">&#8211; En los bastidores de la obsesi\u00f3n 1984 LEAL<\/p>\n\n\n\n<p class=\"has-black-color has-text-color has-link-color has-small-font-size wp-elements-77509db801e07e747fb06df6ccbbd68f\">&#8211; Locura y obsesi\u00f3n 1988 FEB<\/p>\n\n\n\n<p class=\"has-black-color has-text-color has-link-color has-small-font-size wp-elements-4fa3898cf71953f58127b5b8b3c1ebbd\">&#8211; Temas de vida y muerte 1996 FEB<\/p>\n\n\n\n<p class=\"has-black-color has-text-color has-link-color has-small-font-size wp-elements-c712e5dbe65932b136ba4b02aa7135ee\">&#8211; Caminos de la Liberaci\u00f3n 1996 FEB<\/p>\n\n\n\n<p class=\"has-black-color has-text-color has-link-color has-small-font-size wp-elements-4661282a78f73bd55c3e584245ffa2d8\">&#8211; Obsesi\u00f3n Tormentos 2001 LEAL<\/p>\n\n\n\n<p class=\"has-black-color has-text-color has-link-color has-small-font-size wp-elements-c402da8b2dac8024396cf698c6277a13\">&#8211; Sexo y obsesi\u00f3n 2003 LEAL<\/p>\n\n\n\n<p class=\"has-black-color has-text-color has-link-color has-small-font-size wp-elements-a1feabc7666ffa2f2413c28f7057c57f\">&#8211; Entre dos mundos 2006 LEAL<\/p>\n\n\n\n<p class=\"has-black-color has-text-color has-link-color has-small-font-size wp-elements-41cfcdd8be2b9d5e077e4181913fabf9\">&#8211; Reencuentro con la vida 2006 LEAL<\/p>\n\n\n\n<p class=\"has-black-color has-text-color has-link-color has-small-font-size wp-elements-e0f8f641c3b7e257982a2f04356ce143\">&#8211; Trastornos psiqui\u00e1tricos y obsesivos 2009 LEAL<\/p>\n\n\n\n<p class=\"has-black-color has-text-color has-link-color has-small-font-size wp-elements-eb2174d901a9ad263ce8cfd9461acc35\">&#8211; Transici\u00f3n planetaria 2010 LEAL<\/p>\n\n\n\n<p class=\"has-black-color has-text-color has-link-color has-small-font-size wp-elements-b464cf30aa73cb703c59fc2fc45b15ed\">&#8211; Mediumnidad: Retos y Bendiciones 2012 LEAL<\/p>\n\n\n\n<p class=\"has-black-color has-text-color has-link-color has-small-font-size wp-elements-71470627fa09bae5f28f50cfdad48c62\">&#8211; El amanecer de una nueva era 2012 LEAL<\/p>\n\n\n\n<p class=\"has-black-color has-text-color has-link-color has-small-font-size wp-elements-dbf2d1fff9ee91b6a4f9365dee2c9ee7\">&#8211; Perturbaciones espirituales 2015 LEAL<\/p>\n<\/div>\n<\/div><\/div>\n\n\n\n<div class=\"wp-block-uagb-container uagb-block-d9ab3597 alignfull uagb-is-root-container\"><div class=\"uagb-container-inner-blocks-wrap\"><\/div><\/div>\n\n\n\n<div class=\"wp-block-uagb-container uagb-block-c0a9d6f7 alignfull uagb-is-root-container\"><div class=\"uagb-container-inner-blocks-wrap\"><\/div><\/div>","protected":false},"excerpt":{"rendered":"<p>Manoel Philomeno de Miranda M\u00e1s conocido como Filomeno de Miranda: fue durante muchos a\u00f1os colaborador destacado del Movimiento Espirita de Bah\u00eda, culminando con su elecci\u00f3n para la Presidencia de la Uni\u00f3n Esp\u00edrita Baiana, sustituyendo a Jose Petitinga, cuando \u00e9ste retom\u00f3 al Plano Espiritual, el 25 de mayo de 1939, en Salvador. Manoel Filomeno de Baptista [&hellip;]<\/p>","protected":false},"author":1,"featured_media":0,"parent":0,"menu_order":0,"comment_status":"closed","ping_status":"closed","template":"","meta":{"_uag_custom_page_level_css":"","site-sidebar-layout":"default","site-content-layout":"","ast-site-content-layout":"default","site-content-style":"default","site-sidebar-style":"default","ast-global-header-display":"","ast-banner-title-visibility":"","ast-main-header-display":"","ast-hfb-above-header-display":"","ast-hfb-below-header-display":"","ast-hfb-mobile-header-display":"","site-post-title":"disabled","ast-breadcrumbs-content":"","ast-featured-img":"","footer-sml-layout":"","theme-transparent-header-meta":"","adv-header-id-meta":"","stick-header-meta":"","header-above-stick-meta":"","header-main-stick-meta":"","header-below-stick-meta":"","astra-migrate-meta-layouts":"set","ast-page-background-enabled":"default","ast-page-background-meta":{"desktop":{"background-color":"var(--ast-global-color-4)","background-image":"","background-repeat":"repeat","background-position":"center center","background-size":"auto","background-attachment":"scroll","background-type":"","background-media":"","overlay-type":"","overlay-color":"","overlay-opacity":"","overlay-gradient":""},"tablet":{"background-color":"","background-image":"","background-repeat":"repeat","background-position":"center center","background-size":"auto","background-attachment":"scroll","background-type":"","background-media":"","overlay-type":"","overlay-color":"","overlay-opacity":"","overlay-gradient":""},"mobile":{"background-color":"","background-image":"","background-repeat":"repeat","background-position":"center center","background-size":"auto","background-attachment":"scroll","background-type":"","background-media":"","overlay-type":"","overlay-color":"","overlay-opacity":"","overlay-gradient":""}},"ast-content-background-meta":{"desktop":{"background-color":"var(--ast-global-color-5)","background-image":"","background-repeat":"repeat","background-position":"center center","background-size":"auto","background-attachment":"scroll","background-type":"","background-media":"","overlay-type":"","overlay-color":"","overlay-opacity":"","overlay-gradient":""},"tablet":{"background-color":"var(--ast-global-color-5)","background-image":"","background-repeat":"repeat","background-position":"center center","background-size":"auto","background-attachment":"scroll","background-type":"","background-media":"","overlay-type":"","overlay-color":"","overlay-opacity":"","overlay-gradient":""},"mobile":{"background-color":"var(--ast-global-color-5)","background-image":"","background-repeat":"repeat","background-position":"center center","background-size":"auto","background-attachment":"scroll","background-type":"","background-media":"","overlay-type":"","overlay-color":"","overlay-opacity":"","overlay-gradient":""}},"footnotes":""},"class_list":["post-8527","page","type-page","status-publish","hentry"],"yoast_head":"<!-- This site is optimized with the Yoast SEO Premium plugin v24.2 (Yoast SEO v24.6) - https:\/\/yoast.com\/wordpress\/plugins\/seo\/ -->\n<title>Manoel Philomeno de Miranda - Uni\u00f3n Esp\u00edrita<\/title>\n<meta name=\"robots\" content=\"index, follow, max-snippet:-1, max-image-preview:large, max-video-preview:-1\" \/>\n<link rel=\"canonical\" href=\"https:\/\/nuevo-renacer.com\/tr\/manoel-philomeno-de-miranda\/\" \/>\n<meta property=\"og:locale\" content=\"tr_TR\" \/>\n<meta property=\"og:type\" content=\"article\" \/>\n<meta property=\"og:title\" content=\"Manoel Philomeno de Miranda\" \/>\n<meta property=\"og:description\" content=\"Manoel Philomeno de Miranda M\u00e1s conocido como Filomeno de Miranda: fue durante muchos a\u00f1os colaborador destacado del Movimiento Espirita de Bah\u00eda, culminando con su elecci\u00f3n para la Presidencia de la Uni\u00f3n Esp\u00edrita Baiana, sustituyendo a Jose Petitinga, cuando \u00e9ste retom\u00f3 al Plano Espiritual, el 25 de mayo de 1939, en Salvador. Manoel Filomeno de Baptista [&hellip;]\" \/>\n<meta property=\"og:url\" content=\"https:\/\/nuevo-renacer.com\/tr\/manoel-philomeno-de-miranda\/\" \/>\n<meta property=\"og:site_name\" content=\"Uni\u00f3n Esp\u00edrita\" \/>\n<meta property=\"article:publisher\" content=\"https:\/\/www.facebook.com\/groups\/3431398063740829\" \/>\n<meta property=\"article:modified_time\" content=\"2025-09-19T13:06:49+00:00\" \/>\n<meta property=\"og:image\" content=\"https:\/\/nuevo-renacer.com\/wp-content\/uploads\/2025\/09\/14398SK1439318327G.jpg\" \/>\n\t<meta property=\"og:image:width\" content=\"200\" \/>\n\t<meta property=\"og:image:height\" content=\"280\" \/>\n\t<meta property=\"og:image:type\" content=\"image\/jpeg\" \/>\n<meta name=\"twitter:card\" content=\"summary_large_image\" \/>\n<meta name=\"twitter:label1\" content=\"Tahmini okuma s\u00fcresi\" \/>\n\t<meta name=\"twitter:data1\" content=\"3 dakika\" \/>\n<script type=\"application\/ld+json\" class=\"yoast-schema-graph\">{\"@context\":\"https:\/\/schema.org\",\"@graph\":[{\"@type\":\"WebPage\",\"@id\":\"https:\/\/nuevo-renacer.com\/manoel-philomeno-de-miranda\/\",\"url\":\"https:\/\/nuevo-renacer.com\/manoel-philomeno-de-miranda\/\",\"name\":\"Manoel Philomeno de Miranda - Uni\u00f3n Esp\u00edrita\",\"isPartOf\":{\"@id\":\"https:\/\/nuevo-renacer.com\/#website\"},\"primaryImageOfPage\":{\"@id\":\"https:\/\/nuevo-renacer.com\/manoel-philomeno-de-miranda\/#primaryimage\"},\"image\":{\"@id\":\"https:\/\/nuevo-renacer.com\/manoel-philomeno-de-miranda\/#primaryimage\"},\"thumbnailUrl\":\"https:\/\/nuevo-renacer.com\/wp-content\/uploads\/2025\/09\/14398SK1439318327G.jpg\",\"datePublished\":\"2025-09-19T12:37:19+00:00\",\"dateModified\":\"2025-09-19T13:06:49+00:00\",\"breadcrumb\":{\"@id\":\"https:\/\/nuevo-renacer.com\/manoel-philomeno-de-miranda\/#breadcrumb\"},\"inLanguage\":\"tr\",\"potentialAction\":[{\"@type\":\"ReadAction\",\"target\":[\"https:\/\/nuevo-renacer.com\/manoel-philomeno-de-miranda\/\"]}]},{\"@type\":\"ImageObject\",\"inLanguage\":\"tr\",\"@id\":\"https:\/\/nuevo-renacer.com\/manoel-philomeno-de-miranda\/#primaryimage\",\"url\":\"https:\/\/nuevo-renacer.com\/wp-content\/uploads\/2025\/09\/14398SK1439318327G.jpg\",\"contentUrl\":\"https:\/\/nuevo-renacer.com\/wp-content\/uploads\/2025\/09\/14398SK1439318327G.jpg\"},{\"@type\":\"BreadcrumbList\",\"@id\":\"https:\/\/nuevo-renacer.com\/manoel-philomeno-de-miranda\/#breadcrumb\",\"itemListElement\":[{\"@type\":\"ListItem\",\"position\":1,\"name\":\"Startseite\",\"item\":\"https:\/\/nuevo-renacer.com\/\"},{\"@type\":\"ListItem\",\"position\":2,\"name\":\"Manoel Philomeno de Miranda\"}]},{\"@type\":\"WebSite\",\"@id\":\"https:\/\/nuevo-renacer.com\/#website\",\"url\":\"https:\/\/nuevo-renacer.com\/\",\"name\":\"Uni\u00f3n Esp\u00edrita\",\"description\":\"Nuevo Renacer\",\"publisher\":{\"@id\":\"https:\/\/nuevo-renacer.com\/#organization\"},\"potentialAction\":[{\"@type\":\"SearchAction\",\"target\":{\"@type\":\"EntryPoint\",\"urlTemplate\":\"https:\/\/nuevo-renacer.com\/?s={search_term_string}\"},\"query-input\":{\"@type\":\"PropertyValueSpecification\",\"valueRequired\":true,\"valueName\":\"search_term_string\"}}],\"inLanguage\":\"tr\"},{\"@type\":\"Organization\",\"@id\":\"https:\/\/nuevo-renacer.com\/#organization\",\"name\":\"UFEC\",\"url\":\"https:\/\/nuevo-renacer.com\/\",\"logo\":{\"@type\":\"ImageObject\",\"inLanguage\":\"tr\",\"@id\":\"https:\/\/nuevo-renacer.com\/#\/schema\/logo\/image\/\",\"url\":\"https:\/\/nuevo-renacer.com\/wp-content\/uploads\/2024\/05\/cropped-LOGO-TERMINADO1-3-3.png\",\"contentUrl\":\"https:\/\/nuevo-renacer.com\/wp-content\/uploads\/2024\/05\/cropped-LOGO-TERMINADO1-3-3.png\",\"width\":512,\"height\":512,\"caption\":\"UFEC\"},\"image\":{\"@id\":\"https:\/\/nuevo-renacer.com\/#\/schema\/logo\/image\/\"},\"sameAs\":[\"https:\/\/www.facebook.com\/groups\/3431398063740829\"]}]}<\/script>\n<!-- \/ Yoast SEO Premium plugin. -->","yoast_head_json":{"title":"Manoel Philomeno de Miranda - Uni\u00f3n Esp\u00edrita","robots":{"index":"index","follow":"follow","max-snippet":"max-snippet:-1","max-image-preview":"max-image-preview:large","max-video-preview":"max-video-preview:-1"},"canonical":"https:\/\/nuevo-renacer.com\/tr\/manoel-philomeno-de-miranda\/","og_locale":"tr_TR","og_type":"article","og_title":"Manoel Philomeno de Miranda","og_description":"Manoel Philomeno de Miranda M\u00e1s conocido como Filomeno de Miranda: fue durante muchos a\u00f1os colaborador destacado del Movimiento Espirita de Bah\u00eda, culminando con su elecci\u00f3n para la Presidencia de la Uni\u00f3n Esp\u00edrita Baiana, sustituyendo a Jose Petitinga, cuando \u00e9ste retom\u00f3 al Plano Espiritual, el 25 de mayo de 1939, en Salvador. Manoel Filomeno de Baptista [&hellip;]","og_url":"https:\/\/nuevo-renacer.com\/tr\/manoel-philomeno-de-miranda\/","og_site_name":"Uni\u00f3n Esp\u00edrita","article_publisher":"https:\/\/www.facebook.com\/groups\/3431398063740829","article_modified_time":"2025-09-19T13:06:49+00:00","og_image":[{"width":200,"height":280,"url":"https:\/\/nuevo-renacer.com\/wp-content\/uploads\/2025\/09\/14398SK1439318327G.jpg","type":"image\/jpeg"}],"twitter_card":"summary_large_image","twitter_misc":{"Tahmini okuma s\u00fcresi":"3 dakika"},"schema":{"@context":"https:\/\/schema.org","@graph":[{"@type":"WebPage","@id":"https:\/\/nuevo-renacer.com\/manoel-philomeno-de-miranda\/","url":"https:\/\/nuevo-renacer.com\/manoel-philomeno-de-miranda\/","name":"Manoel Philomeno de Miranda - Uni\u00f3n Esp\u00edrita","isPartOf":{"@id":"https:\/\/nuevo-renacer.com\/#website"},"primaryImageOfPage":{"@id":"https:\/\/nuevo-renacer.com\/manoel-philomeno-de-miranda\/#primaryimage"},"image":{"@id":"https:\/\/nuevo-renacer.com\/manoel-philomeno-de-miranda\/#primaryimage"},"thumbnailUrl":"https:\/\/nuevo-renacer.com\/wp-content\/uploads\/2025\/09\/14398SK1439318327G.jpg","datePublished":"2025-09-19T12:37:19+00:00","dateModified":"2025-09-19T13:06:49+00:00","breadcrumb":{"@id":"https:\/\/nuevo-renacer.com\/manoel-philomeno-de-miranda\/#breadcrumb"},"inLanguage":"tr","potentialAction":[{"@type":"ReadAction","target":["https:\/\/nuevo-renacer.com\/manoel-philomeno-de-miranda\/"]}]},{"@type":"ImageObject","inLanguage":"tr","@id":"https:\/\/nuevo-renacer.com\/manoel-philomeno-de-miranda\/#primaryimage","url":"https:\/\/nuevo-renacer.com\/wp-content\/uploads\/2025\/09\/14398SK1439318327G.jpg","contentUrl":"https:\/\/nuevo-renacer.com\/wp-content\/uploads\/2025\/09\/14398SK1439318327G.jpg"},{"@type":"BreadcrumbList","@id":"https:\/\/nuevo-renacer.com\/manoel-philomeno-de-miranda\/#breadcrumb","itemListElement":[{"@type":"ListItem","position":1,"name":"Startseite","item":"https:\/\/nuevo-renacer.com\/"},{"@type":"ListItem","position":2,"name":"Manoel Philomeno de Miranda"}]},{"@type":"WebSite","@id":"https:\/\/nuevo-renacer.com\/#website","url":"https:\/\/nuevo-renacer.com\/","name":"Uni\u00f3n Esp\u00edrita","description":"Nuevo Renacer","publisher":{"@id":"https:\/\/nuevo-renacer.com\/#organization"},"potentialAction":[{"@type":"SearchAction","target":{"@type":"EntryPoint","urlTemplate":"https:\/\/nuevo-renacer.com\/?s={search_term_string}"},"query-input":{"@type":"PropertyValueSpecification","valueRequired":true,"valueName":"search_term_string"}}],"inLanguage":"tr"},{"@type":"Organization","@id":"https:\/\/nuevo-renacer.com\/#organization","name":"UFEC","url":"https:\/\/nuevo-renacer.com\/","logo":{"@type":"ImageObject","inLanguage":"tr","@id":"https:\/\/nuevo-renacer.com\/#\/schema\/logo\/image\/","url":"https:\/\/nuevo-renacer.com\/wp-content\/uploads\/2024\/05\/cropped-LOGO-TERMINADO1-3-3.png","contentUrl":"https:\/\/nuevo-renacer.com\/wp-content\/uploads\/2024\/05\/cropped-LOGO-TERMINADO1-3-3.png","width":512,"height":512,"caption":"UFEC"},"image":{"@id":"https:\/\/nuevo-renacer.com\/#\/schema\/logo\/image\/"},"sameAs":["https:\/\/www.facebook.com\/groups\/3431398063740829"]}]}},"uagb_featured_image_src":{"full":false,"thumbnail":false,"medium":false,"medium_large":false,"large":false,"1536x1536":false,"2048x2048":false,"trp-custom-language-flag":false},"uagb_author_info":{"display_name":"adbv0","author_link":"https:\/\/nuevo-renacer.com\/tr\/author\/adbv0\/"},"uagb_comment_info":0,"uagb_excerpt":"Manoel Philomeno de Miranda M\u00e1s conocido como Filomeno de Miranda: fue durante muchos a\u00f1os colaborador destacado del Movimiento Espirita de Bah\u00eda, culminando con su elecci\u00f3n para la Presidencia de la Uni\u00f3n Esp\u00edrita Baiana, sustituyendo a Jose Petitinga, cuando \u00e9ste retom\u00f3 al Plano Espiritual, el 25 de mayo de 1939, en Salvador. Manoel Filomeno de Baptista&hellip;","jetpack_sharing_enabled":true,"_links":{"self":[{"href":"https:\/\/nuevo-renacer.com\/tr\/wp-json\/wp\/v2\/pages\/8527","targetHints":{"allow":["GET"]}}],"collection":[{"href":"https:\/\/nuevo-renacer.com\/tr\/wp-json\/wp\/v2\/pages"}],"about":[{"href":"https:\/\/nuevo-renacer.com\/tr\/wp-json\/wp\/v2\/types\/page"}],"author":[{"embeddable":true,"href":"https:\/\/nuevo-renacer.com\/tr\/wp-json\/wp\/v2\/users\/1"}],"replies":[{"embeddable":true,"href":"https:\/\/nuevo-renacer.com\/tr\/wp-json\/wp\/v2\/comments?post=8527"}],"version-history":[{"count":5,"href":"https:\/\/nuevo-renacer.com\/tr\/wp-json\/wp\/v2\/pages\/8527\/revisions"}],"predecessor-version":[{"id":8535,"href":"https:\/\/nuevo-renacer.com\/tr\/wp-json\/wp\/v2\/pages\/8527\/revisions\/8535"}],"wp:attachment":[{"href":"https:\/\/nuevo-renacer.com\/tr\/wp-json\/wp\/v2\/media?parent=8527"}],"curies":[{"name":"wp","href":"https:\/\/api.w.org\/{rel}","templated":true}]}}