{"id":8494,"date":"2025-09-03T11:31:56","date_gmt":"2025-09-03T11:31:56","guid":{"rendered":"https:\/\/nuevo-renacer.com\/?page_id=8494"},"modified":"2026-04-20T18:24:12","modified_gmt":"2026-04-20T18:24:12","slug":"angel-aguarod","status":"publish","type":"page","link":"https:\/\/nuevo-renacer.com\/tr\/angel-aguarod\/","title":{"rendered":"Angel Aguarod"},"content":{"rendered":"<div class=\"wp-block-uagb-container uagb-block-26ee4975 alignfull uagb-is-root-container\"><div class=\"uagb-container-inner-blocks-wrap\">\n<p class=\"has-black-color has-text-color has-link-color has-medium-font-size wp-elements-2db2767166dbb4b6a8b68aff4bed48e2\"><strong>Angel Aguarod<\/strong><\/p>\n<\/div><\/div>\n\n\n\n<div class=\"wp-block-uagb-container uagb-block-a7995ffe alignfull uagb-is-root-container\"><div class=\"uagb-container-inner-blocks-wrap\">\n<figure class=\"wp-block-image alignleft size-full\"><img fetchpriority=\"high\" decoding=\"async\" width=\"192\" height=\"269\" src=\"https:\/\/nuevo-renacer.com\/wp-content\/uploads\/2026\/04\/Angel-Aguarod.jpg\" alt=\"\" class=\"wp-image-8871\" srcset=\"https:\/\/nuevo-renacer.com\/wp-content\/uploads\/2026\/04\/Angel-Aguarod.jpg 192w, https:\/\/nuevo-renacer.com\/wp-content\/uploads\/2026\/04\/Angel-Aguarod-9x12.jpg 9w\" sizes=\"(max-width: 192px) 100vw, 192px\" \/><\/figure>\n<\/div><\/div>\n\n\n\n<div class=\"wp-block-uagb-container uagb-block-a049139d alignfull uagb-is-root-container\"><div class=\"uagb-container-inner-blocks-wrap\">\n<p class=\"has-black-color has-text-color has-link-color has-small-font-size wp-elements-9ff07b844be691be262a6af5387d2822\">\u00c1ngel Aguarod, 2 Ekim 1860'da \u0130spanya'n\u0131n kuzeyindeki Huesca eyaletinin Ayerbe k\u00f6y\u00fcnde, Don Juan Aguarod ve Do\u00f1a Juana Torrero'nun o\u011flu olarak m\u00fctevaz\u0131 bir ailede d\u00fcnyaya geldi. Katolik bir ailede b\u00fcy\u00fcd\u00fc\u011f\u00fc i\u00e7in, ayn\u0131 Huesca eyaletindeki Novales k\u00f6y\u00fcnde rahip ve papaz olan anne taraf\u0131ndan amcas\u0131 Don Pablo Torrero taraf\u0131ndan do\u011fal olarak Katolik e\u011fitimi ald\u0131. On bir ya\u015f\u0131ndayken memleketini terk ederek kalabal\u0131k ve hareketli Barselona'ya yerle\u015fti. Bu \u015fehirde ilerlemeci ruhu geli\u015fti. Yo\u011fun Katalan ba\u015fkentinde Katolik vesayetinden kurtuldu. \u00d6zg\u00fcrl\u00fck, e\u015fitlik ve karde\u015flik fikirleri ruhuna i\u015fledi ve onu ele ge\u00e7irdi.<\/p>\n\n\n\n<p class=\"has-black-color has-text-color has-link-color has-small-font-size wp-elements-1efa8d11a636c74bde03468e0bb51d3f\">M\u00fctevaz\u0131 bir aileden geldi\u011fi i\u00e7in, maddi hayattaki ilk ad\u0131mlar\u0131n\u0131 i\u015f\u00e7i s\u0131n\u0131f\u0131n\u0131n i\u00e7inde atmak zorunda kald\u0131. \u0130\u015f\u00e7i olarak s\u0131n\u0131f\u0131n\u0131n sendikas\u0131na kat\u0131ld\u0131 ve 17 ya\u015f\u0131nda sendikan\u0131n genel sekreteri ve Barselona'daki \u201cCentro Federativo de las Sociedades Obreras\u201d (\u0130\u015f\u00e7i Dernekleri Federasyonu) delegesi oldu. O d\u00f6nemde, 1877 y\u0131l\u0131nda, Katalonya'n\u0131n ba\u015fkentinde Dom Antonio Tudury y Pons taraf\u0131ndan sek\u00fcler e\u011fitim hareketi ba\u015flat\u0131ld\u0131 ve o da bu harekete co\u015fkuyla kat\u0131ld\u0131 ve kendisi de bir okul kurdu. Bu okulu 1905 y\u0131l\u0131na kadar y\u00f6netti ve s\u00fcrd\u00fcrd\u00fc, ard\u0131ndan Arjantin'e yerle\u015fti.<\/p>\n\n\n\n<p class=\"has-black-color has-text-color has-link-color has-small-font-size wp-elements-b6c7441027dc8659f5af81be44f7c58d\">S\u00f3crates ad\u0131n\u0131 alan bu okulu y\u00f6netmek ve idare etmek i\u00e7in, Escuela Normal de Barcelona'da okudu ve g\u00fcnd\u00fczleri kendisi ve ailesinin ge\u00e7imini sa\u011flamak zorunda oldu\u011fu i\u00e7in ak\u015fam kurslar\u0131na kat\u0131ld\u0131. 1880 y\u0131l\u0131nda, huzursuz ruhu ruh\u00e7uluk \u00f6\u011fretilerine ilgi duymaya ba\u015flad\u0131 ve kendini tamamen bu \u00f6\u011fretilere adad\u0131. Ruh\u00e7uluk alan\u0131ndaki ilk ad\u0131mlar\u0131n\u0131, liberal ve evrenselci e\u011filimlere sahip ger\u00e7ek rasyonalist unsurlardan olu\u015fan bir topluluk olan \u201cLa Cosmopolita\u201dda att\u0131. K\u0131sa s\u00fcre sonra, kurucular\u0131 aras\u0131nda yer ald\u0131\u011f\u0131 \u201cCentro Barcelon\u00e9s de Estudios Psicol\u00f3gicos\u201d (Barselona Psikoloji \u00c7al\u0131\u015fmalar\u0131 Merkezi) ve \u201cUni\u00f3n Espiritista Kardeciana\u201d (Kardezian Ruh\u00e7u Birli\u011fi) ile \u201cS\u00f3crates\u201d ve \u201cAmor y Ciencia\u201d (Sokrates ve Sevgi ve Bilim) merkezlerine ge\u00e7ti. Bu merkezlerin ba\u015fkanl\u0131\u011f\u0131n\u0131 birka\u00e7 d\u00f6nem boyunca \u00fcstlendi ve ola\u011fan\u00fcst\u00fc ba\u015far\u0131lar elde etti.<\/p>\n\n\n\n<p class=\"has-black-color has-text-color has-link-color has-small-font-size wp-elements-0dedf99412b3298f72eccd69e9f4fe25\">1905 y\u0131l\u0131nda Arjantin'e ta\u015f\u0131nana kadar, \u0130spanya'da spiritizmi yaymak i\u00e7in d\u00fczenlenen hi\u00e7bir kutlama etkinli\u011fine kat\u0131lmad\u0131\u011f\u0131n\u0131 s\u00f6yleyebiliriz. \u00c7o\u011fu durumda Amalia Domingo Soler, Bel\u00e9n Serraga de Ferrero, Vikont Antonio Torres Solanot, Dr. Manuel Sanz Benito, Miguel Vives, Quint\u00edn L\u00f3pez G\u00f3mez, Fabi\u00e1n Palasi ve \u0130spanyol spirit\u00fcalizm hareketinin di\u011fer bir\u00e7ok \u00f6nc\u00fcs\u00fcyle birlikte. 1905 y\u0131l\u0131nda Arjantin Cumhuriyeti'ne yerle\u015fen Karde\u00e7, k\u0131sa s\u00fcre sonra \u201cConstancia\u201d ve \u201cLa Fraternidad\u201dda \u00e7al\u0131\u015fmaya ba\u015flad\u0131. K\u0131sa bir s\u00fcre sonra \u201cCentro Amor y Ciencia\u201d (Sevgi ve Bilim Merkezi) ve \u201cLiga Espiritista Kardeciana de Propaganda\u201d (Kardezian Spiritist Propaganda Ligi) kurumlar\u0131n\u0131 kurdu ve bunlar\u0131n ba\u015fkanl\u0131\u011f\u0131n\u0131 \u00fcstlendi. Ayr\u0131ca Centro Amor y Ciencia'da faaliyet g\u00f6steren Pazar okulunu da y\u00f6netti. Ligin resmi organ\u0131 olarak kurdu\u011fu El Espiritismo (ruh\u00e7uluk) dergisinin de ilk edit\u00f6rl\u00fc\u011f\u00fcn\u00fc yapt\u0131. Constancia'n\u0131n organize etti\u011fi ekibin en se\u00e7kin konu\u015fmac\u0131lar\u0131ndan biriydi ve Cosme Mari\u00f1o, Dr. Ov\u00eddio Rebaudi, Francisco Durand ve di\u011fer baz\u0131 konu\u015fma sanat\u0131n\u0131n \u00f6nde gelen isimleriyle k\u00fcrs\u00fcde s\u0131rayla yer ald\u0131. Arjantin'in i\u00e7 kesimlerini birka\u00e7 kez gezdi, konferanslar verdi ve spirit\u00fcalist merkezlerin ve derneklerin kurulmas\u0131na yard\u0131mc\u0131 oldu. \u0130spanya'ya d\u00f6nd\u00fc ve k\u0131sa bir s\u00fcre sonra Uruguay'a gitti, burada birka\u00e7 ay kald\u0131ktan sonra Paraguay'a yerle\u015fti ve burada aktif olarak propaganda \u00e7al\u0131\u015fmalar\u0131na adad\u0131. Ancak burada, trafik kazas\u0131nda hayat\u0131n\u0131 kaybeden sevgili torununun trajik \u00f6l\u00fcm\u00fcyle ruhu a\u011f\u0131r bir darbe ald\u0131.<\/p>\n\n\n\n<p class=\"has-black-color has-text-color has-link-color has-small-font-size wp-elements-460640a777b0a3b761acca3a7dfc5e32\">K\u0131sa bir s\u00fcreli\u011fine memleketine d\u00f6nd\u00fc ve 1915'te tekrar G\u00fcney Amerika'ya geldi, burada Porto Alegre'ye yerle\u015fmeye karar verdi. Oraya vard\u0131\u011f\u0131nda, Brezilya ruh\u00e7ulu\u011funun aktif ya\u015fam\u0131na kat\u0131ld\u0131, \u00e7e\u015fitli derneklerde yer ald\u0131 ve \u201cDias da Cruz\u201d ve \u201cAllan Kardec\u201d derneklerinin yay\u0131n organ\u0131 olan \u201cEternidade\u201d dergisinde \u00e7al\u0131\u015ft\u0131. Daha sonra bu derginin son say\u0131s\u0131na kadar y\u00f6netimini \u00fcstlendi. Bu dergide, Rio Grande spirit\u00fcalistlerinin birle\u015fmesi i\u00e7in yo\u011fun bir kampanya ba\u015flatt\u0131 ve bu kampanya, 17 \u015eubat 1921'de Rio Grande do Sul Spiritist Federasyonu'nun kurulmas\u0131yla ba\u015far\u0131ya ula\u015ft\u0131. 1927 y\u0131l\u0131na kadar bu federasyonun ba\u015fkanl\u0131\u011f\u0131n\u0131 y\u00fcr\u00fctt\u00fc. G\u00f6rev s\u00fcresi boyunca ve sonras\u0131nda, i\u00e7 kesimlerde yeni dernekler ve ara\u015ft\u0131rma merkezlerinin kurulmas\u0131na yol a\u00e7an \u00e7ok say\u0131da propaganda gezisi ger\u00e7ekle\u015ftirdi. 1921'de Porto Alegre'de \u201cPaz\u201d grubunu ve 1922'de \u201cPaz y Amor\u201d derne\u011fini kurdu ve bu derneklerin ba\u015fkanl\u0131\u011f\u0131na se\u00e7ildi; bu g\u00f6revi \u00f6l\u00fcm\u00fcne kadar s\u00fcrd\u00fcrd\u00fc. Aguarod, her zaman en b\u00fcy\u00fck heyecan\u0131n\u0131 adad\u0131\u011f\u0131 ruh\u00e7uluk alan\u0131nda dernek \u00fcyesi olarak faaliyet g\u00f6stermedi.<\/p>\n\n\n\n<p class=\"has-black-color has-text-color has-link-color has-small-font-size wp-elements-f45ecefe64c43c20de46e98dad88c82c\">Ruh\u00e7uluk alan\u0131nda gazetecilik yapt\u0131\u011f\u0131 d\u00f6nemde de \u00e7ok \u00f6nemli i\u015fler yapt\u0131. 1905'ten 1912'ye kadar Buenos Aires'te \u201cEl Espiritismo\u201d, Barselona'da \u201cNueva Era\u201d, yine Barselona'da \u201cLa Uni\u00f3n Espiritista\u201d, Alcoy (Alicante)'da \u2018Fraternidad\u2019 ve Badalona'da \u201cLa Antorcha del Progreso\u201d gibi gazete ve dergileri kurdu ve y\u00f6netti. \u201cEternidad\u201d ve \u201cBolet\u00edn de la Federaci\u00f3n Espiritista de Rio Grande do Sul\u201d gibi gazeteler ve dergiler kurdu ve y\u00f6netti. Ayr\u0131ca \u201cLuz y Uni\u00f3n\u201d, Barselona'da yay\u0131nlanan \u201cLa Luz del Porvenir\u201d, Buenos Aires'te yay\u0131nlanan \u2018Constancia\u2019 ve \u201cLa Fraternidad\u201d, Rio de Janeiro'da yay\u0131nlanan \u201cReformador\u201d, Buenos Aires'teki \u201cEl Espiritismo\u201d ve \u201cLuz y Vida\u201d; K\u00fcba'dan \u201cRosendo\u201d ve Avrupa ve Amerika'daki di\u011fer yay\u0131nlar\u0131n kendisinden talep etti\u011fi say\u0131s\u0131z makaleyi, hi\u00e7bir zaman \u00e7al\u0131\u015fmas\u0131 i\u00e7in \u00fccret almadan, hayat\u0131 boyunca bazen i\u015f\u00e7i, bazen e\u011fitimci olarak d\u00fcr\u00fcst \u00e7al\u0131\u015farak m\u00fctevaz\u0131 bir ge\u00e7imini sa\u011flasa da, isteyerek g\u00f6nderdi. Bu kadar \u00e7ok faaliyeti varken, g\u00fcnl\u00fck i\u015flerinin yan\u0131 s\u0131ra ba\u015fka i\u015fler i\u00e7in de zaman\u0131 olaca\u011f\u0131n\u0131 kim d\u00fc\u015f\u00fcnebilirdi? Yine de, ruh\u00e7ulu\u011fu yaymak ve tan\u0131tmak i\u00e7in baz\u0131 eserler yazmaya zaman buldu, \u00f6rne\u011fin \u201cLos Mensajes de Abuelo Pablo\u201d (B\u00fcy\u00fckbaba Pablo'nun Mesajlar\u0131), \u201cOrientado hacia las Cambres\u201d (Odalar'a Y\u00f6nelik), \u201cDel Maestro al Disc\u00edpulo\u201d (Ustan\u0131n \u00d6\u011frencisine), \u201cConfidencias Espirituales\u201d (Ruhsal S\u0131rlar), \u201cGrandes y Peque\u00f1os Problemas a la Luz de la Nueva Revelaci\u00f3n\u201d (Yeni Vahiy I\u015f\u0131\u011f\u0131nda B\u00fcy\u00fck ve K\u00fc\u00e7\u00fck Sorunlar) (\u0130spanyolca), FEB (Brezilya Spirit\u00fcalizm Federasyonu) taraf\u0131ndan Portekizceye \u00e7evrilerek yay\u0131nland\u0131 (1932), \u201cVozes de Al\u00e9m-T\u00famulo\u201d (\u00d6teki D\u00fcnyadan Sesler) (Portekizce), \u201cLa Verdad a los Nin\u00f5s\u201d (\u00c7ocuklara Ger\u00e7ek), Aguarod'un sezgisel medyumluk yetene\u011fine sahip oldu\u011funa ve bu eserlerin kendisine bu yetenek sayesinde dikte edildi\u011fine inand\u0131\u011f\u0131 i\u00e7in, ruhani k\u00f6kenli oldu\u011funu iddia etti\u011fi eserler. \u00d6nemli eseri \u201cEl Serm\u00f3n de la Monta\u00f1a\u201d (Da\u011fdaki Vaaz) yay\u0131nlanmad\u0131.<\/p>\n\n\n\n<p class=\"has-black-color has-text-color has-link-color has-small-font-size wp-elements-e4f2bc798e3b7d02f8986ce03a0852db\">13 Kas\u0131m 1932'de, ruh\u00e7u hareketin yorulmak bilmez sava\u015f\u00e7\u0131s\u0131 72 ya\u015f\u0131nda Porto Alegre'de vefat etti.<\/p>\n<\/div><\/div>\n\n\n\n<div class=\"wp-block-uagb-container uagb-block-d07b96c6 alignfull uagb-is-root-container\"><div class=\"uagb-container-inner-blocks-wrap\"><\/div><\/div>\n\n\n\n<div class=\"wp-block-uagb-container uagb-block-8b9751cf alignfull uagb-is-root-container\"><div class=\"uagb-container-inner-blocks-wrap\"><\/div><\/div>","protected":false},"excerpt":{"rendered":"<p>Angel Aguarod \u00c1ngel Aguarod vino al mundo en un humilde hogar, en el pueblo de Ayerbe, provincia de Huesca, al norte de Espa\u00f1a, el 2 de octubre de 1860, siendo sus padres Don Juan Aguarod y Do\u00f1a Juana Torrero. Nacido en un hogar cat\u00f3lico, su primera educaci\u00f3n fue, naturalmente, cat\u00f3lica, a cargo de su t\u00edo [&hellip;]<\/p>","protected":false},"author":1,"featured_media":0,"parent":0,"menu_order":0,"comment_status":"closed","ping_status":"closed","template":"","meta":{"_uag_custom_page_level_css":"","site-sidebar-layout":"default","site-content-layout":"","ast-site-content-layout":"default","site-content-style":"default","site-sidebar-style":"default","ast-global-header-display":"","ast-banner-title-visibility":"","ast-main-header-display":"","ast-hfb-above-header-display":"","ast-hfb-below-header-display":"","ast-hfb-mobile-header-display":"","site-post-title":"disabled","ast-breadcrumbs-content":"","ast-featured-img":"","footer-sml-layout":"","theme-transparent-header-meta":"","adv-header-id-meta":"","stick-header-meta":"","header-above-stick-meta":"","header-main-stick-meta":"","header-below-stick-meta":"","astra-migrate-meta-layouts":"set","ast-page-background-enabled":"default","ast-page-background-meta":{"desktop":{"background-color":"var(--ast-global-color-4)","background-image":"","background-repeat":"repeat","background-position":"center center","background-size":"auto","background-attachment":"scroll","background-type":"","background-media":"","overlay-type":"","overlay-color":"","overlay-opacity":"","overlay-gradient":""},"tablet":{"background-color":"","background-image":"","background-repeat":"repeat","background-position":"center center","background-size":"auto","background-attachment":"scroll","background-type":"","background-media":"","overlay-type":"","overlay-color":"","overlay-opacity":"","overlay-gradient":""},"mobile":{"background-color":"","background-image":"","background-repeat":"repeat","background-position":"center center","background-size":"auto","background-attachment":"scroll","background-type":"","background-media":"","overlay-type":"","overlay-color":"","overlay-opacity":"","overlay-gradient":""}},"ast-content-background-meta":{"desktop":{"background-color":"var(--ast-global-color-5)","background-image":"","background-repeat":"repeat","background-position":"center center","background-size":"auto","background-attachment":"scroll","background-type":"","background-media":"","overlay-type":"","overlay-color":"","overlay-opacity":"","overlay-gradient":""},"tablet":{"background-color":"var(--ast-global-color-5)","background-image":"","background-repeat":"repeat","background-position":"center center","background-size":"auto","background-attachment":"scroll","background-type":"","background-media":"","overlay-type":"","overlay-color":"","overlay-opacity":"","overlay-gradient":""},"mobile":{"background-color":"var(--ast-global-color-5)","background-image":"","background-repeat":"repeat","background-position":"center center","background-size":"auto","background-attachment":"scroll","background-type":"","background-media":"","overlay-type":"","overlay-color":"","overlay-opacity":"","overlay-gradient":""}},"footnotes":""},"class_list":["post-8494","page","type-page","status-publish","hentry"],"yoast_head":"<!-- This site is optimized with the Yoast SEO Premium plugin v24.2 (Yoast SEO v24.6) - https:\/\/yoast.com\/wordpress\/plugins\/seo\/ -->\n<title>Angel Aguarod - Uni\u00f3n Esp\u00edrita<\/title>\n<meta name=\"robots\" content=\"index, follow, max-snippet:-1, max-image-preview:large, max-video-preview:-1\" \/>\n<link rel=\"canonical\" href=\"https:\/\/nuevo-renacer.com\/tr\/angel-aguarod\/\" \/>\n<meta property=\"og:locale\" content=\"tr_TR\" \/>\n<meta property=\"og:type\" content=\"article\" \/>\n<meta property=\"og:title\" content=\"Angel Aguarod\" \/>\n<meta property=\"og:description\" content=\"Angel Aguarod \u00c1ngel Aguarod vino al mundo en un humilde hogar, en el pueblo de Ayerbe, provincia de Huesca, al norte de Espa\u00f1a, el 2 de octubre de 1860, siendo sus padres Don Juan Aguarod y Do\u00f1a Juana Torrero. Nacido en un hogar cat\u00f3lico, su primera educaci\u00f3n fue, naturalmente, cat\u00f3lica, a cargo de su t\u00edo [&hellip;]\" \/>\n<meta property=\"og:url\" content=\"https:\/\/nuevo-renacer.com\/tr\/angel-aguarod\/\" \/>\n<meta property=\"og:site_name\" content=\"Uni\u00f3n Esp\u00edrita\" \/>\n<meta property=\"article:publisher\" content=\"https:\/\/www.facebook.com\/groups\/3431398063740829\" \/>\n<meta property=\"article:modified_time\" content=\"2026-04-20T18:24:12+00:00\" \/>\n<meta property=\"og:image\" content=\"https:\/\/nuevo-renacer.com\/wp-content\/uploads\/2026\/04\/Angel-Aguarod.jpg\" \/>\n\t<meta property=\"og:image:width\" content=\"192\" \/>\n\t<meta property=\"og:image:height\" content=\"269\" \/>\n\t<meta property=\"og:image:type\" content=\"image\/jpeg\" \/>\n<meta name=\"twitter:card\" content=\"summary_large_image\" \/>\n<meta name=\"twitter:label1\" content=\"Tahmini okuma s\u00fcresi\" \/>\n\t<meta name=\"twitter:data1\" content=\"7 dakika\" \/>\n<script type=\"application\/ld+json\" class=\"yoast-schema-graph\">{\"@context\":\"https:\/\/schema.org\",\"@graph\":[{\"@type\":\"WebPage\",\"@id\":\"https:\/\/nuevo-renacer.com\/angel-aguarod\/\",\"url\":\"https:\/\/nuevo-renacer.com\/angel-aguarod\/\",\"name\":\"Angel Aguarod - Uni\u00f3n Esp\u00edrita\",\"isPartOf\":{\"@id\":\"https:\/\/nuevo-renacer.com\/#website\"},\"primaryImageOfPage\":{\"@id\":\"https:\/\/nuevo-renacer.com\/angel-aguarod\/#primaryimage\"},\"image\":{\"@id\":\"https:\/\/nuevo-renacer.com\/angel-aguarod\/#primaryimage\"},\"thumbnailUrl\":\"https:\/\/nuevo-renacer.com\/wp-content\/uploads\/2026\/04\/Angel-Aguarod.jpg\",\"datePublished\":\"2025-09-03T11:31:56+00:00\",\"dateModified\":\"2026-04-20T18:24:12+00:00\",\"breadcrumb\":{\"@id\":\"https:\/\/nuevo-renacer.com\/angel-aguarod\/#breadcrumb\"},\"inLanguage\":\"tr\",\"potentialAction\":[{\"@type\":\"ReadAction\",\"target\":[\"https:\/\/nuevo-renacer.com\/angel-aguarod\/\"]}]},{\"@type\":\"ImageObject\",\"inLanguage\":\"tr\",\"@id\":\"https:\/\/nuevo-renacer.com\/angel-aguarod\/#primaryimage\",\"url\":\"https:\/\/nuevo-renacer.com\/wp-content\/uploads\/2026\/04\/Angel-Aguarod.jpg\",\"contentUrl\":\"https:\/\/nuevo-renacer.com\/wp-content\/uploads\/2026\/04\/Angel-Aguarod.jpg\"},{\"@type\":\"BreadcrumbList\",\"@id\":\"https:\/\/nuevo-renacer.com\/angel-aguarod\/#breadcrumb\",\"itemListElement\":[{\"@type\":\"ListItem\",\"position\":1,\"name\":\"Startseite\",\"item\":\"https:\/\/nuevo-renacer.com\/\"},{\"@type\":\"ListItem\",\"position\":2,\"name\":\"Angel Aguarod\"}]},{\"@type\":\"WebSite\",\"@id\":\"https:\/\/nuevo-renacer.com\/#website\",\"url\":\"https:\/\/nuevo-renacer.com\/\",\"name\":\"Uni\u00f3n Esp\u00edrita\",\"description\":\"Nuevo Renacer\",\"publisher\":{\"@id\":\"https:\/\/nuevo-renacer.com\/#organization\"},\"potentialAction\":[{\"@type\":\"SearchAction\",\"target\":{\"@type\":\"EntryPoint\",\"urlTemplate\":\"https:\/\/nuevo-renacer.com\/?s={search_term_string}\"},\"query-input\":{\"@type\":\"PropertyValueSpecification\",\"valueRequired\":true,\"valueName\":\"search_term_string\"}}],\"inLanguage\":\"tr\"},{\"@type\":\"Organization\",\"@id\":\"https:\/\/nuevo-renacer.com\/#organization\",\"name\":\"UFEC\",\"url\":\"https:\/\/nuevo-renacer.com\/\",\"logo\":{\"@type\":\"ImageObject\",\"inLanguage\":\"tr\",\"@id\":\"https:\/\/nuevo-renacer.com\/#\/schema\/logo\/image\/\",\"url\":\"https:\/\/nuevo-renacer.com\/wp-content\/uploads\/2024\/05\/cropped-LOGO-TERMINADO1-3-3.png\",\"contentUrl\":\"https:\/\/nuevo-renacer.com\/wp-content\/uploads\/2024\/05\/cropped-LOGO-TERMINADO1-3-3.png\",\"width\":512,\"height\":512,\"caption\":\"UFEC\"},\"image\":{\"@id\":\"https:\/\/nuevo-renacer.com\/#\/schema\/logo\/image\/\"},\"sameAs\":[\"https:\/\/www.facebook.com\/groups\/3431398063740829\"]}]}<\/script>\n<!-- \/ Yoast SEO Premium plugin. -->","yoast_head_json":{"title":"Angel Aguarod - Uni\u00f3n Esp\u00edrita","robots":{"index":"index","follow":"follow","max-snippet":"max-snippet:-1","max-image-preview":"max-image-preview:large","max-video-preview":"max-video-preview:-1"},"canonical":"https:\/\/nuevo-renacer.com\/tr\/angel-aguarod\/","og_locale":"tr_TR","og_type":"article","og_title":"Angel Aguarod","og_description":"Angel Aguarod \u00c1ngel Aguarod vino al mundo en un humilde hogar, en el pueblo de Ayerbe, provincia de Huesca, al norte de Espa\u00f1a, el 2 de octubre de 1860, siendo sus padres Don Juan Aguarod y Do\u00f1a Juana Torrero. Nacido en un hogar cat\u00f3lico, su primera educaci\u00f3n fue, naturalmente, cat\u00f3lica, a cargo de su t\u00edo [&hellip;]","og_url":"https:\/\/nuevo-renacer.com\/tr\/angel-aguarod\/","og_site_name":"Uni\u00f3n Esp\u00edrita","article_publisher":"https:\/\/www.facebook.com\/groups\/3431398063740829","article_modified_time":"2026-04-20T18:24:12+00:00","og_image":[{"width":192,"height":269,"url":"https:\/\/nuevo-renacer.com\/wp-content\/uploads\/2026\/04\/Angel-Aguarod.jpg","type":"image\/jpeg"}],"twitter_card":"summary_large_image","twitter_misc":{"Tahmini okuma s\u00fcresi":"7 dakika"},"schema":{"@context":"https:\/\/schema.org","@graph":[{"@type":"WebPage","@id":"https:\/\/nuevo-renacer.com\/angel-aguarod\/","url":"https:\/\/nuevo-renacer.com\/angel-aguarod\/","name":"Angel Aguarod - Uni\u00f3n Esp\u00edrita","isPartOf":{"@id":"https:\/\/nuevo-renacer.com\/#website"},"primaryImageOfPage":{"@id":"https:\/\/nuevo-renacer.com\/angel-aguarod\/#primaryimage"},"image":{"@id":"https:\/\/nuevo-renacer.com\/angel-aguarod\/#primaryimage"},"thumbnailUrl":"https:\/\/nuevo-renacer.com\/wp-content\/uploads\/2026\/04\/Angel-Aguarod.jpg","datePublished":"2025-09-03T11:31:56+00:00","dateModified":"2026-04-20T18:24:12+00:00","breadcrumb":{"@id":"https:\/\/nuevo-renacer.com\/angel-aguarod\/#breadcrumb"},"inLanguage":"tr","potentialAction":[{"@type":"ReadAction","target":["https:\/\/nuevo-renacer.com\/angel-aguarod\/"]}]},{"@type":"ImageObject","inLanguage":"tr","@id":"https:\/\/nuevo-renacer.com\/angel-aguarod\/#primaryimage","url":"https:\/\/nuevo-renacer.com\/wp-content\/uploads\/2026\/04\/Angel-Aguarod.jpg","contentUrl":"https:\/\/nuevo-renacer.com\/wp-content\/uploads\/2026\/04\/Angel-Aguarod.jpg"},{"@type":"BreadcrumbList","@id":"https:\/\/nuevo-renacer.com\/angel-aguarod\/#breadcrumb","itemListElement":[{"@type":"ListItem","position":1,"name":"Startseite","item":"https:\/\/nuevo-renacer.com\/"},{"@type":"ListItem","position":2,"name":"Angel Aguarod"}]},{"@type":"WebSite","@id":"https:\/\/nuevo-renacer.com\/#website","url":"https:\/\/nuevo-renacer.com\/","name":"Uni\u00f3n Esp\u00edrita","description":"Nuevo Renacer","publisher":{"@id":"https:\/\/nuevo-renacer.com\/#organization"},"potentialAction":[{"@type":"SearchAction","target":{"@type":"EntryPoint","urlTemplate":"https:\/\/nuevo-renacer.com\/?s={search_term_string}"},"query-input":{"@type":"PropertyValueSpecification","valueRequired":true,"valueName":"search_term_string"}}],"inLanguage":"tr"},{"@type":"Organization","@id":"https:\/\/nuevo-renacer.com\/#organization","name":"UFEC","url":"https:\/\/nuevo-renacer.com\/","logo":{"@type":"ImageObject","inLanguage":"tr","@id":"https:\/\/nuevo-renacer.com\/#\/schema\/logo\/image\/","url":"https:\/\/nuevo-renacer.com\/wp-content\/uploads\/2024\/05\/cropped-LOGO-TERMINADO1-3-3.png","contentUrl":"https:\/\/nuevo-renacer.com\/wp-content\/uploads\/2024\/05\/cropped-LOGO-TERMINADO1-3-3.png","width":512,"height":512,"caption":"UFEC"},"image":{"@id":"https:\/\/nuevo-renacer.com\/#\/schema\/logo\/image\/"},"sameAs":["https:\/\/www.facebook.com\/groups\/3431398063740829"]}]}},"uagb_featured_image_src":{"full":false,"thumbnail":false,"medium":false,"medium_large":false,"large":false,"1536x1536":false,"2048x2048":false,"trp-custom-language-flag":false},"uagb_author_info":{"display_name":"adbv0","author_link":"https:\/\/nuevo-renacer.com\/tr\/author\/adbv0\/"},"uagb_comment_info":0,"uagb_excerpt":"Angel Aguarod \u00c1ngel Aguarod vino al mundo en un humilde hogar, en el pueblo de Ayerbe, provincia de Huesca, al norte de Espa\u00f1a, el 2 de octubre de 1860, siendo sus padres Don Juan Aguarod y Do\u00f1a Juana Torrero. Nacido en un hogar cat\u00f3lico, su primera educaci\u00f3n fue, naturalmente, cat\u00f3lica, a cargo de su t\u00edo&hellip;","jetpack_sharing_enabled":true,"_links":{"self":[{"href":"https:\/\/nuevo-renacer.com\/tr\/wp-json\/wp\/v2\/pages\/8494","targetHints":{"allow":["GET"]}}],"collection":[{"href":"https:\/\/nuevo-renacer.com\/tr\/wp-json\/wp\/v2\/pages"}],"about":[{"href":"https:\/\/nuevo-renacer.com\/tr\/wp-json\/wp\/v2\/types\/page"}],"author":[{"embeddable":true,"href":"https:\/\/nuevo-renacer.com\/tr\/wp-json\/wp\/v2\/users\/1"}],"replies":[{"embeddable":true,"href":"https:\/\/nuevo-renacer.com\/tr\/wp-json\/wp\/v2\/comments?post=8494"}],"version-history":[{"count":4,"href":"https:\/\/nuevo-renacer.com\/tr\/wp-json\/wp\/v2\/pages\/8494\/revisions"}],"predecessor-version":[{"id":8872,"href":"https:\/\/nuevo-renacer.com\/tr\/wp-json\/wp\/v2\/pages\/8494\/revisions\/8872"}],"wp:attachment":[{"href":"https:\/\/nuevo-renacer.com\/tr\/wp-json\/wp\/v2\/media?parent=8494"}],"curies":[{"name":"wp","href":"https:\/\/api.w.org\/{rel}","templated":true}]}}