{"id":8449,"date":"2025-08-25T08:21:29","date_gmt":"2025-08-25T08:21:29","guid":{"rendered":"https:\/\/nuevo-renacer.com\/?page_id=8449"},"modified":"2025-08-25T08:21:33","modified_gmt":"2025-08-25T08:21:33","slug":"novedades-grupo-infanto-juvenil-destello-de-luz","status":"publish","type":"page","link":"https:\/\/nuevo-renacer.com\/tr\/novedades-grupo-infanto-juvenil-destello-de-luz\/","title":{"rendered":"\u00c7ocuk ve Gen\u00e7lik Grubu \u00abDestello de Luz\u00bb"},"content":{"rendered":"<div class=\"wp-block-uagb-container uagb-block-3b3e8c62 alignfull uagb-is-root-container\"><div class=\"uagb-container-inner-blocks-wrap\">\n<p class=\"has-black-color has-text-color has-link-color has-medium-font-size wp-elements-9eb42b1bd82554e9ef0b3756fc07361b\"><strong>\u00c7ocuk ve Gen\u00e7lik Grubu \u00abDestello de Luz\u00bb<\/strong><\/p>\n<\/div><\/div>\n\n\n\n<div class=\"wp-block-uagb-container uagb-block-b23657ce alignfull uagb-is-root-container\"><div class=\"uagb-container-inner-blocks-wrap\">\n<figure class=\"wp-block-image size-full is-resized\"><img fetchpriority=\"high\" decoding=\"async\" width=\"1024\" height=\"768\" src=\"https:\/\/nuevo-renacer.com\/wp-content\/uploads\/2025\/08\/469477808_1567812780792831_5533185956142434407_n-3-1024x768-1.jpg\" alt=\"\" class=\"wp-image-8450\" style=\"width:512px;height:auto\" srcset=\"https:\/\/nuevo-renacer.com\/wp-content\/uploads\/2025\/08\/469477808_1567812780792831_5533185956142434407_n-3-1024x768-1.jpg 1024w, https:\/\/nuevo-renacer.com\/wp-content\/uploads\/2025\/08\/469477808_1567812780792831_5533185956142434407_n-3-1024x768-1-300x225.jpg 300w, https:\/\/nuevo-renacer.com\/wp-content\/uploads\/2025\/08\/469477808_1567812780792831_5533185956142434407_n-3-1024x768-1-768x576.jpg 768w, https:\/\/nuevo-renacer.com\/wp-content\/uploads\/2025\/08\/469477808_1567812780792831_5533185956142434407_n-3-1024x768-1-16x12.jpg 16w\" sizes=\"(max-width: 1024px) 100vw, 1024px\" \/><\/figure>\n<\/div><\/div>\n\n\n\n<div class=\"wp-block-uagb-container uagb-block-6949314b alignfull uagb-is-root-container\"><div class=\"uagb-container-inner-blocks-wrap\">\n<p class=\"has-black-color has-text-color has-link-color has-small-font-size wp-elements-49d71cbcd888ea958da8b69026378edf\">Santiago de Cuba'daki Ruhani Tap\u0131nak Psikolojik \u00c7al\u0131\u015fma Toplulu\u011fu \u201cAmor a la Moral\u201d misyonunda yeni bir a\u015famaya ge\u00e7erek \u00e7ocuklar\u0131n ve gen\u00e7lerin evangelizasyonuna odakland\u0131. Sevgi, ahlak ve sayg\u0131ya dayal\u0131 temel de\u011ferleri te\u015fvik etmeyi ama\u00e7layan bu tap\u0131nak, yeni nesillere maneviyat ve ki\u015fisel geli\u015fim yolunda rehberlik etmeyi hedeflemektedir. Ya\u015flar\u0131na ve ihtiya\u00e7lar\u0131na g\u00f6re uyarlanm\u0131\u015f \u00f6\u011fretiler arac\u0131l\u0131\u011f\u0131yla, en gen\u00e7lerin i\u00e7 huzuru ve kolektif refah\u0131 te\u015fvik eden etik ve manevi ilkelerle uyum i\u00e7inde ya\u015faman\u0131n \u00f6nemini anlamalar\u0131 ama\u00e7lanmaktad\u0131r. Ruhani Tap\u0131nak Psikolojik \u00c7al\u0131\u015fma Toplulu\u011fu \u201cAhlak Sevgisi\u201d, karakterlerini g\u00fc\u00e7lendirmek i\u00e7in tasarlanm\u0131\u015f programlarla, toplumlar\u0131na ve d\u00fcnyaya olumlu katk\u0131da bulunan bilin\u00e7li ve sorumlu bireyler olu\u015fturmay\u0131 ama\u00e7lamaktad\u0131r.<\/p>\n<\/div><\/div>\n\n\n\n<div class=\"wp-block-uagb-container uagb-block-1e3a45d7 alignfull uagb-is-root-container\"><div class=\"uagb-container-inner-blocks-wrap\"><\/div><\/div>\n\n\n\n<div class=\"wp-block-uagb-container uagb-block-a72e8c52 alignfull uagb-is-root-container\"><div class=\"uagb-container-inner-blocks-wrap\"><\/div><\/div>","protected":false},"excerpt":{"rendered":"<p>Grupo Infanto Juvenil \u00abDestello de Luz\u00bb El Templo Espiritual Sociedad de Estudio Psicol\u00f3gico \u201cAmor a la Moral\u201d en Santiago de Cuba ha iniciado una nueva etapa en su misi\u00f3n, enfoc\u00e1ndose en la evangelizaci\u00f3n de ni\u00f1os y adolescentes. Con el objetivo de fomentar valores fundamentales basados en el amor, la moral y el respeto, este templo [&hellip;]<\/p>","protected":false},"author":1,"featured_media":0,"parent":0,"menu_order":0,"comment_status":"closed","ping_status":"closed","template":"","meta":{"_uag_custom_page_level_css":"","site-sidebar-layout":"default","site-content-layout":"","ast-site-content-layout":"default","site-content-style":"default","site-sidebar-style":"default","ast-global-header-display":"","ast-banner-title-visibility":"","ast-main-header-display":"","ast-hfb-above-header-display":"","ast-hfb-below-header-display":"","ast-hfb-mobile-header-display":"","site-post-title":"disabled","ast-breadcrumbs-content":"","ast-featured-img":"","footer-sml-layout":"","theme-transparent-header-meta":"","adv-header-id-meta":"","stick-header-meta":"","header-above-stick-meta":"","header-main-stick-meta":"","header-below-stick-meta":"","astra-migrate-meta-layouts":"set","ast-page-background-enabled":"default","ast-page-background-meta":{"desktop":{"background-color":"var(--ast-global-color-4)","background-image":"","background-repeat":"repeat","background-position":"center center","background-size":"auto","background-attachment":"scroll","background-type":"","background-media":"","overlay-type":"","overlay-color":"","overlay-opacity":"","overlay-gradient":""},"tablet":{"background-color":"","background-image":"","background-repeat":"repeat","background-position":"center center","background-size":"auto","background-attachment":"scroll","background-type":"","background-media":"","overlay-type":"","overlay-color":"","overlay-opacity":"","overlay-gradient":""},"mobile":{"background-color":"","background-image":"","background-repeat":"repeat","background-position":"center center","background-size":"auto","background-attachment":"scroll","background-type":"","background-media":"","overlay-type":"","overlay-color":"","overlay-opacity":"","overlay-gradient":""}},"ast-content-background-meta":{"desktop":{"background-color":"var(--ast-global-color-5)","background-image":"","background-repeat":"repeat","background-position":"center center","background-size":"auto","background-attachment":"scroll","background-type":"","background-media":"","overlay-type":"","overlay-color":"","overlay-opacity":"","overlay-gradient":""},"tablet":{"background-color":"var(--ast-global-color-5)","background-image":"","background-repeat":"repeat","background-position":"center center","background-size":"auto","background-attachment":"scroll","background-type":"","background-media":"","overlay-type":"","overlay-color":"","overlay-opacity":"","overlay-gradient":""},"mobile":{"background-color":"var(--ast-global-color-5)","background-image":"","background-repeat":"repeat","background-position":"center center","background-size":"auto","background-attachment":"scroll","background-type":"","background-media":"","overlay-type":"","overlay-color":"","overlay-opacity":"","overlay-gradient":""}},"footnotes":""},"class_list":["post-8449","page","type-page","status-publish","hentry"],"yoast_head":"<!-- This site is optimized with the Yoast SEO Premium plugin v24.2 (Yoast SEO v24.6) - https:\/\/yoast.com\/wordpress\/plugins\/seo\/ -->\n<title>Grupo Infanto Juvenil &quot;Destello de Luz&quot; - Uni\u00f3n Esp\u00edrita<\/title>\n<meta name=\"robots\" content=\"index, follow, max-snippet:-1, max-image-preview:large, max-video-preview:-1\" \/>\n<link rel=\"canonical\" href=\"https:\/\/nuevo-renacer.com\/tr\/novedades-grupo-infanto-juvenil-destello-de-luz\/\" \/>\n<meta property=\"og:locale\" content=\"tr_TR\" \/>\n<meta property=\"og:type\" content=\"article\" \/>\n<meta property=\"og:title\" content=\"Grupo Infanto Juvenil &quot;Destello de Luz&quot;\" \/>\n<meta property=\"og:description\" content=\"Grupo Infanto Juvenil \u00abDestello de Luz\u00bb El Templo Espiritual Sociedad de Estudio Psicol\u00f3gico \u201cAmor a la Moral\u201d en Santiago de Cuba ha iniciado una nueva etapa en su misi\u00f3n, enfoc\u00e1ndose en la evangelizaci\u00f3n de ni\u00f1os y adolescentes. Con el objetivo de fomentar valores fundamentales basados en el amor, la moral y el respeto, este templo [&hellip;]\" \/>\n<meta property=\"og:url\" content=\"https:\/\/nuevo-renacer.com\/tr\/novedades-grupo-infanto-juvenil-destello-de-luz\/\" \/>\n<meta property=\"og:site_name\" content=\"Uni\u00f3n Esp\u00edrita\" \/>\n<meta property=\"article:publisher\" content=\"https:\/\/www.facebook.com\/groups\/3431398063740829\" \/>\n<meta property=\"article:modified_time\" content=\"2025-08-25T08:21:33+00:00\" \/>\n<meta property=\"og:image\" content=\"https:\/\/nuevo-renacer.com\/wp-content\/uploads\/2025\/08\/469477808_1567812780792831_5533185956142434407_n-3-1024x768-1.jpg\" \/>\n\t<meta property=\"og:image:width\" content=\"1024\" \/>\n\t<meta property=\"og:image:height\" content=\"768\" \/>\n\t<meta property=\"og:image:type\" content=\"image\/jpeg\" \/>\n<meta name=\"twitter:card\" content=\"summary_large_image\" \/>\n<meta name=\"twitter:label1\" content=\"Tahmini okuma s\u00fcresi\" \/>\n\t<meta name=\"twitter:data1\" content=\"1 dakika\" \/>\n<script type=\"application\/ld+json\" class=\"yoast-schema-graph\">{\"@context\":\"https:\/\/schema.org\",\"@graph\":[{\"@type\":\"WebPage\",\"@id\":\"https:\/\/nuevo-renacer.com\/novedades-grupo-infanto-juvenil-destello-de-luz\/\",\"url\":\"https:\/\/nuevo-renacer.com\/novedades-grupo-infanto-juvenil-destello-de-luz\/\",\"name\":\"Grupo Infanto Juvenil \\\"Destello de Luz\\\" - Uni\u00f3n Esp\u00edrita\",\"isPartOf\":{\"@id\":\"https:\/\/nuevo-renacer.com\/#website\"},\"primaryImageOfPage\":{\"@id\":\"https:\/\/nuevo-renacer.com\/novedades-grupo-infanto-juvenil-destello-de-luz\/#primaryimage\"},\"image\":{\"@id\":\"https:\/\/nuevo-renacer.com\/novedades-grupo-infanto-juvenil-destello-de-luz\/#primaryimage\"},\"thumbnailUrl\":\"https:\/\/nuevo-renacer.com\/wp-content\/uploads\/2025\/08\/469477808_1567812780792831_5533185956142434407_n-3-1024x768-1.jpg\",\"datePublished\":\"2025-08-25T08:21:29+00:00\",\"dateModified\":\"2025-08-25T08:21:33+00:00\",\"breadcrumb\":{\"@id\":\"https:\/\/nuevo-renacer.com\/novedades-grupo-infanto-juvenil-destello-de-luz\/#breadcrumb\"},\"inLanguage\":\"tr\",\"potentialAction\":[{\"@type\":\"ReadAction\",\"target\":[\"https:\/\/nuevo-renacer.com\/novedades-grupo-infanto-juvenil-destello-de-luz\/\"]}]},{\"@type\":\"ImageObject\",\"inLanguage\":\"tr\",\"@id\":\"https:\/\/nuevo-renacer.com\/novedades-grupo-infanto-juvenil-destello-de-luz\/#primaryimage\",\"url\":\"https:\/\/nuevo-renacer.com\/wp-content\/uploads\/2025\/08\/469477808_1567812780792831_5533185956142434407_n-3-1024x768-1.jpg\",\"contentUrl\":\"https:\/\/nuevo-renacer.com\/wp-content\/uploads\/2025\/08\/469477808_1567812780792831_5533185956142434407_n-3-1024x768-1.jpg\"},{\"@type\":\"BreadcrumbList\",\"@id\":\"https:\/\/nuevo-renacer.com\/novedades-grupo-infanto-juvenil-destello-de-luz\/#breadcrumb\",\"itemListElement\":[{\"@type\":\"ListItem\",\"position\":1,\"name\":\"Startseite\",\"item\":\"https:\/\/nuevo-renacer.com\/\"},{\"@type\":\"ListItem\",\"position\":2,\"name\":\"Grupo Infanto Juvenil &#8222;Destello de Luz&#8220;\"}]},{\"@type\":\"WebSite\",\"@id\":\"https:\/\/nuevo-renacer.com\/#website\",\"url\":\"https:\/\/nuevo-renacer.com\/\",\"name\":\"Uni\u00f3n Esp\u00edrita\",\"description\":\"Nuevo Renacer\",\"publisher\":{\"@id\":\"https:\/\/nuevo-renacer.com\/#organization\"},\"potentialAction\":[{\"@type\":\"SearchAction\",\"target\":{\"@type\":\"EntryPoint\",\"urlTemplate\":\"https:\/\/nuevo-renacer.com\/?s={search_term_string}\"},\"query-input\":{\"@type\":\"PropertyValueSpecification\",\"valueRequired\":true,\"valueName\":\"search_term_string\"}}],\"inLanguage\":\"tr\"},{\"@type\":\"Organization\",\"@id\":\"https:\/\/nuevo-renacer.com\/#organization\",\"name\":\"UFEC\",\"url\":\"https:\/\/nuevo-renacer.com\/\",\"logo\":{\"@type\":\"ImageObject\",\"inLanguage\":\"tr\",\"@id\":\"https:\/\/nuevo-renacer.com\/#\/schema\/logo\/image\/\",\"url\":\"https:\/\/nuevo-renacer.com\/wp-content\/uploads\/2024\/05\/cropped-LOGO-TERMINADO1-3-3.png\",\"contentUrl\":\"https:\/\/nuevo-renacer.com\/wp-content\/uploads\/2024\/05\/cropped-LOGO-TERMINADO1-3-3.png\",\"width\":512,\"height\":512,\"caption\":\"UFEC\"},\"image\":{\"@id\":\"https:\/\/nuevo-renacer.com\/#\/schema\/logo\/image\/\"},\"sameAs\":[\"https:\/\/www.facebook.com\/groups\/3431398063740829\"]}]}<\/script>\n<!-- \/ Yoast SEO Premium plugin. -->","yoast_head_json":{"title":"Grupo Infanto Juvenil \"Destello de Luz\" - Uni\u00f3n Esp\u00edrita","robots":{"index":"index","follow":"follow","max-snippet":"max-snippet:-1","max-image-preview":"max-image-preview:large","max-video-preview":"max-video-preview:-1"},"canonical":"https:\/\/nuevo-renacer.com\/tr\/novedades-grupo-infanto-juvenil-destello-de-luz\/","og_locale":"tr_TR","og_type":"article","og_title":"Grupo Infanto Juvenil \"Destello de Luz\"","og_description":"Grupo Infanto Juvenil \u00abDestello de Luz\u00bb El Templo Espiritual Sociedad de Estudio Psicol\u00f3gico \u201cAmor a la Moral\u201d en Santiago de Cuba ha iniciado una nueva etapa en su misi\u00f3n, enfoc\u00e1ndose en la evangelizaci\u00f3n de ni\u00f1os y adolescentes. Con el objetivo de fomentar valores fundamentales basados en el amor, la moral y el respeto, este templo [&hellip;]","og_url":"https:\/\/nuevo-renacer.com\/tr\/novedades-grupo-infanto-juvenil-destello-de-luz\/","og_site_name":"Uni\u00f3n Esp\u00edrita","article_publisher":"https:\/\/www.facebook.com\/groups\/3431398063740829","article_modified_time":"2025-08-25T08:21:33+00:00","og_image":[{"width":1024,"height":768,"url":"https:\/\/nuevo-renacer.com\/wp-content\/uploads\/2025\/08\/469477808_1567812780792831_5533185956142434407_n-3-1024x768-1.jpg","type":"image\/jpeg"}],"twitter_card":"summary_large_image","twitter_misc":{"Tahmini okuma s\u00fcresi":"1 dakika"},"schema":{"@context":"https:\/\/schema.org","@graph":[{"@type":"WebPage","@id":"https:\/\/nuevo-renacer.com\/novedades-grupo-infanto-juvenil-destello-de-luz\/","url":"https:\/\/nuevo-renacer.com\/novedades-grupo-infanto-juvenil-destello-de-luz\/","name":"Grupo Infanto Juvenil \"Destello de Luz\" - Uni\u00f3n Esp\u00edrita","isPartOf":{"@id":"https:\/\/nuevo-renacer.com\/#website"},"primaryImageOfPage":{"@id":"https:\/\/nuevo-renacer.com\/novedades-grupo-infanto-juvenil-destello-de-luz\/#primaryimage"},"image":{"@id":"https:\/\/nuevo-renacer.com\/novedades-grupo-infanto-juvenil-destello-de-luz\/#primaryimage"},"thumbnailUrl":"https:\/\/nuevo-renacer.com\/wp-content\/uploads\/2025\/08\/469477808_1567812780792831_5533185956142434407_n-3-1024x768-1.jpg","datePublished":"2025-08-25T08:21:29+00:00","dateModified":"2025-08-25T08:21:33+00:00","breadcrumb":{"@id":"https:\/\/nuevo-renacer.com\/novedades-grupo-infanto-juvenil-destello-de-luz\/#breadcrumb"},"inLanguage":"tr","potentialAction":[{"@type":"ReadAction","target":["https:\/\/nuevo-renacer.com\/novedades-grupo-infanto-juvenil-destello-de-luz\/"]}]},{"@type":"ImageObject","inLanguage":"tr","@id":"https:\/\/nuevo-renacer.com\/novedades-grupo-infanto-juvenil-destello-de-luz\/#primaryimage","url":"https:\/\/nuevo-renacer.com\/wp-content\/uploads\/2025\/08\/469477808_1567812780792831_5533185956142434407_n-3-1024x768-1.jpg","contentUrl":"https:\/\/nuevo-renacer.com\/wp-content\/uploads\/2025\/08\/469477808_1567812780792831_5533185956142434407_n-3-1024x768-1.jpg"},{"@type":"BreadcrumbList","@id":"https:\/\/nuevo-renacer.com\/novedades-grupo-infanto-juvenil-destello-de-luz\/#breadcrumb","itemListElement":[{"@type":"ListItem","position":1,"name":"Startseite","item":"https:\/\/nuevo-renacer.com\/"},{"@type":"ListItem","position":2,"name":"Grupo Infanto Juvenil &#8222;Destello de Luz&#8220;"}]},{"@type":"WebSite","@id":"https:\/\/nuevo-renacer.com\/#website","url":"https:\/\/nuevo-renacer.com\/","name":"Uni\u00f3n Esp\u00edrita","description":"Nuevo Renacer","publisher":{"@id":"https:\/\/nuevo-renacer.com\/#organization"},"potentialAction":[{"@type":"SearchAction","target":{"@type":"EntryPoint","urlTemplate":"https:\/\/nuevo-renacer.com\/?s={search_term_string}"},"query-input":{"@type":"PropertyValueSpecification","valueRequired":true,"valueName":"search_term_string"}}],"inLanguage":"tr"},{"@type":"Organization","@id":"https:\/\/nuevo-renacer.com\/#organization","name":"UFEC","url":"https:\/\/nuevo-renacer.com\/","logo":{"@type":"ImageObject","inLanguage":"tr","@id":"https:\/\/nuevo-renacer.com\/#\/schema\/logo\/image\/","url":"https:\/\/nuevo-renacer.com\/wp-content\/uploads\/2024\/05\/cropped-LOGO-TERMINADO1-3-3.png","contentUrl":"https:\/\/nuevo-renacer.com\/wp-content\/uploads\/2024\/05\/cropped-LOGO-TERMINADO1-3-3.png","width":512,"height":512,"caption":"UFEC"},"image":{"@id":"https:\/\/nuevo-renacer.com\/#\/schema\/logo\/image\/"},"sameAs":["https:\/\/www.facebook.com\/groups\/3431398063740829"]}]}},"uagb_featured_image_src":{"full":false,"thumbnail":false,"medium":false,"medium_large":false,"large":false,"1536x1536":false,"2048x2048":false,"trp-custom-language-flag":false},"uagb_author_info":{"display_name":"adbv0","author_link":"https:\/\/nuevo-renacer.com\/tr\/author\/adbv0\/"},"uagb_comment_info":0,"uagb_excerpt":"Grupo Infanto Juvenil \u00abDestello de Luz\u00bb El Templo Espiritual Sociedad de Estudio Psicol\u00f3gico \u201cAmor a la Moral\u201d en Santiago de Cuba ha iniciado una nueva etapa en su misi\u00f3n, enfoc\u00e1ndose en la evangelizaci\u00f3n de ni\u00f1os y adolescentes. Con el objetivo de fomentar valores fundamentales basados en el amor, la moral y el respeto, este templo&hellip;","jetpack_sharing_enabled":true,"_links":{"self":[{"href":"https:\/\/nuevo-renacer.com\/tr\/wp-json\/wp\/v2\/pages\/8449","targetHints":{"allow":["GET"]}}],"collection":[{"href":"https:\/\/nuevo-renacer.com\/tr\/wp-json\/wp\/v2\/pages"}],"about":[{"href":"https:\/\/nuevo-renacer.com\/tr\/wp-json\/wp\/v2\/types\/page"}],"author":[{"embeddable":true,"href":"https:\/\/nuevo-renacer.com\/tr\/wp-json\/wp\/v2\/users\/1"}],"replies":[{"embeddable":true,"href":"https:\/\/nuevo-renacer.com\/tr\/wp-json\/wp\/v2\/comments?post=8449"}],"version-history":[{"count":1,"href":"https:\/\/nuevo-renacer.com\/tr\/wp-json\/wp\/v2\/pages\/8449\/revisions"}],"predecessor-version":[{"id":8451,"href":"https:\/\/nuevo-renacer.com\/tr\/wp-json\/wp\/v2\/pages\/8449\/revisions\/8451"}],"wp:attachment":[{"href":"https:\/\/nuevo-renacer.com\/tr\/wp-json\/wp\/v2\/media?parent=8449"}],"curies":[{"name":"wp","href":"https:\/\/api.w.org\/{rel}","templated":true}]}}