{"id":8427,"date":"2025-08-01T09:56:30","date_gmt":"2025-08-01T09:56:30","guid":{"rendered":"https:\/\/nuevo-renacer.com\/?page_id=8427"},"modified":"2025-08-01T09:56:32","modified_gmt":"2025-08-01T09:56:32","slug":"jacques-aboab","status":"publish","type":"page","link":"https:\/\/nuevo-renacer.com\/tr\/jacques-aboab\/","title":{"rendered":"Jacques Aboab"},"content":{"rendered":"<div class=\"wp-block-uagb-container uagb-block-a2b3edc4 alignfull uagb-is-root-container\"><div class=\"uagb-container-inner-blocks-wrap\">\n<p class=\"has-black-color has-text-color has-link-color has-medium-font-size wp-elements-491d1cb0a24fa90296934dc56bda00c9\"><strong>Jacques Aboab<\/strong><\/p>\n<\/div><\/div>\n\n\n\n<div class=\"wp-block-uagb-container uagb-block-0da73699 alignfull uagb-is-root-container\"><div class=\"uagb-container-inner-blocks-wrap\">\n<figure class=\"wp-block-image size-full\"><img fetchpriority=\"high\" decoding=\"async\" width=\"211\" height=\"304\" src=\"https:\/\/nuevo-renacer.com\/wp-content\/uploads\/2025\/08\/Jacques-Aboab.jpg\" alt=\"\" class=\"wp-image-8428\" srcset=\"https:\/\/nuevo-renacer.com\/wp-content\/uploads\/2025\/08\/Jacques-Aboab.jpg 211w, https:\/\/nuevo-renacer.com\/wp-content\/uploads\/2025\/08\/Jacques-Aboab-208x300.jpg 208w, https:\/\/nuevo-renacer.com\/wp-content\/uploads\/2025\/08\/Jacques-Aboab-8x12.jpg 8w\" sizes=\"(max-width: 211px) 100vw, 211px\" \/><\/figure>\n<\/div><\/div>\n\n\n\n<div class=\"wp-block-uagb-container uagb-block-ae42fcae alignfull uagb-is-root-container\"><div class=\"uagb-container-inner-blocks-wrap\">\n<p class=\"has-black-color has-text-color has-link-color has-small-font-size wp-elements-49eef67ee59c009904d351250b6a3fca\">15 Nisan 1889'da T\u00fcrkiye'nin ba\u015fkenti Konstantinopolis'te (bug\u00fcnk\u00fc \u0130stanbul) do\u011fdu. Yahudi olarak d\u00fcnyaya gelen yazar, \u00e7ocuklu\u011funu Kuzey Afrika'n\u0131n Cezayir kentinde ge\u00e7irdi. Ergenlik \u00e7a\u011f\u0131nda Fransa'ya ta\u015f\u0131nd\u0131 ve burada gezici sat\u0131c\u0131 olarak \u00e7al\u0131\u015fmaya ba\u015flad\u0131. Brittany'den Midi'ye, Atlantik'ten Lorraine'e kadar t\u00fcm \u00fclkeyi dola\u015farak bu zorlu i\u015fte \u00e7al\u0131\u015farak ge\u00e7imini sa\u011flad\u0131. Hala gezici sat\u0131c\u0131 olarak, Avrupa ve Orta Do\u011fu'nun \u00e7e\u015fitli \u00fclkelerini, \u00f6zellikle Yunanistan ve M\u0131s\u0131r'\u0131 dola\u015ft\u0131. Daha sonra G\u00fcney Amerika'ya seyahat ederek \u00e7e\u015fitli \u00fclkeleri ziyaret etti.<\/p>\n\n\n\n<p class=\"has-black-color has-text-color has-link-color has-small-font-size wp-elements-b1348f6e5aebf44bb32dd336d9682987\">Sonunda Brezilya'ya yerle\u015fti ve g\u00f6\u00e7ebe ruhuyla \u00fclkeyi ba\u015ftan sona dola\u015farak, Fransa'daki deneyimini burada da tekrarlad\u0131 ve s\u00fcrekli hayatta kalma m\u00fccadelesi verdi. K\u00fc\u00e7\u00fck e\u015fyalar\u0131n\u0131 ta\u015f\u0131d\u0131\u011f\u0131 sand\u0131\u011f\u0131yla kap\u0131 kap\u0131 dola\u015ft\u0131. Bu seyahatlerinde Recife-PE'de Spirit\u00fcalizm Doktrini'nin m\u00fckemmelli\u011fini ke\u015ffetti. Arkada\u015flar\u0131n\u0131n daveti \u00fczerine, Doktrin ile ilk temas\u0131 olan \u201cPernambuco Spirit\u00fcalistleri Evi\u201dni ziyaret etti ve samimi ve ate\u015fli bir takip\u00e7isi oldu. Yahudi olmas\u0131na ra\u011fmen, \u0130sa Mesih'i t\u00fcm kalbiyle kabul etti ve O'nda t\u00fcm insanl\u0131\u011f\u0131n en y\u00fcksek ifadesi olan B\u00fcy\u00fck Peygamberi tan\u0131d\u0131. Rio de Janeiro, RJ'ye ta\u015f\u0131nd\u0131ktan sonra, Spiritist Merkezleri s\u0131k s\u0131k ziyaret ederek, t\u00fcm ruhuyla sevdi\u011fi \u0130sa'n\u0131n vaatlerine olan sars\u0131lmaz inanc\u0131n\u0131 ve s\u00f6zlerini yayd\u0131. Birka\u00e7 y\u0131l sonra, Andr\u00e9 Luiz Spiritist Grubu'nu kurdu.<\/p>\n\n\n\n<p class=\"has-black-color has-text-color has-link-color has-small-font-size wp-elements-ee1911ca7e44ce2b293c655792898752\">K\u0131sa s\u00fcrede Spiritist Haftalar\u0131, dostluk toplant\u0131lar\u0131 ve di\u011fer etkinliklerde konu\u015fmac\u0131 olarak aran\u0131r hale geldi. Brezilya'n\u0131n \u00e7e\u015fitli eyaletlerini gezerek m\u00fcjdesini yayd\u0131. Spirit\u00fcalist Haftas\u0131 d\u00fczenlenen her yerde, Jacques, \u015fefkatli, sevgi dolu ve kitlelere m\u00fcjdeyi yayma arzusuyla, bir \u00f6t\u00fcc\u00fc ku\u015f gibi oradayd\u0131. Spirit\u00fcalist olarak, \u00e7ok b\u00fcy\u00fck hizmetler verdi. Ruhun \u00f6l\u00fcms\u00fczl\u00fc\u011f\u00fcne mutlak bir inan\u00e7la, t\u00fcm g\u00fcc\u00fcn\u00fc ortaya koyarak \u00e7e\u015fitli kurumlar kurdu, verimli bir \u015fekilde \u00e7al\u0131\u015ft\u0131 ve i\u015fbirli\u011fi yapt\u0131. \u0130ncil metinlerini ve benzetmelerini uysal ve yorumlay\u0131c\u0131 bir \u015fekilde ele almas\u0131, bunlar\u0131 e\u015fsiz bir duygu ile ya\u015famas\u0131 ve onu dinlemek i\u00e7in toplanan kalabal\u0131\u011f\u0131n dikkatini \u00e7ekmesi ile vaizlik g\u00f6revinde \u00e7ok ba\u015far\u0131l\u0131 oldu. Medyum Peixotinho, Andr\u00e9 Luiz Spirit\u00fcalist Grubu'nda, fiziksel etkileri olan medyumluk yetene\u011fi ile, maddile\u015ftirmeler ve \u015fifalar ger\u00e7ekle\u015ftirerek, birka\u00e7 y\u0131l boyunca onun yan\u0131nda \u00e7al\u0131\u015ft\u0131. Casa da M\u00e3e Pobre Do\u011fumevi'nin m\u00fcd\u00fcr\u00fcyd\u00fc, t\u00fcm \u00e7al\u0131\u015fmas\u0131 ve adanm\u0131\u015fl\u0131\u011f\u0131n\u0131 hak eden sayg\u0131n bir kurumdu.<\/p>\n\n\n\n<p class=\"has-black-color has-text-color has-link-color has-small-font-size wp-elements-44c4b0903b5a8962f3076522e5f5ed8a\">Liberal ruhlu, ilk andan itibaren \u00f6nc\u00fc olan Peixotinho, sadece sevginin ya\u015fam\u0131 in\u015fa etti\u011fine tam olarak inanarak ya\u015fad\u0131. Herkes, sa\u011fl\u0131kl\u0131 ifadelerle \u00e7er\u00e7evelenmi\u015f s\u00f6zlerinin yumu\u015fakl\u0131\u011f\u0131 ve dinginli\u011fi kar\u015f\u0131s\u0131nda heyecanlan\u0131yordu. Liderlik yetene\u011fine sahip olan Peixotinho'nun eylemleri, vaaz etti\u011fi \u00f6\u011fretilerle uyumluydu. Bir\u00e7ok ki\u015fi ona baba Jacques derdi, \u00e7\u00fcnk\u00fc onun ki\u015fili\u011fi, \u00f6zellikle gen\u00e7ler olmak \u00fczere, ayn\u0131 inanca sahip olanlar\u0131n ruhlar\u0131nda b\u00fcy\u00fck sayg\u0131 ve hayranl\u0131k uyand\u0131r\u0131yordu ve \u00e7ok seviliyor ve takdir ediliyordu. 5 \u015eubat 1969'da Rio de Janeiro'da vefat etti.<\/p>\n<\/div><\/div>\n\n\n\n<div class=\"wp-block-uagb-container uagb-block-46460958 alignfull uagb-is-root-container\"><div class=\"uagb-container-inner-blocks-wrap\"><\/div><\/div>\n\n\n\n<div class=\"wp-block-uagb-container uagb-block-2973cb47 alignfull uagb-is-root-container\"><div class=\"uagb-container-inner-blocks-wrap\"><\/div><\/div>","protected":false},"excerpt":{"rendered":"<p>Jacques Aboab Naci\u00f3 en Constantinopla, actual Estambul, capital de Turqu\u00eda, el 15 de abril de 1889. Jud\u00edo de nacimiento, pas\u00f3 su infancia en Argelia, al norte de \u00c1frica. En su adolescencia se traslad\u00f3 a Francia, donde se dedic\u00f3 al oficio de vendedor ambulante, recorriendo todo el pa\u00eds, desde Breta\u00f1a hasta el Midi y desde el [&hellip;]<\/p>","protected":false},"author":1,"featured_media":0,"parent":0,"menu_order":0,"comment_status":"closed","ping_status":"closed","template":"","meta":{"_uag_custom_page_level_css":"","site-sidebar-layout":"default","site-content-layout":"","ast-site-content-layout":"default","site-content-style":"default","site-sidebar-style":"default","ast-global-header-display":"","ast-banner-title-visibility":"","ast-main-header-display":"","ast-hfb-above-header-display":"","ast-hfb-below-header-display":"","ast-hfb-mobile-header-display":"","site-post-title":"disabled","ast-breadcrumbs-content":"","ast-featured-img":"","footer-sml-layout":"","theme-transparent-header-meta":"","adv-header-id-meta":"","stick-header-meta":"","header-above-stick-meta":"","header-main-stick-meta":"","header-below-stick-meta":"","astra-migrate-meta-layouts":"set","ast-page-background-enabled":"default","ast-page-background-meta":{"desktop":{"background-color":"var(--ast-global-color-4)","background-image":"","background-repeat":"repeat","background-position":"center center","background-size":"auto","background-attachment":"scroll","background-type":"","background-media":"","overlay-type":"","overlay-color":"","overlay-opacity":"","overlay-gradient":""},"tablet":{"background-color":"","background-image":"","background-repeat":"repeat","background-position":"center center","background-size":"auto","background-attachment":"scroll","background-type":"","background-media":"","overlay-type":"","overlay-color":"","overlay-opacity":"","overlay-gradient":""},"mobile":{"background-color":"","background-image":"","background-repeat":"repeat","background-position":"center center","background-size":"auto","background-attachment":"scroll","background-type":"","background-media":"","overlay-type":"","overlay-color":"","overlay-opacity":"","overlay-gradient":""}},"ast-content-background-meta":{"desktop":{"background-color":"var(--ast-global-color-5)","background-image":"","background-repeat":"repeat","background-position":"center center","background-size":"auto","background-attachment":"scroll","background-type":"","background-media":"","overlay-type":"","overlay-color":"","overlay-opacity":"","overlay-gradient":""},"tablet":{"background-color":"var(--ast-global-color-5)","background-image":"","background-repeat":"repeat","background-position":"center center","background-size":"auto","background-attachment":"scroll","background-type":"","background-media":"","overlay-type":"","overlay-color":"","overlay-opacity":"","overlay-gradient":""},"mobile":{"background-color":"var(--ast-global-color-5)","background-image":"","background-repeat":"repeat","background-position":"center center","background-size":"auto","background-attachment":"scroll","background-type":"","background-media":"","overlay-type":"","overlay-color":"","overlay-opacity":"","overlay-gradient":""}},"footnotes":""},"class_list":["post-8427","page","type-page","status-publish","hentry"],"yoast_head":"<!-- This site is optimized with the Yoast SEO Premium plugin v24.2 (Yoast SEO v24.6) - https:\/\/yoast.com\/wordpress\/plugins\/seo\/ -->\n<title>Jacques Aboab - Uni\u00f3n Esp\u00edrita<\/title>\n<meta name=\"robots\" content=\"index, follow, max-snippet:-1, max-image-preview:large, max-video-preview:-1\" \/>\n<link rel=\"canonical\" href=\"https:\/\/nuevo-renacer.com\/tr\/jacques-aboab\/\" \/>\n<meta property=\"og:locale\" content=\"tr_TR\" \/>\n<meta property=\"og:type\" content=\"article\" \/>\n<meta property=\"og:title\" content=\"Jacques Aboab\" \/>\n<meta property=\"og:description\" content=\"Jacques Aboab Naci\u00f3 en Constantinopla, actual Estambul, capital de Turqu\u00eda, el 15 de abril de 1889. Jud\u00edo de nacimiento, pas\u00f3 su infancia en Argelia, al norte de \u00c1frica. En su adolescencia se traslad\u00f3 a Francia, donde se dedic\u00f3 al oficio de vendedor ambulante, recorriendo todo el pa\u00eds, desde Breta\u00f1a hasta el Midi y desde el [&hellip;]\" \/>\n<meta property=\"og:url\" content=\"https:\/\/nuevo-renacer.com\/tr\/jacques-aboab\/\" \/>\n<meta property=\"og:site_name\" content=\"Uni\u00f3n Esp\u00edrita\" \/>\n<meta property=\"article:publisher\" content=\"https:\/\/www.facebook.com\/groups\/3431398063740829\" \/>\n<meta property=\"article:modified_time\" content=\"2025-08-01T09:56:32+00:00\" \/>\n<meta property=\"og:image\" content=\"https:\/\/nuevo-renacer.com\/wp-content\/uploads\/2025\/08\/Jacques-Aboab.jpg\" \/>\n\t<meta property=\"og:image:width\" content=\"211\" \/>\n\t<meta property=\"og:image:height\" content=\"304\" \/>\n\t<meta property=\"og:image:type\" content=\"image\/jpeg\" \/>\n<meta name=\"twitter:card\" content=\"summary_large_image\" \/>\n<meta name=\"twitter:label1\" content=\"Tahmini okuma s\u00fcresi\" \/>\n\t<meta name=\"twitter:data1\" content=\"3 dakika\" \/>\n<script type=\"application\/ld+json\" class=\"yoast-schema-graph\">{\"@context\":\"https:\/\/schema.org\",\"@graph\":[{\"@type\":\"WebPage\",\"@id\":\"https:\/\/nuevo-renacer.com\/jacques-aboab\/\",\"url\":\"https:\/\/nuevo-renacer.com\/jacques-aboab\/\",\"name\":\"Jacques Aboab - Uni\u00f3n Esp\u00edrita\",\"isPartOf\":{\"@id\":\"https:\/\/nuevo-renacer.com\/#website\"},\"primaryImageOfPage\":{\"@id\":\"https:\/\/nuevo-renacer.com\/jacques-aboab\/#primaryimage\"},\"image\":{\"@id\":\"https:\/\/nuevo-renacer.com\/jacques-aboab\/#primaryimage\"},\"thumbnailUrl\":\"https:\/\/nuevo-renacer.com\/wp-content\/uploads\/2025\/08\/Jacques-Aboab.jpg\",\"datePublished\":\"2025-08-01T09:56:30+00:00\",\"dateModified\":\"2025-08-01T09:56:32+00:00\",\"breadcrumb\":{\"@id\":\"https:\/\/nuevo-renacer.com\/jacques-aboab\/#breadcrumb\"},\"inLanguage\":\"tr\",\"potentialAction\":[{\"@type\":\"ReadAction\",\"target\":[\"https:\/\/nuevo-renacer.com\/jacques-aboab\/\"]}]},{\"@type\":\"ImageObject\",\"inLanguage\":\"tr\",\"@id\":\"https:\/\/nuevo-renacer.com\/jacques-aboab\/#primaryimage\",\"url\":\"https:\/\/nuevo-renacer.com\/wp-content\/uploads\/2025\/08\/Jacques-Aboab.jpg\",\"contentUrl\":\"https:\/\/nuevo-renacer.com\/wp-content\/uploads\/2025\/08\/Jacques-Aboab.jpg\"},{\"@type\":\"BreadcrumbList\",\"@id\":\"https:\/\/nuevo-renacer.com\/jacques-aboab\/#breadcrumb\",\"itemListElement\":[{\"@type\":\"ListItem\",\"position\":1,\"name\":\"Startseite\",\"item\":\"https:\/\/nuevo-renacer.com\/\"},{\"@type\":\"ListItem\",\"position\":2,\"name\":\"Jacques Aboab\"}]},{\"@type\":\"WebSite\",\"@id\":\"https:\/\/nuevo-renacer.com\/#website\",\"url\":\"https:\/\/nuevo-renacer.com\/\",\"name\":\"Uni\u00f3n Esp\u00edrita\",\"description\":\"Nuevo Renacer\",\"publisher\":{\"@id\":\"https:\/\/nuevo-renacer.com\/#organization\"},\"potentialAction\":[{\"@type\":\"SearchAction\",\"target\":{\"@type\":\"EntryPoint\",\"urlTemplate\":\"https:\/\/nuevo-renacer.com\/?s={search_term_string}\"},\"query-input\":{\"@type\":\"PropertyValueSpecification\",\"valueRequired\":true,\"valueName\":\"search_term_string\"}}],\"inLanguage\":\"tr\"},{\"@type\":\"Organization\",\"@id\":\"https:\/\/nuevo-renacer.com\/#organization\",\"name\":\"UFEC\",\"url\":\"https:\/\/nuevo-renacer.com\/\",\"logo\":{\"@type\":\"ImageObject\",\"inLanguage\":\"tr\",\"@id\":\"https:\/\/nuevo-renacer.com\/#\/schema\/logo\/image\/\",\"url\":\"https:\/\/nuevo-renacer.com\/wp-content\/uploads\/2024\/05\/cropped-LOGO-TERMINADO1-3-3.png\",\"contentUrl\":\"https:\/\/nuevo-renacer.com\/wp-content\/uploads\/2024\/05\/cropped-LOGO-TERMINADO1-3-3.png\",\"width\":512,\"height\":512,\"caption\":\"UFEC\"},\"image\":{\"@id\":\"https:\/\/nuevo-renacer.com\/#\/schema\/logo\/image\/\"},\"sameAs\":[\"https:\/\/www.facebook.com\/groups\/3431398063740829\"]}]}<\/script>\n<!-- \/ Yoast SEO Premium plugin. -->","yoast_head_json":{"title":"Jacques Aboab - Uni\u00f3n Esp\u00edrita","robots":{"index":"index","follow":"follow","max-snippet":"max-snippet:-1","max-image-preview":"max-image-preview:large","max-video-preview":"max-video-preview:-1"},"canonical":"https:\/\/nuevo-renacer.com\/tr\/jacques-aboab\/","og_locale":"tr_TR","og_type":"article","og_title":"Jacques Aboab","og_description":"Jacques Aboab Naci\u00f3 en Constantinopla, actual Estambul, capital de Turqu\u00eda, el 15 de abril de 1889. Jud\u00edo de nacimiento, pas\u00f3 su infancia en Argelia, al norte de \u00c1frica. En su adolescencia se traslad\u00f3 a Francia, donde se dedic\u00f3 al oficio de vendedor ambulante, recorriendo todo el pa\u00eds, desde Breta\u00f1a hasta el Midi y desde el [&hellip;]","og_url":"https:\/\/nuevo-renacer.com\/tr\/jacques-aboab\/","og_site_name":"Uni\u00f3n Esp\u00edrita","article_publisher":"https:\/\/www.facebook.com\/groups\/3431398063740829","article_modified_time":"2025-08-01T09:56:32+00:00","og_image":[{"width":211,"height":304,"url":"https:\/\/nuevo-renacer.com\/wp-content\/uploads\/2025\/08\/Jacques-Aboab.jpg","type":"image\/jpeg"}],"twitter_card":"summary_large_image","twitter_misc":{"Tahmini okuma s\u00fcresi":"3 dakika"},"schema":{"@context":"https:\/\/schema.org","@graph":[{"@type":"WebPage","@id":"https:\/\/nuevo-renacer.com\/jacques-aboab\/","url":"https:\/\/nuevo-renacer.com\/jacques-aboab\/","name":"Jacques Aboab - Uni\u00f3n Esp\u00edrita","isPartOf":{"@id":"https:\/\/nuevo-renacer.com\/#website"},"primaryImageOfPage":{"@id":"https:\/\/nuevo-renacer.com\/jacques-aboab\/#primaryimage"},"image":{"@id":"https:\/\/nuevo-renacer.com\/jacques-aboab\/#primaryimage"},"thumbnailUrl":"https:\/\/nuevo-renacer.com\/wp-content\/uploads\/2025\/08\/Jacques-Aboab.jpg","datePublished":"2025-08-01T09:56:30+00:00","dateModified":"2025-08-01T09:56:32+00:00","breadcrumb":{"@id":"https:\/\/nuevo-renacer.com\/jacques-aboab\/#breadcrumb"},"inLanguage":"tr","potentialAction":[{"@type":"ReadAction","target":["https:\/\/nuevo-renacer.com\/jacques-aboab\/"]}]},{"@type":"ImageObject","inLanguage":"tr","@id":"https:\/\/nuevo-renacer.com\/jacques-aboab\/#primaryimage","url":"https:\/\/nuevo-renacer.com\/wp-content\/uploads\/2025\/08\/Jacques-Aboab.jpg","contentUrl":"https:\/\/nuevo-renacer.com\/wp-content\/uploads\/2025\/08\/Jacques-Aboab.jpg"},{"@type":"BreadcrumbList","@id":"https:\/\/nuevo-renacer.com\/jacques-aboab\/#breadcrumb","itemListElement":[{"@type":"ListItem","position":1,"name":"Startseite","item":"https:\/\/nuevo-renacer.com\/"},{"@type":"ListItem","position":2,"name":"Jacques Aboab"}]},{"@type":"WebSite","@id":"https:\/\/nuevo-renacer.com\/#website","url":"https:\/\/nuevo-renacer.com\/","name":"Uni\u00f3n Esp\u00edrita","description":"Nuevo Renacer","publisher":{"@id":"https:\/\/nuevo-renacer.com\/#organization"},"potentialAction":[{"@type":"SearchAction","target":{"@type":"EntryPoint","urlTemplate":"https:\/\/nuevo-renacer.com\/?s={search_term_string}"},"query-input":{"@type":"PropertyValueSpecification","valueRequired":true,"valueName":"search_term_string"}}],"inLanguage":"tr"},{"@type":"Organization","@id":"https:\/\/nuevo-renacer.com\/#organization","name":"UFEC","url":"https:\/\/nuevo-renacer.com\/","logo":{"@type":"ImageObject","inLanguage":"tr","@id":"https:\/\/nuevo-renacer.com\/#\/schema\/logo\/image\/","url":"https:\/\/nuevo-renacer.com\/wp-content\/uploads\/2024\/05\/cropped-LOGO-TERMINADO1-3-3.png","contentUrl":"https:\/\/nuevo-renacer.com\/wp-content\/uploads\/2024\/05\/cropped-LOGO-TERMINADO1-3-3.png","width":512,"height":512,"caption":"UFEC"},"image":{"@id":"https:\/\/nuevo-renacer.com\/#\/schema\/logo\/image\/"},"sameAs":["https:\/\/www.facebook.com\/groups\/3431398063740829"]}]}},"uagb_featured_image_src":{"full":false,"thumbnail":false,"medium":false,"medium_large":false,"large":false,"1536x1536":false,"2048x2048":false,"trp-custom-language-flag":false},"uagb_author_info":{"display_name":"adbv0","author_link":"https:\/\/nuevo-renacer.com\/tr\/author\/adbv0\/"},"uagb_comment_info":0,"uagb_excerpt":"Jacques Aboab Naci\u00f3 en Constantinopla, actual Estambul, capital de Turqu\u00eda, el 15 de abril de 1889. Jud\u00edo de nacimiento, pas\u00f3 su infancia en Argelia, al norte de \u00c1frica. En su adolescencia se traslad\u00f3 a Francia, donde se dedic\u00f3 al oficio de vendedor ambulante, recorriendo todo el pa\u00eds, desde Breta\u00f1a hasta el Midi y desde el&hellip;","jetpack_sharing_enabled":true,"_links":{"self":[{"href":"https:\/\/nuevo-renacer.com\/tr\/wp-json\/wp\/v2\/pages\/8427","targetHints":{"allow":["GET"]}}],"collection":[{"href":"https:\/\/nuevo-renacer.com\/tr\/wp-json\/wp\/v2\/pages"}],"about":[{"href":"https:\/\/nuevo-renacer.com\/tr\/wp-json\/wp\/v2\/types\/page"}],"author":[{"embeddable":true,"href":"https:\/\/nuevo-renacer.com\/tr\/wp-json\/wp\/v2\/users\/1"}],"replies":[{"embeddable":true,"href":"https:\/\/nuevo-renacer.com\/tr\/wp-json\/wp\/v2\/comments?post=8427"}],"version-history":[{"count":1,"href":"https:\/\/nuevo-renacer.com\/tr\/wp-json\/wp\/v2\/pages\/8427\/revisions"}],"predecessor-version":[{"id":8429,"href":"https:\/\/nuevo-renacer.com\/tr\/wp-json\/wp\/v2\/pages\/8427\/revisions\/8429"}],"wp:attachment":[{"href":"https:\/\/nuevo-renacer.com\/tr\/wp-json\/wp\/v2\/media?parent=8427"}],"curies":[{"name":"wp","href":"https:\/\/api.w.org\/{rel}","templated":true}]}}