{"id":8288,"date":"2025-06-10T09:47:52","date_gmt":"2025-06-10T09:47:52","guid":{"rendered":"https:\/\/nuevo-renacer.com\/?page_id=8288"},"modified":"2025-06-10T09:47:55","modified_gmt":"2025-06-10T09:47:55","slug":"stanley-de-brath","status":"publish","type":"page","link":"https:\/\/nuevo-renacer.com\/tr\/stanley-de-brath\/","title":{"rendered":"Stanley de Brath"},"content":{"rendered":"<div class=\"wp-block-uagb-container uagb-block-fd343370 alignfull uagb-is-root-container\"><div class=\"uagb-container-inner-blocks-wrap\">\n<p class=\"has-black-color has-text-color has-link-color has-medium-font-size wp-elements-b3168bbb62434444860ab88595686ce3\"><strong>Stanley de Brath<\/strong><\/p>\n<\/div><\/div>\n\n\n\n<div class=\"wp-block-uagb-container uagb-block-3f1128b7 alignfull uagb-is-root-container\"><div class=\"uagb-container-inner-blocks-wrap\">\n<figure class=\"wp-block-image size-full is-resized\"><img fetchpriority=\"high\" decoding=\"async\" width=\"285\" height=\"395\" src=\"https:\/\/nuevo-renacer.com\/wp-content\/uploads\/2025\/06\/Screenshot-618.png\" alt=\"\" class=\"wp-image-8289\" style=\"width:228px;height:auto\" srcset=\"https:\/\/nuevo-renacer.com\/wp-content\/uploads\/2025\/06\/Screenshot-618.png 285w, https:\/\/nuevo-renacer.com\/wp-content\/uploads\/2025\/06\/Screenshot-618-216x300.png 216w, https:\/\/nuevo-renacer.com\/wp-content\/uploads\/2025\/06\/Screenshot-618-9x12.png 9w\" sizes=\"(max-width: 285px) 100vw, 285px\" \/><\/figure>\n<\/div><\/div>\n\n\n\n<div class=\"wp-block-uagb-container uagb-block-aac10d7a alignfull uagb-is-root-container\"><div class=\"uagb-container-inner-blocks-wrap\">\n<p class=\"has-black-color has-text-color has-link-color has-small-font-size wp-elements-169fd5ff1313c15e8b773e33eff22e34\">Stanley De Brath, 10 Ekim 1854'te \u0130ngiltere'nin Londra kentindeki Kent, Sydenham b\u00f6lgesinde do\u011fdu. Babas\u0131 F\u00e9lix de Brath, \u0130spanyol as\u0131ll\u0131 \u0130ngiliz vatanda\u015f\u0131yd\u0131. Annesi Anna Louisa Mary Gertrude Monica De Brath ise \u0130ngilizdi. O d\u00f6nemde K\u0131r\u0131m Sava\u015f\u0131 t\u00fcm \u015fiddetiyle devam ediyordu. Stanley'nin do\u011fumundan k\u0131sa bir s\u00fcre sonra babas\u0131 i\u015f i\u00e7in Uruguay'a gitti ve d\u00f6rt y\u0131l sonra geri d\u00f6nd\u00fc. Stanley'nin \u00fc\u00e7 erkek karde\u015fi vard\u0131: Ernest, Aral\u0131k 1858'de do\u011fdu; Frank, 1860'da Paris'te do\u011fdu, aile Champs-\u00c9lys\u00e9es'nin \u00fcst k\u0131sm\u0131ndaki Caminho de Versales caddesinde bir apartman dairesinde ya\u015f\u0131yordu. 1862'de \u0130ngiltere'nin Hampshire b\u00f6lgesindeki Portsmouth yak\u0131nlar\u0131ndaki Cosham'a ta\u015f\u0131nd\u0131lar. 1869'da \u00fc\u00e7\u00fcnc\u00fc karde\u015fi Cyril do\u011fdu.<\/p>\n\n\n\n<p class=\"has-black-color has-text-color has-link-color has-small-font-size wp-elements-7aaa692138526c1c987f0c1b8f408a76\">\u0130lk e\u011fitimini on ya\u015f\u0131na kadar evde ald\u0131. 1864'te \u0130ngiltere'nin Sussex b\u00f6lgesindeki Brighton'da bir okula g\u00f6nderildi, ancak maruz kald\u0131\u011f\u0131 zorbal\u0131k nedeniyle ailesi onu \u0130ngiltere'nin Essex b\u00f6lgesindeki Harlow'daki St. Mary's Preparatory School'a nakletti, ancak burada da maruz kald\u0131\u011f\u0131 bedensel cezalar nedeniyle uyum sa\u011flayamad\u0131. Oradan Lancing Koleji'ne ge\u00e7ti, ancak buradan da ayr\u0131ld\u0131. Sonunda, on dokuz ya\u015f\u0131na kadar evde bir \u00f6\u011fretmenle e\u011fitimine devam etti.<\/p>\n\n\n\n<p class=\"has-black-color has-text-color has-link-color has-small-font-size wp-elements-2fa26ae27d79d31d59ad3f2c28060f89\">1874'te, \u0130ngiltere'nin Surrey kentindeki Royal Indian Engineering School'un M\u00fchendislik Fak\u00fcltesi'ne kabul edildi ve burada \u0130n\u015faat M\u00fchendisli\u011fi b\u00f6l\u00fcm\u00fcn\u00fc tamamlad\u0131. Otobiyografisinde, elli \u00f6\u011frenci aras\u0131nda \u00fc\u00e7\u00fcnc\u00fc oldu\u011funu belirtir. Ayr\u0131ca, biri akademik di\u011feri sportif olmak \u00fczere iki farkl\u0131 alanda \u00f6d\u00fcl ald\u0131. Akademik \u00f6d\u00fcl, Hint demiryollar\u0131nda lokomotiflerde \u00e7al\u0131\u015fmak \u00fczere Hintli \u00e7al\u0131\u015fanlar\u0131n e\u011fitimi ile ilgiliydi, sportif \u00f6d\u00fcl ise t\u00fcfek at\u0131\u015f \u015fampiyonas\u0131 ile ilgiliydi.<\/p>\n\n\n\n<p class=\"has-black-color has-text-color has-link-color has-small-font-size wp-elements-261f60289037c0284fa284a53081212e\">1877'de, 22 ya\u015f\u0131ndayken, Hindistan \u0130mparatorluk Demiryollar\u0131'nda in\u015faat m\u00fchendisi olarak ve Hindistan H\u00fck\u00fcmeti'nin Orta Hindistan ve kuzeybat\u0131 s\u0131n\u0131r b\u00f6lgeleri \u00c7al\u0131\u015fma Bakanl\u0131\u011f\u0131'nda y\u00f6netici sekreter olarak i\u015fe kabul edildi. Bug\u00fcn Pakistan olan, o zamanlar hala \u0131ss\u0131z olan b\u00f6lgede ve \u201c\u0130ndus Vadisi\u201dnde k\u00f6pr\u00fc ve yol yap\u0131m\u0131n\u0131 koordine etti. Bu f\u0131rsat\u0131, b\u00f6lgenin dili olan \u201cHindustani\u201dyi \u00f6\u011frenmek i\u00e7in de\u011ferlendirdi.<\/p>\n\n\n\n<p class=\"has-black-color has-text-color has-link-color has-small-font-size wp-elements-4f23aa17083eb513137aab4bd9a4d6bc\">1882 sonbahar\u0131nda Stanley \u0130ngiltere'ye gitti ve ailesi \u0130ngiltere'nin Norfolk, Fakenham kasabas\u0131 k\u00f6kenli olan Priscilla Sheringham ile evlendi. Ayn\u0131 d\u00f6nemde, k\u00fc\u00e7\u00fck karde\u015fi Cyril on \u00fc\u00e7 ya\u015f\u0131nda tifo hastal\u0131\u011f\u0131na yenik d\u00fc\u015ferek hayat\u0131n\u0131 kaybetti. Stanley'in ilk o\u011flu Harold, 21 Temmuz 1883'te Hindistan'\u0131n Rajputana b\u00f6lgesindeki Nasirabad'da do\u011fdu. 30 A\u011fustos 1885'te k\u0131z\u0131 Gladys, Hindistan'\u0131n Bengal b\u00f6lgesindeki Simla'da do\u011fdu. M\u00fchendis olarak \u201cBolan Pass\u201d demiryolunun in\u015fas\u0131nda \u00e7al\u0131\u015ft\u0131 ve daha sonra \u201cSind-Pishin\u201d demiryolunu tamamlamak i\u00e7in transfer edildi. Burada ate\u015fli bir hastal\u0131k ge\u00e7irdi ve tedavi olmak i\u00e7in ailesiyle birlikte \u0130ngiltere'ye ta\u015f\u0131nmak zorunda kald\u0131. 1889'da o\u011flu Noel do\u011fdu, ancak on bir ayl\u0131kken Norfolk'ta anneannesinin evinde vefat etti.<\/p>\n\n\n\n<p class=\"has-black-color has-text-color has-link-color has-small-font-size wp-elements-a9536fafd69f17b4ddd7379c29d9efc4\">Otobiyografisinde, 1889 y\u0131l\u0131na kadar agnostik oldu\u011funu, ancak bir dizi olay\u0131n d\u00fc\u015f\u00fcnce \u015feklini de\u011fi\u015ftirdi\u011fini belirtir. O zamana kadar, materyalizmi te\u015fvik eden bilgileri ar\u015fivliyordu, ancak o tarihten itibaren ruhun hayatta kalmas\u0131 doktrinini kan\u0131tlayan tart\u0131\u015f\u0131lmaz ger\u00e7ekler aramaya ba\u015flad\u0131. Ayr\u0131ca, arkada\u015f\u0131 Alfred Russel Wallace gibi, ba\u015flang\u0131\u00e7ta \u015f\u00fcpheci oldu\u011funu, ancak kan\u0131tlar\u0131n a\u011f\u0131rl\u0131\u011f\u0131 kar\u015f\u0131s\u0131nda sonunda pes etti\u011fini de anlat\u0131r. 1894 y\u0131l\u0131nda Stanley, Hindistan'daki g\u00f6revinden emekli oldu ve olduk\u00e7a yeterli bir emekli maa\u015f\u0131 almaya ba\u015flad\u0131. Guernsey'de \u201cHonmets School\u201d adl\u0131 bir haz\u0131rl\u0131k okulu kurdu ve burada daha uygun bir \u00f6\u011fretim y\u00f6ntemi, hatta din \u00f6\u011fretimi uygulayabildi. Daha sonra, 1901'de Bookham, Surrey'e, ard\u0131ndan Charles Towers'a ve sonra da Preston'a ta\u015f\u0131nd\u0131. Ayn\u0131 zamanda kimya ve jeoloji okumaya ba\u015flad\u0131.<\/p>\n\n\n\n<p class=\"has-black-color has-text-color has-link-color has-small-font-size wp-elements-0cb9d9ae604f46669b2a88a247470397\">Nisan 1914'te Stanley, \u201cPreston House Preparatory School\u201du satt\u0131 ve 2 Aral\u0131k 1914'te Birinci D\u00fcnya Sava\u015f\u0131 ba\u015flad\u0131. Altm\u0131\u015f ya\u015f\u0131ndayd\u0131, ancak yine de \u0130ngiliz ordusuna kat\u0131ld\u0131. Sava\u015fmak i\u00e7in izin verilen ya\u015f\u0131n \u00fczerinde oldu\u011fu ve k\u00f6pr\u00fc ve yol m\u00fchendisli\u011fi deneyimi oldu\u011fu i\u00e7in, Kraliyet M\u00fchendisleri'ne fahri y\u00fczba\u015f\u0131 olarak kabul edildi.<\/p>\n\n\n\n<p class=\"has-black-color has-text-color has-link-color has-small-font-size wp-elements-a560e87e3a4d653ddd808bb4898166c4\">Sava\u015f bitti\u011finde, 1889'dan beri ilgisini \u00e7eken ve art\u0131k hayat\u0131n\u0131n i\u015fi haline gelen medyumluk fenomenlerine tamamen adad\u0131 kendini. 1918'den itibaren Paris'te Frans\u0131z bilim adam\u0131 Gustave Geley ile Uluslararas\u0131 Metapsikik Enstit\u00fcs\u00fc'nde i\u015fbirli\u011fi yapmaya ba\u015flad\u0131.<\/p>\n\n\n\n<p class=\"has-black-color has-text-color has-link-color has-small-font-size wp-elements-44a235432db77c44509eacee92817e76\">Bu d\u00f6nemde \u015fu kitaplar\u0131 \u0130ngilizceye \u00e7evirdi:<\/p>\n\n\n\n<div class=\"wp-block-group is-layout-constrained wp-block-group-is-layout-constrained\">\n<p class=\"has-black-color has-text-color has-link-color has-small-font-size wp-elements-f5e801eda66a02c63131e1bb42fd7936\">\u2013 Bilin\u00e7alt\u0131ndan Bilin\u00e7liye, 1920, Gustave Geley<\/p>\n\n\n\n<p class=\"has-black-color has-text-color has-link-color has-small-font-size wp-elements-8acfd17a15abef23f9453ab66f86ef1b\">\u2013 \u0130nsanda Ola\u011fan\u00fcst\u00fc Yetenekler, 1923, Eug\u00e8n Osty<\/p>\n\n\n\n<p class=\"has-black-color has-text-color has-link-color has-small-font-size wp-elements-e4818ecc07b03f114498b38693cd2a4f\">\u2013 Otuz Y\u0131ll\u0131k Paranormal Ara\u015ft\u0131rmalar, 1923, Charles Richet, Gustave Geley ve Stanley De Brath.<\/p>\n<\/div>\n<\/div><\/div>\n\n\n\n<div class=\"wp-block-uagb-container uagb-block-618e12d5 alignfull uagb-is-root-container\"><div class=\"uagb-container-inner-blocks-wrap\"><\/div><\/div>\n\n\n\n<div class=\"wp-block-uagb-container uagb-block-90fd082a alignfull uagb-is-root-container\"><div class=\"uagb-container-inner-blocks-wrap\"><\/div><\/div>","protected":false},"excerpt":{"rendered":"<p>Stanley de Brath Stanley De Brath naci\u00f3 el 10 de octubre de 1854 en el distrito de Sydenham, Kent, Londres, Inglaterra. Su padre, F\u00e9lix de Brath, era espa\u00f1ol naturalizado brit\u00e1nico. Su madre, Anna Louisa Mary Gertrude Monica De Brath, era inglesa. En aquella \u00e9poca, la guerra de Crimea estaba en su apogeo. Poco despu\u00e9s de [&hellip;]<\/p>","protected":false},"author":1,"featured_media":0,"parent":0,"menu_order":0,"comment_status":"closed","ping_status":"closed","template":"","meta":{"_uag_custom_page_level_css":"","site-sidebar-layout":"default","site-content-layout":"","ast-site-content-layout":"default","site-content-style":"default","site-sidebar-style":"default","ast-global-header-display":"","ast-banner-title-visibility":"","ast-main-header-display":"","ast-hfb-above-header-display":"","ast-hfb-below-header-display":"","ast-hfb-mobile-header-display":"","site-post-title":"disabled","ast-breadcrumbs-content":"","ast-featured-img":"","footer-sml-layout":"","theme-transparent-header-meta":"","adv-header-id-meta":"","stick-header-meta":"","header-above-stick-meta":"","header-main-stick-meta":"","header-below-stick-meta":"","astra-migrate-meta-layouts":"set","ast-page-background-enabled":"default","ast-page-background-meta":{"desktop":{"background-color":"var(--ast-global-color-4)","background-image":"","background-repeat":"repeat","background-position":"center center","background-size":"auto","background-attachment":"scroll","background-type":"","background-media":"","overlay-type":"","overlay-color":"","overlay-opacity":"","overlay-gradient":""},"tablet":{"background-color":"","background-image":"","background-repeat":"repeat","background-position":"center center","background-size":"auto","background-attachment":"scroll","background-type":"","background-media":"","overlay-type":"","overlay-color":"","overlay-opacity":"","overlay-gradient":""},"mobile":{"background-color":"","background-image":"","background-repeat":"repeat","background-position":"center center","background-size":"auto","background-attachment":"scroll","background-type":"","background-media":"","overlay-type":"","overlay-color":"","overlay-opacity":"","overlay-gradient":""}},"ast-content-background-meta":{"desktop":{"background-color":"var(--ast-global-color-5)","background-image":"","background-repeat":"repeat","background-position":"center center","background-size":"auto","background-attachment":"scroll","background-type":"","background-media":"","overlay-type":"","overlay-color":"","overlay-opacity":"","overlay-gradient":""},"tablet":{"background-color":"var(--ast-global-color-5)","background-image":"","background-repeat":"repeat","background-position":"center center","background-size":"auto","background-attachment":"scroll","background-type":"","background-media":"","overlay-type":"","overlay-color":"","overlay-opacity":"","overlay-gradient":""},"mobile":{"background-color":"var(--ast-global-color-5)","background-image":"","background-repeat":"repeat","background-position":"center center","background-size":"auto","background-attachment":"scroll","background-type":"","background-media":"","overlay-type":"","overlay-color":"","overlay-opacity":"","overlay-gradient":""}},"footnotes":""},"class_list":["post-8288","page","type-page","status-publish","hentry"],"yoast_head":"<!-- This site is optimized with the Yoast SEO Premium plugin v24.2 (Yoast SEO v24.6) - https:\/\/yoast.com\/wordpress\/plugins\/seo\/ -->\n<title>Stanley de Brath - Uni\u00f3n Esp\u00edrita<\/title>\n<meta name=\"description\" content=\"Stanley De Brath (1854 \u2013 1937) fue un ingeniero civil, parapsic\u00f3logo y espiritista brit\u00e1nico.\" \/>\n<meta name=\"robots\" content=\"index, follow, max-snippet:-1, max-image-preview:large, max-video-preview:-1\" \/>\n<link rel=\"canonical\" href=\"https:\/\/nuevo-renacer.com\/tr\/stanley-de-brath\/\" \/>\n<meta property=\"og:locale\" content=\"tr_TR\" \/>\n<meta property=\"og:type\" content=\"article\" \/>\n<meta property=\"og:title\" content=\"Stanley de Brath\" \/>\n<meta property=\"og:description\" content=\"Stanley De Brath (1854 \u2013 1937) fue un ingeniero civil, parapsic\u00f3logo y espiritista brit\u00e1nico.\" \/>\n<meta property=\"og:url\" content=\"https:\/\/nuevo-renacer.com\/tr\/stanley-de-brath\/\" \/>\n<meta property=\"og:site_name\" content=\"Uni\u00f3n Esp\u00edrita\" \/>\n<meta property=\"article:publisher\" content=\"https:\/\/www.facebook.com\/groups\/3431398063740829\" \/>\n<meta property=\"article:modified_time\" content=\"2025-06-10T09:47:55+00:00\" \/>\n<meta property=\"og:image\" content=\"https:\/\/nuevo-renacer.com\/wp-content\/uploads\/2025\/06\/Screenshot-618.png\" \/>\n\t<meta property=\"og:image:width\" content=\"285\" \/>\n\t<meta property=\"og:image:height\" content=\"395\" \/>\n\t<meta property=\"og:image:type\" content=\"image\/png\" \/>\n<meta name=\"twitter:card\" content=\"summary_large_image\" \/>\n<meta name=\"twitter:label1\" content=\"Tahmini okuma s\u00fcresi\" \/>\n\t<meta name=\"twitter:data1\" content=\"5 dakika\" \/>\n<script type=\"application\/ld+json\" class=\"yoast-schema-graph\">{\"@context\":\"https:\/\/schema.org\",\"@graph\":[{\"@type\":\"WebPage\",\"@id\":\"https:\/\/nuevo-renacer.com\/stanley-de-brath\/\",\"url\":\"https:\/\/nuevo-renacer.com\/stanley-de-brath\/\",\"name\":\"Stanley de Brath - Uni\u00f3n Esp\u00edrita\",\"isPartOf\":{\"@id\":\"https:\/\/nuevo-renacer.com\/#website\"},\"primaryImageOfPage\":{\"@id\":\"https:\/\/nuevo-renacer.com\/stanley-de-brath\/#primaryimage\"},\"image\":{\"@id\":\"https:\/\/nuevo-renacer.com\/stanley-de-brath\/#primaryimage\"},\"thumbnailUrl\":\"https:\/\/nuevo-renacer.com\/wp-content\/uploads\/2025\/06\/Screenshot-618.png\",\"datePublished\":\"2025-06-10T09:47:52+00:00\",\"dateModified\":\"2025-06-10T09:47:55+00:00\",\"description\":\"Stanley De Brath (1854 \u2013 1937) fue un ingeniero civil, parapsic\u00f3logo y espiritista brit\u00e1nico.\",\"breadcrumb\":{\"@id\":\"https:\/\/nuevo-renacer.com\/stanley-de-brath\/#breadcrumb\"},\"inLanguage\":\"tr\",\"potentialAction\":[{\"@type\":\"ReadAction\",\"target\":[\"https:\/\/nuevo-renacer.com\/stanley-de-brath\/\"]}]},{\"@type\":\"ImageObject\",\"inLanguage\":\"tr\",\"@id\":\"https:\/\/nuevo-renacer.com\/stanley-de-brath\/#primaryimage\",\"url\":\"https:\/\/nuevo-renacer.com\/wp-content\/uploads\/2025\/06\/Screenshot-618.png\",\"contentUrl\":\"https:\/\/nuevo-renacer.com\/wp-content\/uploads\/2025\/06\/Screenshot-618.png\"},{\"@type\":\"BreadcrumbList\",\"@id\":\"https:\/\/nuevo-renacer.com\/stanley-de-brath\/#breadcrumb\",\"itemListElement\":[{\"@type\":\"ListItem\",\"position\":1,\"name\":\"Startseite\",\"item\":\"https:\/\/nuevo-renacer.com\/\"},{\"@type\":\"ListItem\",\"position\":2,\"name\":\"Stanley de Brath\"}]},{\"@type\":\"WebSite\",\"@id\":\"https:\/\/nuevo-renacer.com\/#website\",\"url\":\"https:\/\/nuevo-renacer.com\/\",\"name\":\"Uni\u00f3n Esp\u00edrita\",\"description\":\"Nuevo Renacer\",\"publisher\":{\"@id\":\"https:\/\/nuevo-renacer.com\/#organization\"},\"potentialAction\":[{\"@type\":\"SearchAction\",\"target\":{\"@type\":\"EntryPoint\",\"urlTemplate\":\"https:\/\/nuevo-renacer.com\/?s={search_term_string}\"},\"query-input\":{\"@type\":\"PropertyValueSpecification\",\"valueRequired\":true,\"valueName\":\"search_term_string\"}}],\"inLanguage\":\"tr\"},{\"@type\":\"Organization\",\"@id\":\"https:\/\/nuevo-renacer.com\/#organization\",\"name\":\"UFEC\",\"url\":\"https:\/\/nuevo-renacer.com\/\",\"logo\":{\"@type\":\"ImageObject\",\"inLanguage\":\"tr\",\"@id\":\"https:\/\/nuevo-renacer.com\/#\/schema\/logo\/image\/\",\"url\":\"https:\/\/nuevo-renacer.com\/wp-content\/uploads\/2024\/05\/cropped-LOGO-TERMINADO1-3-3.png\",\"contentUrl\":\"https:\/\/nuevo-renacer.com\/wp-content\/uploads\/2024\/05\/cropped-LOGO-TERMINADO1-3-3.png\",\"width\":512,\"height\":512,\"caption\":\"UFEC\"},\"image\":{\"@id\":\"https:\/\/nuevo-renacer.com\/#\/schema\/logo\/image\/\"},\"sameAs\":[\"https:\/\/www.facebook.com\/groups\/3431398063740829\"]}]}<\/script>\n<!-- \/ Yoast SEO Premium plugin. -->","yoast_head_json":{"title":"Stanley de Brath - Uni\u00f3n Esp\u00edrita","description":"Stanley De Brath (1854 \u2013 1937) fue un ingeniero civil, parapsic\u00f3logo y espiritista brit\u00e1nico.","robots":{"index":"index","follow":"follow","max-snippet":"max-snippet:-1","max-image-preview":"max-image-preview:large","max-video-preview":"max-video-preview:-1"},"canonical":"https:\/\/nuevo-renacer.com\/tr\/stanley-de-brath\/","og_locale":"tr_TR","og_type":"article","og_title":"Stanley de Brath","og_description":"Stanley De Brath (1854 \u2013 1937) fue un ingeniero civil, parapsic\u00f3logo y espiritista brit\u00e1nico.","og_url":"https:\/\/nuevo-renacer.com\/tr\/stanley-de-brath\/","og_site_name":"Uni\u00f3n Esp\u00edrita","article_publisher":"https:\/\/www.facebook.com\/groups\/3431398063740829","article_modified_time":"2025-06-10T09:47:55+00:00","og_image":[{"width":285,"height":395,"url":"https:\/\/nuevo-renacer.com\/wp-content\/uploads\/2025\/06\/Screenshot-618.png","type":"image\/png"}],"twitter_card":"summary_large_image","twitter_misc":{"Tahmini okuma s\u00fcresi":"5 dakika"},"schema":{"@context":"https:\/\/schema.org","@graph":[{"@type":"WebPage","@id":"https:\/\/nuevo-renacer.com\/stanley-de-brath\/","url":"https:\/\/nuevo-renacer.com\/stanley-de-brath\/","name":"Stanley de Brath - Uni\u00f3n Esp\u00edrita","isPartOf":{"@id":"https:\/\/nuevo-renacer.com\/#website"},"primaryImageOfPage":{"@id":"https:\/\/nuevo-renacer.com\/stanley-de-brath\/#primaryimage"},"image":{"@id":"https:\/\/nuevo-renacer.com\/stanley-de-brath\/#primaryimage"},"thumbnailUrl":"https:\/\/nuevo-renacer.com\/wp-content\/uploads\/2025\/06\/Screenshot-618.png","datePublished":"2025-06-10T09:47:52+00:00","dateModified":"2025-06-10T09:47:55+00:00","description":"Stanley De Brath (1854 \u2013 1937) fue un ingeniero civil, parapsic\u00f3logo y espiritista brit\u00e1nico.","breadcrumb":{"@id":"https:\/\/nuevo-renacer.com\/stanley-de-brath\/#breadcrumb"},"inLanguage":"tr","potentialAction":[{"@type":"ReadAction","target":["https:\/\/nuevo-renacer.com\/stanley-de-brath\/"]}]},{"@type":"ImageObject","inLanguage":"tr","@id":"https:\/\/nuevo-renacer.com\/stanley-de-brath\/#primaryimage","url":"https:\/\/nuevo-renacer.com\/wp-content\/uploads\/2025\/06\/Screenshot-618.png","contentUrl":"https:\/\/nuevo-renacer.com\/wp-content\/uploads\/2025\/06\/Screenshot-618.png"},{"@type":"BreadcrumbList","@id":"https:\/\/nuevo-renacer.com\/stanley-de-brath\/#breadcrumb","itemListElement":[{"@type":"ListItem","position":1,"name":"Startseite","item":"https:\/\/nuevo-renacer.com\/"},{"@type":"ListItem","position":2,"name":"Stanley de Brath"}]},{"@type":"WebSite","@id":"https:\/\/nuevo-renacer.com\/#website","url":"https:\/\/nuevo-renacer.com\/","name":"Uni\u00f3n Esp\u00edrita","description":"Nuevo Renacer","publisher":{"@id":"https:\/\/nuevo-renacer.com\/#organization"},"potentialAction":[{"@type":"SearchAction","target":{"@type":"EntryPoint","urlTemplate":"https:\/\/nuevo-renacer.com\/?s={search_term_string}"},"query-input":{"@type":"PropertyValueSpecification","valueRequired":true,"valueName":"search_term_string"}}],"inLanguage":"tr"},{"@type":"Organization","@id":"https:\/\/nuevo-renacer.com\/#organization","name":"UFEC","url":"https:\/\/nuevo-renacer.com\/","logo":{"@type":"ImageObject","inLanguage":"tr","@id":"https:\/\/nuevo-renacer.com\/#\/schema\/logo\/image\/","url":"https:\/\/nuevo-renacer.com\/wp-content\/uploads\/2024\/05\/cropped-LOGO-TERMINADO1-3-3.png","contentUrl":"https:\/\/nuevo-renacer.com\/wp-content\/uploads\/2024\/05\/cropped-LOGO-TERMINADO1-3-3.png","width":512,"height":512,"caption":"UFEC"},"image":{"@id":"https:\/\/nuevo-renacer.com\/#\/schema\/logo\/image\/"},"sameAs":["https:\/\/www.facebook.com\/groups\/3431398063740829"]}]}},"uagb_featured_image_src":{"full":false,"thumbnail":false,"medium":false,"medium_large":false,"large":false,"1536x1536":false,"2048x2048":false,"trp-custom-language-flag":false},"uagb_author_info":{"display_name":"adbv0","author_link":"https:\/\/nuevo-renacer.com\/tr\/author\/adbv0\/"},"uagb_comment_info":0,"uagb_excerpt":"Stanley de Brath Stanley De Brath naci\u00f3 el 10 de octubre de 1854 en el distrito de Sydenham, Kent, Londres, Inglaterra. Su padre, F\u00e9lix de Brath, era espa\u00f1ol naturalizado brit\u00e1nico. Su madre, Anna Louisa Mary Gertrude Monica De Brath, era inglesa. En aquella \u00e9poca, la guerra de Crimea estaba en su apogeo. Poco despu\u00e9s de&hellip;","jetpack_sharing_enabled":true,"_links":{"self":[{"href":"https:\/\/nuevo-renacer.com\/tr\/wp-json\/wp\/v2\/pages\/8288","targetHints":{"allow":["GET"]}}],"collection":[{"href":"https:\/\/nuevo-renacer.com\/tr\/wp-json\/wp\/v2\/pages"}],"about":[{"href":"https:\/\/nuevo-renacer.com\/tr\/wp-json\/wp\/v2\/types\/page"}],"author":[{"embeddable":true,"href":"https:\/\/nuevo-renacer.com\/tr\/wp-json\/wp\/v2\/users\/1"}],"replies":[{"embeddable":true,"href":"https:\/\/nuevo-renacer.com\/tr\/wp-json\/wp\/v2\/comments?post=8288"}],"version-history":[{"count":1,"href":"https:\/\/nuevo-renacer.com\/tr\/wp-json\/wp\/v2\/pages\/8288\/revisions"}],"predecessor-version":[{"id":8290,"href":"https:\/\/nuevo-renacer.com\/tr\/wp-json\/wp\/v2\/pages\/8288\/revisions\/8290"}],"wp:attachment":[{"href":"https:\/\/nuevo-renacer.com\/tr\/wp-json\/wp\/v2\/media?parent=8288"}],"curies":[{"name":"wp","href":"https:\/\/api.w.org\/{rel}","templated":true}]}}