{"id":8284,"date":"2025-06-10T09:11:00","date_gmt":"2025-06-10T09:11:00","guid":{"rendered":"https:\/\/nuevo-renacer.com\/?page_id=8284"},"modified":"2025-06-10T09:11:03","modified_gmt":"2025-06-10T09:11:03","slug":"oliver-joseph-lodge","status":"publish","type":"page","link":"https:\/\/nuevo-renacer.com\/tr\/oliver-joseph-lodge\/","title":{"rendered":"Oliver Joseph Lodge"},"content":{"rendered":"<div class=\"wp-block-uagb-container uagb-block-f273dccd alignfull uagb-is-root-container\"><div class=\"uagb-container-inner-blocks-wrap\">\n<p class=\"has-black-color has-text-color has-link-color has-medium-font-size wp-elements-1eb1e15e1bf9ca80ee168554d6f2324f\"><strong>Oliver Joseph Lodge<\/strong><\/p>\n<\/div><\/div>\n\n\n\n<div class=\"wp-block-uagb-container uagb-block-a33adbfd alignfull uagb-is-root-container\"><div class=\"uagb-container-inner-blocks-wrap\">\n<figure class=\"wp-block-image size-large is-resized\"><img fetchpriority=\"high\" decoding=\"async\" width=\"752\" height=\"1024\" src=\"https:\/\/nuevo-renacer.com\/wp-content\/uploads\/2025\/06\/Oliver_Joseph_Lodge3-752x1024.jpg\" alt=\"\" class=\"wp-image-8285\" style=\"width:223px;height:auto\" srcset=\"https:\/\/nuevo-renacer.com\/wp-content\/uploads\/2025\/06\/Oliver_Joseph_Lodge3-752x1024.jpg 752w, https:\/\/nuevo-renacer.com\/wp-content\/uploads\/2025\/06\/Oliver_Joseph_Lodge3-220x300.jpg 220w, https:\/\/nuevo-renacer.com\/wp-content\/uploads\/2025\/06\/Oliver_Joseph_Lodge3-768x1046.jpg 768w, https:\/\/nuevo-renacer.com\/wp-content\/uploads\/2025\/06\/Oliver_Joseph_Lodge3-1128x1536.jpg 1128w, https:\/\/nuevo-renacer.com\/wp-content\/uploads\/2025\/06\/Oliver_Joseph_Lodge3-9x12.jpg 9w, https:\/\/nuevo-renacer.com\/wp-content\/uploads\/2025\/06\/Oliver_Joseph_Lodge3.jpg 1188w\" sizes=\"(max-width: 752px) 100vw, 752px\" \/><\/figure>\n<\/div><\/div>\n\n\n\n<div class=\"wp-block-uagb-container uagb-block-68addc5d alignfull uagb-is-root-container\"><div class=\"uagb-container-inner-blocks-wrap\">\n<p class=\"has-black-color has-text-color has-link-color has-small-font-size wp-elements-8c669dc8f98a5a23246e292239b63546\">12 Haziran 1851'de \u0130ngiltere'nin Penkhull kasabas\u0131nda do\u011fdu. Newport Grammar School ve Londra \u00dcniversitesi'nde e\u011fitim g\u00f6rd\u00fc ve d\u00f6nemin en sayg\u0131n fizik\u00e7ilerinden biriydi. Voltaik pilin elektromotor kuvvetinin kayna\u011f\u0131, elektromanyetik dalgalar ve kablosuz telgraf hakk\u0131nda \u00f6nemli ara\u015ft\u0131rmalar yapt\u0131. Elektri\u011fin geli\u015fimine b\u00fcy\u00fck katk\u0131da bulunarak, mucit olarak d\u00fcnya \u00e7ap\u0131nda \u00fcn kazand\u0131.<\/p>\n\n\n\n<p class=\"has-black-color has-text-color has-link-color has-small-font-size wp-elements-1aa7b8fec7e62cf657297dc03305e76d\">Lodge, elli ya\u015f\u0131n\u0131 ge\u00e7tikten sonra psi\u015fik olaylara odakland\u0131 ve ruhlar\u0131n hayatta kalmas\u0131 ve ileti\u015fim kurmas\u0131 konusunda paha bi\u00e7ilmez bir tan\u0131kl\u0131k verdi. \u201cNeden ki\u015fisel \u00f6l\u00fcms\u00fczl\u00fc\u011fe inan\u0131yorum\u201d adl\u0131 eserinde \u015f\u00f6yle diyor:<\/p>\n\n\n\n<p class=\"has-black-color has-text-color has-link-color has-small-font-size wp-elements-cb33222a3431efd1feeab0587f0293a5\">\u201cKi\u015fisel kimli\u011fin kan\u0131t\u0131, ara\u015ft\u0131rmac\u0131lar\u0131n ele\u015ftirel incelemeleri ve \u00f6zellikle de \u00f6b\u00fcr d\u00fcnyadan gelen ileti\u015fimcilerin \u00f6zel ve ak\u0131ll\u0131 \u00e7abalar\u0131yla ciddi ve sistematik bir \u015fekilde geni\u015f \u00e7apta kan\u0131tlanm\u0131\u015ft\u0131r. Benim i\u00e7in kan\u0131tlar neredeyse eksiksizdir ve ki\u015fili\u011fin varl\u0131\u011f\u0131 ve hayatta kalmas\u0131 konusunda, s\u0131radan ve normal bir deneyimden \u00e7\u0131kar\u0131lan sonu\u00e7lar konusunda oldu\u011fu gibi, hi\u00e7bir \u015f\u00fcphem yoktur.\u201d<\/p>\n\n\n\n<p class=\"has-black-color has-text-color has-link-color has-small-font-size wp-elements-5fd380fdb917e0272f0c6d8f603f181a\">\u00c7ok say\u0131da eser b\u0131rakm\u0131\u015ft\u0131r, bunlardan \u00f6ne \u00e7\u0131kanlar\u0131 \u015funlard\u0131r: \u201c\u0130nsan\u0131n Olu\u015fumu\u201d, \u2018Raimundo\u2019 ve \u201cKi\u015fisel \u00d6l\u00fcms\u00fczl\u00fc\u011fe Neden \u0130nan\u0131yorum\u201d. Sir Oliver Lodge'un ad\u0131, modern bilimlerin en b\u00fcy\u00fck s\u00fcslerinden biridir. 12 Haziran 1851'de Penkhull, Staffordshire'da do\u011fan ve 22 A\u011fustos 1940'ta Amesbury'de vefat eden \u0130ngiliz bilim adam\u0131. 1881-1900 y\u0131llar\u0131 aras\u0131nda Liverpool \u00dcniversitesi'nde fizik profes\u00f6r\u00fc; 1900'de Birmingham \u00dcniversitesi'nde dekan ve 1903'te Oxford'da profes\u00f6r olarak g\u00f6rev yapt\u0131. Temas elektri\u011fi ve elektroliz teorilerine, Leyde \u015fi\u015felerinde sal\u0131n\u0131ml\u0131 de\u015farja, havada elektromanyetik dalgalar\u0131n \u00fcretilmesine \u00f6nemli katk\u0131larda bulunmu\u015f ve kablosuz telgrafta iyile\u015ftirmeler yapm\u0131\u015ft\u0131r.<\/p>\n\n\n\n<p class=\"has-black-color has-text-color has-link-color has-small-font-size wp-elements-9b2aa64e15467e5f9dfb9838d5a5a383\">Elektriksel da\u011f\u0131l\u0131m yoluyla sisin azalt\u0131lmas\u0131 \u00fczerine deneyler yapt\u0131. \u00c7e\u015fitli bilimsel incelemeler ve eserlerin yazar\u0131d\u0131r. Bunlardan \u00f6ne \u00e7\u0131kanlar\u0131 \u015funlard\u0131r: \u201cTemel Mekanik El Kitab\u0131\u201d, 1877; \u201cBilimin \u00d6nc\u00fcleri\u201d, 1893; \u201cYa\u015fam ve Madde\u201d, 1905; \" Elektronlar veya Negatif Elektri\u011fin Do\u011fas\u0131 ve \u00d6zellikleri\u201c, 1907; \u201dBilim ve \u00d6l\u00fcm\u201c, 1908; \u201dUzaydaki Eter\u201c, 1909; \u201dFizi\u011fin \u00d6tesinde veya Mekanizman\u0131n \u0130dealizasyonu\", 1930.<\/p>\n\n\n\n<p class=\"has-black-color has-text-color has-link-color has-small-font-size wp-elements-afa4d5cdd896820ee5665dbcec0ed455\">D\u00fcnyan\u0131n, onun spirit\u00fcalizm alan\u0131na giri\u015fine ve Birinci D\u00fcnya Sava\u015f\u0131'n\u0131n ilk aylar\u0131nda Flanders'daki bir siperde \u00f6len o\u011flu Raymond'un \u00f6l\u00fcm sonras\u0131 durumunu inceledi\u011fi titiz kontroll\u00fc deneylerine verdi\u011fi \u00f6nem, \u015fiddetli tart\u0131\u015fmalara yol a\u00e7t\u0131. Akademik bilimin yolundan sapmas\u0131, onu meslekta\u015flar\u0131n\u0131n \u015fiddetli sald\u0131r\u0131lar\u0131n\u0131n hedefi haline getirdi. Ancak o, ald\u0131\u011f\u0131 risklerin tamamen fark\u0131ndayd\u0131. Hristiyan \u015fehitler gibi sirk yoluna \u00e7\u0131kt\u0131. Ama o, her \u015feyden \u00f6nce bilimin bir \u015fehidi idi. O\u011flunun ruhani ya\u015famda i\u00e7eceklerin, sigaralar\u0131n, a\u011fa\u00e7lar\u0131n ve evlerin varl\u0131\u011f\u0131n\u0131 anlatt\u0131\u011f\u0131 iddialar\u0131n\u0131 kabul etti\u011fi i\u00e7in naif olmakla su\u00e7land\u0131. Onlar, onun sadece kayb\u0131n\u0131n do\u011fal ac\u0131s\u0131na kap\u0131lm\u0131\u015f, y\u0131k\u0131lm\u0131\u015f bir baba oldu\u011funu s\u00f6ylediler. Ancak, \u00f6b\u00fcr d\u00fcnyadaki sorunlar\u0131 ara\u015ft\u0131ran herkes, ruhani d\u00fcnyan\u0131n alt katmanlar\u0131nda d\u00fcnyevi katmanla benzerli\u011fin bariz oldu\u011funu bilir.<\/p>\n\n\n\n<p class=\"has-black-color has-text-color has-link-color has-small-font-size wp-elements-d7ce7263df1c4abdb42caa2f42206631\">Oliver, inanc\u0131n\u0131 ifade ederek cesaretin canl\u0131 bir \u00f6rne\u011fi oldu. Ancak bu, Kardec'in \u00f6\u011fretti\u011fi bilin\u00e7li, rasyonel ve hatta talepkar bir inan\u00e7t\u0131. Dogmatik ilkelere korku ve ko\u015fulsuz itaatten kaynaklanan k\u00f6r\u00fc k\u00f6r\u00fcne bir inan\u00e7 de\u011fil, hem dinin hem de bilimin temeli olan bir inan\u00e7t\u0131. Bu \u00fcst\u00fcn inan\u00e7 t\u00fcr\u00fc bat\u0131l inanc\u0131 d\u0131\u015flar. Yukar\u0131dan gelen bir l\u00fctuf de\u011fil, insan\u0131n evrim yoluyla kazand\u0131\u011f\u0131 bir zaferdir. Bu nedenle sadece ilahi de\u011fil, iki y\u00fczl\u00fcd\u00fcr: ayn\u0131 anda hem insani hem de ilahidir. E\u011fitimli insanlar genel olarak, \u00f6zellikle de bilim adamlar\u0131, dini inan\u00e7tan ka\u00e7arlar, ancak bilimsel inanc\u0131n mant\u0131ksal pen\u00e7esinden ka\u00e7amazlar. Sir Oliver Lodge, inanc\u0131n bu iki y\u00f6n\u00fcn\u00fcn birle\u015fiminin belirleyici bir \u00f6rne\u011fini sunar; b\u00f6ylece, b\u00fcy\u00fck harfle yaz\u0131lan \u0130nan\u00e7, bir y\u00fcz\u00fcn iki y\u00fczden olu\u015fmas\u0131 gibi tek bir b\u00fct\u00fcnd\u00fcr. S\u00f6z konusu ki\u015fi sadece yetenekli bir bilim adam\u0131 ve sevgi dolu bir baba de\u011fil, ayn\u0131 zamanda b\u00fcy\u00fck bir vizyona ve keskin bir ele\u015ftirel zekaya sahip bir adamd\u0131. Dikkatini manevi ara\u015ft\u0131rmalara y\u00f6nelterek, bilim ve dinin ayn\u0131 ya\u015fam yolunda birlikte y\u00fcr\u00fcyece\u011fi bir d\u00f6nemin \u00f6nc\u00fcs\u00fc olarak zor bir rol \u00fcstlendi.<\/p>\n<\/div><\/div>\n\n\n\n<div class=\"wp-block-uagb-container uagb-block-419cdebc alignfull uagb-is-root-container\"><div class=\"uagb-container-inner-blocks-wrap\"><\/div><\/div>\n\n\n\n<div class=\"wp-block-uagb-container uagb-block-e2b04c91 alignfull uagb-is-root-container\"><div class=\"uagb-container-inner-blocks-wrap\"><\/div><\/div>","protected":false},"excerpt":{"rendered":"<p>Oliver Joseph Lodge Naci\u00f3 el 12 de junio de 1851 en Penkhull, Inglaterra. Educado en la Grammar School de Newport y en el University College de Londres, fue uno de los f\u00edsicos m\u00e1s reputados de la \u00e9poca. Realiz\u00f3 importantes investigaciones sobre la sede de la fuerza electromotriz en la pila voltaica, sobre las ondas electromagn\u00e9ticas [&hellip;]<\/p>","protected":false},"author":1,"featured_media":0,"parent":0,"menu_order":0,"comment_status":"closed","ping_status":"closed","template":"","meta":{"_uag_custom_page_level_css":"","site-sidebar-layout":"default","site-content-layout":"","ast-site-content-layout":"default","site-content-style":"default","site-sidebar-style":"default","ast-global-header-display":"","ast-banner-title-visibility":"","ast-main-header-display":"","ast-hfb-above-header-display":"","ast-hfb-below-header-display":"","ast-hfb-mobile-header-display":"","site-post-title":"disabled","ast-breadcrumbs-content":"","ast-featured-img":"","footer-sml-layout":"","theme-transparent-header-meta":"","adv-header-id-meta":"","stick-header-meta":"","header-above-stick-meta":"","header-main-stick-meta":"","header-below-stick-meta":"","astra-migrate-meta-layouts":"set","ast-page-background-enabled":"default","ast-page-background-meta":{"desktop":{"background-color":"var(--ast-global-color-4)","background-image":"","background-repeat":"repeat","background-position":"center center","background-size":"auto","background-attachment":"scroll","background-type":"","background-media":"","overlay-type":"","overlay-color":"","overlay-opacity":"","overlay-gradient":""},"tablet":{"background-color":"","background-image":"","background-repeat":"repeat","background-position":"center center","background-size":"auto","background-attachment":"scroll","background-type":"","background-media":"","overlay-type":"","overlay-color":"","overlay-opacity":"","overlay-gradient":""},"mobile":{"background-color":"","background-image":"","background-repeat":"repeat","background-position":"center center","background-size":"auto","background-attachment":"scroll","background-type":"","background-media":"","overlay-type":"","overlay-color":"","overlay-opacity":"","overlay-gradient":""}},"ast-content-background-meta":{"desktop":{"background-color":"var(--ast-global-color-5)","background-image":"","background-repeat":"repeat","background-position":"center center","background-size":"auto","background-attachment":"scroll","background-type":"","background-media":"","overlay-type":"","overlay-color":"","overlay-opacity":"","overlay-gradient":""},"tablet":{"background-color":"var(--ast-global-color-5)","background-image":"","background-repeat":"repeat","background-position":"center center","background-size":"auto","background-attachment":"scroll","background-type":"","background-media":"","overlay-type":"","overlay-color":"","overlay-opacity":"","overlay-gradient":""},"mobile":{"background-color":"var(--ast-global-color-5)","background-image":"","background-repeat":"repeat","background-position":"center center","background-size":"auto","background-attachment":"scroll","background-type":"","background-media":"","overlay-type":"","overlay-color":"","overlay-opacity":"","overlay-gradient":""}},"footnotes":""},"class_list":["post-8284","page","type-page","status-publish","hentry"],"yoast_head":"<!-- This site is optimized with the Yoast SEO Premium plugin v24.2 (Yoast SEO v24.6) - https:\/\/yoast.com\/wordpress\/plugins\/seo\/ -->\n<title>Oliver Joseph Lodge - Uni\u00f3n Esp\u00edrita<\/title>\n<meta name=\"description\" content=\"Oliver Joseph Lodge (1851-1940) fue un f\u00edsico, escritor y fil\u00f3sofo brit\u00e1nico notable por sus contribuciones tanto a la ciencia como a la espiritualidad.\" \/>\n<meta name=\"robots\" content=\"index, follow, max-snippet:-1, max-image-preview:large, max-video-preview:-1\" \/>\n<link rel=\"canonical\" href=\"https:\/\/nuevo-renacer.com\/tr\/oliver-joseph-lodge\/\" \/>\n<meta property=\"og:locale\" content=\"tr_TR\" \/>\n<meta property=\"og:type\" content=\"article\" \/>\n<meta property=\"og:title\" content=\"Oliver Joseph Lodge\" \/>\n<meta property=\"og:description\" content=\"Oliver Joseph Lodge (1851-1940) fue un f\u00edsico, escritor y fil\u00f3sofo brit\u00e1nico notable por sus contribuciones tanto a la ciencia como a la espiritualidad.\" \/>\n<meta property=\"og:url\" content=\"https:\/\/nuevo-renacer.com\/tr\/oliver-joseph-lodge\/\" \/>\n<meta property=\"og:site_name\" content=\"Uni\u00f3n Esp\u00edrita\" \/>\n<meta property=\"article:publisher\" content=\"https:\/\/www.facebook.com\/groups\/3431398063740829\" \/>\n<meta property=\"article:modified_time\" content=\"2025-06-10T09:11:03+00:00\" \/>\n<meta property=\"og:image\" content=\"https:\/\/nuevo-renacer.com\/wp-content\/uploads\/2025\/06\/Oliver_Joseph_Lodge3.jpg\" \/>\n\t<meta property=\"og:image:width\" content=\"1188\" \/>\n\t<meta property=\"og:image:height\" content=\"1618\" \/>\n\t<meta property=\"og:image:type\" content=\"image\/jpeg\" \/>\n<meta name=\"twitter:card\" content=\"summary_large_image\" \/>\n<meta name=\"twitter:label1\" content=\"Tahmini okuma s\u00fcresi\" \/>\n\t<meta name=\"twitter:data1\" content=\"5 dakika\" \/>\n<script type=\"application\/ld+json\" class=\"yoast-schema-graph\">{\"@context\":\"https:\/\/schema.org\",\"@graph\":[{\"@type\":\"WebPage\",\"@id\":\"https:\/\/nuevo-renacer.com\/oliver-joseph-lodge\/\",\"url\":\"https:\/\/nuevo-renacer.com\/oliver-joseph-lodge\/\",\"name\":\"Oliver Joseph Lodge - Uni\u00f3n Esp\u00edrita\",\"isPartOf\":{\"@id\":\"https:\/\/nuevo-renacer.com\/#website\"},\"primaryImageOfPage\":{\"@id\":\"https:\/\/nuevo-renacer.com\/oliver-joseph-lodge\/#primaryimage\"},\"image\":{\"@id\":\"https:\/\/nuevo-renacer.com\/oliver-joseph-lodge\/#primaryimage\"},\"thumbnailUrl\":\"https:\/\/nuevo-renacer.com\/wp-content\/uploads\/2025\/06\/Oliver_Joseph_Lodge3-752x1024.jpg\",\"datePublished\":\"2025-06-10T09:11:00+00:00\",\"dateModified\":\"2025-06-10T09:11:03+00:00\",\"description\":\"Oliver Joseph Lodge (1851-1940) fue un f\u00edsico, escritor y fil\u00f3sofo brit\u00e1nico notable por sus contribuciones tanto a la ciencia como a la espiritualidad.\",\"breadcrumb\":{\"@id\":\"https:\/\/nuevo-renacer.com\/oliver-joseph-lodge\/#breadcrumb\"},\"inLanguage\":\"tr\",\"potentialAction\":[{\"@type\":\"ReadAction\",\"target\":[\"https:\/\/nuevo-renacer.com\/oliver-joseph-lodge\/\"]}]},{\"@type\":\"ImageObject\",\"inLanguage\":\"tr\",\"@id\":\"https:\/\/nuevo-renacer.com\/oliver-joseph-lodge\/#primaryimage\",\"url\":\"https:\/\/nuevo-renacer.com\/wp-content\/uploads\/2025\/06\/Oliver_Joseph_Lodge3-752x1024.jpg\",\"contentUrl\":\"https:\/\/nuevo-renacer.com\/wp-content\/uploads\/2025\/06\/Oliver_Joseph_Lodge3-752x1024.jpg\"},{\"@type\":\"BreadcrumbList\",\"@id\":\"https:\/\/nuevo-renacer.com\/oliver-joseph-lodge\/#breadcrumb\",\"itemListElement\":[{\"@type\":\"ListItem\",\"position\":1,\"name\":\"Startseite\",\"item\":\"https:\/\/nuevo-renacer.com\/\"},{\"@type\":\"ListItem\",\"position\":2,\"name\":\"Oliver Joseph Lodge\"}]},{\"@type\":\"WebSite\",\"@id\":\"https:\/\/nuevo-renacer.com\/#website\",\"url\":\"https:\/\/nuevo-renacer.com\/\",\"name\":\"Uni\u00f3n Esp\u00edrita\",\"description\":\"Nuevo Renacer\",\"publisher\":{\"@id\":\"https:\/\/nuevo-renacer.com\/#organization\"},\"potentialAction\":[{\"@type\":\"SearchAction\",\"target\":{\"@type\":\"EntryPoint\",\"urlTemplate\":\"https:\/\/nuevo-renacer.com\/?s={search_term_string}\"},\"query-input\":{\"@type\":\"PropertyValueSpecification\",\"valueRequired\":true,\"valueName\":\"search_term_string\"}}],\"inLanguage\":\"tr\"},{\"@type\":\"Organization\",\"@id\":\"https:\/\/nuevo-renacer.com\/#organization\",\"name\":\"UFEC\",\"url\":\"https:\/\/nuevo-renacer.com\/\",\"logo\":{\"@type\":\"ImageObject\",\"inLanguage\":\"tr\",\"@id\":\"https:\/\/nuevo-renacer.com\/#\/schema\/logo\/image\/\",\"url\":\"https:\/\/nuevo-renacer.com\/wp-content\/uploads\/2024\/05\/cropped-LOGO-TERMINADO1-3-3.png\",\"contentUrl\":\"https:\/\/nuevo-renacer.com\/wp-content\/uploads\/2024\/05\/cropped-LOGO-TERMINADO1-3-3.png\",\"width\":512,\"height\":512,\"caption\":\"UFEC\"},\"image\":{\"@id\":\"https:\/\/nuevo-renacer.com\/#\/schema\/logo\/image\/\"},\"sameAs\":[\"https:\/\/www.facebook.com\/groups\/3431398063740829\"]}]}<\/script>\n<!-- \/ Yoast SEO Premium plugin. -->","yoast_head_json":{"title":"Oliver Joseph Lodge - Uni\u00f3n Esp\u00edrita","description":"Oliver Joseph Lodge (1851-1940) fue un f\u00edsico, escritor y fil\u00f3sofo brit\u00e1nico notable por sus contribuciones tanto a la ciencia como a la espiritualidad.","robots":{"index":"index","follow":"follow","max-snippet":"max-snippet:-1","max-image-preview":"max-image-preview:large","max-video-preview":"max-video-preview:-1"},"canonical":"https:\/\/nuevo-renacer.com\/tr\/oliver-joseph-lodge\/","og_locale":"tr_TR","og_type":"article","og_title":"Oliver Joseph Lodge","og_description":"Oliver Joseph Lodge (1851-1940) fue un f\u00edsico, escritor y fil\u00f3sofo brit\u00e1nico notable por sus contribuciones tanto a la ciencia como a la espiritualidad.","og_url":"https:\/\/nuevo-renacer.com\/tr\/oliver-joseph-lodge\/","og_site_name":"Uni\u00f3n Esp\u00edrita","article_publisher":"https:\/\/www.facebook.com\/groups\/3431398063740829","article_modified_time":"2025-06-10T09:11:03+00:00","og_image":[{"width":1188,"height":1618,"url":"https:\/\/nuevo-renacer.com\/wp-content\/uploads\/2025\/06\/Oliver_Joseph_Lodge3.jpg","type":"image\/jpeg"}],"twitter_card":"summary_large_image","twitter_misc":{"Tahmini okuma s\u00fcresi":"5 dakika"},"schema":{"@context":"https:\/\/schema.org","@graph":[{"@type":"WebPage","@id":"https:\/\/nuevo-renacer.com\/oliver-joseph-lodge\/","url":"https:\/\/nuevo-renacer.com\/oliver-joseph-lodge\/","name":"Oliver Joseph Lodge - Uni\u00f3n Esp\u00edrita","isPartOf":{"@id":"https:\/\/nuevo-renacer.com\/#website"},"primaryImageOfPage":{"@id":"https:\/\/nuevo-renacer.com\/oliver-joseph-lodge\/#primaryimage"},"image":{"@id":"https:\/\/nuevo-renacer.com\/oliver-joseph-lodge\/#primaryimage"},"thumbnailUrl":"https:\/\/nuevo-renacer.com\/wp-content\/uploads\/2025\/06\/Oliver_Joseph_Lodge3-752x1024.jpg","datePublished":"2025-06-10T09:11:00+00:00","dateModified":"2025-06-10T09:11:03+00:00","description":"Oliver Joseph Lodge (1851-1940) fue un f\u00edsico, escritor y fil\u00f3sofo brit\u00e1nico notable por sus contribuciones tanto a la ciencia como a la espiritualidad.","breadcrumb":{"@id":"https:\/\/nuevo-renacer.com\/oliver-joseph-lodge\/#breadcrumb"},"inLanguage":"tr","potentialAction":[{"@type":"ReadAction","target":["https:\/\/nuevo-renacer.com\/oliver-joseph-lodge\/"]}]},{"@type":"ImageObject","inLanguage":"tr","@id":"https:\/\/nuevo-renacer.com\/oliver-joseph-lodge\/#primaryimage","url":"https:\/\/nuevo-renacer.com\/wp-content\/uploads\/2025\/06\/Oliver_Joseph_Lodge3-752x1024.jpg","contentUrl":"https:\/\/nuevo-renacer.com\/wp-content\/uploads\/2025\/06\/Oliver_Joseph_Lodge3-752x1024.jpg"},{"@type":"BreadcrumbList","@id":"https:\/\/nuevo-renacer.com\/oliver-joseph-lodge\/#breadcrumb","itemListElement":[{"@type":"ListItem","position":1,"name":"Startseite","item":"https:\/\/nuevo-renacer.com\/"},{"@type":"ListItem","position":2,"name":"Oliver Joseph Lodge"}]},{"@type":"WebSite","@id":"https:\/\/nuevo-renacer.com\/#website","url":"https:\/\/nuevo-renacer.com\/","name":"Uni\u00f3n Esp\u00edrita","description":"Nuevo Renacer","publisher":{"@id":"https:\/\/nuevo-renacer.com\/#organization"},"potentialAction":[{"@type":"SearchAction","target":{"@type":"EntryPoint","urlTemplate":"https:\/\/nuevo-renacer.com\/?s={search_term_string}"},"query-input":{"@type":"PropertyValueSpecification","valueRequired":true,"valueName":"search_term_string"}}],"inLanguage":"tr"},{"@type":"Organization","@id":"https:\/\/nuevo-renacer.com\/#organization","name":"UFEC","url":"https:\/\/nuevo-renacer.com\/","logo":{"@type":"ImageObject","inLanguage":"tr","@id":"https:\/\/nuevo-renacer.com\/#\/schema\/logo\/image\/","url":"https:\/\/nuevo-renacer.com\/wp-content\/uploads\/2024\/05\/cropped-LOGO-TERMINADO1-3-3.png","contentUrl":"https:\/\/nuevo-renacer.com\/wp-content\/uploads\/2024\/05\/cropped-LOGO-TERMINADO1-3-3.png","width":512,"height":512,"caption":"UFEC"},"image":{"@id":"https:\/\/nuevo-renacer.com\/#\/schema\/logo\/image\/"},"sameAs":["https:\/\/www.facebook.com\/groups\/3431398063740829"]}]}},"uagb_featured_image_src":{"full":false,"thumbnail":false,"medium":false,"medium_large":false,"large":false,"1536x1536":false,"2048x2048":false,"trp-custom-language-flag":false},"uagb_author_info":{"display_name":"adbv0","author_link":"https:\/\/nuevo-renacer.com\/tr\/author\/adbv0\/"},"uagb_comment_info":0,"uagb_excerpt":"Oliver Joseph Lodge Naci\u00f3 el 12 de junio de 1851 en Penkhull, Inglaterra. Educado en la Grammar School de Newport y en el University College de Londres, fue uno de los f\u00edsicos m\u00e1s reputados de la \u00e9poca. Realiz\u00f3 importantes investigaciones sobre la sede de la fuerza electromotriz en la pila voltaica, sobre las ondas electromagn\u00e9ticas&hellip;","jetpack_sharing_enabled":true,"_links":{"self":[{"href":"https:\/\/nuevo-renacer.com\/tr\/wp-json\/wp\/v2\/pages\/8284","targetHints":{"allow":["GET"]}}],"collection":[{"href":"https:\/\/nuevo-renacer.com\/tr\/wp-json\/wp\/v2\/pages"}],"about":[{"href":"https:\/\/nuevo-renacer.com\/tr\/wp-json\/wp\/v2\/types\/page"}],"author":[{"embeddable":true,"href":"https:\/\/nuevo-renacer.com\/tr\/wp-json\/wp\/v2\/users\/1"}],"replies":[{"embeddable":true,"href":"https:\/\/nuevo-renacer.com\/tr\/wp-json\/wp\/v2\/comments?post=8284"}],"version-history":[{"count":1,"href":"https:\/\/nuevo-renacer.com\/tr\/wp-json\/wp\/v2\/pages\/8284\/revisions"}],"predecessor-version":[{"id":8286,"href":"https:\/\/nuevo-renacer.com\/tr\/wp-json\/wp\/v2\/pages\/8284\/revisions\/8286"}],"wp:attachment":[{"href":"https:\/\/nuevo-renacer.com\/tr\/wp-json\/wp\/v2\/media?parent=8284"}],"curies":[{"name":"wp","href":"https:\/\/api.w.org\/{rel}","templated":true}]}}