{"id":8253,"date":"2025-06-03T12:03:38","date_gmt":"2025-06-03T12:03:38","guid":{"rendered":"https:\/\/nuevo-renacer.com\/?page_id=8253"},"modified":"2025-06-03T12:03:41","modified_gmt":"2025-06-03T12:03:41","slug":"enrico-morselli","status":"publish","type":"page","link":"https:\/\/nuevo-renacer.com\/tr\/enrico-morselli\/","title":{"rendered":"Enrico Morselli"},"content":{"rendered":"<div class=\"wp-block-uagb-container uagb-block-1e1d5d13 alignfull uagb-is-root-container\"><div class=\"uagb-container-inner-blocks-wrap\">\n<p class=\"has-black-color has-text-color has-link-color has-medium-font-size wp-elements-2534e5cc2e6b5f71295836be7faaab70\"><strong>Enrico Morselli<\/strong><\/p>\n<\/div><\/div>\n\n\n\n<div class=\"wp-block-uagb-container uagb-block-142285bc alignfull uagb-is-root-container\"><div class=\"uagb-container-inner-blocks-wrap\">\n<figure class=\"wp-block-image size-full is-resized\"><img fetchpriority=\"high\" decoding=\"async\" width=\"300\" height=\"396\" src=\"https:\/\/nuevo-renacer.com\/wp-content\/uploads\/2025\/06\/12345.jpg\" alt=\"\" class=\"wp-image-8254\" style=\"width:241px;height:auto\" srcset=\"https:\/\/nuevo-renacer.com\/wp-content\/uploads\/2025\/06\/12345.jpg 300w, https:\/\/nuevo-renacer.com\/wp-content\/uploads\/2025\/06\/12345-227x300.jpg 227w, https:\/\/nuevo-renacer.com\/wp-content\/uploads\/2025\/06\/12345-9x12.jpg 9w\" sizes=\"(max-width: 300px) 100vw, 300px\" \/><\/figure>\n<\/div><\/div>\n\n\n\n<div class=\"wp-block-uagb-container uagb-block-c663a713 alignfull uagb-is-root-container\"><div class=\"uagb-container-inner-blocks-wrap\">\n<p class=\"has-black-color has-text-color has-link-color has-small-font-size wp-elements-8464154afe227ac905c186f2460c0721\">17 Temmuz 1852'de Modena, \u0130talya'da do\u011fdu ve 18 \u015eubat 1929'da Cenova'da \u00f6ld\u00fc. Parlak bir \u0130talyan psikiyatrist, akademik ve aktif bir te\u015fvik\u00e7iydi \u0130talyan pozitivist n\u00f6ropsikiyatri okulunun. Sinir ve ak\u0131l hastal\u0131klar\u0131 uzman\u0131, Cenova \u00dcniversitesi'nde profes\u00f6rd\u00fc.<\/p>\n\n\n\n<p class=\"has-black-color has-text-color has-link-color has-small-font-size wp-elements-2b6fc7472edd36b0297ca4b754a056bb\">Ortac\u0131 fenomenlere kar\u015f\u0131 s\u0131k\u0131 bir \u015f\u00fcpheci olmu\u015ftu. Bununla birlikte, b\u00fcy\u00fck medyum Eusapia Paladino ile bulu\u015fmas\u0131 ve 30 ruhlar\u0131n 1901-2 ve 1906-7 maddele\u015ftirmelerinin ger\u00e7ekle\u015fmesi. Enrico Morselli, ruh\u00e7u fenomenlerin ger\u00e7ekli\u011fine tamamen ikna oldu ve 1907'de Annals of Psychic Science dergisinde fikir de\u011fi\u015fikli\u011fini konu\u015ftu: \u00abSpiritizm sorunu elli y\u0131ldan fazla bir s\u00fcredir tart\u0131\u015f\u0131l\u0131yor ve \u015fu anda hi\u00e7 kimse \u00e7\u00f6z\u00fclece\u011fi zaman\u0131 tahmin edemese de herkes on dokuzuncu y\u00fczy\u0131ldan yirminci y\u00fczy\u0131la kadar miras olarak kalan problemler aras\u0131nda ona b\u00fcy\u00fck \u00f6nem vermeyi kabul eder.<\/p>\n\n\n\n<p class=\"has-black-color has-text-color has-link-color has-small-font-size wp-elements-aa99661dab88bb77ce4e58122cee3d43\">Uzun y\u0131llar boyunca akademik bilim, ruh\u00e7ulu\u011fun doktriner sisteminin unsurlar\u0131n\u0131 olu\u015fturmak i\u00e7in getirdi\u011fi t\u00fcm ger\u00e7ekler kategorisini ihmal ettiyse, bilim i\u00e7in daha da k\u00f6t\u00fcs\u00fc. Ve daha da k\u00f6t\u00fcs\u00fc, saf mezhep\u00e7ilerin de\u011fil, Crookes, Lodge ve Richet gibi ciddi ve de\u011ferli g\u00f6zlemcilerin t\u00fcm iddialar\u0131na kar\u015f\u0131 sa\u011f\u0131r ve k\u00f6r olan bilim adamlar\u0131 i\u00e7in. Kendimin, m\u00fctevaz\u0131 g\u00fcc\u00fcm\u00fcn \u00f6l\u00e7\u00fcs\u00fcnde, bu inat\u00e7\u0131 \u015f\u00fcphecili\u011fe katk\u0131da bulundu\u011fumu s\u00f6ylemekten utanm\u0131yorum, mutlakiyet\u00e7i \u00f6nyarg\u0131lar\u0131m\u0131n yarg\u0131lamam\u0131 ba\u011flad\u0131\u011f\u0131 zincirleri k\u0131rabildi\u011fim g\u00fcne kadar.<\/p>\n\n\n\n<p class=\"has-black-color has-text-color has-link-color has-small-font-size wp-elements-a72182d88f376d2fb399ee5186ea683d\">Enrico Morselli, 1908'de Torino'da iki cilt halinde yay\u0131nlanan \u00abPsikoloji ve Spiritism\u00bb ba\u015fl\u0131kl\u0131 eseri yazd\u0131. \u0130\u00e7inde dikkate de\u011fer bir ortam olan Eusapia Paladino ile g\u00f6zlemledi\u011fi olaylar\u0131 anlat\u0131yor. Ayr\u0131ca \u00abSpiritist hipotez ve bilimsel teori\u00bb yay\u0131nlad\u0131. Eusapia Paladino'nun fiziksel medyumlu\u011funa dayanarak Dr. Enrico Morselli, \u00f6l\u00fclerin ruhlar\u0131n\u0131n -varl\u0131\u011f\u0131na inanmad\u0131\u011f\u0131- fenomenlerin \u00fcretimine m\u00fcdahale etmedi\u011fine dair inanc\u0131n\u0131 do\u011frulad\u0131.<\/p>\n\n\n\n<p class=\"has-black-color has-text-color has-link-color has-small-font-size wp-elements-c0719a3860d14d60ab19945292020e44\">Bununla birlikte, profes\u00f6r MorseIli'nin, k\u0131smi veya toplam materyalizasyonunkiler de dahil olmak \u00fczere, Eusapia medyumlu\u011fu ile elde edilen nesnel veya fiziksel fenomenlerin ger\u00e7ekli\u011finde kesin mahkumiyetini vurgulamakta fayda var, bu fenomenler yeni \u00abpeygamberler taraf\u0131ndan hileli olarak kabul edildiHipnotizma ve uyu\u015fukluk.<\/p>\n\n\n\n<p class=\"has-black-color has-text-color has-link-color has-small-font-size wp-elements-53f913493f9035d2e8110501ad88750b\">Burada, o zaman, bilge n\u00f6rolo\u011fun \u00abPsikoloji ve Spiritism\u00bb adl\u0131 kitab\u0131n\u0131n yay\u0131nlanmas\u0131ndan k\u0131sa bir s\u00fcre \u00f6nce, 1907'de \u0130talyan gazetesi \u00abCorriere della Sera\u00bb'\u0131n s\u00fctunlar\u0131nda yazd\u0131\u011f\u0131 \u015fey::<\/p>\n\n\n\n<p class=\"has-black-color has-text-color has-link-color has-small-font-size wp-elements-340b36ccbc677ee276c0f78c1770499d\">\u00abBana soranlara ve \u015fu ana kadar bu soru hakk\u0131nda bana soran bir\u00e7ok ki\u015fi var, Eusapia'ya atfedilen fiziksel fenomenler hakk\u0131nda ne d\u00fc\u015f\u00fcn\u00fcyorum ve onlara ger\u00e7ek, otantik, do\u011fru oldu\u011funa inan\u0131yorsam, cevap veriyorum: Evet! Kabul\u00fc ba\u015flang\u0131\u00e7ta hata veya naifli\u011fe, sahtekarl\u0131\u011fa veya duyular\u0131n yan\u0131lsamas\u0131na, iyi niyete veya \u00abparsiyelite\u00bb'a dayand\u0131\u011f\u0131n\u0131 buldu\u011fum bu fenomenler, b\u00fcy\u00fck \u00e7o\u011funlu\u011funda do\u011fru ve ger\u00e7ektir; ve \u00fczerinde sertifika almad\u0131\u011f\u0131m \u00abk\u00fc\u00e7\u00fck say\u0131\u00bb'\u0131 olu\u015fturanlara gelince hi\u00e7bir \u015fekilde, \u00f6zel bedenlere ve belirli bir etkinli\u011fe ba\u011fl\u0131 olan ola\u011fan\u00fcst\u00fc veya ultra normatif bir ger\u00e7ekler kategorisinin varl\u0131\u011f\u0131n\u0131 ge\u00e7ersiz k\u0131lmad\u0131\u00bb.<\/p>\n\n\n\n<p class=\"has-black-color has-text-color has-link-color has-small-font-size wp-elements-0448507068c996832e0f5c77ccb8b141\">Bununla birlikte, benim d\u00fc\u015f\u00fcnceme g\u00f6re \u00e7ok daha tekil, \u00e7ok daha \u015fa\u015f\u0131rt\u0131c\u0131 bir \u015fey oldu\u011funu itiraf ediyorum: bu ger\u00e7eklerin do\u011fru oldu\u011funu tam vicdanla onaylamak... ve Spiritizme inanmamak.<\/p>\n<\/div><\/div>\n\n\n\n<div class=\"wp-block-uagb-container uagb-block-a2a72b91 alignfull uagb-is-root-container\"><div class=\"uagb-container-inner-blocks-wrap\"><\/div><\/div>\n\n\n\n<div class=\"wp-block-uagb-container uagb-block-590dfc8f alignfull uagb-is-root-container\"><div class=\"uagb-container-inner-blocks-wrap\"><\/div><\/div>","protected":false},"excerpt":{"rendered":"<p>Enrico Morselli Naci\u00f3 en M\u00f3dena, Italia, el 17 de julio de 1852, y muri\u00f3 en G\u00e9nova el 18 de febrero de 1929. Fue un brillante psiquiatra italiano, acad\u00e9mico y activo promotor de la escuela positivista italiana de neuropsiquiatr\u00eda. Especialista en enfermedades nerviosas y mentales, fue profesor de la Universidad de G\u00e9nova. Hab\u00eda sido un esc\u00e9ptico [&hellip;]<\/p>","protected":false},"author":1,"featured_media":0,"parent":0,"menu_order":0,"comment_status":"closed","ping_status":"closed","template":"","meta":{"_uag_custom_page_level_css":"","site-sidebar-layout":"default","site-content-layout":"","ast-site-content-layout":"default","site-content-style":"default","site-sidebar-style":"default","ast-global-header-display":"","ast-banner-title-visibility":"","ast-main-header-display":"","ast-hfb-above-header-display":"","ast-hfb-below-header-display":"","ast-hfb-mobile-header-display":"","site-post-title":"disabled","ast-breadcrumbs-content":"","ast-featured-img":"","footer-sml-layout":"","theme-transparent-header-meta":"","adv-header-id-meta":"","stick-header-meta":"","header-above-stick-meta":"","header-main-stick-meta":"","header-below-stick-meta":"","astra-migrate-meta-layouts":"set","ast-page-background-enabled":"default","ast-page-background-meta":{"desktop":{"background-color":"var(--ast-global-color-4)","background-image":"","background-repeat":"repeat","background-position":"center center","background-size":"auto","background-attachment":"scroll","background-type":"","background-media":"","overlay-type":"","overlay-color":"","overlay-opacity":"","overlay-gradient":""},"tablet":{"background-color":"","background-image":"","background-repeat":"repeat","background-position":"center center","background-size":"auto","background-attachment":"scroll","background-type":"","background-media":"","overlay-type":"","overlay-color":"","overlay-opacity":"","overlay-gradient":""},"mobile":{"background-color":"","background-image":"","background-repeat":"repeat","background-position":"center center","background-size":"auto","background-attachment":"scroll","background-type":"","background-media":"","overlay-type":"","overlay-color":"","overlay-opacity":"","overlay-gradient":""}},"ast-content-background-meta":{"desktop":{"background-color":"var(--ast-global-color-5)","background-image":"","background-repeat":"repeat","background-position":"center center","background-size":"auto","background-attachment":"scroll","background-type":"","background-media":"","overlay-type":"","overlay-color":"","overlay-opacity":"","overlay-gradient":""},"tablet":{"background-color":"var(--ast-global-color-5)","background-image":"","background-repeat":"repeat","background-position":"center center","background-size":"auto","background-attachment":"scroll","background-type":"","background-media":"","overlay-type":"","overlay-color":"","overlay-opacity":"","overlay-gradient":""},"mobile":{"background-color":"var(--ast-global-color-5)","background-image":"","background-repeat":"repeat","background-position":"center center","background-size":"auto","background-attachment":"scroll","background-type":"","background-media":"","overlay-type":"","overlay-color":"","overlay-opacity":"","overlay-gradient":""}},"footnotes":""},"class_list":["post-8253","page","type-page","status-publish","hentry"],"yoast_head":"<!-- This site is optimized with the Yoast SEO Premium plugin v24.2 (Yoast SEO v24.6) - https:\/\/yoast.com\/wordpress\/plugins\/seo\/ -->\n<title>Enrico Morselli - Uni\u00f3n Esp\u00edrita<\/title>\n<meta name=\"robots\" content=\"index, follow, max-snippet:-1, max-image-preview:large, max-video-preview:-1\" \/>\n<link rel=\"canonical\" href=\"https:\/\/nuevo-renacer.com\/tr\/enrico-morselli\/\" \/>\n<meta property=\"og:locale\" content=\"tr_TR\" \/>\n<meta property=\"og:type\" content=\"article\" \/>\n<meta property=\"og:title\" content=\"Enrico Morselli\" \/>\n<meta property=\"og:description\" content=\"Enrico Morselli Naci\u00f3 en M\u00f3dena, Italia, el 17 de julio de 1852, y muri\u00f3 en G\u00e9nova el 18 de febrero de 1929. Fue un brillante psiquiatra italiano, acad\u00e9mico y activo promotor de la escuela positivista italiana de neuropsiquiatr\u00eda. Especialista en enfermedades nerviosas y mentales, fue profesor de la Universidad de G\u00e9nova. Hab\u00eda sido un esc\u00e9ptico [&hellip;]\" \/>\n<meta property=\"og:url\" content=\"https:\/\/nuevo-renacer.com\/tr\/enrico-morselli\/\" \/>\n<meta property=\"og:site_name\" content=\"Uni\u00f3n Esp\u00edrita\" \/>\n<meta property=\"article:publisher\" content=\"https:\/\/www.facebook.com\/groups\/3431398063740829\" \/>\n<meta property=\"article:modified_time\" content=\"2025-06-03T12:03:41+00:00\" \/>\n<meta property=\"og:image\" content=\"https:\/\/nuevo-renacer.com\/wp-content\/uploads\/2025\/06\/12345.jpg\" \/>\n\t<meta property=\"og:image:width\" content=\"300\" \/>\n\t<meta property=\"og:image:height\" content=\"396\" \/>\n\t<meta property=\"og:image:type\" content=\"image\/jpeg\" \/>\n<meta name=\"twitter:card\" content=\"summary_large_image\" \/>\n<meta name=\"twitter:label1\" content=\"Tahmini okuma s\u00fcresi\" \/>\n\t<meta name=\"twitter:data1\" content=\"4 dakika\" \/>\n<script type=\"application\/ld+json\" class=\"yoast-schema-graph\">{\"@context\":\"https:\/\/schema.org\",\"@graph\":[{\"@type\":\"WebPage\",\"@id\":\"https:\/\/nuevo-renacer.com\/enrico-morselli\/\",\"url\":\"https:\/\/nuevo-renacer.com\/enrico-morselli\/\",\"name\":\"Enrico Morselli - Uni\u00f3n Esp\u00edrita\",\"isPartOf\":{\"@id\":\"https:\/\/nuevo-renacer.com\/#website\"},\"primaryImageOfPage\":{\"@id\":\"https:\/\/nuevo-renacer.com\/enrico-morselli\/#primaryimage\"},\"image\":{\"@id\":\"https:\/\/nuevo-renacer.com\/enrico-morselli\/#primaryimage\"},\"thumbnailUrl\":\"https:\/\/nuevo-renacer.com\/wp-content\/uploads\/2025\/06\/12345.jpg\",\"datePublished\":\"2025-06-03T12:03:38+00:00\",\"dateModified\":\"2025-06-03T12:03:41+00:00\",\"breadcrumb\":{\"@id\":\"https:\/\/nuevo-renacer.com\/enrico-morselli\/#breadcrumb\"},\"inLanguage\":\"tr\",\"potentialAction\":[{\"@type\":\"ReadAction\",\"target\":[\"https:\/\/nuevo-renacer.com\/enrico-morselli\/\"]}]},{\"@type\":\"ImageObject\",\"inLanguage\":\"tr\",\"@id\":\"https:\/\/nuevo-renacer.com\/enrico-morselli\/#primaryimage\",\"url\":\"https:\/\/nuevo-renacer.com\/wp-content\/uploads\/2025\/06\/12345.jpg\",\"contentUrl\":\"https:\/\/nuevo-renacer.com\/wp-content\/uploads\/2025\/06\/12345.jpg\"},{\"@type\":\"BreadcrumbList\",\"@id\":\"https:\/\/nuevo-renacer.com\/enrico-morselli\/#breadcrumb\",\"itemListElement\":[{\"@type\":\"ListItem\",\"position\":1,\"name\":\"Startseite\",\"item\":\"https:\/\/nuevo-renacer.com\/\"},{\"@type\":\"ListItem\",\"position\":2,\"name\":\"Enrico Morselli\"}]},{\"@type\":\"WebSite\",\"@id\":\"https:\/\/nuevo-renacer.com\/#website\",\"url\":\"https:\/\/nuevo-renacer.com\/\",\"name\":\"Uni\u00f3n Esp\u00edrita\",\"description\":\"Nuevo Renacer\",\"publisher\":{\"@id\":\"https:\/\/nuevo-renacer.com\/#organization\"},\"potentialAction\":[{\"@type\":\"SearchAction\",\"target\":{\"@type\":\"EntryPoint\",\"urlTemplate\":\"https:\/\/nuevo-renacer.com\/?s={search_term_string}\"},\"query-input\":{\"@type\":\"PropertyValueSpecification\",\"valueRequired\":true,\"valueName\":\"search_term_string\"}}],\"inLanguage\":\"tr\"},{\"@type\":\"Organization\",\"@id\":\"https:\/\/nuevo-renacer.com\/#organization\",\"name\":\"UFEC\",\"url\":\"https:\/\/nuevo-renacer.com\/\",\"logo\":{\"@type\":\"ImageObject\",\"inLanguage\":\"tr\",\"@id\":\"https:\/\/nuevo-renacer.com\/#\/schema\/logo\/image\/\",\"url\":\"https:\/\/nuevo-renacer.com\/wp-content\/uploads\/2024\/05\/cropped-LOGO-TERMINADO1-3-3.png\",\"contentUrl\":\"https:\/\/nuevo-renacer.com\/wp-content\/uploads\/2024\/05\/cropped-LOGO-TERMINADO1-3-3.png\",\"width\":512,\"height\":512,\"caption\":\"UFEC\"},\"image\":{\"@id\":\"https:\/\/nuevo-renacer.com\/#\/schema\/logo\/image\/\"},\"sameAs\":[\"https:\/\/www.facebook.com\/groups\/3431398063740829\"]}]}<\/script>\n<!-- \/ Yoast SEO Premium plugin. -->","yoast_head_json":{"title":"Enrico Morselli - Uni\u00f3n Esp\u00edrita","robots":{"index":"index","follow":"follow","max-snippet":"max-snippet:-1","max-image-preview":"max-image-preview:large","max-video-preview":"max-video-preview:-1"},"canonical":"https:\/\/nuevo-renacer.com\/tr\/enrico-morselli\/","og_locale":"tr_TR","og_type":"article","og_title":"Enrico Morselli","og_description":"Enrico Morselli Naci\u00f3 en M\u00f3dena, Italia, el 17 de julio de 1852, y muri\u00f3 en G\u00e9nova el 18 de febrero de 1929. Fue un brillante psiquiatra italiano, acad\u00e9mico y activo promotor de la escuela positivista italiana de neuropsiquiatr\u00eda. Especialista en enfermedades nerviosas y mentales, fue profesor de la Universidad de G\u00e9nova. Hab\u00eda sido un esc\u00e9ptico [&hellip;]","og_url":"https:\/\/nuevo-renacer.com\/tr\/enrico-morselli\/","og_site_name":"Uni\u00f3n Esp\u00edrita","article_publisher":"https:\/\/www.facebook.com\/groups\/3431398063740829","article_modified_time":"2025-06-03T12:03:41+00:00","og_image":[{"width":300,"height":396,"url":"https:\/\/nuevo-renacer.com\/wp-content\/uploads\/2025\/06\/12345.jpg","type":"image\/jpeg"}],"twitter_card":"summary_large_image","twitter_misc":{"Tahmini okuma s\u00fcresi":"4 dakika"},"schema":{"@context":"https:\/\/schema.org","@graph":[{"@type":"WebPage","@id":"https:\/\/nuevo-renacer.com\/enrico-morselli\/","url":"https:\/\/nuevo-renacer.com\/enrico-morselli\/","name":"Enrico Morselli - Uni\u00f3n Esp\u00edrita","isPartOf":{"@id":"https:\/\/nuevo-renacer.com\/#website"},"primaryImageOfPage":{"@id":"https:\/\/nuevo-renacer.com\/enrico-morselli\/#primaryimage"},"image":{"@id":"https:\/\/nuevo-renacer.com\/enrico-morselli\/#primaryimage"},"thumbnailUrl":"https:\/\/nuevo-renacer.com\/wp-content\/uploads\/2025\/06\/12345.jpg","datePublished":"2025-06-03T12:03:38+00:00","dateModified":"2025-06-03T12:03:41+00:00","breadcrumb":{"@id":"https:\/\/nuevo-renacer.com\/enrico-morselli\/#breadcrumb"},"inLanguage":"tr","potentialAction":[{"@type":"ReadAction","target":["https:\/\/nuevo-renacer.com\/enrico-morselli\/"]}]},{"@type":"ImageObject","inLanguage":"tr","@id":"https:\/\/nuevo-renacer.com\/enrico-morselli\/#primaryimage","url":"https:\/\/nuevo-renacer.com\/wp-content\/uploads\/2025\/06\/12345.jpg","contentUrl":"https:\/\/nuevo-renacer.com\/wp-content\/uploads\/2025\/06\/12345.jpg"},{"@type":"BreadcrumbList","@id":"https:\/\/nuevo-renacer.com\/enrico-morselli\/#breadcrumb","itemListElement":[{"@type":"ListItem","position":1,"name":"Startseite","item":"https:\/\/nuevo-renacer.com\/"},{"@type":"ListItem","position":2,"name":"Enrico Morselli"}]},{"@type":"WebSite","@id":"https:\/\/nuevo-renacer.com\/#website","url":"https:\/\/nuevo-renacer.com\/","name":"Uni\u00f3n Esp\u00edrita","description":"Nuevo Renacer","publisher":{"@id":"https:\/\/nuevo-renacer.com\/#organization"},"potentialAction":[{"@type":"SearchAction","target":{"@type":"EntryPoint","urlTemplate":"https:\/\/nuevo-renacer.com\/?s={search_term_string}"},"query-input":{"@type":"PropertyValueSpecification","valueRequired":true,"valueName":"search_term_string"}}],"inLanguage":"tr"},{"@type":"Organization","@id":"https:\/\/nuevo-renacer.com\/#organization","name":"UFEC","url":"https:\/\/nuevo-renacer.com\/","logo":{"@type":"ImageObject","inLanguage":"tr","@id":"https:\/\/nuevo-renacer.com\/#\/schema\/logo\/image\/","url":"https:\/\/nuevo-renacer.com\/wp-content\/uploads\/2024\/05\/cropped-LOGO-TERMINADO1-3-3.png","contentUrl":"https:\/\/nuevo-renacer.com\/wp-content\/uploads\/2024\/05\/cropped-LOGO-TERMINADO1-3-3.png","width":512,"height":512,"caption":"UFEC"},"image":{"@id":"https:\/\/nuevo-renacer.com\/#\/schema\/logo\/image\/"},"sameAs":["https:\/\/www.facebook.com\/groups\/3431398063740829"]}]}},"uagb_featured_image_src":{"full":false,"thumbnail":false,"medium":false,"medium_large":false,"large":false,"1536x1536":false,"2048x2048":false,"trp-custom-language-flag":false},"uagb_author_info":{"display_name":"adbv0","author_link":"https:\/\/nuevo-renacer.com\/tr\/author\/adbv0\/"},"uagb_comment_info":0,"uagb_excerpt":"Enrico Morselli Naci\u00f3 en M\u00f3dena, Italia, el 17 de julio de 1852, y muri\u00f3 en G\u00e9nova el 18 de febrero de 1929. Fue un brillante psiquiatra italiano, acad\u00e9mico y activo promotor de la escuela positivista italiana de neuropsiquiatr\u00eda. Especialista en enfermedades nerviosas y mentales, fue profesor de la Universidad de G\u00e9nova. Hab\u00eda sido un esc\u00e9ptico&hellip;","jetpack_sharing_enabled":true,"_links":{"self":[{"href":"https:\/\/nuevo-renacer.com\/tr\/wp-json\/wp\/v2\/pages\/8253","targetHints":{"allow":["GET"]}}],"collection":[{"href":"https:\/\/nuevo-renacer.com\/tr\/wp-json\/wp\/v2\/pages"}],"about":[{"href":"https:\/\/nuevo-renacer.com\/tr\/wp-json\/wp\/v2\/types\/page"}],"author":[{"embeddable":true,"href":"https:\/\/nuevo-renacer.com\/tr\/wp-json\/wp\/v2\/users\/1"}],"replies":[{"embeddable":true,"href":"https:\/\/nuevo-renacer.com\/tr\/wp-json\/wp\/v2\/comments?post=8253"}],"version-history":[{"count":1,"href":"https:\/\/nuevo-renacer.com\/tr\/wp-json\/wp\/v2\/pages\/8253\/revisions"}],"predecessor-version":[{"id":8255,"href":"https:\/\/nuevo-renacer.com\/tr\/wp-json\/wp\/v2\/pages\/8253\/revisions\/8255"}],"wp:attachment":[{"href":"https:\/\/nuevo-renacer.com\/tr\/wp-json\/wp\/v2\/media?parent=8253"}],"curies":[{"name":"wp","href":"https:\/\/api.w.org\/{rel}","templated":true}]}}