{"id":8207,"date":"2025-05-28T09:11:18","date_gmt":"2025-05-28T09:11:18","guid":{"rendered":"https:\/\/nuevo-renacer.com\/?page_id=8207"},"modified":"2025-05-28T09:48:27","modified_gmt":"2025-05-28T09:48:27","slug":"gemma-galgani","status":"publish","type":"page","link":"https:\/\/nuevo-renacer.com\/tr\/gemma-galgani\/","title":{"rendered":"Gemma Galgani"},"content":{"rendered":"<div class=\"wp-block-uagb-container uagb-block-3f1adc55 alignfull uagb-is-root-container\"><div class=\"uagb-container-inner-blocks-wrap\">\n<p class=\"has-black-color has-text-color has-link-color has-medium-font-size wp-elements-032a8a162626e1e7ab0a2b16ea126a4a\"><strong>Gemma Galgani<\/strong><\/p>\n<\/div><\/div>\n\n\n\n<div class=\"wp-block-uagb-container uagb-block-91188692 alignfull uagb-is-root-container\"><div class=\"uagb-container-inner-blocks-wrap\">\n<figure class=\"wp-block-image alignleft size-full is-resized\"><img fetchpriority=\"high\" decoding=\"async\" width=\"379\" height=\"502\" src=\"https:\/\/nuevo-renacer.com\/wp-content\/uploads\/2025\/05\/Screenshot-605.png\" alt=\"\" class=\"wp-image-8219\" style=\"width:267px;height:auto\" srcset=\"https:\/\/nuevo-renacer.com\/wp-content\/uploads\/2025\/05\/Screenshot-605.png 379w, https:\/\/nuevo-renacer.com\/wp-content\/uploads\/2025\/05\/Screenshot-605-226x300.png 226w, https:\/\/nuevo-renacer.com\/wp-content\/uploads\/2025\/05\/Screenshot-605-9x12.png 9w\" sizes=\"(max-width: 379px) 100vw, 379px\" \/><\/figure>\n<\/div><\/div>\n\n\n\n<div class=\"wp-block-uagb-container uagb-block-705e2e70 alignfull uagb-is-root-container\"><div class=\"uagb-container-inner-blocks-wrap\">\n<p class=\"has-black-color has-text-color has-link-color has-small-font-size wp-elements-fb247879233895aa28efe86a6c2d9854\">Aziz Gemma Galgani (1878-1903) bir \u0130talyan k\u00f6y\u00fc olan Lucca'da do\u011fdu ve k\u00fc\u00e7\u00fck ya\u015flardan itibaren annesi sayesinde dua etmeye b\u00fcy\u00fck bir istek duydu. Annesi t\u00fcberk\u00fclozdan erken ya\u015fta \u00f6lm\u00fc\u015f ve Gemma'n\u0131n babas\u0131 onu Aziz Zita Rahibeleri taraf\u0131ndan y\u00f6netilen yat\u0131l\u0131 okulun bak\u0131m\u0131na b\u0131rakm\u0131\u015ft\u0131r.<\/p>\n\n\n\n<p class=\"has-black-color has-text-color has-link-color has-small-font-size wp-elements-ec6d5337d4df3908f91f515bd2c1a880\">Uzun \u0131srarlardan sonra, dokuz ya\u015f\u0131nda \u0130lk Kutsal Kom\u00fcnyonunu ald\u0131. \u015e\u00f6yle derdi: \"Bana \u0130sa'y\u0131 verin... ve ne kadar iyi olaca\u011f\u0131m\u0131 g\u00f6receksiniz. \u00c7ok de\u011fi\u015fece\u011fim.<\/p>\n\n\n\n<p class=\"has-black-color has-text-color has-link-color has-small-font-size wp-elements-ffd19434a1ef82e71da0d9a939640958\">Y\u0131llar sonra, 19 ya\u015f\u0131ndayken babas\u0131 \u00f6lm\u00fc\u015f ve ne yaz\u0131k ki \u00e7al\u0131\u015ft\u0131\u011f\u0131 \u015firketin y\u00f6neticileri paray\u0131 nas\u0131l y\u00f6neteceklerini bilemedikleri i\u00e7in her \u015feylerini kaybederek onu ve karde\u015flerini yoksulluk i\u00e7inde b\u0131rakm\u0131\u015flar.<\/p>\n\n\n\n<p class=\"has-black-color has-text-color has-link-color has-small-font-size wp-elements-284ed8f94d839bef6c1039c6c222d873\">Ac\u0131 \u00e7ekmek hayat\u0131n\u0131n bir par\u00e7as\u0131 haline geldi. Ciddi bir s\u0131rt hastal\u0131\u011f\u0131na yakaland\u0131 ve ayr\u0131ca menenjite yakaland\u0131; k\u0131sa s\u00fcre sonra kollar\u0131 ve bacaklar\u0131 fel\u00e7 olmaya ba\u015flad\u0131. \u0130\u015fte o zaman Aziz Gabriel Possenti of Our Lady of Sorrows'a (o zamanlar Sayg\u0131de\u011fer) ba\u011fland\u0131 ve onu her gece yata\u011f\u0131n\u0131n ba\u015f\u0131nda g\u00f6rmeye ba\u015flad\u0131.<\/p>\n\n\n\n<p class=\"has-black-color has-text-color has-link-color has-small-font-size wp-elements-d1175ec01842a6440ccdfa859046dd78\">\u00d6l\u00fcm\u00fcn\u00fcn yak\u0131n oldu\u011funu d\u00fc\u015f\u00fcnd\u00fc\u011f\u00fc bir gece, tespih tanelerinin hareket etti\u011fini duydu; bu azizeydi. Ondan \u015fifa bulmak i\u00e7in \u0130sa'n\u0131n Kutsal Kalbi onuruna bir novena yapmas\u0131n\u0131 istedi. Dokuz g\u00fcn\u00fcn sonunda Gemma herkesin sevinci ve \u015fa\u015fk\u0131nl\u0131\u011f\u0131 i\u00e7inde aya\u011fa kalkt\u0131.<\/p>\n\n\n\n<p class=\"has-black-color has-text-color has-link-color has-small-font-size wp-elements-3d1b91cd1bc7af74b5d9429535226eb4\">Gemma kalbinde kendini dini hayata adama fikrini bar\u0131nd\u0131r\u0131yordu, ancak Rab'bin onun i\u00e7in ba\u015fka planlar\u0131 vard\u0131. Bir g\u00fcn bu konuyu d\u00fc\u015f\u00fcn\u00fcrken dua etmeye ba\u015flad\u0131 ve aniden kendinden ge\u00e7erek g\u00fcnahlar\u0131 i\u00e7in derin bir \u00fcz\u00fcnt\u00fc duydu. \u0130\u015fte o zaman Meryem Ana ona g\u00f6r\u00fcnd\u00fc ve \u015f\u00f6yle dedi: \"O\u011flum \u0130sa seni \u00f6l\u00e7\u00fcs\u00fcz seviyor ve sana bir l\u00fctuf vermek istiyor. Senin i\u00e7in bir Anne olaca\u011f\u0131m. Ger\u00e7ek bir k\u0131z evlat olacaks\u0131n.<\/p>\n\n\n\n<p class=\"has-black-color has-text-color has-link-color has-small-font-size wp-elements-10042b8814d2b006cbd6f6ffb94d00a5\">\u0130\u015fte o zaman \u0130sa'y\u0131 t\u00fcm yaralar\u0131 yanarken g\u00f6rd\u00fc ve alevler h\u0131zla ellerine, ayaklar\u0131na ve kalbine ula\u015ft\u0131. \u201c\u00d6ld\u00fc\u011f\u00fcm\u00fc hissettim ve e\u011fer annem beni tutmasayd\u0131 yere d\u00fc\u015ferdim ve onun \u00f6rt\u00fcs\u00fc alt\u0131nda kal\u0131rd\u0131m\u201d.<\/p>\n\n\n\n<p class=\"has-black-color has-text-color has-link-color has-small-font-size wp-elements-e9f82913149b719545a16e80d6a5eff6\">Gemma birka\u00e7 saat boyunca bu pozisyonda kald\u0131\u011f\u0131n\u0131 ve i\u015fi bitti\u011finde dizlerinin \u00fczerine \u00e7\u00f6kt\u00fc\u011f\u00fcn\u00fc, ellerinde, ayaklar\u0131nda ve kalbinde \u015fiddetli a\u011fr\u0131 hissetti\u011fini s\u00f6yl\u00fcyor.<\/p>\n\n\n\n<p class=\"has-black-color has-text-color has-link-color has-small-font-size wp-elements-3dc7097bc0acb3b47c9bc4264b1651a5\">Gemma Koruyucu Mele\u011fi ile \u00e7ok zengin deneyimler ya\u015fad\u0131; safl\u0131\u011f\u0131 b\u00fcy\u00fck olas\u0131l\u0131kla sad\u0131k koruyucusunu cezbetti ve uzun sohbetler yapt\u0131lar. Birlikte \u00e7e\u015fitli dualar ve mezmurlar okudular ve \u0130sa'n\u0131n \u00c7ilesi \u00fczerine meditasyon yapt\u0131lar. \u0130\u015fte o zaman, 1902'de Gemma ruhlar\u0131n kurtulu\u015fu i\u00e7in kendini Tanr\u0131'ya kurban olarak sundu. Midesi hi\u00e7bir yiyece\u011fi kabul etmiyordu ve bir s\u00fcre sonra kan \u00f6ks\u00fcrmeye ba\u015flad\u0131.<\/p>\n\n\n\n<p class=\"has-black-color has-text-color has-link-color has-small-font-size wp-elements-4b274e0ad3c5d364129526e4598f5ab4\">Bununla birlikte, ruhunda \u015feytan\u0131n sald\u0131r\u0131lar\u0131yla yo\u011fun bir ruhsal kuruluk d\u00f6nemi ba\u015flad\u0131. Onu Tanr\u0131'n\u0131n kendisini terk etti\u011fine ikna etmeye \u00e7al\u0131\u015ft\u0131 ve ba\u015far\u0131s\u0131z oldu\u011funda bazen ona fiziksel olarak sald\u0131rd\u0131.<\/p>\n\n\n\n<p class=\"has-black-color has-text-color has-link-color has-small-font-size wp-elements-326b08fa19f99c4128cfd3baa56ed58a\">V\u00fccudu gittik\u00e7e zay\u0131flad\u0131 ve 11 Nisan 1903'te g\u00fcc\u00fc kalmad\u0131\u011f\u0131nda viaticum istedi:<\/p>\n\n\n\n<p class=\"has-black-color has-text-color has-link-color has-small-font-size wp-elements-2c25819d1ccbbab6e5d0d54c9d0b5377\">\"Hi\u00e7bir \u015fey aram\u0131yorum; her \u015feyi ve herkesi Tanr\u0131'ya feda ettim; \u015fimdi \u00f6lmeye haz\u0131r\u0131m. Art\u0131k hi\u00e7bir \u015feyim kalmad\u0131, \u0130sa. Zavall\u0131 ruhumu sana teslim ediyorum... \u0130sa!<\/p>\n\n\n\n<p class=\"has-black-color has-text-color has-link-color has-small-font-size wp-elements-82b7b2ecec69b222f9d73ceacbec6a33\">Gemma g\u00fcl\u00fcmsedi ve son nefesini verirken ba\u015f\u0131n\u0131 iki yana \u00e7evirdi. 25 ya\u015f\u0131ndayd\u0131.<\/p>\n<\/div><\/div>\n\n\n\n<div class=\"wp-block-uagb-container uagb-block-468a8b50 alignfull uagb-is-root-container\"><div class=\"uagb-container-inner-blocks-wrap\"><\/div><\/div>\n\n\n\n<div class=\"wp-block-uagb-container uagb-block-a41a1d33 alignfull uagb-is-root-container\"><div class=\"uagb-container-inner-blocks-wrap\">\n<figure class=\"wp-block-image alignleft size-full is-resized is-style-default\"><img decoding=\"async\" width=\"785\" height=\"545\" src=\"https:\/\/nuevo-renacer.com\/wp-content\/uploads\/2025\/05\/30571255_1587593651288001_2779042740447477760_n-2.jpg\" alt=\"\" class=\"wp-image-8214\" style=\"width:290px;height:auto\" srcset=\"https:\/\/nuevo-renacer.com\/wp-content\/uploads\/2025\/05\/30571255_1587593651288001_2779042740447477760_n-2.jpg 785w, https:\/\/nuevo-renacer.com\/wp-content\/uploads\/2025\/05\/30571255_1587593651288001_2779042740447477760_n-2-300x208.jpg 300w, https:\/\/nuevo-renacer.com\/wp-content\/uploads\/2025\/05\/30571255_1587593651288001_2779042740447477760_n-2-768x533.jpg 768w, https:\/\/nuevo-renacer.com\/wp-content\/uploads\/2025\/05\/30571255_1587593651288001_2779042740447477760_n-2-18x12.jpg 18w\" sizes=\"(max-width: 785px) 100vw, 785px\" \/><figcaption class=\"wp-element-caption\">\u00d6l\u00fcm an\u0131.<\/figcaption><\/figure>\n<\/div><\/div>\n\n\n\n<div class=\"wp-block-uagb-container uagb-block-b138e672 alignfull uagb-is-root-container\"><div class=\"uagb-container-inner-blocks-wrap\"><\/div><\/div>\n\n\n\n<div class=\"wp-block-uagb-container uagb-block-fcb42624 alignfull uagb-is-root-container\"><div class=\"uagb-container-inner-blocks-wrap\"><\/div><\/div>","protected":false},"excerpt":{"rendered":"<p>Gemma Galgani Santa Gemma Galgani (1878-1903) naci\u00f3 en Lucca, un pueblo italiano, y desde muy peque\u00f1a mostr\u00f3 un gran deseo de oraci\u00f3n gracias a su madre. Su madre muri\u00f3 muy pronto de tuberculosis y el padre de Gemma la dej\u00f3 al cuidado del internado de las Hermanas de Santa Zita. Despu\u00e9s de mucho insistir, recibi\u00f3 [&hellip;]<\/p>","protected":false},"author":1,"featured_media":0,"parent":0,"menu_order":0,"comment_status":"closed","ping_status":"closed","template":"","meta":{"_uag_custom_page_level_css":"","site-sidebar-layout":"default","site-content-layout":"","ast-site-content-layout":"default","site-content-style":"default","site-sidebar-style":"default","ast-global-header-display":"","ast-banner-title-visibility":"","ast-main-header-display":"","ast-hfb-above-header-display":"","ast-hfb-below-header-display":"","ast-hfb-mobile-header-display":"","site-post-title":"disabled","ast-breadcrumbs-content":"","ast-featured-img":"","footer-sml-layout":"","theme-transparent-header-meta":"","adv-header-id-meta":"","stick-header-meta":"","header-above-stick-meta":"","header-main-stick-meta":"","header-below-stick-meta":"","astra-migrate-meta-layouts":"set","ast-page-background-enabled":"default","ast-page-background-meta":{"desktop":{"background-color":"var(--ast-global-color-4)","background-image":"","background-repeat":"repeat","background-position":"center center","background-size":"auto","background-attachment":"scroll","background-type":"","background-media":"","overlay-type":"","overlay-color":"","overlay-opacity":"","overlay-gradient":""},"tablet":{"background-color":"","background-image":"","background-repeat":"repeat","background-position":"center center","background-size":"auto","background-attachment":"scroll","background-type":"","background-media":"","overlay-type":"","overlay-color":"","overlay-opacity":"","overlay-gradient":""},"mobile":{"background-color":"","background-image":"","background-repeat":"repeat","background-position":"center center","background-size":"auto","background-attachment":"scroll","background-type":"","background-media":"","overlay-type":"","overlay-color":"","overlay-opacity":"","overlay-gradient":""}},"ast-content-background-meta":{"desktop":{"background-color":"var(--ast-global-color-5)","background-image":"","background-repeat":"repeat","background-position":"center center","background-size":"auto","background-attachment":"scroll","background-type":"","background-media":"","overlay-type":"","overlay-color":"","overlay-opacity":"","overlay-gradient":""},"tablet":{"background-color":"var(--ast-global-color-5)","background-image":"","background-repeat":"repeat","background-position":"center center","background-size":"auto","background-attachment":"scroll","background-type":"","background-media":"","overlay-type":"","overlay-color":"","overlay-opacity":"","overlay-gradient":""},"mobile":{"background-color":"var(--ast-global-color-5)","background-image":"","background-repeat":"repeat","background-position":"center center","background-size":"auto","background-attachment":"scroll","background-type":"","background-media":"","overlay-type":"","overlay-color":"","overlay-opacity":"","overlay-gradient":""}},"footnotes":""},"class_list":["post-8207","page","type-page","status-publish","hentry"],"yoast_head":"<!-- This site is optimized with the Yoast SEO Premium plugin v24.2 (Yoast SEO v24.6) - https:\/\/yoast.com\/wordpress\/plugins\/seo\/ -->\n<title>Gemma Galgani - Uni\u00f3n Esp\u00edrita<\/title>\n<meta name=\"description\" content=\"Descubre la vida de Santa Gemma Galgani, la m\u00edstica italiana del siglo XIX conocida por sus visiones, estigmas y profunda devoci\u00f3n a Cristo.\" \/>\n<meta name=\"robots\" content=\"index, follow, max-snippet:-1, max-image-preview:large, max-video-preview:-1\" \/>\n<link rel=\"canonical\" href=\"https:\/\/nuevo-renacer.com\/tr\/gemma-galgani\/\" \/>\n<meta property=\"og:locale\" content=\"tr_TR\" \/>\n<meta property=\"og:type\" content=\"article\" \/>\n<meta property=\"og:title\" content=\"Gemma Galgani\" \/>\n<meta property=\"og:description\" content=\"Descubre la vida de Santa Gemma Galgani, la m\u00edstica italiana del siglo XIX conocida por sus visiones, estigmas y profunda devoci\u00f3n a Cristo.\" \/>\n<meta property=\"og:url\" content=\"https:\/\/nuevo-renacer.com\/tr\/gemma-galgani\/\" \/>\n<meta property=\"og:site_name\" content=\"Uni\u00f3n Esp\u00edrita\" \/>\n<meta property=\"article:publisher\" content=\"https:\/\/www.facebook.com\/groups\/3431398063740829\" \/>\n<meta property=\"article:modified_time\" content=\"2025-05-28T09:48:27+00:00\" \/>\n<meta property=\"og:image\" content=\"https:\/\/nuevo-renacer.com\/wp-content\/uploads\/2025\/05\/Screenshot-605.png\" \/>\n\t<meta property=\"og:image:width\" content=\"379\" \/>\n\t<meta property=\"og:image:height\" content=\"502\" \/>\n\t<meta property=\"og:image:type\" content=\"image\/png\" \/>\n<meta name=\"twitter:card\" content=\"summary_large_image\" \/>\n<meta name=\"twitter:label1\" content=\"Tahmini okuma s\u00fcresi\" \/>\n\t<meta name=\"twitter:data1\" content=\"4 dakika\" \/>\n<script type=\"application\/ld+json\" class=\"yoast-schema-graph\">{\"@context\":\"https:\/\/schema.org\",\"@graph\":[{\"@type\":\"WebPage\",\"@id\":\"https:\/\/nuevo-renacer.com\/gemma-galgani\/\",\"url\":\"https:\/\/nuevo-renacer.com\/gemma-galgani\/\",\"name\":\"Gemma Galgani - Uni\u00f3n Esp\u00edrita\",\"isPartOf\":{\"@id\":\"https:\/\/nuevo-renacer.com\/#website\"},\"primaryImageOfPage\":{\"@id\":\"https:\/\/nuevo-renacer.com\/gemma-galgani\/#primaryimage\"},\"image\":{\"@id\":\"https:\/\/nuevo-renacer.com\/gemma-galgani\/#primaryimage\"},\"thumbnailUrl\":\"https:\/\/nuevo-renacer.com\/wp-content\/uploads\/2025\/05\/Screenshot-605.png\",\"datePublished\":\"2025-05-28T09:11:18+00:00\",\"dateModified\":\"2025-05-28T09:48:27+00:00\",\"description\":\"Descubre la vida de Santa Gemma Galgani, la m\u00edstica italiana del siglo XIX conocida por sus visiones, estigmas y profunda devoci\u00f3n a Cristo.\",\"breadcrumb\":{\"@id\":\"https:\/\/nuevo-renacer.com\/gemma-galgani\/#breadcrumb\"},\"inLanguage\":\"tr\",\"potentialAction\":[{\"@type\":\"ReadAction\",\"target\":[\"https:\/\/nuevo-renacer.com\/gemma-galgani\/\"]}]},{\"@type\":\"ImageObject\",\"inLanguage\":\"tr\",\"@id\":\"https:\/\/nuevo-renacer.com\/gemma-galgani\/#primaryimage\",\"url\":\"https:\/\/nuevo-renacer.com\/wp-content\/uploads\/2025\/05\/Screenshot-605.png\",\"contentUrl\":\"https:\/\/nuevo-renacer.com\/wp-content\/uploads\/2025\/05\/Screenshot-605.png\"},{\"@type\":\"BreadcrumbList\",\"@id\":\"https:\/\/nuevo-renacer.com\/gemma-galgani\/#breadcrumb\",\"itemListElement\":[{\"@type\":\"ListItem\",\"position\":1,\"name\":\"Startseite\",\"item\":\"https:\/\/nuevo-renacer.com\/\"},{\"@type\":\"ListItem\",\"position\":2,\"name\":\"Gemma Galgani\"}]},{\"@type\":\"WebSite\",\"@id\":\"https:\/\/nuevo-renacer.com\/#website\",\"url\":\"https:\/\/nuevo-renacer.com\/\",\"name\":\"Uni\u00f3n Esp\u00edrita\",\"description\":\"Nuevo Renacer\",\"publisher\":{\"@id\":\"https:\/\/nuevo-renacer.com\/#organization\"},\"potentialAction\":[{\"@type\":\"SearchAction\",\"target\":{\"@type\":\"EntryPoint\",\"urlTemplate\":\"https:\/\/nuevo-renacer.com\/?s={search_term_string}\"},\"query-input\":{\"@type\":\"PropertyValueSpecification\",\"valueRequired\":true,\"valueName\":\"search_term_string\"}}],\"inLanguage\":\"tr\"},{\"@type\":\"Organization\",\"@id\":\"https:\/\/nuevo-renacer.com\/#organization\",\"name\":\"UFEC\",\"url\":\"https:\/\/nuevo-renacer.com\/\",\"logo\":{\"@type\":\"ImageObject\",\"inLanguage\":\"tr\",\"@id\":\"https:\/\/nuevo-renacer.com\/#\/schema\/logo\/image\/\",\"url\":\"https:\/\/nuevo-renacer.com\/wp-content\/uploads\/2024\/05\/cropped-LOGO-TERMINADO1-3-3.png\",\"contentUrl\":\"https:\/\/nuevo-renacer.com\/wp-content\/uploads\/2024\/05\/cropped-LOGO-TERMINADO1-3-3.png\",\"width\":512,\"height\":512,\"caption\":\"UFEC\"},\"image\":{\"@id\":\"https:\/\/nuevo-renacer.com\/#\/schema\/logo\/image\/\"},\"sameAs\":[\"https:\/\/www.facebook.com\/groups\/3431398063740829\"]}]}<\/script>\n<!-- \/ Yoast SEO Premium plugin. -->","yoast_head_json":{"title":"Gemma Galgani - Uni\u00f3n Esp\u00edrita","description":"Descubre la vida de Santa Gemma Galgani, la m\u00edstica italiana del siglo XIX conocida por sus visiones, estigmas y profunda devoci\u00f3n a Cristo.","robots":{"index":"index","follow":"follow","max-snippet":"max-snippet:-1","max-image-preview":"max-image-preview:large","max-video-preview":"max-video-preview:-1"},"canonical":"https:\/\/nuevo-renacer.com\/tr\/gemma-galgani\/","og_locale":"tr_TR","og_type":"article","og_title":"Gemma Galgani","og_description":"Descubre la vida de Santa Gemma Galgani, la m\u00edstica italiana del siglo XIX conocida por sus visiones, estigmas y profunda devoci\u00f3n a Cristo.","og_url":"https:\/\/nuevo-renacer.com\/tr\/gemma-galgani\/","og_site_name":"Uni\u00f3n Esp\u00edrita","article_publisher":"https:\/\/www.facebook.com\/groups\/3431398063740829","article_modified_time":"2025-05-28T09:48:27+00:00","og_image":[{"width":379,"height":502,"url":"https:\/\/nuevo-renacer.com\/wp-content\/uploads\/2025\/05\/Screenshot-605.png","type":"image\/png"}],"twitter_card":"summary_large_image","twitter_misc":{"Tahmini okuma s\u00fcresi":"4 dakika"},"schema":{"@context":"https:\/\/schema.org","@graph":[{"@type":"WebPage","@id":"https:\/\/nuevo-renacer.com\/gemma-galgani\/","url":"https:\/\/nuevo-renacer.com\/gemma-galgani\/","name":"Gemma Galgani - Uni\u00f3n Esp\u00edrita","isPartOf":{"@id":"https:\/\/nuevo-renacer.com\/#website"},"primaryImageOfPage":{"@id":"https:\/\/nuevo-renacer.com\/gemma-galgani\/#primaryimage"},"image":{"@id":"https:\/\/nuevo-renacer.com\/gemma-galgani\/#primaryimage"},"thumbnailUrl":"https:\/\/nuevo-renacer.com\/wp-content\/uploads\/2025\/05\/Screenshot-605.png","datePublished":"2025-05-28T09:11:18+00:00","dateModified":"2025-05-28T09:48:27+00:00","description":"Descubre la vida de Santa Gemma Galgani, la m\u00edstica italiana del siglo XIX conocida por sus visiones, estigmas y profunda devoci\u00f3n a Cristo.","breadcrumb":{"@id":"https:\/\/nuevo-renacer.com\/gemma-galgani\/#breadcrumb"},"inLanguage":"tr","potentialAction":[{"@type":"ReadAction","target":["https:\/\/nuevo-renacer.com\/gemma-galgani\/"]}]},{"@type":"ImageObject","inLanguage":"tr","@id":"https:\/\/nuevo-renacer.com\/gemma-galgani\/#primaryimage","url":"https:\/\/nuevo-renacer.com\/wp-content\/uploads\/2025\/05\/Screenshot-605.png","contentUrl":"https:\/\/nuevo-renacer.com\/wp-content\/uploads\/2025\/05\/Screenshot-605.png"},{"@type":"BreadcrumbList","@id":"https:\/\/nuevo-renacer.com\/gemma-galgani\/#breadcrumb","itemListElement":[{"@type":"ListItem","position":1,"name":"Startseite","item":"https:\/\/nuevo-renacer.com\/"},{"@type":"ListItem","position":2,"name":"Gemma Galgani"}]},{"@type":"WebSite","@id":"https:\/\/nuevo-renacer.com\/#website","url":"https:\/\/nuevo-renacer.com\/","name":"Uni\u00f3n Esp\u00edrita","description":"Nuevo Renacer","publisher":{"@id":"https:\/\/nuevo-renacer.com\/#organization"},"potentialAction":[{"@type":"SearchAction","target":{"@type":"EntryPoint","urlTemplate":"https:\/\/nuevo-renacer.com\/?s={search_term_string}"},"query-input":{"@type":"PropertyValueSpecification","valueRequired":true,"valueName":"search_term_string"}}],"inLanguage":"tr"},{"@type":"Organization","@id":"https:\/\/nuevo-renacer.com\/#organization","name":"UFEC","url":"https:\/\/nuevo-renacer.com\/","logo":{"@type":"ImageObject","inLanguage":"tr","@id":"https:\/\/nuevo-renacer.com\/#\/schema\/logo\/image\/","url":"https:\/\/nuevo-renacer.com\/wp-content\/uploads\/2024\/05\/cropped-LOGO-TERMINADO1-3-3.png","contentUrl":"https:\/\/nuevo-renacer.com\/wp-content\/uploads\/2024\/05\/cropped-LOGO-TERMINADO1-3-3.png","width":512,"height":512,"caption":"UFEC"},"image":{"@id":"https:\/\/nuevo-renacer.com\/#\/schema\/logo\/image\/"},"sameAs":["https:\/\/www.facebook.com\/groups\/3431398063740829"]}]}},"uagb_featured_image_src":{"full":false,"thumbnail":false,"medium":false,"medium_large":false,"large":false,"1536x1536":false,"2048x2048":false,"trp-custom-language-flag":false},"uagb_author_info":{"display_name":"adbv0","author_link":"https:\/\/nuevo-renacer.com\/tr\/author\/adbv0\/"},"uagb_comment_info":0,"uagb_excerpt":"Gemma Galgani Santa Gemma Galgani (1878-1903) naci\u00f3 en Lucca, un pueblo italiano, y desde muy peque\u00f1a mostr\u00f3 un gran deseo de oraci\u00f3n gracias a su madre. Su madre muri\u00f3 muy pronto de tuberculosis y el padre de Gemma la dej\u00f3 al cuidado del internado de las Hermanas de Santa Zita. Despu\u00e9s de mucho insistir, recibi\u00f3&hellip;","jetpack_sharing_enabled":true,"_links":{"self":[{"href":"https:\/\/nuevo-renacer.com\/tr\/wp-json\/wp\/v2\/pages\/8207","targetHints":{"allow":["GET"]}}],"collection":[{"href":"https:\/\/nuevo-renacer.com\/tr\/wp-json\/wp\/v2\/pages"}],"about":[{"href":"https:\/\/nuevo-renacer.com\/tr\/wp-json\/wp\/v2\/types\/page"}],"author":[{"embeddable":true,"href":"https:\/\/nuevo-renacer.com\/tr\/wp-json\/wp\/v2\/users\/1"}],"replies":[{"embeddable":true,"href":"https:\/\/nuevo-renacer.com\/tr\/wp-json\/wp\/v2\/comments?post=8207"}],"version-history":[{"count":5,"href":"https:\/\/nuevo-renacer.com\/tr\/wp-json\/wp\/v2\/pages\/8207\/revisions"}],"predecessor-version":[{"id":8220,"href":"https:\/\/nuevo-renacer.com\/tr\/wp-json\/wp\/v2\/pages\/8207\/revisions\/8220"}],"wp:attachment":[{"href":"https:\/\/nuevo-renacer.com\/tr\/wp-json\/wp\/v2\/media?parent=8207"}],"curies":[{"name":"wp","href":"https:\/\/api.w.org\/{rel}","templated":true}]}}