{"id":8198,"date":"2025-05-23T11:09:43","date_gmt":"2025-05-23T11:09:43","guid":{"rendered":"https:\/\/nuevo-renacer.com\/?page_id=8198"},"modified":"2025-05-23T11:09:46","modified_gmt":"2025-05-23T11:09:46","slug":"johann-karl-friedrich-zollner","status":"publish","type":"page","link":"https:\/\/nuevo-renacer.com\/tr\/johann-karl-friedrich-zollner\/","title":{"rendered":"Johann Karl Friedrich Z\u00f6llner"},"content":{"rendered":"<div class=\"wp-block-uagb-container uagb-block-79d20f6c alignfull uagb-is-root-container\"><div class=\"uagb-container-inner-blocks-wrap\">\n<p class=\"has-black-color has-text-color has-link-color has-medium-font-size wp-elements-f057ff3e853cddb965faabb7ef8b7cc2\"><strong>Johann Karl Friedrich Z\u00f6llner<\/strong><\/p>\n<\/div><\/div>\n\n\n\n<div class=\"wp-block-uagb-container uagb-block-8958892c alignfull uagb-is-root-container\"><div class=\"uagb-container-inner-blocks-wrap\">\n<figure class=\"wp-block-image size-full is-resized\"><img decoding=\"async\" width=\"177\" height=\"236\" src=\"https:\/\/nuevo-renacer.com\/wp-content\/uploads\/2025\/05\/portrait.jpg\" alt=\"\" class=\"wp-image-8199\" style=\"width:212px;height:auto\" srcset=\"https:\/\/nuevo-renacer.com\/wp-content\/uploads\/2025\/05\/portrait.jpg 177w, https:\/\/nuevo-renacer.com\/wp-content\/uploads\/2025\/05\/portrait-9x12.jpg 9w\" sizes=\"(max-width: 177px) 100vw, 177px\" \/><\/figure>\n<\/div><\/div>\n\n\n\n<div class=\"wp-block-uagb-container uagb-block-897cf837 alignfull uagb-is-root-container\"><div class=\"uagb-container-inner-blocks-wrap\">\n<p class=\"has-black-color has-text-color has-link-color has-small-font-size wp-elements-60e45e2e9177bf2184109acadf52d7fa\">Friedrich Z\u00f6llner, daha yayg\u0131n olarak bilindi\u011fi gibi, Almanya&#039;n\u0131n Leipzig \u00dcniversitesi&#039;nde \u00fcnl\u00fc bir astrofizik\u00e7i ve profes\u00f6rd\u00fc. 8 Kas\u0131m 1834&#039;te Berlin&#039;de do\u011fdu ve 25 Nisan 1882&#039;de 48 ya\u015f\u0131nda Leipzig&#039;de (Almanya) erken \u00f6ld\u00fc. Optik yan\u0131lsama \u00fczerine yapt\u0131\u011f\u0131 ara\u015ft\u0131rmalarla \u00e7ok iyi tan\u0131nd\u0131\u011f\u0131 astronomi ve fizik, optik alanlar\u0131nda \u00e7ok say\u0131da eser b\u0131rakt\u0131. 1860 Y\u0131l\u0131nda geli\u015ftirilen optik \u00fczerine yapt\u0131\u011f\u0131 \u00e7al\u0131\u015fma, paralel \u00e7izgilerin k\u00f6\u015fegen olarak g\u00f6r\u00fcnd\u00fc\u011f\u00fc Z\u00f6llner yan\u0131lsamas\u0131 ad\u0131n\u0131 ald\u0131.<\/p>\n\n\n\n<p class=\"has-black-color has-text-color has-link-color has-small-font-size wp-elements-9d76aac10197e82541c38dd740f1a701\">Astronomi alan\u0131nda, Christian Doppler teorisinin, bu g\u00f6k cisimlerinin yayd\u0131\u011f\u0131 \u0131\u015f\u0131\u011f\u0131n spektrumundaki \u00e7izgilerin sapmas\u0131 sonucu y\u0131ld\u0131zlar\u0131n elektromanyetik radyasyonunun rengindeki hareketin etkisi \u00fczerindeki etkisini kan\u0131tlamaya vurgu yapt\u0131. Bu varyasyonlar\u0131 \u00f6l\u00e7ebilen Astrofotometro adl\u0131 olduk\u00e7a hassas bir cihaz icat etti. Onuruna, Ay\u0131n kraterlerinden biri Z\u00f6llner kraterinin ad\u0131n\u0131 ald\u0131. 1872&#039;de Leipzig \u00dcniversitesi&#039;nde Astrofizik k\u00fcrs\u00fcs\u00fcne davet edildi.<\/p>\n\n\n\n<p class=\"has-black-color has-text-color has-link-color has-small-font-size wp-elements-cc719661acd816416f583f0972f8f467\">\u0130ngiltere Kraliyet Cemiyeti, Londra Kraliyet Astronomi Cemiyeti, Moskova \u0130mparatorluk Fizik ve Do\u011fa Bilimleri Akademisi ve Paris Bilimsel Ara\u015ft\u0131rmalar Medyumlar\u0131 Derne\u011fi&#039;nin bir \u00fcyesiydi. \u00c7ok k\u00fc\u00e7\u00fck ya\u015flardan itibaren Z\u00f6llner fenomenle ilgileniyor medi\u00famnicos. F\u0131rsat sunuldu\u011funda, 1875&#039;te d\u00f6nemin en b\u00fcy\u00fck bilim adamlar\u0131ndan biri olan William Crookes&#039;u ziyaret etmek i\u00e7in \u0130ngiltere&#039;ye gitti ve s\u00f6zde &#034;etki ortamlar\u0131n\u0131n&#034; ara\u015ft\u0131r\u0131lmas\u0131nda daha belirgin bir fig\u00fcrd\u00fc. bir g\u00fc\u00e7 kayna\u011f\u0131n\u0131n m\u00fcdahalesi olmadan nesnelerin hareketi ve bir g\u00fc\u00e7 kayna\u011f\u0131n\u0131n m\u00fcdahalesi olmadan nesnelerin hareketi olarak. ruhlar\u0131n ger\u00e7ekle\u015fmesi. Z\u00f6llner bu fenomenler i\u00e7in bilimsel bir a\u00e7\u0131klama ar\u0131yordu.<\/p>\n\n\n\n<p class=\"has-black-color has-text-color has-link-color has-small-font-size wp-elements-2927b47045385cbeac6bac881e120425\">Ziyaretinden sonra, bu fenomenlerin ortaya \u00e7\u0131k\u0131\u015f\u0131 hakk\u0131nda bir teori geli\u015ftirdi. Teorisine g\u00f6re, evren, \u00fc\u00e7 boyutlu uzay \u00f6klid&#039;e ek olarak, baz\u0131 ruhsal fenomenlere a\u00e7\u0131klanabilecekleri d\u00f6rd\u00fcnc\u00fc bir boyuta sahiptir. Bu teoriye g\u00f6re, fenomen medyumnikos mistik karakterlerini kaybedebilir ve fizik alan\u0131na ve s\u0131radan felsefeye ge\u00e7ebilir. Modern fizik anlay\u0131\u015f\u0131nda 4. boyutun ne oldu\u011funu daha iyi anlamak i\u00e7in, uzay\u0131n, yaln\u0131zca 4. boyut y\u00f6n\u00fcnde yap\u0131labilen b\u00fcy\u00fck cisimlerin yer\u00e7ekiminin ve t\u00fcm fenomenlerin yak\u0131n\u0131nda b\u00fck\u00fclebilece\u011fini varsayal\u0131m. medi\u00famnicosve manevi varl\u0131klar\u0131n yer de\u011fi\u015ftirmesinin yan\u0131 s\u0131ra, bir cismin, bir cismin, bir cismin, bir cismin, bir cismin, bir cismin, bir cismin, bir cismin, bir cismin, bir cismin, bir cismin, bir cismin, bir cismin, bir cismin, bir cismin, bir cismin, bir cismin, bir cismin, bir cismin, bir cismin, 4. boyut taraf\u0131ndan yap\u0131lacakt\u0131r. \u00dcnl\u00fc bir \u0130talyan astronom olan Schiaparelli, 4.boyut teorisi \u00fczerine Camille Flammarion&#039;a yazd\u0131\u011f\u0131 bir mektupta \u015funlar\u0131 yazd\u0131: &#034;Hayal edebilece\u011finiz en ustaca ve muhtemelen teoridir.&#034;<\/p>\n\n\n\n<p class=\"has-black-color has-text-color has-link-color has-small-font-size wp-elements-79265076d225811ff1ecdbc5f82f8fa4\">Teorisini daha da do\u011frulamak i\u00e7in Z\u00f6llner, kendi evlerinde ortamlar ve ara\u015ft\u0131rmac\u0131larla \u00e7ok say\u0131da toplant\u0131 yapt\u0131. 1877&#039;de ingiliz Henry Slade&#039;in ortam\u0131nda ilk olarak Leipzig&#039;de oldu. Slade, fiziksel etkilerin bir\u00e7ok tezah\u00fcr\u00fcn\u00fcn kahraman\u0131yd\u0131. Slade&#039;in medyumlu\u011funu analiz etmek ve ara s\u0131ra ara\u015ft\u0131rmalar\u0131na heyecan katan di\u011fer \u00fcniversite profes\u00f6rlerinin yard\u0131m\u0131yla kat\u0131ld\u0131.<\/p>\n\n\n\n<p class=\"has-black-color has-text-color has-link-color has-small-font-size wp-elements-8b2f64385e7695d4bed46853fa905c90\">Bu mecra ile yapt\u0131\u011f\u0131n\u0131z \u00e7al\u0131\u015fmalar sonucunda Z\u00f6llner, bilimsel dergilerde ve daha sonra &#034;fiziksel a\u015fk\u0131n&#034; \u00fczerine kitaplar yay\u0131nlad\u0131. Slade gibi Z\u00f6llner de nesnelerin g\u00f6r\u00fcn\u00fc\u015f\u00fcn\u00fcn ve ta\u015f\u0131nmas\u0131n\u0131n kahraman\u0131 Madame D&#039;esperance&#039;\u0131n \u00fcretti\u011fi fenomenleri inceledi. 1880 Y\u0131l\u0131n\u0131n mart ay\u0131nda, baron Von Hoffmann, Z\u00f6llner ile toplant\u0131lara kat\u0131lmak i\u00e7in ingiliz William Eglinton&#039;un ortam\u0131na davet etti. Toplamda 25 seans vard\u0131. Eglinton, esas olarak materyalizasyon ve do\u011frudan yazma olmak \u00fczere bir fiziksel etki arac\u0131yd\u0131. Z\u00f6llner ara\u015ft\u0131rmalar\u0131n\u0131n sonu\u00e7lar\u0131ndan \u00e7ok memnundu ve hatta deneyimleri hakk\u0131nda bir kitap yay\u0131nlama niyetindeydi, ancak bu olmadan \u00f6nce \u00f6ld\u00fc.<\/p>\n\n\n\n<p class=\"has-black-color has-text-color has-link-color has-small-font-size wp-elements-fc25ba505baca19e43e7b53e94ab04f4\">Z\u00f6llner ruh\u00e7uluk davas\u0131n\u0131n b\u00fcy\u00fck bir sava\u015f\u00e7\u0131s\u0131yd\u0131 ve ruhlar\u0131n eylemlerinin \u015f\u00fcpheye ya da belirsizli\u011fe yer b\u0131rakmad\u0131\u011f\u0131 fiziksel deneyleriyle tan\u0131n\u0131yordu. Bir fizik\u00e7i olarak bu bilimi \u00f6l\u00fcms\u00fczl\u00fc\u011f\u00fc g\u00f6stermek ve bedenlenmemi\u015f ruhlar\u0131n bedenlenmi\u015f ruhlar\u0131n g\u00fcnl\u00fck ya\u015fam\u0131na m\u00fcdahalesini if\u015fa etmek i\u00e7in kulland\u0131. G\u00f6zlemlenen fenomenleri a\u00e7\u0131klamak i\u00e7in 4. boyut teorisini \u00f6nererek, g\u00fcn\u00fcm\u00fcz fizik\u00e7ilerini \u00f6ng\u00f6rm\u00fc\u015f ve bilimin dine nas\u0131l yard\u0131mc\u0131 olabilece\u011fini ve dinin nas\u0131l bilimsel olabilece\u011fini g\u00f6stermi\u015ftir.<\/p>\n\n\n\n<p class=\"has-black-color has-text-color has-link-color has-small-font-size wp-elements-28eab89d971b526b7a37764a0a3fc17a\">(...) Kitab\u0131n\u0131n sunumu Hayatta Kalman\u0131n Bilimsel Kan\u0131t\u0131 veya Fiziksel A\u015fk\u0131n William Crookes, Z\u00f6llner, \u015fu pasaj\u0131 \u00e7\u0131kard\u0131\u011f\u0131m\u0131z \u00e7ok etkileyici bir \u00f6zveri yazd\u0131: &#034;Yeni bir bilim yapt\u0131\u011f\u0131 hizmetler i\u00e7in en y\u00fcksek \u015f\u00fckran ve takdir duygusuyla, size sunuyorum, sayg\u0131de\u011fer meslekta\u015f\u0131m, bilimsel Tezlerimin \u00fc\u00e7\u00fcnc\u00fc cildi.<\/p>\n\n\n\n<p class=\"has-black-color has-text-color has-link-color has-small-font-size wp-elements-1b4fb16589bb8089b9a6949367661a12\">Ola\u011fan\u00fcst\u00fc bir tesad\u00fcfle, bilimsel ara\u015ft\u0131rmalar\u0131m\u0131z ayn\u0131 alanda bulundu ve \u00e7ok be\u011fenilen insanl\u0131\u011fa, zeki varl\u0131klar\u0131n ba\u015fka bir maddi d\u00fcnyas\u0131n\u0131n varl\u0131\u011f\u0131n\u0131 y\u00fcksek sesle ilan eden yeni bir fiziksel fenomen s\u0131n\u0131f\u0131 sa\u011flad\u0131. L\u00fctfen bu \u00e7al\u0131\u015fmay\u0131 bir Alman&#039;\u0131n d\u00fcr\u00fcst kalbinin \u015f\u00fckran ve sempati i\u015fareti olarak kabul edin&#034;. Friedrich Z\u00f6llner: astronom, fizik\u00e7i, profes\u00f6r, bilim adam\u0131, ara\u015ft\u0131rmac\u0131, Evrendeki 4. boyut teorisinin \u00f6nc\u00fcs\u00fc. Bilim ve maneviyat\u0131n nas\u0131l el ele gidebilece\u011finin bir ba\u015fka \u00f6rne\u011fidir.<\/p>\n\n\n\n<p class=\"has-black-color has-text-color has-link-color has-small-font-size wp-elements-2e19170e75c044056aedbcb07aa3198f\">Bilim felsefesinin zirvelerine ula\u015fmak i\u00e7in d\u00fcnyevi laboratuvarlar\u0131n s\u0131n\u0131rlar\u0131ndan ge\u00e7en, ger\u00e7eklerin avc\u0131s\u0131, hayalleri k\u00f6r\u00fckleyen ger\u00e7ekler haline gelen bir bilim adam\u0131yd\u0131. \u00f6l\u00fcms\u00fcz insanl\u0131k.<\/p>\n<\/div><\/div>\n\n\n\n<div class=\"wp-block-uagb-container uagb-block-a501e672 alignfull uagb-is-root-container\"><div class=\"uagb-container-inner-blocks-wrap\"><\/div><\/div>\n\n\n\n<div class=\"wp-block-uagb-container uagb-block-3b75b265 alignfull uagb-is-root-container\"><div class=\"uagb-container-inner-blocks-wrap\"><\/div><\/div>","protected":false},"excerpt":{"rendered":"<p>Johann Karl Friedrich Z\u00f6llner Friedrich Z\u00f6llner, como era m\u00e1s conocido, fue un famoso astrof\u00edsico y profesor de la Universidad de Leipzig, Alemania. Naci\u00f3 en Berl\u00edn el 8 de noviembre de 1834 y muri\u00f3 prematuramente en Leipzig (Alemania) el 25 de abril de 1882, a la edad de 48 a\u00f1os. Dej\u00f3 tras de s\u00ed numerosos trabajos [&hellip;]<\/p>","protected":false},"author":1,"featured_media":0,"parent":0,"menu_order":0,"comment_status":"closed","ping_status":"closed","template":"","meta":{"_uag_custom_page_level_css":"","site-sidebar-layout":"default","site-content-layout":"","ast-site-content-layout":"default","site-content-style":"default","site-sidebar-style":"default","ast-global-header-display":"","ast-banner-title-visibility":"","ast-main-header-display":"","ast-hfb-above-header-display":"","ast-hfb-below-header-display":"","ast-hfb-mobile-header-display":"","site-post-title":"disabled","ast-breadcrumbs-content":"","ast-featured-img":"","footer-sml-layout":"","theme-transparent-header-meta":"","adv-header-id-meta":"","stick-header-meta":"","header-above-stick-meta":"","header-main-stick-meta":"","header-below-stick-meta":"","astra-migrate-meta-layouts":"set","ast-page-background-enabled":"default","ast-page-background-meta":{"desktop":{"background-color":"var(--ast-global-color-4)","background-image":"","background-repeat":"repeat","background-position":"center center","background-size":"auto","background-attachment":"scroll","background-type":"","background-media":"","overlay-type":"","overlay-color":"","overlay-opacity":"","overlay-gradient":""},"tablet":{"background-color":"","background-image":"","background-repeat":"repeat","background-position":"center center","background-size":"auto","background-attachment":"scroll","background-type":"","background-media":"","overlay-type":"","overlay-color":"","overlay-opacity":"","overlay-gradient":""},"mobile":{"background-color":"","background-image":"","background-repeat":"repeat","background-position":"center center","background-size":"auto","background-attachment":"scroll","background-type":"","background-media":"","overlay-type":"","overlay-color":"","overlay-opacity":"","overlay-gradient":""}},"ast-content-background-meta":{"desktop":{"background-color":"var(--ast-global-color-5)","background-image":"","background-repeat":"repeat","background-position":"center center","background-size":"auto","background-attachment":"scroll","background-type":"","background-media":"","overlay-type":"","overlay-color":"","overlay-opacity":"","overlay-gradient":""},"tablet":{"background-color":"var(--ast-global-color-5)","background-image":"","background-repeat":"repeat","background-position":"center center","background-size":"auto","background-attachment":"scroll","background-type":"","background-media":"","overlay-type":"","overlay-color":"","overlay-opacity":"","overlay-gradient":""},"mobile":{"background-color":"var(--ast-global-color-5)","background-image":"","background-repeat":"repeat","background-position":"center center","background-size":"auto","background-attachment":"scroll","background-type":"","background-media":"","overlay-type":"","overlay-color":"","overlay-opacity":"","overlay-gradient":""}},"footnotes":""},"class_list":["post-8198","page","type-page","status-publish","hentry"],"yoast_head":"<!-- This site is optimized with the Yoast SEO Premium plugin v24.2 (Yoast SEO v24.6) - https:\/\/yoast.com\/wordpress\/plugins\/seo\/ -->\n<title>Johann Karl Friedrich Z\u00f6llner - Uni\u00f3n Esp\u00edrita<\/title>\n<meta name=\"robots\" content=\"index, follow, max-snippet:-1, max-image-preview:large, max-video-preview:-1\" \/>\n<link rel=\"canonical\" href=\"https:\/\/nuevo-renacer.com\/tr\/johann-karl-friedrich-zollner\/\" \/>\n<meta property=\"og:locale\" content=\"tr_TR\" \/>\n<meta property=\"og:type\" content=\"article\" \/>\n<meta property=\"og:title\" content=\"Johann Karl Friedrich Z\u00f6llner\" \/>\n<meta property=\"og:description\" content=\"Johann Karl Friedrich Z\u00f6llner Friedrich Z\u00f6llner, como era m\u00e1s conocido, fue un famoso astrof\u00edsico y profesor de la Universidad de Leipzig, Alemania. Naci\u00f3 en Berl\u00edn el 8 de noviembre de 1834 y muri\u00f3 prematuramente en Leipzig (Alemania) el 25 de abril de 1882, a la edad de 48 a\u00f1os. Dej\u00f3 tras de s\u00ed numerosos trabajos [&hellip;]\" \/>\n<meta property=\"og:url\" content=\"https:\/\/nuevo-renacer.com\/tr\/johann-karl-friedrich-zollner\/\" \/>\n<meta property=\"og:site_name\" content=\"Uni\u00f3n Esp\u00edrita\" \/>\n<meta property=\"article:publisher\" content=\"https:\/\/www.facebook.com\/groups\/3431398063740829\" \/>\n<meta property=\"article:modified_time\" content=\"2025-05-23T11:09:46+00:00\" \/>\n<meta property=\"og:image\" content=\"https:\/\/nuevo-renacer.com\/wp-content\/uploads\/2025\/05\/portrait.jpg\" \/>\n\t<meta property=\"og:image:width\" content=\"177\" \/>\n\t<meta property=\"og:image:height\" content=\"236\" \/>\n\t<meta property=\"og:image:type\" content=\"image\/jpeg\" \/>\n<meta name=\"twitter:card\" content=\"summary_large_image\" \/>\n<meta name=\"twitter:label1\" content=\"Tahmini okuma s\u00fcresi\" \/>\n\t<meta name=\"twitter:data1\" content=\"6 dakika\" \/>\n<script type=\"application\/ld+json\" class=\"yoast-schema-graph\">{\"@context\":\"https:\/\/schema.org\",\"@graph\":[{\"@type\":\"WebPage\",\"@id\":\"https:\/\/nuevo-renacer.com\/johann-karl-friedrich-zollner\/\",\"url\":\"https:\/\/nuevo-renacer.com\/johann-karl-friedrich-zollner\/\",\"name\":\"Johann Karl Friedrich Z\u00f6llner - Uni\u00f3n Esp\u00edrita\",\"isPartOf\":{\"@id\":\"https:\/\/nuevo-renacer.com\/#website\"},\"primaryImageOfPage\":{\"@id\":\"https:\/\/nuevo-renacer.com\/johann-karl-friedrich-zollner\/#primaryimage\"},\"image\":{\"@id\":\"https:\/\/nuevo-renacer.com\/johann-karl-friedrich-zollner\/#primaryimage\"},\"thumbnailUrl\":\"https:\/\/nuevo-renacer.com\/wp-content\/uploads\/2025\/05\/portrait.jpg\",\"datePublished\":\"2025-05-23T11:09:43+00:00\",\"dateModified\":\"2025-05-23T11:09:46+00:00\",\"breadcrumb\":{\"@id\":\"https:\/\/nuevo-renacer.com\/johann-karl-friedrich-zollner\/#breadcrumb\"},\"inLanguage\":\"tr\",\"potentialAction\":[{\"@type\":\"ReadAction\",\"target\":[\"https:\/\/nuevo-renacer.com\/johann-karl-friedrich-zollner\/\"]}]},{\"@type\":\"ImageObject\",\"inLanguage\":\"tr\",\"@id\":\"https:\/\/nuevo-renacer.com\/johann-karl-friedrich-zollner\/#primaryimage\",\"url\":\"https:\/\/nuevo-renacer.com\/wp-content\/uploads\/2025\/05\/portrait.jpg\",\"contentUrl\":\"https:\/\/nuevo-renacer.com\/wp-content\/uploads\/2025\/05\/portrait.jpg\"},{\"@type\":\"BreadcrumbList\",\"@id\":\"https:\/\/nuevo-renacer.com\/johann-karl-friedrich-zollner\/#breadcrumb\",\"itemListElement\":[{\"@type\":\"ListItem\",\"position\":1,\"name\":\"Startseite\",\"item\":\"https:\/\/nuevo-renacer.com\/\"},{\"@type\":\"ListItem\",\"position\":2,\"name\":\"Johann Karl Friedrich Z\u00f6llner\"}]},{\"@type\":\"WebSite\",\"@id\":\"https:\/\/nuevo-renacer.com\/#website\",\"url\":\"https:\/\/nuevo-renacer.com\/\",\"name\":\"Uni\u00f3n Esp\u00edrita\",\"description\":\"Nuevo Renacer\",\"publisher\":{\"@id\":\"https:\/\/nuevo-renacer.com\/#organization\"},\"potentialAction\":[{\"@type\":\"SearchAction\",\"target\":{\"@type\":\"EntryPoint\",\"urlTemplate\":\"https:\/\/nuevo-renacer.com\/?s={search_term_string}\"},\"query-input\":{\"@type\":\"PropertyValueSpecification\",\"valueRequired\":true,\"valueName\":\"search_term_string\"}}],\"inLanguage\":\"tr\"},{\"@type\":\"Organization\",\"@id\":\"https:\/\/nuevo-renacer.com\/#organization\",\"name\":\"UFEC\",\"url\":\"https:\/\/nuevo-renacer.com\/\",\"logo\":{\"@type\":\"ImageObject\",\"inLanguage\":\"tr\",\"@id\":\"https:\/\/nuevo-renacer.com\/#\/schema\/logo\/image\/\",\"url\":\"https:\/\/nuevo-renacer.com\/wp-content\/uploads\/2024\/05\/cropped-LOGO-TERMINADO1-3-3.png\",\"contentUrl\":\"https:\/\/nuevo-renacer.com\/wp-content\/uploads\/2024\/05\/cropped-LOGO-TERMINADO1-3-3.png\",\"width\":512,\"height\":512,\"caption\":\"UFEC\"},\"image\":{\"@id\":\"https:\/\/nuevo-renacer.com\/#\/schema\/logo\/image\/\"},\"sameAs\":[\"https:\/\/www.facebook.com\/groups\/3431398063740829\"]}]}<\/script>\n<!-- \/ Yoast SEO Premium plugin. -->","yoast_head_json":{"title":"Johann Karl Friedrich Z\u00f6llner - Uni\u00f3n Esp\u00edrita","robots":{"index":"index","follow":"follow","max-snippet":"max-snippet:-1","max-image-preview":"max-image-preview:large","max-video-preview":"max-video-preview:-1"},"canonical":"https:\/\/nuevo-renacer.com\/tr\/johann-karl-friedrich-zollner\/","og_locale":"tr_TR","og_type":"article","og_title":"Johann Karl Friedrich Z\u00f6llner","og_description":"Johann Karl Friedrich Z\u00f6llner Friedrich Z\u00f6llner, como era m\u00e1s conocido, fue un famoso astrof\u00edsico y profesor de la Universidad de Leipzig, Alemania. Naci\u00f3 en Berl\u00edn el 8 de noviembre de 1834 y muri\u00f3 prematuramente en Leipzig (Alemania) el 25 de abril de 1882, a la edad de 48 a\u00f1os. Dej\u00f3 tras de s\u00ed numerosos trabajos [&hellip;]","og_url":"https:\/\/nuevo-renacer.com\/tr\/johann-karl-friedrich-zollner\/","og_site_name":"Uni\u00f3n Esp\u00edrita","article_publisher":"https:\/\/www.facebook.com\/groups\/3431398063740829","article_modified_time":"2025-05-23T11:09:46+00:00","og_image":[{"width":177,"height":236,"url":"https:\/\/nuevo-renacer.com\/wp-content\/uploads\/2025\/05\/portrait.jpg","type":"image\/jpeg"}],"twitter_card":"summary_large_image","twitter_misc":{"Tahmini okuma s\u00fcresi":"6 dakika"},"schema":{"@context":"https:\/\/schema.org","@graph":[{"@type":"WebPage","@id":"https:\/\/nuevo-renacer.com\/johann-karl-friedrich-zollner\/","url":"https:\/\/nuevo-renacer.com\/johann-karl-friedrich-zollner\/","name":"Johann Karl Friedrich Z\u00f6llner - Uni\u00f3n Esp\u00edrita","isPartOf":{"@id":"https:\/\/nuevo-renacer.com\/#website"},"primaryImageOfPage":{"@id":"https:\/\/nuevo-renacer.com\/johann-karl-friedrich-zollner\/#primaryimage"},"image":{"@id":"https:\/\/nuevo-renacer.com\/johann-karl-friedrich-zollner\/#primaryimage"},"thumbnailUrl":"https:\/\/nuevo-renacer.com\/wp-content\/uploads\/2025\/05\/portrait.jpg","datePublished":"2025-05-23T11:09:43+00:00","dateModified":"2025-05-23T11:09:46+00:00","breadcrumb":{"@id":"https:\/\/nuevo-renacer.com\/johann-karl-friedrich-zollner\/#breadcrumb"},"inLanguage":"tr","potentialAction":[{"@type":"ReadAction","target":["https:\/\/nuevo-renacer.com\/johann-karl-friedrich-zollner\/"]}]},{"@type":"ImageObject","inLanguage":"tr","@id":"https:\/\/nuevo-renacer.com\/johann-karl-friedrich-zollner\/#primaryimage","url":"https:\/\/nuevo-renacer.com\/wp-content\/uploads\/2025\/05\/portrait.jpg","contentUrl":"https:\/\/nuevo-renacer.com\/wp-content\/uploads\/2025\/05\/portrait.jpg"},{"@type":"BreadcrumbList","@id":"https:\/\/nuevo-renacer.com\/johann-karl-friedrich-zollner\/#breadcrumb","itemListElement":[{"@type":"ListItem","position":1,"name":"Startseite","item":"https:\/\/nuevo-renacer.com\/"},{"@type":"ListItem","position":2,"name":"Johann Karl Friedrich Z\u00f6llner"}]},{"@type":"WebSite","@id":"https:\/\/nuevo-renacer.com\/#website","url":"https:\/\/nuevo-renacer.com\/","name":"Uni\u00f3n Esp\u00edrita","description":"Nuevo Renacer","publisher":{"@id":"https:\/\/nuevo-renacer.com\/#organization"},"potentialAction":[{"@type":"SearchAction","target":{"@type":"EntryPoint","urlTemplate":"https:\/\/nuevo-renacer.com\/?s={search_term_string}"},"query-input":{"@type":"PropertyValueSpecification","valueRequired":true,"valueName":"search_term_string"}}],"inLanguage":"tr"},{"@type":"Organization","@id":"https:\/\/nuevo-renacer.com\/#organization","name":"UFEC","url":"https:\/\/nuevo-renacer.com\/","logo":{"@type":"ImageObject","inLanguage":"tr","@id":"https:\/\/nuevo-renacer.com\/#\/schema\/logo\/image\/","url":"https:\/\/nuevo-renacer.com\/wp-content\/uploads\/2024\/05\/cropped-LOGO-TERMINADO1-3-3.png","contentUrl":"https:\/\/nuevo-renacer.com\/wp-content\/uploads\/2024\/05\/cropped-LOGO-TERMINADO1-3-3.png","width":512,"height":512,"caption":"UFEC"},"image":{"@id":"https:\/\/nuevo-renacer.com\/#\/schema\/logo\/image\/"},"sameAs":["https:\/\/www.facebook.com\/groups\/3431398063740829"]}]}},"uagb_featured_image_src":{"full":false,"thumbnail":false,"medium":false,"medium_large":false,"large":false,"1536x1536":false,"2048x2048":false,"trp-custom-language-flag":false},"uagb_author_info":{"display_name":"adbv0","author_link":"https:\/\/nuevo-renacer.com\/tr\/author\/adbv0\/"},"uagb_comment_info":0,"uagb_excerpt":"Johann Karl Friedrich Z\u00f6llner Friedrich Z\u00f6llner, como era m\u00e1s conocido, fue un famoso astrof\u00edsico y profesor de la Universidad de Leipzig, Alemania. Naci\u00f3 en Berl\u00edn el 8 de noviembre de 1834 y muri\u00f3 prematuramente en Leipzig (Alemania) el 25 de abril de 1882, a la edad de 48 a\u00f1os. Dej\u00f3 tras de s\u00ed numerosos trabajos&hellip;","jetpack_sharing_enabled":true,"_links":{"self":[{"href":"https:\/\/nuevo-renacer.com\/tr\/wp-json\/wp\/v2\/pages\/8198","targetHints":{"allow":["GET"]}}],"collection":[{"href":"https:\/\/nuevo-renacer.com\/tr\/wp-json\/wp\/v2\/pages"}],"about":[{"href":"https:\/\/nuevo-renacer.com\/tr\/wp-json\/wp\/v2\/types\/page"}],"author":[{"embeddable":true,"href":"https:\/\/nuevo-renacer.com\/tr\/wp-json\/wp\/v2\/users\/1"}],"replies":[{"embeddable":true,"href":"https:\/\/nuevo-renacer.com\/tr\/wp-json\/wp\/v2\/comments?post=8198"}],"version-history":[{"count":1,"href":"https:\/\/nuevo-renacer.com\/tr\/wp-json\/wp\/v2\/pages\/8198\/revisions"}],"predecessor-version":[{"id":8200,"href":"https:\/\/nuevo-renacer.com\/tr\/wp-json\/wp\/v2\/pages\/8198\/revisions\/8200"}],"wp:attachment":[{"href":"https:\/\/nuevo-renacer.com\/tr\/wp-json\/wp\/v2\/media?parent=8198"}],"curies":[{"name":"wp","href":"https:\/\/api.w.org\/{rel}","templated":true}]}}