{"id":8113,"date":"2025-05-15T07:49:30","date_gmt":"2025-05-15T07:49:30","guid":{"rendered":"https:\/\/nuevo-renacer.com\/?page_id=8113"},"modified":"2025-05-15T07:49:33","modified_gmt":"2025-05-15T07:49:33","slug":"heinrich-heine","status":"publish","type":"page","link":"https:\/\/nuevo-renacer.com\/tr\/heinrich-heine\/","title":{"rendered":"Heinrich Heine"},"content":{"rendered":"<div class=\"wp-block-uagb-container uagb-block-06273b8d alignfull uagb-is-root-container\"><div class=\"uagb-container-inner-blocks-wrap\">\n<p class=\"has-black-color has-text-color has-link-color has-medium-font-size wp-elements-088f064877dc85df7678228f4484fc10\"><strong>Heinrich Heine<\/strong><\/p>\n<\/div><\/div>\n\n\n\n<div class=\"wp-block-uagb-container uagb-block-7262f6f7 alignfull uagb-is-root-container\"><div class=\"uagb-container-inner-blocks-wrap\">\n<figure class=\"wp-block-image size-large is-resized\"><img fetchpriority=\"high\" decoding=\"async\" width=\"855\" height=\"1024\" src=\"https:\/\/nuevo-renacer.com\/wp-content\/uploads\/2025\/05\/HeinrichHeine-855x1024.jpg\" alt=\"\" class=\"wp-image-8114\" style=\"width:235px;height:auto\" srcset=\"https:\/\/nuevo-renacer.com\/wp-content\/uploads\/2025\/05\/HeinrichHeine-855x1024.jpg 855w, https:\/\/nuevo-renacer.com\/wp-content\/uploads\/2025\/05\/HeinrichHeine-251x300.jpg 251w, https:\/\/nuevo-renacer.com\/wp-content\/uploads\/2025\/05\/HeinrichHeine-768x920.jpg 768w, https:\/\/nuevo-renacer.com\/wp-content\/uploads\/2025\/05\/HeinrichHeine-1283x1536.jpg 1283w, https:\/\/nuevo-renacer.com\/wp-content\/uploads\/2025\/05\/HeinrichHeine-10x12.jpg 10w, https:\/\/nuevo-renacer.com\/wp-content\/uploads\/2025\/05\/HeinrichHeine.jpg 1336w\" sizes=\"(max-width: 855px) 100vw, 855px\" \/><\/figure>\n<\/div><\/div>\n\n\n\n<div class=\"wp-block-uagb-container uagb-block-9cacc3eb alignfull uagb-is-root-container\"><div class=\"uagb-container-inner-blocks-wrap\">\n<p class=\"has-black-color has-text-color has-link-color has-small-font-size wp-elements-ada37ca292d8e0ad4eb840a451b56f7c\">Heinrich Heine, Ruh\u00e7ulu\u011fa G\u00f6re M\u00fcjde'de XX. b\u00f6l\u00fcm\u00fcn Sonuncu \u0130lk Olacakt\u0131r ba\u015fl\u0131kl\u0131 3. maddesinde yer alan mesaj\u0131 imzalam\u0131\u015ft\u0131r.<\/p>\n\n\n\n<p class=\"has-black-color has-text-color has-link-color has-small-font-size wp-elements-e88b397633d0c2a37200acc76d8c006d\">Heinrich Heine 13 Aral\u0131k 1797'de D\u00fcsseldorf'ta Yahudi bir ailenin \u00e7ocu\u011fu olarak d\u00fcnyaya geldi. Kaderi ticaretti, bu nedenle babas\u0131 taraf\u0131ndan Hamburg'daki bankac\u0131 bir amcas\u0131n\u0131n yan\u0131na g\u00f6nderildi. K\u0131sa s\u00fcre sonra ticari becerilerinin olmad\u0131\u011f\u0131 anla\u015f\u0131ld\u0131 ve amcas\u0131 onu hukuk e\u011fitimi almas\u0131 i\u00e7in Bonn'a g\u00f6nderdi. Ancak gen\u00e7 Harry, o zamanki ad\u0131yla Harry, edebi konulara ilgi duymaya ba\u015flad\u0131 ve edebiyat derslerini takip etti.<\/p>\n\n\n\n<p class=\"has-black-color has-text-color has-link-color has-small-font-size wp-elements-782b608ad5802d78e5b117d2a1196cfe\">Berlin, edebiyat salonlar\u0131na kat\u0131lmas\u0131na ve Hegel'in siyasi felsefesini takip etmesine olanak tan\u0131yan en elveri\u015fli ortamd\u0131. Bir \u015fair ve gazeteci olarak \u015fiirleri ve seyahat kitaplar\u0131yla \u00fcnlendi. \u00dclkedeki antisemit iklimden tiksinerek 1831'de Paris'e g\u00f6\u00e7 etti.<\/p>\n\n\n\n<p class=\"has-black-color has-text-color has-link-color has-small-font-size wp-elements-53669acbaa950f775b9a8e05b22f1ee7\">Orada \u00f6nde gelen Alman gazetelerinin muhabiri oldu. D\u00f6neminin en huzursuz ve tart\u0131\u015fmal\u0131 gazetecilerinden biriydi. Augsburg General Journal i\u00e7in Frans\u0131z ya\u015fam\u0131n\u0131 anlatt\u0131; parlamento, bas\u0131n, sanat d\u00fcnyas\u0131, tiyatro ve m\u00fczik onun de\u011fi\u015fmez konular\u0131yd\u0131.<\/p>\n\n\n\n<p class=\"has-black-color has-text-color has-link-color has-small-font-size wp-elements-54418656f19274977c065d8d142c0360\">Etkisi hem Almanya i\u00e7inde hem de d\u0131\u015f\u0131nda \u00e7ok b\u00fcy\u00fckt\u00fc. XIX. y\u00fczy\u0131l\u0131n ikinci yar\u0131s\u0131nda b\u00fct\u00fcn Alman \u015fairleri Heinous gibi g\u00f6r\u00fcn\u00fcyordu.<\/p>\n\n\n\n<p class=\"has-black-color has-text-color has-link-color has-small-font-size wp-elements-491eab81662239dfccaf0e3bdbe4a6fe\">\u015eiiri ba\u015flang\u0131\u00e7ta melankolik bir lirizmdir. Duygusal \u015fiirleri mutsuzluk ve a\u015fk a\u011f\u0131tlar\u0131yla doludur. Baz\u0131 a\u015fk \u015fiirleri evrensel bir \u00fcne kavu\u015fmu\u015f ve daha sonra Schubert, Schumann ve di\u011fer bir\u00e7ok besteci taraf\u0131ndan m\u00fczi\u011fe uyarlanm\u0131\u015ft\u0131r.<\/p>\n\n\n\n<p class=\"has-black-color has-text-color has-link-color has-small-font-size wp-elements-f31dc7c918e3a0296438a58737eb1819\">Serbest naz\u0131mla denize adanm\u0131\u015f \u015fiirler yazd\u0131. Ve son olarak, a\u00e7l\u0131k \u00e7eken Silezyal\u0131 dokumac\u0131lar\u0131n grevinden esinlenen The Weavers (Dokumac\u0131lar) gibi zaman\u0131n durumlar\u0131n\u0131 tasvir eden \u015fiirlerle politik \u015fiirler yazd\u0131.<\/p>\n\n\n\n<p class=\"has-black-color has-text-color has-link-color has-small-font-size wp-elements-c8e3b9fc0eeaa03b4272fd865703805f\">Bir d\u00fczyaz\u0131 yazar\u0131 olarak, Alman dili edebiyat\u0131nda her d\u00f6nemin en \u00e7evik yazarlar\u0131ndan biri olarak kabul edilir. En iddial\u0131 eserleri Romantik Okul ve Almanya'da Din ve Felsefe Tarihi \u00dczerine'dir. Bu sonuncusunda Heine, Frans\u0131zlara \u00fclkesinin estetik ve felsefi d\u00fc\u015f\u00fcncesini g\u00f6stermeye \u00e7al\u0131\u015farak Mme de St\u00e4el'in Almanya hakk\u0131ndaki kitab\u0131n\u0131 tamamlamak istemi\u015f gibi g\u00f6r\u00fcnmektedir. Alman bilincinin devrimci bir uyan\u0131\u015f\u0131n\u0131n kehanetini ve her \u015feyden \u00f6nce \u015fairin Hegel'in d\u00fc\u015f\u00fcncesinin evrensel \u00f6nemine olan inanc\u0131n\u0131 i\u00e7erir.<\/p>\n\n\n\n<p class=\"has-black-color has-text-color has-link-color has-small-font-size wp-elements-65bd66247878b763ed7cc74cc28e6262\">Ekonomik s\u0131k\u0131nt\u0131lar \u00e7ekti, siyasi \u00e7at\u0131\u015fmalarla kar\u015f\u0131la\u015ft\u0131 ve sonunda hastal\u0131\u011fa kurban gitti. Fel\u00e7 oldu ve 17 \u015eubat 1856'da Paris'te \u00f6ld\u00fc.<\/p>\n\n\n\n<p class=\"has-black-color has-text-color has-link-color has-small-font-size wp-elements-8a3b246aa96922b0fbb0ffc6f03895f2\">Ruh\u00e7ulu\u011fa G\u00f6re M\u00fcjde'de mesaj\u0131 Paris 1863 tarihlidir.<\/p>\n<\/div><\/div>\n\n\n\n<div class=\"wp-block-uagb-container uagb-block-77c76dc3 alignfull uagb-is-root-container\"><div class=\"uagb-container-inner-blocks-wrap\"><\/div><\/div>\n\n\n\n<div class=\"wp-block-uagb-container uagb-block-d5a4cb9d alignfull uagb-is-root-container\"><div class=\"uagb-container-inner-blocks-wrap\"><\/div><\/div>","protected":false},"excerpt":{"rendered":"<p>Heinrich Heine Heinrich Heine firm\u00f3 el mensaje incluido en El Evangelio seg\u00fan el Espiritismo, en el punto 3 del cap\u00edtulo XX, titulado Los \u00faltimos ser\u00e1n los primeros. Naci\u00f3 en D\u00fcsseldorf, el 13 de diciembre de 1797, en el seno de una familia jud\u00eda. Su destino era el comercio, por lo que fue enviado por su [&hellip;]<\/p>","protected":false},"author":1,"featured_media":0,"parent":0,"menu_order":0,"comment_status":"closed","ping_status":"closed","template":"","meta":{"_uag_custom_page_level_css":"","site-sidebar-layout":"default","site-content-layout":"","ast-site-content-layout":"default","site-content-style":"default","site-sidebar-style":"default","ast-global-header-display":"","ast-banner-title-visibility":"","ast-main-header-display":"","ast-hfb-above-header-display":"","ast-hfb-below-header-display":"","ast-hfb-mobile-header-display":"","site-post-title":"disabled","ast-breadcrumbs-content":"","ast-featured-img":"","footer-sml-layout":"","theme-transparent-header-meta":"","adv-header-id-meta":"","stick-header-meta":"","header-above-stick-meta":"","header-main-stick-meta":"","header-below-stick-meta":"","astra-migrate-meta-layouts":"set","ast-page-background-enabled":"default","ast-page-background-meta":{"desktop":{"background-color":"var(--ast-global-color-4)","background-image":"","background-repeat":"repeat","background-position":"center center","background-size":"auto","background-attachment":"scroll","background-type":"","background-media":"","overlay-type":"","overlay-color":"","overlay-opacity":"","overlay-gradient":""},"tablet":{"background-color":"","background-image":"","background-repeat":"repeat","background-position":"center center","background-size":"auto","background-attachment":"scroll","background-type":"","background-media":"","overlay-type":"","overlay-color":"","overlay-opacity":"","overlay-gradient":""},"mobile":{"background-color":"","background-image":"","background-repeat":"repeat","background-position":"center center","background-size":"auto","background-attachment":"scroll","background-type":"","background-media":"","overlay-type":"","overlay-color":"","overlay-opacity":"","overlay-gradient":""}},"ast-content-background-meta":{"desktop":{"background-color":"var(--ast-global-color-5)","background-image":"","background-repeat":"repeat","background-position":"center center","background-size":"auto","background-attachment":"scroll","background-type":"","background-media":"","overlay-type":"","overlay-color":"","overlay-opacity":"","overlay-gradient":""},"tablet":{"background-color":"var(--ast-global-color-5)","background-image":"","background-repeat":"repeat","background-position":"center center","background-size":"auto","background-attachment":"scroll","background-type":"","background-media":"","overlay-type":"","overlay-color":"","overlay-opacity":"","overlay-gradient":""},"mobile":{"background-color":"var(--ast-global-color-5)","background-image":"","background-repeat":"repeat","background-position":"center center","background-size":"auto","background-attachment":"scroll","background-type":"","background-media":"","overlay-type":"","overlay-color":"","overlay-opacity":"","overlay-gradient":""}},"footnotes":""},"class_list":["post-8113","page","type-page","status-publish","hentry"],"yoast_head":"<!-- This site is optimized with the Yoast SEO Premium plugin v24.2 (Yoast SEO v24.6) - https:\/\/yoast.com\/wordpress\/plugins\/seo\/ -->\n<title>Heinrich Heine - Uni\u00f3n Esp\u00edrita<\/title>\n<meta name=\"robots\" content=\"index, follow, max-snippet:-1, max-image-preview:large, max-video-preview:-1\" \/>\n<link rel=\"canonical\" href=\"https:\/\/nuevo-renacer.com\/tr\/heinrich-heine\/\" \/>\n<meta property=\"og:locale\" content=\"tr_TR\" \/>\n<meta property=\"og:type\" content=\"article\" \/>\n<meta property=\"og:title\" content=\"Heinrich Heine\" \/>\n<meta property=\"og:description\" content=\"Heinrich Heine Heinrich Heine firm\u00f3 el mensaje incluido en El Evangelio seg\u00fan el Espiritismo, en el punto 3 del cap\u00edtulo XX, titulado Los \u00faltimos ser\u00e1n los primeros. Naci\u00f3 en D\u00fcsseldorf, el 13 de diciembre de 1797, en el seno de una familia jud\u00eda. Su destino era el comercio, por lo que fue enviado por su [&hellip;]\" \/>\n<meta property=\"og:url\" content=\"https:\/\/nuevo-renacer.com\/tr\/heinrich-heine\/\" \/>\n<meta property=\"og:site_name\" content=\"Uni\u00f3n Esp\u00edrita\" \/>\n<meta property=\"article:publisher\" content=\"https:\/\/www.facebook.com\/groups\/3431398063740829\" \/>\n<meta property=\"article:modified_time\" content=\"2025-05-15T07:49:33+00:00\" \/>\n<meta property=\"og:image\" content=\"https:\/\/nuevo-renacer.com\/wp-content\/uploads\/2025\/05\/HeinrichHeine.jpg\" \/>\n\t<meta property=\"og:image:width\" content=\"1336\" \/>\n\t<meta property=\"og:image:height\" content=\"1600\" \/>\n\t<meta property=\"og:image:type\" content=\"image\/jpeg\" \/>\n<meta name=\"twitter:card\" content=\"summary_large_image\" \/>\n<meta name=\"twitter:label1\" content=\"Tahmini okuma s\u00fcresi\" \/>\n\t<meta name=\"twitter:data1\" content=\"3 dakika\" \/>\n<script type=\"application\/ld+json\" class=\"yoast-schema-graph\">{\"@context\":\"https:\/\/schema.org\",\"@graph\":[{\"@type\":\"WebPage\",\"@id\":\"https:\/\/nuevo-renacer.com\/heinrich-heine\/\",\"url\":\"https:\/\/nuevo-renacer.com\/heinrich-heine\/\",\"name\":\"Heinrich Heine - Uni\u00f3n Esp\u00edrita\",\"isPartOf\":{\"@id\":\"https:\/\/nuevo-renacer.com\/#website\"},\"primaryImageOfPage\":{\"@id\":\"https:\/\/nuevo-renacer.com\/heinrich-heine\/#primaryimage\"},\"image\":{\"@id\":\"https:\/\/nuevo-renacer.com\/heinrich-heine\/#primaryimage\"},\"thumbnailUrl\":\"https:\/\/nuevo-renacer.com\/wp-content\/uploads\/2025\/05\/HeinrichHeine-855x1024.jpg\",\"datePublished\":\"2025-05-15T07:49:30+00:00\",\"dateModified\":\"2025-05-15T07:49:33+00:00\",\"breadcrumb\":{\"@id\":\"https:\/\/nuevo-renacer.com\/heinrich-heine\/#breadcrumb\"},\"inLanguage\":\"tr\",\"potentialAction\":[{\"@type\":\"ReadAction\",\"target\":[\"https:\/\/nuevo-renacer.com\/heinrich-heine\/\"]}]},{\"@type\":\"ImageObject\",\"inLanguage\":\"tr\",\"@id\":\"https:\/\/nuevo-renacer.com\/heinrich-heine\/#primaryimage\",\"url\":\"https:\/\/nuevo-renacer.com\/wp-content\/uploads\/2025\/05\/HeinrichHeine-855x1024.jpg\",\"contentUrl\":\"https:\/\/nuevo-renacer.com\/wp-content\/uploads\/2025\/05\/HeinrichHeine-855x1024.jpg\"},{\"@type\":\"BreadcrumbList\",\"@id\":\"https:\/\/nuevo-renacer.com\/heinrich-heine\/#breadcrumb\",\"itemListElement\":[{\"@type\":\"ListItem\",\"position\":1,\"name\":\"Startseite\",\"item\":\"https:\/\/nuevo-renacer.com\/\"},{\"@type\":\"ListItem\",\"position\":2,\"name\":\"Heinrich Heine\"}]},{\"@type\":\"WebSite\",\"@id\":\"https:\/\/nuevo-renacer.com\/#website\",\"url\":\"https:\/\/nuevo-renacer.com\/\",\"name\":\"Uni\u00f3n Esp\u00edrita\",\"description\":\"Nuevo Renacer\",\"publisher\":{\"@id\":\"https:\/\/nuevo-renacer.com\/#organization\"},\"potentialAction\":[{\"@type\":\"SearchAction\",\"target\":{\"@type\":\"EntryPoint\",\"urlTemplate\":\"https:\/\/nuevo-renacer.com\/?s={search_term_string}\"},\"query-input\":{\"@type\":\"PropertyValueSpecification\",\"valueRequired\":true,\"valueName\":\"search_term_string\"}}],\"inLanguage\":\"tr\"},{\"@type\":\"Organization\",\"@id\":\"https:\/\/nuevo-renacer.com\/#organization\",\"name\":\"UFEC\",\"url\":\"https:\/\/nuevo-renacer.com\/\",\"logo\":{\"@type\":\"ImageObject\",\"inLanguage\":\"tr\",\"@id\":\"https:\/\/nuevo-renacer.com\/#\/schema\/logo\/image\/\",\"url\":\"https:\/\/nuevo-renacer.com\/wp-content\/uploads\/2024\/05\/cropped-LOGO-TERMINADO1-3-3.png\",\"contentUrl\":\"https:\/\/nuevo-renacer.com\/wp-content\/uploads\/2024\/05\/cropped-LOGO-TERMINADO1-3-3.png\",\"width\":512,\"height\":512,\"caption\":\"UFEC\"},\"image\":{\"@id\":\"https:\/\/nuevo-renacer.com\/#\/schema\/logo\/image\/\"},\"sameAs\":[\"https:\/\/www.facebook.com\/groups\/3431398063740829\"]}]}<\/script>\n<!-- \/ Yoast SEO Premium plugin. -->","yoast_head_json":{"title":"Heinrich Heine - Uni\u00f3n Esp\u00edrita","robots":{"index":"index","follow":"follow","max-snippet":"max-snippet:-1","max-image-preview":"max-image-preview:large","max-video-preview":"max-video-preview:-1"},"canonical":"https:\/\/nuevo-renacer.com\/tr\/heinrich-heine\/","og_locale":"tr_TR","og_type":"article","og_title":"Heinrich Heine","og_description":"Heinrich Heine Heinrich Heine firm\u00f3 el mensaje incluido en El Evangelio seg\u00fan el Espiritismo, en el punto 3 del cap\u00edtulo XX, titulado Los \u00faltimos ser\u00e1n los primeros. Naci\u00f3 en D\u00fcsseldorf, el 13 de diciembre de 1797, en el seno de una familia jud\u00eda. Su destino era el comercio, por lo que fue enviado por su [&hellip;]","og_url":"https:\/\/nuevo-renacer.com\/tr\/heinrich-heine\/","og_site_name":"Uni\u00f3n Esp\u00edrita","article_publisher":"https:\/\/www.facebook.com\/groups\/3431398063740829","article_modified_time":"2025-05-15T07:49:33+00:00","og_image":[{"width":1336,"height":1600,"url":"https:\/\/nuevo-renacer.com\/wp-content\/uploads\/2025\/05\/HeinrichHeine.jpg","type":"image\/jpeg"}],"twitter_card":"summary_large_image","twitter_misc":{"Tahmini okuma s\u00fcresi":"3 dakika"},"schema":{"@context":"https:\/\/schema.org","@graph":[{"@type":"WebPage","@id":"https:\/\/nuevo-renacer.com\/heinrich-heine\/","url":"https:\/\/nuevo-renacer.com\/heinrich-heine\/","name":"Heinrich Heine - Uni\u00f3n Esp\u00edrita","isPartOf":{"@id":"https:\/\/nuevo-renacer.com\/#website"},"primaryImageOfPage":{"@id":"https:\/\/nuevo-renacer.com\/heinrich-heine\/#primaryimage"},"image":{"@id":"https:\/\/nuevo-renacer.com\/heinrich-heine\/#primaryimage"},"thumbnailUrl":"https:\/\/nuevo-renacer.com\/wp-content\/uploads\/2025\/05\/HeinrichHeine-855x1024.jpg","datePublished":"2025-05-15T07:49:30+00:00","dateModified":"2025-05-15T07:49:33+00:00","breadcrumb":{"@id":"https:\/\/nuevo-renacer.com\/heinrich-heine\/#breadcrumb"},"inLanguage":"tr","potentialAction":[{"@type":"ReadAction","target":["https:\/\/nuevo-renacer.com\/heinrich-heine\/"]}]},{"@type":"ImageObject","inLanguage":"tr","@id":"https:\/\/nuevo-renacer.com\/heinrich-heine\/#primaryimage","url":"https:\/\/nuevo-renacer.com\/wp-content\/uploads\/2025\/05\/HeinrichHeine-855x1024.jpg","contentUrl":"https:\/\/nuevo-renacer.com\/wp-content\/uploads\/2025\/05\/HeinrichHeine-855x1024.jpg"},{"@type":"BreadcrumbList","@id":"https:\/\/nuevo-renacer.com\/heinrich-heine\/#breadcrumb","itemListElement":[{"@type":"ListItem","position":1,"name":"Startseite","item":"https:\/\/nuevo-renacer.com\/"},{"@type":"ListItem","position":2,"name":"Heinrich Heine"}]},{"@type":"WebSite","@id":"https:\/\/nuevo-renacer.com\/#website","url":"https:\/\/nuevo-renacer.com\/","name":"Uni\u00f3n Esp\u00edrita","description":"Nuevo Renacer","publisher":{"@id":"https:\/\/nuevo-renacer.com\/#organization"},"potentialAction":[{"@type":"SearchAction","target":{"@type":"EntryPoint","urlTemplate":"https:\/\/nuevo-renacer.com\/?s={search_term_string}"},"query-input":{"@type":"PropertyValueSpecification","valueRequired":true,"valueName":"search_term_string"}}],"inLanguage":"tr"},{"@type":"Organization","@id":"https:\/\/nuevo-renacer.com\/#organization","name":"UFEC","url":"https:\/\/nuevo-renacer.com\/","logo":{"@type":"ImageObject","inLanguage":"tr","@id":"https:\/\/nuevo-renacer.com\/#\/schema\/logo\/image\/","url":"https:\/\/nuevo-renacer.com\/wp-content\/uploads\/2024\/05\/cropped-LOGO-TERMINADO1-3-3.png","contentUrl":"https:\/\/nuevo-renacer.com\/wp-content\/uploads\/2024\/05\/cropped-LOGO-TERMINADO1-3-3.png","width":512,"height":512,"caption":"UFEC"},"image":{"@id":"https:\/\/nuevo-renacer.com\/#\/schema\/logo\/image\/"},"sameAs":["https:\/\/www.facebook.com\/groups\/3431398063740829"]}]}},"uagb_featured_image_src":{"full":false,"thumbnail":false,"medium":false,"medium_large":false,"large":false,"1536x1536":false,"2048x2048":false,"trp-custom-language-flag":false},"uagb_author_info":{"display_name":"adbv0","author_link":"https:\/\/nuevo-renacer.com\/tr\/author\/adbv0\/"},"uagb_comment_info":0,"uagb_excerpt":"Heinrich Heine Heinrich Heine firm\u00f3 el mensaje incluido en El Evangelio seg\u00fan el Espiritismo, en el punto 3 del cap\u00edtulo XX, titulado Los \u00faltimos ser\u00e1n los primeros. Naci\u00f3 en D\u00fcsseldorf, el 13 de diciembre de 1797, en el seno de una familia jud\u00eda. Su destino era el comercio, por lo que fue enviado por su&hellip;","jetpack_sharing_enabled":true,"_links":{"self":[{"href":"https:\/\/nuevo-renacer.com\/tr\/wp-json\/wp\/v2\/pages\/8113","targetHints":{"allow":["GET"]}}],"collection":[{"href":"https:\/\/nuevo-renacer.com\/tr\/wp-json\/wp\/v2\/pages"}],"about":[{"href":"https:\/\/nuevo-renacer.com\/tr\/wp-json\/wp\/v2\/types\/page"}],"author":[{"embeddable":true,"href":"https:\/\/nuevo-renacer.com\/tr\/wp-json\/wp\/v2\/users\/1"}],"replies":[{"embeddable":true,"href":"https:\/\/nuevo-renacer.com\/tr\/wp-json\/wp\/v2\/comments?post=8113"}],"version-history":[{"count":1,"href":"https:\/\/nuevo-renacer.com\/tr\/wp-json\/wp\/v2\/pages\/8113\/revisions"}],"predecessor-version":[{"id":8115,"href":"https:\/\/nuevo-renacer.com\/tr\/wp-json\/wp\/v2\/pages\/8113\/revisions\/8115"}],"wp:attachment":[{"href":"https:\/\/nuevo-renacer.com\/tr\/wp-json\/wp\/v2\/media?parent=8113"}],"curies":[{"name":"wp","href":"https:\/\/api.w.org\/{rel}","templated":true}]}}