{"id":8108,"date":"2025-05-15T06:57:47","date_gmt":"2025-05-15T06:57:47","guid":{"rendered":"https:\/\/nuevo-renacer.com\/?page_id=8108"},"modified":"2025-05-15T07:01:20","modified_gmt":"2025-05-15T07:01:20","slug":"christian-friedrich-samuel-hahnemann","status":"publish","type":"page","link":"https:\/\/nuevo-renacer.com\/tr\/christian-friedrich-samuel-hahnemann\/","title":{"rendered":"Christian Friedrich Samuel Hahnemann"},"content":{"rendered":"<div class=\"wp-block-uagb-container uagb-block-c0404e6d alignfull uagb-is-root-container\"><div class=\"uagb-container-inner-blocks-wrap\">\n<p class=\"has-black-color has-text-color has-link-color has-medium-font-size wp-elements-74a37b7e457310e4ae8c248472fba7f9\"><strong>Christian Friedrich Samuel Hahnemann<\/strong><\/p>\n<\/div><\/div>\n\n\n\n<div class=\"wp-block-uagb-container uagb-block-fed108c3 alignfull uagb-is-root-container\"><div class=\"uagb-container-inner-blocks-wrap\">\n<figure class=\"wp-block-image size-large is-resized\"><img fetchpriority=\"high\" decoding=\"async\" width=\"779\" height=\"1024\" src=\"https:\/\/nuevo-renacer.com\/wp-content\/uploads\/2025\/05\/Hahnemann-779x1024.jpg\" alt=\"\" class=\"wp-image-8109\" style=\"width:259px;height:auto\" srcset=\"https:\/\/nuevo-renacer.com\/wp-content\/uploads\/2025\/05\/Hahnemann-779x1024.jpg 779w, https:\/\/nuevo-renacer.com\/wp-content\/uploads\/2025\/05\/Hahnemann-228x300.jpg 228w, https:\/\/nuevo-renacer.com\/wp-content\/uploads\/2025\/05\/Hahnemann-768x1009.jpg 768w, https:\/\/nuevo-renacer.com\/wp-content\/uploads\/2025\/05\/Hahnemann-9x12.jpg 9w, https:\/\/nuevo-renacer.com\/wp-content\/uploads\/2025\/05\/Hahnemann.jpg 950w\" sizes=\"(max-width: 779px) 100vw, 779px\" \/><\/figure>\n<\/div><\/div>\n\n\n\n<div class=\"wp-block-uagb-container uagb-block-dd865936 alignfull uagb-is-root-container\"><div class=\"uagb-container-inner-blocks-wrap\">\n<p class=\"has-black-color has-text-color has-link-color has-small-font-size wp-elements-7a08a56f326c53436f3c5facc91d3c9e\">Christian Friedrich Samuel Hahnemann 10 Nisan 1755'te Meissen, Saksonya'da do\u011fdu. Ailesi ona Christian, \u0130sa'n\u0131n takip\u00e7isi; Friedrich, kral\u0131n koruyucusu; Samuel, Tanr\u0131 beni duydu, Tanr\u0131'n\u0131n takdiri olarak isimlerini verdi.<\/p>\n\n\n\n<p class=\"has-black-color has-text-color has-link-color has-small-font-size wp-elements-8259603f25716b9daeadc0a7e0eac02b\">Babas\u0131 bir porselen ressam\u0131yd\u0131 ve kendisi de babas\u0131n\u0131n kariyerini takip etmeye haz\u0131rd\u0131. Okulda ulusal dilin yan\u0131 s\u0131ra \u0130ngilizce, Frans\u0131zca, \u0130spanyolca, Latince, Arap\u00e7a, Yunanca, \u0130branice ve Keldanice gibi bir\u00e7ok yabanc\u0131 dil \u00f6\u011frendi. Amac\u0131 gelecekte ba\u015fka \u00fclkelerde porselen ticareti yapabilmekti.<\/p>\n\n\n\n<p class=\"has-black-color has-text-color has-link-color has-small-font-size wp-elements-da362443a2c368b5bfa42278d81cca21\">Ancak onun kaderi farkl\u0131 olacakt\u0131. Leipzig ve Viyana'da t\u0131p e\u011fitimi almaya gitti. Yoksul oldu\u011fu i\u00e7in \u00e7eviri yaparak ge\u00e7imini sa\u011flad\u0131 ve bu sayede varolu\u015f\u00e7u doktrinlerle ilgili eserlerle tan\u0131\u015ft\u0131.<\/p>\n\n\n\n<p class=\"has-black-color has-text-color has-link-color has-small-font-size wp-elements-b29345186dd766275cb4566d42169e93\">1812'de Leipzig \u00dcniversitesi'nde profes\u00f6r oldu. Ancak t\u0131p kariyerinde, tedavi etti\u011fi hastalar\u0131 iyile\u015ftirmede iyi sonu\u00e7lar alamad\u0131\u011f\u0131 i\u00e7in endi\u015felenmeye ba\u015flad\u0131. Arkada\u015flar\u0131 onun r\u00fcya g\u00f6rd\u00fc\u011f\u00fcn\u00fc, arzulad\u0131\u011f\u0131 her \u015feyin bir \u00fctopya oldu\u011funu s\u00f6yledi. \u0130nsan s\u0131n\u0131rl\u0131d\u0131r ve bilgisi de \u00f6yle.<\/p>\n\n\n\n<p class=\"has-black-color has-text-color has-link-color has-small-font-size wp-elements-bf39d1b5761a18b0e0eb4ac964e7f96c\">Nihayet 36 ya\u015f\u0131nda, klinik olarak tedavi etti\u011fi bir arkada\u015f\u0131n\u0131n \u00f6l\u00fcm\u00fcnden sonra t\u0131bb\u0131 b\u0131rakmaya karar verdi.<\/p>\n\n\n\n<p class=\"has-black-color has-text-color has-link-color has-small-font-size wp-elements-7d8fda738daf331e7002ce47e64fd6fd\">Muayenehanesine gitti ve hastalar\u0131na onlar\u0131 bir daha asla g\u00f6rmeyece\u011fini s\u00f6yledi. E\u011fer onlar\u0131 iyile\u015ftiremiyorsan, bilimin ne anlam\u0131 var! Ve hepsini kovdu. Cesareti derinden k\u0131r\u0131lm\u0131\u015f. Hayatta kalmak ve ailesine destek olmak i\u00e7in \u00f6zellikle kimya ve farmakoloji alanlar\u0131nda \u00e7eviri yapmaya ba\u015flar.<\/p>\n\n\n\n<p class=\"has-black-color has-text-color has-link-color has-small-font-size wp-elements-fed521407fcd65c8a1b9e9828d8ac2f3\">1790 y\u0131l\u0131nda, \u0130sko\u00e7 bir doktor olan William Cullen'in bir eserini \u00e7evirirken, kininin \u00f6zelliklerinin anlat\u0131m\u0131 onu \u00e7ok etkiler. \u00d6zellikle de kinin zehirlenmesinin do\u011fal bir hastal\u0131k olan aral\u0131kl\u0131 ate\u015fe benzer semptomlar g\u00f6stermesi onu \u00e7ok etkiledi. Kendisi de kinin dozlar\u0131 almaya ba\u015flad\u0131 ve sonu\u00e7lar\u0131n m\u00fccadele etti\u011fi ate\u015fle benzer oldu\u011funu g\u00f6rd\u00fc.<\/p>\n\n\n\n<p class=\"has-black-color has-text-color has-link-color has-small-font-size wp-elements-b452d7a8465441d5599873b8756e827d\">Deneyi c\u0131va, belladonna ve digitalis gibi di\u011fer ila\u00e7larla, her zaman sa\u011fl\u0131kl\u0131 erkeklerde tekrarlad\u0131 ve sonunda \u015fu ifadede \u00f6zetlenen homeopatik doktrini geli\u015ftirdi: similia similibus curantur, yani benzer semptomlar benzer ila\u00e7larla tedavi edilir. 1796 y\u0131l\u0131nda g\u00f6zlemleri yay\u0131nland\u0131. Bu g\u00f6zlemler onun en \u00f6nemli eserini olu\u015fturacakt\u0131: 1810'da yay\u0131nlanan Organon'da sistemini a\u00e7\u0131klad\u0131 ve homeopatiyi yaratt\u0131. Daha sonra The Pure Medical Science ve The Theory and Homeopathic Treatment of Chronic Diseases adl\u0131 eserlerini yay\u0131nlayacakt\u0131r.<\/p>\n\n\n\n<p class=\"has-black-color has-text-color has-link-color has-small-font-size wp-elements-5e92463a6136340c408b89936a91b5a2\">Homeopatik ilkeler, sa\u011fl\u0131kl\u0131 bir bireyde \u00f6nemli bir dozda semptomatik bir durumu tetikleyebilen herhangi bir maddenin, k\u00fc\u00e7\u00fck dozlarda uyguland\u0131\u011f\u0131nda bu durumu ortadan kald\u0131rma kapasitesine de sahip oldu\u011funu ortaya koymaktad\u0131r. Ayr\u0131ca, ila\u00e7lar\u0131n haz\u0131rlanmas\u0131 sonsuz k\u00fc\u00e7\u00fck seyreltmeler gerektirir, \u00e7\u00fcnk\u00fc bunlar kaba maddelerin dinamik t\u0131bbi erdemlerini geli\u015ftirme kapasitesine sahip olacakt\u0131r.<\/p>\n\n\n\n<p class=\"has-black-color has-text-color has-link-color has-small-font-size wp-elements-484868edee8f62582f9a50da0d9e001a\">Hahnemann ba\u015flang\u0131\u00e7tan itibaren, \u00f6zellikle eczac\u0131lar taraf\u0131ndan, a\u00e7\u0131klad\u0131\u011f\u0131 \u015feylere kar\u015f\u0131 \u015fiddetli bir kampanyaya maruz kald\u0131 ve bu y\u00fczden b\u00fcy\u00fck ac\u0131lar \u00e7ekti. Ancak 1835 y\u0131l\u0131nda, 80 ya\u015f\u0131n\u0131 a\u015fm\u0131\u015f ve dul bir adamken, son \u00e7are olarak k\u00f6y\u00fcne gelen gen\u00e7 bir kad\u0131n taraf\u0131ndan arand\u0131 ve onun taraf\u0131ndan iyile\u015ftirildi. \u0130kili tan\u0131\u015fm\u0131\u015f ve kad\u0131n onu Paris'e g\u00f6t\u00fcrm\u00fc\u015f ve orada nihayet tan\u0131nm\u0131\u015ft\u0131r.<\/p>\n\n\n\n<p class=\"has-black-color has-text-color has-link-color has-small-font-size wp-elements-9e3bb7b3ffd0879d8a89a9fbbe629664\">Ruhlar Kitab\u0131'n\u0131n yay\u0131nlanmas\u0131ndan ve Ruh\u00e7uluk doktrininin do\u011fu\u015fundan 14 y\u0131l \u00f6nce, 2 Temmuz 1843'te Paris'te \u00f6ld\u00fc. Kodifikasyondan sorumlu ruhani ekibin bir \u00fcyesi olarak, \u00f6zellikle Ruh\u00e7ulu\u011fun \u0131\u015f\u0131\u011f\u0131nda M\u00fcjde, B\u00f6l\u00fcm IX, Ne mutlu uysal ve bar\u0131\u015f\u00e7\u0131l olanlara, Madde 10, ruhun erdemleri ve erdemsizliklerini ele alan metni imzalayarak katk\u0131da bulunmu\u015ftur. Bu mesaj 1863 y\u0131l\u0131nda Paris'te iletilmi\u015ftir.<\/p>\n\n\n\n<p class=\"has-black-color has-text-color has-link-color has-small-font-size wp-elements-d2ebd33852d24de82275e2cf5251c45b\">Ayn\u0131 y\u0131l, 13 Mart'ta, Paris Ruh\u00e7ular Derne\u011fi'nde, Bayan Costel'in medyumlu\u011funda, Hahnemann, oturumda haz\u0131r bulunan yabanc\u0131 bir homeopatik hekime yan\u0131t olarak bilimin o zamanki durumu hakk\u0131nda konu\u015ftu. Bu tez Spiritist Review'in alt\u0131nc\u0131 cildinde yer almaktad\u0131r.<\/p>\n<\/div><\/div>\n\n\n\n<div class=\"wp-block-uagb-container uagb-block-be8e81de alignfull uagb-is-root-container\"><div class=\"uagb-container-inner-blocks-wrap\"><\/div><\/div>\n\n\n\n<div class=\"wp-block-uagb-container uagb-block-fed5b0ee alignfull uagb-is-root-container\"><div class=\"uagb-container-inner-blocks-wrap\"><\/div><\/div>","protected":false},"excerpt":{"rendered":"<p>Christian Friedrich Samuel Hahnemann Christian Friedrich Samuel Hahnemann naci\u00f3 el 10 de abril de 1755 en Meissen, Sajonia. Sus padres le pusieron los nombres de Christian, seguidor de Cristo; Friedrich, protegido del rey; Samuel, Dios me ha escuchado, en reconocimiento a Dios. Su padre era pintor de porcelana y \u00e9l mismo estaba preparado para seguir [&hellip;]<\/p>","protected":false},"author":1,"featured_media":0,"parent":0,"menu_order":0,"comment_status":"closed","ping_status":"closed","template":"","meta":{"_uag_custom_page_level_css":"","site-sidebar-layout":"default","site-content-layout":"","ast-site-content-layout":"default","site-content-style":"default","site-sidebar-style":"default","ast-global-header-display":"","ast-banner-title-visibility":"","ast-main-header-display":"","ast-hfb-above-header-display":"","ast-hfb-below-header-display":"","ast-hfb-mobile-header-display":"","site-post-title":"disabled","ast-breadcrumbs-content":"","ast-featured-img":"","footer-sml-layout":"","theme-transparent-header-meta":"","adv-header-id-meta":"","stick-header-meta":"","header-above-stick-meta":"","header-main-stick-meta":"","header-below-stick-meta":"","astra-migrate-meta-layouts":"set","ast-page-background-enabled":"default","ast-page-background-meta":{"desktop":{"background-color":"var(--ast-global-color-4)","background-image":"","background-repeat":"repeat","background-position":"center center","background-size":"auto","background-attachment":"scroll","background-type":"","background-media":"","overlay-type":"","overlay-color":"","overlay-opacity":"","overlay-gradient":""},"tablet":{"background-color":"","background-image":"","background-repeat":"repeat","background-position":"center center","background-size":"auto","background-attachment":"scroll","background-type":"","background-media":"","overlay-type":"","overlay-color":"","overlay-opacity":"","overlay-gradient":""},"mobile":{"background-color":"","background-image":"","background-repeat":"repeat","background-position":"center center","background-size":"auto","background-attachment":"scroll","background-type":"","background-media":"","overlay-type":"","overlay-color":"","overlay-opacity":"","overlay-gradient":""}},"ast-content-background-meta":{"desktop":{"background-color":"var(--ast-global-color-5)","background-image":"","background-repeat":"repeat","background-position":"center center","background-size":"auto","background-attachment":"scroll","background-type":"","background-media":"","overlay-type":"","overlay-color":"","overlay-opacity":"","overlay-gradient":""},"tablet":{"background-color":"var(--ast-global-color-5)","background-image":"","background-repeat":"repeat","background-position":"center center","background-size":"auto","background-attachment":"scroll","background-type":"","background-media":"","overlay-type":"","overlay-color":"","overlay-opacity":"","overlay-gradient":""},"mobile":{"background-color":"var(--ast-global-color-5)","background-image":"","background-repeat":"repeat","background-position":"center center","background-size":"auto","background-attachment":"scroll","background-type":"","background-media":"","overlay-type":"","overlay-color":"","overlay-opacity":"","overlay-gradient":""}},"footnotes":""},"class_list":["post-8108","page","type-page","status-publish","hentry"],"yoast_head":"<!-- This site is optimized with the Yoast SEO Premium plugin v24.2 (Yoast SEO v24.6) - https:\/\/yoast.com\/wordpress\/plugins\/seo\/ -->\n<title>Christian Friedrich Samuel Hahnemann - Uni\u00f3n Esp\u00edrita<\/title>\n<meta name=\"robots\" content=\"index, follow, max-snippet:-1, max-image-preview:large, max-video-preview:-1\" \/>\n<link rel=\"canonical\" href=\"https:\/\/nuevo-renacer.com\/tr\/christian-friedrich-samuel-hahnemann\/\" \/>\n<meta property=\"og:locale\" content=\"tr_TR\" \/>\n<meta property=\"og:type\" content=\"article\" \/>\n<meta property=\"og:title\" content=\"Christian Friedrich Samuel Hahnemann\" \/>\n<meta property=\"og:description\" content=\"Christian Friedrich Samuel Hahnemann Christian Friedrich Samuel Hahnemann naci\u00f3 el 10 de abril de 1755 en Meissen, Sajonia. Sus padres le pusieron los nombres de Christian, seguidor de Cristo; Friedrich, protegido del rey; Samuel, Dios me ha escuchado, en reconocimiento a Dios. Su padre era pintor de porcelana y \u00e9l mismo estaba preparado para seguir [&hellip;]\" \/>\n<meta property=\"og:url\" content=\"https:\/\/nuevo-renacer.com\/tr\/christian-friedrich-samuel-hahnemann\/\" \/>\n<meta property=\"og:site_name\" content=\"Uni\u00f3n Esp\u00edrita\" \/>\n<meta property=\"article:publisher\" content=\"https:\/\/www.facebook.com\/groups\/3431398063740829\" \/>\n<meta property=\"article:modified_time\" content=\"2025-05-15T07:01:20+00:00\" \/>\n<meta property=\"og:image\" content=\"https:\/\/nuevo-renacer.com\/wp-content\/uploads\/2025\/05\/Hahnemann.jpg\" \/>\n\t<meta property=\"og:image:width\" content=\"950\" \/>\n\t<meta property=\"og:image:height\" content=\"1248\" \/>\n\t<meta property=\"og:image:type\" content=\"image\/jpeg\" \/>\n<meta name=\"twitter:card\" content=\"summary_large_image\" \/>\n<meta name=\"twitter:label1\" content=\"Tahmini okuma s\u00fcresi\" \/>\n\t<meta name=\"twitter:data1\" content=\"4 dakika\" \/>\n<script type=\"application\/ld+json\" class=\"yoast-schema-graph\">{\"@context\":\"https:\/\/schema.org\",\"@graph\":[{\"@type\":\"WebPage\",\"@id\":\"https:\/\/nuevo-renacer.com\/christian-friedrich-samuel-hahnemann\/\",\"url\":\"https:\/\/nuevo-renacer.com\/christian-friedrich-samuel-hahnemann\/\",\"name\":\"Christian Friedrich Samuel Hahnemann - Uni\u00f3n Esp\u00edrita\",\"isPartOf\":{\"@id\":\"https:\/\/nuevo-renacer.com\/#website\"},\"primaryImageOfPage\":{\"@id\":\"https:\/\/nuevo-renacer.com\/christian-friedrich-samuel-hahnemann\/#primaryimage\"},\"image\":{\"@id\":\"https:\/\/nuevo-renacer.com\/christian-friedrich-samuel-hahnemann\/#primaryimage\"},\"thumbnailUrl\":\"https:\/\/nuevo-renacer.com\/wp-content\/uploads\/2025\/05\/Hahnemann-779x1024.jpg\",\"datePublished\":\"2025-05-15T06:57:47+00:00\",\"dateModified\":\"2025-05-15T07:01:20+00:00\",\"breadcrumb\":{\"@id\":\"https:\/\/nuevo-renacer.com\/christian-friedrich-samuel-hahnemann\/#breadcrumb\"},\"inLanguage\":\"tr\",\"potentialAction\":[{\"@type\":\"ReadAction\",\"target\":[\"https:\/\/nuevo-renacer.com\/christian-friedrich-samuel-hahnemann\/\"]}]},{\"@type\":\"ImageObject\",\"inLanguage\":\"tr\",\"@id\":\"https:\/\/nuevo-renacer.com\/christian-friedrich-samuel-hahnemann\/#primaryimage\",\"url\":\"https:\/\/nuevo-renacer.com\/wp-content\/uploads\/2025\/05\/Hahnemann-779x1024.jpg\",\"contentUrl\":\"https:\/\/nuevo-renacer.com\/wp-content\/uploads\/2025\/05\/Hahnemann-779x1024.jpg\"},{\"@type\":\"BreadcrumbList\",\"@id\":\"https:\/\/nuevo-renacer.com\/christian-friedrich-samuel-hahnemann\/#breadcrumb\",\"itemListElement\":[{\"@type\":\"ListItem\",\"position\":1,\"name\":\"Startseite\",\"item\":\"https:\/\/nuevo-renacer.com\/\"},{\"@type\":\"ListItem\",\"position\":2,\"name\":\"Christian Friedrich Samuel Hahnemann\"}]},{\"@type\":\"WebSite\",\"@id\":\"https:\/\/nuevo-renacer.com\/#website\",\"url\":\"https:\/\/nuevo-renacer.com\/\",\"name\":\"Uni\u00f3n Esp\u00edrita\",\"description\":\"Nuevo Renacer\",\"publisher\":{\"@id\":\"https:\/\/nuevo-renacer.com\/#organization\"},\"potentialAction\":[{\"@type\":\"SearchAction\",\"target\":{\"@type\":\"EntryPoint\",\"urlTemplate\":\"https:\/\/nuevo-renacer.com\/?s={search_term_string}\"},\"query-input\":{\"@type\":\"PropertyValueSpecification\",\"valueRequired\":true,\"valueName\":\"search_term_string\"}}],\"inLanguage\":\"tr\"},{\"@type\":\"Organization\",\"@id\":\"https:\/\/nuevo-renacer.com\/#organization\",\"name\":\"UFEC\",\"url\":\"https:\/\/nuevo-renacer.com\/\",\"logo\":{\"@type\":\"ImageObject\",\"inLanguage\":\"tr\",\"@id\":\"https:\/\/nuevo-renacer.com\/#\/schema\/logo\/image\/\",\"url\":\"https:\/\/nuevo-renacer.com\/wp-content\/uploads\/2024\/05\/cropped-LOGO-TERMINADO1-3-3.png\",\"contentUrl\":\"https:\/\/nuevo-renacer.com\/wp-content\/uploads\/2024\/05\/cropped-LOGO-TERMINADO1-3-3.png\",\"width\":512,\"height\":512,\"caption\":\"UFEC\"},\"image\":{\"@id\":\"https:\/\/nuevo-renacer.com\/#\/schema\/logo\/image\/\"},\"sameAs\":[\"https:\/\/www.facebook.com\/groups\/3431398063740829\"]}]}<\/script>\n<!-- \/ Yoast SEO Premium plugin. -->","yoast_head_json":{"title":"Christian Friedrich Samuel Hahnemann - Uni\u00f3n Esp\u00edrita","robots":{"index":"index","follow":"follow","max-snippet":"max-snippet:-1","max-image-preview":"max-image-preview:large","max-video-preview":"max-video-preview:-1"},"canonical":"https:\/\/nuevo-renacer.com\/tr\/christian-friedrich-samuel-hahnemann\/","og_locale":"tr_TR","og_type":"article","og_title":"Christian Friedrich Samuel Hahnemann","og_description":"Christian Friedrich Samuel Hahnemann Christian Friedrich Samuel Hahnemann naci\u00f3 el 10 de abril de 1755 en Meissen, Sajonia. Sus padres le pusieron los nombres de Christian, seguidor de Cristo; Friedrich, protegido del rey; Samuel, Dios me ha escuchado, en reconocimiento a Dios. Su padre era pintor de porcelana y \u00e9l mismo estaba preparado para seguir [&hellip;]","og_url":"https:\/\/nuevo-renacer.com\/tr\/christian-friedrich-samuel-hahnemann\/","og_site_name":"Uni\u00f3n Esp\u00edrita","article_publisher":"https:\/\/www.facebook.com\/groups\/3431398063740829","article_modified_time":"2025-05-15T07:01:20+00:00","og_image":[{"width":950,"height":1248,"url":"https:\/\/nuevo-renacer.com\/wp-content\/uploads\/2025\/05\/Hahnemann.jpg","type":"image\/jpeg"}],"twitter_card":"summary_large_image","twitter_misc":{"Tahmini okuma s\u00fcresi":"4 dakika"},"schema":{"@context":"https:\/\/schema.org","@graph":[{"@type":"WebPage","@id":"https:\/\/nuevo-renacer.com\/christian-friedrich-samuel-hahnemann\/","url":"https:\/\/nuevo-renacer.com\/christian-friedrich-samuel-hahnemann\/","name":"Christian Friedrich Samuel Hahnemann - Uni\u00f3n Esp\u00edrita","isPartOf":{"@id":"https:\/\/nuevo-renacer.com\/#website"},"primaryImageOfPage":{"@id":"https:\/\/nuevo-renacer.com\/christian-friedrich-samuel-hahnemann\/#primaryimage"},"image":{"@id":"https:\/\/nuevo-renacer.com\/christian-friedrich-samuel-hahnemann\/#primaryimage"},"thumbnailUrl":"https:\/\/nuevo-renacer.com\/wp-content\/uploads\/2025\/05\/Hahnemann-779x1024.jpg","datePublished":"2025-05-15T06:57:47+00:00","dateModified":"2025-05-15T07:01:20+00:00","breadcrumb":{"@id":"https:\/\/nuevo-renacer.com\/christian-friedrich-samuel-hahnemann\/#breadcrumb"},"inLanguage":"tr","potentialAction":[{"@type":"ReadAction","target":["https:\/\/nuevo-renacer.com\/christian-friedrich-samuel-hahnemann\/"]}]},{"@type":"ImageObject","inLanguage":"tr","@id":"https:\/\/nuevo-renacer.com\/christian-friedrich-samuel-hahnemann\/#primaryimage","url":"https:\/\/nuevo-renacer.com\/wp-content\/uploads\/2025\/05\/Hahnemann-779x1024.jpg","contentUrl":"https:\/\/nuevo-renacer.com\/wp-content\/uploads\/2025\/05\/Hahnemann-779x1024.jpg"},{"@type":"BreadcrumbList","@id":"https:\/\/nuevo-renacer.com\/christian-friedrich-samuel-hahnemann\/#breadcrumb","itemListElement":[{"@type":"ListItem","position":1,"name":"Startseite","item":"https:\/\/nuevo-renacer.com\/"},{"@type":"ListItem","position":2,"name":"Christian Friedrich Samuel Hahnemann"}]},{"@type":"WebSite","@id":"https:\/\/nuevo-renacer.com\/#website","url":"https:\/\/nuevo-renacer.com\/","name":"Uni\u00f3n Esp\u00edrita","description":"Nuevo Renacer","publisher":{"@id":"https:\/\/nuevo-renacer.com\/#organization"},"potentialAction":[{"@type":"SearchAction","target":{"@type":"EntryPoint","urlTemplate":"https:\/\/nuevo-renacer.com\/?s={search_term_string}"},"query-input":{"@type":"PropertyValueSpecification","valueRequired":true,"valueName":"search_term_string"}}],"inLanguage":"tr"},{"@type":"Organization","@id":"https:\/\/nuevo-renacer.com\/#organization","name":"UFEC","url":"https:\/\/nuevo-renacer.com\/","logo":{"@type":"ImageObject","inLanguage":"tr","@id":"https:\/\/nuevo-renacer.com\/#\/schema\/logo\/image\/","url":"https:\/\/nuevo-renacer.com\/wp-content\/uploads\/2024\/05\/cropped-LOGO-TERMINADO1-3-3.png","contentUrl":"https:\/\/nuevo-renacer.com\/wp-content\/uploads\/2024\/05\/cropped-LOGO-TERMINADO1-3-3.png","width":512,"height":512,"caption":"UFEC"},"image":{"@id":"https:\/\/nuevo-renacer.com\/#\/schema\/logo\/image\/"},"sameAs":["https:\/\/www.facebook.com\/groups\/3431398063740829"]}]}},"uagb_featured_image_src":{"full":false,"thumbnail":false,"medium":false,"medium_large":false,"large":false,"1536x1536":false,"2048x2048":false,"trp-custom-language-flag":false},"uagb_author_info":{"display_name":"adbv0","author_link":"https:\/\/nuevo-renacer.com\/tr\/author\/adbv0\/"},"uagb_comment_info":0,"uagb_excerpt":"Christian Friedrich Samuel Hahnemann Christian Friedrich Samuel Hahnemann naci\u00f3 el 10 de abril de 1755 en Meissen, Sajonia. Sus padres le pusieron los nombres de Christian, seguidor de Cristo; Friedrich, protegido del rey; Samuel, Dios me ha escuchado, en reconocimiento a Dios. Su padre era pintor de porcelana y \u00e9l mismo estaba preparado para seguir&hellip;","jetpack_sharing_enabled":true,"_links":{"self":[{"href":"https:\/\/nuevo-renacer.com\/tr\/wp-json\/wp\/v2\/pages\/8108","targetHints":{"allow":["GET"]}}],"collection":[{"href":"https:\/\/nuevo-renacer.com\/tr\/wp-json\/wp\/v2\/pages"}],"about":[{"href":"https:\/\/nuevo-renacer.com\/tr\/wp-json\/wp\/v2\/types\/page"}],"author":[{"embeddable":true,"href":"https:\/\/nuevo-renacer.com\/tr\/wp-json\/wp\/v2\/users\/1"}],"replies":[{"embeddable":true,"href":"https:\/\/nuevo-renacer.com\/tr\/wp-json\/wp\/v2\/comments?post=8108"}],"version-history":[{"count":2,"href":"https:\/\/nuevo-renacer.com\/tr\/wp-json\/wp\/v2\/pages\/8108\/revisions"}],"predecessor-version":[{"id":8111,"href":"https:\/\/nuevo-renacer.com\/tr\/wp-json\/wp\/v2\/pages\/8108\/revisions\/8111"}],"wp:attachment":[{"href":"https:\/\/nuevo-renacer.com\/tr\/wp-json\/wp\/v2\/media?parent=8108"}],"curies":[{"name":"wp","href":"https:\/\/api.w.org\/{rel}","templated":true}]}}