{"id":8104,"date":"2025-05-15T06:33:57","date_gmt":"2025-05-15T06:33:57","guid":{"rendered":"https:\/\/nuevo-renacer.com\/?page_id=8104"},"modified":"2025-05-15T06:34:00","modified_gmt":"2025-05-15T06:34:00","slug":"emanuel-von-swedenborg","status":"publish","type":"page","link":"https:\/\/nuevo-renacer.com\/tr\/emanuel-von-swedenborg\/","title":{"rendered":"Emanuel von Swedenborg"},"content":{"rendered":"<p><a href=\"https:\/\/www.projekt-gutenberg.org\/autoren\/namen\/swedborg.html\"><\/a><\/p>\n\n\n\n<p><a href=\"https:\/\/www.projekt-gutenberg.org\/autoren\/namen\/swedborg.html\"><\/a><\/p>\n\n\n\n<div class=\"wp-block-uagb-container uagb-block-449f88e2 alignfull uagb-is-root-container\"><div class=\"uagb-container-inner-blocks-wrap\">\n<p class=\"has-black-color has-text-color has-link-color has-medium-font-size wp-elements-19ef7e0e4bef8d4b717d71c1add68522\"><strong>Emanuel von Swedenborg<\/strong><\/p>\n<\/div><\/div>\n\n\n\n<div class=\"wp-block-uagb-container uagb-block-e8995034 alignfull uagb-is-root-container\"><div class=\"uagb-container-inner-blocks-wrap\">\n<figure class=\"wp-block-image size-large is-resized\"><img fetchpriority=\"high\" decoding=\"async\" width=\"797\" height=\"1024\" src=\"https:\/\/nuevo-renacer.com\/wp-content\/uploads\/2025\/05\/Swedenborg-797x1024.webp\" alt=\"\" class=\"wp-image-8105\" style=\"width:249px;height:auto\" srcset=\"https:\/\/nuevo-renacer.com\/wp-content\/uploads\/2025\/05\/Swedenborg-797x1024.webp 797w, https:\/\/nuevo-renacer.com\/wp-content\/uploads\/2025\/05\/Swedenborg-233x300.webp 233w, https:\/\/nuevo-renacer.com\/wp-content\/uploads\/2025\/05\/Swedenborg-768x987.webp 768w, https:\/\/nuevo-renacer.com\/wp-content\/uploads\/2025\/05\/Swedenborg-1195x1536.webp 1195w, https:\/\/nuevo-renacer.com\/wp-content\/uploads\/2025\/05\/Swedenborg-9x12.webp 9w, https:\/\/nuevo-renacer.com\/wp-content\/uploads\/2025\/05\/Swedenborg.webp 1200w\" sizes=\"(max-width: 797px) 100vw, 797px\" \/><\/figure>\n<\/div><\/div>\n\n\n\n<div class=\"wp-block-uagb-container uagb-block-7ad3f6f1 alignfull uagb-is-root-container\"><div class=\"uagb-container-inner-blocks-wrap\">\n<p class=\"has-black-color has-text-color has-link-color has-small-font-size wp-elements-66a8e1e8b6c60f848b6340c0cf06b018\">Arthur Conan Doyle ondan en b\u00fcy\u00fck ve en y\u00fcksek insan zekas\u0131 olarak bahsetmi\u015ftir. Asl\u0131nda, 29 Ocak 1688'de Stockholm'de \u0130sve\u00e7 Lutheran Kilisesi'nden bir piskoposun o\u011flu olarak d\u00fcnyaya gelen Emanuel von Swedenborg, hayat\u0131n\u0131n birka\u00e7 y\u0131l\u0131n\u0131 sade bir evanjelik ortamda ge\u00e7irmi\u015ftir. Derin bir Kutsal Kitap bilginiydi.<\/p>\n\n\n\n<p class=\"has-black-color has-text-color has-link-color has-small-font-size wp-elements-c50ed4679f9c6efeb23f092f5ea02371\">Uppsala'da e\u011fitim g\u00f6rd\u00fc ve matematik, mekanik, astronomi, jeoloji ve mineraloji bilgilerini geni\u015fletmek i\u00e7in Almanya, Fransa, Hollanda ve \u0130ngiltere'yi ziyaret etti.<\/p>\n\n\n\n<p class=\"has-black-color has-text-color has-link-color has-small-font-size wp-elements-e15e2a4476ca1731a51a2d0de2516587\">Hen\u00fcz 22 ya\u015f\u0131ndayken Latince \u015fiirlerinden olu\u015fan bir kitap yay\u0131nlad\u0131 ve 28 ya\u015f\u0131nda \u0130sve\u00e7 h\u00fck\u00fcmetine maden dan\u0131\u015fman\u0131 olarak atand\u0131. Leonardo da Vinci kadar \u00e7ok y\u00f6nl\u00fc biriydi; gemileri karada ta\u015f\u0131mak i\u00e7in mekanik cihazlar yaratt\u0131, para ekonomisi, alkol \u00fcretimi ve maliyeti, ondal\u0131k sistemin uygulanmas\u0131, ithalat ve ihracat aras\u0131ndaki ili\u015fki ve ulusal ekonomi \u00fczerine analizler yapt\u0131.<\/p>\n\n\n\n<p class=\"has-black-color has-text-color has-link-color has-small-font-size wp-elements-92ae5de49ef849440c49b44b1828e31b\">30'lu ya\u015flar\u0131n\u0131n ba\u015f\u0131nda paleontolojiye, jeolojiye, fosil \u00e7al\u0131\u015fmalar\u0131na y\u00f6neldi ve hatta g\u00fcne\u015f sisteminin k\u00f6kenini a\u00e7\u0131klamak i\u00e7in ileri bir neb\u00fcler geni\u015fleme teorisi geli\u015ftirdi. Ayr\u0131ca kendini t\u0131p ve fizyoloji \u00e7al\u0131\u015fmalar\u0131na adam\u0131\u015ft\u0131r. Ana dilinin yan\u0131 s\u0131ra Latince, Yunanca ve \u0130ngilizceyi ak\u0131c\u0131 bir \u015fekilde konu\u015fabiliyordu ve hatta Eski ve Yeni Ahit'in yeniden yorumlanmas\u0131n\u0131 \u00fcstlenmek i\u00e7in \u0130branice bile \u00f6\u011frendi.<\/p>\n\n\n\n<p class=\"has-black-color has-text-color has-link-color has-small-font-size wp-elements-0b9ad2c09b41f4a968e7fa416070bd55\">Hayat\u0131n\u0131n ilk b\u00f6l\u00fcm\u00fc zek\u00e2s\u0131na odaklanm\u0131\u015ft\u0131. Bununla birlikte, \u00e7ocukken vizyonlar g\u00f6rmeye devam etmesine ra\u011fmen, Nisan 1744'te yeni bir a\u015famaya, H\u0131ristiyan d\u00fc\u015f\u00fcncesi \u00e7er\u00e7evesinde Tanr\u0131 ve Evren ile ili\u015fkili olarak insan ruhunun bilgisini ara\u015ft\u0131rmaya ba\u015flad\u0131.<\/p>\n\n\n\n<p class=\"has-black-color has-text-color has-link-color has-small-font-size wp-elements-cc660cb969ae22b31e76bd179943b9ac\">Kendi s\u00f6zleriyle, ...ruhlar d\u00fcnyas\u0131, cennet ve cehennem bana ikna edici bir \u015fekilde a\u00e7\u0131ld\u0131 ve orada bir\u00e7ok tan\u0131d\u0131k ve her ko\u015fuldan insanla tan\u0131\u015ft\u0131m. O andan itibaren Rab her g\u00fcn Ruhumun g\u00f6zlerini a\u00e7arak \u00f6teki d\u00fcnyada neler olup bitti\u011fini tamamen uyan\u0131k bir \u015fekilde g\u00f6rmemi ve tam bir bilin\u00e7le meleklerle ve ruhlarla sohbet etmemi sa\u011flad\u0131.<\/p>\n\n\n\n<p class=\"has-black-color has-text-color has-link-color has-small-font-size wp-elements-8bb83777b45b22fd73de45cb74347987\">Ruh\u00e7u fikirlerin \u00f6nc\u00fclerinden biri olarak kabul edilen Cennet ve Cehennem, Yeni Kud\u00fcs ve Arcana Caelestia adl\u0131 eserlerinde \u00f6l\u00fcm s\u00fcrecini ve \u00f6teki d\u00fcnyay\u0131 anlatm\u0131\u015f, yap\u0131s\u0131n\u0131 detayland\u0131rm\u0131\u015ft\u0131r. Ailelerin ya\u015fad\u0131\u011f\u0131 evlerden, ibadet ettikleri tap\u0131naklardan, sosyal ama\u00e7lar i\u00e7in bir araya geldikleri oditoryumlardan bahsetmi\u015ftir. Ruhlar\u0131n parlakl\u0131k ve mutluluk derecelerini temsil eden \u00e7e\u015fitli k\u00fcreler tarif etti. Meleklerin ya da \u015feytanlar\u0131n olmad\u0131\u011f\u0131n\u0131, yaln\u0131zca bedenden geri kalm\u0131\u015f ya da \u00e7ok geli\u015fmi\u015f bir halde \u00e7\u0131kan insanlar\u0131n var oldu\u011funu ileri s\u00fcrm\u00fc\u015ft\u00fcr. Ebedi ceza olas\u0131l\u0131\u011f\u0131n\u0131 reddetmi\u015ftir.<\/p>\n\n\n\n<p class=\"has-black-color has-text-color has-link-color has-small-font-size wp-elements-4da05823e73859780fe1e09f8a620589\">Ruhlarla temas ve \u00e7ift g\u00f6rme gibi psi\u015fik deneyimlerle ilgili iddialar\u0131 hem dostlar\u0131n\u0131 cezbetti hem de d\u00fc\u015fmanlar\u0131n\u0131 kazand\u0131. \u0130sve\u00e7'in ba\u015fkentinden 300 mil uzakl\u0131ktaki G\u00f6teborg \u015fehrinde 19 Temmuz 1759'da ger\u00e7ekle\u015fti\u011fi gibi uzun mesafeli vizyonlar\u0131 ayr\u0131nt\u0131l\u0131 olarak ara\u015ft\u0131r\u0131ld\u0131. O gece Swedenborg, William Castell'in ailesiyle birlikte yakla\u015f\u0131k on be\u015f ki\u015fiyle birlikte yemek yedi ve \u00f6\u011fleden sonra \u00fc\u00e7te \u00e7\u0131kan ve ak\u015fam sekizde kontrol alt\u0131na al\u0131nan, kendi evinden \u00fc\u00e7 kap\u0131 \u00f6tedeki yang\u0131n\u0131 solgun ve tela\u015fl\u0131 bir \u015fekilde anlatt\u0131. O g\u00fcn cumartesiydi ve ancak sal\u0131 g\u00fcn\u00fc ger\u00e7ekleri do\u011frulayan bir mesaj geldi, buna yang\u0131n\u0131n ak\u015fam 8'de s\u00f6nd\u00fcr\u00fcld\u00fc\u011f\u00fc detay\u0131 da dahildi.<\/p>\n\n\n\n<p class=\"has-black-color has-text-color has-link-color has-small-font-size wp-elements-5feb96a2d0f3052e1483e19e4d50dbee\">Bir \u00e7ocuk kadar enerjik ve ya\u015fl\u0131l\u0131\u011f\u0131nda da nazik ve sakin olan bu ola\u011fan\u00fcst\u00fc adam. Pratik ve \u00e7al\u0131\u015fkand\u0131; uzun boylu, ince yap\u0131l\u0131, mavi g\u00f6zl\u00fcyd\u00fc ve omuzlar\u0131na kadar uzanan peru\u011fu, koyu renk giysileri, k\u0131sa pantolonu, tokal\u0131 ayakkab\u0131lar\u0131 ve bastonuyla her zaman kusursuzdu.<\/p>\n\n\n\n<p class=\"has-black-color has-text-color has-link-color has-small-font-size wp-elements-772c6f9774fcfbd5fe49d8cea1feb63b\">Uzun y\u0131llar ya\u015fad\u0131\u011f\u0131 ve medyumlu\u011fa ba\u015flad\u0131\u011f\u0131 \u015fehir olan Londra'da 29 Mart 1772'de \u00f6ld\u00fc. 72 y\u0131l sonra, Mart 1844'te bir \u00f6\u011fleden sonra, Andrew Jackson Davis adl\u0131 gen\u00e7 bir adama kendisini Ruh Galen ile birlikte ak\u0131l hocalar\u0131ndan biri olarak tan\u0131tt\u0131 ve ona medyumluk yolculu\u011funda dan\u0131\u015fmanl\u0131k yapmaya ba\u015flad\u0131.<\/p>\n\n\n\n<p class=\"has-black-color has-text-color has-link-color has-small-font-size wp-elements-4c4596468766296588f6094f9b8eefe5\">Spiritist Kodifikasyon'da ad\u0131 Prolegomena'da yer al\u0131r ve Ger\u00e7e\u011fin Ruhu ekibinin bir \u00fcyesi olarak etkin kat\u0131l\u0131m\u0131n\u0131 kan\u0131tlayarak \u00dc\u00e7\u00fcnc\u00fc Vahyin insanlar aras\u0131nda yerle\u015ftirilmesine katk\u0131da bulunur.<\/p>\n<\/div><\/div>\n\n\n\n<div class=\"wp-block-uagb-container uagb-block-575ebb36 alignfull uagb-is-root-container\"><div class=\"uagb-container-inner-blocks-wrap\"><\/div><\/div>\n\n\n\n<div class=\"wp-block-uagb-container uagb-block-34de665f alignfull uagb-is-root-container\"><div class=\"uagb-container-inner-blocks-wrap\"><\/div><\/div>","protected":false},"excerpt":{"rendered":"<p>Emanuel von Swedenborg Arthur Conan Doyle se refiri\u00f3 a \u00e9l como la mayor y m\u00e1s elevada inteligencia humana. De hecho, Emanuel von Swedenborg, nacido en Estocolmo el 29 de enero de 1688, hijo de un obispo de la Iglesia luterana sueca, vivi\u00f3 en un austero ambiente evang\u00e9lico durante algunos a\u00f1os de su vida. Fue un [&hellip;]<\/p>","protected":false},"author":1,"featured_media":0,"parent":0,"menu_order":0,"comment_status":"closed","ping_status":"closed","template":"","meta":{"_uag_custom_page_level_css":"","site-sidebar-layout":"default","site-content-layout":"","ast-site-content-layout":"default","site-content-style":"default","site-sidebar-style":"default","ast-global-header-display":"","ast-banner-title-visibility":"","ast-main-header-display":"","ast-hfb-above-header-display":"","ast-hfb-below-header-display":"","ast-hfb-mobile-header-display":"","site-post-title":"disabled","ast-breadcrumbs-content":"","ast-featured-img":"","footer-sml-layout":"","theme-transparent-header-meta":"","adv-header-id-meta":"","stick-header-meta":"","header-above-stick-meta":"","header-main-stick-meta":"","header-below-stick-meta":"","astra-migrate-meta-layouts":"set","ast-page-background-enabled":"default","ast-page-background-meta":{"desktop":{"background-color":"var(--ast-global-color-4)","background-image":"","background-repeat":"repeat","background-position":"center center","background-size":"auto","background-attachment":"scroll","background-type":"","background-media":"","overlay-type":"","overlay-color":"","overlay-opacity":"","overlay-gradient":""},"tablet":{"background-color":"","background-image":"","background-repeat":"repeat","background-position":"center center","background-size":"auto","background-attachment":"scroll","background-type":"","background-media":"","overlay-type":"","overlay-color":"","overlay-opacity":"","overlay-gradient":""},"mobile":{"background-color":"","background-image":"","background-repeat":"repeat","background-position":"center center","background-size":"auto","background-attachment":"scroll","background-type":"","background-media":"","overlay-type":"","overlay-color":"","overlay-opacity":"","overlay-gradient":""}},"ast-content-background-meta":{"desktop":{"background-color":"var(--ast-global-color-5)","background-image":"","background-repeat":"repeat","background-position":"center center","background-size":"auto","background-attachment":"scroll","background-type":"","background-media":"","overlay-type":"","overlay-color":"","overlay-opacity":"","overlay-gradient":""},"tablet":{"background-color":"var(--ast-global-color-5)","background-image":"","background-repeat":"repeat","background-position":"center center","background-size":"auto","background-attachment":"scroll","background-type":"","background-media":"","overlay-type":"","overlay-color":"","overlay-opacity":"","overlay-gradient":""},"mobile":{"background-color":"var(--ast-global-color-5)","background-image":"","background-repeat":"repeat","background-position":"center center","background-size":"auto","background-attachment":"scroll","background-type":"","background-media":"","overlay-type":"","overlay-color":"","overlay-opacity":"","overlay-gradient":""}},"footnotes":""},"class_list":["post-8104","page","type-page","status-publish","hentry"],"yoast_head":"<!-- This site is optimized with the Yoast SEO Premium plugin v24.2 (Yoast SEO v24.6) - https:\/\/yoast.com\/wordpress\/plugins\/seo\/ -->\n<title>Emanuel von Swedenborg - Uni\u00f3n Esp\u00edrita<\/title>\n<meta name=\"robots\" content=\"index, follow, max-snippet:-1, max-image-preview:large, max-video-preview:-1\" \/>\n<link rel=\"canonical\" href=\"https:\/\/nuevo-renacer.com\/tr\/emanuel-von-swedenborg\/\" \/>\n<meta property=\"og:locale\" content=\"tr_TR\" \/>\n<meta property=\"og:type\" content=\"article\" \/>\n<meta property=\"og:title\" content=\"Emanuel von Swedenborg\" \/>\n<meta property=\"og:description\" content=\"Emanuel von Swedenborg Arthur Conan Doyle se refiri\u00f3 a \u00e9l como la mayor y m\u00e1s elevada inteligencia humana. De hecho, Emanuel von Swedenborg, nacido en Estocolmo el 29 de enero de 1688, hijo de un obispo de la Iglesia luterana sueca, vivi\u00f3 en un austero ambiente evang\u00e9lico durante algunos a\u00f1os de su vida. Fue un [&hellip;]\" \/>\n<meta property=\"og:url\" content=\"https:\/\/nuevo-renacer.com\/tr\/emanuel-von-swedenborg\/\" \/>\n<meta property=\"og:site_name\" content=\"Uni\u00f3n Esp\u00edrita\" \/>\n<meta property=\"article:publisher\" content=\"https:\/\/www.facebook.com\/groups\/3431398063740829\" \/>\n<meta property=\"article:modified_time\" content=\"2025-05-15T06:34:00+00:00\" \/>\n<meta property=\"og:image\" content=\"https:\/\/nuevo-renacer.com\/wp-content\/uploads\/2025\/05\/Swedenborg.webp\" \/>\n\t<meta property=\"og:image:width\" content=\"1200\" \/>\n\t<meta property=\"og:image:height\" content=\"1542\" \/>\n\t<meta property=\"og:image:type\" content=\"image\/webp\" \/>\n<meta name=\"twitter:card\" content=\"summary_large_image\" \/>\n<meta name=\"twitter:label1\" content=\"Tahmini okuma s\u00fcresi\" \/>\n\t<meta name=\"twitter:data1\" content=\"5 dakika\" \/>\n<script type=\"application\/ld+json\" class=\"yoast-schema-graph\">{\"@context\":\"https:\/\/schema.org\",\"@graph\":[{\"@type\":\"WebPage\",\"@id\":\"https:\/\/nuevo-renacer.com\/emanuel-von-swedenborg\/\",\"url\":\"https:\/\/nuevo-renacer.com\/emanuel-von-swedenborg\/\",\"name\":\"Emanuel von Swedenborg - Uni\u00f3n Esp\u00edrita\",\"isPartOf\":{\"@id\":\"https:\/\/nuevo-renacer.com\/#website\"},\"primaryImageOfPage\":{\"@id\":\"https:\/\/nuevo-renacer.com\/emanuel-von-swedenborg\/#primaryimage\"},\"image\":{\"@id\":\"https:\/\/nuevo-renacer.com\/emanuel-von-swedenborg\/#primaryimage\"},\"thumbnailUrl\":\"https:\/\/nuevo-renacer.com\/wp-content\/uploads\/2025\/05\/Swedenborg-797x1024.webp\",\"datePublished\":\"2025-05-15T06:33:57+00:00\",\"dateModified\":\"2025-05-15T06:34:00+00:00\",\"breadcrumb\":{\"@id\":\"https:\/\/nuevo-renacer.com\/emanuel-von-swedenborg\/#breadcrumb\"},\"inLanguage\":\"tr\",\"potentialAction\":[{\"@type\":\"ReadAction\",\"target\":[\"https:\/\/nuevo-renacer.com\/emanuel-von-swedenborg\/\"]}]},{\"@type\":\"ImageObject\",\"inLanguage\":\"tr\",\"@id\":\"https:\/\/nuevo-renacer.com\/emanuel-von-swedenborg\/#primaryimage\",\"url\":\"https:\/\/nuevo-renacer.com\/wp-content\/uploads\/2025\/05\/Swedenborg-797x1024.webp\",\"contentUrl\":\"https:\/\/nuevo-renacer.com\/wp-content\/uploads\/2025\/05\/Swedenborg-797x1024.webp\"},{\"@type\":\"BreadcrumbList\",\"@id\":\"https:\/\/nuevo-renacer.com\/emanuel-von-swedenborg\/#breadcrumb\",\"itemListElement\":[{\"@type\":\"ListItem\",\"position\":1,\"name\":\"Startseite\",\"item\":\"https:\/\/nuevo-renacer.com\/\"},{\"@type\":\"ListItem\",\"position\":2,\"name\":\"Emanuel von Swedenborg\"}]},{\"@type\":\"WebSite\",\"@id\":\"https:\/\/nuevo-renacer.com\/#website\",\"url\":\"https:\/\/nuevo-renacer.com\/\",\"name\":\"Uni\u00f3n Esp\u00edrita\",\"description\":\"Nuevo Renacer\",\"publisher\":{\"@id\":\"https:\/\/nuevo-renacer.com\/#organization\"},\"potentialAction\":[{\"@type\":\"SearchAction\",\"target\":{\"@type\":\"EntryPoint\",\"urlTemplate\":\"https:\/\/nuevo-renacer.com\/?s={search_term_string}\"},\"query-input\":{\"@type\":\"PropertyValueSpecification\",\"valueRequired\":true,\"valueName\":\"search_term_string\"}}],\"inLanguage\":\"tr\"},{\"@type\":\"Organization\",\"@id\":\"https:\/\/nuevo-renacer.com\/#organization\",\"name\":\"UFEC\",\"url\":\"https:\/\/nuevo-renacer.com\/\",\"logo\":{\"@type\":\"ImageObject\",\"inLanguage\":\"tr\",\"@id\":\"https:\/\/nuevo-renacer.com\/#\/schema\/logo\/image\/\",\"url\":\"https:\/\/nuevo-renacer.com\/wp-content\/uploads\/2024\/05\/cropped-LOGO-TERMINADO1-3-3.png\",\"contentUrl\":\"https:\/\/nuevo-renacer.com\/wp-content\/uploads\/2024\/05\/cropped-LOGO-TERMINADO1-3-3.png\",\"width\":512,\"height\":512,\"caption\":\"UFEC\"},\"image\":{\"@id\":\"https:\/\/nuevo-renacer.com\/#\/schema\/logo\/image\/\"},\"sameAs\":[\"https:\/\/www.facebook.com\/groups\/3431398063740829\"]}]}<\/script>\n<!-- \/ Yoast SEO Premium plugin. -->","yoast_head_json":{"title":"Emanuel von Swedenborg - Uni\u00f3n Esp\u00edrita","robots":{"index":"index","follow":"follow","max-snippet":"max-snippet:-1","max-image-preview":"max-image-preview:large","max-video-preview":"max-video-preview:-1"},"canonical":"https:\/\/nuevo-renacer.com\/tr\/emanuel-von-swedenborg\/","og_locale":"tr_TR","og_type":"article","og_title":"Emanuel von Swedenborg","og_description":"Emanuel von Swedenborg Arthur Conan Doyle se refiri\u00f3 a \u00e9l como la mayor y m\u00e1s elevada inteligencia humana. De hecho, Emanuel von Swedenborg, nacido en Estocolmo el 29 de enero de 1688, hijo de un obispo de la Iglesia luterana sueca, vivi\u00f3 en un austero ambiente evang\u00e9lico durante algunos a\u00f1os de su vida. Fue un [&hellip;]","og_url":"https:\/\/nuevo-renacer.com\/tr\/emanuel-von-swedenborg\/","og_site_name":"Uni\u00f3n Esp\u00edrita","article_publisher":"https:\/\/www.facebook.com\/groups\/3431398063740829","article_modified_time":"2025-05-15T06:34:00+00:00","og_image":[{"width":1200,"height":1542,"url":"https:\/\/nuevo-renacer.com\/wp-content\/uploads\/2025\/05\/Swedenborg.webp","type":"image\/webp"}],"twitter_card":"summary_large_image","twitter_misc":{"Tahmini okuma s\u00fcresi":"5 dakika"},"schema":{"@context":"https:\/\/schema.org","@graph":[{"@type":"WebPage","@id":"https:\/\/nuevo-renacer.com\/emanuel-von-swedenborg\/","url":"https:\/\/nuevo-renacer.com\/emanuel-von-swedenborg\/","name":"Emanuel von Swedenborg - Uni\u00f3n Esp\u00edrita","isPartOf":{"@id":"https:\/\/nuevo-renacer.com\/#website"},"primaryImageOfPage":{"@id":"https:\/\/nuevo-renacer.com\/emanuel-von-swedenborg\/#primaryimage"},"image":{"@id":"https:\/\/nuevo-renacer.com\/emanuel-von-swedenborg\/#primaryimage"},"thumbnailUrl":"https:\/\/nuevo-renacer.com\/wp-content\/uploads\/2025\/05\/Swedenborg-797x1024.webp","datePublished":"2025-05-15T06:33:57+00:00","dateModified":"2025-05-15T06:34:00+00:00","breadcrumb":{"@id":"https:\/\/nuevo-renacer.com\/emanuel-von-swedenborg\/#breadcrumb"},"inLanguage":"tr","potentialAction":[{"@type":"ReadAction","target":["https:\/\/nuevo-renacer.com\/emanuel-von-swedenborg\/"]}]},{"@type":"ImageObject","inLanguage":"tr","@id":"https:\/\/nuevo-renacer.com\/emanuel-von-swedenborg\/#primaryimage","url":"https:\/\/nuevo-renacer.com\/wp-content\/uploads\/2025\/05\/Swedenborg-797x1024.webp","contentUrl":"https:\/\/nuevo-renacer.com\/wp-content\/uploads\/2025\/05\/Swedenborg-797x1024.webp"},{"@type":"BreadcrumbList","@id":"https:\/\/nuevo-renacer.com\/emanuel-von-swedenborg\/#breadcrumb","itemListElement":[{"@type":"ListItem","position":1,"name":"Startseite","item":"https:\/\/nuevo-renacer.com\/"},{"@type":"ListItem","position":2,"name":"Emanuel von Swedenborg"}]},{"@type":"WebSite","@id":"https:\/\/nuevo-renacer.com\/#website","url":"https:\/\/nuevo-renacer.com\/","name":"Uni\u00f3n Esp\u00edrita","description":"Nuevo Renacer","publisher":{"@id":"https:\/\/nuevo-renacer.com\/#organization"},"potentialAction":[{"@type":"SearchAction","target":{"@type":"EntryPoint","urlTemplate":"https:\/\/nuevo-renacer.com\/?s={search_term_string}"},"query-input":{"@type":"PropertyValueSpecification","valueRequired":true,"valueName":"search_term_string"}}],"inLanguage":"tr"},{"@type":"Organization","@id":"https:\/\/nuevo-renacer.com\/#organization","name":"UFEC","url":"https:\/\/nuevo-renacer.com\/","logo":{"@type":"ImageObject","inLanguage":"tr","@id":"https:\/\/nuevo-renacer.com\/#\/schema\/logo\/image\/","url":"https:\/\/nuevo-renacer.com\/wp-content\/uploads\/2024\/05\/cropped-LOGO-TERMINADO1-3-3.png","contentUrl":"https:\/\/nuevo-renacer.com\/wp-content\/uploads\/2024\/05\/cropped-LOGO-TERMINADO1-3-3.png","width":512,"height":512,"caption":"UFEC"},"image":{"@id":"https:\/\/nuevo-renacer.com\/#\/schema\/logo\/image\/"},"sameAs":["https:\/\/www.facebook.com\/groups\/3431398063740829"]}]}},"uagb_featured_image_src":{"full":false,"thumbnail":false,"medium":false,"medium_large":false,"large":false,"1536x1536":false,"2048x2048":false,"trp-custom-language-flag":false},"uagb_author_info":{"display_name":"adbv0","author_link":"https:\/\/nuevo-renacer.com\/tr\/author\/adbv0\/"},"uagb_comment_info":0,"uagb_excerpt":"Emanuel von Swedenborg Arthur Conan Doyle se refiri\u00f3 a \u00e9l como la mayor y m\u00e1s elevada inteligencia humana. De hecho, Emanuel von Swedenborg, nacido en Estocolmo el 29 de enero de 1688, hijo de un obispo de la Iglesia luterana sueca, vivi\u00f3 en un austero ambiente evang\u00e9lico durante algunos a\u00f1os de su vida. Fue un&hellip;","jetpack_sharing_enabled":true,"_links":{"self":[{"href":"https:\/\/nuevo-renacer.com\/tr\/wp-json\/wp\/v2\/pages\/8104","targetHints":{"allow":["GET"]}}],"collection":[{"href":"https:\/\/nuevo-renacer.com\/tr\/wp-json\/wp\/v2\/pages"}],"about":[{"href":"https:\/\/nuevo-renacer.com\/tr\/wp-json\/wp\/v2\/types\/page"}],"author":[{"embeddable":true,"href":"https:\/\/nuevo-renacer.com\/tr\/wp-json\/wp\/v2\/users\/1"}],"replies":[{"embeddable":true,"href":"https:\/\/nuevo-renacer.com\/tr\/wp-json\/wp\/v2\/comments?post=8104"}],"version-history":[{"count":1,"href":"https:\/\/nuevo-renacer.com\/tr\/wp-json\/wp\/v2\/pages\/8104\/revisions"}],"predecessor-version":[{"id":8106,"href":"https:\/\/nuevo-renacer.com\/tr\/wp-json\/wp\/v2\/pages\/8104\/revisions\/8106"}],"wp:attachment":[{"href":"https:\/\/nuevo-renacer.com\/tr\/wp-json\/wp\/v2\/media?parent=8104"}],"curies":[{"name":"wp","href":"https:\/\/api.w.org\/{rel}","templated":true}]}}