{"id":8100,"date":"2025-05-14T13:08:24","date_gmt":"2025-05-14T13:08:24","guid":{"rendered":"https:\/\/nuevo-renacer.com\/?page_id=8100"},"modified":"2025-05-14T13:08:27","modified_gmt":"2025-05-14T13:08:27","slug":"djalma-montenegro-de-farias","status":"publish","type":"page","link":"https:\/\/nuevo-renacer.com\/tr\/djalma-montenegro-de-farias\/","title":{"rendered":"Djalma Montenegro de Farias"},"content":{"rendered":"<div class=\"wp-block-uagb-container uagb-block-008ffc2d alignfull uagb-is-root-container\"><div class=\"uagb-container-inner-blocks-wrap\">\n<p class=\"has-black-color has-text-color has-link-color has-medium-font-size wp-elements-23ef2e1876af86ed859fad8faeebff2d\"><strong>Djalma Montenegro de Farias<\/strong><\/p>\n<\/div><\/div>\n\n\n\n<div class=\"wp-block-uagb-container uagb-block-f8a60896 alignfull uagb-is-root-container\"><div class=\"uagb-container-inner-blocks-wrap\">\n<figure class=\"wp-block-image size-full is-resized\"><img decoding=\"async\" width=\"134\" height=\"180\" src=\"https:\/\/nuevo-renacer.com\/wp-content\/uploads\/2025\/05\/DJALMA-FARIAS.jpg\" alt=\"\" class=\"wp-image-8101\" style=\"width:226px;height:auto\" srcset=\"https:\/\/nuevo-renacer.com\/wp-content\/uploads\/2025\/05\/DJALMA-FARIAS.jpg 134w, https:\/\/nuevo-renacer.com\/wp-content\/uploads\/2025\/05\/DJALMA-FARIAS-9x12.jpg 9w\" sizes=\"(max-width: 134px) 100vw, 134px\" \/><\/figure>\n<\/div><\/div>\n\n\n\n<div class=\"wp-block-uagb-container uagb-block-e0da8374 alignfull uagb-is-root-container\"><div class=\"uagb-container-inner-blocks-wrap\">\n<p class=\"has-black-color has-text-color has-link-color has-small-font-size wp-elements-c135e111b8e4462a5f504f6ec062129d\">Jo\u00e3o Evangelista Ruh\u00e7uluk Enstit\u00fcs\u00fc'n\u00fcn ve Pernambuco Ruh\u00e7uluk Federasyonu'nun ba\u015fkanl\u0131\u011f\u0131n\u0131 yapm\u0131\u015f, 23 Ekim 1947'de ilk ba\u015fkan\u0131 oldu\u011fu Devlet Ruh\u00e7uluk Komisyonu CEE'yi kurmu\u015ftur.<\/p>\n\n\n\n<p class=\"has-black-color has-text-color has-link-color has-small-font-size wp-elements-1ba5fba8751f1ec10d06a45dc336fefe\">Ayn\u0131 zamanda Pernambuco Ruh\u00e7ular Evi'nin kurucular\u0131ndan biriydi. 05\/10\/1949 tarihli \u00fcnl\u00fc \u201cAlt\u0131n Pakt \u201da ba\u011fl\u0131 kalm\u0131\u015ft\u0131r. Birka\u00e7 g\u00fcn sonra, daha sonra Guanabara Eyaleti Ruh\u00e7ular Birli\u011fi ve bug\u00fcn Rio de Janeiro Ruh\u00e7ular Federasyonu olan Brezilya Ruh\u00e7ular Birli\u011fi'ni ziyaretinde, ortas\u0131nda sesini kaybetti\u011fi canl\u0131 bir konferans verdi - bu, onu tedbirsizli\u011fi konusunda uyaran hastal\u0131\u011f\u0131n hayaletiydi, ancak ola\u011fan\u00fcst\u00fc bir \u00e7abayla, art\u0131k s\u00f6zlerinin belagatinin ritmini takip edemeyen konuya g\u00fc\u00e7 vermeyi ba\u015fard\u0131. Yine de, Ruh\u00e7ulu\u011fun bu d\u00fcr\u00fcst havarisi taraf\u0131ndan s\u00f6ylenen son s\u00f6z olacak konu\u015fmas\u0131n\u0131 dinleyicilerin alk\u0131\u015flar\u0131 aras\u0131nda bitirdi.\n\nTranslated with DeepL.com (free version)<\/p>\n\n\n\n<p class=\"has-black-color has-text-color has-link-color has-small-font-size wp-elements-5180098ffad98c2aea6fa3f01bc34d76\">\u201cLiga Estadual Prol Estado Leigo \u201dnun bir \u00fcyesi olarak, Ulusal Koalisyon'un eylemi alt\u0131nda \u00d6zg\u00fcr D\u00fc\u015f\u00fcnce'nin s\u00fcrd\u00fcr\u00fclmesi i\u00e7in \u00e7e\u015fitli hareketlerde yer ald\u0131. 1943 y\u0131l\u0131nda \u201cReenkarnasyon \u00dczerine Deneme\u201d ba\u015fl\u0131kl\u0131 de\u011ferli bir kitap\u00e7\u0131k yay\u0131nlayarak bu karma\u015f\u0131k ve \u00f6nemli konuyu bir \u00dcstad\u0131n basiretinin g\u00fcc\u00fcyle geli\u015ftirdi.<\/p>\n\n\n\n<p class=\"has-black-color has-text-color has-link-color has-small-font-size wp-elements-020e0152ab3c78072b0fe2b752058a33\">Bir vatanda\u015f ve Spiritist olarak meziyetlerinin tan\u0131nmas\u0131 i\u00e7in Pernambuco'da (ba\u015fkentte ve Moreno \u015fehrinde) onun ad\u0131n\u0131 ta\u015f\u0131yan iki cadde vard\u0131r ve iki Spiritist Merkez, isimlerinde ona a\u00e7\u0131k\u00e7a at\u0131fta bulunarak onu koruyucular\u0131 ve ruhani rehberleri olarak kabul etmektedir (Recife'deki Grupo Esp\u00edrita Djalma Farias ve Moreno'daki Centro Esp\u00edrita Nove de Outubro).<\/p>\n\n\n\n<p class=\"has-black-color has-text-color has-link-color has-small-font-size wp-elements-c65be241bffc5ff6fb52c3eb70d64832\">Djalma Farias, Pernambuco'da Ruh\u00e7ulu\u011fun d\u00f6n\u00fcm noktalar\u0131ndan biriydi ve ad\u0131 ve \u00e7al\u0131\u015fmalar\u0131 eyaletinin s\u0131n\u0131rlar\u0131n\u0131 a\u015ft\u0131. 6 May\u0131s 1950'de, Recife'de, \u0130sa Tarikat\u0131n\u0131n b\u00fcy\u00fck \u00e7al\u0131\u015fan\u0131, Ruh\u00e7ulu\u011fun sad\u0131k destek\u00e7isi Profes\u00f6r Djalma Montenegro de Farias 49 ya\u015f\u0131nda \u00f6ld\u00fc.<\/p>\n<\/div><\/div>\n\n\n\n<div class=\"wp-block-uagb-container uagb-block-82cf2ec8 alignfull uagb-is-root-container\"><div class=\"uagb-container-inner-blocks-wrap\"><\/div><\/div>\n\n\n\n<div class=\"wp-block-uagb-container uagb-block-bcea5b59 alignfull uagb-is-root-container\"><div class=\"uagb-container-inner-blocks-wrap\"><\/div><\/div>","protected":false},"excerpt":{"rendered":"<p>Djalma Montenegro de Farias Fue presidente del Instituto Esp\u00edrita Jo\u00e3o Evangelista y de la Federaci\u00f3n Esp\u00edrita de Pernambuco, fundando la Comisi\u00f3n Estatal de Espiritismo, CEE, el 23 de octubre de 1947, de la que fue su primer presidente. Fue tambi\u00e9n uno de los fundadores de la Casa de los Espiritistas de Pernambuco. Adhiri\u00f3 en todo [&hellip;]<\/p>","protected":false},"author":1,"featured_media":0,"parent":0,"menu_order":0,"comment_status":"closed","ping_status":"closed","template":"","meta":{"_uag_custom_page_level_css":"","site-sidebar-layout":"default","site-content-layout":"","ast-site-content-layout":"default","site-content-style":"default","site-sidebar-style":"default","ast-global-header-display":"","ast-banner-title-visibility":"","ast-main-header-display":"","ast-hfb-above-header-display":"","ast-hfb-below-header-display":"","ast-hfb-mobile-header-display":"","site-post-title":"disabled","ast-breadcrumbs-content":"","ast-featured-img":"","footer-sml-layout":"","theme-transparent-header-meta":"","adv-header-id-meta":"","stick-header-meta":"","header-above-stick-meta":"","header-main-stick-meta":"","header-below-stick-meta":"","astra-migrate-meta-layouts":"set","ast-page-background-enabled":"default","ast-page-background-meta":{"desktop":{"background-color":"var(--ast-global-color-4)","background-image":"","background-repeat":"repeat","background-position":"center center","background-size":"auto","background-attachment":"scroll","background-type":"","background-media":"","overlay-type":"","overlay-color":"","overlay-opacity":"","overlay-gradient":""},"tablet":{"background-color":"","background-image":"","background-repeat":"repeat","background-position":"center center","background-size":"auto","background-attachment":"scroll","background-type":"","background-media":"","overlay-type":"","overlay-color":"","overlay-opacity":"","overlay-gradient":""},"mobile":{"background-color":"","background-image":"","background-repeat":"repeat","background-position":"center center","background-size":"auto","background-attachment":"scroll","background-type":"","background-media":"","overlay-type":"","overlay-color":"","overlay-opacity":"","overlay-gradient":""}},"ast-content-background-meta":{"desktop":{"background-color":"var(--ast-global-color-5)","background-image":"","background-repeat":"repeat","background-position":"center center","background-size":"auto","background-attachment":"scroll","background-type":"","background-media":"","overlay-type":"","overlay-color":"","overlay-opacity":"","overlay-gradient":""},"tablet":{"background-color":"var(--ast-global-color-5)","background-image":"","background-repeat":"repeat","background-position":"center center","background-size":"auto","background-attachment":"scroll","background-type":"","background-media":"","overlay-type":"","overlay-color":"","overlay-opacity":"","overlay-gradient":""},"mobile":{"background-color":"var(--ast-global-color-5)","background-image":"","background-repeat":"repeat","background-position":"center center","background-size":"auto","background-attachment":"scroll","background-type":"","background-media":"","overlay-type":"","overlay-color":"","overlay-opacity":"","overlay-gradient":""}},"footnotes":""},"class_list":["post-8100","page","type-page","status-publish","hentry"],"yoast_head":"<!-- This site is optimized with the Yoast SEO Premium plugin v24.2 (Yoast SEO v24.6) - https:\/\/yoast.com\/wordpress\/plugins\/seo\/ -->\n<title>Djalma Montenegro de Farias - Uni\u00f3n Esp\u00edrita<\/title>\n<meta name=\"robots\" content=\"index, follow, max-snippet:-1, max-image-preview:large, max-video-preview:-1\" \/>\n<link rel=\"canonical\" href=\"https:\/\/nuevo-renacer.com\/tr\/djalma-montenegro-de-farias\/\" \/>\n<meta property=\"og:locale\" content=\"tr_TR\" \/>\n<meta property=\"og:type\" content=\"article\" \/>\n<meta property=\"og:title\" content=\"Djalma Montenegro de Farias\" \/>\n<meta property=\"og:description\" content=\"Djalma Montenegro de Farias Fue presidente del Instituto Esp\u00edrita Jo\u00e3o Evangelista y de la Federaci\u00f3n Esp\u00edrita de Pernambuco, fundando la Comisi\u00f3n Estatal de Espiritismo, CEE, el 23 de octubre de 1947, de la que fue su primer presidente. Fue tambi\u00e9n uno de los fundadores de la Casa de los Espiritistas de Pernambuco. Adhiri\u00f3 en todo [&hellip;]\" \/>\n<meta property=\"og:url\" content=\"https:\/\/nuevo-renacer.com\/tr\/djalma-montenegro-de-farias\/\" \/>\n<meta property=\"og:site_name\" content=\"Uni\u00f3n Esp\u00edrita\" \/>\n<meta property=\"article:publisher\" content=\"https:\/\/www.facebook.com\/groups\/3431398063740829\" \/>\n<meta property=\"article:modified_time\" content=\"2025-05-14T13:08:27+00:00\" \/>\n<meta property=\"og:image\" content=\"https:\/\/nuevo-renacer.com\/wp-content\/uploads\/2025\/05\/DJALMA-FARIAS.jpg\" \/>\n\t<meta property=\"og:image:width\" content=\"134\" \/>\n\t<meta property=\"og:image:height\" content=\"180\" \/>\n\t<meta property=\"og:image:type\" content=\"image\/jpeg\" \/>\n<meta name=\"twitter:card\" content=\"summary_large_image\" \/>\n<meta name=\"twitter:label1\" content=\"Tahmini okuma s\u00fcresi\" \/>\n\t<meta name=\"twitter:data1\" content=\"2 dakika\" \/>\n<script type=\"application\/ld+json\" class=\"yoast-schema-graph\">{\"@context\":\"https:\/\/schema.org\",\"@graph\":[{\"@type\":\"WebPage\",\"@id\":\"https:\/\/nuevo-renacer.com\/djalma-montenegro-de-farias\/\",\"url\":\"https:\/\/nuevo-renacer.com\/djalma-montenegro-de-farias\/\",\"name\":\"Djalma Montenegro de Farias - Uni\u00f3n Esp\u00edrita\",\"isPartOf\":{\"@id\":\"https:\/\/nuevo-renacer.com\/#website\"},\"primaryImageOfPage\":{\"@id\":\"https:\/\/nuevo-renacer.com\/djalma-montenegro-de-farias\/#primaryimage\"},\"image\":{\"@id\":\"https:\/\/nuevo-renacer.com\/djalma-montenegro-de-farias\/#primaryimage\"},\"thumbnailUrl\":\"https:\/\/nuevo-renacer.com\/wp-content\/uploads\/2025\/05\/DJALMA-FARIAS.jpg\",\"datePublished\":\"2025-05-14T13:08:24+00:00\",\"dateModified\":\"2025-05-14T13:08:27+00:00\",\"breadcrumb\":{\"@id\":\"https:\/\/nuevo-renacer.com\/djalma-montenegro-de-farias\/#breadcrumb\"},\"inLanguage\":\"tr\",\"potentialAction\":[{\"@type\":\"ReadAction\",\"target\":[\"https:\/\/nuevo-renacer.com\/djalma-montenegro-de-farias\/\"]}]},{\"@type\":\"ImageObject\",\"inLanguage\":\"tr\",\"@id\":\"https:\/\/nuevo-renacer.com\/djalma-montenegro-de-farias\/#primaryimage\",\"url\":\"https:\/\/nuevo-renacer.com\/wp-content\/uploads\/2025\/05\/DJALMA-FARIAS.jpg\",\"contentUrl\":\"https:\/\/nuevo-renacer.com\/wp-content\/uploads\/2025\/05\/DJALMA-FARIAS.jpg\"},{\"@type\":\"BreadcrumbList\",\"@id\":\"https:\/\/nuevo-renacer.com\/djalma-montenegro-de-farias\/#breadcrumb\",\"itemListElement\":[{\"@type\":\"ListItem\",\"position\":1,\"name\":\"Startseite\",\"item\":\"https:\/\/nuevo-renacer.com\/\"},{\"@type\":\"ListItem\",\"position\":2,\"name\":\"Djalma Montenegro de Farias\"}]},{\"@type\":\"WebSite\",\"@id\":\"https:\/\/nuevo-renacer.com\/#website\",\"url\":\"https:\/\/nuevo-renacer.com\/\",\"name\":\"Uni\u00f3n Esp\u00edrita\",\"description\":\"Nuevo Renacer\",\"publisher\":{\"@id\":\"https:\/\/nuevo-renacer.com\/#organization\"},\"potentialAction\":[{\"@type\":\"SearchAction\",\"target\":{\"@type\":\"EntryPoint\",\"urlTemplate\":\"https:\/\/nuevo-renacer.com\/?s={search_term_string}\"},\"query-input\":{\"@type\":\"PropertyValueSpecification\",\"valueRequired\":true,\"valueName\":\"search_term_string\"}}],\"inLanguage\":\"tr\"},{\"@type\":\"Organization\",\"@id\":\"https:\/\/nuevo-renacer.com\/#organization\",\"name\":\"UFEC\",\"url\":\"https:\/\/nuevo-renacer.com\/\",\"logo\":{\"@type\":\"ImageObject\",\"inLanguage\":\"tr\",\"@id\":\"https:\/\/nuevo-renacer.com\/#\/schema\/logo\/image\/\",\"url\":\"https:\/\/nuevo-renacer.com\/wp-content\/uploads\/2024\/05\/cropped-LOGO-TERMINADO1-3-3.png\",\"contentUrl\":\"https:\/\/nuevo-renacer.com\/wp-content\/uploads\/2024\/05\/cropped-LOGO-TERMINADO1-3-3.png\",\"width\":512,\"height\":512,\"caption\":\"UFEC\"},\"image\":{\"@id\":\"https:\/\/nuevo-renacer.com\/#\/schema\/logo\/image\/\"},\"sameAs\":[\"https:\/\/www.facebook.com\/groups\/3431398063740829\"]}]}<\/script>\n<!-- \/ Yoast SEO Premium plugin. -->","yoast_head_json":{"title":"Djalma Montenegro de Farias - Uni\u00f3n Esp\u00edrita","robots":{"index":"index","follow":"follow","max-snippet":"max-snippet:-1","max-image-preview":"max-image-preview:large","max-video-preview":"max-video-preview:-1"},"canonical":"https:\/\/nuevo-renacer.com\/tr\/djalma-montenegro-de-farias\/","og_locale":"tr_TR","og_type":"article","og_title":"Djalma Montenegro de Farias","og_description":"Djalma Montenegro de Farias Fue presidente del Instituto Esp\u00edrita Jo\u00e3o Evangelista y de la Federaci\u00f3n Esp\u00edrita de Pernambuco, fundando la Comisi\u00f3n Estatal de Espiritismo, CEE, el 23 de octubre de 1947, de la que fue su primer presidente. Fue tambi\u00e9n uno de los fundadores de la Casa de los Espiritistas de Pernambuco. Adhiri\u00f3 en todo [&hellip;]","og_url":"https:\/\/nuevo-renacer.com\/tr\/djalma-montenegro-de-farias\/","og_site_name":"Uni\u00f3n Esp\u00edrita","article_publisher":"https:\/\/www.facebook.com\/groups\/3431398063740829","article_modified_time":"2025-05-14T13:08:27+00:00","og_image":[{"width":134,"height":180,"url":"https:\/\/nuevo-renacer.com\/wp-content\/uploads\/2025\/05\/DJALMA-FARIAS.jpg","type":"image\/jpeg"}],"twitter_card":"summary_large_image","twitter_misc":{"Tahmini okuma s\u00fcresi":"2 dakika"},"schema":{"@context":"https:\/\/schema.org","@graph":[{"@type":"WebPage","@id":"https:\/\/nuevo-renacer.com\/djalma-montenegro-de-farias\/","url":"https:\/\/nuevo-renacer.com\/djalma-montenegro-de-farias\/","name":"Djalma Montenegro de Farias - Uni\u00f3n Esp\u00edrita","isPartOf":{"@id":"https:\/\/nuevo-renacer.com\/#website"},"primaryImageOfPage":{"@id":"https:\/\/nuevo-renacer.com\/djalma-montenegro-de-farias\/#primaryimage"},"image":{"@id":"https:\/\/nuevo-renacer.com\/djalma-montenegro-de-farias\/#primaryimage"},"thumbnailUrl":"https:\/\/nuevo-renacer.com\/wp-content\/uploads\/2025\/05\/DJALMA-FARIAS.jpg","datePublished":"2025-05-14T13:08:24+00:00","dateModified":"2025-05-14T13:08:27+00:00","breadcrumb":{"@id":"https:\/\/nuevo-renacer.com\/djalma-montenegro-de-farias\/#breadcrumb"},"inLanguage":"tr","potentialAction":[{"@type":"ReadAction","target":["https:\/\/nuevo-renacer.com\/djalma-montenegro-de-farias\/"]}]},{"@type":"ImageObject","inLanguage":"tr","@id":"https:\/\/nuevo-renacer.com\/djalma-montenegro-de-farias\/#primaryimage","url":"https:\/\/nuevo-renacer.com\/wp-content\/uploads\/2025\/05\/DJALMA-FARIAS.jpg","contentUrl":"https:\/\/nuevo-renacer.com\/wp-content\/uploads\/2025\/05\/DJALMA-FARIAS.jpg"},{"@type":"BreadcrumbList","@id":"https:\/\/nuevo-renacer.com\/djalma-montenegro-de-farias\/#breadcrumb","itemListElement":[{"@type":"ListItem","position":1,"name":"Startseite","item":"https:\/\/nuevo-renacer.com\/"},{"@type":"ListItem","position":2,"name":"Djalma Montenegro de Farias"}]},{"@type":"WebSite","@id":"https:\/\/nuevo-renacer.com\/#website","url":"https:\/\/nuevo-renacer.com\/","name":"Uni\u00f3n Esp\u00edrita","description":"Nuevo Renacer","publisher":{"@id":"https:\/\/nuevo-renacer.com\/#organization"},"potentialAction":[{"@type":"SearchAction","target":{"@type":"EntryPoint","urlTemplate":"https:\/\/nuevo-renacer.com\/?s={search_term_string}"},"query-input":{"@type":"PropertyValueSpecification","valueRequired":true,"valueName":"search_term_string"}}],"inLanguage":"tr"},{"@type":"Organization","@id":"https:\/\/nuevo-renacer.com\/#organization","name":"UFEC","url":"https:\/\/nuevo-renacer.com\/","logo":{"@type":"ImageObject","inLanguage":"tr","@id":"https:\/\/nuevo-renacer.com\/#\/schema\/logo\/image\/","url":"https:\/\/nuevo-renacer.com\/wp-content\/uploads\/2024\/05\/cropped-LOGO-TERMINADO1-3-3.png","contentUrl":"https:\/\/nuevo-renacer.com\/wp-content\/uploads\/2024\/05\/cropped-LOGO-TERMINADO1-3-3.png","width":512,"height":512,"caption":"UFEC"},"image":{"@id":"https:\/\/nuevo-renacer.com\/#\/schema\/logo\/image\/"},"sameAs":["https:\/\/www.facebook.com\/groups\/3431398063740829"]}]}},"uagb_featured_image_src":{"full":false,"thumbnail":false,"medium":false,"medium_large":false,"large":false,"1536x1536":false,"2048x2048":false,"trp-custom-language-flag":false},"uagb_author_info":{"display_name":"adbv0","author_link":"https:\/\/nuevo-renacer.com\/tr\/author\/adbv0\/"},"uagb_comment_info":0,"uagb_excerpt":"Djalma Montenegro de Farias Fue presidente del Instituto Esp\u00edrita Jo\u00e3o Evangelista y de la Federaci\u00f3n Esp\u00edrita de Pernambuco, fundando la Comisi\u00f3n Estatal de Espiritismo, CEE, el 23 de octubre de 1947, de la que fue su primer presidente. Fue tambi\u00e9n uno de los fundadores de la Casa de los Espiritistas de Pernambuco. Adhiri\u00f3 en todo&hellip;","jetpack_sharing_enabled":true,"_links":{"self":[{"href":"https:\/\/nuevo-renacer.com\/tr\/wp-json\/wp\/v2\/pages\/8100","targetHints":{"allow":["GET"]}}],"collection":[{"href":"https:\/\/nuevo-renacer.com\/tr\/wp-json\/wp\/v2\/pages"}],"about":[{"href":"https:\/\/nuevo-renacer.com\/tr\/wp-json\/wp\/v2\/types\/page"}],"author":[{"embeddable":true,"href":"https:\/\/nuevo-renacer.com\/tr\/wp-json\/wp\/v2\/users\/1"}],"replies":[{"embeddable":true,"href":"https:\/\/nuevo-renacer.com\/tr\/wp-json\/wp\/v2\/comments?post=8100"}],"version-history":[{"count":1,"href":"https:\/\/nuevo-renacer.com\/tr\/wp-json\/wp\/v2\/pages\/8100\/revisions"}],"predecessor-version":[{"id":8102,"href":"https:\/\/nuevo-renacer.com\/tr\/wp-json\/wp\/v2\/pages\/8100\/revisions\/8102"}],"wp:attachment":[{"href":"https:\/\/nuevo-renacer.com\/tr\/wp-json\/wp\/v2\/media?parent=8100"}],"curies":[{"name":"wp","href":"https:\/\/api.w.org\/{rel}","templated":true}]}}