{"id":8038,"date":"2025-05-14T07:52:43","date_gmt":"2025-05-14T07:52:43","guid":{"rendered":"https:\/\/nuevo-renacer.com\/?page_id=8038"},"modified":"2025-05-14T08:12:54","modified_gmt":"2025-05-14T08:12:54","slug":"francois-fenelon","status":"publish","type":"page","link":"https:\/\/nuevo-renacer.com\/tr\/francois-fenelon\/","title":{"rendered":"Fran\u00e7ois F\u00e9nelon"},"content":{"rendered":"<div class=\"wp-block-uagb-container uagb-block-44c8db5d alignfull uagb-is-root-container\"><div class=\"uagb-container-inner-blocks-wrap\">\n<p class=\"has-black-color has-text-color has-link-color has-medium-font-size wp-elements-a4842ae9c653b386b0d962d86dd4001b\"><strong>Fran\u00e7ois F\u00e9nelon<\/strong><\/p>\n<\/div><\/div>\n\n\n\n<div class=\"wp-block-uagb-container uagb-block-ec19c419 alignfull uagb-is-root-container\"><div class=\"uagb-container-inner-blocks-wrap\">\n<figure class=\"wp-block-image size-full is-resized\"><img fetchpriority=\"high\" decoding=\"async\" width=\"321\" height=\"400\" src=\"https:\/\/nuevo-renacer.com\/wp-content\/uploads\/2025\/05\/Fenelon.jpg\" alt=\"\" class=\"wp-image-8039\" style=\"width:270px;height:auto\" srcset=\"https:\/\/nuevo-renacer.com\/wp-content\/uploads\/2025\/05\/Fenelon.jpg 321w, https:\/\/nuevo-renacer.com\/wp-content\/uploads\/2025\/05\/Fenelon-241x300.jpg 241w, https:\/\/nuevo-renacer.com\/wp-content\/uploads\/2025\/05\/Fenelon-10x12.jpg 10w\" sizes=\"(max-width: 321px) 100vw, 321px\" \/><\/figure>\n<\/div><\/div>\n\n\n\n<div class=\"wp-block-uagb-container uagb-block-c98bb3e7 alignfull uagb-is-root-container\"><div class=\"uagb-container-inner-blocks-wrap\">\n<p class=\"has-black-color has-text-color has-link-color wp-elements-2d241272a5e49aa64399d2b86de15d3f\"><strong>Uno de los exponentes de la codificaci\u00f3n esp\u00edrita<\/strong><\/p>\n\n\n\n<p class=\"has-black-color has-text-color has-link-color has-small-font-size wp-elements-9eefa1d78457a5e545300398e99f480f\">Fran\u00e7ois de Salignac de La Mothe, duque de F\u00e9nelon, naci\u00f3 en el castillo familiar de P\u00e9rigord el 6 de agosto de 1651. Muri\u00f3 en Cambrai el 7 de enero de 1715, a la edad de sesenta y tres a\u00f1os.<\/p>\n\n\n\n<p class=\"has-black-color has-text-color has-link-color has-small-font-size wp-elements-9645b96e5015589e9461deef36b06a22\">Hasta los doce a\u00f1os, el ni\u00f1o fue educado en casa. Su preceptor -las fuentes consultadas no mencionan su nombre- ten\u00eda predilecci\u00f3n por el lat\u00edn y el griego, y enseguida intent\u00f3 ense\u00f1arle estas lenguas para que se familiarizara con las obras maestras de la literatura cl\u00e1sica.<\/p>\n\n\n\n<p class=\"has-black-color has-text-color has-link-color has-small-font-size wp-elements-0a93bbe7d531d3e27339815e68585631\">A los doce a\u00f1os, F\u00e9nelon ingres\u00f3 en la Universidad de Cahors, donde complet\u00f3 sus estudios de filosof\u00eda, que continuar\u00eda en el Colegio Du Plessis de Par\u00eds. Fue en esta famosa escuela donde se dedic\u00f3 a la teolog\u00eda y conoci\u00f3 al abad de Noailles, tambi\u00e9n de familia noble, que con el tiempo alcanzar\u00eda los m\u00e1s altos cargos de la jerarqu\u00eda eclesi\u00e1stica francesa.<\/p>\n\n\n\n<p class=\"has-black-color has-text-color has-link-color has-small-font-size wp-elements-1da46a729b045b576533131eda5fd8ca\">A los quince a\u00f1os, F\u00e9nelon recibi\u00f3 el encargo de predicar su primer serm\u00f3n, con gran \u00e9xito. De esta introducci\u00f3n ya se desprende que las altas esferas de la Iglesia y de la pol\u00edtica estaban formadas por personas de alto pedigr\u00ed. Este fue el ambiente en el que F\u00e9nelon vivir\u00eda el resto de su vida.<\/p>\n\n\n\n<p class=\"has-black-color has-text-color has-link-color has-small-font-size wp-elements-157e6c3d5957242d86d46820d4087b1d\">Del colegio de Plessis, F\u00e9nelon pasa al seminario de Saint-Sulpice, entonces bajo la direcci\u00f3n de Tronson. En 1675, el joven seminarista de 24 a\u00f1os se ordena en el seminario de Saint-Sulpice. Durante los tres a\u00f1os siguientes, desempe\u00f1ar\u00e1 sus funciones eclesi\u00e1sticas junto a los dem\u00e1s sacerdotes de la parroquia. Se encarga de explicar los textos evang\u00e9licos al p\u00fablico los domingos y d\u00edas festivos. Participa activamente en la catequesis. La iglesia de San Sulpicio conserva sus Letan\u00edas de L&#8217;enfant-J\u00e9sus, escritas especialmente para los feligreses.<\/p>\n\n\n\n<p class=\"has-black-color has-text-color has-link-color has-small-font-size wp-elements-ffe304eef614656f2303c37421a5b1ef\">En aquella \u00e9poca, el joven sacerdote pretend\u00eda emprender una misi\u00f3n apost\u00f3lica en Oriente, con el fin de convertir al cristianismo al mayor n\u00famero posible de paganos con la brillantez de sus palabras y la amplitud de su cultura teol\u00f3gica. Pero este no iba a ser su destino, ya que \u00abNouvelles catholiques\u00bb era una instituci\u00f3n encargada de acoger a j\u00f3venes de ambos sexos reci\u00e9n convertidos del protestantismo al catolicismo, con el fin de consolidar en ellos la buena y ortodoxa doctrina de la Iglesia. Un objetivo paralelo era instruir a quienes estaban dispuestos a abandonar la \u00abherej\u00eda\u00bb.<\/p>\n\n\n\n<p class=\"has-black-color has-text-color has-link-color has-small-font-size wp-elements-9cbc10dacd6f448a55053d05bbc3a2a3\">Los dirigentes cat\u00f3licos &#8211; prelados y laicos &#8211; estaban muy preocupados por la salvaci\u00f3n de las almas que hab\u00edan tenido la desgracia de ser atra\u00eddas por las \u00abpeligrosas\u00bb ideas de Lutero. En 1681, el obispo de Sarlat -\u00a1un noble tambi\u00e9n! &#8211; t\u00edo de F\u00e9nelon, renunci\u00f3 en favor de su sobrino al decanato de Carenas, que le reportaba entre tres mil y cuatro mil libras francesas al a\u00f1o. F\u00e9nelon abandon\u00f3 por un tiempo las Novas Cat\u00f3licas para asumir su nuevo cargo, pero pronto regres\u00f3 a Par\u00eds y retom\u00f3 la direcci\u00f3n de la instituci\u00f3n, cargo que ocupar\u00eda durante diez a\u00f1os.<\/p>\n\n\n\n<p class=\"has-black-color has-text-color has-link-color has-small-font-size wp-elements-637de051cd88fd1f23fcd57c106a4092\">Durante este periodo, escribi\u00f3 De L&#8217;\u00e9ducation des filles, la primera obra importante de su carrera como escritor y educador. El libro, solicitado por la duquesa de Beauviller para orientarla en la educaci\u00f3n de sus hijas, alcanz\u00f3 un gran \u00e9xito, convirti\u00e9ndose en una obra de referencia para las familias de la \u00e9poca, as\u00ed como en un texto de consulta para los estudiosos de la pedagog\u00eda.<\/p>\n\n\n\n<p class=\"has-black-color has-text-color has-link-color has-small-font-size wp-elements-6600cc1bb1133a80cdaf841bfe30b707\">Gracias a su sencillez, dulzura y caridad, F\u00e9nelon consigui\u00f3 un \u00e9xito considerable en su tarea, logrando convertir r\u00e1pidamente a un gran n\u00famero de personas. F\u00e9nelon no se enga\u00f1aba con sus numerosos logros, reconociendo que no todos eran sinceros. Una valoraci\u00f3n realista, eso s\u00ed. Con los protestantes en minor\u00eda y proscritos, el catolicismo se hab\u00eda vuelto m\u00e1s c\u00f3modo o, al menos, m\u00e1s seguro. Aun as\u00ed, a\u00f1ade, el resultado de su misi\u00f3n se consider\u00f3 \u00abmuy satisfactorio\u00bb.<\/p>\n\n\n\n<p class=\"has-black-color has-text-color has-link-color has-small-font-size wp-elements-b8534756646da66288030b08fac67b3b\">Sin embargo, no se libr\u00f3 de algunas cr\u00edticas. Las alas m\u00e1s radicales de la Iglesia atacaron sus m\u00e9todos de conversi\u00f3n y le consideraron \u00abdemasiado condescendiente con los herejes\u00bb. Prefiri\u00f3 no justificarse.<\/p>\n\n\n\n<p class=\"has-black-color has-text-color has-link-color has-small-font-size wp-elements-56d13351b00bab7b42c8dee2d6383357\">Mientras tanto, el obispado de Poitiers qued\u00f3 vacante. Se propuso el nombre de F\u00e9nelon y el rey accedi\u00f3, pero el nombramiento no se materializ\u00f3, seg\u00fan se dice, por las intrigas del noble se\u00f1or de Harlay, arzobispo de Par\u00eds, que ten\u00eda sus diferencias con Bossuet y no ve\u00eda con buenos ojos la amistad de F\u00e9nelon con su rival. Todo al estilo de la peor pol\u00edtica de trastienda.<\/p>\n\n\n\n<p class=\"has-black-color has-text-color has-link-color has-small-font-size wp-elements-ba149f051b6c6156d27d59ddecb16a25\">Por la misma \u00e9poca, F\u00e9nelon sufri\u00f3 otro rev\u00e9s. Alguien &#8211; \u00bfera todav\u00eda el Arzobispo de Par\u00eds? &#8211; convenci\u00f3 al rey para que le negara el nombramiento de coadjutor del arzobispo de La Rochelle, que lo quer\u00eda como colaborador.<\/p>\n\n\n\n<p class=\"has-black-color has-text-color has-link-color has-small-font-size wp-elements-3c2fcdd8576e89a2dd7b303842140976\">Poco despu\u00e9s, en 1689, los buenos vientos del \u00e9xito volvieron a soplar a favor del joven prelado. El duque de Beauvilliers, nombrado \u00abgobernador\u00bb del joven duque de Borgo\u00f1a -nieto del rey y heredero presunto de la corona- eligi\u00f3 a F\u00e9nelon como preceptor de honor del pr\u00edncipe. Como recordamos, a petici\u00f3n de la duquesa de Beauvillers, hab\u00eda escrito un libro para orientarla en la educaci\u00f3n de las hijas de la pareja.<\/p>\n\n\n\n<p class=\"has-black-color has-text-color has-link-color has-small-font-size wp-elements-39a791dddb5fb427ed79dd7cf25fc800\">F\u00e9nelon se puso inmediatamente manos a la obra para corregir el comportamiento del pr\u00edncipe con f\u00e1bulas que \u00e9l mismo escribi\u00f3. Despu\u00e9s escribi\u00f3 los curiosos Dialogues des Morts (Di\u00e1logos de los muertos), un texto ingenioso y creativo en el que pon\u00eda a dialogar a personajes hist\u00f3ricos del pasado para evaluar sus propias acciones y actitudes.<\/p>\n\n\n\n<p class=\"has-black-color has-text-color has-link-color has-small-font-size wp-elements-4f1a754e81205f426918157bab7bb2aa\">Los \u00faltimos a\u00f1os de F\u00e9nelon se vieron entristecidos por la muerte de sus mejores amigos. A finales de 1710, perdi\u00f3 al abate de Langeron, su compa\u00f1ero de toda la vida; en febrero de 1712, muri\u00f3 su alumno, el duque de Borgo\u00f1a. Unos meses m\u00e1s tarde, fue apresado el duque de Chevreuse, y le sigui\u00f3 el duque de Beauvillers en agosto de 1714. F\u00e9nelon s\u00f3lo sobrevivi\u00f3 unos meses m\u00e1s. Con \u00e9l desapareci\u00f3 uno de los miembros m\u00e1s ilustres del episcopado franc\u00e9s, sin duda uno de los hombres m\u00e1s atractivos de su \u00e9poca. Su \u00e9xito se debi\u00f3 \u00fanicamente a su gran talento y a sus admirables virtudes.<\/p>\n\n\n\n<p class=\"has-black-color has-text-color has-link-color has-small-font-size wp-elements-2ee5f3f4d40ffe478f0f2c11096feaeb\">F\u00e9nelon aparece en la Codificaci\u00f3n Esp\u00edrita en varios momentos, entre ellos: \u00abEl Libro de los Esp\u00edritus\u00bb, donde firma los Proleg\u00f3menos, junto con una multitud de luminarias espirituales. La respuesta a la pregunta n\u00ba 917 es tambi\u00e9n de su especial incumbencia.<\/p>\n\n\n\n<p class=\"has-black-color has-text-color has-link-color has-small-font-size wp-elements-3fb357f2b292ac81eb83cd716e360913\">En \u00abEl Evangelio seg\u00fan el Espiritismo\u00bb, aparece en varios momentos, hablando sobre la tercera revelaci\u00f3n y la revoluci\u00f3n moral del hombre (cap\u00edtulo I, 10); el hombre bueno y los tormentos voluntarios (cap\u00edtulo V, 22 &#8211; 23); la ley del amor (cap\u00edtulo XI, 9); el odio (cap\u00edtulo XII, 10) y el uso de la riqueza (cap\u00edtulo XVI, 13).<\/p>\n\n\n\n<p class=\"has-black-color has-text-color has-link-color has-small-font-size wp-elements-989c2f0f6aade43a52d85eca3e2f0fc0\">En \u00abEl Libro de los M\u00e9diums\u00bb, aparece en el cap\u00edtulo de las Disertaciones Esp\u00edritas (cap\u00edtulo XXXI, 2\u00aa parte, \u00edtems XXI y XXII), desarrollando aspectos sobre las reuniones esp\u00edritas y la multiplicidad de grupos esp\u00edritas.<\/p>\n\n\n\n<p class=\"has-black-color has-text-color has-link-color has-small-font-size wp-elements-0827b5af429cb10853863ee6fd2df1ab\">Es importante notar que los destaques son aquellos en que el Esp\u00edritu firma con su nombre, debiendo considerarse que \u00e9l, como los dem\u00e1s Esp\u00edritus responsables por la Codificaci\u00f3n, debe haber estado presente en muchos otros momentos, haciendo su contribuci\u00f3n especial. Fue entonces cuando fue invitado por el Esp\u00edritu de la Verdad a unirse a su equipo en tan magna empresa.<\/p>\n<\/div><\/div>\n\n\n\n<div class=\"wp-block-uagb-container uagb-block-36ba8f65 alignfull uagb-is-root-container\"><div class=\"uagb-container-inner-blocks-wrap\"><\/div><\/div>\n\n\n\n<div class=\"wp-block-uagb-container uagb-block-48816f1e alignfull uagb-is-root-container\"><div class=\"uagb-container-inner-blocks-wrap\"><\/div><\/div>","protected":false},"excerpt":{"rendered":"<p>Fran\u00e7ois F\u00e9nelon Uno de los exponentes de la codificaci\u00f3n esp\u00edrita Fran\u00e7ois de Salignac de La Mothe, duque de F\u00e9nelon, naci\u00f3 en el castillo familiar de P\u00e9rigord el 6 de agosto de 1651. Muri\u00f3 en Cambrai el 7 de enero de 1715, a la edad de sesenta y tres a\u00f1os. Hasta los doce a\u00f1os, el ni\u00f1o [&hellip;]<\/p>","protected":false},"author":1,"featured_media":0,"parent":0,"menu_order":0,"comment_status":"closed","ping_status":"closed","template":"","meta":{"_uag_custom_page_level_css":"","site-sidebar-layout":"default","site-content-layout":"","ast-site-content-layout":"default","site-content-style":"default","site-sidebar-style":"default","ast-global-header-display":"","ast-banner-title-visibility":"","ast-main-header-display":"","ast-hfb-above-header-display":"","ast-hfb-below-header-display":"","ast-hfb-mobile-header-display":"","site-post-title":"disabled","ast-breadcrumbs-content":"","ast-featured-img":"","footer-sml-layout":"","theme-transparent-header-meta":"","adv-header-id-meta":"","stick-header-meta":"","header-above-stick-meta":"","header-main-stick-meta":"","header-below-stick-meta":"","astra-migrate-meta-layouts":"set","ast-page-background-enabled":"default","ast-page-background-meta":{"desktop":{"background-color":"var(--ast-global-color-4)","background-image":"","background-repeat":"repeat","background-position":"center center","background-size":"auto","background-attachment":"scroll","background-type":"","background-media":"","overlay-type":"","overlay-color":"","overlay-opacity":"","overlay-gradient":""},"tablet":{"background-color":"","background-image":"","background-repeat":"repeat","background-position":"center center","background-size":"auto","background-attachment":"scroll","background-type":"","background-media":"","overlay-type":"","overlay-color":"","overlay-opacity":"","overlay-gradient":""},"mobile":{"background-color":"","background-image":"","background-repeat":"repeat","background-position":"center center","background-size":"auto","background-attachment":"scroll","background-type":"","background-media":"","overlay-type":"","overlay-color":"","overlay-opacity":"","overlay-gradient":""}},"ast-content-background-meta":{"desktop":{"background-color":"var(--ast-global-color-5)","background-image":"","background-repeat":"repeat","background-position":"center center","background-size":"auto","background-attachment":"scroll","background-type":"","background-media":"","overlay-type":"","overlay-color":"","overlay-opacity":"","overlay-gradient":""},"tablet":{"background-color":"var(--ast-global-color-5)","background-image":"","background-repeat":"repeat","background-position":"center center","background-size":"auto","background-attachment":"scroll","background-type":"","background-media":"","overlay-type":"","overlay-color":"","overlay-opacity":"","overlay-gradient":""},"mobile":{"background-color":"var(--ast-global-color-5)","background-image":"","background-repeat":"repeat","background-position":"center center","background-size":"auto","background-attachment":"scroll","background-type":"","background-media":"","overlay-type":"","overlay-color":"","overlay-opacity":"","overlay-gradient":""}},"footnotes":""},"class_list":["post-8038","page","type-page","status-publish","hentry"],"yoast_head":"<!-- This site is optimized with the Yoast SEO Premium plugin v24.2 (Yoast SEO v24.6) - https:\/\/yoast.com\/wordpress\/plugins\/seo\/ -->\n<title>Fran\u00e7ois F\u00e9nelon - Uni\u00f3n Esp\u00edrita<\/title>\n<meta name=\"robots\" content=\"index, follow, max-snippet:-1, max-image-preview:large, max-video-preview:-1\" \/>\n<link rel=\"canonical\" href=\"https:\/\/nuevo-renacer.com\/tr\/francois-fenelon\/\" \/>\n<meta property=\"og:locale\" content=\"tr_TR\" \/>\n<meta property=\"og:type\" content=\"article\" \/>\n<meta property=\"og:title\" content=\"Fran\u00e7ois F\u00e9nelon\" \/>\n<meta property=\"og:description\" content=\"Fran\u00e7ois F\u00e9nelon Uno de los exponentes de la codificaci\u00f3n esp\u00edrita Fran\u00e7ois de Salignac de La Mothe, duque de F\u00e9nelon, naci\u00f3 en el castillo familiar de P\u00e9rigord el 6 de agosto de 1651. Muri\u00f3 en Cambrai el 7 de enero de 1715, a la edad de sesenta y tres a\u00f1os. Hasta los doce a\u00f1os, el ni\u00f1o [&hellip;]\" \/>\n<meta property=\"og:url\" content=\"https:\/\/nuevo-renacer.com\/tr\/francois-fenelon\/\" \/>\n<meta property=\"og:site_name\" content=\"Uni\u00f3n Esp\u00edrita\" \/>\n<meta property=\"article:publisher\" content=\"https:\/\/www.facebook.com\/groups\/3431398063740829\" \/>\n<meta property=\"article:modified_time\" content=\"2025-05-14T08:12:54+00:00\" \/>\n<meta property=\"og:image\" content=\"https:\/\/nuevo-renacer.com\/wp-content\/uploads\/2025\/05\/Fenelon.jpg\" \/>\n\t<meta property=\"og:image:width\" content=\"321\" \/>\n\t<meta property=\"og:image:height\" content=\"400\" \/>\n\t<meta property=\"og:image:type\" content=\"image\/jpeg\" \/>\n<meta name=\"twitter:card\" content=\"summary_large_image\" \/>\n<meta name=\"twitter:label1\" content=\"Tahmini okuma s\u00fcresi\" \/>\n\t<meta name=\"twitter:data1\" content=\"7 dakika\" \/>\n<script type=\"application\/ld+json\" class=\"yoast-schema-graph\">{\"@context\":\"https:\/\/schema.org\",\"@graph\":[{\"@type\":\"WebPage\",\"@id\":\"https:\/\/nuevo-renacer.com\/francois-fenelon\/\",\"url\":\"https:\/\/nuevo-renacer.com\/francois-fenelon\/\",\"name\":\"Fran\u00e7ois F\u00e9nelon - Uni\u00f3n Esp\u00edrita\",\"isPartOf\":{\"@id\":\"https:\/\/nuevo-renacer.com\/#website\"},\"primaryImageOfPage\":{\"@id\":\"https:\/\/nuevo-renacer.com\/francois-fenelon\/#primaryimage\"},\"image\":{\"@id\":\"https:\/\/nuevo-renacer.com\/francois-fenelon\/#primaryimage\"},\"thumbnailUrl\":\"https:\/\/nuevo-renacer.com\/wp-content\/uploads\/2025\/05\/Fenelon.jpg\",\"datePublished\":\"2025-05-14T07:52:43+00:00\",\"dateModified\":\"2025-05-14T08:12:54+00:00\",\"breadcrumb\":{\"@id\":\"https:\/\/nuevo-renacer.com\/francois-fenelon\/#breadcrumb\"},\"inLanguage\":\"tr\",\"potentialAction\":[{\"@type\":\"ReadAction\",\"target\":[\"https:\/\/nuevo-renacer.com\/francois-fenelon\/\"]}]},{\"@type\":\"ImageObject\",\"inLanguage\":\"tr\",\"@id\":\"https:\/\/nuevo-renacer.com\/francois-fenelon\/#primaryimage\",\"url\":\"https:\/\/nuevo-renacer.com\/wp-content\/uploads\/2025\/05\/Fenelon.jpg\",\"contentUrl\":\"https:\/\/nuevo-renacer.com\/wp-content\/uploads\/2025\/05\/Fenelon.jpg\"},{\"@type\":\"BreadcrumbList\",\"@id\":\"https:\/\/nuevo-renacer.com\/francois-fenelon\/#breadcrumb\",\"itemListElement\":[{\"@type\":\"ListItem\",\"position\":1,\"name\":\"Startseite\",\"item\":\"https:\/\/nuevo-renacer.com\/\"},{\"@type\":\"ListItem\",\"position\":2,\"name\":\"Fran\u00e7ois F\u00e9nelon\"}]},{\"@type\":\"WebSite\",\"@id\":\"https:\/\/nuevo-renacer.com\/#website\",\"url\":\"https:\/\/nuevo-renacer.com\/\",\"name\":\"Uni\u00f3n Esp\u00edrita\",\"description\":\"Nuevo Renacer\",\"publisher\":{\"@id\":\"https:\/\/nuevo-renacer.com\/#organization\"},\"potentialAction\":[{\"@type\":\"SearchAction\",\"target\":{\"@type\":\"EntryPoint\",\"urlTemplate\":\"https:\/\/nuevo-renacer.com\/?s={search_term_string}\"},\"query-input\":{\"@type\":\"PropertyValueSpecification\",\"valueRequired\":true,\"valueName\":\"search_term_string\"}}],\"inLanguage\":\"tr\"},{\"@type\":\"Organization\",\"@id\":\"https:\/\/nuevo-renacer.com\/#organization\",\"name\":\"UFEC\",\"url\":\"https:\/\/nuevo-renacer.com\/\",\"logo\":{\"@type\":\"ImageObject\",\"inLanguage\":\"tr\",\"@id\":\"https:\/\/nuevo-renacer.com\/#\/schema\/logo\/image\/\",\"url\":\"https:\/\/nuevo-renacer.com\/wp-content\/uploads\/2024\/05\/cropped-LOGO-TERMINADO1-3-3.png\",\"contentUrl\":\"https:\/\/nuevo-renacer.com\/wp-content\/uploads\/2024\/05\/cropped-LOGO-TERMINADO1-3-3.png\",\"width\":512,\"height\":512,\"caption\":\"UFEC\"},\"image\":{\"@id\":\"https:\/\/nuevo-renacer.com\/#\/schema\/logo\/image\/\"},\"sameAs\":[\"https:\/\/www.facebook.com\/groups\/3431398063740829\"]}]}<\/script>\n<!-- \/ Yoast SEO Premium plugin. -->","yoast_head_json":{"title":"Fran\u00e7ois F\u00e9nelon - Uni\u00f3n Esp\u00edrita","robots":{"index":"index","follow":"follow","max-snippet":"max-snippet:-1","max-image-preview":"max-image-preview:large","max-video-preview":"max-video-preview:-1"},"canonical":"https:\/\/nuevo-renacer.com\/tr\/francois-fenelon\/","og_locale":"tr_TR","og_type":"article","og_title":"Fran\u00e7ois F\u00e9nelon","og_description":"Fran\u00e7ois F\u00e9nelon Uno de los exponentes de la codificaci\u00f3n esp\u00edrita Fran\u00e7ois de Salignac de La Mothe, duque de F\u00e9nelon, naci\u00f3 en el castillo familiar de P\u00e9rigord el 6 de agosto de 1651. Muri\u00f3 en Cambrai el 7 de enero de 1715, a la edad de sesenta y tres a\u00f1os. Hasta los doce a\u00f1os, el ni\u00f1o [&hellip;]","og_url":"https:\/\/nuevo-renacer.com\/tr\/francois-fenelon\/","og_site_name":"Uni\u00f3n Esp\u00edrita","article_publisher":"https:\/\/www.facebook.com\/groups\/3431398063740829","article_modified_time":"2025-05-14T08:12:54+00:00","og_image":[{"width":321,"height":400,"url":"https:\/\/nuevo-renacer.com\/wp-content\/uploads\/2025\/05\/Fenelon.jpg","type":"image\/jpeg"}],"twitter_card":"summary_large_image","twitter_misc":{"Tahmini okuma s\u00fcresi":"7 dakika"},"schema":{"@context":"https:\/\/schema.org","@graph":[{"@type":"WebPage","@id":"https:\/\/nuevo-renacer.com\/francois-fenelon\/","url":"https:\/\/nuevo-renacer.com\/francois-fenelon\/","name":"Fran\u00e7ois F\u00e9nelon - Uni\u00f3n Esp\u00edrita","isPartOf":{"@id":"https:\/\/nuevo-renacer.com\/#website"},"primaryImageOfPage":{"@id":"https:\/\/nuevo-renacer.com\/francois-fenelon\/#primaryimage"},"image":{"@id":"https:\/\/nuevo-renacer.com\/francois-fenelon\/#primaryimage"},"thumbnailUrl":"https:\/\/nuevo-renacer.com\/wp-content\/uploads\/2025\/05\/Fenelon.jpg","datePublished":"2025-05-14T07:52:43+00:00","dateModified":"2025-05-14T08:12:54+00:00","breadcrumb":{"@id":"https:\/\/nuevo-renacer.com\/francois-fenelon\/#breadcrumb"},"inLanguage":"tr","potentialAction":[{"@type":"ReadAction","target":["https:\/\/nuevo-renacer.com\/francois-fenelon\/"]}]},{"@type":"ImageObject","inLanguage":"tr","@id":"https:\/\/nuevo-renacer.com\/francois-fenelon\/#primaryimage","url":"https:\/\/nuevo-renacer.com\/wp-content\/uploads\/2025\/05\/Fenelon.jpg","contentUrl":"https:\/\/nuevo-renacer.com\/wp-content\/uploads\/2025\/05\/Fenelon.jpg"},{"@type":"BreadcrumbList","@id":"https:\/\/nuevo-renacer.com\/francois-fenelon\/#breadcrumb","itemListElement":[{"@type":"ListItem","position":1,"name":"Startseite","item":"https:\/\/nuevo-renacer.com\/"},{"@type":"ListItem","position":2,"name":"Fran\u00e7ois F\u00e9nelon"}]},{"@type":"WebSite","@id":"https:\/\/nuevo-renacer.com\/#website","url":"https:\/\/nuevo-renacer.com\/","name":"Uni\u00f3n Esp\u00edrita","description":"Nuevo Renacer","publisher":{"@id":"https:\/\/nuevo-renacer.com\/#organization"},"potentialAction":[{"@type":"SearchAction","target":{"@type":"EntryPoint","urlTemplate":"https:\/\/nuevo-renacer.com\/?s={search_term_string}"},"query-input":{"@type":"PropertyValueSpecification","valueRequired":true,"valueName":"search_term_string"}}],"inLanguage":"tr"},{"@type":"Organization","@id":"https:\/\/nuevo-renacer.com\/#organization","name":"UFEC","url":"https:\/\/nuevo-renacer.com\/","logo":{"@type":"ImageObject","inLanguage":"tr","@id":"https:\/\/nuevo-renacer.com\/#\/schema\/logo\/image\/","url":"https:\/\/nuevo-renacer.com\/wp-content\/uploads\/2024\/05\/cropped-LOGO-TERMINADO1-3-3.png","contentUrl":"https:\/\/nuevo-renacer.com\/wp-content\/uploads\/2024\/05\/cropped-LOGO-TERMINADO1-3-3.png","width":512,"height":512,"caption":"UFEC"},"image":{"@id":"https:\/\/nuevo-renacer.com\/#\/schema\/logo\/image\/"},"sameAs":["https:\/\/www.facebook.com\/groups\/3431398063740829"]}]}},"uagb_featured_image_src":{"full":false,"thumbnail":false,"medium":false,"medium_large":false,"large":false,"1536x1536":false,"2048x2048":false,"trp-custom-language-flag":false},"uagb_author_info":{"display_name":"adbv0","author_link":"https:\/\/nuevo-renacer.com\/tr\/author\/adbv0\/"},"uagb_comment_info":0,"uagb_excerpt":"Fran\u00e7ois F\u00e9nelon Uno de los exponentes de la codificaci\u00f3n esp\u00edrita Fran\u00e7ois de Salignac de La Mothe, duque de F\u00e9nelon, naci\u00f3 en el castillo familiar de P\u00e9rigord el 6 de agosto de 1651. Muri\u00f3 en Cambrai el 7 de enero de 1715, a la edad de sesenta y tres a\u00f1os. Hasta los doce a\u00f1os, el ni\u00f1o&hellip;","jetpack_sharing_enabled":true,"_links":{"self":[{"href":"https:\/\/nuevo-renacer.com\/tr\/wp-json\/wp\/v2\/pages\/8038","targetHints":{"allow":["GET"]}}],"collection":[{"href":"https:\/\/nuevo-renacer.com\/tr\/wp-json\/wp\/v2\/pages"}],"about":[{"href":"https:\/\/nuevo-renacer.com\/tr\/wp-json\/wp\/v2\/types\/page"}],"author":[{"embeddable":true,"href":"https:\/\/nuevo-renacer.com\/tr\/wp-json\/wp\/v2\/users\/1"}],"replies":[{"embeddable":true,"href":"https:\/\/nuevo-renacer.com\/tr\/wp-json\/wp\/v2\/comments?post=8038"}],"version-history":[{"count":2,"href":"https:\/\/nuevo-renacer.com\/tr\/wp-json\/wp\/v2\/pages\/8038\/revisions"}],"predecessor-version":[{"id":8043,"href":"https:\/\/nuevo-renacer.com\/tr\/wp-json\/wp\/v2\/pages\/8038\/revisions\/8043"}],"wp:attachment":[{"href":"https:\/\/nuevo-renacer.com\/tr\/wp-json\/wp\/v2\/media?parent=8038"}],"curies":[{"name":"wp","href":"https:\/\/api.w.org\/{rel}","templated":true}]}}