{"id":8027,"date":"2025-05-13T13:11:55","date_gmt":"2025-05-13T13:11:55","guid":{"rendered":"https:\/\/nuevo-renacer.com\/?page_id=8027"},"modified":"2025-05-13T13:11:58","modified_gmt":"2025-05-13T13:11:58","slug":"johannes-brahms","status":"publish","type":"page","link":"https:\/\/nuevo-renacer.com\/tr\/johannes-brahms\/","title":{"rendered":"Johannes Brahms"},"content":{"rendered":"<div class=\"wp-block-uagb-container uagb-block-520d5dd2 alignfull uagb-is-root-container\"><div class=\"uagb-container-inner-blocks-wrap\">\n<p class=\"has-black-color has-text-color has-link-color has-medium-font-size wp-elements-f98095ad9b2519971dec5b797e4cc30d\"><strong>Johannes Brahms<\/strong><\/p>\n<\/div><\/div>\n\n\n\n<div class=\"wp-block-uagb-container uagb-block-5ade3a54 alignfull uagb-is-root-container\"><div class=\"uagb-container-inner-blocks-wrap\">\n<figure class=\"wp-block-image size-full is-resized\"><img fetchpriority=\"high\" decoding=\"async\" width=\"371\" height=\"480\" src=\"https:\/\/nuevo-renacer.com\/wp-content\/uploads\/2025\/05\/JohannesBrahms.jpg\" alt=\"\" class=\"wp-image-8028\" style=\"width:269px;height:auto\" srcset=\"https:\/\/nuevo-renacer.com\/wp-content\/uploads\/2025\/05\/JohannesBrahms.jpg 371w, https:\/\/nuevo-renacer.com\/wp-content\/uploads\/2025\/05\/JohannesBrahms-232x300.jpg 232w, https:\/\/nuevo-renacer.com\/wp-content\/uploads\/2025\/05\/JohannesBrahms-9x12.jpg 9w\" sizes=\"(max-width: 371px) 100vw, 371px\" \/><\/figure>\n<\/div><\/div>\n\n\n\n<div class=\"wp-block-uagb-container uagb-block-ddbc52d6 alignfull uagb-is-root-container\"><div class=\"uagb-container-inner-blocks-wrap\">\n<p class=\"has-black-color has-text-color has-link-color has-small-font-size wp-elements-3e109aa0b3fbc0ed21231c00aa2ff582\">Johannes Brahms, 7 May\u0131s 1833'te Hamburg'da do\u011fdu; soylu ve g\u00fczel olan her \u015feye her zaman a\u00e7\u0131k olan ve ba\u015fkalar\u0131n\u0131n hem ac\u0131lar\u0131n\u0131 hem de sevin\u00e7lerini payla\u015fan bir \u00e7al\u0131\u015fma a\u015f\u0131\u011f\u0131yd\u0131. M\u00fczi\u011finin ana karakteristi\u011fi elejik bir teslimiyettir.<\/p>\n\n\n\n<p class=\"has-black-color has-text-color has-link-color has-small-font-size wp-elements-a5825e9fdb0299993e366c556bc86f30\">Brahms'\u0131n m\u00fczi\u011fin, d\u0131\u015f kabu\u011funa ra\u011fmen, en y\u00fcksek ifadesiyle bir ruh meselesi oldu\u011funu anlad\u0131\u011f\u0131n\u0131 vurgulamak gerekir!<\/p>\n\n\n\n<p class=\"has-black-color has-text-color has-link-color has-small-font-size wp-elements-1c645d50399273921c41ba39ec910f18\">Buna tamamen kat\u0131l\u0131yoruz, \u00e7\u00fcnk\u00fc fiziksel beden sadece ruhun emirlerini ve titre\u015fimlerini yerine getirmek i\u00e7in bir ara\u00e7t\u0131r ve \u00f6zellikle m\u00fczik s\u00f6z konusu oldu\u011funda, \u00e7\u00fcnk\u00fc m\u00fczik m\u00fckemmel bir dildir.<\/p>\n\n\n\n<p class=\"has-black-color has-text-color has-link-color has-small-font-size wp-elements-8efeaa3e1afc9547c07a1960f56af8a7\">Brahms duygusal bir adamd\u0131, tatl\u0131 armonilere kar\u015f\u0131 son derece duyarl\u0131yd\u0131, ancak fizikselli\u011fi ruhunun inceli\u011fiyle e\u015fle\u015fmiyordu.<\/p>\n\n\n\n<p class=\"has-black-color has-text-color has-link-color has-small-font-size wp-elements-4b4ec4230784a676692bc83da7668695\">Biyografi yazarlar\u0131ndan birine g\u00f6re m\u00fczik ve miza\u00e7, granitten bir bedende hassas bir ruhu gizler. Hatta eserlerinden birinin provas\u0131n\u0131n ortas\u0131nda sandalyesinden f\u0131rlad\u0131\u011f\u0131, ellerini kavu\u015fturarak salonu ge\u00e7ti\u011fi ve \u201cBu korkun\u00e7 m\u00fczi\u011fi durdurun\u201d diye ba\u011f\u0131rd\u0131\u011f\u0131 s\u00f6ylenir. M\u00fczisyenlere s\u0131rt\u0131n\u0131 d\u00f6nd\u00fc ve g\u00f6zya\u015flar\u0131 y\u00fcz\u00fcnden a\u015fa\u011f\u0131 akt\u0131. Duygular\u0131 onu bunaltm\u0131\u015ft\u0131 ve onlar\u0131 gizlemek i\u00e7in kulland\u0131\u011f\u0131 ara\u00e7 buydu.<\/p>\n\n\n\n<p class=\"has-black-color has-text-color has-link-color has-small-font-size wp-elements-8fbe40c7b9da6d3b9c8ecb80205bcebe\">Schumann'a g\u00f6re gen\u00e7 Brahms o d\u00f6nemde kaderinde yaz\u0131l\u0131 olan\u0131n t\u00fcm i\u015faretlerini ta\u015f\u0131yordu ve Schumann \u015f\u00f6yle diyecek kadar ileri gitmi\u015fti: \u201cE\u011fer bu gen\u00e7 adam koro ve orkestrayla ilgilenmeye karar verirse, bu g\u00fc\u00e7l\u00fc kitleler ona g\u00fc\u00e7lerini \u00f6d\u00fcn\u00e7 verirse, o zaman bize ruhani d\u00fcnyan\u0131n s\u0131rlar\u0131 hakk\u0131nda daha da g\u00f6z kama\u015ft\u0131r\u0131c\u0131 bilgiler verecektir\u201d.<\/p>\n\n\n\n<p class=\"has-black-color has-text-color has-link-color has-small-font-size wp-elements-020149a160cc327e8a15195a389f14ed\">Brahms'\u0131n medyumlu\u011fu bize \u00f6ylesine duygusal bir m\u00fczik sunmas\u0131n\u0131 sa\u011flad\u0131 ki, ruhumuz \u0131\u015f\u0131\u011f\u0131n, bilgeli\u011fin ve sevginin uhrevi b\u00f6lgelerine ula\u015fmak i\u00e7in \u00f6nlenemez arzusuyla dinlerken kendini bedenden ay\u0131r\u0131yor gibi g\u00f6r\u00fcn\u00fcyor!<\/p>\n\n\n\n<p class=\"has-black-color has-text-color has-link-color has-small-font-size wp-elements-2ee6fbc9461f11f8ff6db1f24fc87296\">Yakla\u015f\u0131k 64 ya\u015f\u0131ndayken, karaci\u011fer kanserine yakalanan hasta bedeni yava\u015f yava\u015f gerilemeye ba\u015flad\u0131. 2 Nisan 1897'de bilincini kaybetti ve ertesi sabah, saat sekiz bu\u00e7ukta mavi g\u00f6zleri kapand\u0131.<\/p>\n\n\n\n<p class=\"has-black-color has-text-color has-link-color has-small-font-size wp-elements-3ff7886dd8cc34dfbc346d94bf92bae2\">Doktor sakinle\u015ftirici verirken son s\u00f6z\u00fc \u015fu oldu: \u201cTe\u015fekk\u00fcr ederim\u201d.<\/p>\n<\/div><\/div>\n\n\n\n<div class=\"wp-block-uagb-container uagb-block-1516317f alignfull uagb-is-root-container\"><div class=\"uagb-container-inner-blocks-wrap\"><\/div><\/div>\n\n\n\n<div class=\"wp-block-uagb-container uagb-block-0c89dab3 alignfull uagb-is-root-container\"><div class=\"uagb-container-inner-blocks-wrap\"><\/div><\/div>","protected":false},"excerpt":{"rendered":"<p>Johannes Brahms Johannes Brahms naci\u00f3 en Hamburgo el 7 de mayo de 1833, amante del estudio, siempre abierto a todo lo que fuera noble y bello, y que compart\u00eda tanto las penas como las alegr\u00edas de los dem\u00e1s. La caracter\u00edstica fundamental de su m\u00fasica es la resignaci\u00f3n eleg\u00edaca. Hay que subrayar que Brahms entend\u00eda que [&hellip;]<\/p>","protected":false},"author":1,"featured_media":0,"parent":0,"menu_order":0,"comment_status":"closed","ping_status":"closed","template":"","meta":{"_uag_custom_page_level_css":"","site-sidebar-layout":"default","site-content-layout":"","ast-site-content-layout":"default","site-content-style":"default","site-sidebar-style":"default","ast-global-header-display":"","ast-banner-title-visibility":"","ast-main-header-display":"","ast-hfb-above-header-display":"","ast-hfb-below-header-display":"","ast-hfb-mobile-header-display":"","site-post-title":"disabled","ast-breadcrumbs-content":"","ast-featured-img":"","footer-sml-layout":"","theme-transparent-header-meta":"","adv-header-id-meta":"","stick-header-meta":"","header-above-stick-meta":"","header-main-stick-meta":"","header-below-stick-meta":"","astra-migrate-meta-layouts":"set","ast-page-background-enabled":"default","ast-page-background-meta":{"desktop":{"background-color":"var(--ast-global-color-4)","background-image":"","background-repeat":"repeat","background-position":"center center","background-size":"auto","background-attachment":"scroll","background-type":"","background-media":"","overlay-type":"","overlay-color":"","overlay-opacity":"","overlay-gradient":""},"tablet":{"background-color":"","background-image":"","background-repeat":"repeat","background-position":"center center","background-size":"auto","background-attachment":"scroll","background-type":"","background-media":"","overlay-type":"","overlay-color":"","overlay-opacity":"","overlay-gradient":""},"mobile":{"background-color":"","background-image":"","background-repeat":"repeat","background-position":"center center","background-size":"auto","background-attachment":"scroll","background-type":"","background-media":"","overlay-type":"","overlay-color":"","overlay-opacity":"","overlay-gradient":""}},"ast-content-background-meta":{"desktop":{"background-color":"var(--ast-global-color-5)","background-image":"","background-repeat":"repeat","background-position":"center center","background-size":"auto","background-attachment":"scroll","background-type":"","background-media":"","overlay-type":"","overlay-color":"","overlay-opacity":"","overlay-gradient":""},"tablet":{"background-color":"var(--ast-global-color-5)","background-image":"","background-repeat":"repeat","background-position":"center center","background-size":"auto","background-attachment":"scroll","background-type":"","background-media":"","overlay-type":"","overlay-color":"","overlay-opacity":"","overlay-gradient":""},"mobile":{"background-color":"var(--ast-global-color-5)","background-image":"","background-repeat":"repeat","background-position":"center center","background-size":"auto","background-attachment":"scroll","background-type":"","background-media":"","overlay-type":"","overlay-color":"","overlay-opacity":"","overlay-gradient":""}},"footnotes":""},"class_list":["post-8027","page","type-page","status-publish","hentry"],"yoast_head":"<!-- This site is optimized with the Yoast SEO Premium plugin v24.2 (Yoast SEO v24.6) - https:\/\/yoast.com\/wordpress\/plugins\/seo\/ -->\n<title>Johannes Brahms - Uni\u00f3n Esp\u00edrita<\/title>\n<meta name=\"robots\" content=\"index, follow, max-snippet:-1, max-image-preview:large, max-video-preview:-1\" \/>\n<link rel=\"canonical\" href=\"https:\/\/nuevo-renacer.com\/tr\/johannes-brahms\/\" \/>\n<meta property=\"og:locale\" content=\"tr_TR\" \/>\n<meta property=\"og:type\" content=\"article\" \/>\n<meta property=\"og:title\" content=\"Johannes Brahms\" \/>\n<meta property=\"og:description\" content=\"Johannes Brahms Johannes Brahms naci\u00f3 en Hamburgo el 7 de mayo de 1833, amante del estudio, siempre abierto a todo lo que fuera noble y bello, y que compart\u00eda tanto las penas como las alegr\u00edas de los dem\u00e1s. La caracter\u00edstica fundamental de su m\u00fasica es la resignaci\u00f3n eleg\u00edaca. Hay que subrayar que Brahms entend\u00eda que [&hellip;]\" \/>\n<meta property=\"og:url\" content=\"https:\/\/nuevo-renacer.com\/tr\/johannes-brahms\/\" \/>\n<meta property=\"og:site_name\" content=\"Uni\u00f3n Esp\u00edrita\" \/>\n<meta property=\"article:publisher\" content=\"https:\/\/www.facebook.com\/groups\/3431398063740829\" \/>\n<meta property=\"article:modified_time\" content=\"2025-05-13T13:11:58+00:00\" \/>\n<meta property=\"og:image\" content=\"https:\/\/nuevo-renacer.com\/wp-content\/uploads\/2025\/05\/JohannesBrahms.jpg\" \/>\n\t<meta property=\"og:image:width\" content=\"371\" \/>\n\t<meta property=\"og:image:height\" content=\"480\" \/>\n\t<meta property=\"og:image:type\" content=\"image\/jpeg\" \/>\n<meta name=\"twitter:card\" content=\"summary_large_image\" \/>\n<meta name=\"twitter:label1\" content=\"Tahmini okuma s\u00fcresi\" \/>\n\t<meta name=\"twitter:data1\" content=\"3 dakika\" \/>\n<script type=\"application\/ld+json\" class=\"yoast-schema-graph\">{\"@context\":\"https:\/\/schema.org\",\"@graph\":[{\"@type\":\"WebPage\",\"@id\":\"https:\/\/nuevo-renacer.com\/johannes-brahms\/\",\"url\":\"https:\/\/nuevo-renacer.com\/johannes-brahms\/\",\"name\":\"Johannes Brahms - Uni\u00f3n Esp\u00edrita\",\"isPartOf\":{\"@id\":\"https:\/\/nuevo-renacer.com\/#website\"},\"primaryImageOfPage\":{\"@id\":\"https:\/\/nuevo-renacer.com\/johannes-brahms\/#primaryimage\"},\"image\":{\"@id\":\"https:\/\/nuevo-renacer.com\/johannes-brahms\/#primaryimage\"},\"thumbnailUrl\":\"https:\/\/nuevo-renacer.com\/wp-content\/uploads\/2025\/05\/JohannesBrahms.jpg\",\"datePublished\":\"2025-05-13T13:11:55+00:00\",\"dateModified\":\"2025-05-13T13:11:58+00:00\",\"breadcrumb\":{\"@id\":\"https:\/\/nuevo-renacer.com\/johannes-brahms\/#breadcrumb\"},\"inLanguage\":\"tr\",\"potentialAction\":[{\"@type\":\"ReadAction\",\"target\":[\"https:\/\/nuevo-renacer.com\/johannes-brahms\/\"]}]},{\"@type\":\"ImageObject\",\"inLanguage\":\"tr\",\"@id\":\"https:\/\/nuevo-renacer.com\/johannes-brahms\/#primaryimage\",\"url\":\"https:\/\/nuevo-renacer.com\/wp-content\/uploads\/2025\/05\/JohannesBrahms.jpg\",\"contentUrl\":\"https:\/\/nuevo-renacer.com\/wp-content\/uploads\/2025\/05\/JohannesBrahms.jpg\"},{\"@type\":\"BreadcrumbList\",\"@id\":\"https:\/\/nuevo-renacer.com\/johannes-brahms\/#breadcrumb\",\"itemListElement\":[{\"@type\":\"ListItem\",\"position\":1,\"name\":\"Startseite\",\"item\":\"https:\/\/nuevo-renacer.com\/\"},{\"@type\":\"ListItem\",\"position\":2,\"name\":\"Johannes Brahms\"}]},{\"@type\":\"WebSite\",\"@id\":\"https:\/\/nuevo-renacer.com\/#website\",\"url\":\"https:\/\/nuevo-renacer.com\/\",\"name\":\"Uni\u00f3n Esp\u00edrita\",\"description\":\"Nuevo Renacer\",\"publisher\":{\"@id\":\"https:\/\/nuevo-renacer.com\/#organization\"},\"potentialAction\":[{\"@type\":\"SearchAction\",\"target\":{\"@type\":\"EntryPoint\",\"urlTemplate\":\"https:\/\/nuevo-renacer.com\/?s={search_term_string}\"},\"query-input\":{\"@type\":\"PropertyValueSpecification\",\"valueRequired\":true,\"valueName\":\"search_term_string\"}}],\"inLanguage\":\"tr\"},{\"@type\":\"Organization\",\"@id\":\"https:\/\/nuevo-renacer.com\/#organization\",\"name\":\"UFEC\",\"url\":\"https:\/\/nuevo-renacer.com\/\",\"logo\":{\"@type\":\"ImageObject\",\"inLanguage\":\"tr\",\"@id\":\"https:\/\/nuevo-renacer.com\/#\/schema\/logo\/image\/\",\"url\":\"https:\/\/nuevo-renacer.com\/wp-content\/uploads\/2024\/05\/cropped-LOGO-TERMINADO1-3-3.png\",\"contentUrl\":\"https:\/\/nuevo-renacer.com\/wp-content\/uploads\/2024\/05\/cropped-LOGO-TERMINADO1-3-3.png\",\"width\":512,\"height\":512,\"caption\":\"UFEC\"},\"image\":{\"@id\":\"https:\/\/nuevo-renacer.com\/#\/schema\/logo\/image\/\"},\"sameAs\":[\"https:\/\/www.facebook.com\/groups\/3431398063740829\"]}]}<\/script>\n<!-- \/ Yoast SEO Premium plugin. -->","yoast_head_json":{"title":"Johannes Brahms - Uni\u00f3n Esp\u00edrita","robots":{"index":"index","follow":"follow","max-snippet":"max-snippet:-1","max-image-preview":"max-image-preview:large","max-video-preview":"max-video-preview:-1"},"canonical":"https:\/\/nuevo-renacer.com\/tr\/johannes-brahms\/","og_locale":"tr_TR","og_type":"article","og_title":"Johannes Brahms","og_description":"Johannes Brahms Johannes Brahms naci\u00f3 en Hamburgo el 7 de mayo de 1833, amante del estudio, siempre abierto a todo lo que fuera noble y bello, y que compart\u00eda tanto las penas como las alegr\u00edas de los dem\u00e1s. La caracter\u00edstica fundamental de su m\u00fasica es la resignaci\u00f3n eleg\u00edaca. Hay que subrayar que Brahms entend\u00eda que [&hellip;]","og_url":"https:\/\/nuevo-renacer.com\/tr\/johannes-brahms\/","og_site_name":"Uni\u00f3n Esp\u00edrita","article_publisher":"https:\/\/www.facebook.com\/groups\/3431398063740829","article_modified_time":"2025-05-13T13:11:58+00:00","og_image":[{"width":371,"height":480,"url":"https:\/\/nuevo-renacer.com\/wp-content\/uploads\/2025\/05\/JohannesBrahms.jpg","type":"image\/jpeg"}],"twitter_card":"summary_large_image","twitter_misc":{"Tahmini okuma s\u00fcresi":"3 dakika"},"schema":{"@context":"https:\/\/schema.org","@graph":[{"@type":"WebPage","@id":"https:\/\/nuevo-renacer.com\/johannes-brahms\/","url":"https:\/\/nuevo-renacer.com\/johannes-brahms\/","name":"Johannes Brahms - Uni\u00f3n Esp\u00edrita","isPartOf":{"@id":"https:\/\/nuevo-renacer.com\/#website"},"primaryImageOfPage":{"@id":"https:\/\/nuevo-renacer.com\/johannes-brahms\/#primaryimage"},"image":{"@id":"https:\/\/nuevo-renacer.com\/johannes-brahms\/#primaryimage"},"thumbnailUrl":"https:\/\/nuevo-renacer.com\/wp-content\/uploads\/2025\/05\/JohannesBrahms.jpg","datePublished":"2025-05-13T13:11:55+00:00","dateModified":"2025-05-13T13:11:58+00:00","breadcrumb":{"@id":"https:\/\/nuevo-renacer.com\/johannes-brahms\/#breadcrumb"},"inLanguage":"tr","potentialAction":[{"@type":"ReadAction","target":["https:\/\/nuevo-renacer.com\/johannes-brahms\/"]}]},{"@type":"ImageObject","inLanguage":"tr","@id":"https:\/\/nuevo-renacer.com\/johannes-brahms\/#primaryimage","url":"https:\/\/nuevo-renacer.com\/wp-content\/uploads\/2025\/05\/JohannesBrahms.jpg","contentUrl":"https:\/\/nuevo-renacer.com\/wp-content\/uploads\/2025\/05\/JohannesBrahms.jpg"},{"@type":"BreadcrumbList","@id":"https:\/\/nuevo-renacer.com\/johannes-brahms\/#breadcrumb","itemListElement":[{"@type":"ListItem","position":1,"name":"Startseite","item":"https:\/\/nuevo-renacer.com\/"},{"@type":"ListItem","position":2,"name":"Johannes Brahms"}]},{"@type":"WebSite","@id":"https:\/\/nuevo-renacer.com\/#website","url":"https:\/\/nuevo-renacer.com\/","name":"Uni\u00f3n Esp\u00edrita","description":"Nuevo Renacer","publisher":{"@id":"https:\/\/nuevo-renacer.com\/#organization"},"potentialAction":[{"@type":"SearchAction","target":{"@type":"EntryPoint","urlTemplate":"https:\/\/nuevo-renacer.com\/?s={search_term_string}"},"query-input":{"@type":"PropertyValueSpecification","valueRequired":true,"valueName":"search_term_string"}}],"inLanguage":"tr"},{"@type":"Organization","@id":"https:\/\/nuevo-renacer.com\/#organization","name":"UFEC","url":"https:\/\/nuevo-renacer.com\/","logo":{"@type":"ImageObject","inLanguage":"tr","@id":"https:\/\/nuevo-renacer.com\/#\/schema\/logo\/image\/","url":"https:\/\/nuevo-renacer.com\/wp-content\/uploads\/2024\/05\/cropped-LOGO-TERMINADO1-3-3.png","contentUrl":"https:\/\/nuevo-renacer.com\/wp-content\/uploads\/2024\/05\/cropped-LOGO-TERMINADO1-3-3.png","width":512,"height":512,"caption":"UFEC"},"image":{"@id":"https:\/\/nuevo-renacer.com\/#\/schema\/logo\/image\/"},"sameAs":["https:\/\/www.facebook.com\/groups\/3431398063740829"]}]}},"uagb_featured_image_src":{"full":false,"thumbnail":false,"medium":false,"medium_large":false,"large":false,"1536x1536":false,"2048x2048":false,"trp-custom-language-flag":false},"uagb_author_info":{"display_name":"adbv0","author_link":"https:\/\/nuevo-renacer.com\/tr\/author\/adbv0\/"},"uagb_comment_info":0,"uagb_excerpt":"Johannes Brahms Johannes Brahms naci\u00f3 en Hamburgo el 7 de mayo de 1833, amante del estudio, siempre abierto a todo lo que fuera noble y bello, y que compart\u00eda tanto las penas como las alegr\u00edas de los dem\u00e1s. La caracter\u00edstica fundamental de su m\u00fasica es la resignaci\u00f3n eleg\u00edaca. Hay que subrayar que Brahms entend\u00eda que&hellip;","jetpack_sharing_enabled":true,"_links":{"self":[{"href":"https:\/\/nuevo-renacer.com\/tr\/wp-json\/wp\/v2\/pages\/8027","targetHints":{"allow":["GET"]}}],"collection":[{"href":"https:\/\/nuevo-renacer.com\/tr\/wp-json\/wp\/v2\/pages"}],"about":[{"href":"https:\/\/nuevo-renacer.com\/tr\/wp-json\/wp\/v2\/types\/page"}],"author":[{"embeddable":true,"href":"https:\/\/nuevo-renacer.com\/tr\/wp-json\/wp\/v2\/users\/1"}],"replies":[{"embeddable":true,"href":"https:\/\/nuevo-renacer.com\/tr\/wp-json\/wp\/v2\/comments?post=8027"}],"version-history":[{"count":1,"href":"https:\/\/nuevo-renacer.com\/tr\/wp-json\/wp\/v2\/pages\/8027\/revisions"}],"predecessor-version":[{"id":8029,"href":"https:\/\/nuevo-renacer.com\/tr\/wp-json\/wp\/v2\/pages\/8027\/revisions\/8029"}],"wp:attachment":[{"href":"https:\/\/nuevo-renacer.com\/tr\/wp-json\/wp\/v2\/media?parent=8027"}],"curies":[{"name":"wp","href":"https:\/\/api.w.org\/{rel}","templated":true}]}}