{"id":7962,"date":"2025-04-15T11:51:12","date_gmt":"2025-04-15T11:51:12","guid":{"rendered":"https:\/\/nuevo-renacer.com\/?page_id=7962"},"modified":"2025-04-15T12:16:22","modified_gmt":"2025-04-15T12:16:22","slug":"adelaide-camara","status":"publish","type":"page","link":"https:\/\/nuevo-renacer.com\/tr\/adelaide-camara\/","title":{"rendered":"Adelaide C\u00e2mara"},"content":{"rendered":"<div class=\"wp-block-uagb-container uagb-block-af8042d8 alignfull uagb-is-root-container\"><div class=\"uagb-container-inner-blocks-wrap\">\n<p class=\"has-black-color has-text-color has-link-color has-medium-font-size wp-elements-ab7da6da30ffcc4e8caae9699332c9c8\"><strong>Adelaide C\u00e2mara<\/strong><\/p>\n<\/div><\/div>\n\n\n\n<div class=\"wp-block-uagb-container uagb-block-011114a1 alignfull uagb-is-root-container\"><div class=\"uagb-container-inner-blocks-wrap\">\n<figure class=\"wp-block-image size-full is-resized\"><img fetchpriority=\"high\" decoding=\"async\" width=\"201\" height=\"250\" src=\"https:\/\/nuevo-renacer.com\/wp-content\/uploads\/2025\/04\/adelaide.jpg\" alt=\"\" class=\"wp-image-7963\" style=\"width:235px;height:auto\" srcset=\"https:\/\/nuevo-renacer.com\/wp-content\/uploads\/2025\/04\/adelaide.jpg 201w, https:\/\/nuevo-renacer.com\/wp-content\/uploads\/2025\/04\/adelaide-10x12.jpg 10w\" sizes=\"(max-width: 201px) 100vw, 201px\" \/><\/figure>\n<\/div><\/div>\n\n\n\n<div class=\"wp-block-uagb-container uagb-block-5e0ec883 alignfull uagb-is-root-container\"><div class=\"uagb-container-inner-blocks-wrap\">\n<p class=\"has-black-color has-text-color has-link-color has-small-font-size wp-elements-88029af7cc9755e81e26b4976d09f0b9\">Aura Celeste lakab\u0131yla bilinen Adelaide Augusta C\u00e2mara, Brezilya'n\u0131n en sad\u0131k kad\u0131n spirit\u00fcalist ki\u015filiklerinden biriydi. Rio Grande do Norte eyaletinin Natal \u015fehrinde 11 Ocak 1874 tarihinde do\u011fmu\u015f ve Rio de Janeiro \u015fehrinde 24 Ekim 1944 tarihinde \u00f6lm\u00fc\u015ft\u00fcr. Ocak 1896'da eski federal ba\u015fkente gelen Aura Celeste, kendi dinine mensup baz\u0131 Protestan aktivistler sayesinde Ram Williams Okulu'nda \u00f6\u011fretmenlik yapma f\u0131rsat\u0131 bulmu\u015f ve kendi evinde Brezilya'n\u0131n siyasi ve sosyal \u00e7evresinden bir\u00e7ok \u00fcnl\u00fc ki\u015finin ilk harflerini ondan \u00f6\u011frendi\u011fi bir ilkokul kurana kadar bir s\u00fcre b\u00fcy\u00fck bir beceriyle \u00f6\u011fretmenlik yapm\u0131\u015ft\u0131r.<\/p>\n\n\n\n<p class=\"has-black-color has-text-color has-link-color has-small-font-size wp-elements-d201aa96c48ec50a88ce2f286c10028d\">Hayat\u0131n\u0131n bu d\u00f6neminde, 1898 y\u0131l\u0131nda, medyumluk yeteneklerinin ilk tezah\u00fcrlerini hissetmeye ba\u015flad\u0131. O d\u00f6nemde, b\u00fcy\u00fck Bezerra de Menezes Brezilya Ruh\u00e7uluk Federasyonu'nun ba\u015f\u0131ndayd\u0131, inananlar\u0131n ve inanmayanlar\u0131n ona verdi\u011fi prestij ve sayg\u0131 halesiyle giyinmi\u015fti ve Ruh\u00e7uluk sadece medyumik fenomenler ve \u015fifalar yoluyla de\u011fil, ayn\u0131 zamanda s\u00f6zl\u00fc propaganda, kitaplar ve bas\u0131n yoluyla da t\u00fcm konu\u015fmalar\u0131n konusuydu.<\/p>\n\n\n\n<p class=\"has-black-color has-text-color has-link-color has-small-font-size wp-elements-8e875dce84c8f9ae096b1b195dd90698\">Bezerra de Menezes'in bilge rehberli\u011fi alt\u0131nda, ola\u011fan\u00fcst\u00fc medyumluk kariyerine Ismael Spiritist Merkezi'nde psikograf olarak ba\u015flad\u0131. Brezilya Ruh\u00e7ulu\u011funun b\u00fcy\u00fck havarisi, \u00fcnl\u00fc durug\u00f6r\u00fc yetene\u011fi sayesinde, Adelaide C\u00e2mara'n\u0131n ola\u011fan\u00fcst\u00fc yetenekleriyle bir g\u00fcn hem inananlar\u0131 hem de inanmayanlar\u0131 hayrete d\u00fc\u015f\u00fcrece\u011fini \u00f6ng\u00f6rm\u00fc\u015ft\u00fc. Ve Bezerra'n\u0131n kehanetinin ger\u00e7ekle\u015fmesi uzun s\u00fcrmedi, \u00e7\u00fcnk\u00fc k\u0131sa bir s\u00fcre sonra Adelaide C\u00e2mara i\u015fitsel bir medyum olarak Doktrini yaymak i\u00e7in \u00e7al\u0131\u015fmaya ba\u015flad\u0131, o kadar do\u011fru ve kesin bir \u015fekilde dersler verdi ve re\u00e7eteler yazd\u0131 ki, ad\u0131 t\u00fcm \u00fclkeye yay\u0131ld\u0131.<\/p>\n\n\n\n<p class=\"has-black-color has-text-color has-link-color has-small-font-size wp-elements-5c9551b6b5c0087f98cfc3675bb03b04\">Unutulmaz \u00f6\u011fretmen Dr. Bezerra de Menezes 1900 y\u0131l\u0131nda \u00f6ld\u00fc\u011f\u00fcnde, Adelaide C\u00e2mara b\u00fcy\u00fck \u00f6nc\u00fc In\u00e1cio Bittencourt'a yakla\u015ft\u0131 ve \u201cCaritas\u201d Ruh\u00e7u \u00c7evresinin oturumlar\u0131nda bir medyum ve birinci dereceden bir propagandac\u0131 olarak muhte\u015fem hizmetlerini sunmaya ba\u015flad\u0131. 1906'da evlendi\u011finde, ev i\u015fleri ve \u00e7ocuklar\u0131n\u0131n e\u011fitimi onu daha sonra Merkezlerdeki aktif propagandadan \u00e7ekilmeye zorlad\u0131, ancak hareketsiz kalmad\u0131. Bo\u015f zamanlar\u0131nda ruh rehberleriyle g\u00f6r\u00fc\u015ft\u00fc ve \u201c\u00d6telerden\u201d adl\u0131 eserde 21 fasik\u00fcl halinde ve \u201cCennetten \u00c7i\u011f\u201d adl\u0131 kitapta yay\u0131nlanan hayranl\u0131k uyand\u0131r\u0131c\u0131 sayfalar\u0131 al\u0131p \u00fcretmeyi ba\u015fard\u0131.<\/p>\n\n\n\n<p class=\"has-black-color has-text-color has-link-color has-small-font-size wp-elements-cc983d420d2d970fa4010fd9b05bf230\">Brezilya'n\u0131n her yerinde tan\u0131nd\u0131\u011f\u0131 AURA CELESTE takma ad\u0131n\u0131 burada benimsedi. 1920'de k\u00fcrs\u00fcye ve medyumluk \u00e7al\u0131\u015fmalar\u0131na \u00f6ylesine bir canl\u0131l\u0131k ve co\u015fkuyla geri d\u00f6nd\u00fc ki zay\u0131f bedeni biraz ac\u0131 \u00e7ekti ama g\u00f6revlerini yerine getirmekten asla vazge\u00e7medi. Dr. Joaquim Murtinho, onun arac\u0131l\u0131\u011f\u0131yla hasta ve muhta\u00e7lar\u0131 iyile\u015ftirmek i\u00e7in \u00e7al\u0131\u015fmaya ba\u015flayan, kap\u0131s\u0131n\u0131 \u00e7alan herkesi te\u015fhis edip iyile\u015ftiren ve bu d\u00f6nemde kendili\u011finden \u00e7e\u015fitli medyumluk yetenekleri geli\u015ftiren ruhani doktordu. Adelaide C\u00e2mara, birle\u015fme, i\u015fitme, durug\u00f6r\u00fc, psikografi, \u015fifa ve sezgi medyumlu\u011funa ek olarak, ola\u011fan\u00fcst\u00fc bilokasyon yetene\u011fine de sahipti. Juiz de Fora ve Corumb\u00e1'da (do\u011fruland\u0131) oldu\u011fu gibi, bak\u0131m\u0131 alt\u0131nda kendilerine \u201cge\u00e7i\u015fler\u201d uygulad\u0131\u011f\u0131n\u0131 g\u00f6ren hastalar taraf\u0131ndan perispirit\u00fcel bedeni g\u00f6r\u00fclebilen \u201cak\u0131\u015fkan bir a\u00e7\u0131l\u0131m\u201d i\u00e7inde kendini onlara ta\u015f\u0131yarak Brezilya'n\u0131n farkl\u0131 b\u00f6lgelerinde bir\u00e7ok \u015fifa ger\u00e7ekle\u015ftirdi.<\/p>\n\n\n\n<p class=\"has-black-color has-text-color has-link-color has-small-font-size wp-elements-f20970b27d060c7bb77489582e06f88a\">\u015eair, \u00f6\u011fretim g\u00f6revlisi, \u00f6yk\u00fcc\u00fc ve e\u011fitimci kimli\u011finin \u00f6tesinde, d\u00fczyaz\u0131 ve manzum olarak, genellikle takma ad\u0131yla imzalad\u0131\u011f\u0131 m\u00fckemmel edebi-doktriner eserler b\u0131rakt\u0131. B\u00f6ylece \u201cVoices of the Soul\u201d, manzum; \u201cSentimental\u201d, manzum; \u201cAspects of the Soul\u201d, k\u0131sa \u00f6yk\u00fcler; \u201cSpiritual Words\u201d, konferanslar; \u201cTowards Truth\u201d ve \u201cLight from on High\u201d kitaplar\u0131n\u0131 yay\u0131nlad\u0131. Ayr\u0131ca Spiritist dergi ve gazetelerde \u00e7ok say\u0131da \u015fiir ve doktriner makale yay\u0131nlam\u0131\u015ft\u0131r. B\u00fcy\u00fck gazeteci ve yazar Leal de Souza, Adelaide C\u00e2mara'dan \u201cb\u00fcy\u00fck modern \u0130lham Perisi, Spiritist \u0130lham Perisi\u201d olarak bahsetmi\u015ftir. 1924 y\u0131l\u0131nda kendini yetim \u00e7ocuklara ve muhta\u00e7 ya\u015fl\u0131lara yard\u0131m etmeye adad\u0131. T\u00fcm \u00e7abalar\u0131n\u0131 ruhunun bu kadim arzusunu hayata ge\u00e7irmeye odaklad\u0131. Ancak, neredeyse \u00fc\u00e7 y\u0131l s\u00fcren m\u00fccadelesinde \u00e7ok az \u015fey yapabildi. O s\u0131ralarda Jo\u00e3o Carlos de Carvalho ad\u0131nda bir rahip bu t\u00fcr bir kurumun kurulmas\u0131 i\u00e7in ba\u011f\u0131\u015f ve fon toplamaktayd\u0131 ve bir g\u00fcn Adelaide C\u00e2mara'n\u0131n b\u00f6yle insani bir ama\u00e7 i\u00e7in yeni toplar bulabilmesi i\u00e7in ba\u011f\u0131\u015flar\u0131n listesini ona verdi.<\/p>\n\n\n\n<p class=\"has-black-color has-text-color has-link-color has-small-font-size wp-elements-945f991b484bf9c445e77da84e11088c\">Birka\u00e7 g\u00fcn sonra Jo\u00e3o Carvalho \u00f6ld\u00fc ve Adelaide listeye ve toplanan paraya sahip oldu. Birka\u00e7 ay sonra, Casa Lopes'in sahibi olan ve Doktrin \u00fczerinde \u00e7al\u0131\u015fan Bay Lopes, yetimlere yard\u0131m etmek i\u00e7in bir kurum organize etmeye ilgi g\u00f6sterdi ve Adelaide ona bu ama\u00e7 i\u00e7in bir ba\u011f\u0131\u015f listesi oldu\u011funu s\u00f6yledi. Bu fikir co\u015fkuyla kar\u015f\u0131land\u0131 ve k\u0131sa s\u00fcrede hayata ge\u00e7irildi. Botafogo'da bir ev kiralad\u0131lar ve 13 Mart 1927'de Adelaide'in ilk m\u00fcd\u00fcr\u00fc oldu\u011fu \u201cJo\u00e3o Evangelista\u201d Ruh\u00e7u Ak\u0131l Hastanesi burada kuruldu. Bu \u015fenlikli a\u00e7\u0131l\u0131\u015fa Brezilya Ruh\u00e7uluk Federasyonu'nun o zamanki 2. sekreteri ve t\u00f6rendeki temsilcisi Dr. Guillon Ribeiro da kat\u0131ld\u0131. Adelaida C\u00e2mara k\u0131sa s\u00f6zlerle ruhunun sevincini dile getirdi ve t\u00fcm varl\u0131\u011f\u0131n\u0131n idealinin ger\u00e7ekle\u015fti\u011fini teyit etti: \u201cyetimlerin annesi olmak, d\u00fcnyan\u0131n t\u00fcm alt\u0131nlar\u0131na ve y\u00fcceliklerine de\u011fi\u015fmeyece\u011fim cennetten bir l\u00fctuf\u201d.<\/p>\n\n\n\n<p class=\"has-black-color has-text-color has-link-color has-small-font-size wp-elements-3c83653bce354e83cca2878956bd5ddd\">O andan itibaren t\u00fcm zaman\u0131n\u0131 bu b\u00fcy\u00fck hay\u0131r i\u015fine adad\u0131 ve ruhunu huzur i\u00e7inde Tanr\u0131'ya teslim edece\u011fi g\u00fcne kadar bilgisinin ve nezaketinin \u0131\u015f\u0131\u011f\u0131n\u0131 bu i\u015fe verdi. Aura Celeste b\u00fcy\u00fck bir \u00f6zveriyle Rio de Janeiro kentindeki \u00e7e\u015fitli Spiritist hay\u0131r cemiyetlerinde \u00e7al\u0131\u015ft\u0131 ve hepsine enerjisinin ve zek\u00e2s\u0131n\u0131n en iyisini verdi. Bununla birlikte, \u201cJo\u00e3o Evangelista\u201d Ruh\u00e7u Ak\u0131l Hastanesinde, sadece yetkin bir e\u011fitimci olarak de\u011fil, ayn\u0131 zamanda hala yapt\u0131klar\u0131 gibi entelekt\u00fcel ve ahlaki e\u011fitim alan say\u0131s\u0131z gencin yetenekli bir denet\u00e7isi olarak en b\u00fcy\u00fck g\u00f6revini yerine getirdi. Adelaide C\u00e2mara'n\u0131n hayat\u0131 ve \u00e7al\u0131\u015fmalar\u0131 bir \u0131\u015f\u0131k merdiveni, bir inan\u00e7 ve tevazu teyidi ve sevginin daimi bir tan\u0131\u011f\u0131yd\u0131. O, \u00f6\u011freterek \u00f6\u011freten ve \u00f6\u011freterek e\u011fiten, \u00f6rnek olan b\u00fcy\u00fck bir e\u011fitimciydi. Kibirden uzak, son derece samimi ve d\u00fcr\u00fcst bir medyum olarak, medyumlu\u011fu ger\u00e7ek bir rahiplik olarak uygulad\u0131. Sa\u011flam bir k\u00fclt\u00fcre sahipti, isteseydi edebiyat d\u00fcnyas\u0131nda ad\u0131n\u0131 duyurabilirdi.<\/p>\n\n\n\n<p class=\"has-black-color has-text-color has-link-color has-small-font-size wp-elements-8c2346145100aecd76fdc709780d562c\">Geni\u015f kaynaklara sahip bir \u015fair, ikna edici ve do\u011fal bir konu\u015fmac\u0131, g\u00fc\u00e7l\u00fc bir \u00fcsluba ve p\u0131r\u0131l p\u0131r\u0131l bir hayal g\u00fcc\u00fcne sahip bir han\u0131mefendi olarak, sahip oldu\u011fu kaynaklarla Ruh\u00e7uluk \u00d6\u011fretisi'nin ad\u0131n\u0131 duyurmak ve y\u00fcceltmek i\u00e7in elinden gelen her \u015feyi yapt\u0131. Rio de Janeiro'daki \u201cJo\u00e3o Evangelista\u201d Ruh\u00e7u Ak\u0131l Hastanesi, Adelaide Augusta C\u00e2mara ad\u0131ndaki bu asil kad\u0131n\u0131n \u00e7al\u0131\u015fmalar\u0131na ve iyilik davas\u0131na adanm\u0131\u015fl\u0131\u011f\u0131na tan\u0131kl\u0131k eden kendi merkeziyle hala oradad\u0131r.<\/p>\n<\/div><\/div>\n\n\n\n<div class=\"wp-block-uagb-container uagb-block-ed7b1b96 alignfull uagb-is-root-container\"><div class=\"uagb-container-inner-blocks-wrap\"><\/div><\/div>\n\n\n\n<div class=\"wp-block-uagb-container uagb-block-d66a4cda alignfull uagb-is-root-container\"><div class=\"uagb-container-inner-blocks-wrap\">\n<p class=\"has-black-color has-text-color has-link-color has-small-font-size wp-elements-99bc80741efa41f3bbcfa01a724f0933\"><strong>\u00abJo\u00e3o Evangelista\u00bb Ruh\u00e7u Ak\u0131l Hastanesinin web sitesi:<\/strong> <\/p>\n\n\n\n<p class=\"has-ast-global-color-0-color has-text-color has-link-color has-small-font-size wp-elements-dbd2fab2d9b02ab01bd3279667b29edf\"><a href=\"https:\/\/asylojoaoevangelis.wixsite.com\/aeje\">https:\/\/asylojoaoevangelis.wixsite.com\/aeje<\/a><\/p>\n<\/div><\/div>\n\n\n\n<div class=\"wp-block-uagb-container uagb-block-f95421f0 alignfull uagb-is-root-container\"><div class=\"uagb-container-inner-blocks-wrap\"><\/div><\/div>\n\n\n\n<div class=\"wp-block-uagb-container uagb-block-8c5ec6d0 alignfull uagb-is-root-container\"><div class=\"uagb-container-inner-blocks-wrap\"><\/div><\/div>","protected":false},"excerpt":{"rendered":"<p>Adelaide C\u00e2mara Adelaide Augusta C\u00e2mara fue una de las figuras femeninas m\u00e1s devotas del Espiritismo en Brasil, muy conocida por su seud\u00f3nimo Aura Celeste. Encarn\u00f3 en la ciudad de Natal, en el estado de Rio Grande do Norte, el 11 de enero de 1874, y desencarn\u00f3 en la ciudad de Rio de Janeiro el 24 [&hellip;]<\/p>","protected":false},"author":1,"featured_media":0,"parent":0,"menu_order":0,"comment_status":"closed","ping_status":"closed","template":"","meta":{"_uag_custom_page_level_css":"","site-sidebar-layout":"default","site-content-layout":"","ast-site-content-layout":"default","site-content-style":"default","site-sidebar-style":"default","ast-global-header-display":"","ast-banner-title-visibility":"","ast-main-header-display":"","ast-hfb-above-header-display":"","ast-hfb-below-header-display":"","ast-hfb-mobile-header-display":"","site-post-title":"disabled","ast-breadcrumbs-content":"","ast-featured-img":"","footer-sml-layout":"","theme-transparent-header-meta":"","adv-header-id-meta":"","stick-header-meta":"","header-above-stick-meta":"","header-main-stick-meta":"","header-below-stick-meta":"","astra-migrate-meta-layouts":"set","ast-page-background-enabled":"default","ast-page-background-meta":{"desktop":{"background-color":"var(--ast-global-color-4)","background-image":"","background-repeat":"repeat","background-position":"center center","background-size":"auto","background-attachment":"scroll","background-type":"","background-media":"","overlay-type":"","overlay-color":"","overlay-opacity":"","overlay-gradient":""},"tablet":{"background-color":"","background-image":"","background-repeat":"repeat","background-position":"center center","background-size":"auto","background-attachment":"scroll","background-type":"","background-media":"","overlay-type":"","overlay-color":"","overlay-opacity":"","overlay-gradient":""},"mobile":{"background-color":"","background-image":"","background-repeat":"repeat","background-position":"center center","background-size":"auto","background-attachment":"scroll","background-type":"","background-media":"","overlay-type":"","overlay-color":"","overlay-opacity":"","overlay-gradient":""}},"ast-content-background-meta":{"desktop":{"background-color":"var(--ast-global-color-5)","background-image":"","background-repeat":"repeat","background-position":"center center","background-size":"auto","background-attachment":"scroll","background-type":"","background-media":"","overlay-type":"","overlay-color":"","overlay-opacity":"","overlay-gradient":""},"tablet":{"background-color":"var(--ast-global-color-5)","background-image":"","background-repeat":"repeat","background-position":"center center","background-size":"auto","background-attachment":"scroll","background-type":"","background-media":"","overlay-type":"","overlay-color":"","overlay-opacity":"","overlay-gradient":""},"mobile":{"background-color":"var(--ast-global-color-5)","background-image":"","background-repeat":"repeat","background-position":"center center","background-size":"auto","background-attachment":"scroll","background-type":"","background-media":"","overlay-type":"","overlay-color":"","overlay-opacity":"","overlay-gradient":""}},"footnotes":""},"class_list":["post-7962","page","type-page","status-publish","hentry"],"yoast_head":"<!-- This site is optimized with the Yoast SEO Premium plugin v24.2 (Yoast SEO v24.6) - https:\/\/yoast.com\/wordpress\/plugins\/seo\/ -->\n<title>Adelaide C\u00e2mara - Uni\u00f3n Esp\u00edrita<\/title>\n<meta name=\"robots\" content=\"index, follow, max-snippet:-1, max-image-preview:large, max-video-preview:-1\" \/>\n<link rel=\"canonical\" href=\"https:\/\/nuevo-renacer.com\/tr\/adelaide-camara\/\" \/>\n<meta property=\"og:locale\" content=\"tr_TR\" \/>\n<meta property=\"og:type\" content=\"article\" \/>\n<meta property=\"og:title\" content=\"Adelaide C\u00e2mara\" \/>\n<meta property=\"og:description\" content=\"Adelaide C\u00e2mara Adelaide Augusta C\u00e2mara fue una de las figuras femeninas m\u00e1s devotas del Espiritismo en Brasil, muy conocida por su seud\u00f3nimo Aura Celeste. Encarn\u00f3 en la ciudad de Natal, en el estado de Rio Grande do Norte, el 11 de enero de 1874, y desencarn\u00f3 en la ciudad de Rio de Janeiro el 24 [&hellip;]\" \/>\n<meta property=\"og:url\" content=\"https:\/\/nuevo-renacer.com\/tr\/adelaide-camara\/\" \/>\n<meta property=\"og:site_name\" content=\"Uni\u00f3n Esp\u00edrita\" \/>\n<meta property=\"article:publisher\" content=\"https:\/\/www.facebook.com\/groups\/3431398063740829\" \/>\n<meta property=\"article:modified_time\" content=\"2025-04-15T12:16:22+00:00\" \/>\n<meta property=\"og:image\" content=\"https:\/\/nuevo-renacer.com\/wp-content\/uploads\/2025\/04\/adelaide.jpg\" \/>\n\t<meta property=\"og:image:width\" content=\"201\" \/>\n\t<meta property=\"og:image:height\" content=\"250\" \/>\n\t<meta property=\"og:image:type\" content=\"image\/jpeg\" \/>\n<meta name=\"twitter:card\" content=\"summary_large_image\" \/>\n<meta name=\"twitter:label1\" content=\"Tahmini okuma s\u00fcresi\" \/>\n\t<meta name=\"twitter:data1\" content=\"7 dakika\" \/>\n<script type=\"application\/ld+json\" class=\"yoast-schema-graph\">{\"@context\":\"https:\/\/schema.org\",\"@graph\":[{\"@type\":\"WebPage\",\"@id\":\"https:\/\/nuevo-renacer.com\/adelaide-camara\/\",\"url\":\"https:\/\/nuevo-renacer.com\/adelaide-camara\/\",\"name\":\"Adelaide C\u00e2mara - Uni\u00f3n Esp\u00edrita\",\"isPartOf\":{\"@id\":\"https:\/\/nuevo-renacer.com\/#website\"},\"primaryImageOfPage\":{\"@id\":\"https:\/\/nuevo-renacer.com\/adelaide-camara\/#primaryimage\"},\"image\":{\"@id\":\"https:\/\/nuevo-renacer.com\/adelaide-camara\/#primaryimage\"},\"thumbnailUrl\":\"https:\/\/nuevo-renacer.com\/wp-content\/uploads\/2025\/04\/adelaide.jpg\",\"datePublished\":\"2025-04-15T11:51:12+00:00\",\"dateModified\":\"2025-04-15T12:16:22+00:00\",\"breadcrumb\":{\"@id\":\"https:\/\/nuevo-renacer.com\/adelaide-camara\/#breadcrumb\"},\"inLanguage\":\"tr\",\"potentialAction\":[{\"@type\":\"ReadAction\",\"target\":[\"https:\/\/nuevo-renacer.com\/adelaide-camara\/\"]}]},{\"@type\":\"ImageObject\",\"inLanguage\":\"tr\",\"@id\":\"https:\/\/nuevo-renacer.com\/adelaide-camara\/#primaryimage\",\"url\":\"https:\/\/nuevo-renacer.com\/wp-content\/uploads\/2025\/04\/adelaide.jpg\",\"contentUrl\":\"https:\/\/nuevo-renacer.com\/wp-content\/uploads\/2025\/04\/adelaide.jpg\"},{\"@type\":\"BreadcrumbList\",\"@id\":\"https:\/\/nuevo-renacer.com\/adelaide-camara\/#breadcrumb\",\"itemListElement\":[{\"@type\":\"ListItem\",\"position\":1,\"name\":\"Startseite\",\"item\":\"https:\/\/nuevo-renacer.com\/\"},{\"@type\":\"ListItem\",\"position\":2,\"name\":\"Adelaide C\u00e2mara\"}]},{\"@type\":\"WebSite\",\"@id\":\"https:\/\/nuevo-renacer.com\/#website\",\"url\":\"https:\/\/nuevo-renacer.com\/\",\"name\":\"Uni\u00f3n Esp\u00edrita\",\"description\":\"Nuevo Renacer\",\"publisher\":{\"@id\":\"https:\/\/nuevo-renacer.com\/#organization\"},\"potentialAction\":[{\"@type\":\"SearchAction\",\"target\":{\"@type\":\"EntryPoint\",\"urlTemplate\":\"https:\/\/nuevo-renacer.com\/?s={search_term_string}\"},\"query-input\":{\"@type\":\"PropertyValueSpecification\",\"valueRequired\":true,\"valueName\":\"search_term_string\"}}],\"inLanguage\":\"tr\"},{\"@type\":\"Organization\",\"@id\":\"https:\/\/nuevo-renacer.com\/#organization\",\"name\":\"UFEC\",\"url\":\"https:\/\/nuevo-renacer.com\/\",\"logo\":{\"@type\":\"ImageObject\",\"inLanguage\":\"tr\",\"@id\":\"https:\/\/nuevo-renacer.com\/#\/schema\/logo\/image\/\",\"url\":\"https:\/\/nuevo-renacer.com\/wp-content\/uploads\/2024\/05\/cropped-LOGO-TERMINADO1-3-3.png\",\"contentUrl\":\"https:\/\/nuevo-renacer.com\/wp-content\/uploads\/2024\/05\/cropped-LOGO-TERMINADO1-3-3.png\",\"width\":512,\"height\":512,\"caption\":\"UFEC\"},\"image\":{\"@id\":\"https:\/\/nuevo-renacer.com\/#\/schema\/logo\/image\/\"},\"sameAs\":[\"https:\/\/www.facebook.com\/groups\/3431398063740829\"]}]}<\/script>\n<!-- \/ Yoast SEO Premium plugin. -->","yoast_head_json":{"title":"Adelaide C\u00e2mara - Uni\u00f3n Esp\u00edrita","robots":{"index":"index","follow":"follow","max-snippet":"max-snippet:-1","max-image-preview":"max-image-preview:large","max-video-preview":"max-video-preview:-1"},"canonical":"https:\/\/nuevo-renacer.com\/tr\/adelaide-camara\/","og_locale":"tr_TR","og_type":"article","og_title":"Adelaide C\u00e2mara","og_description":"Adelaide C\u00e2mara Adelaide Augusta C\u00e2mara fue una de las figuras femeninas m\u00e1s devotas del Espiritismo en Brasil, muy conocida por su seud\u00f3nimo Aura Celeste. Encarn\u00f3 en la ciudad de Natal, en el estado de Rio Grande do Norte, el 11 de enero de 1874, y desencarn\u00f3 en la ciudad de Rio de Janeiro el 24 [&hellip;]","og_url":"https:\/\/nuevo-renacer.com\/tr\/adelaide-camara\/","og_site_name":"Uni\u00f3n Esp\u00edrita","article_publisher":"https:\/\/www.facebook.com\/groups\/3431398063740829","article_modified_time":"2025-04-15T12:16:22+00:00","og_image":[{"width":201,"height":250,"url":"https:\/\/nuevo-renacer.com\/wp-content\/uploads\/2025\/04\/adelaide.jpg","type":"image\/jpeg"}],"twitter_card":"summary_large_image","twitter_misc":{"Tahmini okuma s\u00fcresi":"7 dakika"},"schema":{"@context":"https:\/\/schema.org","@graph":[{"@type":"WebPage","@id":"https:\/\/nuevo-renacer.com\/adelaide-camara\/","url":"https:\/\/nuevo-renacer.com\/adelaide-camara\/","name":"Adelaide C\u00e2mara - Uni\u00f3n Esp\u00edrita","isPartOf":{"@id":"https:\/\/nuevo-renacer.com\/#website"},"primaryImageOfPage":{"@id":"https:\/\/nuevo-renacer.com\/adelaide-camara\/#primaryimage"},"image":{"@id":"https:\/\/nuevo-renacer.com\/adelaide-camara\/#primaryimage"},"thumbnailUrl":"https:\/\/nuevo-renacer.com\/wp-content\/uploads\/2025\/04\/adelaide.jpg","datePublished":"2025-04-15T11:51:12+00:00","dateModified":"2025-04-15T12:16:22+00:00","breadcrumb":{"@id":"https:\/\/nuevo-renacer.com\/adelaide-camara\/#breadcrumb"},"inLanguage":"tr","potentialAction":[{"@type":"ReadAction","target":["https:\/\/nuevo-renacer.com\/adelaide-camara\/"]}]},{"@type":"ImageObject","inLanguage":"tr","@id":"https:\/\/nuevo-renacer.com\/adelaide-camara\/#primaryimage","url":"https:\/\/nuevo-renacer.com\/wp-content\/uploads\/2025\/04\/adelaide.jpg","contentUrl":"https:\/\/nuevo-renacer.com\/wp-content\/uploads\/2025\/04\/adelaide.jpg"},{"@type":"BreadcrumbList","@id":"https:\/\/nuevo-renacer.com\/adelaide-camara\/#breadcrumb","itemListElement":[{"@type":"ListItem","position":1,"name":"Startseite","item":"https:\/\/nuevo-renacer.com\/"},{"@type":"ListItem","position":2,"name":"Adelaide C\u00e2mara"}]},{"@type":"WebSite","@id":"https:\/\/nuevo-renacer.com\/#website","url":"https:\/\/nuevo-renacer.com\/","name":"Uni\u00f3n Esp\u00edrita","description":"Nuevo Renacer","publisher":{"@id":"https:\/\/nuevo-renacer.com\/#organization"},"potentialAction":[{"@type":"SearchAction","target":{"@type":"EntryPoint","urlTemplate":"https:\/\/nuevo-renacer.com\/?s={search_term_string}"},"query-input":{"@type":"PropertyValueSpecification","valueRequired":true,"valueName":"search_term_string"}}],"inLanguage":"tr"},{"@type":"Organization","@id":"https:\/\/nuevo-renacer.com\/#organization","name":"UFEC","url":"https:\/\/nuevo-renacer.com\/","logo":{"@type":"ImageObject","inLanguage":"tr","@id":"https:\/\/nuevo-renacer.com\/#\/schema\/logo\/image\/","url":"https:\/\/nuevo-renacer.com\/wp-content\/uploads\/2024\/05\/cropped-LOGO-TERMINADO1-3-3.png","contentUrl":"https:\/\/nuevo-renacer.com\/wp-content\/uploads\/2024\/05\/cropped-LOGO-TERMINADO1-3-3.png","width":512,"height":512,"caption":"UFEC"},"image":{"@id":"https:\/\/nuevo-renacer.com\/#\/schema\/logo\/image\/"},"sameAs":["https:\/\/www.facebook.com\/groups\/3431398063740829"]}]}},"uagb_featured_image_src":{"full":false,"thumbnail":false,"medium":false,"medium_large":false,"large":false,"1536x1536":false,"2048x2048":false,"trp-custom-language-flag":false},"uagb_author_info":{"display_name":"adbv0","author_link":"https:\/\/nuevo-renacer.com\/tr\/author\/adbv0\/"},"uagb_comment_info":0,"uagb_excerpt":"Adelaide C\u00e2mara Adelaide Augusta C\u00e2mara fue una de las figuras femeninas m\u00e1s devotas del Espiritismo en Brasil, muy conocida por su seud\u00f3nimo Aura Celeste. Encarn\u00f3 en la ciudad de Natal, en el estado de Rio Grande do Norte, el 11 de enero de 1874, y desencarn\u00f3 en la ciudad de Rio de Janeiro el 24&hellip;","jetpack_sharing_enabled":true,"_links":{"self":[{"href":"https:\/\/nuevo-renacer.com\/tr\/wp-json\/wp\/v2\/pages\/7962","targetHints":{"allow":["GET"]}}],"collection":[{"href":"https:\/\/nuevo-renacer.com\/tr\/wp-json\/wp\/v2\/pages"}],"about":[{"href":"https:\/\/nuevo-renacer.com\/tr\/wp-json\/wp\/v2\/types\/page"}],"author":[{"embeddable":true,"href":"https:\/\/nuevo-renacer.com\/tr\/wp-json\/wp\/v2\/users\/1"}],"replies":[{"embeddable":true,"href":"https:\/\/nuevo-renacer.com\/tr\/wp-json\/wp\/v2\/comments?post=7962"}],"version-history":[{"count":3,"href":"https:\/\/nuevo-renacer.com\/tr\/wp-json\/wp\/v2\/pages\/7962\/revisions"}],"predecessor-version":[{"id":7967,"href":"https:\/\/nuevo-renacer.com\/tr\/wp-json\/wp\/v2\/pages\/7962\/revisions\/7967"}],"wp:attachment":[{"href":"https:\/\/nuevo-renacer.com\/tr\/wp-json\/wp\/v2\/media?parent=7962"}],"curies":[{"name":"wp","href":"https:\/\/api.w.org\/{rel}","templated":true}]}}