{"id":7920,"date":"2025-03-25T07:30:20","date_gmt":"2025-03-25T07:30:20","guid":{"rendered":"https:\/\/nuevo-renacer.com\/?page_id=7920"},"modified":"2025-03-25T07:48:17","modified_gmt":"2025-03-25T07:48:17","slug":"el-espiritismo-y-la-necesidad-de-definirlo-claramente","status":"publish","type":"page","link":"https:\/\/nuevo-renacer.com\/tr\/el-espiritismo-y-la-necesidad-de-definirlo-claramente\/","title":{"rendered":"Spiritizm ve onu net bir \u015fekilde tan\u0131mlama ihtiyac\u0131"},"content":{"rendered":"<div class=\"wp-block-uagb-container uagb-block-92c92cc3 alignfull uagb-is-root-container\"><div class=\"uagb-container-inner-blocks-wrap\">\n<p class=\"has-black-color has-text-color has-link-color has-medium-font-size wp-elements-52333e3b012c8a2fb110db23e6b4179e\"><strong>Spiritizm ve onu net bir \u015fekilde tan\u0131mlama ihtiyac\u0131<\/strong><\/p>\n<\/div><\/div>\n\n\n\n<div class=\"wp-block-uagb-container uagb-block-2d097f8f alignfull uagb-is-root-container\"><div class=\"uagb-container-inner-blocks-wrap\">\n<figure class=\"wp-block-image size-large is-resized\"><img fetchpriority=\"high\" decoding=\"async\" width=\"1024\" height=\"614\" src=\"https:\/\/nuevo-renacer.com\/wp-content\/uploads\/2025\/03\/religiao_pixabay-1024x614.jpg\" alt=\"\" class=\"wp-image-7921\" style=\"width:462px;height:auto\" srcset=\"https:\/\/nuevo-renacer.com\/wp-content\/uploads\/2025\/03\/religiao_pixabay-1024x614.jpg 1024w, https:\/\/nuevo-renacer.com\/wp-content\/uploads\/2025\/03\/religiao_pixabay-300x180.jpg 300w, https:\/\/nuevo-renacer.com\/wp-content\/uploads\/2025\/03\/religiao_pixabay-768x461.jpg 768w, https:\/\/nuevo-renacer.com\/wp-content\/uploads\/2025\/03\/religiao_pixabay-18x12.jpg 18w, https:\/\/nuevo-renacer.com\/wp-content\/uploads\/2025\/03\/religiao_pixabay.jpg 1200w\" sizes=\"(max-width: 1024px) 100vw, 1024px\" \/><\/figure>\n<\/div><\/div>\n\n\n\n<div class=\"wp-block-uagb-container uagb-block-e9b56766 alignfull uagb-is-root-container\"><div class=\"uagb-container-inner-blocks-wrap\">\n<p class=\"has-black-color has-text-color has-link-color has-small-font-size wp-elements-4b7b9e33396d5f4e92cd7f53acb9fa35\">Ge\u00e7enlerde YouTube'da Almanya'da Spiritizm'i yayman\u0131n \u00e7ok zor oldu\u011funu iddia eden bir beyefendinin s\u00f6zlerini duydum. Ona g\u00f6re bunun nedeni Almanya'n\u0131n h\u00fcz\u00fcnl\u00fc ve kasvetli ge\u00e7mi\u015finde yat\u0131yor. Bu ac\u0131lara \u00e7o\u011funlukla kilise neden olmu\u015ftur (\u00f6rne\u011fin cad\u0131 yakmalar). S\u00f6z konusu beyefendi, dinin kilise ile e\u015f anlaml\u0131 olmamas\u0131na ra\u011fmen, kilisenin yapt\u0131klar\u0131n\u0131n da Spiritizm'e k\u00f6t\u00fc bir \u0131\u015f\u0131k tuttu\u011funu vurgulad\u0131. Bir s\u00f6zl\u00fck a\u00e7\u0131p \u201cSpiritizm\u201d terimine bakarsan\u0131z, \u201ckara b\u00fcy\u00fc, ruh tarikat\u0131 vb.\u201d tan\u0131m\u0131n\u0131 bulacaks\u0131n\u0131z. Ba\u015fka bir deyi\u015fle, t\u00fcm tan\u0131mlar olumsuz \u00e7a\u011fr\u0131\u015f\u0131mlara sahiptir.<\/p>\n\n\n\n<p class=\"has-black-color has-text-color has-link-color has-small-font-size wp-elements-c0ddd874d8c46a1199c759832b7d33eb\">Bu nedenle Almanya'da Spiritizmi yayarken ruhlara de\u011fil Kardec'in \u00f6\u011fretilerine odaklanmak \u00f6nemlidir. Bu nedenle mant\u0131ksal sonu\u00e7 'Spiritizm' terimini bir kenara b\u0131rakmak ve bunun yerine 'Kardeizm' kelimesini kullanmak olmal\u0131d\u0131r. Bu, Kardec'in \u00f6\u011fretilerinin belirtilmesi anlam\u0131na gelecek ve yay\u0131lma amac\u0131na hizmet edecektir. Buraya kadar her \u015fey yolunda. Bu beyefendinin d\u00fc\u015f\u00fcnceleri onurlu ve bir dereceye kadar anla\u015f\u0131labilir ve do\u011fru olabilir, ancak ciddi \u015fekilde kusurludur. Almanya'da Spiritizm'i yayman\u0131n \u00e7ok zor bir \u00e7aba oldu\u011fu do\u011frudur. Bunun bir nedeni de Almanya'n\u0131n tarihinde ve kilisenin ge\u00e7mi\u015fteki eylemlerinde bulunabilir. Ve \u201cspirit\u00fcalist olmayan\u201d kamuoyundaki Spiritizm imaj\u0131n\u0131n olumsuz oldu\u011fu ve yanl\u0131\u015f iddialarla lekelendi\u011fi de tamamen do\u011frudur.<\/p>\n\n\n\n<p class=\"has-black-color has-text-color has-link-color has-small-font-size wp-elements-de92b956758a50aed226db48bcc61fb0\">Spiritizm'in kara b\u00fcy\u00fc ile kesinlikle hi\u00e7bir ilgisi yoktur ve ruh \u00e7a\u011f\u0131rma ile ilgili karanl\u0131k bir tarikat da de\u011fildir. Spiritizm kendi ama\u00e7lar\u0131 do\u011frultusunda k\u00f6t\u00fcye kullanan sahtek\u00e2rlar\u0131n her zaman var oldu\u011fu da do\u011frudur. Ancak Spiritizm'e farkl\u0131 bir isim vererek ve yar\u0131 do\u011fru iddialarda bulunarak kamuoyundaki bu yanl\u0131\u015f ve olumsuz imaj\u0131 de\u011fi\u015ftiremeyiz. Ve bu \u015fekilde yap\u0131labilse bile, bu ne Spiritist ruha ne de Allan Kardec'in ruhuna uygun olacakt\u0131r.<\/p>\n\n\n\n<p class=\"has-black-color has-text-color has-link-color has-small-font-size wp-elements-953b66d587c4f15cb90d6bb4b680c17d\">Spiritizmin Allan Kardec'in \u00f6\u011fretisi de\u011fil, ruhlar\u0131n \u00f6\u011fretisi oldu\u011fu vurgulanmal\u0131d\u0131r. Bu, hi\u00e7bir ko\u015ful alt\u0131nda gizlemememiz gereken bir ger\u00e7ektir. Aksi takdirde Spiritizmin t\u00fcm temeli tahrif edilmi\u015f olur. Spiritizm'in propagandas\u0131 asla yalanlar temelinde yap\u0131lmamal\u0131d\u0131r. Bu, \u201cKom\u015funa kar\u015f\u0131 yalan yere tan\u0131kl\u0131k etmeyeceksin\u201d \u015feklindeki sekizinci ilahi emrin a\u00e7\u0131k bir ihlali olur. Hi\u00e7bir sa\u011fl\u0131kl\u0131 a\u011fa\u00e7 \u00e7\u00fcr\u00fck k\u00f6klerden b\u00fcy\u00fcyemez. Allan Kardec Spiritizm'in kurucusu de\u011fil, kodlay\u0131c\u0131s\u0131yd\u0131. Bu b\u00fcy\u00fck bir farkt\u0131r. Spiritizm'in bilgeli\u011fini medyumlar arac\u0131l\u0131\u011f\u0131yla dikte edenler ruhlard\u0131. Kardec'in Tanr\u0131 vergisi g\u00f6revi, ruhani d\u00fcnyadan gelen bu dikteleri toplamak ve onlar\u0131 ay\u0131k, berrak ve mant\u0131kl\u0131 zihniyle de\u011ferlendirip homojen bir felsefe haline getirmekti. Bu g\u00f6rev i\u00e7in daha iyi bir insan bulunamazd\u0131.<\/p>\n\n\n\n<p class=\"has-black-color has-text-color has-link-color has-small-font-size wp-elements-7bacaf4a1a5ceb1387dbbe48928af1f4\">Allan Kardec kolayca yan\u0131lsamalara kap\u0131labilecek co\u015fkulu bir hayalperest de\u011fildi. O bir pedagog, yaln\u0131zca rasyonel kan\u0131tlarla ikna edilebilecek bir bilim adam\u0131yd\u0131. Bu nedenle Spiritizm'i bir din olarak de\u011fil, felsefe ve bilim olarak g\u00f6r\u00fcyordu. Kardec k\u00f6r\u00fc k\u00f6r\u00fcne bir inanc\u0131 varsaym\u0131yor, insanlar\u0131 ikna olmaya izin vermeye \u00e7a\u011f\u0131r\u0131yordu. Kendisi, insanlar\u0131 do\u011frulu\u011funa ikna etmek i\u00e7in ruhlar\u0131n \u00f6\u011fretilerini e\u011fip b\u00fckmeyi ve suland\u0131rmay\u0131 asla d\u00fc\u015f\u00fcnmezdi. Bizler de bu b\u00fcy\u00fck insan\u0131 \u00f6rnek almal\u0131 ve ruhsal vahiylere olan inanc\u0131m\u0131z\u0131 kaybetmemeliyiz.<\/p>\n\n\n\n<p class=\"has-black-color has-text-color has-link-color has-small-font-size wp-elements-31d5e98fcbbba8047ea4a1cec69fa75c\">Her ko\u015fulda \u00f6zg\u00fcn kalmal\u0131 ve Tanr\u0131'n\u0131n l\u00fctfu ve iyi ruhlar taraf\u0131ndan a\u00e7\u0131klanan \u00f6\u011fretileri insan zevkine uyacak \u015fekilde e\u011fip b\u00fckmemeliyiz. Spiritizm, her \u015feyle alay eden merakl\u0131 \u00e7a\u011fda\u015flar i\u00e7in sadece bir inan\u00e7 ya da do\u011fa\u00fcst\u00fc bir cazibe de\u011fildir. Kardec'in de vurgulad\u0131\u011f\u0131 gibi, Spiritizm ciddiye al\u0131nmas\u0131 gereken bir bilimdir. Ve bu tam da onun g\u00fcc\u00fcd\u00fcr. Ruh\u00e7u \u00f6\u011freti (dinlerin vs. aksine) basit, k\u00f6r\u00fc k\u00f6r\u00fcne inanc\u0131 reddeder; bunun yerine insanlar\u0131 ger\u00e7e\u011fi kendileri i\u00e7in deneyimlemeye ve mant\u0131ksal olarak incelemeye davet eder. Bu nedenle biz spirit\u00fcalistlerin yabanc\u0131lar\u0131n g\u00f6r\u00fc\u015flerinden korkmam\u0131za gerek yoktur. Spiritizmin zaferi Tanr\u0131'n\u0131n huzurunda ka\u00e7\u0131n\u0131lmaz bir sonu\u00e7tur. Sad\u0131k kal\u0131n. Spiritizm'in Almanya da dahil olmak \u00fczere t\u00fcm d\u00fcnyaya yay\u0131lmas\u0131 sadece bir zaman meselesidir.<\/p>\n<\/div><\/div>\n\n\n\n<div class=\"wp-block-uagb-container uagb-block-a0cdd2e0 alignfull uagb-is-root-container\"><div class=\"uagb-container-inner-blocks-wrap\"><\/div><\/div>\n\n\n\n<div class=\"wp-block-uagb-container uagb-block-95655d83 alignfull uagb-is-root-container\"><div class=\"uagb-container-inner-blocks-wrap\">\n<p class=\"has-black-color has-text-color has-link-color wp-elements-237fadb226495e3fa40d83d8056c72a8\"><em>Makale spirit\u00fcalist medyum ve Daniela M. taraf\u0131ndan yaz\u0131lm\u0131\u015ft\u0131r.<\/em><\/p>\n\n\n\n<p><em>24\/03\/2025 Berlin\/Almanya<\/em><\/p>\n<\/div><\/div>\n\n\n\n<div class=\"wp-block-uagb-container uagb-block-7410f6e5 alignfull uagb-is-root-container\"><div class=\"uagb-container-inner-blocks-wrap\"><\/div><\/div>\n\n\n\n<div class=\"wp-block-uagb-container uagb-block-bd92fc24 alignfull uagb-is-root-container\"><div class=\"uagb-container-inner-blocks-wrap\"><\/div><\/div>","protected":false},"excerpt":{"rendered":"<p>El espiritismo y la necesidad de definirlo claramente Hace poco escuch\u00e9 en YouTube las palabras de un se\u00f1or que afirmaba que era muy dif\u00edcil difundir el espiritismo en Alemania. La raz\u00f3n de ello, en su opini\u00f3n, radica en la historia de Alemania, que ha sido triste y sombr\u00eda. Este sufrimiento fue causado principalmente por la [&hellip;]<\/p>","protected":false},"author":1,"featured_media":0,"parent":0,"menu_order":0,"comment_status":"closed","ping_status":"closed","template":"","meta":{"_uag_custom_page_level_css":"","site-sidebar-layout":"default","site-content-layout":"","ast-site-content-layout":"default","site-content-style":"default","site-sidebar-style":"default","ast-global-header-display":"","ast-banner-title-visibility":"","ast-main-header-display":"","ast-hfb-above-header-display":"","ast-hfb-below-header-display":"","ast-hfb-mobile-header-display":"","site-post-title":"disabled","ast-breadcrumbs-content":"","ast-featured-img":"","footer-sml-layout":"","theme-transparent-header-meta":"","adv-header-id-meta":"","stick-header-meta":"","header-above-stick-meta":"","header-main-stick-meta":"","header-below-stick-meta":"","astra-migrate-meta-layouts":"set","ast-page-background-enabled":"default","ast-page-background-meta":{"desktop":{"background-color":"var(--ast-global-color-4)","background-image":"","background-repeat":"repeat","background-position":"center center","background-size":"auto","background-attachment":"scroll","background-type":"","background-media":"","overlay-type":"","overlay-color":"","overlay-opacity":"","overlay-gradient":""},"tablet":{"background-color":"","background-image":"","background-repeat":"repeat","background-position":"center center","background-size":"auto","background-attachment":"scroll","background-type":"","background-media":"","overlay-type":"","overlay-color":"","overlay-opacity":"","overlay-gradient":""},"mobile":{"background-color":"","background-image":"","background-repeat":"repeat","background-position":"center center","background-size":"auto","background-attachment":"scroll","background-type":"","background-media":"","overlay-type":"","overlay-color":"","overlay-opacity":"","overlay-gradient":""}},"ast-content-background-meta":{"desktop":{"background-color":"var(--ast-global-color-5)","background-image":"","background-repeat":"repeat","background-position":"center center","background-size":"auto","background-attachment":"scroll","background-type":"","background-media":"","overlay-type":"","overlay-color":"","overlay-opacity":"","overlay-gradient":""},"tablet":{"background-color":"var(--ast-global-color-5)","background-image":"","background-repeat":"repeat","background-position":"center center","background-size":"auto","background-attachment":"scroll","background-type":"","background-media":"","overlay-type":"","overlay-color":"","overlay-opacity":"","overlay-gradient":""},"mobile":{"background-color":"var(--ast-global-color-5)","background-image":"","background-repeat":"repeat","background-position":"center center","background-size":"auto","background-attachment":"scroll","background-type":"","background-media":"","overlay-type":"","overlay-color":"","overlay-opacity":"","overlay-gradient":""}},"footnotes":""},"class_list":["post-7920","page","type-page","status-publish","hentry"],"yoast_head":"<!-- This site is optimized with the Yoast SEO Premium plugin v24.2 (Yoast SEO v24.6) - https:\/\/yoast.com\/wordpress\/plugins\/seo\/ -->\n<title>El espiritismo y la necesidad de definirlo claramente - Uni\u00f3n Esp\u00edrita<\/title>\n<meta name=\"robots\" content=\"index, follow, max-snippet:-1, max-image-preview:large, max-video-preview:-1\" \/>\n<link rel=\"canonical\" href=\"https:\/\/nuevo-renacer.com\/tr\/el-espiritismo-y-la-necesidad-de-definirlo-claramente\/\" \/>\n<meta property=\"og:locale\" content=\"tr_TR\" \/>\n<meta property=\"og:type\" content=\"article\" \/>\n<meta property=\"og:title\" content=\"El espiritismo y la necesidad de definirlo claramente\" \/>\n<meta property=\"og:description\" content=\"El espiritismo y la necesidad de definirlo claramente Hace poco escuch\u00e9 en YouTube las palabras de un se\u00f1or que afirmaba que era muy dif\u00edcil difundir el espiritismo en Alemania. La raz\u00f3n de ello, en su opini\u00f3n, radica en la historia de Alemania, que ha sido triste y sombr\u00eda. Este sufrimiento fue causado principalmente por la [&hellip;]\" \/>\n<meta property=\"og:url\" content=\"https:\/\/nuevo-renacer.com\/tr\/el-espiritismo-y-la-necesidad-de-definirlo-claramente\/\" \/>\n<meta property=\"og:site_name\" content=\"Uni\u00f3n Esp\u00edrita\" \/>\n<meta property=\"article:publisher\" content=\"https:\/\/www.facebook.com\/groups\/3431398063740829\" \/>\n<meta property=\"article:modified_time\" content=\"2025-03-25T07:48:17+00:00\" \/>\n<meta property=\"og:image\" content=\"https:\/\/nuevo-renacer.com\/wp-content\/uploads\/2025\/03\/religiao_pixabay.jpg\" \/>\n\t<meta property=\"og:image:width\" content=\"1200\" \/>\n\t<meta property=\"og:image:height\" content=\"720\" \/>\n\t<meta property=\"og:image:type\" content=\"image\/jpeg\" \/>\n<meta name=\"twitter:card\" content=\"summary_large_image\" \/>\n<meta name=\"twitter:label1\" content=\"Tahmini okuma s\u00fcresi\" \/>\n\t<meta name=\"twitter:data1\" content=\"5 dakika\" \/>\n<script type=\"application\/ld+json\" class=\"yoast-schema-graph\">{\"@context\":\"https:\/\/schema.org\",\"@graph\":[{\"@type\":\"WebPage\",\"@id\":\"https:\/\/nuevo-renacer.com\/el-espiritismo-y-la-necesidad-de-definirlo-claramente\/\",\"url\":\"https:\/\/nuevo-renacer.com\/el-espiritismo-y-la-necesidad-de-definirlo-claramente\/\",\"name\":\"El espiritismo y la necesidad de definirlo claramente - Uni\u00f3n Esp\u00edrita\",\"isPartOf\":{\"@id\":\"https:\/\/nuevo-renacer.com\/#website\"},\"primaryImageOfPage\":{\"@id\":\"https:\/\/nuevo-renacer.com\/el-espiritismo-y-la-necesidad-de-definirlo-claramente\/#primaryimage\"},\"image\":{\"@id\":\"https:\/\/nuevo-renacer.com\/el-espiritismo-y-la-necesidad-de-definirlo-claramente\/#primaryimage\"},\"thumbnailUrl\":\"https:\/\/nuevo-renacer.com\/wp-content\/uploads\/2025\/03\/religiao_pixabay-1024x614.jpg\",\"datePublished\":\"2025-03-25T07:30:20+00:00\",\"dateModified\":\"2025-03-25T07:48:17+00:00\",\"breadcrumb\":{\"@id\":\"https:\/\/nuevo-renacer.com\/el-espiritismo-y-la-necesidad-de-definirlo-claramente\/#breadcrumb\"},\"inLanguage\":\"tr\",\"potentialAction\":[{\"@type\":\"ReadAction\",\"target\":[\"https:\/\/nuevo-renacer.com\/el-espiritismo-y-la-necesidad-de-definirlo-claramente\/\"]}]},{\"@type\":\"ImageObject\",\"inLanguage\":\"tr\",\"@id\":\"https:\/\/nuevo-renacer.com\/el-espiritismo-y-la-necesidad-de-definirlo-claramente\/#primaryimage\",\"url\":\"https:\/\/nuevo-renacer.com\/wp-content\/uploads\/2025\/03\/religiao_pixabay-1024x614.jpg\",\"contentUrl\":\"https:\/\/nuevo-renacer.com\/wp-content\/uploads\/2025\/03\/religiao_pixabay-1024x614.jpg\"},{\"@type\":\"BreadcrumbList\",\"@id\":\"https:\/\/nuevo-renacer.com\/el-espiritismo-y-la-necesidad-de-definirlo-claramente\/#breadcrumb\",\"itemListElement\":[{\"@type\":\"ListItem\",\"position\":1,\"name\":\"Startseite\",\"item\":\"https:\/\/nuevo-renacer.com\/\"},{\"@type\":\"ListItem\",\"position\":2,\"name\":\"El espiritismo y la necesidad de definirlo claramente\"}]},{\"@type\":\"WebSite\",\"@id\":\"https:\/\/nuevo-renacer.com\/#website\",\"url\":\"https:\/\/nuevo-renacer.com\/\",\"name\":\"Uni\u00f3n Esp\u00edrita\",\"description\":\"Nuevo Renacer\",\"publisher\":{\"@id\":\"https:\/\/nuevo-renacer.com\/#organization\"},\"potentialAction\":[{\"@type\":\"SearchAction\",\"target\":{\"@type\":\"EntryPoint\",\"urlTemplate\":\"https:\/\/nuevo-renacer.com\/?s={search_term_string}\"},\"query-input\":{\"@type\":\"PropertyValueSpecification\",\"valueRequired\":true,\"valueName\":\"search_term_string\"}}],\"inLanguage\":\"tr\"},{\"@type\":\"Organization\",\"@id\":\"https:\/\/nuevo-renacer.com\/#organization\",\"name\":\"UFEC\",\"url\":\"https:\/\/nuevo-renacer.com\/\",\"logo\":{\"@type\":\"ImageObject\",\"inLanguage\":\"tr\",\"@id\":\"https:\/\/nuevo-renacer.com\/#\/schema\/logo\/image\/\",\"url\":\"https:\/\/nuevo-renacer.com\/wp-content\/uploads\/2024\/05\/cropped-LOGO-TERMINADO1-3-3.png\",\"contentUrl\":\"https:\/\/nuevo-renacer.com\/wp-content\/uploads\/2024\/05\/cropped-LOGO-TERMINADO1-3-3.png\",\"width\":512,\"height\":512,\"caption\":\"UFEC\"},\"image\":{\"@id\":\"https:\/\/nuevo-renacer.com\/#\/schema\/logo\/image\/\"},\"sameAs\":[\"https:\/\/www.facebook.com\/groups\/3431398063740829\"]}]}<\/script>\n<!-- \/ Yoast SEO Premium plugin. -->","yoast_head_json":{"title":"El espiritismo y la necesidad de definirlo claramente - Uni\u00f3n Esp\u00edrita","robots":{"index":"index","follow":"follow","max-snippet":"max-snippet:-1","max-image-preview":"max-image-preview:large","max-video-preview":"max-video-preview:-1"},"canonical":"https:\/\/nuevo-renacer.com\/tr\/el-espiritismo-y-la-necesidad-de-definirlo-claramente\/","og_locale":"tr_TR","og_type":"article","og_title":"El espiritismo y la necesidad de definirlo claramente","og_description":"El espiritismo y la necesidad de definirlo claramente Hace poco escuch\u00e9 en YouTube las palabras de un se\u00f1or que afirmaba que era muy dif\u00edcil difundir el espiritismo en Alemania. La raz\u00f3n de ello, en su opini\u00f3n, radica en la historia de Alemania, que ha sido triste y sombr\u00eda. Este sufrimiento fue causado principalmente por la [&hellip;]","og_url":"https:\/\/nuevo-renacer.com\/tr\/el-espiritismo-y-la-necesidad-de-definirlo-claramente\/","og_site_name":"Uni\u00f3n Esp\u00edrita","article_publisher":"https:\/\/www.facebook.com\/groups\/3431398063740829","article_modified_time":"2025-03-25T07:48:17+00:00","og_image":[{"width":1200,"height":720,"url":"https:\/\/nuevo-renacer.com\/wp-content\/uploads\/2025\/03\/religiao_pixabay.jpg","type":"image\/jpeg"}],"twitter_card":"summary_large_image","twitter_misc":{"Tahmini okuma s\u00fcresi":"5 dakika"},"schema":{"@context":"https:\/\/schema.org","@graph":[{"@type":"WebPage","@id":"https:\/\/nuevo-renacer.com\/el-espiritismo-y-la-necesidad-de-definirlo-claramente\/","url":"https:\/\/nuevo-renacer.com\/el-espiritismo-y-la-necesidad-de-definirlo-claramente\/","name":"El espiritismo y la necesidad de definirlo claramente - Uni\u00f3n Esp\u00edrita","isPartOf":{"@id":"https:\/\/nuevo-renacer.com\/#website"},"primaryImageOfPage":{"@id":"https:\/\/nuevo-renacer.com\/el-espiritismo-y-la-necesidad-de-definirlo-claramente\/#primaryimage"},"image":{"@id":"https:\/\/nuevo-renacer.com\/el-espiritismo-y-la-necesidad-de-definirlo-claramente\/#primaryimage"},"thumbnailUrl":"https:\/\/nuevo-renacer.com\/wp-content\/uploads\/2025\/03\/religiao_pixabay-1024x614.jpg","datePublished":"2025-03-25T07:30:20+00:00","dateModified":"2025-03-25T07:48:17+00:00","breadcrumb":{"@id":"https:\/\/nuevo-renacer.com\/el-espiritismo-y-la-necesidad-de-definirlo-claramente\/#breadcrumb"},"inLanguage":"tr","potentialAction":[{"@type":"ReadAction","target":["https:\/\/nuevo-renacer.com\/el-espiritismo-y-la-necesidad-de-definirlo-claramente\/"]}]},{"@type":"ImageObject","inLanguage":"tr","@id":"https:\/\/nuevo-renacer.com\/el-espiritismo-y-la-necesidad-de-definirlo-claramente\/#primaryimage","url":"https:\/\/nuevo-renacer.com\/wp-content\/uploads\/2025\/03\/religiao_pixabay-1024x614.jpg","contentUrl":"https:\/\/nuevo-renacer.com\/wp-content\/uploads\/2025\/03\/religiao_pixabay-1024x614.jpg"},{"@type":"BreadcrumbList","@id":"https:\/\/nuevo-renacer.com\/el-espiritismo-y-la-necesidad-de-definirlo-claramente\/#breadcrumb","itemListElement":[{"@type":"ListItem","position":1,"name":"Startseite","item":"https:\/\/nuevo-renacer.com\/"},{"@type":"ListItem","position":2,"name":"El espiritismo y la necesidad de definirlo claramente"}]},{"@type":"WebSite","@id":"https:\/\/nuevo-renacer.com\/#website","url":"https:\/\/nuevo-renacer.com\/","name":"Uni\u00f3n Esp\u00edrita","description":"Nuevo Renacer","publisher":{"@id":"https:\/\/nuevo-renacer.com\/#organization"},"potentialAction":[{"@type":"SearchAction","target":{"@type":"EntryPoint","urlTemplate":"https:\/\/nuevo-renacer.com\/?s={search_term_string}"},"query-input":{"@type":"PropertyValueSpecification","valueRequired":true,"valueName":"search_term_string"}}],"inLanguage":"tr"},{"@type":"Organization","@id":"https:\/\/nuevo-renacer.com\/#organization","name":"UFEC","url":"https:\/\/nuevo-renacer.com\/","logo":{"@type":"ImageObject","inLanguage":"tr","@id":"https:\/\/nuevo-renacer.com\/#\/schema\/logo\/image\/","url":"https:\/\/nuevo-renacer.com\/wp-content\/uploads\/2024\/05\/cropped-LOGO-TERMINADO1-3-3.png","contentUrl":"https:\/\/nuevo-renacer.com\/wp-content\/uploads\/2024\/05\/cropped-LOGO-TERMINADO1-3-3.png","width":512,"height":512,"caption":"UFEC"},"image":{"@id":"https:\/\/nuevo-renacer.com\/#\/schema\/logo\/image\/"},"sameAs":["https:\/\/www.facebook.com\/groups\/3431398063740829"]}]}},"uagb_featured_image_src":{"full":false,"thumbnail":false,"medium":false,"medium_large":false,"large":false,"1536x1536":false,"2048x2048":false,"trp-custom-language-flag":false},"uagb_author_info":{"display_name":"adbv0","author_link":"https:\/\/nuevo-renacer.com\/tr\/author\/adbv0\/"},"uagb_comment_info":0,"uagb_excerpt":"El espiritismo y la necesidad de definirlo claramente Hace poco escuch\u00e9 en YouTube las palabras de un se\u00f1or que afirmaba que era muy dif\u00edcil difundir el espiritismo en Alemania. La raz\u00f3n de ello, en su opini\u00f3n, radica en la historia de Alemania, que ha sido triste y sombr\u00eda. Este sufrimiento fue causado principalmente por la&hellip;","jetpack_sharing_enabled":true,"_links":{"self":[{"href":"https:\/\/nuevo-renacer.com\/tr\/wp-json\/wp\/v2\/pages\/7920","targetHints":{"allow":["GET"]}}],"collection":[{"href":"https:\/\/nuevo-renacer.com\/tr\/wp-json\/wp\/v2\/pages"}],"about":[{"href":"https:\/\/nuevo-renacer.com\/tr\/wp-json\/wp\/v2\/types\/page"}],"author":[{"embeddable":true,"href":"https:\/\/nuevo-renacer.com\/tr\/wp-json\/wp\/v2\/users\/1"}],"replies":[{"embeddable":true,"href":"https:\/\/nuevo-renacer.com\/tr\/wp-json\/wp\/v2\/comments?post=7920"}],"version-history":[{"count":3,"href":"https:\/\/nuevo-renacer.com\/tr\/wp-json\/wp\/v2\/pages\/7920\/revisions"}],"predecessor-version":[{"id":7925,"href":"https:\/\/nuevo-renacer.com\/tr\/wp-json\/wp\/v2\/pages\/7920\/revisions\/7925"}],"wp:attachment":[{"href":"https:\/\/nuevo-renacer.com\/tr\/wp-json\/wp\/v2\/media?parent=7920"}],"curies":[{"name":"wp","href":"https:\/\/api.w.org\/{rel}","templated":true}]}}