{"id":6947,"date":"2025-02-04T08:23:49","date_gmt":"2025-02-04T08:23:49","guid":{"rendered":"https:\/\/nuevo-renacer.com\/?page_id=6947"},"modified":"2025-02-04T08:23:52","modified_gmt":"2025-02-04T08:23:52","slug":"quien-nos-esperara-al-otro-lado-de-la-vida","status":"publish","type":"page","link":"https:\/\/nuevo-renacer.com\/tr\/quien-nos-esperara-al-otro-lado-de-la-vida\/","title":{"rendered":"Hayat\u0131n di\u011fer taraf\u0131nda bizi kim bekliyor olacak?"},"content":{"rendered":"<div class=\"wp-block-uagb-container uagb-block-9ada055d alignfull uagb-is-root-container\"><div class=\"uagb-container-inner-blocks-wrap\">\n<p class=\"has-black-color has-text-color has-link-color has-medium-font-size wp-elements-becb6a92b7b812c44b60ad58d30c24a7\"><strong>Hayat\u0131n di\u011fer taraf\u0131nda bizi kim bekliyor olacak?<\/strong><\/p>\n<\/div><\/div>\n\n\n\n<div class=\"wp-block-uagb-container uagb-block-1f92a383 alignfull uagb-is-root-container\"><div class=\"uagb-container-inner-blocks-wrap\">\n<figure class=\"wp-block-image size-large is-resized\"><img fetchpriority=\"high\" decoding=\"async\" width=\"1024\" height=\"607\" src=\"https:\/\/nuevo-renacer.com\/wp-content\/uploads\/2025\/02\/Nahtod-1024x607.jpeg\" alt=\"\" class=\"wp-image-6948\" style=\"width:484px;height:auto\" srcset=\"https:\/\/nuevo-renacer.com\/wp-content\/uploads\/2025\/02\/Nahtod-1024x607.jpeg 1024w, https:\/\/nuevo-renacer.com\/wp-content\/uploads\/2025\/02\/Nahtod-300x178.jpeg 300w, https:\/\/nuevo-renacer.com\/wp-content\/uploads\/2025\/02\/Nahtod-768x455.jpeg 768w, https:\/\/nuevo-renacer.com\/wp-content\/uploads\/2025\/02\/Nahtod-1536x911.jpeg 1536w, https:\/\/nuevo-renacer.com\/wp-content\/uploads\/2025\/02\/Nahtod-18x12.jpeg 18w, https:\/\/nuevo-renacer.com\/wp-content\/uploads\/2025\/02\/Nahtod.jpeg 1786w\" sizes=\"(max-width: 1024px) 100vw, 1024px\" \/><\/figure>\n<\/div><\/div>\n\n\n\n<div class=\"wp-block-uagb-container uagb-block-8b1ba782 alignfull uagb-is-root-container\"><div class=\"uagb-container-inner-blocks-wrap\">\n<p class=\"has-black-color has-text-color has-link-color has-small-font-size wp-elements-14080ffb892e38bf60303479417a712e\">Bu, bir\u00e7ok durumda, bunu b\u00fcy\u00fck bir insan kalabal\u0131\u011f\u0131na y\u00f6neltebilece\u011fimiz bir sorudur, \u00f6zellikle de sat\u0131n alabilece\u011finiz Ruhlar\u0131n Doktrinini inceleyerek bu bilginin fark\u0131nda olmad\u0131\u011f\u0131n\u0131zda harika bir sorudur.<\/p>\n\n\n\n<p class=\"has-black-color has-text-color has-link-color has-small-font-size wp-elements-6e73250c75d65f9309a3a5bac453a4e8\">\u00d6l\u00fcmden sonra, ruhun kabuk malzemesinden yava\u015f yava\u015f ortaya \u00e7\u0131kt\u0131\u011f\u0131n\u0131, \u00f6zg\u00fcrl\u00fc\u011fe d\u00f6nd\u00fcr\u00fclm\u00fc\u015f bir ku\u015f olarak ka\u00e7mad\u0131\u011f\u0131n\u0131 s\u00f6yleyerek ba\u015flamal\u0131y\u0131z. Fiziksel ve ak\u0131\u015fkan olan iki d\u00fczlem birbirine kar\u0131\u015ft\u0131. Bu \u015fekilde Ruh, kopmad\u0131klar\u0131 i\u00e7in ba\u011flar\u0131ndan azar azar ayr\u0131l\u0131yor.<\/p>\n\n\n\n<p class=\"has-black-color has-text-color has-link-color has-small-font-size wp-elements-d962ce013c1b1cfcb28836d8ac1bc035\">Desencarnar, ba\u015fka bir \u015fehre ya\u015famaya gidenler gibi bir d\u00fczlem de\u011fi\u015fikli\u011fidir, iyi vicdanlar\u0131 nedeniyle yery\u00fcz\u00fcnde hakk\u0131 uygulayarak, \u00e7e\u015fitli bi\u00e7imlerinde ve en \u00e7e\u015fitli inan\u00e7larda ya\u015fayanlara zarar vermez. Ancak \u00f6l\u00fcm, bilincimize mucizevi durumlar kazand\u0131rmaz, bu deneyimde fethedebildi\u011fimiz erdemlerin yan\u0131 s\u0131ra duyumlar\u0131, duygular\u0131, sevgiyi, kusurlar\u0131, ba\u011f\u0131ml\u0131l\u0131klar\u0131, k\u0131zg\u0131nl\u0131\u011f\u0131, nefreti vb.Hala koruyoruz.<\/p>\n\n\n\n<p class=\"has-black-color has-text-color has-link-color has-small-font-size wp-elements-c5f09ed474829dd8a330346cbc026ada\">Bu nedenle d\u00fcnyevi ya\u015fam\u0131n\u0131z i\u015f ve sevgi olmu\u015fsa, d\u00fcnya&#039;n\u0131n manevi alana ge\u00e7i\u015fi her zaman sorunsuz ve uyumlu olacakt\u0131r.<\/p>\n\n\n\n<p class=\"has-black-color has-text-color has-link-color has-small-font-size wp-elements-330c7061472a959e170c033540259d2d\">Bu ko\u015fullarda, ayn\u0131 evrim d\u00fczeyinde olduklar\u0131n\u0131 varsayarak, d\u00fcnyadaki sevgisinin nesnesi olan ruhlar\u0131 hemen yeniden ke\u015ffedebileceksiniz. Onun sevdi\u011fi ve ahirette kendilerinden \u00f6nce gelenlere, varl\u0131klar\u0131n toplulu\u011funu hemen hissedebilir ve bulabilirsiniz. Genellikle Manevi Anavatana d\u00f6nmek ve meselenin sarmalay\u0131c\u0131lar\u0131ndan kurtulmalar\u0131na yard\u0131mc\u0131 olmak i\u00e7in ona ak\u0131n edin.<\/p>\n\n\n\n<p class=\"has-black-color has-text-color has-link-color has-small-font-size wp-elements-f10d0be1e0b3a2069f0fe6c8b7f1dc6a\">Bu, ho\u015f bir mutlulu\u011fun yan\u0131 s\u0131ra, ayr\u0131lman\u0131n ac\u0131s\u0131 ve uzun s\u00fcreli yoklu\u011fun ard\u0131ndan, D\u00fcnya ile tan\u0131\u015fanlara da hemen yeniden ke\u015ffedildikten ve ondan \u00f6nce \u00f6ld\u00fckten sonra, kalplerini dost ve s\u0131cak kalpli olarak ele ge\u00e7iren ho\u015f bir mutluluktur ve kal\u0131c\u0131 bir ne\u015fedir. Buna ek olarak, son deneyiminiz s\u0131ras\u0131nda g\u00f6zden ka\u00e7\u0131rd\u0131\u011f\u0131 bir\u00e7ok ki\u015fiyi bulmak i\u00e7in geri d\u00f6n\u00fcn.<\/p>\n\n\n\n<p class=\"has-black-color has-text-color has-link-color has-small-font-size wp-elements-89eded1fc6bf2690e7d631aa50e246a4\">Sahip olaca\u011f\u0131m\u0131z daha dikkat \u00e7ekici kar\u015f\u0131la\u015fmalardan biri, bildi\u011fimiz gibi daha y\u00fcksek mertebeden, yani do\u011fumumuzdan \u00f6l\u00fcm\u00fcm\u00fcze kadar bizimle olan ve ruhsal ya\u015famda ve hatta bir\u00e7ok stok bedeninde onun pe\u015finden s\u0131k s\u0131k takip etti\u011fimiz Manevi Rehberimizdir.. \u00e7\u00fcnk\u00fc bu t\u00fcr stoklar ancak a\u015famalar Ruhun ya\u015fam\u0131na g\u00f6re \u00e7ok k\u0131sad\u0131r. Ebeveynlerimiz, korumam\u0131z ve ampararnos gibi Daha B\u00fcy\u00fck D\u00fcnyaya, deneyimlerimiz boyunca i\u00e7imizde, i\u00e7imizde \u00e7al\u0131\u015fan sezgi ve ilham yoluyla bize iyilik yolunda rehberlik etmek i\u00e7in kat\u0131l\u0131m\u0131n\u0131 itiraf etti.samimi. E\u011fer ilerleme kaydettiysek, ruhsal olarak ilerlediysek, o mutlu bir \u015fekilde orada da geli\u015fecektir.<\/p>\n\n\n\n<p class=\"has-black-color has-text-color has-link-color has-small-font-size wp-elements-2000ad85fdf1e499deb0fc04c733658e\">Bununla birlikte, aksine, Yerden ortaya \u00e7\u0131kanlar, d\u00fcnyan\u0131n ge\u00e7ici mallar\u0131 taraf\u0131ndan saplant\u0131lar\u0131 doyurdu ve isyanlar\u0131n g\u00f6lgesinde kalanlar, anla\u015f\u0131lmaz, Sevdikler eskidi\u011fi anda bulunamad\u0131larkarnaron daha \u00f6nce. D\u00fc\u015f\u00fcncelerinin karanl\u0131k atmosferiyle s\u0131n\u0131rl\u0131 alg\u0131lar\u0131 ve de\u011ferleri olumsuzdur, bir kavu\u015fman\u0131n tatl\u0131 mutlulu\u011funun tad\u0131n\u0131 \u00e7\u0131karmay\u0131 imkans\u0131z k\u0131lar.<\/p>\n\n\n\n<p class=\"has-black-color has-text-color has-link-color has-small-font-size wp-elements-f453a58de774f4c7beae0ebdda8c3c78\">Bedensiz ruhlar\u0131n gezegenine en yak\u0131n b\u00f6lgelerde, maddi varolu\u015f faaliyetlerinde daha ho\u015f olan \u00f6zellikleri korurlar; bunlardan baz\u0131lar\u0131n\u0131n, bedenlenmi\u015f olan\u0131n yan\u0131nda yerine getirmeniz gereken g\u00f6revin ko\u015fullar\u0131n\u0131n dayatt\u0131\u011f\u0131 organik bir giysi ile d\u00fcnyay\u0131 dola\u015fanlar\u0131n geri d\u00f6nd\u00fc\u011f\u00fcn\u00fc dikkate alarak reenkarnasyondan \u00f6nceki ko\u015fullara, zengin olsa da, bir malzemenin ac\u0131lar\u0131 ve zorluklar\u0131 d\u00fczleminde g\u00f6revlerini iyi yerine getirebildiyseniz.<\/p>\n\n\n\n<p class=\"has-black-color has-text-color has-link-color has-small-font-size wp-elements-41d6081347699da55731bdd909b88639\">Bu y\u00fczden, terk edilmi\u015f ve unutulmu\u015f yarat\u0131klar izlenimi veren, uzun s\u00fcredir ac\u0131 \u00e7eken ve rahats\u0131z olan Ruhlara pek \u00e7ok kez bak\u0131yoruz, ancak ger\u00e7ekte onlar, k\u00f6t\u00fcl\u00fckte, su\u00e7 niyetinde veya \u0130lahi Yasalara itaatsizlikteki \u0131srarlar\u0131 nedeniyle \u00e7aresizliklerinin yazarlar\u0131d\u0131r.<\/p>\n\n\n\n<p class=\"has-black-color has-text-color has-link-color has-small-font-size wp-elements-6595e37ad64054a5616e2ac0999505c2\">Ruhsal ya\u015fam\u0131n\u0131n ilk g\u00fcnlerinde, bedensiz bir ruh, maddi ya\u015fam \u00e7evrelerinde tercih edilen faaliyetlere, Yery\u00fcz\u00fcn\u00fcn birlikteliklerinde oldu\u011fu gibi yak\u0131nl\u0131k ba\u011flar\u0131na itaat ederek do\u011fal olarak bak\u0131yordu. Ruhlar, uyumlar\u0131na ve evrimsel durumlar\u0131na g\u00f6re gruplar halinde toplan\u0131r, yeni bir a\u015famaya, gelece\u011fe, d\u00fcnyevi bir deneyime haz\u0131rlan\u0131r, bu t\u00fcr bir g\u00f6rev i\u00e7in belirlenen \u00fcst\u00fcn Karde\u015fler taraf\u0131ndan uygun bir \u015fekilde rehberlik etmesine izin verir.geli\u015fmemiz i\u00e7in gerekli olan eylemleri ve testleri planlad\u0131. Reenkarnasyonlar\u0131n planlanmas\u0131, do\u011frudan A\u00e7\u0131klama faaliyetleriyle ilgilidir.<\/p>\n\n\n\n<p class=\"has-black-color has-text-color has-link-color has-small-font-size wp-elements-1cc3c20574541d5ff9ba630d383cd0ea\">Do\u011fal olarak, manevi ailenin bile\u015fik grubunu dikkate al\u0131r, \u00e7\u00fcnk\u00fc milletvekilleri gelece\u011finizi entelekt\u00fcel ve ahlaki geli\u015fime yol a\u00e7acak g\u00f6revlerde bulunma konusunda etkileyece\u011finden, program i\u00e7indeki rollerimizi mant\u0131ksal olarak de\u011fi\u015ftirmemize ra\u011fmen tekrar bir araya gelece\u011fiz. yard\u0131m etmek ve onlara yard\u0131m etmek i\u00e7in m\u00fckemmel bir \u015fekilde e\u011fitildikleri i\u00e7in. mevcut ve gelecek nesillerin eylem ko\u015fullar\u0131n\u0131 etkileyerek, kendilerinden daha a\u015fa\u011f\u0131 Ruhlara tavsiyede bulunun.<\/p>\n<\/div><\/div>\n\n\n\n<div class=\"wp-block-uagb-container uagb-block-6452fb0e alignfull uagb-is-root-container\"><div class=\"uagb-container-inner-blocks-wrap\"><\/div><\/div>\n\n\n\n<div class=\"wp-block-uagb-container uagb-block-472113c9 alignfull uagb-is-root-container\"><div class=\"uagb-container-inner-blocks-wrap\">\n<p class=\"has-black-color has-text-color has-link-color has-small-font-size wp-elements-f1d45f20666c8dd475d1d41f4e494f48\"><em>Juan Miguel Fern\u00e1ndez Mu\u00f1oz taraf\u0131ndan yaz\u0131lan makale<\/em><\/p>\n<\/div><\/div>\n\n\n\n<div class=\"wp-block-uagb-container uagb-block-a4ad6ccc alignfull uagb-is-root-container\"><div class=\"uagb-container-inner-blocks-wrap\"><\/div><\/div>\n\n\n\n<div class=\"wp-block-uagb-container uagb-block-237df41c alignfull uagb-is-root-container\"><div class=\"uagb-container-inner-blocks-wrap\"><\/div><\/div>","protected":false},"excerpt":{"rendered":"<p>\u00bfQui\u00e9n nos esperar\u00e1 al otro lado de la vida? Esta es una pregunta que en muchas ocasiones nos podemos plantear y que para una gran multitud de personas es una gran inc\u00f3gnita, sobre todo cuando se desconocen aquellos conocimientos que a trav\u00e9s del estudio de la Doctrina de los Esp\u00edritus se pueden adquirir. Debemos comenzar [&hellip;]<\/p>","protected":false},"author":1,"featured_media":0,"parent":0,"menu_order":0,"comment_status":"closed","ping_status":"closed","template":"","meta":{"_uag_custom_page_level_css":"","site-sidebar-layout":"default","site-content-layout":"","ast-site-content-layout":"default","site-content-style":"default","site-sidebar-style":"default","ast-global-header-display":"","ast-banner-title-visibility":"","ast-main-header-display":"","ast-hfb-above-header-display":"","ast-hfb-below-header-display":"","ast-hfb-mobile-header-display":"","site-post-title":"disabled","ast-breadcrumbs-content":"","ast-featured-img":"","footer-sml-layout":"","theme-transparent-header-meta":"","adv-header-id-meta":"","stick-header-meta":"","header-above-stick-meta":"","header-main-stick-meta":"","header-below-stick-meta":"","astra-migrate-meta-layouts":"set","ast-page-background-enabled":"default","ast-page-background-meta":{"desktop":{"background-color":"var(--ast-global-color-4)","background-image":"","background-repeat":"repeat","background-position":"center center","background-size":"auto","background-attachment":"scroll","background-type":"","background-media":"","overlay-type":"","overlay-color":"","overlay-opacity":"","overlay-gradient":""},"tablet":{"background-color":"","background-image":"","background-repeat":"repeat","background-position":"center center","background-size":"auto","background-attachment":"scroll","background-type":"","background-media":"","overlay-type":"","overlay-color":"","overlay-opacity":"","overlay-gradient":""},"mobile":{"background-color":"","background-image":"","background-repeat":"repeat","background-position":"center center","background-size":"auto","background-attachment":"scroll","background-type":"","background-media":"","overlay-type":"","overlay-color":"","overlay-opacity":"","overlay-gradient":""}},"ast-content-background-meta":{"desktop":{"background-color":"var(--ast-global-color-5)","background-image":"","background-repeat":"repeat","background-position":"center center","background-size":"auto","background-attachment":"scroll","background-type":"","background-media":"","overlay-type":"","overlay-color":"","overlay-opacity":"","overlay-gradient":""},"tablet":{"background-color":"var(--ast-global-color-5)","background-image":"","background-repeat":"repeat","background-position":"center center","background-size":"auto","background-attachment":"scroll","background-type":"","background-media":"","overlay-type":"","overlay-color":"","overlay-opacity":"","overlay-gradient":""},"mobile":{"background-color":"var(--ast-global-color-5)","background-image":"","background-repeat":"repeat","background-position":"center center","background-size":"auto","background-attachment":"scroll","background-type":"","background-media":"","overlay-type":"","overlay-color":"","overlay-opacity":"","overlay-gradient":""}},"footnotes":""},"class_list":["post-6947","page","type-page","status-publish","hentry"],"yoast_head":"<!-- This site is optimized with the Yoast SEO Premium plugin v24.2 (Yoast SEO v24.6) - https:\/\/yoast.com\/wordpress\/plugins\/seo\/ -->\n<title>\u00bfQui\u00e9n nos esperar\u00e1 al otro lado de la vida? - Uni\u00f3n Esp\u00edrita<\/title>\n<meta name=\"robots\" content=\"index, follow, max-snippet:-1, max-image-preview:large, max-video-preview:-1\" \/>\n<link rel=\"canonical\" href=\"https:\/\/nuevo-renacer.com\/tr\/quien-nos-esperara-al-otro-lado-de-la-vida\/\" \/>\n<meta property=\"og:locale\" content=\"tr_TR\" \/>\n<meta property=\"og:type\" content=\"article\" \/>\n<meta property=\"og:title\" content=\"\u00bfQui\u00e9n nos esperar\u00e1 al otro lado de la vida?\" \/>\n<meta property=\"og:description\" content=\"\u00bfQui\u00e9n nos esperar\u00e1 al otro lado de la vida? Esta es una pregunta que en muchas ocasiones nos podemos plantear y que para una gran multitud de personas es una gran inc\u00f3gnita, sobre todo cuando se desconocen aquellos conocimientos que a trav\u00e9s del estudio de la Doctrina de los Esp\u00edritus se pueden adquirir. Debemos comenzar [&hellip;]\" \/>\n<meta property=\"og:url\" content=\"https:\/\/nuevo-renacer.com\/tr\/quien-nos-esperara-al-otro-lado-de-la-vida\/\" \/>\n<meta property=\"og:site_name\" content=\"Uni\u00f3n Esp\u00edrita\" \/>\n<meta property=\"article:publisher\" content=\"https:\/\/www.facebook.com\/groups\/3431398063740829\" \/>\n<meta property=\"article:modified_time\" content=\"2025-02-04T08:23:52+00:00\" \/>\n<meta property=\"og:image\" content=\"https:\/\/nuevo-renacer.com\/wp-content\/uploads\/2025\/02\/Nahtod.jpeg\" \/>\n\t<meta property=\"og:image:width\" content=\"1786\" \/>\n\t<meta property=\"og:image:height\" content=\"1059\" \/>\n\t<meta property=\"og:image:type\" content=\"image\/jpeg\" \/>\n<meta name=\"twitter:card\" content=\"summary_large_image\" \/>\n<meta name=\"twitter:label1\" content=\"Tahmini okuma s\u00fcresi\" \/>\n\t<meta name=\"twitter:data1\" content=\"6 dakika\" \/>\n<script type=\"application\/ld+json\" class=\"yoast-schema-graph\">{\"@context\":\"https:\/\/schema.org\",\"@graph\":[{\"@type\":\"WebPage\",\"@id\":\"https:\/\/nuevo-renacer.com\/quien-nos-esperara-al-otro-lado-de-la-vida\/\",\"url\":\"https:\/\/nuevo-renacer.com\/quien-nos-esperara-al-otro-lado-de-la-vida\/\",\"name\":\"\u00bfQui\u00e9n nos esperar\u00e1 al otro lado de la vida? - Uni\u00f3n Esp\u00edrita\",\"isPartOf\":{\"@id\":\"https:\/\/nuevo-renacer.com\/#website\"},\"primaryImageOfPage\":{\"@id\":\"https:\/\/nuevo-renacer.com\/quien-nos-esperara-al-otro-lado-de-la-vida\/#primaryimage\"},\"image\":{\"@id\":\"https:\/\/nuevo-renacer.com\/quien-nos-esperara-al-otro-lado-de-la-vida\/#primaryimage\"},\"thumbnailUrl\":\"https:\/\/nuevo-renacer.com\/wp-content\/uploads\/2025\/02\/Nahtod-1024x607.jpeg\",\"datePublished\":\"2025-02-04T08:23:49+00:00\",\"dateModified\":\"2025-02-04T08:23:52+00:00\",\"breadcrumb\":{\"@id\":\"https:\/\/nuevo-renacer.com\/quien-nos-esperara-al-otro-lado-de-la-vida\/#breadcrumb\"},\"inLanguage\":\"tr\",\"potentialAction\":[{\"@type\":\"ReadAction\",\"target\":[\"https:\/\/nuevo-renacer.com\/quien-nos-esperara-al-otro-lado-de-la-vida\/\"]}]},{\"@type\":\"ImageObject\",\"inLanguage\":\"tr\",\"@id\":\"https:\/\/nuevo-renacer.com\/quien-nos-esperara-al-otro-lado-de-la-vida\/#primaryimage\",\"url\":\"https:\/\/nuevo-renacer.com\/wp-content\/uploads\/2025\/02\/Nahtod-1024x607.jpeg\",\"contentUrl\":\"https:\/\/nuevo-renacer.com\/wp-content\/uploads\/2025\/02\/Nahtod-1024x607.jpeg\"},{\"@type\":\"BreadcrumbList\",\"@id\":\"https:\/\/nuevo-renacer.com\/quien-nos-esperara-al-otro-lado-de-la-vida\/#breadcrumb\",\"itemListElement\":[{\"@type\":\"ListItem\",\"position\":1,\"name\":\"Startseite\",\"item\":\"https:\/\/nuevo-renacer.com\/\"},{\"@type\":\"ListItem\",\"position\":2,\"name\":\"\u00bfQui\u00e9n nos esperar\u00e1 al otro lado de la vida?\"}]},{\"@type\":\"WebSite\",\"@id\":\"https:\/\/nuevo-renacer.com\/#website\",\"url\":\"https:\/\/nuevo-renacer.com\/\",\"name\":\"Uni\u00f3n Esp\u00edrita\",\"description\":\"Nuevo Renacer\",\"publisher\":{\"@id\":\"https:\/\/nuevo-renacer.com\/#organization\"},\"potentialAction\":[{\"@type\":\"SearchAction\",\"target\":{\"@type\":\"EntryPoint\",\"urlTemplate\":\"https:\/\/nuevo-renacer.com\/?s={search_term_string}\"},\"query-input\":{\"@type\":\"PropertyValueSpecification\",\"valueRequired\":true,\"valueName\":\"search_term_string\"}}],\"inLanguage\":\"tr\"},{\"@type\":\"Organization\",\"@id\":\"https:\/\/nuevo-renacer.com\/#organization\",\"name\":\"UFEC\",\"url\":\"https:\/\/nuevo-renacer.com\/\",\"logo\":{\"@type\":\"ImageObject\",\"inLanguage\":\"tr\",\"@id\":\"https:\/\/nuevo-renacer.com\/#\/schema\/logo\/image\/\",\"url\":\"https:\/\/nuevo-renacer.com\/wp-content\/uploads\/2024\/05\/cropped-LOGO-TERMINADO1-3-3.png\",\"contentUrl\":\"https:\/\/nuevo-renacer.com\/wp-content\/uploads\/2024\/05\/cropped-LOGO-TERMINADO1-3-3.png\",\"width\":512,\"height\":512,\"caption\":\"UFEC\"},\"image\":{\"@id\":\"https:\/\/nuevo-renacer.com\/#\/schema\/logo\/image\/\"},\"sameAs\":[\"https:\/\/www.facebook.com\/groups\/3431398063740829\"]}]}<\/script>\n<!-- \/ Yoast SEO Premium plugin. -->","yoast_head_json":{"title":"\u00bfQui\u00e9n nos esperar\u00e1 al otro lado de la vida? - Uni\u00f3n Esp\u00edrita","robots":{"index":"index","follow":"follow","max-snippet":"max-snippet:-1","max-image-preview":"max-image-preview:large","max-video-preview":"max-video-preview:-1"},"canonical":"https:\/\/nuevo-renacer.com\/tr\/quien-nos-esperara-al-otro-lado-de-la-vida\/","og_locale":"tr_TR","og_type":"article","og_title":"\u00bfQui\u00e9n nos esperar\u00e1 al otro lado de la vida?","og_description":"\u00bfQui\u00e9n nos esperar\u00e1 al otro lado de la vida? Esta es una pregunta que en muchas ocasiones nos podemos plantear y que para una gran multitud de personas es una gran inc\u00f3gnita, sobre todo cuando se desconocen aquellos conocimientos que a trav\u00e9s del estudio de la Doctrina de los Esp\u00edritus se pueden adquirir. Debemos comenzar [&hellip;]","og_url":"https:\/\/nuevo-renacer.com\/tr\/quien-nos-esperara-al-otro-lado-de-la-vida\/","og_site_name":"Uni\u00f3n Esp\u00edrita","article_publisher":"https:\/\/www.facebook.com\/groups\/3431398063740829","article_modified_time":"2025-02-04T08:23:52+00:00","og_image":[{"width":1786,"height":1059,"url":"https:\/\/nuevo-renacer.com\/wp-content\/uploads\/2025\/02\/Nahtod.jpeg","type":"image\/jpeg"}],"twitter_card":"summary_large_image","twitter_misc":{"Tahmini okuma s\u00fcresi":"6 dakika"},"schema":{"@context":"https:\/\/schema.org","@graph":[{"@type":"WebPage","@id":"https:\/\/nuevo-renacer.com\/quien-nos-esperara-al-otro-lado-de-la-vida\/","url":"https:\/\/nuevo-renacer.com\/quien-nos-esperara-al-otro-lado-de-la-vida\/","name":"\u00bfQui\u00e9n nos esperar\u00e1 al otro lado de la vida? - Uni\u00f3n Esp\u00edrita","isPartOf":{"@id":"https:\/\/nuevo-renacer.com\/#website"},"primaryImageOfPage":{"@id":"https:\/\/nuevo-renacer.com\/quien-nos-esperara-al-otro-lado-de-la-vida\/#primaryimage"},"image":{"@id":"https:\/\/nuevo-renacer.com\/quien-nos-esperara-al-otro-lado-de-la-vida\/#primaryimage"},"thumbnailUrl":"https:\/\/nuevo-renacer.com\/wp-content\/uploads\/2025\/02\/Nahtod-1024x607.jpeg","datePublished":"2025-02-04T08:23:49+00:00","dateModified":"2025-02-04T08:23:52+00:00","breadcrumb":{"@id":"https:\/\/nuevo-renacer.com\/quien-nos-esperara-al-otro-lado-de-la-vida\/#breadcrumb"},"inLanguage":"tr","potentialAction":[{"@type":"ReadAction","target":["https:\/\/nuevo-renacer.com\/quien-nos-esperara-al-otro-lado-de-la-vida\/"]}]},{"@type":"ImageObject","inLanguage":"tr","@id":"https:\/\/nuevo-renacer.com\/quien-nos-esperara-al-otro-lado-de-la-vida\/#primaryimage","url":"https:\/\/nuevo-renacer.com\/wp-content\/uploads\/2025\/02\/Nahtod-1024x607.jpeg","contentUrl":"https:\/\/nuevo-renacer.com\/wp-content\/uploads\/2025\/02\/Nahtod-1024x607.jpeg"},{"@type":"BreadcrumbList","@id":"https:\/\/nuevo-renacer.com\/quien-nos-esperara-al-otro-lado-de-la-vida\/#breadcrumb","itemListElement":[{"@type":"ListItem","position":1,"name":"Startseite","item":"https:\/\/nuevo-renacer.com\/"},{"@type":"ListItem","position":2,"name":"\u00bfQui\u00e9n nos esperar\u00e1 al otro lado de la vida?"}]},{"@type":"WebSite","@id":"https:\/\/nuevo-renacer.com\/#website","url":"https:\/\/nuevo-renacer.com\/","name":"Uni\u00f3n Esp\u00edrita","description":"Nuevo Renacer","publisher":{"@id":"https:\/\/nuevo-renacer.com\/#organization"},"potentialAction":[{"@type":"SearchAction","target":{"@type":"EntryPoint","urlTemplate":"https:\/\/nuevo-renacer.com\/?s={search_term_string}"},"query-input":{"@type":"PropertyValueSpecification","valueRequired":true,"valueName":"search_term_string"}}],"inLanguage":"tr"},{"@type":"Organization","@id":"https:\/\/nuevo-renacer.com\/#organization","name":"UFEC","url":"https:\/\/nuevo-renacer.com\/","logo":{"@type":"ImageObject","inLanguage":"tr","@id":"https:\/\/nuevo-renacer.com\/#\/schema\/logo\/image\/","url":"https:\/\/nuevo-renacer.com\/wp-content\/uploads\/2024\/05\/cropped-LOGO-TERMINADO1-3-3.png","contentUrl":"https:\/\/nuevo-renacer.com\/wp-content\/uploads\/2024\/05\/cropped-LOGO-TERMINADO1-3-3.png","width":512,"height":512,"caption":"UFEC"},"image":{"@id":"https:\/\/nuevo-renacer.com\/#\/schema\/logo\/image\/"},"sameAs":["https:\/\/www.facebook.com\/groups\/3431398063740829"]}]}},"uagb_featured_image_src":{"full":false,"thumbnail":false,"medium":false,"medium_large":false,"large":false,"1536x1536":false,"2048x2048":false,"trp-custom-language-flag":false},"uagb_author_info":{"display_name":"adbv0","author_link":"https:\/\/nuevo-renacer.com\/tr\/author\/adbv0\/"},"uagb_comment_info":0,"uagb_excerpt":"\u00bfQui\u00e9n nos esperar\u00e1 al otro lado de la vida? Esta es una pregunta que en muchas ocasiones nos podemos plantear y que para una gran multitud de personas es una gran inc\u00f3gnita, sobre todo cuando se desconocen aquellos conocimientos que a trav\u00e9s del estudio de la Doctrina de los Esp\u00edritus se pueden adquirir. Debemos comenzar&hellip;","jetpack_sharing_enabled":true,"_links":{"self":[{"href":"https:\/\/nuevo-renacer.com\/tr\/wp-json\/wp\/v2\/pages\/6947","targetHints":{"allow":["GET"]}}],"collection":[{"href":"https:\/\/nuevo-renacer.com\/tr\/wp-json\/wp\/v2\/pages"}],"about":[{"href":"https:\/\/nuevo-renacer.com\/tr\/wp-json\/wp\/v2\/types\/page"}],"author":[{"embeddable":true,"href":"https:\/\/nuevo-renacer.com\/tr\/wp-json\/wp\/v2\/users\/1"}],"replies":[{"embeddable":true,"href":"https:\/\/nuevo-renacer.com\/tr\/wp-json\/wp\/v2\/comments?post=6947"}],"version-history":[{"count":1,"href":"https:\/\/nuevo-renacer.com\/tr\/wp-json\/wp\/v2\/pages\/6947\/revisions"}],"predecessor-version":[{"id":6949,"href":"https:\/\/nuevo-renacer.com\/tr\/wp-json\/wp\/v2\/pages\/6947\/revisions\/6949"}],"wp:attachment":[{"href":"https:\/\/nuevo-renacer.com\/tr\/wp-json\/wp\/v2\/media?parent=6947"}],"curies":[{"name":"wp","href":"https:\/\/api.w.org\/{rel}","templated":true}]}}