{"id":6835,"date":"2025-01-21T08:24:17","date_gmt":"2025-01-21T08:24:17","guid":{"rendered":"https:\/\/nuevo-renacer.com\/?page_id=6835"},"modified":"2025-01-21T10:39:43","modified_gmt":"2025-01-21T10:39:43","slug":"frederic-myers","status":"publish","type":"page","link":"https:\/\/nuevo-renacer.com\/tr\/frederic-myers\/","title":{"rendered":"Frederic Myers"},"content":{"rendered":"<div class=\"wp-block-uagb-container uagb-block-6eb2eb81 alignfull uagb-is-root-container\"><div class=\"uagb-container-inner-blocks-wrap\">\n<p class=\"has-black-color has-text-color has-link-color has-medium-font-size wp-elements-d53ec2fd06ca8da62a6c46247952ab4b\"><strong>Frederic Myers<\/strong><\/p>\n<\/div><\/div>\n\n\n\n<div class=\"wp-block-uagb-container uagb-block-471fba8b alignfull uagb-is-root-container\"><div class=\"uagb-container-inner-blocks-wrap\">\n<figure class=\"wp-block-image size-large is-resized\"><img fetchpriority=\"high\" decoding=\"async\" width=\"829\" height=\"1024\" src=\"https:\/\/nuevo-renacer.com\/wp-content\/uploads\/2025\/01\/Frederic_William_Henry_Myers_by_William_Clarke_Wontner-829x1024.jpg\" alt=\"\" class=\"wp-image-6836\" style=\"width:286px;height:auto\" srcset=\"https:\/\/nuevo-renacer.com\/wp-content\/uploads\/2025\/01\/Frederic_William_Henry_Myers_by_William_Clarke_Wontner-829x1024.jpg 829w, https:\/\/nuevo-renacer.com\/wp-content\/uploads\/2025\/01\/Frederic_William_Henry_Myers_by_William_Clarke_Wontner-243x300.jpg 243w, https:\/\/nuevo-renacer.com\/wp-content\/uploads\/2025\/01\/Frederic_William_Henry_Myers_by_William_Clarke_Wontner-768x949.jpg 768w, https:\/\/nuevo-renacer.com\/wp-content\/uploads\/2025\/01\/Frederic_William_Henry_Myers_by_William_Clarke_Wontner-1243x1536.jpg 1243w, https:\/\/nuevo-renacer.com\/wp-content\/uploads\/2025\/01\/Frederic_William_Henry_Myers_by_William_Clarke_Wontner-1657x2048.jpg 1657w, https:\/\/nuevo-renacer.com\/wp-content\/uploads\/2025\/01\/Frederic_William_Henry_Myers_by_William_Clarke_Wontner-10x12.jpg 10w\" sizes=\"(max-width: 829px) 100vw, 829px\" \/><\/figure>\n<\/div><\/div>\n\n\n\n<div class=\"wp-block-uagb-container uagb-block-6ec3e696 alignfull uagb-is-root-container\"><div class=\"uagb-container-inner-blocks-wrap\">\n<p class=\"has-black-color has-text-color has-link-color has-small-font-size wp-elements-bf8b4689715d373811840da1f80564d1\">Keswick (Cumberland), \u0130ngiltere'de 6 \u015eubat 1843'te do\u011fdu ve 17 Ocak 1901'de Roma, \u0130talya'da \u00f6ld\u00fc.<\/p>\n\n\n\n<p class=\"has-black-color has-text-color has-link-color has-small-font-size wp-elements-78f6a35cd2fd15bf35c1a1a24b1e25ba\">Frederic William Henry Myers, daha \u00e7ok bilinen ad\u0131yla Frederic Myers, ruh\u00e7u fenomenler \u00fczerine dikkat \u00e7ekici yaz\u0131lar\u0131 ve \u00e7al\u0131\u015fmalar\u0131yla \u00fcnl\u00fc bir \u0130ngiliz edebiyat\u00e7\u0131yd\u0131.<\/p>\n\n\n\n<p class=\"has-black-color has-text-color has-link-color has-small-font-size wp-elements-684f57c9296ea7eac92d1599f1e18a98\">Cambridge&#039;deki Trinity College&#039;da e\u011fitim g\u00f6rd\u00fc ve \u00f6nemli say\u0131da galibiyete ula\u015ft\u0131ktan sonra merkez profes\u00f6r\u00fc ve 1872&#039;de b\u00f6lgedeki t\u00fcm okullar\u0131n m\u00fcfetti\u015fi olarak atand\u0131. O zamanlar zaten &#034;S\u00e3o Paulo&#034;adl\u0131 bir \u015fiir yay\u0131nlam\u0131\u015ft\u0131. 1870 ve 1872&#039;de iki cilt daha \u015fiir yay\u0131nlad\u0131. 1883&#039;te ola\u011fan\u00fcst\u00fc edebi de\u011fere ula\u015fan &#034;Klasik ve Modern Denemeler&#034; adl\u0131 eserini yay\u0131nlad\u0131.<\/p>\n\n\n\n<p class=\"has-black-color has-text-color has-link-color has-small-font-size wp-elements-e2e4d893caf949efd7980b1d364cb972\">1882&#039;de, birka\u00e7 denemeden, \u00e7al\u0131\u015fmadan ve tart\u0131\u015fmadan sonra, &#034;Londra Psi\u015fik Ara\u015ft\u0131rmalar Derne\u011fi&#034; nin kurucular\u0131 listesinde ilk s\u0131rada yer ald\u0131 ve toplumun s\u00f6zc\u00fcs\u00fc oldu ve ba\u015fyap\u0131t\u0131n g\u00f6zden ge\u00e7irilmesine de\u011ferli bir katk\u0131 yapt\u0131. &#034;Ya\u015fayanlar\u0131n hayaleti&#034; (1886), the society of the society of the society of the society of the society of the society of the society of the society of the society of the society of the society of the society of the society of the society of the society onun yazd\u0131\u011f\u0131 giri\u015f. Ayr\u0131ca &#034;Bilim ve gelecek ya\u015fam&#034; yazd\u0131.&#034;<\/p>\n\n\n\n<p class=\"has-black-color has-text-color has-link-color has-small-font-size wp-elements-9b7ec8e7da6717630c273ad601b0b1d7\">\u00d6l\u00fcm\u00fcnden sonra \u201c\u0130nsan Ki\u015fili\u011fi ve Bedensel \u00d6l\u00fcmden Kurtulu\u015fu\u201d adl\u0131 kitab\u0131 yay\u0131mland\u0131 ve Portekizceye \u201cA Personalidade Humana\u201d (\u0130nsan Ki\u015fili\u011fi) ad\u0131yla \u00e7evrildi; bu \u00e7al\u0131\u015fma, ger\u00e7ekte ve hukuken, psi\u015fik ara\u015ft\u0131rma alan\u0131na de\u011ferli bir katk\u0131 olu\u015fturdu ve bilim adam\u0131 William James taraf\u0131ndan hal\u00fcsinasyon, hipnotizma, otomatizm ve disosiyasyon fenomenlerini tek bir b\u00fct\u00fcn\u00fcn par\u00e7alar\u0131 olarak ele alan ilk giri\u015fim olarak tan\u0131mland\u0131.\n\nTranslated with DeepL.com (free version)<\/p>\n\n\n\n<p class=\"has-black-color has-text-color has-link-color has-small-font-size wp-elements-d4e8f2cfcd74dfe717fd53f7cba9aa29\">&#034;\u0130nsan ki\u015fili\u011fi&#034; adl\u0131 eseri Henry Sidgwick ve Edmond Gurney&#039;e adanm\u0131\u015ft\u0131r ve parlak \u00f6\u011fretilerin bir deposudur. \u0130\u00e7inde \u015f\u00f6yle diyor: &#034;Sokrates felsefeyi g\u00f6kten yere indirdi\u011fi gibi, yer felsefesini g\u00f6ky\u00fcz\u00fcne y\u00fckselten medyum Emmanuel Swedenborg&#039;du&#034;.<\/p>\n\n\n\n<p class=\"has-black-color has-text-color has-link-color has-small-font-size wp-elements-20ec5d11d317a98f644be32863a5abad\">Ruh\u00e7uluk, psi\u015fik fenomenlerin ara\u015ft\u0131r\u0131lmas\u0131na her zaman g\u00f6sterdi\u011fi ilgi ve metodik \u00e7al\u0131\u015fma ve ruh\u00e7u ger\u00e7eklerin yay\u0131lmas\u0131 yoluyla bir\u00e7ok insan\u0131 ikna etmeye \u00e7al\u0131\u015fan idealizmi nedeniyle Frederic Myers'a \u00e7ok \u015fey bor\u00e7ludur, Aralar\u0131nda \u201cSherlock Holmes \u2018un dahi yarat\u0131c\u0131s\u0131 \u2019Sir\u201d Arthur Conan Doyle'un da bulundu\u011fu pek \u00e7ok tan\u0131nm\u0131\u015f etkili insan\u0131 duyarl\u0131 hale getirme erdemine sahip eserler arac\u0131l\u0131\u011f\u0131yla, hatta \u00f6yk\u00fclerinden birinde Frederic Myers'\u0131n \u201c\u0130nsan Ki\u015fili\u011fi\u201d adl\u0131 eserinin kendisini en \u00e7ok etkileyen eser oldu\u011funu ve Ruh\u00e7ulu\u011fa ge\u00e7i\u015fine kararl\u0131 bir \u015fekilde katk\u0131da bulundu\u011funu s\u00f6ylemi\u015ftir.<\/p>\n\n\n\n<p class=\"has-black-color has-text-color has-link-color has-small-font-size wp-elements-58a6b7dbe413ae4792810e2f830f0a6b\">Conan Doyle, \u201cRuh\u00e7ulu\u011fun Tarihi\u201d adl\u0131 eserinde Myers hakk\u0131nda \u015fu ifadeleri kullan\u0131r: \u201cF. W. H. Myers'\u0131n H\u0131ristiyanl\u0131kta kaybetti\u011fi inanc\u0131 ruh\u00e7ulukla geri kazanm\u0131\u015ft\u0131r\u201d. \u201cSon \u0130nan\u00e7\u201d adl\u0131 kitab\u0131nda \u015f\u00f6yle der: \u201d\u015eu anki inanc\u0131m\u0131 H\u0131ristiyanl\u0131kla derin bir \u015fekilde kar\u015f\u0131la\u015ft\u0131ramam. Bunu daha ziyade Mesih'in tutumunun ve \u00f6\u011fretisinin bilimsel bir geli\u015fimi olarak g\u00f6r\u00fcyorum\u201d.<\/p>\n\n\n\n<p class=\"has-black-color has-text-color has-link-color has-small-font-size wp-elements-52b9b3ee7f4afd28c3b52bb92db3363a\">Sonu\u00e7 olarak, Frederic Myers ge\u00e7en y\u00fczy\u0131l\u0131n en bilgili ara\u015ft\u0131rmac\u0131lar\u0131ndan biriydi ve ruh\u00e7u \u00f6nermelerin yay\u0131lmas\u0131na yapt\u0131\u011f\u0131 katk\u0131 en \u00e7ok takdir edilenlerden biriydi.<\/p>\n<\/div><\/div>\n\n\n\n<div class=\"wp-block-uagb-container uagb-block-ec1b0aba alignfull uagb-is-root-container\"><div class=\"uagb-container-inner-blocks-wrap\"><\/div><\/div>\n\n\n\n<div class=\"wp-block-uagb-container uagb-block-714a0535 alignfull uagb-is-root-container\"><div class=\"uagb-container-inner-blocks-wrap\"><\/div><\/div>","protected":false},"excerpt":{"rendered":"<p>Frederic Myers Naci\u00f3 en Keswick (Cumberland), Inglaterra, el 6 de febrero de 1843, y muri\u00f3 en Roma, Italia, el 17 de enero de 1901. Frederic William Henry Myers, m\u00e1s conocido como Frederic Myers, fue un erudito literario ingl\u00e9s, famoso por sus notables escritos y estudios sobre los fen\u00f3menos esp\u00edritas. Se educ\u00f3 en el Trinity College [&hellip;]<\/p>","protected":false},"author":1,"featured_media":0,"parent":0,"menu_order":0,"comment_status":"closed","ping_status":"closed","template":"","meta":{"_uag_custom_page_level_css":"","site-sidebar-layout":"default","site-content-layout":"","ast-site-content-layout":"default","site-content-style":"default","site-sidebar-style":"default","ast-global-header-display":"","ast-banner-title-visibility":"","ast-main-header-display":"","ast-hfb-above-header-display":"","ast-hfb-below-header-display":"","ast-hfb-mobile-header-display":"","site-post-title":"disabled","ast-breadcrumbs-content":"","ast-featured-img":"","footer-sml-layout":"","theme-transparent-header-meta":"","adv-header-id-meta":"","stick-header-meta":"","header-above-stick-meta":"","header-main-stick-meta":"","header-below-stick-meta":"","astra-migrate-meta-layouts":"set","ast-page-background-enabled":"default","ast-page-background-meta":{"desktop":{"background-color":"var(--ast-global-color-4)","background-image":"","background-repeat":"repeat","background-position":"center center","background-size":"auto","background-attachment":"scroll","background-type":"","background-media":"","overlay-type":"","overlay-color":"","overlay-opacity":"","overlay-gradient":""},"tablet":{"background-color":"","background-image":"","background-repeat":"repeat","background-position":"center center","background-size":"auto","background-attachment":"scroll","background-type":"","background-media":"","overlay-type":"","overlay-color":"","overlay-opacity":"","overlay-gradient":""},"mobile":{"background-color":"","background-image":"","background-repeat":"repeat","background-position":"center center","background-size":"auto","background-attachment":"scroll","background-type":"","background-media":"","overlay-type":"","overlay-color":"","overlay-opacity":"","overlay-gradient":""}},"ast-content-background-meta":{"desktop":{"background-color":"var(--ast-global-color-5)","background-image":"","background-repeat":"repeat","background-position":"center center","background-size":"auto","background-attachment":"scroll","background-type":"","background-media":"","overlay-type":"","overlay-color":"","overlay-opacity":"","overlay-gradient":""},"tablet":{"background-color":"var(--ast-global-color-5)","background-image":"","background-repeat":"repeat","background-position":"center center","background-size":"auto","background-attachment":"scroll","background-type":"","background-media":"","overlay-type":"","overlay-color":"","overlay-opacity":"","overlay-gradient":""},"mobile":{"background-color":"var(--ast-global-color-5)","background-image":"","background-repeat":"repeat","background-position":"center center","background-size":"auto","background-attachment":"scroll","background-type":"","background-media":"","overlay-type":"","overlay-color":"","overlay-opacity":"","overlay-gradient":""}},"footnotes":""},"class_list":["post-6835","page","type-page","status-publish","hentry"],"yoast_head":"<!-- This site is optimized with the Yoast SEO Premium plugin v24.2 (Yoast SEO v24.6) - https:\/\/yoast.com\/wordpress\/plugins\/seo\/ -->\n<title>Frederic Myers - Uni\u00f3n Esp\u00edrita<\/title>\n<meta name=\"robots\" content=\"index, follow, max-snippet:-1, max-image-preview:large, max-video-preview:-1\" \/>\n<link rel=\"canonical\" href=\"https:\/\/nuevo-renacer.com\/tr\/frederic-myers\/\" \/>\n<meta property=\"og:locale\" content=\"tr_TR\" \/>\n<meta property=\"og:type\" content=\"article\" \/>\n<meta property=\"og:title\" content=\"Frederic Myers\" \/>\n<meta property=\"og:description\" content=\"Frederic Myers Naci\u00f3 en Keswick (Cumberland), Inglaterra, el 6 de febrero de 1843, y muri\u00f3 en Roma, Italia, el 17 de enero de 1901. Frederic William Henry Myers, m\u00e1s conocido como Frederic Myers, fue un erudito literario ingl\u00e9s, famoso por sus notables escritos y estudios sobre los fen\u00f3menos esp\u00edritas. Se educ\u00f3 en el Trinity College [&hellip;]\" \/>\n<meta property=\"og:url\" content=\"https:\/\/nuevo-renacer.com\/tr\/frederic-myers\/\" \/>\n<meta property=\"og:site_name\" content=\"Uni\u00f3n Esp\u00edrita\" \/>\n<meta property=\"article:publisher\" content=\"https:\/\/www.facebook.com\/groups\/3431398063740829\" \/>\n<meta property=\"article:modified_time\" content=\"2025-01-21T10:39:43+00:00\" \/>\n<meta property=\"og:image\" content=\"https:\/\/nuevo-renacer.com\/wp-content\/uploads\/2025\/01\/Frederic_William_Henry_Myers_by_William_Clarke_Wontner-scaled.jpg\" \/>\n\t<meta property=\"og:image:width\" content=\"2071\" \/>\n\t<meta property=\"og:image:height\" content=\"2560\" \/>\n\t<meta property=\"og:image:type\" content=\"image\/jpeg\" \/>\n<meta name=\"twitter:card\" content=\"summary_large_image\" \/>\n<meta name=\"twitter:label1\" content=\"Tahmini okuma s\u00fcresi\" \/>\n\t<meta name=\"twitter:data1\" content=\"4 dakika\" \/>\n<script type=\"application\/ld+json\" class=\"yoast-schema-graph\">{\"@context\":\"https:\/\/schema.org\",\"@graph\":[{\"@type\":\"WebPage\",\"@id\":\"https:\/\/nuevo-renacer.com\/frederic-myers\/\",\"url\":\"https:\/\/nuevo-renacer.com\/frederic-myers\/\",\"name\":\"Frederic Myers - Uni\u00f3n Esp\u00edrita\",\"isPartOf\":{\"@id\":\"https:\/\/nuevo-renacer.com\/#website\"},\"primaryImageOfPage\":{\"@id\":\"https:\/\/nuevo-renacer.com\/frederic-myers\/#primaryimage\"},\"image\":{\"@id\":\"https:\/\/nuevo-renacer.com\/frederic-myers\/#primaryimage\"},\"thumbnailUrl\":\"https:\/\/nuevo-renacer.com\/wp-content\/uploads\/2025\/01\/Frederic_William_Henry_Myers_by_William_Clarke_Wontner-829x1024.jpg\",\"datePublished\":\"2025-01-21T08:24:17+00:00\",\"dateModified\":\"2025-01-21T10:39:43+00:00\",\"breadcrumb\":{\"@id\":\"https:\/\/nuevo-renacer.com\/frederic-myers\/#breadcrumb\"},\"inLanguage\":\"tr\",\"potentialAction\":[{\"@type\":\"ReadAction\",\"target\":[\"https:\/\/nuevo-renacer.com\/frederic-myers\/\"]}]},{\"@type\":\"ImageObject\",\"inLanguage\":\"tr\",\"@id\":\"https:\/\/nuevo-renacer.com\/frederic-myers\/#primaryimage\",\"url\":\"https:\/\/nuevo-renacer.com\/wp-content\/uploads\/2025\/01\/Frederic_William_Henry_Myers_by_William_Clarke_Wontner-829x1024.jpg\",\"contentUrl\":\"https:\/\/nuevo-renacer.com\/wp-content\/uploads\/2025\/01\/Frederic_William_Henry_Myers_by_William_Clarke_Wontner-829x1024.jpg\"},{\"@type\":\"BreadcrumbList\",\"@id\":\"https:\/\/nuevo-renacer.com\/frederic-myers\/#breadcrumb\",\"itemListElement\":[{\"@type\":\"ListItem\",\"position\":1,\"name\":\"Startseite\",\"item\":\"https:\/\/nuevo-renacer.com\/\"},{\"@type\":\"ListItem\",\"position\":2,\"name\":\"Frederic Myers\"}]},{\"@type\":\"WebSite\",\"@id\":\"https:\/\/nuevo-renacer.com\/#website\",\"url\":\"https:\/\/nuevo-renacer.com\/\",\"name\":\"Uni\u00f3n Esp\u00edrita\",\"description\":\"Nuevo Renacer\",\"publisher\":{\"@id\":\"https:\/\/nuevo-renacer.com\/#organization\"},\"potentialAction\":[{\"@type\":\"SearchAction\",\"target\":{\"@type\":\"EntryPoint\",\"urlTemplate\":\"https:\/\/nuevo-renacer.com\/?s={search_term_string}\"},\"query-input\":{\"@type\":\"PropertyValueSpecification\",\"valueRequired\":true,\"valueName\":\"search_term_string\"}}],\"inLanguage\":\"tr\"},{\"@type\":\"Organization\",\"@id\":\"https:\/\/nuevo-renacer.com\/#organization\",\"name\":\"UFEC\",\"url\":\"https:\/\/nuevo-renacer.com\/\",\"logo\":{\"@type\":\"ImageObject\",\"inLanguage\":\"tr\",\"@id\":\"https:\/\/nuevo-renacer.com\/#\/schema\/logo\/image\/\",\"url\":\"https:\/\/nuevo-renacer.com\/wp-content\/uploads\/2024\/05\/cropped-LOGO-TERMINADO1-3-3.png\",\"contentUrl\":\"https:\/\/nuevo-renacer.com\/wp-content\/uploads\/2024\/05\/cropped-LOGO-TERMINADO1-3-3.png\",\"width\":512,\"height\":512,\"caption\":\"UFEC\"},\"image\":{\"@id\":\"https:\/\/nuevo-renacer.com\/#\/schema\/logo\/image\/\"},\"sameAs\":[\"https:\/\/www.facebook.com\/groups\/3431398063740829\"]}]}<\/script>\n<!-- \/ Yoast SEO Premium plugin. -->","yoast_head_json":{"title":"Frederic Myers - Uni\u00f3n Esp\u00edrita","robots":{"index":"index","follow":"follow","max-snippet":"max-snippet:-1","max-image-preview":"max-image-preview:large","max-video-preview":"max-video-preview:-1"},"canonical":"https:\/\/nuevo-renacer.com\/tr\/frederic-myers\/","og_locale":"tr_TR","og_type":"article","og_title":"Frederic Myers","og_description":"Frederic Myers Naci\u00f3 en Keswick (Cumberland), Inglaterra, el 6 de febrero de 1843, y muri\u00f3 en Roma, Italia, el 17 de enero de 1901. Frederic William Henry Myers, m\u00e1s conocido como Frederic Myers, fue un erudito literario ingl\u00e9s, famoso por sus notables escritos y estudios sobre los fen\u00f3menos esp\u00edritas. Se educ\u00f3 en el Trinity College [&hellip;]","og_url":"https:\/\/nuevo-renacer.com\/tr\/frederic-myers\/","og_site_name":"Uni\u00f3n Esp\u00edrita","article_publisher":"https:\/\/www.facebook.com\/groups\/3431398063740829","article_modified_time":"2025-01-21T10:39:43+00:00","og_image":[{"width":2071,"height":2560,"url":"https:\/\/nuevo-renacer.com\/wp-content\/uploads\/2025\/01\/Frederic_William_Henry_Myers_by_William_Clarke_Wontner-scaled.jpg","type":"image\/jpeg"}],"twitter_card":"summary_large_image","twitter_misc":{"Tahmini okuma s\u00fcresi":"4 dakika"},"schema":{"@context":"https:\/\/schema.org","@graph":[{"@type":"WebPage","@id":"https:\/\/nuevo-renacer.com\/frederic-myers\/","url":"https:\/\/nuevo-renacer.com\/frederic-myers\/","name":"Frederic Myers - Uni\u00f3n Esp\u00edrita","isPartOf":{"@id":"https:\/\/nuevo-renacer.com\/#website"},"primaryImageOfPage":{"@id":"https:\/\/nuevo-renacer.com\/frederic-myers\/#primaryimage"},"image":{"@id":"https:\/\/nuevo-renacer.com\/frederic-myers\/#primaryimage"},"thumbnailUrl":"https:\/\/nuevo-renacer.com\/wp-content\/uploads\/2025\/01\/Frederic_William_Henry_Myers_by_William_Clarke_Wontner-829x1024.jpg","datePublished":"2025-01-21T08:24:17+00:00","dateModified":"2025-01-21T10:39:43+00:00","breadcrumb":{"@id":"https:\/\/nuevo-renacer.com\/frederic-myers\/#breadcrumb"},"inLanguage":"tr","potentialAction":[{"@type":"ReadAction","target":["https:\/\/nuevo-renacer.com\/frederic-myers\/"]}]},{"@type":"ImageObject","inLanguage":"tr","@id":"https:\/\/nuevo-renacer.com\/frederic-myers\/#primaryimage","url":"https:\/\/nuevo-renacer.com\/wp-content\/uploads\/2025\/01\/Frederic_William_Henry_Myers_by_William_Clarke_Wontner-829x1024.jpg","contentUrl":"https:\/\/nuevo-renacer.com\/wp-content\/uploads\/2025\/01\/Frederic_William_Henry_Myers_by_William_Clarke_Wontner-829x1024.jpg"},{"@type":"BreadcrumbList","@id":"https:\/\/nuevo-renacer.com\/frederic-myers\/#breadcrumb","itemListElement":[{"@type":"ListItem","position":1,"name":"Startseite","item":"https:\/\/nuevo-renacer.com\/"},{"@type":"ListItem","position":2,"name":"Frederic Myers"}]},{"@type":"WebSite","@id":"https:\/\/nuevo-renacer.com\/#website","url":"https:\/\/nuevo-renacer.com\/","name":"Uni\u00f3n Esp\u00edrita","description":"Nuevo Renacer","publisher":{"@id":"https:\/\/nuevo-renacer.com\/#organization"},"potentialAction":[{"@type":"SearchAction","target":{"@type":"EntryPoint","urlTemplate":"https:\/\/nuevo-renacer.com\/?s={search_term_string}"},"query-input":{"@type":"PropertyValueSpecification","valueRequired":true,"valueName":"search_term_string"}}],"inLanguage":"tr"},{"@type":"Organization","@id":"https:\/\/nuevo-renacer.com\/#organization","name":"UFEC","url":"https:\/\/nuevo-renacer.com\/","logo":{"@type":"ImageObject","inLanguage":"tr","@id":"https:\/\/nuevo-renacer.com\/#\/schema\/logo\/image\/","url":"https:\/\/nuevo-renacer.com\/wp-content\/uploads\/2024\/05\/cropped-LOGO-TERMINADO1-3-3.png","contentUrl":"https:\/\/nuevo-renacer.com\/wp-content\/uploads\/2024\/05\/cropped-LOGO-TERMINADO1-3-3.png","width":512,"height":512,"caption":"UFEC"},"image":{"@id":"https:\/\/nuevo-renacer.com\/#\/schema\/logo\/image\/"},"sameAs":["https:\/\/www.facebook.com\/groups\/3431398063740829"]}]}},"uagb_featured_image_src":{"full":false,"thumbnail":false,"medium":false,"medium_large":false,"large":false,"1536x1536":false,"2048x2048":false,"trp-custom-language-flag":false},"uagb_author_info":{"display_name":"adbv0","author_link":"https:\/\/nuevo-renacer.com\/tr\/author\/adbv0\/"},"uagb_comment_info":0,"uagb_excerpt":"Frederic Myers Naci\u00f3 en Keswick (Cumberland), Inglaterra, el 6 de febrero de 1843, y muri\u00f3 en Roma, Italia, el 17 de enero de 1901. Frederic William Henry Myers, m\u00e1s conocido como Frederic Myers, fue un erudito literario ingl\u00e9s, famoso por sus notables escritos y estudios sobre los fen\u00f3menos esp\u00edritas. Se educ\u00f3 en el Trinity College&hellip;","jetpack_sharing_enabled":true,"_links":{"self":[{"href":"https:\/\/nuevo-renacer.com\/tr\/wp-json\/wp\/v2\/pages\/6835","targetHints":{"allow":["GET"]}}],"collection":[{"href":"https:\/\/nuevo-renacer.com\/tr\/wp-json\/wp\/v2\/pages"}],"about":[{"href":"https:\/\/nuevo-renacer.com\/tr\/wp-json\/wp\/v2\/types\/page"}],"author":[{"embeddable":true,"href":"https:\/\/nuevo-renacer.com\/tr\/wp-json\/wp\/v2\/users\/1"}],"replies":[{"embeddable":true,"href":"https:\/\/nuevo-renacer.com\/tr\/wp-json\/wp\/v2\/comments?post=6835"}],"version-history":[{"count":5,"href":"https:\/\/nuevo-renacer.com\/tr\/wp-json\/wp\/v2\/pages\/6835\/revisions"}],"predecessor-version":[{"id":6844,"href":"https:\/\/nuevo-renacer.com\/tr\/wp-json\/wp\/v2\/pages\/6835\/revisions\/6844"}],"wp:attachment":[{"href":"https:\/\/nuevo-renacer.com\/tr\/wp-json\/wp\/v2\/media?parent=6835"}],"curies":[{"name":"wp","href":"https:\/\/api.w.org\/{rel}","templated":true}]}}