{"id":6733,"date":"2025-01-09T11:36:07","date_gmt":"2025-01-09T11:36:07","guid":{"rendered":"https:\/\/nuevo-renacer.com\/?page_id=6733"},"modified":"2025-01-09T11:36:07","modified_gmt":"2025-01-09T11:36:07","slug":"william-thomas-stead","status":"publish","type":"page","link":"https:\/\/nuevo-renacer.com\/tr\/william-thomas-stead\/","title":{"rendered":"William Thomas Stead"},"content":{"rendered":"<div class=\"wp-block-uagb-container uagb-block-11104380 alignfull uagb-is-root-container\"><div class=\"uagb-container-inner-blocks-wrap\">\n<p class=\"has-black-color has-text-color has-link-color has-medium-font-size wp-elements-67adbae2dd2d7a5cf722d308f7cdd436\"><strong>William Thomas Stead<\/strong><\/p>\n<\/div><\/div>\n\n\n\n<div class=\"wp-block-uagb-container uagb-block-9e92838f alignfull uagb-is-root-container\"><div class=\"uagb-container-inner-blocks-wrap\">\n<figure class=\"wp-block-image size-large is-resized\"><img fetchpriority=\"high\" decoding=\"async\" width=\"722\" height=\"1024\" src=\"https:\/\/nuevo-renacer.com\/wp-content\/uploads\/2025\/01\/William-Thomas-Stead-1890-722x1024.webp\" alt=\"\" class=\"wp-image-6734\" style=\"width:261px;height:auto\" srcset=\"https:\/\/nuevo-renacer.com\/wp-content\/uploads\/2025\/01\/William-Thomas-Stead-1890-722x1024.webp 722w, https:\/\/nuevo-renacer.com\/wp-content\/uploads\/2025\/01\/William-Thomas-Stead-1890-212x300.webp 212w, https:\/\/nuevo-renacer.com\/wp-content\/uploads\/2025\/01\/William-Thomas-Stead-1890-768x1089.webp 768w, https:\/\/nuevo-renacer.com\/wp-content\/uploads\/2025\/01\/William-Thomas-Stead-1890-1083x1536.webp 1083w, https:\/\/nuevo-renacer.com\/wp-content\/uploads\/2025\/01\/William-Thomas-Stead-1890-8x12.webp 8w, https:\/\/nuevo-renacer.com\/wp-content\/uploads\/2025\/01\/William-Thomas-Stead-1890.webp 1128w\" sizes=\"(max-width: 722px) 100vw, 722px\" \/><\/figure>\n<\/div><\/div>\n\n\n\n<div class=\"wp-block-uagb-container uagb-block-5d3d467b alignfull uagb-is-root-container\"><div class=\"uagb-container-inner-blocks-wrap\">\n<p class=\"has-black-color has-text-color has-link-color has-small-font-size wp-elements-0f1c38ef7d2eaeecf10ad9fb764a5757\">5 Temmuz 1849&#039;da Embleton, Hamberland, ingiltere&#039;de do\u011fdu ve trajik bir \u015fekilde, 14-15 Nisan 1912 tarihleri aras\u0131nda Titanik okyanus gemisine felakette bedensiz kald\u0131.<\/p>\n\n\n\n<p class=\"has-black-color has-text-color has-link-color has-small-font-size wp-elements-c4e105b9f352bdf93b8c6ae86cb3a588\">1910&#039;un on y\u0131l\u0131n\u0131n ba\u015f\u0131nda, b\u00fcy\u00fck olaylar vesilesiyle raporlar vard\u0131. Ola\u011fan\u00fcst\u00fc bir gazeteci olan William Thomas Stead, \u0130ngiltere&#039;de b\u00fcy\u00fck be\u011feni toplayan bu t\u00fcr bir reklama ba\u015flama fikrine sahipti.<\/p>\n\n\n\n<p class=\"has-black-color has-text-color has-link-color has-small-font-size wp-elements-db11137c4fe2f1fc2edcbccf0ce76bc2\">Batmaz oldu\u011fu bilinen d\u00fcnyan\u0131n en b\u00fcy\u00fck gemisi Titanik&#039;in f\u0131rlat\u0131lmas\u0131 vesilesiyle, bu t\u00fcr yenilikler ve yap\u0131c\u0131 sistemle, bu \u00fcnl\u00fc gazete adam\u0131 ilk yolculu\u011funun hikayesini yapmaya davet edildi ve medyada yer ald\u0131.gemide olan her \u015feye.<\/p>\n\n\n\n<p class=\"has-black-color has-text-color has-link-color has-small-font-size wp-elements-82c7938272c798663e9323973610506d\">Ancak geminin devasa buzullara \u00e7arpmas\u0131 ve komutan\u0131n emretti\u011fi bir kurtarma giri\u015fiminde kask\u0131nda b\u00fcy\u00fck bir \u00e7atlak a\u00e7mas\u0131 ve 14-15 Nisan 1912 tarihleri aras\u0131nda gece gemi enkaz\u0131na neden olmas\u0131 oldu.<\/p>\n\n\n\n<p class=\"has-black-color has-text-color has-link-color has-small-font-size wp-elements-e5794f5ee1b76552aee5e6fc384d2f3a\">Bin, be\u015f y\u00fcz \u00fc\u00e7 kurban aras\u0131nda William Thomas Stead vard\u0131. D\u00fcnyay\u0131 deh\u015fetle dolduran kader olay\u0131 ve Maneviyat, fenomenoloji alan\u0131ndaki ara\u015ft\u0131rma \u00e7al\u0131\u015fmalar\u0131nda bulunan b\u00fcy\u00fck ger\u00e7ekleri yaymaya derinden ba\u011fl\u0131 olan tan\u0131nm\u0131\u015f bir gazete adam\u0131n\u0131n de\u011ferli yar\u0131\u015fmas\u0131ndan mahrum kald\u0131.<\/p>\n\n\n\n<p class=\"has-black-color has-text-color has-link-color has-small-font-size wp-elements-c9e23842a6bb4c8f0b91163c14853538\">\u00dcnl\u00fc gazeteci, yazar ve yay\u0131nc\u0131 ingiliz William Thomas Stead, bu yar\u0131\u015fa \u00e7ok gen\u00e7 ya\u015fta adanm\u0131\u015ft\u0131.<\/p>\n\n\n\n<p class=\"has-black-color has-text-color has-link-color has-small-font-size wp-elements-ffbd8317705bd75cfad7e701a28f0b2b\">1871 y\u0131l\u0131nda Darlington \u015fehrinin Kuzey Yank\u0131s\u0131n\u0131 y\u00f6netti ve 1883-1889 y\u0131llar\u0131 aras\u0131nda Pall Mall Gazetesini y\u00f6netti.<\/p>\n\n\n\n<p class=\"has-black-color has-text-color has-link-color has-small-font-size wp-elements-0ba8b679d6292682a6c778f37eb29869\">1890 y\u0131l\u0131nda Review of Rewies&#039;i kurdu ve 1893 ve 1894&#039;te Amerika Birle\u015fik Devletleri ve Avustralya&#039;da ayn\u0131 t\u00fcrden \u00e7ok say\u0131da dergi \u00e7\u0131kard\u0131.<\/p>\n\n\n\n<p class=\"has-black-color has-text-color has-link-color has-small-font-size wp-elements-f26ca5450020112a2800be7a8dc195ec\">1893&#039;ten 1897&#039;ye kadar organ spirit\u00fcalist S\u0131n\u0131r B\u00f6lgesini y\u00f6netti.<\/p>\n\n\n\n<p class=\"has-black-color has-text-color has-link-color has-small-font-size wp-elements-d34a8befca16c99bc8fb5c35f9bc3452\">1898 y\u0131l\u0131nda, \u00c7ar taraf\u0131ndan kabul edildi\u011fi Rusya&#039;ya bir ziyaret ba\u015flad\u0131 ve yaz\u0131l\u0131 ve s\u00f6zl\u00fc olarak t\u00fcm co\u015fkuyla savunmaya devam eden ideal pasifizm d\u00fcnyas\u0131 lehine yo\u011fun m\u00fccadeleye yol a\u00e7t\u0131.<\/p>\n\n\n\n<p class=\"has-black-color has-text-color has-link-color has-small-font-size wp-elements-f70c542a62ea6566ac0abf2ee1b60745\">1899&#039;da Lahey&#039;de d\u00fczenlenen Bar\u0131\u015f Konferans\u0131 s\u0131ras\u0131nda Stead, k\u0131sa bir s\u00fcre sonra \u0130ngiltere&#039;den ba\u015flayarak \u015fehri ziyaret etme f\u0131rsat\u0131 buldu, ac\u00e9rrimas g\u00fcney Afrika sava\u015f\u0131&#039;na kar\u015f\u0131 kampanyalar d\u00fczenledi ve sonu\u00e7 olarak bir\u00e7ok d\u00fc\u015fman edindi.<\/p>\n\n\n\n<p class=\"has-black-color has-text-color has-link-color has-small-font-size wp-elements-f8e9ee6461a40554f63015f6e32ddd87\">Almanya ile \u0130ngiltere aras\u0131nda bir anla\u015fma yapmak i\u00e7in \u00e7ok ve cesurca \u00e7al\u0131\u015ft\u0131 ve daha sonra Hollanda&#039;da Lahey&#039;de d\u00fczenlenen ve muhabir olarak Bar\u0131\u015f Konferans\u0131n\u0131n e-postas\u0131n\u0131 yay\u0131nlad\u0131\u011f\u0131 ikinci bir bar\u0131\u015f konferans\u0131n\u0131n ger\u00e7ekle\u015ftirilmesini savundu.<\/p>\n\n\n\n<p class=\"has-black-color has-text-color has-link-color has-small-font-size wp-elements-6eb361b31e20c57dc1596a197607fa9c\">Dikkat \u00e7ekici olan, her zaman bir karakter tabloidine sahip olan makalelerini yazmas\u0131n\u0131n kolayl\u0131\u011f\u0131yd\u0131.<\/p>\n\n\n\n<p class=\"has-black-color has-text-color has-link-color has-small-font-size wp-elements-b085ef073cc5dac23f3389a1515c5ddf\">Kitaplar\u0131nda ele almak istedi\u011fim konular\u0131n ele al\u0131nd\u0131\u011f\u0131 co\u015fku ve ba\u011fl\u0131l\u0131\u011f\u0131 g\u00f6rebilirsiniz: Rusya hakk\u0131ndaki ger\u00e7ek (1888), Mesih Chicago&#039;ya gelirse (1893), Amerika Birle\u015fik Devletleri&#039;ndeki i\u015f sava\u015f\u0131( 1894),\u015eeytan\u0131n g\u00f6r\u00fcnmez d\u00fcnyas\u0131 (1897), Avrupa Birle\u015fik Devletleri (1899), Bayan Booth \u00fczerine \u00e7al\u0131\u015fmalar (1900), D\u00fcnyan\u0131n amerikanla\u015fmas\u0131 (1902).<\/p>\n\n\n\n<p class=\"has-black-color has-text-color has-link-color has-small-font-size wp-elements-fb9be1ab180e7e6ec29d668ba62dc25e\">Gazetecilerin kral\u0131 ve bundan daha fazlas\u0131-imparator, \u00fcnl\u00fc Lahey Konferans\u0131&#039;n\u0131n kutlanmas\u0131ndan d\u00f6rt ay \u00f6nce Ocak 1907&#039;de Paris&#039;te ald\u0131\u011f\u0131 unvan\u0131 takdir ediyordu.<\/p>\n\n\n\n<p class=\"has-black-color has-text-color has-link-color has-small-font-size wp-elements-bc8e73b834d2945bfbe76ad943c51853\">Bir yazar ve gazeteci olarak kariyerinin zirvesindeyken, desencarnaci\u00f3n&#039;undan birka\u00e7 y\u0131l \u00f6nce, bu ruhlar d\u00fcnyas\u0131n\u0131n varl\u0131\u011f\u0131na tamamen ikna oldu\u011funa dair itiraf\u0131yla \u0130ngiltere&#039;ye ve bilim d\u00fcnyas\u0131na hayranl\u0131k dolu bir \u015fekilde ayr\u0131ld\u0131. Julia&#039;n\u0131n Ruhuna atfedilen ve daha sonra Julia&#039;ya Mektuplar adl\u0131 b\u00fcy\u00fck be\u011feni toplayan bir kitapta yay\u0131nlanan bir dizi ileti\u015fim esp\u00edritas\u0131 olan own mediunidad.<\/p>\n\n\n\n<p class=\"has-black-color has-text-color has-link-color has-small-font-size wp-elements-85b748d7e4b03411cb4255b9aea8eeba\">Dedi ki: Julia&#039;n\u0131n mektuplar\u0131 kendim ald\u0131m. Yaln\u0131z kalmak, oturmak ve ruh halinde sakin olmak, bilin\u00e7li olarak Julia&#039;n\u0131n emrinde bir kalemi oldu\u011fu sa\u011f elimi tuttu ve yazd\u0131\u011f\u0131 her \u015feyi b\u00fcy\u00fck bir ilgiyle izledim. Hakaret\u00e7ilerime bir iddia olarak, Julia&#039;n\u0131n mektuplar\u0131n\u0131n sadece bilin\u00e7alt\u0131m taraf\u0131ndan yaz\u0131ld\u0131\u011f\u0131n\u0131, bunun ger\u00e7e\u011fi hi\u00e7bir \u015fekilde azaltmayaca\u011f\u0131n\u0131, bu kan\u0131t\u0131n anlaml\u0131 ve y\u00fcksek ya\u015fam lehine hareket eden g\u00fcc\u00fcn\u00fc azaltmayaca\u011f\u0131n\u0131 kabul edebilirim. Ke\u015fke bilin\u00e7li egom bu kadar iyi yazabilseydi!<\/p>\n\n\n\n<p class=\"has-black-color has-text-color has-link-color has-small-font-size wp-elements-bd30e5d79c9cf7b10526f9ffec26fdd8\">1895 y\u0131l\u0131nda, ona neden \u00f6l\u00fcms\u00fczl\u00fc\u011fe inand\u0131\u011f\u0131n\u0131 soran New York&#039;un Sabah Reklamc\u0131s\u0131n\u0131n bir sorusuna yan\u0131t vererek \u015f\u00f6yle yan\u0131tlad\u0131: \u00d6l\u00fcms\u00fczl\u00fc\u011f\u00fc yaln\u0131zca Ebedi onaylayabilir veya reddedebilir. Seni iyi anlarsam, bu ruhun \u00f6l\u00fcms\u00fczl\u00fc\u011f\u00fc ile ilgili de\u011fil, bedenin da\u011f\u0131lmas\u0131ndan sonra, o varl\u0131\u011f\u0131n d\u00fcnyevi ya\u015fam\u0131 boyunca tezah\u00fcr ettirilmesiyle bireysel varl\u0131\u011f\u0131n kal\u0131c\u0131l\u0131\u011f\u0131yla ilgilidir. Teredd\u00fct etmeden ve korkmadan cevaplayabilece\u011fim \u00e7ok daha basit bir soru var. \u00d6l\u00fcmden sonra bireyin kal\u0131c\u0131l\u0131\u011f\u0131na inand\u0131\u011f\u0131m\u0131, esp\u00edritas denilen fenomeni g\u00f6zlemledi\u011fimi s\u00f6ylesem do\u011fru olmaz. Bu ger\u00e7e\u011fi kabul etmeden \u00e7ok \u00f6nce. \u0130nanc\u0131m\u0131 deneysel bir g\u00f6sterinin testine sunduktan sonra. Ve e\u011fer hi\u00e7 \u015f\u00f6yle dediysen: San\u0131r\u0131m, bug\u00fcn diyorum ki, biliyorum. B\u00fcy\u00fck bir fark yok mu?<\/p>\n\n\n\n<p class=\"has-black-color has-text-color has-link-color has-small-font-size wp-elements-c4282b2ce5931710b24429b602fe7987\">William Thomas Stead, b\u00fcy\u00fck Ruy Barbosa&#039;n\u0131n harika bir arkada\u015f\u0131yd\u0131.<\/p>\n\n\n\n<p class=\"has-black-color has-text-color has-link-color has-small-font-size wp-elements-846a72d465e96e7bf8b121b0de7335cb\">Titanik&#039;in bat\u0131\u011f\u0131 gecesi, bu b\u00fcy\u00fck Brezilya siyasetinin aile \u00fcyelerinin, Po\u00e7os de Caldas&#039;taki bir deney medi\u00fanica oturumunda topland\u0131klar\u0131, \u00fcnl\u00fc gazetecinin bedensiz oldu\u011fu bilgisini ald\u0131klar\u0131 s\u00f6yleniyor. haber Ruy \u00fcyelerden biri \u015fa\u015f\u0131rarak ve olduk\u00e7a do\u011fal bir \u015fekilde ald\u0131\u011f\u0131nda ailesine haber verilir.<\/p>\n\n\n\n<p class=\"has-black-color has-text-color has-link-color has-small-font-size wp-elements-69d4bce1b646305062b7b0869839f928\">Mesajda tan\u0131nan eski politik, \u00e7ok \u015fa\u015f\u0131rt\u0131c\u0131, stil yerine.<\/p>\n<\/div><\/div>\n\n\n\n<div class=\"wp-block-uagb-container uagb-block-fe452de9 alignfull uagb-is-root-container\"><div class=\"uagb-container-inner-blocks-wrap\"><\/div><\/div>\n\n\n\n<div class=\"wp-block-uagb-container uagb-block-e4036ab5 alignfull uagb-is-root-container\"><div class=\"uagb-container-inner-blocks-wrap\"><\/div><\/div>","protected":false},"excerpt":{"rendered":"<p>William Thomas Stead Nacido en Embleton, Nothumberland, Inglaterra, el 5 de julio de 1849, y tr\u00e1gicamente desencarnado en la cat\u00e1strofe ocurrida con el transatl\u00e1ntico Titanic, en la noche del 14 al 15 de abril de 1912. A principios de la d\u00e9cada de 1910, no se hac\u00edan reportajes en ocasi\u00f3n de los grandes acontecimientos. Un notable [&hellip;]<\/p>","protected":false},"author":1,"featured_media":0,"parent":0,"menu_order":0,"comment_status":"closed","ping_status":"closed","template":"","meta":{"_uag_custom_page_level_css":"","site-sidebar-layout":"default","site-content-layout":"","ast-site-content-layout":"default","site-content-style":"default","site-sidebar-style":"default","ast-global-header-display":"","ast-banner-title-visibility":"","ast-main-header-display":"","ast-hfb-above-header-display":"","ast-hfb-below-header-display":"","ast-hfb-mobile-header-display":"","site-post-title":"disabled","ast-breadcrumbs-content":"","ast-featured-img":"","footer-sml-layout":"","theme-transparent-header-meta":"","adv-header-id-meta":"","stick-header-meta":"","header-above-stick-meta":"","header-main-stick-meta":"","header-below-stick-meta":"","astra-migrate-meta-layouts":"set","ast-page-background-enabled":"default","ast-page-background-meta":{"desktop":{"background-color":"var(--ast-global-color-4)","background-image":"","background-repeat":"repeat","background-position":"center center","background-size":"auto","background-attachment":"scroll","background-type":"","background-media":"","overlay-type":"","overlay-color":"","overlay-opacity":"","overlay-gradient":""},"tablet":{"background-color":"","background-image":"","background-repeat":"repeat","background-position":"center center","background-size":"auto","background-attachment":"scroll","background-type":"","background-media":"","overlay-type":"","overlay-color":"","overlay-opacity":"","overlay-gradient":""},"mobile":{"background-color":"","background-image":"","background-repeat":"repeat","background-position":"center center","background-size":"auto","background-attachment":"scroll","background-type":"","background-media":"","overlay-type":"","overlay-color":"","overlay-opacity":"","overlay-gradient":""}},"ast-content-background-meta":{"desktop":{"background-color":"var(--ast-global-color-5)","background-image":"","background-repeat":"repeat","background-position":"center center","background-size":"auto","background-attachment":"scroll","background-type":"","background-media":"","overlay-type":"","overlay-color":"","overlay-opacity":"","overlay-gradient":""},"tablet":{"background-color":"var(--ast-global-color-5)","background-image":"","background-repeat":"repeat","background-position":"center center","background-size":"auto","background-attachment":"scroll","background-type":"","background-media":"","overlay-type":"","overlay-color":"","overlay-opacity":"","overlay-gradient":""},"mobile":{"background-color":"var(--ast-global-color-5)","background-image":"","background-repeat":"repeat","background-position":"center center","background-size":"auto","background-attachment":"scroll","background-type":"","background-media":"","overlay-type":"","overlay-color":"","overlay-opacity":"","overlay-gradient":""}},"footnotes":""},"class_list":["post-6733","page","type-page","status-publish","hentry"],"yoast_head":"<!-- This site is optimized with the Yoast SEO Premium plugin v24.2 (Yoast SEO v24.6) - https:\/\/yoast.com\/wordpress\/plugins\/seo\/ -->\n<title>William Thomas Stead - Uni\u00f3n Esp\u00edrita<\/title>\n<meta name=\"robots\" content=\"index, follow, max-snippet:-1, max-image-preview:large, max-video-preview:-1\" \/>\n<link rel=\"canonical\" href=\"https:\/\/nuevo-renacer.com\/tr\/william-thomas-stead\/\" \/>\n<meta property=\"og:locale\" content=\"tr_TR\" \/>\n<meta property=\"og:type\" content=\"article\" \/>\n<meta property=\"og:title\" content=\"William Thomas Stead\" \/>\n<meta property=\"og:description\" content=\"William Thomas Stead Nacido en Embleton, Nothumberland, Inglaterra, el 5 de julio de 1849, y tr\u00e1gicamente desencarnado en la cat\u00e1strofe ocurrida con el transatl\u00e1ntico Titanic, en la noche del 14 al 15 de abril de 1912. A principios de la d\u00e9cada de 1910, no se hac\u00edan reportajes en ocasi\u00f3n de los grandes acontecimientos. Un notable [&hellip;]\" \/>\n<meta property=\"og:url\" content=\"https:\/\/nuevo-renacer.com\/tr\/william-thomas-stead\/\" \/>\n<meta property=\"og:site_name\" content=\"Uni\u00f3n Esp\u00edrita\" \/>\n<meta property=\"article:publisher\" content=\"https:\/\/www.facebook.com\/groups\/3431398063740829\" \/>\n<meta property=\"og:image\" content=\"https:\/\/nuevo-renacer.com\/wp-content\/uploads\/2025\/01\/William-Thomas-Stead-1890.webp\" \/>\n\t<meta property=\"og:image:width\" content=\"1128\" \/>\n\t<meta property=\"og:image:height\" content=\"1600\" \/>\n\t<meta property=\"og:image:type\" content=\"image\/webp\" \/>\n<meta name=\"twitter:card\" content=\"summary_large_image\" \/>\n<meta name=\"twitter:label1\" content=\"Tahmini okuma s\u00fcresi\" \/>\n\t<meta name=\"twitter:data1\" content=\"5 dakika\" \/>\n<script type=\"application\/ld+json\" class=\"yoast-schema-graph\">{\"@context\":\"https:\/\/schema.org\",\"@graph\":[{\"@type\":\"WebPage\",\"@id\":\"https:\/\/nuevo-renacer.com\/william-thomas-stead\/\",\"url\":\"https:\/\/nuevo-renacer.com\/william-thomas-stead\/\",\"name\":\"William Thomas Stead - Uni\u00f3n Esp\u00edrita\",\"isPartOf\":{\"@id\":\"https:\/\/nuevo-renacer.com\/#website\"},\"primaryImageOfPage\":{\"@id\":\"https:\/\/nuevo-renacer.com\/william-thomas-stead\/#primaryimage\"},\"image\":{\"@id\":\"https:\/\/nuevo-renacer.com\/william-thomas-stead\/#primaryimage\"},\"thumbnailUrl\":\"https:\/\/nuevo-renacer.com\/wp-content\/uploads\/2025\/01\/William-Thomas-Stead-1890-722x1024.webp\",\"datePublished\":\"2025-01-09T11:36:07+00:00\",\"breadcrumb\":{\"@id\":\"https:\/\/nuevo-renacer.com\/william-thomas-stead\/#breadcrumb\"},\"inLanguage\":\"tr\",\"potentialAction\":[{\"@type\":\"ReadAction\",\"target\":[\"https:\/\/nuevo-renacer.com\/william-thomas-stead\/\"]}]},{\"@type\":\"ImageObject\",\"inLanguage\":\"tr\",\"@id\":\"https:\/\/nuevo-renacer.com\/william-thomas-stead\/#primaryimage\",\"url\":\"https:\/\/nuevo-renacer.com\/wp-content\/uploads\/2025\/01\/William-Thomas-Stead-1890-722x1024.webp\",\"contentUrl\":\"https:\/\/nuevo-renacer.com\/wp-content\/uploads\/2025\/01\/William-Thomas-Stead-1890-722x1024.webp\"},{\"@type\":\"BreadcrumbList\",\"@id\":\"https:\/\/nuevo-renacer.com\/william-thomas-stead\/#breadcrumb\",\"itemListElement\":[{\"@type\":\"ListItem\",\"position\":1,\"name\":\"Startseite\",\"item\":\"https:\/\/nuevo-renacer.com\/\"},{\"@type\":\"ListItem\",\"position\":2,\"name\":\"William Thomas Stead\"}]},{\"@type\":\"WebSite\",\"@id\":\"https:\/\/nuevo-renacer.com\/#website\",\"url\":\"https:\/\/nuevo-renacer.com\/\",\"name\":\"Uni\u00f3n Esp\u00edrita\",\"description\":\"Nuevo Renacer\",\"publisher\":{\"@id\":\"https:\/\/nuevo-renacer.com\/#organization\"},\"potentialAction\":[{\"@type\":\"SearchAction\",\"target\":{\"@type\":\"EntryPoint\",\"urlTemplate\":\"https:\/\/nuevo-renacer.com\/?s={search_term_string}\"},\"query-input\":{\"@type\":\"PropertyValueSpecification\",\"valueRequired\":true,\"valueName\":\"search_term_string\"}}],\"inLanguage\":\"tr\"},{\"@type\":\"Organization\",\"@id\":\"https:\/\/nuevo-renacer.com\/#organization\",\"name\":\"UFEC\",\"url\":\"https:\/\/nuevo-renacer.com\/\",\"logo\":{\"@type\":\"ImageObject\",\"inLanguage\":\"tr\",\"@id\":\"https:\/\/nuevo-renacer.com\/#\/schema\/logo\/image\/\",\"url\":\"https:\/\/nuevo-renacer.com\/wp-content\/uploads\/2024\/05\/cropped-LOGO-TERMINADO1-3-3.png\",\"contentUrl\":\"https:\/\/nuevo-renacer.com\/wp-content\/uploads\/2024\/05\/cropped-LOGO-TERMINADO1-3-3.png\",\"width\":512,\"height\":512,\"caption\":\"UFEC\"},\"image\":{\"@id\":\"https:\/\/nuevo-renacer.com\/#\/schema\/logo\/image\/\"},\"sameAs\":[\"https:\/\/www.facebook.com\/groups\/3431398063740829\"]}]}<\/script>\n<!-- \/ Yoast SEO Premium plugin. -->","yoast_head_json":{"title":"William Thomas Stead - Uni\u00f3n Esp\u00edrita","robots":{"index":"index","follow":"follow","max-snippet":"max-snippet:-1","max-image-preview":"max-image-preview:large","max-video-preview":"max-video-preview:-1"},"canonical":"https:\/\/nuevo-renacer.com\/tr\/william-thomas-stead\/","og_locale":"tr_TR","og_type":"article","og_title":"William Thomas Stead","og_description":"William Thomas Stead Nacido en Embleton, Nothumberland, Inglaterra, el 5 de julio de 1849, y tr\u00e1gicamente desencarnado en la cat\u00e1strofe ocurrida con el transatl\u00e1ntico Titanic, en la noche del 14 al 15 de abril de 1912. A principios de la d\u00e9cada de 1910, no se hac\u00edan reportajes en ocasi\u00f3n de los grandes acontecimientos. Un notable [&hellip;]","og_url":"https:\/\/nuevo-renacer.com\/tr\/william-thomas-stead\/","og_site_name":"Uni\u00f3n Esp\u00edrita","article_publisher":"https:\/\/www.facebook.com\/groups\/3431398063740829","og_image":[{"width":1128,"height":1600,"url":"https:\/\/nuevo-renacer.com\/wp-content\/uploads\/2025\/01\/William-Thomas-Stead-1890.webp","type":"image\/webp"}],"twitter_card":"summary_large_image","twitter_misc":{"Tahmini okuma s\u00fcresi":"5 dakika"},"schema":{"@context":"https:\/\/schema.org","@graph":[{"@type":"WebPage","@id":"https:\/\/nuevo-renacer.com\/william-thomas-stead\/","url":"https:\/\/nuevo-renacer.com\/william-thomas-stead\/","name":"William Thomas Stead - Uni\u00f3n Esp\u00edrita","isPartOf":{"@id":"https:\/\/nuevo-renacer.com\/#website"},"primaryImageOfPage":{"@id":"https:\/\/nuevo-renacer.com\/william-thomas-stead\/#primaryimage"},"image":{"@id":"https:\/\/nuevo-renacer.com\/william-thomas-stead\/#primaryimage"},"thumbnailUrl":"https:\/\/nuevo-renacer.com\/wp-content\/uploads\/2025\/01\/William-Thomas-Stead-1890-722x1024.webp","datePublished":"2025-01-09T11:36:07+00:00","breadcrumb":{"@id":"https:\/\/nuevo-renacer.com\/william-thomas-stead\/#breadcrumb"},"inLanguage":"tr","potentialAction":[{"@type":"ReadAction","target":["https:\/\/nuevo-renacer.com\/william-thomas-stead\/"]}]},{"@type":"ImageObject","inLanguage":"tr","@id":"https:\/\/nuevo-renacer.com\/william-thomas-stead\/#primaryimage","url":"https:\/\/nuevo-renacer.com\/wp-content\/uploads\/2025\/01\/William-Thomas-Stead-1890-722x1024.webp","contentUrl":"https:\/\/nuevo-renacer.com\/wp-content\/uploads\/2025\/01\/William-Thomas-Stead-1890-722x1024.webp"},{"@type":"BreadcrumbList","@id":"https:\/\/nuevo-renacer.com\/william-thomas-stead\/#breadcrumb","itemListElement":[{"@type":"ListItem","position":1,"name":"Startseite","item":"https:\/\/nuevo-renacer.com\/"},{"@type":"ListItem","position":2,"name":"William Thomas Stead"}]},{"@type":"WebSite","@id":"https:\/\/nuevo-renacer.com\/#website","url":"https:\/\/nuevo-renacer.com\/","name":"Uni\u00f3n Esp\u00edrita","description":"Nuevo Renacer","publisher":{"@id":"https:\/\/nuevo-renacer.com\/#organization"},"potentialAction":[{"@type":"SearchAction","target":{"@type":"EntryPoint","urlTemplate":"https:\/\/nuevo-renacer.com\/?s={search_term_string}"},"query-input":{"@type":"PropertyValueSpecification","valueRequired":true,"valueName":"search_term_string"}}],"inLanguage":"tr"},{"@type":"Organization","@id":"https:\/\/nuevo-renacer.com\/#organization","name":"UFEC","url":"https:\/\/nuevo-renacer.com\/","logo":{"@type":"ImageObject","inLanguage":"tr","@id":"https:\/\/nuevo-renacer.com\/#\/schema\/logo\/image\/","url":"https:\/\/nuevo-renacer.com\/wp-content\/uploads\/2024\/05\/cropped-LOGO-TERMINADO1-3-3.png","contentUrl":"https:\/\/nuevo-renacer.com\/wp-content\/uploads\/2024\/05\/cropped-LOGO-TERMINADO1-3-3.png","width":512,"height":512,"caption":"UFEC"},"image":{"@id":"https:\/\/nuevo-renacer.com\/#\/schema\/logo\/image\/"},"sameAs":["https:\/\/www.facebook.com\/groups\/3431398063740829"]}]}},"uagb_featured_image_src":{"full":false,"thumbnail":false,"medium":false,"medium_large":false,"large":false,"1536x1536":false,"2048x2048":false,"trp-custom-language-flag":false},"uagb_author_info":{"display_name":"adbv0","author_link":"https:\/\/nuevo-renacer.com\/tr\/author\/adbv0\/"},"uagb_comment_info":0,"uagb_excerpt":"William Thomas Stead Nacido en Embleton, Nothumberland, Inglaterra, el 5 de julio de 1849, y tr\u00e1gicamente desencarnado en la cat\u00e1strofe ocurrida con el transatl\u00e1ntico Titanic, en la noche del 14 al 15 de abril de 1912. A principios de la d\u00e9cada de 1910, no se hac\u00edan reportajes en ocasi\u00f3n de los grandes acontecimientos. Un notable&hellip;","jetpack_sharing_enabled":true,"_links":{"self":[{"href":"https:\/\/nuevo-renacer.com\/tr\/wp-json\/wp\/v2\/pages\/6733","targetHints":{"allow":["GET"]}}],"collection":[{"href":"https:\/\/nuevo-renacer.com\/tr\/wp-json\/wp\/v2\/pages"}],"about":[{"href":"https:\/\/nuevo-renacer.com\/tr\/wp-json\/wp\/v2\/types\/page"}],"author":[{"embeddable":true,"href":"https:\/\/nuevo-renacer.com\/tr\/wp-json\/wp\/v2\/users\/1"}],"replies":[{"embeddable":true,"href":"https:\/\/nuevo-renacer.com\/tr\/wp-json\/wp\/v2\/comments?post=6733"}],"version-history":[{"count":1,"href":"https:\/\/nuevo-renacer.com\/tr\/wp-json\/wp\/v2\/pages\/6733\/revisions"}],"predecessor-version":[{"id":6735,"href":"https:\/\/nuevo-renacer.com\/tr\/wp-json\/wp\/v2\/pages\/6733\/revisions\/6735"}],"wp:attachment":[{"href":"https:\/\/nuevo-renacer.com\/tr\/wp-json\/wp\/v2\/media?parent=6733"}],"curies":[{"name":"wp","href":"https:\/\/api.w.org\/{rel}","templated":true}]}}