{"id":6725,"date":"2025-01-09T10:18:48","date_gmt":"2025-01-09T10:18:48","guid":{"rendered":"https:\/\/nuevo-renacer.com\/?page_id=6725"},"modified":"2025-01-09T10:51:28","modified_gmt":"2025-01-09T10:51:28","slug":"catalina-de-genova","status":"publish","type":"page","link":"https:\/\/nuevo-renacer.com\/tr\/catalina-de-genova\/","title":{"rendered":"Cenoval\u0131 Catherine"},"content":{"rendered":"<div class=\"wp-block-uagb-container uagb-block-32f33607 alignfull uagb-is-root-container\"><div class=\"uagb-container-inner-blocks-wrap\">\n<p class=\"has-black-color has-text-color has-link-color has-medium-font-size wp-elements-0b737c8145413f3287d97c3f742b9264\"><strong>Cenoval\u0131 Catherine<\/strong><\/p>\n<\/div><\/div>\n\n\n\n<div class=\"wp-block-uagb-container uagb-block-8c2489c6 alignfull uagb-is-root-container\"><div class=\"uagb-container-inner-blocks-wrap\">\n<figure class=\"wp-block-image size-large is-resized\"><img fetchpriority=\"high\" decoding=\"async\" width=\"506\" height=\"1024\" src=\"https:\/\/nuevo-renacer.com\/wp-content\/uploads\/2025\/01\/katharina-von-genua1218852-506x1024.jpg\" alt=\"\" class=\"wp-image-6726\" style=\"width:224px;height:auto\" srcset=\"https:\/\/nuevo-renacer.com\/wp-content\/uploads\/2025\/01\/katharina-von-genua1218852-506x1024.jpg 506w, https:\/\/nuevo-renacer.com\/wp-content\/uploads\/2025\/01\/katharina-von-genua1218852-148x300.jpg 148w, https:\/\/nuevo-renacer.com\/wp-content\/uploads\/2025\/01\/katharina-von-genua1218852-6x12.jpg 6w, https:\/\/nuevo-renacer.com\/wp-content\/uploads\/2025\/01\/katharina-von-genua1218852.jpg 564w\" sizes=\"(max-width: 506px) 100vw, 506px\" \/><\/figure>\n<\/div><\/div>\n\n\n\n<div class=\"wp-block-uagb-container uagb-block-32a47420 alignfull uagb-is-root-container\"><div class=\"uagb-container-inner-blocks-wrap\">\n<p class=\"has-black-color has-text-color has-link-color has-small-font-size wp-elements-b7ec01ef1eff2f9e7e4aeb2fce0c3189\">Catherine, iki papan\u0131n Masum IV oldu\u011fu soylu Fieschi ailesinin k\u0131z\u0131yd\u0131. ve saray\u0131 Kutsal Aile Kilisesi&#039;nde bulunan V. Hadrian, Via Lata&#039;daki Meryem; Babas\u0131 Napoli valisiydi. 16 Ya\u015f\u0131nda soylu Cenevizli Giuliano Adorno ile zorla evlendi. On y\u0131l s\u00fcren k\u00f6t\u00fc evlilikten sonra, s\u0131k s\u0131k kendini duaya kapad\u0131 ve zaman zaman d\u0131\u015far\u0131da zevkler i\u00e7inde ya\u015fad\u0131, k\u0131z karde\u015fini bir Fransisken manast\u0131r\u0131nda ziyaret etti. Orada, 1474&#039;te \u00e7arm\u0131ha gerilmi\u015f Mesih&#039;in ilk ayd\u0131nlanmas\u0131 ve ortaya \u00e7\u0131k\u0131\u015f\u0131 ile tan\u0131\u015ft\u0131; \u015fimdi iffet ve \u00e7ilecilik i\u00e7inde ya\u015f\u0131yordu, Cenova&#039;daki eski Pammatone hastanesi yak\u0131nlar\u0131ndaki \u2013 \u015fu anki adalet saray\u0131&#039;n\u0131n yerindeki \u2013 bir eve ta\u015f\u0131nd\u0131, flagel\u00f3, hasta ve fakirlere bakt\u0131 ve 1479&#039;da fransisken tarikat\u0131na \u00fc\u00e7\u00fcnc\u00fcl olarak kat\u0131ld\u0131. evi 1488&#039;de Santissima Annunziata di Portoria kilisesi ile Fransisken manast\u0131r\u0131 oldu-bug\u00fcn onun ad\u0131n\u0131 Santa Catalina kilisesi olarak da adland\u0131r\u0131yor.<\/p>\n\n\n\n<p class=\"has-black-color has-text-color has-link-color has-small-font-size wp-elements-79aed947bbb77d42e3f75664ffc6220a\">Catherine, 1489&#039;da kad\u0131n b\u00f6l\u00fcm\u00fcn\u00fcn ba\u015fkan\u0131 oldu\u011fu eski Pammatone hastanesinde t\u00fcm hastalar\u0131 tedavi etti. \u0130ki veba salg\u0131n\u0131 s\u0131ras\u0131nda, hasta ve \u00f6lenler i\u00e7in yorulmadan \u00e7al\u0131\u015ft\u0131. Onun etkisi alt\u0131nda, \u0130lahi Sevginin Cemaati bir toplum hem\u015fireli\u011fi haline geldi. Lent s\u0131ras\u0131nda cezaland\u0131r\u0131l\u0131r, yaln\u0131zca cemaatten beslenir ve hediyeler al\u0131r mistikler.<\/p>\n\n\n\n<div class=\"wp-block-uagb-container uagb-block-d78f296c\">\n<figure class=\"wp-block-image size-large is-resized\"><img decoding=\"async\" width=\"536\" height=\"1024\" src=\"https:\/\/nuevo-renacer.com\/wp-content\/uploads\/2025\/01\/Katharina_von_Genua3-536x1024.jpg\" alt=\"\" class=\"wp-image-6727\" style=\"width:216px;height:auto\" srcset=\"https:\/\/nuevo-renacer.com\/wp-content\/uploads\/2025\/01\/Katharina_von_Genua3-536x1024.jpg 536w, https:\/\/nuevo-renacer.com\/wp-content\/uploads\/2025\/01\/Katharina_von_Genua3-157x300.jpg 157w, https:\/\/nuevo-renacer.com\/wp-content\/uploads\/2025\/01\/Katharina_von_Genua3-768x1466.jpg 768w, https:\/\/nuevo-renacer.com\/wp-content\/uploads\/2025\/01\/Katharina_von_Genua3-804x1536.jpg 804w, https:\/\/nuevo-renacer.com\/wp-content\/uploads\/2025\/01\/Katharina_von_Genua3-6x12.jpg 6w, https:\/\/nuevo-renacer.com\/wp-content\/uploads\/2025\/01\/Katharina_von_Genua3.jpg 838w\" sizes=\"(max-width: 536px) 100vw, 536px\" \/><figcaption class=\"wp-element-caption\">Bug\u00fcn capuchinler taraf\u0131ndan y\u00f6netilen Cenova&#039;daki Santissima Annunziata di Portoria kilisesine giri\u015f<\/figcaption><\/figure>\n<\/div>\n\n\n\n<p class=\"has-black-color has-text-color has-link-color has-small-font-size wp-elements-d4dcbf1f4721cbed69544f9405d047da\">T\u00fcm mal varl\u0131\u011f\u0131n\u0131 kaybettikten sonra kocas\u0131, hayat\u0131n\u0131n son y\u0131llar\u0131nda Catherine \u00f6rne\u011fini takip etti ve 1497&#039;deki \u00f6l\u00fcm\u00fcne kadar fransisken tarikat\u0131&#039;na kat\u0131ld\u0131. \u015eimdi Catherine&#039;in manevi rehberi ya\u015fam tarihlerini, deneyimlerini ve manevi \u00f6\u011fretilerini kaydetmeye ba\u015flad\u0131: 1551&#039;de la Vita mirabile e dottrina santa di S. Caterina Fieschi&#039;nin bu Kitab\u0131, harika ya\u015fam kitab\u0131 ve Aziz Catherine Fieschi&#039;nin kutsal \u00f6\u011fretileri ortaya \u00e7\u0131kt\u0131. Vahiyleri iki kitapta yer almaktad\u0131r \u0130lahi A\u015fk Diyalo\u011fu, \u0130lahi A\u015fk Diyalo\u011fu, ve Araf Antla\u015fmas\u0131, Araf \u00dczerine \u0130nceleme. Araf onlar i\u00e7in bir \u0131st\u0131rap yeridir, ancak ruhlar orada sevin\u00e7le doludur \u00e7\u00fcnk\u00fc Tanr\u0131 taraf\u0131ndan y\u00f6nlendirildiklerini bilirler, b\u00f6ylece ac\u0131 yo\u011funla\u015f\u0131r, ayn\u0131 zamanda sevin\u00e7, kurtulu\u015funuzun zaman\u0131 o kadar yak\u0131nd\u0131r.<\/p>\n\n\n\n<div class=\"wp-block-uagb-container uagb-block-d519fd66\">\n<figure class=\"wp-block-image size-large is-resized\"><img decoding=\"async\" width=\"572\" height=\"1024\" src=\"https:\/\/nuevo-renacer.com\/wp-content\/uploads\/2025\/01\/Katharina_von_Genua2-572x1024.jpg\" alt=\"\" class=\"wp-image-6728\" style=\"width:216px\" srcset=\"https:\/\/nuevo-renacer.com\/wp-content\/uploads\/2025\/01\/Katharina_von_Genua2-572x1024.jpg 572w, https:\/\/nuevo-renacer.com\/wp-content\/uploads\/2025\/01\/Katharina_von_Genua2-167x300.jpg 167w, https:\/\/nuevo-renacer.com\/wp-content\/uploads\/2025\/01\/Katharina_von_Genua2-768x1376.jpg 768w, https:\/\/nuevo-renacer.com\/wp-content\/uploads\/2025\/01\/Katharina_von_Genua2-857x1536.jpg 857w, https:\/\/nuevo-renacer.com\/wp-content\/uploads\/2025\/01\/Katharina_von_Genua2-7x12.jpg 7w, https:\/\/nuevo-renacer.com\/wp-content\/uploads\/2025\/01\/Katharina_von_Genua2.jpg 893w\" sizes=\"(max-width: 572px) 100vw, 572px\" \/><figcaption class=\"wp-element-caption\">Catherine, Acqui Terme&#039;deki Addorata Bazilikas\u0131&#039;ndaki imaj olan Araf&#039;taki fakir ruhlar\u0131n ac\u0131s\u0131n\u0131 dindirir<\/figcaption><\/figure>\n<\/div>\n\n\n\n<p class=\"has-black-color has-text-color has-link-color has-small-font-size wp-elements-5e89415a2998d57cbbf5cac32c818fb3\">Catherine, Cenova&#039;daki Portoria&#039;n\u0131n Kutsal M\u00fcjde Kilisesi&#039;ne g\u00f6m\u00fcld\u00fc.<\/p>\n\n\n\n<div class=\"wp-block-uagb-container uagb-block-19f4d764\">\n<figure class=\"wp-block-image size-large is-resized\"><img loading=\"lazy\" decoding=\"async\" width=\"1024\" height=\"489\" src=\"https:\/\/nuevo-renacer.com\/wp-content\/uploads\/2025\/01\/Katharina_von_Genua4-1024x489.jpg\" alt=\"\" class=\"wp-image-6729\" style=\"width:520px;height:auto\" srcset=\"https:\/\/nuevo-renacer.com\/wp-content\/uploads\/2025\/01\/Katharina_von_Genua4-1024x489.jpg 1024w, https:\/\/nuevo-renacer.com\/wp-content\/uploads\/2025\/01\/Katharina_von_Genua4-300x143.jpg 300w, https:\/\/nuevo-renacer.com\/wp-content\/uploads\/2025\/01\/Katharina_von_Genua4-768x367.jpg 768w, https:\/\/nuevo-renacer.com\/wp-content\/uploads\/2025\/01\/Katharina_von_Genua4-1536x733.jpg 1536w, https:\/\/nuevo-renacer.com\/wp-content\/uploads\/2025\/01\/Katharina_von_Genua4-2048x978.jpg 2048w, https:\/\/nuevo-renacer.com\/wp-content\/uploads\/2025\/01\/Katharina_von_Genua4-18x9.jpg 18w\" sizes=\"(max-width: 1024px) 100vw, 1024px\" \/><figcaption class=\"wp-element-caption\"> Portoria&#039;n\u0131n Kutsal M\u00fcjde Kilisesi&#039;ndeki Catherine Lahiti<\/figcaption><\/figure>\n<\/div>\n\n\n\n<p class=\"has-black-color has-text-color has-link-color has-small-font-size wp-elements-51af9111cdf6de49494797b35b4b187b\"><strong>Kanonla\u015ft\u0131rma:<\/strong> Catherine, 6 Nisan 1675&#039;te Papa X. Clement ve 16 Haziran 1737&#039;de Papa XII. Clement taraf\u0131ndan kutsand\u0131.1944&#039;te Papa XII. Pius, hastanelerin ikinci koruyucu azizini italyan olarak adland\u0131rd\u0131. 2004 Y\u0131l\u0131nda Catherine&#039;in tarihteki d\u00f6rd\u00fcnc\u00fc kad\u0131n ve kilisenin \u00f6\u011fretmeni olan ilk evli kad\u0131n olarak adland\u0131r\u0131labilece\u011fi bildirildi.<\/p>\n\n\n\n<p class=\"has-black-color has-text-color has-link-color has-medium-font-size wp-elements-7b230a436403c9ccaa2ec51df0091aa8\"><strong>Kutsal s\u00f6zler<\/strong><\/p>\n\n\n\n<p class=\"has-black-color has-text-color has-link-color has-small-font-size wp-elements-9fd11401b2479982eba728daf9a4b08a\"><em>\u0130nsan\u0131n Tanr\u0131&#039;y\u0131 sevmesinin \u00fc\u00e7 yolu:<\/em><\/p>\n\n\n\n<p class=\"has-black-color has-text-color has-link-color has-small-font-size wp-elements-71042c8c5488b65f8ba611009a6887f9\">&#034;\u0130nsan, Tanr\u0131 sevgisi i\u00e7in yapt\u0131\u011f\u0131 her \u015feyi yapt\u0131\u011f\u0131nda, kendisi ve kom\u015fusu i\u00e7in kurtulu\u015fu sa\u011flama arzusuyla Tanr\u0131 taraf\u0131ndan size verilen sevgi ile i\u015flerin sevgi ile yap\u0131ld\u0131\u011f\u0131 s\u00f6ylenir. Sevginin bu ilk a\u015famas\u0131nda Tanr\u0131, insan\u0131n gerekli ve faydal\u0131 bir\u00e7ok ve \u00e7e\u015fitli i\u015fi, \u015fefkat duygusuyla yapmas\u0131na neden olur.dindar ve yard\u0131msever, merhametli.<\/p>\n\n\n\n<p class=\"has-black-color has-text-color has-link-color has-small-font-size wp-elements-f10b9c25b2d573a4e8b60d80ed9b562d\">Sevginin ikinci a\u015famas\u0131n\u0131n i\u015fleri Tanr\u0131&#039;da yap\u0131l\u0131r. Bunlar, kendilerinin veya ba\u015fkalar\u0131n\u0131n yarar\u0131n\u0131 hesaba katmadan yap\u0131lan, ancak bunlar\u0131 yapandan ba\u015fka bir amac\u0131 olmaks\u0131z\u0131n Tanr\u0131&#039;da kalan i\u015flerdir. [Ve insan\u0131n refah i\u00e7inde edindi\u011fi al\u0131\u015fkanl\u0131k nedeniyle, i\u015fte kal\u0131r, ancak Tanr\u0131 onu daha \u00f6nce ona yard\u0131m eden ve memnun olan kendi partisinden mahrum etmi\u015ftir. Bu nedenle b\u00f6yle bir eser ilk eserlerden daha m\u00fckemmeldir, \u00e7\u00fcnk\u00fc ilk a\u015famadaki insan\u0131n bedeni ve ruhu tatmin eden bir\u00e7ok amac\u0131 vard\u0131. Ki\u015finin kendi iyi i\u015flerinin memnuniyeti ortadan kalkar.]<\/p>\n\n\n\n<p class=\"has-black-color has-text-color has-link-color has-small-font-size wp-elements-2c9f1165cfa16e3c20f79ee926d0bff0\">A\u015fk i\u00e7in yap\u0131lan i\u015fler, sonunda, di\u011fer iki t\u00fcr\u00fcnkinden daha m\u00fckemmeldir, \u00e7\u00fcnk\u00fc bunlar bir erke\u011fin kat\u0131l\u0131m\u0131 olmadan yap\u0131l\u0131r. A\u015fk, insan\u0131 \u00f6yle bir \u015fekilde kazand\u0131 ve d\u00f6vd\u00fc ki, tabiri caizse nerede oldu\u011funu bilmeden a\u015fk denizine g\u00f6m\u00fcld\u00fc. Kendi i\u00e7inde tamamen yok edilir ve hi\u00e7bir \u015fey yapamaz; Bu durumda, i\u015finizi erke\u011fe yapan sevgidir. Etkileri m\u00fckemmellik eserleridir, \u00e7\u00fcnk\u00fc insan eylemi olmadan ger\u00e7ekle\u015ftirilir. Onlar Tanr\u0131&#039;n\u0131n her \u015feyi kabul etti\u011fi l\u00fctuf eserleridir. Bu tatl\u0131 ve saf olan\u0131 sevin ve onu insana ve tamamen kendi i\u00e7ine \u00e7eken, onu tamamen varl\u0131\u011f\u0131ndan kurtaran \u015feye g\u00f6t\u00fcrd\u00fc. Tamamen ona aitti. [Bu ki\u015fi \u00fczerinde ve onun arac\u0131l\u0131\u011f\u0131yla s\u00fcrekli olarak, yaln\u0131zca sizin yarar\u0131n\u0131z ve s\u0131zmad\u0131\u011f\u0131 yarar\u0131n\u0131z i\u00e7in hareket eder.]\u201d<\/p>\n<\/div><\/div>\n\n\n\n<div class=\"wp-block-uagb-container uagb-block-2d1f7e79 alignfull uagb-is-root-container\"><div class=\"uagb-container-inner-blocks-wrap\"><\/div><\/div>\n\n\n\n<div class=\"wp-block-uagb-container uagb-block-449a5fcf alignfull uagb-is-root-container\"><div class=\"uagb-container-inner-blocks-wrap\"><\/div><\/div>","protected":false},"excerpt":{"rendered":"<p>Catalina de G\u00e9nova Catalina era hija de la noble familia Fieschi, de la que tambi\u00e9n los dos papas Inocencio IV. y Adriano V, cuyo palacio se encuentra en la iglesia de la familia Santa Mar\u00eda en Via Lata; su padre era virrey de N\u00e1poles. A los 16 a\u00f1os se cas\u00f3 por la fuerza con el [&hellip;]<\/p>","protected":false},"author":1,"featured_media":0,"parent":0,"menu_order":0,"comment_status":"closed","ping_status":"closed","template":"","meta":{"_uag_custom_page_level_css":"","site-sidebar-layout":"default","site-content-layout":"","ast-site-content-layout":"default","site-content-style":"default","site-sidebar-style":"default","ast-global-header-display":"","ast-banner-title-visibility":"","ast-main-header-display":"","ast-hfb-above-header-display":"","ast-hfb-below-header-display":"","ast-hfb-mobile-header-display":"","site-post-title":"disabled","ast-breadcrumbs-content":"","ast-featured-img":"","footer-sml-layout":"","theme-transparent-header-meta":"","adv-header-id-meta":"","stick-header-meta":"","header-above-stick-meta":"","header-main-stick-meta":"","header-below-stick-meta":"","astra-migrate-meta-layouts":"set","ast-page-background-enabled":"default","ast-page-background-meta":{"desktop":{"background-color":"var(--ast-global-color-4)","background-image":"","background-repeat":"repeat","background-position":"center center","background-size":"auto","background-attachment":"scroll","background-type":"","background-media":"","overlay-type":"","overlay-color":"","overlay-opacity":"","overlay-gradient":""},"tablet":{"background-color":"","background-image":"","background-repeat":"repeat","background-position":"center center","background-size":"auto","background-attachment":"scroll","background-type":"","background-media":"","overlay-type":"","overlay-color":"","overlay-opacity":"","overlay-gradient":""},"mobile":{"background-color":"","background-image":"","background-repeat":"repeat","background-position":"center center","background-size":"auto","background-attachment":"scroll","background-type":"","background-media":"","overlay-type":"","overlay-color":"","overlay-opacity":"","overlay-gradient":""}},"ast-content-background-meta":{"desktop":{"background-color":"var(--ast-global-color-5)","background-image":"","background-repeat":"repeat","background-position":"center center","background-size":"auto","background-attachment":"scroll","background-type":"","background-media":"","overlay-type":"","overlay-color":"","overlay-opacity":"","overlay-gradient":""},"tablet":{"background-color":"var(--ast-global-color-5)","background-image":"","background-repeat":"repeat","background-position":"center center","background-size":"auto","background-attachment":"scroll","background-type":"","background-media":"","overlay-type":"","overlay-color":"","overlay-opacity":"","overlay-gradient":""},"mobile":{"background-color":"var(--ast-global-color-5)","background-image":"","background-repeat":"repeat","background-position":"center center","background-size":"auto","background-attachment":"scroll","background-type":"","background-media":"","overlay-type":"","overlay-color":"","overlay-opacity":"","overlay-gradient":""}},"footnotes":""},"class_list":["post-6725","page","type-page","status-publish","hentry"],"yoast_head":"<!-- This site is optimized with the Yoast SEO Premium plugin v24.2 (Yoast SEO v24.6) - https:\/\/yoast.com\/wordpress\/plugins\/seo\/ -->\n<title>Catalina de G\u00e9nova - Uni\u00f3n Esp\u00edrita<\/title>\n<meta name=\"robots\" content=\"index, follow, max-snippet:-1, max-image-preview:large, max-video-preview:-1\" \/>\n<link rel=\"canonical\" href=\"https:\/\/nuevo-renacer.com\/tr\/catalina-de-genova\/\" \/>\n<meta property=\"og:locale\" content=\"tr_TR\" \/>\n<meta property=\"og:type\" content=\"article\" \/>\n<meta property=\"og:title\" content=\"Catalina de G\u00e9nova\" \/>\n<meta property=\"og:description\" content=\"Catalina de G\u00e9nova Catalina era hija de la noble familia Fieschi, de la que tambi\u00e9n los dos papas Inocencio IV. y Adriano V, cuyo palacio se encuentra en la iglesia de la familia Santa Mar\u00eda en Via Lata; su padre era virrey de N\u00e1poles. A los 16 a\u00f1os se cas\u00f3 por la fuerza con el [&hellip;]\" \/>\n<meta property=\"og:url\" content=\"https:\/\/nuevo-renacer.com\/tr\/catalina-de-genova\/\" \/>\n<meta property=\"og:site_name\" content=\"Uni\u00f3n Esp\u00edrita\" \/>\n<meta property=\"article:publisher\" content=\"https:\/\/www.facebook.com\/groups\/3431398063740829\" \/>\n<meta property=\"article:modified_time\" content=\"2025-01-09T10:51:28+00:00\" \/>\n<meta property=\"og:image\" content=\"https:\/\/nuevo-renacer.com\/wp-content\/uploads\/2025\/01\/katharina-von-genua1218852.jpg\" \/>\n\t<meta property=\"og:image:width\" content=\"564\" \/>\n\t<meta property=\"og:image:height\" content=\"1141\" \/>\n\t<meta property=\"og:image:type\" content=\"image\/jpeg\" \/>\n<meta name=\"twitter:card\" content=\"summary_large_image\" \/>\n<meta name=\"twitter:label1\" content=\"Tahmini okuma s\u00fcresi\" \/>\n\t<meta name=\"twitter:data1\" content=\"5 dakika\" \/>\n<script type=\"application\/ld+json\" class=\"yoast-schema-graph\">{\"@context\":\"https:\/\/schema.org\",\"@graph\":[{\"@type\":\"WebPage\",\"@id\":\"https:\/\/nuevo-renacer.com\/catalina-de-genova\/\",\"url\":\"https:\/\/nuevo-renacer.com\/catalina-de-genova\/\",\"name\":\"Catalina de G\u00e9nova - Uni\u00f3n Esp\u00edrita\",\"isPartOf\":{\"@id\":\"https:\/\/nuevo-renacer.com\/#website\"},\"primaryImageOfPage\":{\"@id\":\"https:\/\/nuevo-renacer.com\/catalina-de-genova\/#primaryimage\"},\"image\":{\"@id\":\"https:\/\/nuevo-renacer.com\/catalina-de-genova\/#primaryimage\"},\"thumbnailUrl\":\"https:\/\/nuevo-renacer.com\/wp-content\/uploads\/2025\/01\/katharina-von-genua1218852-506x1024.jpg\",\"datePublished\":\"2025-01-09T10:18:48+00:00\",\"dateModified\":\"2025-01-09T10:51:28+00:00\",\"breadcrumb\":{\"@id\":\"https:\/\/nuevo-renacer.com\/catalina-de-genova\/#breadcrumb\"},\"inLanguage\":\"tr\",\"potentialAction\":[{\"@type\":\"ReadAction\",\"target\":[\"https:\/\/nuevo-renacer.com\/catalina-de-genova\/\"]}]},{\"@type\":\"ImageObject\",\"inLanguage\":\"tr\",\"@id\":\"https:\/\/nuevo-renacer.com\/catalina-de-genova\/#primaryimage\",\"url\":\"https:\/\/nuevo-renacer.com\/wp-content\/uploads\/2025\/01\/katharina-von-genua1218852-506x1024.jpg\",\"contentUrl\":\"https:\/\/nuevo-renacer.com\/wp-content\/uploads\/2025\/01\/katharina-von-genua1218852-506x1024.jpg\"},{\"@type\":\"BreadcrumbList\",\"@id\":\"https:\/\/nuevo-renacer.com\/catalina-de-genova\/#breadcrumb\",\"itemListElement\":[{\"@type\":\"ListItem\",\"position\":1,\"name\":\"Startseite\",\"item\":\"https:\/\/nuevo-renacer.com\/\"},{\"@type\":\"ListItem\",\"position\":2,\"name\":\"Catalina de G\u00e9nova\"}]},{\"@type\":\"WebSite\",\"@id\":\"https:\/\/nuevo-renacer.com\/#website\",\"url\":\"https:\/\/nuevo-renacer.com\/\",\"name\":\"Uni\u00f3n Esp\u00edrita\",\"description\":\"Nuevo Renacer\",\"publisher\":{\"@id\":\"https:\/\/nuevo-renacer.com\/#organization\"},\"potentialAction\":[{\"@type\":\"SearchAction\",\"target\":{\"@type\":\"EntryPoint\",\"urlTemplate\":\"https:\/\/nuevo-renacer.com\/?s={search_term_string}\"},\"query-input\":{\"@type\":\"PropertyValueSpecification\",\"valueRequired\":true,\"valueName\":\"search_term_string\"}}],\"inLanguage\":\"tr\"},{\"@type\":\"Organization\",\"@id\":\"https:\/\/nuevo-renacer.com\/#organization\",\"name\":\"UFEC\",\"url\":\"https:\/\/nuevo-renacer.com\/\",\"logo\":{\"@type\":\"ImageObject\",\"inLanguage\":\"tr\",\"@id\":\"https:\/\/nuevo-renacer.com\/#\/schema\/logo\/image\/\",\"url\":\"https:\/\/nuevo-renacer.com\/wp-content\/uploads\/2024\/05\/cropped-LOGO-TERMINADO1-3-3.png\",\"contentUrl\":\"https:\/\/nuevo-renacer.com\/wp-content\/uploads\/2024\/05\/cropped-LOGO-TERMINADO1-3-3.png\",\"width\":512,\"height\":512,\"caption\":\"UFEC\"},\"image\":{\"@id\":\"https:\/\/nuevo-renacer.com\/#\/schema\/logo\/image\/\"},\"sameAs\":[\"https:\/\/www.facebook.com\/groups\/3431398063740829\"]}]}<\/script>\n<!-- \/ Yoast SEO Premium plugin. -->","yoast_head_json":{"title":"Catalina de G\u00e9nova - Uni\u00f3n Esp\u00edrita","robots":{"index":"index","follow":"follow","max-snippet":"max-snippet:-1","max-image-preview":"max-image-preview:large","max-video-preview":"max-video-preview:-1"},"canonical":"https:\/\/nuevo-renacer.com\/tr\/catalina-de-genova\/","og_locale":"tr_TR","og_type":"article","og_title":"Catalina de G\u00e9nova","og_description":"Catalina de G\u00e9nova Catalina era hija de la noble familia Fieschi, de la que tambi\u00e9n los dos papas Inocencio IV. y Adriano V, cuyo palacio se encuentra en la iglesia de la familia Santa Mar\u00eda en Via Lata; su padre era virrey de N\u00e1poles. A los 16 a\u00f1os se cas\u00f3 por la fuerza con el [&hellip;]","og_url":"https:\/\/nuevo-renacer.com\/tr\/catalina-de-genova\/","og_site_name":"Uni\u00f3n Esp\u00edrita","article_publisher":"https:\/\/www.facebook.com\/groups\/3431398063740829","article_modified_time":"2025-01-09T10:51:28+00:00","og_image":[{"width":564,"height":1141,"url":"https:\/\/nuevo-renacer.com\/wp-content\/uploads\/2025\/01\/katharina-von-genua1218852.jpg","type":"image\/jpeg"}],"twitter_card":"summary_large_image","twitter_misc":{"Tahmini okuma s\u00fcresi":"5 dakika"},"schema":{"@context":"https:\/\/schema.org","@graph":[{"@type":"WebPage","@id":"https:\/\/nuevo-renacer.com\/catalina-de-genova\/","url":"https:\/\/nuevo-renacer.com\/catalina-de-genova\/","name":"Catalina de G\u00e9nova - Uni\u00f3n Esp\u00edrita","isPartOf":{"@id":"https:\/\/nuevo-renacer.com\/#website"},"primaryImageOfPage":{"@id":"https:\/\/nuevo-renacer.com\/catalina-de-genova\/#primaryimage"},"image":{"@id":"https:\/\/nuevo-renacer.com\/catalina-de-genova\/#primaryimage"},"thumbnailUrl":"https:\/\/nuevo-renacer.com\/wp-content\/uploads\/2025\/01\/katharina-von-genua1218852-506x1024.jpg","datePublished":"2025-01-09T10:18:48+00:00","dateModified":"2025-01-09T10:51:28+00:00","breadcrumb":{"@id":"https:\/\/nuevo-renacer.com\/catalina-de-genova\/#breadcrumb"},"inLanguage":"tr","potentialAction":[{"@type":"ReadAction","target":["https:\/\/nuevo-renacer.com\/catalina-de-genova\/"]}]},{"@type":"ImageObject","inLanguage":"tr","@id":"https:\/\/nuevo-renacer.com\/catalina-de-genova\/#primaryimage","url":"https:\/\/nuevo-renacer.com\/wp-content\/uploads\/2025\/01\/katharina-von-genua1218852-506x1024.jpg","contentUrl":"https:\/\/nuevo-renacer.com\/wp-content\/uploads\/2025\/01\/katharina-von-genua1218852-506x1024.jpg"},{"@type":"BreadcrumbList","@id":"https:\/\/nuevo-renacer.com\/catalina-de-genova\/#breadcrumb","itemListElement":[{"@type":"ListItem","position":1,"name":"Startseite","item":"https:\/\/nuevo-renacer.com\/"},{"@type":"ListItem","position":2,"name":"Catalina de G\u00e9nova"}]},{"@type":"WebSite","@id":"https:\/\/nuevo-renacer.com\/#website","url":"https:\/\/nuevo-renacer.com\/","name":"Uni\u00f3n Esp\u00edrita","description":"Nuevo Renacer","publisher":{"@id":"https:\/\/nuevo-renacer.com\/#organization"},"potentialAction":[{"@type":"SearchAction","target":{"@type":"EntryPoint","urlTemplate":"https:\/\/nuevo-renacer.com\/?s={search_term_string}"},"query-input":{"@type":"PropertyValueSpecification","valueRequired":true,"valueName":"search_term_string"}}],"inLanguage":"tr"},{"@type":"Organization","@id":"https:\/\/nuevo-renacer.com\/#organization","name":"UFEC","url":"https:\/\/nuevo-renacer.com\/","logo":{"@type":"ImageObject","inLanguage":"tr","@id":"https:\/\/nuevo-renacer.com\/#\/schema\/logo\/image\/","url":"https:\/\/nuevo-renacer.com\/wp-content\/uploads\/2024\/05\/cropped-LOGO-TERMINADO1-3-3.png","contentUrl":"https:\/\/nuevo-renacer.com\/wp-content\/uploads\/2024\/05\/cropped-LOGO-TERMINADO1-3-3.png","width":512,"height":512,"caption":"UFEC"},"image":{"@id":"https:\/\/nuevo-renacer.com\/#\/schema\/logo\/image\/"},"sameAs":["https:\/\/www.facebook.com\/groups\/3431398063740829"]}]}},"uagb_featured_image_src":{"full":false,"thumbnail":false,"medium":false,"medium_large":false,"large":false,"1536x1536":false,"2048x2048":false,"trp-custom-language-flag":false},"uagb_author_info":{"display_name":"adbv0","author_link":"https:\/\/nuevo-renacer.com\/tr\/author\/adbv0\/"},"uagb_comment_info":0,"uagb_excerpt":"Catalina de G\u00e9nova Catalina era hija de la noble familia Fieschi, de la que tambi\u00e9n los dos papas Inocencio IV. y Adriano V, cuyo palacio se encuentra en la iglesia de la familia Santa Mar\u00eda en Via Lata; su padre era virrey de N\u00e1poles. A los 16 a\u00f1os se cas\u00f3 por la fuerza con el&hellip;","jetpack_sharing_enabled":true,"_links":{"self":[{"href":"https:\/\/nuevo-renacer.com\/tr\/wp-json\/wp\/v2\/pages\/6725","targetHints":{"allow":["GET"]}}],"collection":[{"href":"https:\/\/nuevo-renacer.com\/tr\/wp-json\/wp\/v2\/pages"}],"about":[{"href":"https:\/\/nuevo-renacer.com\/tr\/wp-json\/wp\/v2\/types\/page"}],"author":[{"embeddable":true,"href":"https:\/\/nuevo-renacer.com\/tr\/wp-json\/wp\/v2\/users\/1"}],"replies":[{"embeddable":true,"href":"https:\/\/nuevo-renacer.com\/tr\/wp-json\/wp\/v2\/comments?post=6725"}],"version-history":[{"count":1,"href":"https:\/\/nuevo-renacer.com\/tr\/wp-json\/wp\/v2\/pages\/6725\/revisions"}],"predecessor-version":[{"id":6730,"href":"https:\/\/nuevo-renacer.com\/tr\/wp-json\/wp\/v2\/pages\/6725\/revisions\/6730"}],"wp:attachment":[{"href":"https:\/\/nuevo-renacer.com\/tr\/wp-json\/wp\/v2\/media?parent=6725"}],"curies":[{"name":"wp","href":"https:\/\/api.w.org\/{rel}","templated":true}]}}