{"id":6695,"date":"2025-01-08T08:11:44","date_gmt":"2025-01-08T08:11:44","guid":{"rendered":"https:\/\/nuevo-renacer.com\/?page_id=6695"},"modified":"2025-01-08T08:13:14","modified_gmt":"2025-01-08T08:13:14","slug":"fe-y-responsabilidad-en-tiempos-dificiles-un-llamamiento-a-la-unidad","status":"publish","type":"page","link":"https:\/\/nuevo-renacer.com\/tr\/fe-y-responsabilidad-en-tiempos-dificiles-un-llamamiento-a-la-unidad\/","title":{"rendered":"Zor Zamanlarda \u0130nan\u00e7 ve Sorumluluk: Birlik \u00c7a\u011fr\u0131s\u0131"},"content":{"rendered":"<div class=\"wp-block-uagb-container uagb-block-b0926129 alignfull uagb-is-root-container\"><div class=\"uagb-container-inner-blocks-wrap\">\n<p class=\"has-black-color has-text-color has-link-color has-medium-font-size wp-elements-e2e28fda122d1fba9bb8a236295c57b1\"><strong>Zor Zamanlarda \u0130nan\u00e7 ve Sorumluluk: Birlik \u00c7a\u011fr\u0131s\u0131<\/strong><\/p>\n<\/div><\/div>\n\n\n\n<div class=\"wp-block-uagb-container uagb-block-6cb011eb alignfull uagb-is-root-container\"><div class=\"uagb-container-inner-blocks-wrap\">\n<figure class=\"wp-block-image size-large is-resized\"><img fetchpriority=\"high\" decoding=\"async\" width=\"1024\" height=\"768\" src=\"https:\/\/nuevo-renacer.com\/wp-content\/uploads\/2025\/01\/guardian-angels-cof7o53byfdgey97-1024x768.jpg\" alt=\"\" class=\"wp-image-6696\" style=\"width:476px;height:auto\" srcset=\"https:\/\/nuevo-renacer.com\/wp-content\/uploads\/2025\/01\/guardian-angels-cof7o53byfdgey97-1024x768.jpg 1024w, https:\/\/nuevo-renacer.com\/wp-content\/uploads\/2025\/01\/guardian-angels-cof7o53byfdgey97-300x225.jpg 300w, https:\/\/nuevo-renacer.com\/wp-content\/uploads\/2025\/01\/guardian-angels-cof7o53byfdgey97-768x576.jpg 768w, https:\/\/nuevo-renacer.com\/wp-content\/uploads\/2025\/01\/guardian-angels-cof7o53byfdgey97-1536x1152.jpg 1536w, https:\/\/nuevo-renacer.com\/wp-content\/uploads\/2025\/01\/guardian-angels-cof7o53byfdgey97-16x12.jpg 16w, https:\/\/nuevo-renacer.com\/wp-content\/uploads\/2025\/01\/guardian-angels-cof7o53byfdgey97.jpg 1600w\" sizes=\"(max-width: 1024px) 100vw, 1024px\" \/><\/figure>\n<\/div><\/div>\n\n\n\n<div class=\"wp-block-uagb-container uagb-block-da38f51e alignfull uagb-is-root-container\"><div class=\"uagb-container-inner-blocks-wrap\">\n<p class=\"has-black-color has-text-color has-link-color has-small-font-size wp-elements-8feb280c80b08fa4143869abd891fd04\">Sevgili karde\u015flerim,<\/p>\n\n\n\n<p class=\"has-black-color has-text-color has-link-color has-small-font-size wp-elements-8dc0658f0ecc0984bc2d2384c895869c\">D\u00fcnyevi s\u0131k\u0131nt\u0131lar\u0131n en \u00fcst d\u00fczeyde ac\u0131 \u00e7ekmenize neden oldu\u011fu bu zor zamanlarda ne\u015feli olun. Ruh\u00e7ular, Babam\u0131za ve O'nun sizi y\u0131llar \u00f6nce g\u00f6revlendirdi\u011fi ilahi misyonunuza inanmaya devam edin. \u00c7\u00fcnk\u00fc O'nun size y\u00fckledi\u011fi her ac\u0131, s\u0131radan bir cezaland\u0131rma amac\u0131yla de\u011fil, sizi ge\u00e7mi\u015f ya\u015famlar\u0131n c\u00fcrufundan ar\u0131nd\u0131rmak ve g\u00fc\u00e7lendirmek i\u00e7indir. Spirit\u00fcalistler olarak bunu biliyorsunuz, bu y\u00fczden her zaman bunun fark\u0131nda olun. Bir elmas ancak muazzam bir bas\u0131n\u00e7, \u00e7eki\u00e7 darbeleri ve uzun bir cilalama sonucunda ger\u00e7ek g\u00fczelli\u011fine ve \u0131\u015f\u0131lt\u0131l\u0131 parlakl\u0131\u011f\u0131na kavu\u015fan bir karbon y\u0131\u011f\u0131n\u0131ndan ibarettir. Yolculu\u011funuzun ba\u015f\u0131nda siz de bu karbon par\u00e7as\u0131 gibisiniz ama i\u00e7inizde elmas\u0131n potansiyelini ta\u015f\u0131yorsunuz. Bu d\u00fcnyan\u0131n ruh\u00e7ular\u0131, birle\u015fmenizin zaman\u0131 geldi.<\/p>\n\n\n\n<p class=\"has-black-color has-text-color has-link-color has-small-font-size wp-elements-c1473f021b18dfaad434e4e74a998cd9\">Ge\u00e7en y\u0131l haz\u0131rl\u0131klar ba\u015flad\u0131, bu y\u0131l ate\u015f yanacak ve yay\u0131lacak. Sizler, sizi d\u00fcnyan\u0131n d\u00f6rt bir yan\u0131na yayan Babam\u0131z\u0131n da\u011f\u0131n\u0131k fenerlerisiniz. \u015eimdi insanl\u0131\u011f\u0131n yarar\u0131 i\u00e7in birlikte parlayan bir a\u011f olu\u015fturun. \u00c7\u00fcnk\u00fc \u015fimdi bu gezegenin bir sonraki a\u015famaya y\u00fckseli\u015f zaman\u0131d\u0131r. Rabbimizin iste\u011fini yerine getirirken zor ama ne\u015feli bir zaman olacak. En b\u00fcy\u00fck s\u0131k\u0131nt\u0131lar alt\u0131nda bile kutsal g\u00f6revinizi yerine getirmekten asla yorulmay\u0131n. \u00c7\u00fcnk\u00fc b\u00fcy\u00fck y\u00fcklere ve zor i\u015flere ra\u011fmen kalpleriniz mutlulukla dolup ta\u015facakt\u0131r. En b\u00fcy\u00fck f\u0131rt\u0131nada bile Babam\u0131z\u0131n elinizden tutaca\u011f\u0131ndan emin olun.<\/p>\n\n\n\n<p class=\"has-black-color has-text-color has-link-color has-small-font-size wp-elements-0f8fd0ad781c4f5002bc7a0e2e8e99b7\">Sizler, spirit\u00fcalistler aras\u0131ndaki medyumlar, Babam\u0131z taraf\u0131ndan size verilen yeteneklerinizi kilit alt\u0131nda tutmaman\u0131z, onlar\u0131 k\u00f6t\u00fcye kullanmaman\u0131z ya da onlardan servet biriktirmeye kalk\u0131\u015fmaman\u0131z konusunda kutsan\u0131yor ve uyar\u0131l\u0131yorsunuz. Aksine, yeteneklerinizi geli\u015ftirmeniz ve m\u00fckemmelle\u015ftirmeniz ve Baba'n\u0131n ger\u00e7ek hizmetk\u00e2rlar\u0131 olarak bunlar\u0131 kurtulu\u015f yolunda hen\u00fcz cahil olanlara yard\u0131m etmek i\u00e7in kullanman\u0131z \u00f6\u011f\u00fctlenmektedir. Hi\u00e7birinizin yarars\u0131z ve \u00f6nemsiz olmad\u0131\u011f\u0131n\u0131 bilin.<\/p>\n\n\n\n<p class=\"has-black-color has-text-color has-link-color has-small-font-size wp-elements-16490a1b33505244e635d1f304927983\">Her biriniz devasa bir makinenin k\u00fc\u00e7\u00fck bir di\u015flisisiniz; e\u011fer bir di\u015fliniz k\u0131r\u0131l\u0131rsa, makine daha yava\u015f ve daha zor \u00e7al\u0131\u015f\u0131r. Bu nedenle, herhangi birinizin daha iyi ya da daha k\u00f6t\u00fc, daha \u00f6nemli ya da daha \u00f6nemsiz oldu\u011funu d\u00fc\u015f\u00fcnmeyin.<\/p>\n\n\n\n<p class=\"has-black-color has-text-color has-link-color has-small-font-size wp-elements-b183e20704c12d0ce0c5a4e7993641c8\">Ne mutlu benim karde\u015flerime.<\/p>\n\n\n\n<p class=\"has-black-color has-text-color has-link-color has-small-font-size wp-elements-179ac80ffe2f32f824eb5edde0161c98\"><em>Bir gardiyan<\/em><\/p>\n\n\n\n<p class=\"has-black-color has-text-color has-link-color has-small-font-size wp-elements-a1465af95a867fce8d3e8e8ea828b466\">08.01.2025<\/p>\n\n\n\n<p class=\"has-black-color has-text-color has-link-color has-small-font-size wp-elements-584df68fa27c72815681e55eed2bb0e8\">Daniela M. taraf\u0131ndan psikografisi yap\u0131lm\u0131\u015ft\u0131r.<\/p>\n<\/div><\/div>\n\n\n\n<div class=\"wp-block-uagb-container uagb-block-48f6febe alignfull uagb-is-root-container\"><div class=\"uagb-container-inner-blocks-wrap\"><\/div><\/div>\n\n\n\n<div class=\"wp-block-uagb-container uagb-block-44f8c91c alignfull uagb-is-root-container\"><div class=\"uagb-container-inner-blocks-wrap\"><\/div><\/div>\n\n\n\n<p><\/p>","protected":false},"excerpt":{"rendered":"<p>Fe y responsabilidad en tiempos dif\u00edciles: Un llamamiento a la unidad Queridos hermanos y hermanas, Tened buen \u00e1nimo en estos tiempos dif\u00edciles, en los que las tribulaciones terrestres os han hecho sufrir al m\u00e1ximo. Espiritistas, continuad teniendo fe en nuestro Padre y en vuestra misi\u00f3n divina con la que \u00c9L os comision\u00f3 hace eones de [&hellip;]<\/p>","protected":false},"author":1,"featured_media":0,"parent":0,"menu_order":0,"comment_status":"closed","ping_status":"closed","template":"","meta":{"_uag_custom_page_level_css":"","site-sidebar-layout":"default","site-content-layout":"","ast-site-content-layout":"default","site-content-style":"default","site-sidebar-style":"default","ast-global-header-display":"","ast-banner-title-visibility":"","ast-main-header-display":"","ast-hfb-above-header-display":"","ast-hfb-below-header-display":"","ast-hfb-mobile-header-display":"","site-post-title":"disabled","ast-breadcrumbs-content":"","ast-featured-img":"","footer-sml-layout":"","theme-transparent-header-meta":"","adv-header-id-meta":"","stick-header-meta":"","header-above-stick-meta":"","header-main-stick-meta":"","header-below-stick-meta":"","astra-migrate-meta-layouts":"set","ast-page-background-enabled":"default","ast-page-background-meta":{"desktop":{"background-color":"var(--ast-global-color-4)","background-image":"","background-repeat":"repeat","background-position":"center center","background-size":"auto","background-attachment":"scroll","background-type":"","background-media":"","overlay-type":"","overlay-color":"","overlay-opacity":"","overlay-gradient":""},"tablet":{"background-color":"","background-image":"","background-repeat":"repeat","background-position":"center center","background-size":"auto","background-attachment":"scroll","background-type":"","background-media":"","overlay-type":"","overlay-color":"","overlay-opacity":"","overlay-gradient":""},"mobile":{"background-color":"","background-image":"","background-repeat":"repeat","background-position":"center center","background-size":"auto","background-attachment":"scroll","background-type":"","background-media":"","overlay-type":"","overlay-color":"","overlay-opacity":"","overlay-gradient":""}},"ast-content-background-meta":{"desktop":{"background-color":"var(--ast-global-color-5)","background-image":"","background-repeat":"repeat","background-position":"center center","background-size":"auto","background-attachment":"scroll","background-type":"","background-media":"","overlay-type":"","overlay-color":"","overlay-opacity":"","overlay-gradient":""},"tablet":{"background-color":"var(--ast-global-color-5)","background-image":"","background-repeat":"repeat","background-position":"center center","background-size":"auto","background-attachment":"scroll","background-type":"","background-media":"","overlay-type":"","overlay-color":"","overlay-opacity":"","overlay-gradient":""},"mobile":{"background-color":"var(--ast-global-color-5)","background-image":"","background-repeat":"repeat","background-position":"center center","background-size":"auto","background-attachment":"scroll","background-type":"","background-media":"","overlay-type":"","overlay-color":"","overlay-opacity":"","overlay-gradient":""}},"footnotes":""},"class_list":["post-6695","page","type-page","status-publish","hentry"],"yoast_head":"<!-- This site is optimized with the Yoast SEO Premium plugin v24.2 (Yoast SEO v24.6) - https:\/\/yoast.com\/wordpress\/plugins\/seo\/ -->\n<title>Fe y responsabilidad en tiempos dif\u00edciles: Un llamamiento a la unidad - Uni\u00f3n Esp\u00edrita<\/title>\n<meta name=\"robots\" content=\"index, follow, max-snippet:-1, max-image-preview:large, max-video-preview:-1\" \/>\n<link rel=\"canonical\" href=\"https:\/\/nuevo-renacer.com\/tr\/fe-y-responsabilidad-en-tiempos-dificiles-un-llamamiento-a-la-unidad\/\" \/>\n<meta property=\"og:locale\" content=\"tr_TR\" \/>\n<meta property=\"og:type\" content=\"article\" \/>\n<meta property=\"og:title\" content=\"Fe y responsabilidad en tiempos dif\u00edciles: Un llamamiento a la unidad\" \/>\n<meta property=\"og:description\" content=\"Fe y responsabilidad en tiempos dif\u00edciles: Un llamamiento a la unidad Queridos hermanos y hermanas, Tened buen \u00e1nimo en estos tiempos dif\u00edciles, en los que las tribulaciones terrestres os han hecho sufrir al m\u00e1ximo. Espiritistas, continuad teniendo fe en nuestro Padre y en vuestra misi\u00f3n divina con la que \u00c9L os comision\u00f3 hace eones de [&hellip;]\" \/>\n<meta property=\"og:url\" content=\"https:\/\/nuevo-renacer.com\/tr\/fe-y-responsabilidad-en-tiempos-dificiles-un-llamamiento-a-la-unidad\/\" \/>\n<meta property=\"og:site_name\" content=\"Uni\u00f3n Esp\u00edrita\" \/>\n<meta property=\"article:publisher\" content=\"https:\/\/www.facebook.com\/groups\/3431398063740829\" \/>\n<meta property=\"article:modified_time\" content=\"2025-01-08T08:13:14+00:00\" \/>\n<meta property=\"og:image\" content=\"https:\/\/nuevo-renacer.com\/wp-content\/uploads\/2025\/01\/guardian-angels-cof7o53byfdgey97.jpg\" \/>\n\t<meta property=\"og:image:width\" content=\"1600\" \/>\n\t<meta property=\"og:image:height\" content=\"1200\" \/>\n\t<meta property=\"og:image:type\" content=\"image\/jpeg\" \/>\n<meta name=\"twitter:card\" content=\"summary_large_image\" \/>\n<meta name=\"twitter:label1\" content=\"Tahmini okuma s\u00fcresi\" \/>\n\t<meta name=\"twitter:data1\" content=\"2 dakika\" \/>\n<script type=\"application\/ld+json\" class=\"yoast-schema-graph\">{\"@context\":\"https:\/\/schema.org\",\"@graph\":[{\"@type\":\"WebPage\",\"@id\":\"https:\/\/nuevo-renacer.com\/fe-y-responsabilidad-en-tiempos-dificiles-un-llamamiento-a-la-unidad\/\",\"url\":\"https:\/\/nuevo-renacer.com\/fe-y-responsabilidad-en-tiempos-dificiles-un-llamamiento-a-la-unidad\/\",\"name\":\"Fe y responsabilidad en tiempos dif\u00edciles: Un llamamiento a la unidad - Uni\u00f3n Esp\u00edrita\",\"isPartOf\":{\"@id\":\"https:\/\/nuevo-renacer.com\/#website\"},\"primaryImageOfPage\":{\"@id\":\"https:\/\/nuevo-renacer.com\/fe-y-responsabilidad-en-tiempos-dificiles-un-llamamiento-a-la-unidad\/#primaryimage\"},\"image\":{\"@id\":\"https:\/\/nuevo-renacer.com\/fe-y-responsabilidad-en-tiempos-dificiles-un-llamamiento-a-la-unidad\/#primaryimage\"},\"thumbnailUrl\":\"https:\/\/nuevo-renacer.com\/wp-content\/uploads\/2025\/01\/guardian-angels-cof7o53byfdgey97-1024x768.jpg\",\"datePublished\":\"2025-01-08T08:11:44+00:00\",\"dateModified\":\"2025-01-08T08:13:14+00:00\",\"breadcrumb\":{\"@id\":\"https:\/\/nuevo-renacer.com\/fe-y-responsabilidad-en-tiempos-dificiles-un-llamamiento-a-la-unidad\/#breadcrumb\"},\"inLanguage\":\"tr\",\"potentialAction\":[{\"@type\":\"ReadAction\",\"target\":[\"https:\/\/nuevo-renacer.com\/fe-y-responsabilidad-en-tiempos-dificiles-un-llamamiento-a-la-unidad\/\"]}]},{\"@type\":\"ImageObject\",\"inLanguage\":\"tr\",\"@id\":\"https:\/\/nuevo-renacer.com\/fe-y-responsabilidad-en-tiempos-dificiles-un-llamamiento-a-la-unidad\/#primaryimage\",\"url\":\"https:\/\/nuevo-renacer.com\/wp-content\/uploads\/2025\/01\/guardian-angels-cof7o53byfdgey97-1024x768.jpg\",\"contentUrl\":\"https:\/\/nuevo-renacer.com\/wp-content\/uploads\/2025\/01\/guardian-angels-cof7o53byfdgey97-1024x768.jpg\"},{\"@type\":\"BreadcrumbList\",\"@id\":\"https:\/\/nuevo-renacer.com\/fe-y-responsabilidad-en-tiempos-dificiles-un-llamamiento-a-la-unidad\/#breadcrumb\",\"itemListElement\":[{\"@type\":\"ListItem\",\"position\":1,\"name\":\"Startseite\",\"item\":\"https:\/\/nuevo-renacer.com\/\"},{\"@type\":\"ListItem\",\"position\":2,\"name\":\"Fe y responsabilidad en tiempos dif\u00edciles: Un llamamiento a la unidad\"}]},{\"@type\":\"WebSite\",\"@id\":\"https:\/\/nuevo-renacer.com\/#website\",\"url\":\"https:\/\/nuevo-renacer.com\/\",\"name\":\"Uni\u00f3n Esp\u00edrita\",\"description\":\"Nuevo Renacer\",\"publisher\":{\"@id\":\"https:\/\/nuevo-renacer.com\/#organization\"},\"potentialAction\":[{\"@type\":\"SearchAction\",\"target\":{\"@type\":\"EntryPoint\",\"urlTemplate\":\"https:\/\/nuevo-renacer.com\/?s={search_term_string}\"},\"query-input\":{\"@type\":\"PropertyValueSpecification\",\"valueRequired\":true,\"valueName\":\"search_term_string\"}}],\"inLanguage\":\"tr\"},{\"@type\":\"Organization\",\"@id\":\"https:\/\/nuevo-renacer.com\/#organization\",\"name\":\"UFEC\",\"url\":\"https:\/\/nuevo-renacer.com\/\",\"logo\":{\"@type\":\"ImageObject\",\"inLanguage\":\"tr\",\"@id\":\"https:\/\/nuevo-renacer.com\/#\/schema\/logo\/image\/\",\"url\":\"https:\/\/nuevo-renacer.com\/wp-content\/uploads\/2024\/05\/cropped-LOGO-TERMINADO1-3-3.png\",\"contentUrl\":\"https:\/\/nuevo-renacer.com\/wp-content\/uploads\/2024\/05\/cropped-LOGO-TERMINADO1-3-3.png\",\"width\":512,\"height\":512,\"caption\":\"UFEC\"},\"image\":{\"@id\":\"https:\/\/nuevo-renacer.com\/#\/schema\/logo\/image\/\"},\"sameAs\":[\"https:\/\/www.facebook.com\/groups\/3431398063740829\"]}]}<\/script>\n<!-- \/ Yoast SEO Premium plugin. -->","yoast_head_json":{"title":"Fe y responsabilidad en tiempos dif\u00edciles: Un llamamiento a la unidad - Uni\u00f3n Esp\u00edrita","robots":{"index":"index","follow":"follow","max-snippet":"max-snippet:-1","max-image-preview":"max-image-preview:large","max-video-preview":"max-video-preview:-1"},"canonical":"https:\/\/nuevo-renacer.com\/tr\/fe-y-responsabilidad-en-tiempos-dificiles-un-llamamiento-a-la-unidad\/","og_locale":"tr_TR","og_type":"article","og_title":"Fe y responsabilidad en tiempos dif\u00edciles: Un llamamiento a la unidad","og_description":"Fe y responsabilidad en tiempos dif\u00edciles: Un llamamiento a la unidad Queridos hermanos y hermanas, Tened buen \u00e1nimo en estos tiempos dif\u00edciles, en los que las tribulaciones terrestres os han hecho sufrir al m\u00e1ximo. Espiritistas, continuad teniendo fe en nuestro Padre y en vuestra misi\u00f3n divina con la que \u00c9L os comision\u00f3 hace eones de [&hellip;]","og_url":"https:\/\/nuevo-renacer.com\/tr\/fe-y-responsabilidad-en-tiempos-dificiles-un-llamamiento-a-la-unidad\/","og_site_name":"Uni\u00f3n Esp\u00edrita","article_publisher":"https:\/\/www.facebook.com\/groups\/3431398063740829","article_modified_time":"2025-01-08T08:13:14+00:00","og_image":[{"width":1600,"height":1200,"url":"https:\/\/nuevo-renacer.com\/wp-content\/uploads\/2025\/01\/guardian-angels-cof7o53byfdgey97.jpg","type":"image\/jpeg"}],"twitter_card":"summary_large_image","twitter_misc":{"Tahmini okuma s\u00fcresi":"2 dakika"},"schema":{"@context":"https:\/\/schema.org","@graph":[{"@type":"WebPage","@id":"https:\/\/nuevo-renacer.com\/fe-y-responsabilidad-en-tiempos-dificiles-un-llamamiento-a-la-unidad\/","url":"https:\/\/nuevo-renacer.com\/fe-y-responsabilidad-en-tiempos-dificiles-un-llamamiento-a-la-unidad\/","name":"Fe y responsabilidad en tiempos dif\u00edciles: Un llamamiento a la unidad - Uni\u00f3n Esp\u00edrita","isPartOf":{"@id":"https:\/\/nuevo-renacer.com\/#website"},"primaryImageOfPage":{"@id":"https:\/\/nuevo-renacer.com\/fe-y-responsabilidad-en-tiempos-dificiles-un-llamamiento-a-la-unidad\/#primaryimage"},"image":{"@id":"https:\/\/nuevo-renacer.com\/fe-y-responsabilidad-en-tiempos-dificiles-un-llamamiento-a-la-unidad\/#primaryimage"},"thumbnailUrl":"https:\/\/nuevo-renacer.com\/wp-content\/uploads\/2025\/01\/guardian-angels-cof7o53byfdgey97-1024x768.jpg","datePublished":"2025-01-08T08:11:44+00:00","dateModified":"2025-01-08T08:13:14+00:00","breadcrumb":{"@id":"https:\/\/nuevo-renacer.com\/fe-y-responsabilidad-en-tiempos-dificiles-un-llamamiento-a-la-unidad\/#breadcrumb"},"inLanguage":"tr","potentialAction":[{"@type":"ReadAction","target":["https:\/\/nuevo-renacer.com\/fe-y-responsabilidad-en-tiempos-dificiles-un-llamamiento-a-la-unidad\/"]}]},{"@type":"ImageObject","inLanguage":"tr","@id":"https:\/\/nuevo-renacer.com\/fe-y-responsabilidad-en-tiempos-dificiles-un-llamamiento-a-la-unidad\/#primaryimage","url":"https:\/\/nuevo-renacer.com\/wp-content\/uploads\/2025\/01\/guardian-angels-cof7o53byfdgey97-1024x768.jpg","contentUrl":"https:\/\/nuevo-renacer.com\/wp-content\/uploads\/2025\/01\/guardian-angels-cof7o53byfdgey97-1024x768.jpg"},{"@type":"BreadcrumbList","@id":"https:\/\/nuevo-renacer.com\/fe-y-responsabilidad-en-tiempos-dificiles-un-llamamiento-a-la-unidad\/#breadcrumb","itemListElement":[{"@type":"ListItem","position":1,"name":"Startseite","item":"https:\/\/nuevo-renacer.com\/"},{"@type":"ListItem","position":2,"name":"Fe y responsabilidad en tiempos dif\u00edciles: Un llamamiento a la unidad"}]},{"@type":"WebSite","@id":"https:\/\/nuevo-renacer.com\/#website","url":"https:\/\/nuevo-renacer.com\/","name":"Uni\u00f3n Esp\u00edrita","description":"Nuevo Renacer","publisher":{"@id":"https:\/\/nuevo-renacer.com\/#organization"},"potentialAction":[{"@type":"SearchAction","target":{"@type":"EntryPoint","urlTemplate":"https:\/\/nuevo-renacer.com\/?s={search_term_string}"},"query-input":{"@type":"PropertyValueSpecification","valueRequired":true,"valueName":"search_term_string"}}],"inLanguage":"tr"},{"@type":"Organization","@id":"https:\/\/nuevo-renacer.com\/#organization","name":"UFEC","url":"https:\/\/nuevo-renacer.com\/","logo":{"@type":"ImageObject","inLanguage":"tr","@id":"https:\/\/nuevo-renacer.com\/#\/schema\/logo\/image\/","url":"https:\/\/nuevo-renacer.com\/wp-content\/uploads\/2024\/05\/cropped-LOGO-TERMINADO1-3-3.png","contentUrl":"https:\/\/nuevo-renacer.com\/wp-content\/uploads\/2024\/05\/cropped-LOGO-TERMINADO1-3-3.png","width":512,"height":512,"caption":"UFEC"},"image":{"@id":"https:\/\/nuevo-renacer.com\/#\/schema\/logo\/image\/"},"sameAs":["https:\/\/www.facebook.com\/groups\/3431398063740829"]}]}},"uagb_featured_image_src":{"full":false,"thumbnail":false,"medium":false,"medium_large":false,"large":false,"1536x1536":false,"2048x2048":false,"trp-custom-language-flag":false},"uagb_author_info":{"display_name":"adbv0","author_link":"https:\/\/nuevo-renacer.com\/tr\/author\/adbv0\/"},"uagb_comment_info":0,"uagb_excerpt":"Fe y responsabilidad en tiempos dif\u00edciles: Un llamamiento a la unidad Queridos hermanos y hermanas, Tened buen \u00e1nimo en estos tiempos dif\u00edciles, en los que las tribulaciones terrestres os han hecho sufrir al m\u00e1ximo. Espiritistas, continuad teniendo fe en nuestro Padre y en vuestra misi\u00f3n divina con la que \u00c9L os comision\u00f3 hace eones de&hellip;","jetpack_sharing_enabled":true,"_links":{"self":[{"href":"https:\/\/nuevo-renacer.com\/tr\/wp-json\/wp\/v2\/pages\/6695","targetHints":{"allow":["GET"]}}],"collection":[{"href":"https:\/\/nuevo-renacer.com\/tr\/wp-json\/wp\/v2\/pages"}],"about":[{"href":"https:\/\/nuevo-renacer.com\/tr\/wp-json\/wp\/v2\/types\/page"}],"author":[{"embeddable":true,"href":"https:\/\/nuevo-renacer.com\/tr\/wp-json\/wp\/v2\/users\/1"}],"replies":[{"embeddable":true,"href":"https:\/\/nuevo-renacer.com\/tr\/wp-json\/wp\/v2\/comments?post=6695"}],"version-history":[{"count":2,"href":"https:\/\/nuevo-renacer.com\/tr\/wp-json\/wp\/v2\/pages\/6695\/revisions"}],"predecessor-version":[{"id":6699,"href":"https:\/\/nuevo-renacer.com\/tr\/wp-json\/wp\/v2\/pages\/6695\/revisions\/6699"}],"wp:attachment":[{"href":"https:\/\/nuevo-renacer.com\/tr\/wp-json\/wp\/v2\/media?parent=6695"}],"curies":[{"name":"wp","href":"https:\/\/api.w.org\/{rel}","templated":true}]}}