{"id":6619,"date":"2024-12-23T12:22:36","date_gmt":"2024-12-23T12:22:36","guid":{"rendered":"https:\/\/nuevo-renacer.com\/?page_id=6619"},"modified":"2024-12-23T12:22:36","modified_gmt":"2024-12-23T12:22:36","slug":"cornelio-pires","status":"publish","type":"page","link":"https:\/\/nuevo-renacer.com\/tr\/cornelio-pires\/","title":{"rendered":"Corn\u00e9lio Pires"},"content":{"rendered":"<div class=\"wp-block-uagb-container uagb-block-d28c2d9f alignfull uagb-is-root-container\"><div class=\"uagb-container-inner-blocks-wrap\">\n<p class=\"has-black-color has-text-color has-link-color has-medium-font-size wp-elements-86c6e391dc068ab5390719aa4fb4d8a4\"><strong>Corn\u00e9lio Pires<\/strong><\/p>\n<\/div><\/div>\n\n\n\n<div class=\"wp-block-uagb-container uagb-block-2fb2157b alignfull uagb-is-root-container\"><div class=\"uagb-container-inner-blocks-wrap\">\n<figure class=\"wp-block-image size-full is-resized\"><img decoding=\"async\" width=\"115\" height=\"136\" src=\"https:\/\/nuevo-renacer.com\/wp-content\/uploads\/2024\/12\/cornelio_pires.jpg\" alt=\"\" class=\"wp-image-6620\" style=\"width:227px;height:auto\" srcset=\"https:\/\/nuevo-renacer.com\/wp-content\/uploads\/2024\/12\/cornelio_pires.jpg 115w, https:\/\/nuevo-renacer.com\/wp-content\/uploads\/2024\/12\/cornelio_pires-10x12.jpg 10w\" sizes=\"(max-width: 115px) 100vw, 115px\" \/><\/figure>\n<\/div><\/div>\n\n\n\n<div class=\"wp-block-uagb-container uagb-block-3d9a423d alignfull uagb-is-root-container\"><div class=\"uagb-container-inner-blocks-wrap\">\n<p class=\"has-black-color has-text-color has-link-color has-small-font-size wp-elements-9d2fdf686c4f5a81e4609afb1f85b371\">Corn\u00e9lio Pires, 13 Temmuz 1884&#039;te S\u00e3o Paulo eyaletindeki Tiet\u00ea nehri \u015fehrinde do\u011fdu ve 17 \u015eubat 1958&#039;de S\u00e3o Paulo \u015fehrinde \u00f6ld\u00fc. Ki\u015fili\u011fi a\u00e7\u0131k olan adam, S\u00e3o Paulo eyaletinin i\u00e7 kesimlerindeki kasabalar\u0131 ve di\u011fer eyaletleri gezerek yapt\u0131\u011f\u0131 \u00e7al\u0131\u015fmalar sayesinde Brezilya&#039;da pop\u00fcler ve \u00f6ne \u00e7\u0131kan biri haline geldi ve komedyen olarak ilk \u00e7\u0131k\u0131\u015f\u0131n\u0131 yapt\u0131.k\u00fc\u00e7\u00fck kasaba hissi. Gen\u00e7li\u011finde bir Eczac\u0131l\u0131k Okuluna giri\u015f s\u0131nav\u0131 olmak istiyordu. Bu ama\u00e7la, bu yar\u0131\u015fmalardan birine aday olmak i\u00e7in Tiet\u00ea&#039;den S\u00e3o Paulo&#039;ya gitti, ancak performans\u0131na ra\u011fmen giri\u015fiminde ba\u015far\u0131s\u0131z oldu.<\/p>\n\n\n\n<p class=\"has-black-color has-text-color has-link-color has-small-font-size wp-elements-bcd3409592010259bca203485127a579\">Daha sonra kendini gazetecili\u011fe adamaya karar verdi ve olduk\u00e7a zor bir \u00f6\u011frenme geli\u015ftirdi\u011fi gazetenin veya Com\u00e9rcio de S\u00e3o Paulo&#039;nun yaz\u0131 i\u015fleri ofisinde \u00e7al\u0131\u015fmaya ba\u015flad\u0131. Daha sonra gazetelerde \u00e7al\u0131\u015fmaya devam etti veya S\u00e3o Paulo ve O estado de S\u00e3o Paulo, bas\u0131n organlar\u0131 geleneksel S\u00e3o Paulo, d\u00fczeltici olarak \u00e7al\u0131\u015ft\u0131 ve son olarak 1914&#039;te gazetede veya Pirralho&#039;da i\u015fbirli\u011fi yapmaya ba\u015flad\u0131. Bir\u00e7ok yazar Corn\u00e9lio Pires&#039;in ki\u015fili\u011fi hakk\u0131nda yorum yapt\u0131 ve a\u00e7\u0131klay\u0131c\u0131 ama\u00e7lar i\u00e7in, Pitoresca de Corn\u00e9lio Pires&#039;i Hayata Ge\u00e7irme adl\u0131 eserinde \u015f\u00f6yle yazan Joffre Martins Veiga&#039;ya al\u0131nt\u0131 yapal\u0131m: &#034;Halk\u0131n\u0131 Corn\u00e9lio Pires kadar seven herkes; hi\u00e7 kimse akranlar\u0131 taraf\u0131ndan bu kadar endi\u015felenmiyor her \u015feyden \u00f6nce iyi bir adam olan adam&#034;. \u00dcnl\u00fc \u015fair Martins Fontes, bunun hakk\u0131nda yazarken \u015f\u00f6yle dedi:&#034;saf bir bandeirante, bir sanat\u00e7\u0131, bir macerac\u0131, \u00fclkeyi y\u00fccelten ve zenginle\u015ftirici bir dil&#034;.<\/p>\n\n\n\n<p class=\"has-black-color has-text-color has-link-color has-small-font-size wp-elements-41f13722b6de1dd6ba91523f46cf305c\">Brezilya&#039;daki folklorun en b\u00fcy\u00fck pop\u00fclerle\u015ftiricilerinden biri olmas\u0131n\u0131 \u00f6neren b\u00fcy\u00fck gazeteci Amadeu Amaral taraf\u0131ndan da be\u011fenildi.<\/p>\n\n\n\n<p class=\"has-black-color has-text-color has-link-color has-small-font-size wp-elements-07eb16c71ff12cdbae74ad595de35241\">1910 Civar\u0131nda Corn\u00e9lio Pires, tipik Brezilya i\u00e7eri\u011finden dolay\u0131 ele\u015ftirmenler taraf\u0131ndan b\u00fcy\u00fck be\u011feni toplayan bir eser olan Musa Caipira kitab\u0131n\u0131 piyasaya s\u00fcrd\u00fc. S\u00edlvio Romero, ele\u015ftirmenlerinden biri haline geldi ve bu \u00e7al\u0131\u015fman\u0131n lansman\u0131 hakk\u0131nda yorum yapt\u0131: &#034;Yap\u0131mlar\u0131n\u0131n \u015fakas\u0131n\u0131, yerel rengini, zarafetini, kendili\u011findenli\u011fini, i\u00e7sel de\u011ferine ek olarak \u00e7ok takdir ettim ve \u00e7al\u0131\u015fma i\u00e7in m\u00fckemmel bir belgedir.Dilimizin brezilyal\u0131lar\u0131.&#034;<\/p>\n\n\n\n<p class=\"has-black-color has-text-color has-link-color has-small-font-size wp-elements-25b144861258e7ba0bfe2cc2468a39b9\">Bu y\u00fczy\u0131l\u0131n ba\u015f\u0131nda Corn\u00e9lio Pires, Presbiteryen Kilisesi&#039;ne kat\u0131lmaya ba\u015flad\u0131, ancak bu dinin \u00f6\u011fretilerini kendi d\u00fc\u015f\u00fcnce tarz\u0131yla uzla\u015ft\u0131ramad\u0131. Ebedi cezan\u0131n varl\u0131\u011f\u0131n\u0131 veya belirli dinlerin takip\u00e7ilerinin lehine olacak bir Tanr\u0131n\u0131n varl\u0131\u011f\u0131n\u0131 kabul etmedi. M\u00fcjde metinlerini yorumlamak i\u00e7in s\u00f6zlerin bi\u00e7imcili\u011fine a\u015f\u0131r\u0131 ba\u011fl\u0131l\u0131\u011f\u0131 onu neredeyse materyalizm yoluna g\u00f6t\u00fcrd\u00fc.<\/p>\n\n\n\n<p class=\"has-black-color has-text-color has-link-color has-small-font-size wp-elements-c2d49026096b04bacd017f5e9a275563\">O zamanlar Maneviyat\u0131n ne oldu\u011funu bilmiyordum. Bununla birlikte, sahaya yapt\u0131\u011f\u0131 geziler s\u0131ras\u0131nda, aralar\u0131nda Emilio de Menezes Ruhunun ileti\u015fimlerinin baz\u0131lar\u0131 olan ve onu \u00e7ok etkileyen \u00e7e\u015fitli fenomenler ya\u015fad\u0131. Sonu\u00e7 olarak, eserleri incelemeye ba\u015flad\u0131 maneviyat\u00e7\u0131lar, \u00f6zellikle Allan Kardec, Leon Denis, Albert de Rochas ve medyumun baz\u0131 kitaplar\u0131 psicografiados Francisco Candido Xavier.<\/p>\n\n\n\n<p class=\"has-black-color has-text-color has-link-color has-small-font-size wp-elements-4a32c57edfa717e92c33a8c23c58dee0\">O andan itibaren, fiziksel etkilerin fenomenlerine derinden \u00f6nem vererek Maneviyata g\u00fc\u00e7l\u00fc bir \u015fekilde dahil oldu. 1944&#039;ten 1947&#039;ye kadar Coisas do Outro World ve Neredesin veya morte kitaplar\u0131n\u0131 yazd\u0131. Neredesin \u00f6l\u00fcm?) ve Coletanea Spiritist&#039;i (Koleksiyon Spiritisti) yazarken \u00f6ld\u00fc.<\/p>\n\n\n\n<p class=\"has-black-color has-text-color has-link-color has-small-font-size wp-elements-ab53f80dc7ec6cbc2f3b7b4ec1ec2fb5\">Kapsaml\u0131 bibliyografyas\u0131 \u015funlar\u0131 i\u00e7erir: Musa Caipira, Ayetler Velhos, Ak\u015fam Yemekleri ve Paisagens de minha Terra, Monturo, Quem conta um conto, ao P\u00e9 do Fogo&#039;yu D\u00f6n\u00fc\u015ft\u00fcr\u00fcyor, Joaquim Bentinho&#039;nun Tuhaf Maceralar\u0131-Veya Queima Sahas\u0131, Trag\u00e9dia Cabocla, Patacoadas, Seleta Caipira, Almanak do Saci, Mix\u00f3rdias, Meu Sambura, Sambas ve Yemek Tarifleri, Tarrafalar, Korando e Rindo, K\u0131yafetlerin Nova, S\u00f3 Rindo, Ta Boc\u00f3 de\u011fil, Quem conta um Conto e outros Contos. ..., Enciclop\u00e9dia de anedotas ve Meraklar\u0131n yan\u0131 s\u0131ra yukar\u0131da bahsedilen spirit\u00fcalistlerin iki kitab\u0131.<\/p>\n\n\n\n<p class=\"has-black-color has-text-color has-link-color has-small-font-size wp-elements-8a53d6bdd1fd203ad1e53987f7221fa4\">Spirit\u00fcalizm hakk\u0131ndaki yaz\u0131lar\u0131ndan birinde \u015f\u00f6yle dedi: &#034;Spirit\u00fcalizm, er ya da ge\u00e7, Roma katoliklerini, protestanlar\u0131 ve di\u011fer inan\u00e7lar\u0131n takip\u00e7ilerini, k\u0131l\u0131ftan \u00e7\u0131kt\u0131\u011f\u0131nda Ruha d\u00f6n\u00fc\u015fen Ruhun \u00f6l\u00fcms\u00fczl\u00fc\u011f\u00fcn\u00fc kan\u0131tlayan ger\u00e7eklerle inanc\u0131n\u0131z\u0131 g\u00fc\u00e7lendirmek i\u00e7in yard\u0131mseverlik yapacak maddi &#034;ve daha sonra&#034; Maneviyat bize bir inan\u00e7 \u0131rk\u00e7\u0131l\u0131\u011f\u0131 sa\u011flar, dogman\u0131n boyunduru\u011fundan ba\u015flar ve bize Tanr\u0131&#039;y\u0131 oldu\u011fu gibi anlamam\u0131z\u0131 \u00f6\u011fretir.&#034;<\/p>\n\n\n\n<p class=\"has-black-color has-text-color has-link-color has-small-font-size wp-elements-a429368d291771da2adfeda753a5d368\">Corn\u00e9lio Pires, \u0130sa Mesih'in \u201cKom\u015funu kendin gibi sev\u201d ilkesini \u00f6z\u00fcmsedi\u011fini g\u00f6stererek, bedeni terk etmeden k\u0131sa bir s\u00fcre \u00f6nce Tiet\u00ea \u015fehrine d\u00f6nd\u00fc ve burada bir \u00e7iftlik sat\u0131n alarak yoksul \u00e7ocuklar i\u00e7in bir yuva olan \u201c\u0130sa \u00c7iftli\u011fi \u201dni kurdu. Ne yaz\u0131k ki sonunu hi\u00e7 g\u00f6remedi.<\/p>\n\n\n\n<p class=\"has-black-color has-text-color has-link-color has-small-font-size wp-elements-c83ba380274bd1a9e01ed2d6add65233\">Corn\u00e9lio Pires, \u015fehirden \u015fehre dola\u015fan ve gitti\u011fi Brezilya&#039;n\u0131n t\u00fcm n\u00fcfusu taraf\u0131ndan alk\u0131\u015flanan &#034;sokak Tiyatrosu Corn\u00e9lio Pires&#034; i d\u00fczenlemeye devam etti. Gazetecilik kariyerinden ayr\u0131ld\u0131ktan sonra bu \u00e7aba ger\u00e7ek oldu. Bu \u00e7al\u0131\u015fma, yery\u00fcz\u00fcnde b\u00fcy\u00fck bir liyakat eseri y\u00fcr\u00fcten bu yorulmak bilmeyen d\u00f6v\u00fc\u015f\u00e7\u00fcn\u00fcn k\u0131sa bir biyografisini temsil ediyor.<\/p>\n<\/div><\/div>\n\n\n\n<div class=\"wp-block-uagb-container uagb-block-8143c838 alignfull uagb-is-root-container\"><div class=\"uagb-container-inner-blocks-wrap\"><\/div><\/div>\n\n\n\n<div class=\"wp-block-uagb-container uagb-block-5431779a alignfull uagb-is-root-container\"><div class=\"uagb-container-inner-blocks-wrap\"><\/div><\/div>","protected":false},"excerpt":{"rendered":"<p>Corn\u00e9lio Pires Corn\u00e9lio Pires naci\u00f3 en la ciudad de Tiet\u00ea, en el estado de S\u00e3o Paulo, el 13 de julio de 1884, y muri\u00f3 en la ciudad de S\u00e3o Paulo el 17 de febrero de 1958. Hombre de personalidad inconfundible, se convirti\u00f3 en una figura popular y destacada en todo Brasil gracias al trabajo que [&hellip;]<\/p>","protected":false},"author":1,"featured_media":0,"parent":0,"menu_order":0,"comment_status":"closed","ping_status":"closed","template":"","meta":{"_uag_custom_page_level_css":"","site-sidebar-layout":"default","site-content-layout":"","ast-site-content-layout":"default","site-content-style":"default","site-sidebar-style":"default","ast-global-header-display":"","ast-banner-title-visibility":"","ast-main-header-display":"","ast-hfb-above-header-display":"","ast-hfb-below-header-display":"","ast-hfb-mobile-header-display":"","site-post-title":"disabled","ast-breadcrumbs-content":"","ast-featured-img":"","footer-sml-layout":"","theme-transparent-header-meta":"","adv-header-id-meta":"","stick-header-meta":"","header-above-stick-meta":"","header-main-stick-meta":"","header-below-stick-meta":"","astra-migrate-meta-layouts":"set","ast-page-background-enabled":"default","ast-page-background-meta":{"desktop":{"background-color":"var(--ast-global-color-4)","background-image":"","background-repeat":"repeat","background-position":"center center","background-size":"auto","background-attachment":"scroll","background-type":"","background-media":"","overlay-type":"","overlay-color":"","overlay-opacity":"","overlay-gradient":""},"tablet":{"background-color":"","background-image":"","background-repeat":"repeat","background-position":"center center","background-size":"auto","background-attachment":"scroll","background-type":"","background-media":"","overlay-type":"","overlay-color":"","overlay-opacity":"","overlay-gradient":""},"mobile":{"background-color":"","background-image":"","background-repeat":"repeat","background-position":"center center","background-size":"auto","background-attachment":"scroll","background-type":"","background-media":"","overlay-type":"","overlay-color":"","overlay-opacity":"","overlay-gradient":""}},"ast-content-background-meta":{"desktop":{"background-color":"var(--ast-global-color-5)","background-image":"","background-repeat":"repeat","background-position":"center center","background-size":"auto","background-attachment":"scroll","background-type":"","background-media":"","overlay-type":"","overlay-color":"","overlay-opacity":"","overlay-gradient":""},"tablet":{"background-color":"var(--ast-global-color-5)","background-image":"","background-repeat":"repeat","background-position":"center center","background-size":"auto","background-attachment":"scroll","background-type":"","background-media":"","overlay-type":"","overlay-color":"","overlay-opacity":"","overlay-gradient":""},"mobile":{"background-color":"var(--ast-global-color-5)","background-image":"","background-repeat":"repeat","background-position":"center center","background-size":"auto","background-attachment":"scroll","background-type":"","background-media":"","overlay-type":"","overlay-color":"","overlay-opacity":"","overlay-gradient":""}},"footnotes":""},"class_list":["post-6619","page","type-page","status-publish","hentry"],"yoast_head":"<!-- This site is optimized with the Yoast SEO Premium plugin v24.2 (Yoast SEO v24.6) - https:\/\/yoast.com\/wordpress\/plugins\/seo\/ -->\n<title>Corn\u00e9lio Pires - Uni\u00f3n Esp\u00edrita<\/title>\n<meta name=\"robots\" content=\"index, follow, max-snippet:-1, max-image-preview:large, max-video-preview:-1\" \/>\n<link rel=\"canonical\" href=\"https:\/\/nuevo-renacer.com\/tr\/cornelio-pires\/\" \/>\n<meta property=\"og:locale\" content=\"tr_TR\" \/>\n<meta property=\"og:type\" content=\"article\" \/>\n<meta property=\"og:title\" content=\"Corn\u00e9lio Pires\" \/>\n<meta property=\"og:description\" content=\"Corn\u00e9lio Pires Corn\u00e9lio Pires naci\u00f3 en la ciudad de Tiet\u00ea, en el estado de S\u00e3o Paulo, el 13 de julio de 1884, y muri\u00f3 en la ciudad de S\u00e3o Paulo el 17 de febrero de 1958. Hombre de personalidad inconfundible, se convirti\u00f3 en una figura popular y destacada en todo Brasil gracias al trabajo que [&hellip;]\" \/>\n<meta property=\"og:url\" content=\"https:\/\/nuevo-renacer.com\/tr\/cornelio-pires\/\" \/>\n<meta property=\"og:site_name\" content=\"Uni\u00f3n Esp\u00edrita\" \/>\n<meta property=\"article:publisher\" content=\"https:\/\/www.facebook.com\/groups\/3431398063740829\" \/>\n<meta property=\"og:image\" content=\"https:\/\/nuevo-renacer.com\/wp-content\/uploads\/2024\/12\/cornelio_pires.jpg\" \/>\n\t<meta property=\"og:image:width\" content=\"115\" \/>\n\t<meta property=\"og:image:height\" content=\"136\" \/>\n\t<meta property=\"og:image:type\" content=\"image\/jpeg\" \/>\n<meta name=\"twitter:card\" content=\"summary_large_image\" \/>\n<meta name=\"twitter:label1\" content=\"Tahmini okuma s\u00fcresi\" \/>\n\t<meta name=\"twitter:data1\" content=\"4 dakika\" \/>\n<script type=\"application\/ld+json\" class=\"yoast-schema-graph\">{\"@context\":\"https:\/\/schema.org\",\"@graph\":[{\"@type\":\"WebPage\",\"@id\":\"https:\/\/nuevo-renacer.com\/cornelio-pires\/\",\"url\":\"https:\/\/nuevo-renacer.com\/cornelio-pires\/\",\"name\":\"Corn\u00e9lio Pires - Uni\u00f3n Esp\u00edrita\",\"isPartOf\":{\"@id\":\"https:\/\/nuevo-renacer.com\/#website\"},\"primaryImageOfPage\":{\"@id\":\"https:\/\/nuevo-renacer.com\/cornelio-pires\/#primaryimage\"},\"image\":{\"@id\":\"https:\/\/nuevo-renacer.com\/cornelio-pires\/#primaryimage\"},\"thumbnailUrl\":\"https:\/\/nuevo-renacer.com\/wp-content\/uploads\/2024\/12\/cornelio_pires.jpg\",\"datePublished\":\"2024-12-23T12:22:36+00:00\",\"breadcrumb\":{\"@id\":\"https:\/\/nuevo-renacer.com\/cornelio-pires\/#breadcrumb\"},\"inLanguage\":\"tr\",\"potentialAction\":[{\"@type\":\"ReadAction\",\"target\":[\"https:\/\/nuevo-renacer.com\/cornelio-pires\/\"]}]},{\"@type\":\"ImageObject\",\"inLanguage\":\"tr\",\"@id\":\"https:\/\/nuevo-renacer.com\/cornelio-pires\/#primaryimage\",\"url\":\"https:\/\/nuevo-renacer.com\/wp-content\/uploads\/2024\/12\/cornelio_pires.jpg\",\"contentUrl\":\"https:\/\/nuevo-renacer.com\/wp-content\/uploads\/2024\/12\/cornelio_pires.jpg\"},{\"@type\":\"BreadcrumbList\",\"@id\":\"https:\/\/nuevo-renacer.com\/cornelio-pires\/#breadcrumb\",\"itemListElement\":[{\"@type\":\"ListItem\",\"position\":1,\"name\":\"Startseite\",\"item\":\"https:\/\/nuevo-renacer.com\/\"},{\"@type\":\"ListItem\",\"position\":2,\"name\":\"Corn\u00e9lio Pires\"}]},{\"@type\":\"WebSite\",\"@id\":\"https:\/\/nuevo-renacer.com\/#website\",\"url\":\"https:\/\/nuevo-renacer.com\/\",\"name\":\"Uni\u00f3n Esp\u00edrita\",\"description\":\"Nuevo Renacer\",\"publisher\":{\"@id\":\"https:\/\/nuevo-renacer.com\/#organization\"},\"potentialAction\":[{\"@type\":\"SearchAction\",\"target\":{\"@type\":\"EntryPoint\",\"urlTemplate\":\"https:\/\/nuevo-renacer.com\/?s={search_term_string}\"},\"query-input\":{\"@type\":\"PropertyValueSpecification\",\"valueRequired\":true,\"valueName\":\"search_term_string\"}}],\"inLanguage\":\"tr\"},{\"@type\":\"Organization\",\"@id\":\"https:\/\/nuevo-renacer.com\/#organization\",\"name\":\"UFEC\",\"url\":\"https:\/\/nuevo-renacer.com\/\",\"logo\":{\"@type\":\"ImageObject\",\"inLanguage\":\"tr\",\"@id\":\"https:\/\/nuevo-renacer.com\/#\/schema\/logo\/image\/\",\"url\":\"https:\/\/nuevo-renacer.com\/wp-content\/uploads\/2024\/05\/cropped-LOGO-TERMINADO1-3-3.png\",\"contentUrl\":\"https:\/\/nuevo-renacer.com\/wp-content\/uploads\/2024\/05\/cropped-LOGO-TERMINADO1-3-3.png\",\"width\":512,\"height\":512,\"caption\":\"UFEC\"},\"image\":{\"@id\":\"https:\/\/nuevo-renacer.com\/#\/schema\/logo\/image\/\"},\"sameAs\":[\"https:\/\/www.facebook.com\/groups\/3431398063740829\"]}]}<\/script>\n<!-- \/ Yoast SEO Premium plugin. -->","yoast_head_json":{"title":"Corn\u00e9lio Pires - Uni\u00f3n Esp\u00edrita","robots":{"index":"index","follow":"follow","max-snippet":"max-snippet:-1","max-image-preview":"max-image-preview:large","max-video-preview":"max-video-preview:-1"},"canonical":"https:\/\/nuevo-renacer.com\/tr\/cornelio-pires\/","og_locale":"tr_TR","og_type":"article","og_title":"Corn\u00e9lio Pires","og_description":"Corn\u00e9lio Pires Corn\u00e9lio Pires naci\u00f3 en la ciudad de Tiet\u00ea, en el estado de S\u00e3o Paulo, el 13 de julio de 1884, y muri\u00f3 en la ciudad de S\u00e3o Paulo el 17 de febrero de 1958. Hombre de personalidad inconfundible, se convirti\u00f3 en una figura popular y destacada en todo Brasil gracias al trabajo que [&hellip;]","og_url":"https:\/\/nuevo-renacer.com\/tr\/cornelio-pires\/","og_site_name":"Uni\u00f3n Esp\u00edrita","article_publisher":"https:\/\/www.facebook.com\/groups\/3431398063740829","og_image":[{"width":115,"height":136,"url":"https:\/\/nuevo-renacer.com\/wp-content\/uploads\/2024\/12\/cornelio_pires.jpg","type":"image\/jpeg"}],"twitter_card":"summary_large_image","twitter_misc":{"Tahmini okuma s\u00fcresi":"4 dakika"},"schema":{"@context":"https:\/\/schema.org","@graph":[{"@type":"WebPage","@id":"https:\/\/nuevo-renacer.com\/cornelio-pires\/","url":"https:\/\/nuevo-renacer.com\/cornelio-pires\/","name":"Corn\u00e9lio Pires - Uni\u00f3n Esp\u00edrita","isPartOf":{"@id":"https:\/\/nuevo-renacer.com\/#website"},"primaryImageOfPage":{"@id":"https:\/\/nuevo-renacer.com\/cornelio-pires\/#primaryimage"},"image":{"@id":"https:\/\/nuevo-renacer.com\/cornelio-pires\/#primaryimage"},"thumbnailUrl":"https:\/\/nuevo-renacer.com\/wp-content\/uploads\/2024\/12\/cornelio_pires.jpg","datePublished":"2024-12-23T12:22:36+00:00","breadcrumb":{"@id":"https:\/\/nuevo-renacer.com\/cornelio-pires\/#breadcrumb"},"inLanguage":"tr","potentialAction":[{"@type":"ReadAction","target":["https:\/\/nuevo-renacer.com\/cornelio-pires\/"]}]},{"@type":"ImageObject","inLanguage":"tr","@id":"https:\/\/nuevo-renacer.com\/cornelio-pires\/#primaryimage","url":"https:\/\/nuevo-renacer.com\/wp-content\/uploads\/2024\/12\/cornelio_pires.jpg","contentUrl":"https:\/\/nuevo-renacer.com\/wp-content\/uploads\/2024\/12\/cornelio_pires.jpg"},{"@type":"BreadcrumbList","@id":"https:\/\/nuevo-renacer.com\/cornelio-pires\/#breadcrumb","itemListElement":[{"@type":"ListItem","position":1,"name":"Startseite","item":"https:\/\/nuevo-renacer.com\/"},{"@type":"ListItem","position":2,"name":"Corn\u00e9lio Pires"}]},{"@type":"WebSite","@id":"https:\/\/nuevo-renacer.com\/#website","url":"https:\/\/nuevo-renacer.com\/","name":"Uni\u00f3n Esp\u00edrita","description":"Nuevo Renacer","publisher":{"@id":"https:\/\/nuevo-renacer.com\/#organization"},"potentialAction":[{"@type":"SearchAction","target":{"@type":"EntryPoint","urlTemplate":"https:\/\/nuevo-renacer.com\/?s={search_term_string}"},"query-input":{"@type":"PropertyValueSpecification","valueRequired":true,"valueName":"search_term_string"}}],"inLanguage":"tr"},{"@type":"Organization","@id":"https:\/\/nuevo-renacer.com\/#organization","name":"UFEC","url":"https:\/\/nuevo-renacer.com\/","logo":{"@type":"ImageObject","inLanguage":"tr","@id":"https:\/\/nuevo-renacer.com\/#\/schema\/logo\/image\/","url":"https:\/\/nuevo-renacer.com\/wp-content\/uploads\/2024\/05\/cropped-LOGO-TERMINADO1-3-3.png","contentUrl":"https:\/\/nuevo-renacer.com\/wp-content\/uploads\/2024\/05\/cropped-LOGO-TERMINADO1-3-3.png","width":512,"height":512,"caption":"UFEC"},"image":{"@id":"https:\/\/nuevo-renacer.com\/#\/schema\/logo\/image\/"},"sameAs":["https:\/\/www.facebook.com\/groups\/3431398063740829"]}]}},"uagb_featured_image_src":{"full":false,"thumbnail":false,"medium":false,"medium_large":false,"large":false,"1536x1536":false,"2048x2048":false,"trp-custom-language-flag":false},"uagb_author_info":{"display_name":"adbv0","author_link":"https:\/\/nuevo-renacer.com\/tr\/author\/adbv0\/"},"uagb_comment_info":0,"uagb_excerpt":"Corn\u00e9lio Pires Corn\u00e9lio Pires naci\u00f3 en la ciudad de Tiet\u00ea, en el estado de S\u00e3o Paulo, el 13 de julio de 1884, y muri\u00f3 en la ciudad de S\u00e3o Paulo el 17 de febrero de 1958. Hombre de personalidad inconfundible, se convirti\u00f3 en una figura popular y destacada en todo Brasil gracias al trabajo que&hellip;","jetpack_sharing_enabled":true,"_links":{"self":[{"href":"https:\/\/nuevo-renacer.com\/tr\/wp-json\/wp\/v2\/pages\/6619","targetHints":{"allow":["GET"]}}],"collection":[{"href":"https:\/\/nuevo-renacer.com\/tr\/wp-json\/wp\/v2\/pages"}],"about":[{"href":"https:\/\/nuevo-renacer.com\/tr\/wp-json\/wp\/v2\/types\/page"}],"author":[{"embeddable":true,"href":"https:\/\/nuevo-renacer.com\/tr\/wp-json\/wp\/v2\/users\/1"}],"replies":[{"embeddable":true,"href":"https:\/\/nuevo-renacer.com\/tr\/wp-json\/wp\/v2\/comments?post=6619"}],"version-history":[{"count":1,"href":"https:\/\/nuevo-renacer.com\/tr\/wp-json\/wp\/v2\/pages\/6619\/revisions"}],"predecessor-version":[{"id":6621,"href":"https:\/\/nuevo-renacer.com\/tr\/wp-json\/wp\/v2\/pages\/6619\/revisions\/6621"}],"wp:attachment":[{"href":"https:\/\/nuevo-renacer.com\/tr\/wp-json\/wp\/v2\/media?parent=6619"}],"curies":[{"name":"wp","href":"https:\/\/api.w.org\/{rel}","templated":true}]}}