{"id":6482,"date":"2024-12-09T12:48:27","date_gmt":"2024-12-09T12:48:27","guid":{"rendered":"https:\/\/nuevo-renacer.com\/?page_id=6482"},"modified":"2024-12-17T11:01:11","modified_gmt":"2024-12-17T11:01:11","slug":"bertha-dudde","status":"publish","type":"page","link":"https:\/\/nuevo-renacer.com\/tr\/bertha-dudde\/","title":{"rendered":"Bertha Dudde&#039;nin"},"content":{"rendered":"<div class=\"wp-block-uagb-container uagb-block-4f506914 alignfull uagb-is-root-container\"><div class=\"uagb-container-inner-blocks-wrap\">\n<p class=\"has-black-color has-text-color has-link-color has-medium-font-size wp-elements-bf6c936feb09291c27ab44623bb2bafd\"><strong>Bertha Dudde&#039;nin<\/strong><\/p>\n<\/div><\/div>\n\n\n\n<div class=\"wp-block-uagb-container uagb-block-95d94cf4 alignfull uagb-is-root-container\"><div class=\"uagb-container-inner-blocks-wrap\">\n<figure class=\"wp-block-image size-full is-resized\"><img fetchpriority=\"high\" decoding=\"async\" width=\"474\" height=\"330\" src=\"https:\/\/nuevo-renacer.com\/wp-content\/uploads\/2024\/12\/Bertha-Dudde.jpg\" alt=\"\" class=\"wp-image-6483\" style=\"width:290px;height:auto\" srcset=\"https:\/\/nuevo-renacer.com\/wp-content\/uploads\/2024\/12\/Bertha-Dudde.jpg 474w, https:\/\/nuevo-renacer.com\/wp-content\/uploads\/2024\/12\/Bertha-Dudde-300x209.jpg 300w, https:\/\/nuevo-renacer.com\/wp-content\/uploads\/2024\/12\/Bertha-Dudde-18x12.jpg 18w\" sizes=\"(max-width: 474px) 100vw, 474px\" \/><\/figure>\n<\/div><\/div>\n\n\n\n<div class=\"wp-block-uagb-container uagb-block-17b8c962 alignfull uagb-is-root-container\"><div class=\"uagb-container-inner-blocks-wrap\">\n<p class=\"has-black-color has-text-color has-link-color has-small-font-size wp-elements-8ec24c830e06de995e2a8639658ed7fc\">Bertha Dudde, 1 Nisan 1891&#039;de bir ressam\u0131n en b\u00fcy\u00fck ikinci k\u0131z\u0131 olarak Silezya&#039;n\u0131n Liegnitz \u015fehrinde do\u011fdu. Yoksulluk i\u00e7inde bir ressam\u0131n en b\u00fcy\u00fck ikinci k\u0131z\u0131 olarak alt\u0131 erkek karde\u015fiyle b\u00fcy\u00fcd\u00fc. O zamanlar ola\u011fan olan sadece ilk\u00f6\u011fretimi ald\u0131 ve aileye maddi yard\u0131mda bulunmak i\u00e7in hobinizi \u00e7ok k\u00fc\u00e7\u00fck ya\u015flardan itibaren terziye uygulad\u0131. Ge\u00e7imini sa\u011flamak i\u00e7in daha b\u00fcy\u00fck bir ya\u015fa kadar kendini buna adad\u0131.<\/p>\n\n\n\n<p class=\"has-black-color has-text-color has-link-color has-small-font-size wp-elements-910d5af03e48c2c9e163f3de9eab3fce\">Dudde, an\u0131lmaya de\u011fer neredeyse hi\u00e7 g\u00fcnah \u00e7\u0131karma bilgisine sahip de\u011fildi ve ikna olmu\u015f bir H\u0131ristiyan olarak ya\u015famama ra\u011fmen, baz\u0131 \u00f6\u011fretilerine itiraz etti\u011fi i\u00e7in kilisenin etkisinden uzak tutuldu.<\/p>\n\n\n\n<p class=\"has-black-color has-text-color has-link-color has-small-font-size wp-elements-78ac49ca5d433cd79044ad9e9f3499b0\"><strong>\u0130\u00e7indeki \u201cKelime &#034; arac\u0131l\u0131\u011f\u0131yla bildiriler<\/strong><\/p>\n\n\n\n<p class=\"has-black-color has-text-color has-link-color has-small-font-size wp-elements-367b00eb33c58885db9beb4116837f10\">Bertha Dudde, bu vahiyleri ilk kez \u2018i\u00e7indeki S\u00f6z\u2019 (s\u00f6zl\u00fc ilham) arac\u0131l\u0131\u011f\u0131yla nas\u0131l ald\u0131\u011f\u0131n\u0131 anlat\u0131yor.:<\/p>\n\n\n\n<p class=\"has-black-color has-text-color has-link-color has-small-font-size wp-elements-25ffc78e2c7ebd8ebc004b84940c4a54\">\u00a0&#034;Babam\u0131za dua ederken, Rab&#039;bin krall\u0131\u011f\u0131n\u0131 bulmama izin vermesi i\u00e7in s\u0131k s\u0131k dua ederdi. Ve bu dua duyuldu. Bu 15 Haziran 1937&#039;deydi. Dua ettim ve i\u00e7ime dikkat ettim \u2013 tamamen sessiz kald\u0131m-\u00e7o\u011fu zaman bu durumda kald\u0131m \u00e7\u00fcnk\u00fc her zaman harika bir huzurla doluyum ve hissetti\u011fim d\u00fc\u015f\u00fcnceler \u2013 kafamda de\u011fil kalbimde \u2013 bana rahatl\u0131k ve g\u00fc\u00e7 verdiler.&#034;<\/p>\n\n\n\n<p class=\"has-black-color has-text-color has-link-color has-small-font-size wp-elements-465ffb80ed36829a130520450fa02b66\">Yine de bu d\u00fc\u015f\u00fcncelerin bana &#034;verildi\u011fini&#034; fark etmemi\u015ftim. Yani, garip olana kadardaha sonra ger\u00e7ek bir r\u00fcya oldu\u011fu ortaya \u00e7\u0131kan irik deneyim, bu &#034;d\u00fc\u015f\u00fcnceleri&#034;yazmam\u0131 istedi. Ve b\u00f6ylece, o unutulmaz g\u00fcnde, i\u00e7sel benli\u011fimi dinledim ve not etti\u011fim \u00e7ok a\u00e7\u0131k ve net bir kelime dizisi geldi. Bana verilen ilk b\u00f6l\u00fcmd\u00fc ve \u015fu s\u00f6zlerle ba\u015flad\u0131: &#034;Ba\u015flang\u0131\u00e7ta S\u00f6z vard\u0131! Cennetin ve yerin Yarat\u0131c\u0131s\u0131na \u015f\u00fckran g\u00fcn\u00fc hediyesi!&#034;.<\/p>\n\n\n\n<p class=\"has-black-color has-text-color has-link-color has-small-font-size wp-elements-eaccd5cd99d461ab510b647bf5f19572\">Ve sonra sorular geldi: bunu kendin mi yaz\u0131yorsun? \u2013 Sonunda sava\u015ft\u0131, dua etti ve i\u00e7indeki bir\u00e7ok sava\u015ftan \u00e7\u0131kt\u0131, ama tekrar tekrar kelimeler bir dere gibi geldi, beni \u00fcrperten bir bilgelik ak\u0131\u015f\u0131. - Tanr\u0131&#039;n\u0131n kendisi sorular\u0131m\u0131 durdurdu, cevaplad\u0131m ve S\u00f6z\u00fcnde BABAMIZ olarak tan\u0131d\u0131m. \u0130nanc\u0131m artt\u0131, \u015f\u00fcphelerim azald\u0131 ve her g\u00fcn yazd\u0131m ve yazd\u0131m.<\/p>\n\n\n\n<p class=\"has-black-color has-text-color has-link-color has-small-font-size wp-elements-f3d695e0a9200dc5a434c8300b7269dc\">Yaz\u0131lar\u0131n i\u00e7eri\u011fi bilgimin \u00e7ok \u00f6tesine ge\u00e7ti. Yabanc\u0131 dillerdeki terimleri ve referanslar\u0131 hi\u00e7 duymad\u0131\u011f\u0131 veya okumad\u0131\u011f\u0131 ve bilimsel oldu\u011fu ifadeler ac\u0131mas\u0131zca bana do\u011fru akt\u0131. Ve sonra cennetteki Baba&#039;y\u0131 daha \u00f6nce hi\u00e7 duymad\u0131\u011f\u0131m, nihayetinde ya\u015fam\u0131n t\u00fcm konular\u0131nda bar\u0131nak ve i\u00e7g\u00f6r\u00fc sa\u011flayan sevgi ifadeleri.&#034;<\/p>\n\n\n\n<p class=\"has-black-color has-text-color has-link-color has-small-font-size wp-elements-b25b436572fb620999ce6be9dce9cb81\">Dudde, bu bildirileri s\u00f6zde \u2018i\u00e7erideki s\u00f6z &#039; arac\u0131l\u0131\u011f\u0131yla nas\u0131l ald\u0131\u011f\u0131n\u0131 bildiriyor\u2019:<\/p>\n\n\n\n<p class=\"has-black-color has-text-color has-link-color has-small-font-size wp-elements-772a852a1586b8a415ce8e15162c6c74\"><em>&#034;&#039;S\u00f6z&#039;\u00fcn aktar\u0131m\u0131 \u015fu \u015fekilde ger\u00e7ekle\u015fir: Ate\u015fli bir duadan ve k\u0131sa bir yans\u0131madan sonra i\u00e7imde duyuyorum. D\u00fc\u015f\u00fcnceler \u015fimdi orada a\u00e7\u0131k\u00e7a vurgulan\u0131yor, kelimeler tek tek ve net ak\u0131yor-parti s\u0131ras\u0131nda radyonun duyurulmas\u0131na benzer \u015fekilde her zaman arka arkaya \u00fc\u00e7 veya d\u00f6rt deniz havas\u0131 not almak i\u00e7in. Azar azar, b\u00f6ylece rahat\u00e7a not alabilir, c\u00fcmleden sonra c\u00fcmle biriktirebilirsiniz. taquigr\u00e1ficamente kelimelerini, sanki bir dikte etmeye devam ediyormu\u015f gibi, d\u00fc\u015f\u00fcnme s\u00fcrecine dahil olmadan veya yap\u0131c\u0131 bir \u015fekilde yaz\u0131yorum. S\u00f6zde trans halinde bile \u00e7ok daha az de\u011filim; ne de olu\u015fturulmu\u015f c\u00fcmleler, ama tabiri caizse a&#039;dan a&#039;ya bo\u011fdu\u011fum kelimeler, bu olmadan yazarken ba\u011flam\u0131 yakalar\u0131m.<\/em><\/p>\n\n\n\n<p class=\"has-black-color has-text-color has-link-color has-small-font-size wp-elements-7fbd8443e173cba7bdb47a84c798590b\"><em>G\u00fcnlerin sonunda, bazen sadece haftalar sonra, raporu daha \u00f6nce okumadan, kelime kelime, tek bir heceyi de\u011fi\u015ftirmeden veya &#034;geli\u015ftirmeden&#034; stenografik olarak okuyaca\u011f\u0131m, ancak her durumda s\u00f6ylenenlerin anlam\u0131n\u0131 \u00e7izece\u011fim veya stilize edece\u011fim.<\/em><\/p>\n\n\n\n<p class=\"has-black-color has-text-color has-link-color has-small-font-size wp-elements-151a3458b28cf6f7b7430e4159154113\"><em>Bu t\u00fcr bir dikte s\u00fcresi yakla\u015f\u0131k yar\u0131m saattir. S\u00fcrecin herhangi bir zorlama veya co\u015fku durumuna tolerans g\u00f6stermedi\u011fini vurgulamak isterim. Her \u015fey, ki\u015finin kendi iradesinin uyar\u0131lmas\u0131 veya etkisi olmadan, ay\u0131kl\u0131k ve sadelikle ger\u00e7ekle\u015ftirilir. C\u00fcmlenin ortas\u0131nda kesilen bildirinin ifadesine herhangi bir zamanda ve saatler veya g\u00fcnler sonra ara verebilirim. Yukar\u0131dakileri okumadan, kalemimde ak\u0131c\u0131l\u0131kla dikte etmeye devam edebilirim.<\/em><\/p>\n\n\n\n<p class=\"has-black-color has-text-color has-link-color has-small-font-size wp-elements-44b34b27eece56f9a6b22b0a9da0ee7b\"><em>Benim iste\u011fim, bu nedenle, herhangi bir y\u00fck\u00fcml\u00fcl\u00fckten muaft\u0131r-istedi\u011fim, Tanr\u0131&#039;n\u0131n iste\u011fine hizmet etmektir, yani, O&#039;nun kutsal iradesinde olan\u0131 yapmama izin verildi\u011fidir. Bana her y\u00f6n\u00fcyle yabanc\u0131 olan ve olmas\u0131 gereken kavramlar olan alfabenin \u00e7\u0131ra\u011f\u0131 olarak ilahi hakikatle tan\u0131\u015ft\u0131\u011f\u0131m\u0131 s\u00f6yleyebilirim&#034;.<\/em><\/p>\n\n\n\n<p class=\"has-black-color has-text-color has-link-color has-small-font-size wp-elements-9d96c4c6916198cc89d9037eac0373a4\"><em>Genel e\u011fitim eksikli\u011fi ile her zaman bo\u015f bir sayfa gibi hissettim. Para ve zaman eksikli\u011fi, iyi kitaplar okumam\u0131 ve konferanslara kat\u0131lmam\u0131 engelledi. Bildi\u011fim tek \u015fey sabahtan ak\u015fama kadar olan gergin \u00e7al\u0131\u015fmayd\u0131. Bununla birlikte, her g\u00fcn kimin i\u00e7in ald\u0131\u011f\u0131n\u0131 bilmeden manevi mallar\u0131n lezzetli arma\u011fanlar\u0131n\u0131 ald\u0131.<\/em><\/p>\n\n\n\n<p class=\"has-black-color has-text-color has-link-color has-small-font-size wp-elements-13c35d3bbb32d7dcd85283d692e44944\"><em>Yukar\u0131daki s\u00f6zlere itiraz etmeden inanmam, muhtemelen Kutsal Kitab\u0131, kutsal yaz\u0131lar\u0131 ve Katolik doktrinini tamamen bilmememden kaynaklan\u0131yordu.<\/em><\/p>\n\n\n\n<p class=\"has-black-color has-text-color has-link-color has-small-font-size wp-elements-3716a0bba5ccd8ebb6476027c97b53cd\"><em>Mevcut tecr\u00fcbelerime g\u00f6re, becerileri dogmatik doktriner temellere dayanan bir&#034; katolik veya protestan, cidden&#034;, bu ilahi vahiy s\u00f6zlerine \u00e7eli\u015fmeden veya \u00e7ekincesiz yakla\u015f\u0131p onlar\u0131n olgunla\u015fmas\u0131na izin veremeyecek kadar onlara odaklanm\u0131\u015f durumda.i\u00e7eride.&#034;<\/em><\/p>\n\n\n\n<p class=\"has-black-color has-text-color has-link-color has-small-font-size wp-elements-697c30d94d4a8eb317b222c5c303849b\"><strong>T\u00fcm \u00e7al\u0131\u015fman\u0131n kapsam\u0131<\/strong><\/p>\n\n\n\n<p class=\"has-black-color has-text-color has-link-color has-small-font-size wp-elements-ad1f63076cd3357f8a10adafc76498f0\">S\u00f6zl\u00fc ilham vahiyleri&#039;nin 1937 ile 1965 y\u0131llar\u0131 aras\u0131nda yazd\u0131\u011f\u0131 eserlerinin tamam\u0131, her biri farkl\u0131 i\u00e7eri\u011fe ve kendi kendine yeten, arka arkaya numaraland\u0131r\u0131lm\u0131\u015f ve tarihlendirilmi\u015f 9030 vahiyden olu\u015fmaktad\u0131r. Daha sonra, birka\u00e7 edit\u00f6r tematik bir odakta \u00f6zetlendi ve birka\u00e7 dile \u00e7evrildi.<\/p>\n\n\n\n<p class=\"has-black-color has-text-color has-link-color has-small-font-size wp-elements-48404bc4c5bf7559b0f4e1d2fb0a3aad\">Bertha Dudde 18 Eyl\u00fcl 1965&#039;te Leverkusen&#039;de vefat etti.<\/p>\n<\/div><\/div>\n\n\n\n<div class=\"wp-block-uagb-container uagb-block-cfffa3ff alignfull uagb-is-root-container\"><div class=\"uagb-container-inner-blocks-wrap\"><\/div><\/div>\n\n\n\n<div class=\"wp-block-uagb-container uagb-block-bce7d8e9 alignfull uagb-is-root-container\"><div class=\"uagb-container-inner-blocks-wrap\"><\/div><\/div>","protected":false},"excerpt":{"rendered":"<p>Bertha Dudde Bertha Dudde naci\u00f3 el 1 de abril de 1891 como segunda hija mayor de un pintor en Liegnitz, Silesia. Creci\u00f3 con seis hermanos como segunda hija mayor de un pintor en una situaci\u00f3n de pobreza. S\u00f3lo recibi\u00f3 la educaci\u00f3n elemental habitual de la \u00e9poca y practic\u00f3 su afici\u00f3n a la sastrer\u00eda desde muy [&hellip;]<\/p>","protected":false},"author":1,"featured_media":0,"parent":0,"menu_order":0,"comment_status":"closed","ping_status":"closed","template":"","meta":{"_uag_custom_page_level_css":"","site-sidebar-layout":"default","site-content-layout":"","ast-site-content-layout":"default","site-content-style":"default","site-sidebar-style":"default","ast-global-header-display":"","ast-banner-title-visibility":"","ast-main-header-display":"","ast-hfb-above-header-display":"","ast-hfb-below-header-display":"","ast-hfb-mobile-header-display":"","site-post-title":"disabled","ast-breadcrumbs-content":"","ast-featured-img":"","footer-sml-layout":"","theme-transparent-header-meta":"","adv-header-id-meta":"","stick-header-meta":"","header-above-stick-meta":"","header-main-stick-meta":"","header-below-stick-meta":"","astra-migrate-meta-layouts":"set","ast-page-background-enabled":"default","ast-page-background-meta":{"desktop":{"background-color":"var(--ast-global-color-4)","background-image":"","background-repeat":"repeat","background-position":"center center","background-size":"auto","background-attachment":"scroll","background-type":"","background-media":"","overlay-type":"","overlay-color":"","overlay-opacity":"","overlay-gradient":""},"tablet":{"background-color":"","background-image":"","background-repeat":"repeat","background-position":"center center","background-size":"auto","background-attachment":"scroll","background-type":"","background-media":"","overlay-type":"","overlay-color":"","overlay-opacity":"","overlay-gradient":""},"mobile":{"background-color":"","background-image":"","background-repeat":"repeat","background-position":"center center","background-size":"auto","background-attachment":"scroll","background-type":"","background-media":"","overlay-type":"","overlay-color":"","overlay-opacity":"","overlay-gradient":""}},"ast-content-background-meta":{"desktop":{"background-color":"var(--ast-global-color-5)","background-image":"","background-repeat":"repeat","background-position":"center center","background-size":"auto","background-attachment":"scroll","background-type":"","background-media":"","overlay-type":"","overlay-color":"","overlay-opacity":"","overlay-gradient":""},"tablet":{"background-color":"var(--ast-global-color-5)","background-image":"","background-repeat":"repeat","background-position":"center center","background-size":"auto","background-attachment":"scroll","background-type":"","background-media":"","overlay-type":"","overlay-color":"","overlay-opacity":"","overlay-gradient":""},"mobile":{"background-color":"var(--ast-global-color-5)","background-image":"","background-repeat":"repeat","background-position":"center center","background-size":"auto","background-attachment":"scroll","background-type":"","background-media":"","overlay-type":"","overlay-color":"","overlay-opacity":"","overlay-gradient":""}},"footnotes":""},"class_list":["post-6482","page","type-page","status-publish","hentry"],"yoast_head":"<!-- This site is optimized with the Yoast SEO Premium plugin v24.2 (Yoast SEO v24.6) - https:\/\/yoast.com\/wordpress\/plugins\/seo\/ -->\n<title>Bertha Dudde - Uni\u00f3n Esp\u00edrita<\/title>\n<meta name=\"robots\" content=\"index, follow, max-snippet:-1, max-image-preview:large, max-video-preview:-1\" \/>\n<link rel=\"canonical\" href=\"https:\/\/nuevo-renacer.com\/tr\/bertha-dudde\/\" \/>\n<meta property=\"og:locale\" content=\"tr_TR\" \/>\n<meta property=\"og:type\" content=\"article\" \/>\n<meta property=\"og:title\" content=\"Bertha Dudde\" \/>\n<meta property=\"og:description\" content=\"Bertha Dudde Bertha Dudde naci\u00f3 el 1 de abril de 1891 como segunda hija mayor de un pintor en Liegnitz, Silesia. Creci\u00f3 con seis hermanos como segunda hija mayor de un pintor en una situaci\u00f3n de pobreza. S\u00f3lo recibi\u00f3 la educaci\u00f3n elemental habitual de la \u00e9poca y practic\u00f3 su afici\u00f3n a la sastrer\u00eda desde muy [&hellip;]\" \/>\n<meta property=\"og:url\" content=\"https:\/\/nuevo-renacer.com\/tr\/bertha-dudde\/\" \/>\n<meta property=\"og:site_name\" content=\"Uni\u00f3n Esp\u00edrita\" \/>\n<meta property=\"article:publisher\" content=\"https:\/\/www.facebook.com\/groups\/3431398063740829\" \/>\n<meta property=\"article:modified_time\" content=\"2024-12-17T11:01:11+00:00\" \/>\n<meta property=\"og:image\" content=\"https:\/\/nuevo-renacer.com\/wp-content\/uploads\/2024\/12\/Bertha-Dudde.jpg\" \/>\n\t<meta property=\"og:image:width\" content=\"474\" \/>\n\t<meta property=\"og:image:height\" content=\"330\" \/>\n\t<meta property=\"og:image:type\" content=\"image\/jpeg\" \/>\n<meta name=\"twitter:card\" content=\"summary_large_image\" \/>\n<meta name=\"twitter:label1\" content=\"Tahmini okuma s\u00fcresi\" \/>\n\t<meta name=\"twitter:data1\" content=\"5 dakika\" \/>\n<script type=\"application\/ld+json\" class=\"yoast-schema-graph\">{\"@context\":\"https:\/\/schema.org\",\"@graph\":[{\"@type\":\"WebPage\",\"@id\":\"https:\/\/nuevo-renacer.com\/bertha-dudde\/\",\"url\":\"https:\/\/nuevo-renacer.com\/bertha-dudde\/\",\"name\":\"Bertha Dudde - Uni\u00f3n Esp\u00edrita\",\"isPartOf\":{\"@id\":\"https:\/\/nuevo-renacer.com\/#website\"},\"primaryImageOfPage\":{\"@id\":\"https:\/\/nuevo-renacer.com\/bertha-dudde\/#primaryimage\"},\"image\":{\"@id\":\"https:\/\/nuevo-renacer.com\/bertha-dudde\/#primaryimage\"},\"thumbnailUrl\":\"https:\/\/nuevo-renacer.com\/wp-content\/uploads\/2024\/12\/Bertha-Dudde.jpg\",\"datePublished\":\"2024-12-09T12:48:27+00:00\",\"dateModified\":\"2024-12-17T11:01:11+00:00\",\"breadcrumb\":{\"@id\":\"https:\/\/nuevo-renacer.com\/bertha-dudde\/#breadcrumb\"},\"inLanguage\":\"tr\",\"potentialAction\":[{\"@type\":\"ReadAction\",\"target\":[\"https:\/\/nuevo-renacer.com\/bertha-dudde\/\"]}]},{\"@type\":\"ImageObject\",\"inLanguage\":\"tr\",\"@id\":\"https:\/\/nuevo-renacer.com\/bertha-dudde\/#primaryimage\",\"url\":\"https:\/\/nuevo-renacer.com\/wp-content\/uploads\/2024\/12\/Bertha-Dudde.jpg\",\"contentUrl\":\"https:\/\/nuevo-renacer.com\/wp-content\/uploads\/2024\/12\/Bertha-Dudde.jpg\"},{\"@type\":\"BreadcrumbList\",\"@id\":\"https:\/\/nuevo-renacer.com\/bertha-dudde\/#breadcrumb\",\"itemListElement\":[{\"@type\":\"ListItem\",\"position\":1,\"name\":\"Startseite\",\"item\":\"https:\/\/nuevo-renacer.com\/\"},{\"@type\":\"ListItem\",\"position\":2,\"name\":\"Bertha Dudde\"}]},{\"@type\":\"WebSite\",\"@id\":\"https:\/\/nuevo-renacer.com\/#website\",\"url\":\"https:\/\/nuevo-renacer.com\/\",\"name\":\"Uni\u00f3n Esp\u00edrita\",\"description\":\"Nuevo Renacer\",\"publisher\":{\"@id\":\"https:\/\/nuevo-renacer.com\/#organization\"},\"potentialAction\":[{\"@type\":\"SearchAction\",\"target\":{\"@type\":\"EntryPoint\",\"urlTemplate\":\"https:\/\/nuevo-renacer.com\/?s={search_term_string}\"},\"query-input\":{\"@type\":\"PropertyValueSpecification\",\"valueRequired\":true,\"valueName\":\"search_term_string\"}}],\"inLanguage\":\"tr\"},{\"@type\":\"Organization\",\"@id\":\"https:\/\/nuevo-renacer.com\/#organization\",\"name\":\"UFEC\",\"url\":\"https:\/\/nuevo-renacer.com\/\",\"logo\":{\"@type\":\"ImageObject\",\"inLanguage\":\"tr\",\"@id\":\"https:\/\/nuevo-renacer.com\/#\/schema\/logo\/image\/\",\"url\":\"https:\/\/nuevo-renacer.com\/wp-content\/uploads\/2024\/05\/cropped-LOGO-TERMINADO1-3-3.png\",\"contentUrl\":\"https:\/\/nuevo-renacer.com\/wp-content\/uploads\/2024\/05\/cropped-LOGO-TERMINADO1-3-3.png\",\"width\":512,\"height\":512,\"caption\":\"UFEC\"},\"image\":{\"@id\":\"https:\/\/nuevo-renacer.com\/#\/schema\/logo\/image\/\"},\"sameAs\":[\"https:\/\/www.facebook.com\/groups\/3431398063740829\"]}]}<\/script>\n<!-- \/ Yoast SEO Premium plugin. -->","yoast_head_json":{"title":"Bertha Dudde - Uni\u00f3n Esp\u00edrita","robots":{"index":"index","follow":"follow","max-snippet":"max-snippet:-1","max-image-preview":"max-image-preview:large","max-video-preview":"max-video-preview:-1"},"canonical":"https:\/\/nuevo-renacer.com\/tr\/bertha-dudde\/","og_locale":"tr_TR","og_type":"article","og_title":"Bertha Dudde","og_description":"Bertha Dudde Bertha Dudde naci\u00f3 el 1 de abril de 1891 como segunda hija mayor de un pintor en Liegnitz, Silesia. Creci\u00f3 con seis hermanos como segunda hija mayor de un pintor en una situaci\u00f3n de pobreza. S\u00f3lo recibi\u00f3 la educaci\u00f3n elemental habitual de la \u00e9poca y practic\u00f3 su afici\u00f3n a la sastrer\u00eda desde muy [&hellip;]","og_url":"https:\/\/nuevo-renacer.com\/tr\/bertha-dudde\/","og_site_name":"Uni\u00f3n Esp\u00edrita","article_publisher":"https:\/\/www.facebook.com\/groups\/3431398063740829","article_modified_time":"2024-12-17T11:01:11+00:00","og_image":[{"width":474,"height":330,"url":"https:\/\/nuevo-renacer.com\/wp-content\/uploads\/2024\/12\/Bertha-Dudde.jpg","type":"image\/jpeg"}],"twitter_card":"summary_large_image","twitter_misc":{"Tahmini okuma s\u00fcresi":"5 dakika"},"schema":{"@context":"https:\/\/schema.org","@graph":[{"@type":"WebPage","@id":"https:\/\/nuevo-renacer.com\/bertha-dudde\/","url":"https:\/\/nuevo-renacer.com\/bertha-dudde\/","name":"Bertha Dudde - Uni\u00f3n Esp\u00edrita","isPartOf":{"@id":"https:\/\/nuevo-renacer.com\/#website"},"primaryImageOfPage":{"@id":"https:\/\/nuevo-renacer.com\/bertha-dudde\/#primaryimage"},"image":{"@id":"https:\/\/nuevo-renacer.com\/bertha-dudde\/#primaryimage"},"thumbnailUrl":"https:\/\/nuevo-renacer.com\/wp-content\/uploads\/2024\/12\/Bertha-Dudde.jpg","datePublished":"2024-12-09T12:48:27+00:00","dateModified":"2024-12-17T11:01:11+00:00","breadcrumb":{"@id":"https:\/\/nuevo-renacer.com\/bertha-dudde\/#breadcrumb"},"inLanguage":"tr","potentialAction":[{"@type":"ReadAction","target":["https:\/\/nuevo-renacer.com\/bertha-dudde\/"]}]},{"@type":"ImageObject","inLanguage":"tr","@id":"https:\/\/nuevo-renacer.com\/bertha-dudde\/#primaryimage","url":"https:\/\/nuevo-renacer.com\/wp-content\/uploads\/2024\/12\/Bertha-Dudde.jpg","contentUrl":"https:\/\/nuevo-renacer.com\/wp-content\/uploads\/2024\/12\/Bertha-Dudde.jpg"},{"@type":"BreadcrumbList","@id":"https:\/\/nuevo-renacer.com\/bertha-dudde\/#breadcrumb","itemListElement":[{"@type":"ListItem","position":1,"name":"Startseite","item":"https:\/\/nuevo-renacer.com\/"},{"@type":"ListItem","position":2,"name":"Bertha Dudde"}]},{"@type":"WebSite","@id":"https:\/\/nuevo-renacer.com\/#website","url":"https:\/\/nuevo-renacer.com\/","name":"Uni\u00f3n Esp\u00edrita","description":"Nuevo Renacer","publisher":{"@id":"https:\/\/nuevo-renacer.com\/#organization"},"potentialAction":[{"@type":"SearchAction","target":{"@type":"EntryPoint","urlTemplate":"https:\/\/nuevo-renacer.com\/?s={search_term_string}"},"query-input":{"@type":"PropertyValueSpecification","valueRequired":true,"valueName":"search_term_string"}}],"inLanguage":"tr"},{"@type":"Organization","@id":"https:\/\/nuevo-renacer.com\/#organization","name":"UFEC","url":"https:\/\/nuevo-renacer.com\/","logo":{"@type":"ImageObject","inLanguage":"tr","@id":"https:\/\/nuevo-renacer.com\/#\/schema\/logo\/image\/","url":"https:\/\/nuevo-renacer.com\/wp-content\/uploads\/2024\/05\/cropped-LOGO-TERMINADO1-3-3.png","contentUrl":"https:\/\/nuevo-renacer.com\/wp-content\/uploads\/2024\/05\/cropped-LOGO-TERMINADO1-3-3.png","width":512,"height":512,"caption":"UFEC"},"image":{"@id":"https:\/\/nuevo-renacer.com\/#\/schema\/logo\/image\/"},"sameAs":["https:\/\/www.facebook.com\/groups\/3431398063740829"]}]}},"uagb_featured_image_src":{"full":false,"thumbnail":false,"medium":false,"medium_large":false,"large":false,"1536x1536":false,"2048x2048":false,"trp-custom-language-flag":false},"uagb_author_info":{"display_name":"adbv0","author_link":"https:\/\/nuevo-renacer.com\/tr\/author\/adbv0\/"},"uagb_comment_info":0,"uagb_excerpt":"Bertha Dudde Bertha Dudde naci\u00f3 el 1 de abril de 1891 como segunda hija mayor de un pintor en Liegnitz, Silesia. Creci\u00f3 con seis hermanos como segunda hija mayor de un pintor en una situaci\u00f3n de pobreza. S\u00f3lo recibi\u00f3 la educaci\u00f3n elemental habitual de la \u00e9poca y practic\u00f3 su afici\u00f3n a la sastrer\u00eda desde muy&hellip;","jetpack_sharing_enabled":true,"_links":{"self":[{"href":"https:\/\/nuevo-renacer.com\/tr\/wp-json\/wp\/v2\/pages\/6482","targetHints":{"allow":["GET"]}}],"collection":[{"href":"https:\/\/nuevo-renacer.com\/tr\/wp-json\/wp\/v2\/pages"}],"about":[{"href":"https:\/\/nuevo-renacer.com\/tr\/wp-json\/wp\/v2\/types\/page"}],"author":[{"embeddable":true,"href":"https:\/\/nuevo-renacer.com\/tr\/wp-json\/wp\/v2\/users\/1"}],"replies":[{"embeddable":true,"href":"https:\/\/nuevo-renacer.com\/tr\/wp-json\/wp\/v2\/comments?post=6482"}],"version-history":[{"count":5,"href":"https:\/\/nuevo-renacer.com\/tr\/wp-json\/wp\/v2\/pages\/6482\/revisions"}],"predecessor-version":[{"id":6551,"href":"https:\/\/nuevo-renacer.com\/tr\/wp-json\/wp\/v2\/pages\/6482\/revisions\/6551"}],"wp:attachment":[{"href":"https:\/\/nuevo-renacer.com\/tr\/wp-json\/wp\/v2\/media?parent=6482"}],"curies":[{"name":"wp","href":"https:\/\/api.w.org\/{rel}","templated":true}]}}