{"id":6473,"date":"2024-12-09T12:06:22","date_gmt":"2024-12-09T12:06:22","guid":{"rendered":"https:\/\/nuevo-renacer.com\/?page_id=6473"},"modified":"2025-01-03T12:07:53","modified_gmt":"2025-01-03T12:07:53","slug":"luisa-capetillo-peron","status":"publish","type":"page","link":"https:\/\/nuevo-renacer.com\/tr\/luisa-capetillo-peron\/","title":{"rendered":"Luisa Capetillo Per\u00f3n"},"content":{"rendered":"<div class=\"wp-block-uagb-container uagb-block-f03f3b92 alignfull uagb-is-root-container\"><div class=\"uagb-container-inner-blocks-wrap\">\n<p class=\"has-black-color has-text-color has-link-color has-medium-font-size wp-elements-c98e0ae73003c54eb50c13a73f5d5539\"><strong>Luisa Cepetillo Per\u00f3n<\/strong><\/p>\n<\/div><\/div>\n\n\n\n<div class=\"wp-block-uagb-container uagb-block-25426a48 alignfull uagb-is-root-container\"><div class=\"uagb-container-inner-blocks-wrap\">\n<figure class=\"wp-block-image size-full is-resized\"><img fetchpriority=\"high\" decoding=\"async\" width=\"183\" height=\"275\" src=\"https:\/\/nuevo-renacer.com\/wp-content\/uploads\/2024\/12\/images.jpg\" alt=\"\" class=\"wp-image-6474\" style=\"width:264px;height:auto\" srcset=\"https:\/\/nuevo-renacer.com\/wp-content\/uploads\/2024\/12\/images.jpg 183w, https:\/\/nuevo-renacer.com\/wp-content\/uploads\/2024\/12\/images-8x12.jpg 8w\" sizes=\"(max-width: 183px) 100vw, 183px\" \/><\/figure>\n<\/div><\/div>\n\n\n\n<div class=\"wp-block-uagb-container uagb-block-17dd5f76 alignfull uagb-is-root-container\"><div class=\"uagb-container-inner-blocks-wrap\">\n<p class=\"has-black-color has-text-color has-link-color has-small-font-size wp-elements-3ed4e7519ccd1facaebcbefc346a46db\">Luisa Capetillo Per\u00f3n, 28 Ekim 1879&#039;da Arecibo&#039;da do\u011fdu. Babas\u0131 Luis Capetillo, \u0130spanya&#039;n\u0131n Bask Eyaletinden geldi; vatanda\u015f\u0131n ve i\u015f\u00e7inin haklar\u0131n\u0131 geli\u015ftiren fikirlerden etkilenmi\u015fti. Annesi Margarita Per\u00f3n, ON DOKUZUNCU y\u00fczy\u0131l\u0131n ortalar\u0131nda Fransa&#039;dan adaya geldi. O tek \u00e7ocuktu.\u00a0<\/p>\n\n\n\n<p class=\"has-black-color has-text-color has-link-color has-small-font-size wp-elements-003fcaf62c4fd678bd5e23aa8e598697\">Luisa&#039;n\u0131n babas\u0131 ona okumay\u0131, yazmay\u0131 ve matematik kurallar\u0131n\u0131 \u00f6\u011frettikten sonra Louise, do\u00f1a Mar\u00eda Sierra Soler&#039;in \u00f6zel okuluna gitti. Akademik yetene\u011fin sayesinde \u00f6d\u00fcl almaya de\u011ferdi. Bu, zaman\u0131n\u0131n kad\u0131nlar\u0131na verilen e\u011fitim t\u00fcr\u00fcyd\u00fc. Luisa, o dili annesinden \u00f6\u011frendi\u011fi ve benim kendi kendime \u00f6\u011fretti\u011fim okuma arzusundan beri Frans\u0131z edebiyat\u0131na eri\u015febiliyordu.<\/p>\n\n\n\n<p class=\"has-black-color has-text-color has-link-color has-small-font-size wp-elements-72aac62a78f5bdf062c1a16a3d1e3d46\">\u00d6zg\u00fcr sevginin, rasyonalizm okulunun, maneviyat\u00e7\u0131l\u0131\u011f\u0131n, vejetaryenli\u011fin ve bir ya\u015fam tarz\u0131 olarak egzersizin savunucusuydu. 1904&#039;te denemeler yazmaya ba\u015flad\u0131. Evlenmeden \u00fc\u00e7 \u00e7ocu\u011fu oldu.<\/p>\n\n\n\n<p class=\"has-black-color has-text-color has-link-color has-small-font-size wp-elements-43ad9539238cb1297450b7cd7ea2a473\">\u0130\u015f\u00e7ilerin lideri, feminist, yazar olarak \u00f6ne \u00e7\u0131kt\u0131; ailesini ilerletmek i\u00e7in i\u011fne end\u00fcstrisinde \u00e7al\u0131\u015ft\u0131.&nbsp;<\/p>\n\n\n\n<p class=\"has-black-color has-text-color has-link-color has-small-font-size wp-elements-7d8950b2af7a022b3a21ae0edce03f9f\">Daha sonra yay\u0131nlarla i\u015fbirli\u011fi yapt\u0131 i\u015f\u00e7i ar\u0131lart\u00fcm hayat\u0131 boyunca ger\u00e7ekle\u015fen etkinlik. 1906&#039;da memleketindeki t\u00fct\u00fcn fabrikalar\u0131nda okuyucu olarak \u00e7al\u0131\u015fmaya ba\u015flad\u0131 ve burada Porto Riko Serbest \u0130\u015f\u00e7iler Federasyonu&#039;na ba\u011fl\u0131 sendika olan T\u00fct\u00fcn Silindirleri Federasyonu&#039;na kat\u0131ld\u0131.<\/p>\n\n\n\n<p class=\"has-black-color has-text-color has-link-color has-small-font-size wp-elements-fe8be592e15d5cf56e785de921d189de\">Luisa, as\u0131l endi\u015fesi sendikalarda kad\u0131nlar\u0131n \u00f6rg\u00fctlenmesi olmas\u0131na ra\u011fmen, kad\u0131nlar\u0131n oy hakk\u0131n\u0131 ve evrenselli\u011fini savundu. 1910&#039;da kitab\u0131n\u0131 yay\u0131nlad\u0131&nbsp;<em>Gelecekte insanl\u0131k<\/em>.<\/p>\n\n\n\n<p class=\"has-black-color has-text-color has-link-color has-small-font-size wp-elements-1ee3c587bdfed1b9ecf1fb6df36dedd1\">Ayr\u0131ca hi\u00e7bir n\u00fcshas\u0131nda saklanmayan \u201ckad\u0131nlar\u201d adl\u0131 bir derginin edit\u00f6rl\u00fc\u011f\u00fcn\u00fc yapt\u0131. Baz\u0131 yaz\u0131lar\u0131nda kad\u0131nlar\u0131n savunulmas\u0131 ve haklar\u0131 konusunu \u00f6ne \u00e7\u0131kard\u0131.&nbsp;<\/p>\n\n\n\n<p class=\"has-black-color has-text-color has-link-color has-small-font-size wp-elements-9b1275fcd3b5a03a65aacdc85cea3c64\">Porto Riko&#039;da pantolon giyen ilk kad\u0131nd\u0131, bu da kom\u015fu adaya yapt\u0131\u011f\u0131 bir gezide K\u00fcba&#039;da tutuklanmas\u0131na bile neden oldu. Su\u00e7lamalar\u0131 savundu \u00e7\u00fcnk\u00fc o zaman\u0131n k\u00fclt\u00fcr\u00fcn\u00fcn veya ma\u00e7olu\u011funun \u00f6tesinde bu uygulamay\u0131 yasaklayan herhangi bir yasa yoktu. B\u00f6yle bir yasa\u011f\u0131n sa\u011flanmad\u0131\u011f\u0131na dair kan\u0131t talep etmek i\u00e7in serbest b\u0131rak\u0131ld\u0131. Adaya d\u00f6n\u00fc\u015f\u00fcnde, Pin, Ceiba ve Vieques&#039;teki tar\u0131m \u00fcr\u00fcnlerinin i\u015f\u00e7i grevlerinde lider oldu.&nbsp;<\/p>\n\n\n\n<p class=\"has-black-color has-text-color has-link-color has-small-font-size wp-elements-64ca2b176909a8bef359738033382557\">Capetillo, kendisini ifade etmek ve yery\u00fcz\u00fcndeki t\u00fcm insanlar\u0131n e\u015fitli\u011fini ilerletmek i\u00e7in kulland\u0131\u011f\u0131 maneviyat\u0131n inanan ve savunucusuydu. Kitaplar\u0131nda bu formdaki insanlar\u0131 e\u011fitme ihtiyac\u0131ndan bahsetti, bug\u00fcn o y\u0131llar i\u00e7in geli\u015fmi\u015f bir d\u00fc\u015f\u00fcn\u00fcr oldu. Kitaplar\u0131nda ve \u00e7al\u0131\u015fmalar\u0131nda yoksulluk ve topluluklar hakk\u0131nda \u00e7ok konu\u015fuldu ve hatta anar\u015fizm gibi konular\u0131 ele ald\u0131.&nbsp;<\/p>\n\n\n\n<p class=\"has-black-color has-text-color has-link-color has-small-font-size wp-elements-72de0b58fb241ca736b732d4c9f4c4e8\">D\u00f6rt kitap yay\u0131nlad\u0131:<\/p>\n\n\n\n<ul class=\"wp-block-list\">\n<li class=\"has-black-color has-text-color has-link-color has-small-font-size wp-elements-9c79a65fbca00d2c9ec9e9699e56dd8e\">\u00d6zg\u00fcrl\u00fck\u00e7\u00fc Denemeler (1907)<\/li>\n<\/ul>\n\n\n\n<ul class=\"wp-block-list\">\n<li class=\"has-black-color has-text-color has-link-color has-small-font-size wp-elements-16bbeae7588145f9f3e883ae4aaa9eae\">Gelecekte insanl\u0131k (1910)<\/li>\n<\/ul>\n\n\n\n<ul class=\"wp-block-list\">\n<li class=\"has-black-color has-text-color has-link-color has-small-font-size wp-elements-18f3af81031ec2dc20df9f8243985d62\">Kad\u0131nlar\u0131n Haklar\u0131, Sorumluluklar\u0131 ve G\u00f6revleri Hakk\u0131ndaki G\u00f6r\u00fc\u015f\u00fcm (birinci bask\u0131, 1911; ikinci bask\u0131, 1913)&nbsp;<\/li>\n<\/ul>\n\n\n\n<ul class=\"wp-block-list\">\n<li class=\"has-black-color has-text-color has-link-color has-small-font-size wp-elements-7fac9d81481e480b4bfa6c0eb377e70a\">Modern Fikirlerin Etkileri (1916)<\/li>\n<\/ul>\n\n\n\n<p class=\"has-black-color has-text-color has-link-color has-small-font-size wp-elements-08e4abb89beba52e4d3c872c38533672\">10 Nisan 1922&#039;de Porto Riko&#039;nun Rio Piedras kentinde 43 ya\u015f\u0131nda t\u00fcberk\u00fclozdan \u00f6ld\u00fc. \u00d6l\u00fcm\u00fcn\u00fc bildirirken, 15 Nisan 1922 tarihli \u201ci\u015f\u00e7i Sendikas\u0131\u201d gazetesi \u015funlar\u0131 okudu:\u201dCenazesi, insanl\u0131\u011f\u0131n b\u00fcy\u00fck nedenlerinin havarileri ve liderleri gibi d\u00fczenli olarak fakirdi&#034;.<\/p>\n<\/div><\/div>\n\n\n\n<div class=\"wp-block-uagb-container uagb-block-5f1c68d9 alignfull uagb-is-root-container\"><div class=\"uagb-container-inner-blocks-wrap\"><\/div><\/div>\n\n\n\n<div class=\"wp-block-uagb-container uagb-block-2ce7fac0 alignfull uagb-is-root-container\"><div class=\"uagb-container-inner-blocks-wrap\"><\/div><\/div>","protected":false},"excerpt":{"rendered":"<p>Luisa Cepetillo Per\u00f3n Luisa Capetillo Per\u00f3n naci\u00f3 en Arecibo\u00a0el 28 de octubre de 1879. Su padre, Luis Capetillo, proven\u00eda de la Provincia Vasca de Espa\u00f1a; hab\u00eda sido influenciado por las ideas avanzadas de los derechos del ciudadano y del obrero. Su madre, Margarita Per\u00f3n, lleg\u00f3 a la isla desde Francia a mediados del Siglo XIX. [&hellip;]<\/p>","protected":false},"author":1,"featured_media":0,"parent":0,"menu_order":0,"comment_status":"closed","ping_status":"closed","template":"","meta":{"_uag_custom_page_level_css":"","site-sidebar-layout":"default","site-content-layout":"","ast-site-content-layout":"default","site-content-style":"default","site-sidebar-style":"default","ast-global-header-display":"","ast-banner-title-visibility":"","ast-main-header-display":"","ast-hfb-above-header-display":"","ast-hfb-below-header-display":"","ast-hfb-mobile-header-display":"","site-post-title":"disabled","ast-breadcrumbs-content":"","ast-featured-img":"","footer-sml-layout":"","theme-transparent-header-meta":"","adv-header-id-meta":"","stick-header-meta":"","header-above-stick-meta":"","header-main-stick-meta":"","header-below-stick-meta":"","astra-migrate-meta-layouts":"set","ast-page-background-enabled":"default","ast-page-background-meta":{"desktop":{"background-color":"var(--ast-global-color-4)","background-image":"","background-repeat":"repeat","background-position":"center center","background-size":"auto","background-attachment":"scroll","background-type":"","background-media":"","overlay-type":"","overlay-color":"","overlay-opacity":"","overlay-gradient":""},"tablet":{"background-color":"","background-image":"","background-repeat":"repeat","background-position":"center center","background-size":"auto","background-attachment":"scroll","background-type":"","background-media":"","overlay-type":"","overlay-color":"","overlay-opacity":"","overlay-gradient":""},"mobile":{"background-color":"","background-image":"","background-repeat":"repeat","background-position":"center center","background-size":"auto","background-attachment":"scroll","background-type":"","background-media":"","overlay-type":"","overlay-color":"","overlay-opacity":"","overlay-gradient":""}},"ast-content-background-meta":{"desktop":{"background-color":"var(--ast-global-color-5)","background-image":"","background-repeat":"repeat","background-position":"center center","background-size":"auto","background-attachment":"scroll","background-type":"","background-media":"","overlay-type":"","overlay-color":"","overlay-opacity":"","overlay-gradient":""},"tablet":{"background-color":"var(--ast-global-color-5)","background-image":"","background-repeat":"repeat","background-position":"center center","background-size":"auto","background-attachment":"scroll","background-type":"","background-media":"","overlay-type":"","overlay-color":"","overlay-opacity":"","overlay-gradient":""},"mobile":{"background-color":"var(--ast-global-color-5)","background-image":"","background-repeat":"repeat","background-position":"center center","background-size":"auto","background-attachment":"scroll","background-type":"","background-media":"","overlay-type":"","overlay-color":"","overlay-opacity":"","overlay-gradient":""}},"footnotes":""},"class_list":["post-6473","page","type-page","status-publish","hentry"],"yoast_head":"<!-- This site is optimized with the Yoast SEO Premium plugin v24.2 (Yoast SEO v24.6) - https:\/\/yoast.com\/wordpress\/plugins\/seo\/ -->\n<title>Luisa Capetillo Per\u00f3n - Uni\u00f3n Esp\u00edrita<\/title>\n<meta name=\"robots\" content=\"index, follow, max-snippet:-1, max-image-preview:large, max-video-preview:-1\" \/>\n<link rel=\"canonical\" href=\"https:\/\/nuevo-renacer.com\/tr\/luisa-capetillo-peron\/\" \/>\n<meta property=\"og:locale\" content=\"tr_TR\" \/>\n<meta property=\"og:type\" content=\"article\" \/>\n<meta property=\"og:title\" content=\"Luisa Capetillo Per\u00f3n\" \/>\n<meta property=\"og:description\" content=\"Luisa Cepetillo Per\u00f3n Luisa Capetillo Per\u00f3n naci\u00f3 en Arecibo\u00a0el 28 de octubre de 1879. Su padre, Luis Capetillo, proven\u00eda de la Provincia Vasca de Espa\u00f1a; hab\u00eda sido influenciado por las ideas avanzadas de los derechos del ciudadano y del obrero. Su madre, Margarita Per\u00f3n, lleg\u00f3 a la isla desde Francia a mediados del Siglo XIX. [&hellip;]\" \/>\n<meta property=\"og:url\" content=\"https:\/\/nuevo-renacer.com\/tr\/luisa-capetillo-peron\/\" \/>\n<meta property=\"og:site_name\" content=\"Uni\u00f3n Esp\u00edrita\" \/>\n<meta property=\"article:publisher\" content=\"https:\/\/www.facebook.com\/groups\/3431398063740829\" \/>\n<meta property=\"article:modified_time\" content=\"2025-01-03T12:07:53+00:00\" \/>\n<meta property=\"og:image\" content=\"https:\/\/nuevo-renacer.com\/wp-content\/uploads\/2024\/12\/images.jpg\" \/>\n\t<meta property=\"og:image:width\" content=\"183\" \/>\n\t<meta property=\"og:image:height\" content=\"275\" \/>\n\t<meta property=\"og:image:type\" content=\"image\/jpeg\" \/>\n<meta name=\"twitter:card\" content=\"summary_large_image\" \/>\n<meta name=\"twitter:label1\" content=\"Tahmini okuma s\u00fcresi\" \/>\n\t<meta name=\"twitter:data1\" content=\"3 dakika\" \/>\n<script type=\"application\/ld+json\" class=\"yoast-schema-graph\">{\"@context\":\"https:\/\/schema.org\",\"@graph\":[{\"@type\":\"WebPage\",\"@id\":\"https:\/\/nuevo-renacer.com\/luisa-capetillo-peron\/\",\"url\":\"https:\/\/nuevo-renacer.com\/luisa-capetillo-peron\/\",\"name\":\"Luisa Capetillo Per\u00f3n - Uni\u00f3n Esp\u00edrita\",\"isPartOf\":{\"@id\":\"https:\/\/nuevo-renacer.com\/#website\"},\"primaryImageOfPage\":{\"@id\":\"https:\/\/nuevo-renacer.com\/luisa-capetillo-peron\/#primaryimage\"},\"image\":{\"@id\":\"https:\/\/nuevo-renacer.com\/luisa-capetillo-peron\/#primaryimage\"},\"thumbnailUrl\":\"https:\/\/nuevo-renacer.com\/wp-content\/uploads\/2024\/12\/images.jpg\",\"datePublished\":\"2024-12-09T12:06:22+00:00\",\"dateModified\":\"2025-01-03T12:07:53+00:00\",\"breadcrumb\":{\"@id\":\"https:\/\/nuevo-renacer.com\/luisa-capetillo-peron\/#breadcrumb\"},\"inLanguage\":\"tr\",\"potentialAction\":[{\"@type\":\"ReadAction\",\"target\":[\"https:\/\/nuevo-renacer.com\/luisa-capetillo-peron\/\"]}]},{\"@type\":\"ImageObject\",\"inLanguage\":\"tr\",\"@id\":\"https:\/\/nuevo-renacer.com\/luisa-capetillo-peron\/#primaryimage\",\"url\":\"https:\/\/nuevo-renacer.com\/wp-content\/uploads\/2024\/12\/images.jpg\",\"contentUrl\":\"https:\/\/nuevo-renacer.com\/wp-content\/uploads\/2024\/12\/images.jpg\"},{\"@type\":\"BreadcrumbList\",\"@id\":\"https:\/\/nuevo-renacer.com\/luisa-capetillo-peron\/#breadcrumb\",\"itemListElement\":[{\"@type\":\"ListItem\",\"position\":1,\"name\":\"Startseite\",\"item\":\"https:\/\/nuevo-renacer.com\/\"},{\"@type\":\"ListItem\",\"position\":2,\"name\":\"Luisa Capetillo Per\u00f3n\"}]},{\"@type\":\"WebSite\",\"@id\":\"https:\/\/nuevo-renacer.com\/#website\",\"url\":\"https:\/\/nuevo-renacer.com\/\",\"name\":\"Uni\u00f3n Esp\u00edrita\",\"description\":\"Nuevo Renacer\",\"publisher\":{\"@id\":\"https:\/\/nuevo-renacer.com\/#organization\"},\"potentialAction\":[{\"@type\":\"SearchAction\",\"target\":{\"@type\":\"EntryPoint\",\"urlTemplate\":\"https:\/\/nuevo-renacer.com\/?s={search_term_string}\"},\"query-input\":{\"@type\":\"PropertyValueSpecification\",\"valueRequired\":true,\"valueName\":\"search_term_string\"}}],\"inLanguage\":\"tr\"},{\"@type\":\"Organization\",\"@id\":\"https:\/\/nuevo-renacer.com\/#organization\",\"name\":\"UFEC\",\"url\":\"https:\/\/nuevo-renacer.com\/\",\"logo\":{\"@type\":\"ImageObject\",\"inLanguage\":\"tr\",\"@id\":\"https:\/\/nuevo-renacer.com\/#\/schema\/logo\/image\/\",\"url\":\"https:\/\/nuevo-renacer.com\/wp-content\/uploads\/2024\/05\/cropped-LOGO-TERMINADO1-3-3.png\",\"contentUrl\":\"https:\/\/nuevo-renacer.com\/wp-content\/uploads\/2024\/05\/cropped-LOGO-TERMINADO1-3-3.png\",\"width\":512,\"height\":512,\"caption\":\"UFEC\"},\"image\":{\"@id\":\"https:\/\/nuevo-renacer.com\/#\/schema\/logo\/image\/\"},\"sameAs\":[\"https:\/\/www.facebook.com\/groups\/3431398063740829\"]}]}<\/script>\n<!-- \/ Yoast SEO Premium plugin. -->","yoast_head_json":{"title":"Luisa Capetillo Per\u00f3n - Uni\u00f3n Esp\u00edrita","robots":{"index":"index","follow":"follow","max-snippet":"max-snippet:-1","max-image-preview":"max-image-preview:large","max-video-preview":"max-video-preview:-1"},"canonical":"https:\/\/nuevo-renacer.com\/tr\/luisa-capetillo-peron\/","og_locale":"tr_TR","og_type":"article","og_title":"Luisa Capetillo Per\u00f3n","og_description":"Luisa Cepetillo Per\u00f3n Luisa Capetillo Per\u00f3n naci\u00f3 en Arecibo\u00a0el 28 de octubre de 1879. Su padre, Luis Capetillo, proven\u00eda de la Provincia Vasca de Espa\u00f1a; hab\u00eda sido influenciado por las ideas avanzadas de los derechos del ciudadano y del obrero. Su madre, Margarita Per\u00f3n, lleg\u00f3 a la isla desde Francia a mediados del Siglo XIX. [&hellip;]","og_url":"https:\/\/nuevo-renacer.com\/tr\/luisa-capetillo-peron\/","og_site_name":"Uni\u00f3n Esp\u00edrita","article_publisher":"https:\/\/www.facebook.com\/groups\/3431398063740829","article_modified_time":"2025-01-03T12:07:53+00:00","og_image":[{"width":183,"height":275,"url":"https:\/\/nuevo-renacer.com\/wp-content\/uploads\/2024\/12\/images.jpg","type":"image\/jpeg"}],"twitter_card":"summary_large_image","twitter_misc":{"Tahmini okuma s\u00fcresi":"3 dakika"},"schema":{"@context":"https:\/\/schema.org","@graph":[{"@type":"WebPage","@id":"https:\/\/nuevo-renacer.com\/luisa-capetillo-peron\/","url":"https:\/\/nuevo-renacer.com\/luisa-capetillo-peron\/","name":"Luisa Capetillo Per\u00f3n - Uni\u00f3n Esp\u00edrita","isPartOf":{"@id":"https:\/\/nuevo-renacer.com\/#website"},"primaryImageOfPage":{"@id":"https:\/\/nuevo-renacer.com\/luisa-capetillo-peron\/#primaryimage"},"image":{"@id":"https:\/\/nuevo-renacer.com\/luisa-capetillo-peron\/#primaryimage"},"thumbnailUrl":"https:\/\/nuevo-renacer.com\/wp-content\/uploads\/2024\/12\/images.jpg","datePublished":"2024-12-09T12:06:22+00:00","dateModified":"2025-01-03T12:07:53+00:00","breadcrumb":{"@id":"https:\/\/nuevo-renacer.com\/luisa-capetillo-peron\/#breadcrumb"},"inLanguage":"tr","potentialAction":[{"@type":"ReadAction","target":["https:\/\/nuevo-renacer.com\/luisa-capetillo-peron\/"]}]},{"@type":"ImageObject","inLanguage":"tr","@id":"https:\/\/nuevo-renacer.com\/luisa-capetillo-peron\/#primaryimage","url":"https:\/\/nuevo-renacer.com\/wp-content\/uploads\/2024\/12\/images.jpg","contentUrl":"https:\/\/nuevo-renacer.com\/wp-content\/uploads\/2024\/12\/images.jpg"},{"@type":"BreadcrumbList","@id":"https:\/\/nuevo-renacer.com\/luisa-capetillo-peron\/#breadcrumb","itemListElement":[{"@type":"ListItem","position":1,"name":"Startseite","item":"https:\/\/nuevo-renacer.com\/"},{"@type":"ListItem","position":2,"name":"Luisa Capetillo Per\u00f3n"}]},{"@type":"WebSite","@id":"https:\/\/nuevo-renacer.com\/#website","url":"https:\/\/nuevo-renacer.com\/","name":"Uni\u00f3n Esp\u00edrita","description":"Nuevo Renacer","publisher":{"@id":"https:\/\/nuevo-renacer.com\/#organization"},"potentialAction":[{"@type":"SearchAction","target":{"@type":"EntryPoint","urlTemplate":"https:\/\/nuevo-renacer.com\/?s={search_term_string}"},"query-input":{"@type":"PropertyValueSpecification","valueRequired":true,"valueName":"search_term_string"}}],"inLanguage":"tr"},{"@type":"Organization","@id":"https:\/\/nuevo-renacer.com\/#organization","name":"UFEC","url":"https:\/\/nuevo-renacer.com\/","logo":{"@type":"ImageObject","inLanguage":"tr","@id":"https:\/\/nuevo-renacer.com\/#\/schema\/logo\/image\/","url":"https:\/\/nuevo-renacer.com\/wp-content\/uploads\/2024\/05\/cropped-LOGO-TERMINADO1-3-3.png","contentUrl":"https:\/\/nuevo-renacer.com\/wp-content\/uploads\/2024\/05\/cropped-LOGO-TERMINADO1-3-3.png","width":512,"height":512,"caption":"UFEC"},"image":{"@id":"https:\/\/nuevo-renacer.com\/#\/schema\/logo\/image\/"},"sameAs":["https:\/\/www.facebook.com\/groups\/3431398063740829"]}]}},"uagb_featured_image_src":{"full":false,"thumbnail":false,"medium":false,"medium_large":false,"large":false,"1536x1536":false,"2048x2048":false,"trp-custom-language-flag":false},"uagb_author_info":{"display_name":"adbv0","author_link":"https:\/\/nuevo-renacer.com\/tr\/author\/adbv0\/"},"uagb_comment_info":0,"uagb_excerpt":"Luisa Cepetillo Per\u00f3n Luisa Capetillo Per\u00f3n naci\u00f3 en Arecibo\u00a0el 28 de octubre de 1879. Su padre, Luis Capetillo, proven\u00eda de la Provincia Vasca de Espa\u00f1a; hab\u00eda sido influenciado por las ideas avanzadas de los derechos del ciudadano y del obrero. Su madre, Margarita Per\u00f3n, lleg\u00f3 a la isla desde Francia a mediados del Siglo XIX.&hellip;","jetpack_sharing_enabled":true,"_links":{"self":[{"href":"https:\/\/nuevo-renacer.com\/tr\/wp-json\/wp\/v2\/pages\/6473","targetHints":{"allow":["GET"]}}],"collection":[{"href":"https:\/\/nuevo-renacer.com\/tr\/wp-json\/wp\/v2\/pages"}],"about":[{"href":"https:\/\/nuevo-renacer.com\/tr\/wp-json\/wp\/v2\/types\/page"}],"author":[{"embeddable":true,"href":"https:\/\/nuevo-renacer.com\/tr\/wp-json\/wp\/v2\/users\/1"}],"replies":[{"embeddable":true,"href":"https:\/\/nuevo-renacer.com\/tr\/wp-json\/wp\/v2\/comments?post=6473"}],"version-history":[{"count":4,"href":"https:\/\/nuevo-renacer.com\/tr\/wp-json\/wp\/v2\/pages\/6473\/revisions"}],"predecessor-version":[{"id":6657,"href":"https:\/\/nuevo-renacer.com\/tr\/wp-json\/wp\/v2\/pages\/6473\/revisions\/6657"}],"wp:attachment":[{"href":"https:\/\/nuevo-renacer.com\/tr\/wp-json\/wp\/v2\/media?parent=6473"}],"curies":[{"name":"wp","href":"https:\/\/api.w.org\/{rel}","templated":true}]}}