{"id":6384,"date":"2024-11-26T12:43:40","date_gmt":"2024-11-26T12:43:40","guid":{"rendered":"https:\/\/nuevo-renacer.com\/?page_id=6384"},"modified":"2024-11-26T12:58:52","modified_gmt":"2024-11-26T12:58:52","slug":"la-vision-espirita-sobre-el-maltrato-de-animales","status":"publish","type":"page","link":"https:\/\/nuevo-renacer.com\/tr\/la-vision-espirita-sobre-el-maltrato-de-animales\/","title":{"rendered":"Hayvanlar\u0131n K\u00f6t\u00fc Muamelesiyle \u0130lgili Vizyon Ruh\u00e7usu"},"content":{"rendered":"<div class=\"wp-block-uagb-container uagb-block-6f4392eb alignfull uagb-is-root-container\"><div class=\"uagb-container-inner-blocks-wrap\">\n<p class=\"has-black-color has-text-color has-link-color has-medium-font-size wp-elements-618592760ed0aea80ab1a797ff8003bc\"><strong><strong>Hayvanlar\u0131n K\u00f6t\u00fc Muamelesiyle \u0130lgili Vizyon Ruh\u00e7usu<\/strong><\/strong><\/p>\n<\/div><\/div>\n\n\n\n<div class=\"wp-block-uagb-container uagb-block-8fa992ad alignfull uagb-is-root-container\"><div class=\"uagb-container-inner-blocks-wrap\">\n<figure class=\"wp-block-image size-large is-resized\"><img fetchpriority=\"high\" decoding=\"async\" width=\"1024\" height=\"680\" src=\"https:\/\/nuevo-renacer.com\/wp-content\/uploads\/2024\/11\/Animales-1024x680.png\" alt=\"\" class=\"wp-image-6385\" style=\"width:447px;height:auto\" srcset=\"https:\/\/nuevo-renacer.com\/wp-content\/uploads\/2024\/11\/Animales-1024x680.png 1024w, https:\/\/nuevo-renacer.com\/wp-content\/uploads\/2024\/11\/Animales-300x199.png 300w, https:\/\/nuevo-renacer.com\/wp-content\/uploads\/2024\/11\/Animales-768x510.png 768w, https:\/\/nuevo-renacer.com\/wp-content\/uploads\/2024\/11\/Animales-18x12.png 18w, https:\/\/nuevo-renacer.com\/wp-content\/uploads\/2024\/11\/Animales.png 1097w\" sizes=\"(max-width: 1024px) 100vw, 1024px\" \/><\/figure>\n<\/div><\/div>\n\n\n\n<div class=\"wp-block-uagb-container uagb-block-dc23f65b alignfull uagb-is-root-container\"><div class=\"uagb-container-inner-blocks-wrap\">\n<p class=\"has-black-color has-text-color has-link-color has-small-font-size wp-elements-3be7796f3190ff123b5fa51954c69c0a\">Hayvan istismar\u0131, modern toplumumuzdaki en tart\u0131\u015fmal\u0131 ve ac\u0131 verici konulardan biridir. Hayvanlar\u0131 korumak i\u00e7in yasalar ve toplumsal bilin\u00e7 geli\u015fmi\u015f olsa da, istismar, s\u00f6m\u00fcr\u00fc ve ihmalin neden oldu\u011fu ac\u0131lar d\u00fcnyan\u0131n bir\u00e7ok yerinde bir ger\u00e7eklik olmaya devam etmektedir. Bu ba\u011flamda Ruh\u00e7u g\u00f6r\u00fc\u015f, insan olmayan varl\u0131klara y\u00f6nelik muamelemiz ve bunun ruhani ve ahlaki inan\u00e7lar\u0131m\u0131zla olan ili\u015fkisi hakk\u0131nda derin ve d\u00fc\u015f\u00fcnd\u00fcr\u00fcc\u00fc bir bak\u0131\u015f a\u00e7\u0131s\u0131 sunmaktad\u0131r.<\/p>\n\n\n\n<p class=\"has-black-color has-text-color has-link-color has-small-font-size wp-elements-a897258a5c1d491bd1f3579e8e52bba7\">Allan Kardec taraf\u0131ndan 19. y\u00fczy\u0131lda ifade edilen bir doktrin olan spirit\u00fcalizm, reenkarnasyona, ahlaki evrime ve t\u00fcm ya\u015fam bi\u00e7imlerine sayg\u0131ya dayal\u0131 bir eti\u011fi te\u015fvik eder. Onun d\u00fcnya g\u00f6r\u00fc\u015f\u00fcne g\u00f6re hayvanlar a\u015fa\u011f\u0131 varl\u0131klar ya da insanlar\u0131n emrinde olan basit nesneler de\u011fil, ruhlar\u0131 olan ve \u00e7evreleriyle uyum i\u00e7inde ya\u015fama hakk\u0131na sahip varl\u0131klard\u0131r. Bu yakla\u015f\u0131m, insanlar\u0131 hayvanlarla ve do\u011fayla olan ili\u015fkilerini yeniden d\u00fc\u015f\u00fcnmeye davet etmekte ve hayvanlara k\u00f6t\u00fc muamelenin hem k\u00f6t\u00fc muamele edenler hem de ac\u0131 \u00e7ekenler i\u00e7in manevi yans\u0131malar\u0131 oldu\u011funu kabul etmektedir.<\/p>\n\n\n\n<p class=\"has-black-color has-text-color has-link-color has-small-font-size wp-elements-005226de132ba1202eceb4e95b621793\"><strong>Spiritizm ve Hayvanlar\u0131n Do\u011fas\u0131<\/strong><\/p>\n\n\n\n<p class=\"has-black-color has-text-color has-link-color has-small-font-size wp-elements-618943668807e3b6c54ad33a04ed5c4f\">Kardec&#039;in \u00f6\u011fretilerine g\u00f6re, hayvanlar da dahil olmak \u00fczere t\u00fcm canl\u0131lar ilahi yarat\u0131l\u0131\u015f\u0131n bir par\u00e7as\u0131d\u0131r. Hayvanlar rasyonel insanlarla ayn\u0131 kapasiteye sahip olmasalar da, maneviyat onlar\u0131n da evrim s\u00fcrecinde olan manevi bir ilke olan bir \u201cruha\u201d sahip olduklar\u0131n\u0131 savunur. Bu hayvan ruhu, geli\u015fim derecesi farkl\u0131 olsa da, bir \u00f6\u011frenme ve geli\u015fme s\u00fcrecindedir. Kitab\u0131nda <em>Ruhlar Kitab\u0131<\/em>, Kardec, hayvanlar\u0131n uyaranlara tepki vermelerine izin veren bir \u201cduyarl\u0131l\u0131\u011fa\u201d ve \u201czekaya\u201d sahip olduklar\u0131n\u0131, ancak insan gibi bir nedene sahip olmad\u0131klar\u0131n\u0131 belirtir.<\/p>\n\n\n\n<p class=\"has-black-color has-text-color has-link-color has-small-font-size wp-elements-806ab13a01e65e6e55699f68292c7d67\">T\u00fcm canl\u0131 varl\u0131klar\u0131n ortak bir evrim s\u00fcreci i\u00e7inde oldu\u011funa dair ruh\u00e7u kavram, bir noktada hayvanlar\u0131n ruhlar\u0131n\u0131n da insan ya\u015fam\u0131n\u0131 deneyimlemeye haz\u0131r olaca\u011f\u0131n\u0131 veya daha karma\u015f\u0131k varolu\u015f bi\u00e7imlerine do\u011fru evrimle\u015fece\u011fini ima eder. Bu g\u00f6r\u00fc\u015f, t\u00fcm bi\u00e7imleriyle ya\u015fama derin bir sayg\u0131 duyulmas\u0131n\u0131 gerektirir ve herhangi bir canl\u0131 varl\u0131\u011f\u0131n ac\u0131 \u00e7ekmesi evrensel denge ve uyumu etkiledi\u011finden, hayvanlara uygulanan her t\u00fcrl\u00fc istismar\u0131 k\u0131nar.<\/p>\n\n\n\n<p class=\"has-black-color has-text-color has-link-color has-small-font-size wp-elements-38131c4eed1c775e1dd9619da4dfc625\"><strong>Manevi ve Ahlaki Bir \u0130hlal Olarak Hayvan \u0130stismar\u0131<\/strong><\/p>\n\n\n\n<p class=\"has-black-color has-text-color has-link-color has-small-font-size wp-elements-f662973eaeea9a95fe283e19092cbc60\">Spiritist bak\u0131\u015f a\u00e7\u0131s\u0131na g\u00f6re, hayvanlara k\u00f6t\u00fc muamele sadece fiziksel bir zul\u00fcm eylemi de\u011fil, ayn\u0131 zamanda bir ihlaldir.manevi. \u0130nsanl\u0131\u011f\u0131n ahlaki evrimine rehberlik eden y\u00fcksek ruhlar, ger\u00e7ek maneviyat\u0131n ayr\u0131m g\u00f6zetmeksizin t\u00fcm varl\u0131klara kar\u015f\u0131 sevgi, sayg\u0131 ve merhamete dayand\u0131\u011f\u0131n\u0131 \u00f6\u011fretti. Hayvanlara sayg\u0131l\u0131 davranmak, bireyin ve toplumun ahlaki evriminin bir yans\u0131mas\u0131d\u0131r.<\/p>\n\n\n\n<p class=\"has-black-color has-text-color has-link-color has-small-font-size wp-elements-2ee96e09e346a1cd91b44cfbbb6bb25d\">O halde hayvan istismar\u0131 bencilli\u011fin, kay\u0131ts\u0131zl\u0131\u011f\u0131n ve empati eksikli\u011finin bir tezah\u00fcr\u00fc olarak g\u00f6r\u00fcl\u00fcr ki bu \u00f6zellikler ahlaki m\u00fckemmelli\u011fe giden yolda a\u015f\u0131lmas\u0131 gereken \u00f6zelliklerdir. Spiritistler i\u00e7in hayvanlarla olan ili\u015fki sorumluluk, sevgi ve sayg\u0131 ili\u015fkisi olmal\u0131d\u0131r, zira onlara haks\u0131z yere ac\u0131 \u00e7ektirmek sald\u0131rgan\u0131n ruhsal uyumunda bir dengesizlik yarat\u0131r ve karmik sonu\u00e7lar do\u011furabilir. Bu nedenle hayvanlara k\u00f6t\u00fc muamele, hem istismara u\u011frayan varl\u0131\u011f\u0131n fiziksel refah\u0131n\u0131 hem de sald\u0131rgan\u0131n ruhsal geli\u015fimini etkileyen bir eylem olacakt\u0131r.<\/p>\n\n\n\n<p class=\"has-black-color has-text-color has-link-color has-small-font-size wp-elements-4ae78e6ab4fdeb262eec838a23326ce8\"><strong>Ruhsal Evrim ve Hayvanlara Adil Muamele<\/strong><\/p>\n\n\n\n<p class=\"has-black-color has-text-color has-link-color has-small-font-size wp-elements-061a46bf1be4e3305878fb666cf06e34\">Ruh\u00e7ular i\u00e7in hayvanlara y\u00f6nelik muamele, \u00f6z\u00fcnde insano\u011flunun ahlaki ve ruhani evrimiyle ba\u011flant\u0131l\u0131d\u0131r. Bireyler ruhsal a\u00e7\u0131dan ne kadar geli\u015fmi\u015f olurlarsa, empati, \u015fefkat ve t\u00fcm canl\u0131lara sayg\u0131 duyma kapasitelerini de o kadar geli\u015ftirirler. \u0130\u00e7inde <em>Ruh\u00e7ulu\u011fa g\u00f6re M\u00fcjde<\/em>, Kardec, ger\u00e7ek erdemin, hayvanlar\u0131 da i\u00e7eren t\u00fcm bi\u00e7imleriyle ya\u015fama sayg\u0131da kendini g\u00f6sterdi\u011fini \u00f6\u011fretir.<\/p>\n\n\n\n<p class=\"has-black-color has-text-color has-link-color has-small-font-size wp-elements-cc5b72d1c5420f9777b1b7916cb241ea\">Ayr\u0131ca, spirit\u00fcalizm hayvanlara yap\u0131lan zulm\u00fcn \u00fcstesinden gelinmesi gereken bir ahlaki cehalet bi\u00e7imi oldu\u011funu, \u00e7\u00fcnk\u00fc insanlar\u0131n hayvanlara k\u00f6t\u00fc davranarak kendi ruhani ilerlemelerini engellediklerini vurgular. Hayvanlara k\u00f6t\u00fc muamele eden insanlar ruhsal a\u00e7\u0131dan olgunla\u015fmam\u0131\u015f bir durumdad\u0131r ve m\u00fckemmellik yolunda ilerleyebilmek i\u00e7in t\u00fcm yarat\u0131klara kar\u015f\u0131 \u015fefkat ve sevgi beslemek gerekir.<\/p>\n\n\n\n<p class=\"has-black-color has-text-color has-link-color has-small-font-size wp-elements-75d43700530e62f7cecd2e9af6cd4673\"><strong>Sorumluluk ve \u015eefkat \u00c7a\u011fr\u0131s\u0131<\/strong><\/p>\n\n\n\n<p class=\"has-black-color has-text-color has-link-color has-small-font-size wp-elements-a0294e2cfe9b684372e2a78e68b3f752\">Spirit\u00fcalist vizyonda, hayvan istismar\u0131na kar\u015f\u0131 m\u00fccadele, canl\u0131 varl\u0131klara kar\u015f\u0131 sorumlu davranman\u0131n \u00f6nemi konusunda k\u00fcresel fark\u0131ndal\u0131\u011fa y\u00f6nelik bir \u00e7a\u011fr\u0131d\u0131r. Spiritizm, insanlar\u0131 hayvanlar\u0131 yaln\u0131zca insan \u00e7\u0131karlar\u0131na hizmet eden yarat\u0131klar olarak de\u011fil, ayn\u0131 zamanda evrimsel s\u00fcre\u00e7te onurlu ve sayg\u0131l\u0131 davran\u0131lmay\u0131 hak eden ortaklar olarak g\u00f6rmeye davet eder.<\/p>\n\n\n\n<p class=\"has-black-color has-text-color has-link-color has-small-font-size wp-elements-7637c038aeeef2551771e05d2af67480\">Hayvanlar\u0131n savunulmas\u0131na y\u00f6nelik ruhani ba\u011fl\u0131l\u0131k, yaln\u0131zca onlara fiziksel olarak k\u00f6t\u00fc muamele etmekten ka\u00e7\u0131nmay\u0131 de\u011fil, ayn\u0131 zamanda s\u00f6m\u00fcr\u00fclmelerinden ka\u00e7\u0131nmak, sorumlu evlat edinmeyi desteklemek ve do\u011fal ya\u015fam alanlar\u0131n\u0131 korumak gibi her a\u00e7\u0131dan refahlar\u0131n\u0131 te\u015fvik etmeyi de i\u00e7erir. Ayr\u0131ca, eylemlerimizin hayvanlar\u0131n ac\u0131 \u00e7ekmesine katk\u0131da bulunmad\u0131\u011f\u0131ndan emin olmak i\u00e7in g\u0131da, moda ve deney gibi g\u00fcnl\u00fck al\u0131\u015fkanl\u0131klar \u00fczerinde derinlemesine d\u00fc\u015f\u00fcnmeyi de i\u00e7erir.<\/p>\n\n\n\n<p class=\"has-black-color has-text-color has-link-color has-small-font-size wp-elements-fad7a448c0a79819de2739677f10202d\"><strong>Sonu\u00e7<\/strong><\/p>\n\n\n\n<p class=\"has-black-color has-text-color has-link-color has-small-font-size wp-elements-d73002e20b367705ff09bb3a7749b070\">Ruh\u00e7ular\u0131n hayvan istismar\u0131na bak\u0131\u015f\u0131, sevgi, \u015fefkat ve t\u00fcm ya\u015fam formlar\u0131na sayg\u0131 ilkelerine derinlemesine dayanmaktad\u0131r. Spiritistler hayvanlara yap\u0131lan muamelenin bireyin ve bir b\u00fct\u00fcn olarak toplumun ahlaki evrim derecesini yans\u0131tt\u0131\u011f\u0131na inanmaktad\u0131r. Bu ba\u011flamda, hayvanlara k\u00f6t\u00fc muamele sadece etik ve ahlaki bir ihlal de\u011fil, ayn\u0131 zamanda bunu yapanlar\u0131n geli\u015fimini ve ilerlemesini etkileyen manevi bir ihlaldir. Bu nedenle, spirit\u00fcalizm g\u00fcnl\u00fck eylemlerimiz ve kararlar\u0131m\u0131z \u00fczerinde derinlemesine d\u00fc\u015f\u00fcnmeye \u00e7a\u011f\u0131r\u0131r ve bizi d\u00fcnyadaki t\u00fcm canl\u0131lara kar\u015f\u0131 daha \u015fefkatli ve sorumlu bir \u015fekilde ya\u015famaya davet eder.<\/p>\n<\/div><\/div>\n\n\n\n<div class=\"wp-block-uagb-container uagb-block-4bd770f9 alignfull uagb-is-root-container\"><div class=\"uagb-container-inner-blocks-wrap\"><\/div><\/div>\n\n\n\n<div class=\"wp-block-uagb-container uagb-block-53bea7e8 alignfull uagb-is-root-container\"><div class=\"uagb-container-inner-blocks-wrap\"><\/div><\/div>","protected":false},"excerpt":{"rendered":"<p>La Visi\u00f3n Esp\u00edrita sobre el Maltrato de Animales El maltrato animal es uno de los temas m\u00e1s controvertidos y dolorosos de nuestra sociedad moderna. Aunque las leyes y la conciencia social han avanzado para proteger a los animales, el sufrimiento causado por el abuso, la explotaci\u00f3n y la negligencia contin\u00faa siendo una realidad en muchas [&hellip;]<\/p>","protected":false},"author":1,"featured_media":0,"parent":0,"menu_order":0,"comment_status":"closed","ping_status":"closed","template":"","meta":{"_uag_custom_page_level_css":"","site-sidebar-layout":"default","site-content-layout":"","ast-site-content-layout":"default","site-content-style":"default","site-sidebar-style":"default","ast-global-header-display":"","ast-banner-title-visibility":"","ast-main-header-display":"","ast-hfb-above-header-display":"","ast-hfb-below-header-display":"","ast-hfb-mobile-header-display":"","site-post-title":"disabled","ast-breadcrumbs-content":"","ast-featured-img":"","footer-sml-layout":"","theme-transparent-header-meta":"","adv-header-id-meta":"","stick-header-meta":"","header-above-stick-meta":"","header-main-stick-meta":"","header-below-stick-meta":"","astra-migrate-meta-layouts":"set","ast-page-background-enabled":"default","ast-page-background-meta":{"desktop":{"background-color":"var(--ast-global-color-4)","background-image":"","background-repeat":"repeat","background-position":"center center","background-size":"auto","background-attachment":"scroll","background-type":"","background-media":"","overlay-type":"","overlay-color":"","overlay-opacity":"","overlay-gradient":""},"tablet":{"background-color":"","background-image":"","background-repeat":"repeat","background-position":"center center","background-size":"auto","background-attachment":"scroll","background-type":"","background-media":"","overlay-type":"","overlay-color":"","overlay-opacity":"","overlay-gradient":""},"mobile":{"background-color":"","background-image":"","background-repeat":"repeat","background-position":"center center","background-size":"auto","background-attachment":"scroll","background-type":"","background-media":"","overlay-type":"","overlay-color":"","overlay-opacity":"","overlay-gradient":""}},"ast-content-background-meta":{"desktop":{"background-color":"var(--ast-global-color-5)","background-image":"","background-repeat":"repeat","background-position":"center center","background-size":"auto","background-attachment":"scroll","background-type":"","background-media":"","overlay-type":"","overlay-color":"","overlay-opacity":"","overlay-gradient":""},"tablet":{"background-color":"var(--ast-global-color-5)","background-image":"","background-repeat":"repeat","background-position":"center center","background-size":"auto","background-attachment":"scroll","background-type":"","background-media":"","overlay-type":"","overlay-color":"","overlay-opacity":"","overlay-gradient":""},"mobile":{"background-color":"var(--ast-global-color-5)","background-image":"","background-repeat":"repeat","background-position":"center center","background-size":"auto","background-attachment":"scroll","background-type":"","background-media":"","overlay-type":"","overlay-color":"","overlay-opacity":"","overlay-gradient":""}},"footnotes":""},"class_list":["post-6384","page","type-page","status-publish","hentry"],"yoast_head":"<!-- This site is optimized with the Yoast SEO Premium plugin v24.2 (Yoast SEO v24.6) - https:\/\/yoast.com\/wordpress\/plugins\/seo\/ -->\n<title>La Visi\u00f3n Esp\u00edrita sobre el Maltrato de Animales - Uni\u00f3n Esp\u00edrita<\/title>\n<meta name=\"robots\" content=\"index, follow, max-snippet:-1, max-image-preview:large, max-video-preview:-1\" \/>\n<link rel=\"canonical\" href=\"https:\/\/nuevo-renacer.com\/tr\/la-vision-espirita-sobre-el-maltrato-de-animales\/\" \/>\n<meta property=\"og:locale\" content=\"tr_TR\" \/>\n<meta property=\"og:type\" content=\"article\" \/>\n<meta property=\"og:title\" content=\"La Visi\u00f3n Esp\u00edrita sobre el Maltrato de Animales\" \/>\n<meta property=\"og:description\" content=\"La Visi\u00f3n Esp\u00edrita sobre el Maltrato de Animales El maltrato animal es uno de los temas m\u00e1s controvertidos y dolorosos de nuestra sociedad moderna. Aunque las leyes y la conciencia social han avanzado para proteger a los animales, el sufrimiento causado por el abuso, la explotaci\u00f3n y la negligencia contin\u00faa siendo una realidad en muchas [&hellip;]\" \/>\n<meta property=\"og:url\" content=\"https:\/\/nuevo-renacer.com\/tr\/la-vision-espirita-sobre-el-maltrato-de-animales\/\" \/>\n<meta property=\"og:site_name\" content=\"Uni\u00f3n Esp\u00edrita\" \/>\n<meta property=\"article:publisher\" content=\"https:\/\/www.facebook.com\/groups\/3431398063740829\" \/>\n<meta property=\"article:modified_time\" content=\"2024-11-26T12:58:52+00:00\" \/>\n<meta property=\"og:image\" content=\"https:\/\/nuevo-renacer.com\/wp-content\/uploads\/2024\/11\/Animales.png\" \/>\n\t<meta property=\"og:image:width\" content=\"1097\" \/>\n\t<meta property=\"og:image:height\" content=\"729\" \/>\n\t<meta property=\"og:image:type\" content=\"image\/png\" \/>\n<meta name=\"twitter:card\" content=\"summary_large_image\" \/>\n<meta name=\"twitter:label1\" content=\"Tahmini okuma s\u00fcresi\" \/>\n\t<meta name=\"twitter:data1\" content=\"5 dakika\" \/>\n<script type=\"application\/ld+json\" class=\"yoast-schema-graph\">{\"@context\":\"https:\/\/schema.org\",\"@graph\":[{\"@type\":\"WebPage\",\"@id\":\"https:\/\/nuevo-renacer.com\/la-vision-espirita-sobre-el-maltrato-de-animales\/\",\"url\":\"https:\/\/nuevo-renacer.com\/la-vision-espirita-sobre-el-maltrato-de-animales\/\",\"name\":\"La Visi\u00f3n Esp\u00edrita sobre el Maltrato de Animales - Uni\u00f3n Esp\u00edrita\",\"isPartOf\":{\"@id\":\"https:\/\/nuevo-renacer.com\/#website\"},\"primaryImageOfPage\":{\"@id\":\"https:\/\/nuevo-renacer.com\/la-vision-espirita-sobre-el-maltrato-de-animales\/#primaryimage\"},\"image\":{\"@id\":\"https:\/\/nuevo-renacer.com\/la-vision-espirita-sobre-el-maltrato-de-animales\/#primaryimage\"},\"thumbnailUrl\":\"https:\/\/nuevo-renacer.com\/wp-content\/uploads\/2024\/11\/Animales-1024x680.png\",\"datePublished\":\"2024-11-26T12:43:40+00:00\",\"dateModified\":\"2024-11-26T12:58:52+00:00\",\"breadcrumb\":{\"@id\":\"https:\/\/nuevo-renacer.com\/la-vision-espirita-sobre-el-maltrato-de-animales\/#breadcrumb\"},\"inLanguage\":\"tr\",\"potentialAction\":[{\"@type\":\"ReadAction\",\"target\":[\"https:\/\/nuevo-renacer.com\/la-vision-espirita-sobre-el-maltrato-de-animales\/\"]}]},{\"@type\":\"ImageObject\",\"inLanguage\":\"tr\",\"@id\":\"https:\/\/nuevo-renacer.com\/la-vision-espirita-sobre-el-maltrato-de-animales\/#primaryimage\",\"url\":\"https:\/\/nuevo-renacer.com\/wp-content\/uploads\/2024\/11\/Animales-1024x680.png\",\"contentUrl\":\"https:\/\/nuevo-renacer.com\/wp-content\/uploads\/2024\/11\/Animales-1024x680.png\"},{\"@type\":\"BreadcrumbList\",\"@id\":\"https:\/\/nuevo-renacer.com\/la-vision-espirita-sobre-el-maltrato-de-animales\/#breadcrumb\",\"itemListElement\":[{\"@type\":\"ListItem\",\"position\":1,\"name\":\"Startseite\",\"item\":\"https:\/\/nuevo-renacer.com\/\"},{\"@type\":\"ListItem\",\"position\":2,\"name\":\"La Visi\u00f3n Esp\u00edrita sobre el Maltrato de Animales\"}]},{\"@type\":\"WebSite\",\"@id\":\"https:\/\/nuevo-renacer.com\/#website\",\"url\":\"https:\/\/nuevo-renacer.com\/\",\"name\":\"Uni\u00f3n Esp\u00edrita\",\"description\":\"Nuevo Renacer\",\"publisher\":{\"@id\":\"https:\/\/nuevo-renacer.com\/#organization\"},\"potentialAction\":[{\"@type\":\"SearchAction\",\"target\":{\"@type\":\"EntryPoint\",\"urlTemplate\":\"https:\/\/nuevo-renacer.com\/?s={search_term_string}\"},\"query-input\":{\"@type\":\"PropertyValueSpecification\",\"valueRequired\":true,\"valueName\":\"search_term_string\"}}],\"inLanguage\":\"tr\"},{\"@type\":\"Organization\",\"@id\":\"https:\/\/nuevo-renacer.com\/#organization\",\"name\":\"UFEC\",\"url\":\"https:\/\/nuevo-renacer.com\/\",\"logo\":{\"@type\":\"ImageObject\",\"inLanguage\":\"tr\",\"@id\":\"https:\/\/nuevo-renacer.com\/#\/schema\/logo\/image\/\",\"url\":\"https:\/\/nuevo-renacer.com\/wp-content\/uploads\/2024\/05\/cropped-LOGO-TERMINADO1-3-3.png\",\"contentUrl\":\"https:\/\/nuevo-renacer.com\/wp-content\/uploads\/2024\/05\/cropped-LOGO-TERMINADO1-3-3.png\",\"width\":512,\"height\":512,\"caption\":\"UFEC\"},\"image\":{\"@id\":\"https:\/\/nuevo-renacer.com\/#\/schema\/logo\/image\/\"},\"sameAs\":[\"https:\/\/www.facebook.com\/groups\/3431398063740829\"]}]}<\/script>\n<!-- \/ Yoast SEO Premium plugin. -->","yoast_head_json":{"title":"La Visi\u00f3n Esp\u00edrita sobre el Maltrato de Animales - Uni\u00f3n Esp\u00edrita","robots":{"index":"index","follow":"follow","max-snippet":"max-snippet:-1","max-image-preview":"max-image-preview:large","max-video-preview":"max-video-preview:-1"},"canonical":"https:\/\/nuevo-renacer.com\/tr\/la-vision-espirita-sobre-el-maltrato-de-animales\/","og_locale":"tr_TR","og_type":"article","og_title":"La Visi\u00f3n Esp\u00edrita sobre el Maltrato de Animales","og_description":"La Visi\u00f3n Esp\u00edrita sobre el Maltrato de Animales El maltrato animal es uno de los temas m\u00e1s controvertidos y dolorosos de nuestra sociedad moderna. Aunque las leyes y la conciencia social han avanzado para proteger a los animales, el sufrimiento causado por el abuso, la explotaci\u00f3n y la negligencia contin\u00faa siendo una realidad en muchas [&hellip;]","og_url":"https:\/\/nuevo-renacer.com\/tr\/la-vision-espirita-sobre-el-maltrato-de-animales\/","og_site_name":"Uni\u00f3n Esp\u00edrita","article_publisher":"https:\/\/www.facebook.com\/groups\/3431398063740829","article_modified_time":"2024-11-26T12:58:52+00:00","og_image":[{"width":1097,"height":729,"url":"https:\/\/nuevo-renacer.com\/wp-content\/uploads\/2024\/11\/Animales.png","type":"image\/png"}],"twitter_card":"summary_large_image","twitter_misc":{"Tahmini okuma s\u00fcresi":"5 dakika"},"schema":{"@context":"https:\/\/schema.org","@graph":[{"@type":"WebPage","@id":"https:\/\/nuevo-renacer.com\/la-vision-espirita-sobre-el-maltrato-de-animales\/","url":"https:\/\/nuevo-renacer.com\/la-vision-espirita-sobre-el-maltrato-de-animales\/","name":"La Visi\u00f3n Esp\u00edrita sobre el Maltrato de Animales - Uni\u00f3n Esp\u00edrita","isPartOf":{"@id":"https:\/\/nuevo-renacer.com\/#website"},"primaryImageOfPage":{"@id":"https:\/\/nuevo-renacer.com\/la-vision-espirita-sobre-el-maltrato-de-animales\/#primaryimage"},"image":{"@id":"https:\/\/nuevo-renacer.com\/la-vision-espirita-sobre-el-maltrato-de-animales\/#primaryimage"},"thumbnailUrl":"https:\/\/nuevo-renacer.com\/wp-content\/uploads\/2024\/11\/Animales-1024x680.png","datePublished":"2024-11-26T12:43:40+00:00","dateModified":"2024-11-26T12:58:52+00:00","breadcrumb":{"@id":"https:\/\/nuevo-renacer.com\/la-vision-espirita-sobre-el-maltrato-de-animales\/#breadcrumb"},"inLanguage":"tr","potentialAction":[{"@type":"ReadAction","target":["https:\/\/nuevo-renacer.com\/la-vision-espirita-sobre-el-maltrato-de-animales\/"]}]},{"@type":"ImageObject","inLanguage":"tr","@id":"https:\/\/nuevo-renacer.com\/la-vision-espirita-sobre-el-maltrato-de-animales\/#primaryimage","url":"https:\/\/nuevo-renacer.com\/wp-content\/uploads\/2024\/11\/Animales-1024x680.png","contentUrl":"https:\/\/nuevo-renacer.com\/wp-content\/uploads\/2024\/11\/Animales-1024x680.png"},{"@type":"BreadcrumbList","@id":"https:\/\/nuevo-renacer.com\/la-vision-espirita-sobre-el-maltrato-de-animales\/#breadcrumb","itemListElement":[{"@type":"ListItem","position":1,"name":"Startseite","item":"https:\/\/nuevo-renacer.com\/"},{"@type":"ListItem","position":2,"name":"La Visi\u00f3n Esp\u00edrita sobre el Maltrato de Animales"}]},{"@type":"WebSite","@id":"https:\/\/nuevo-renacer.com\/#website","url":"https:\/\/nuevo-renacer.com\/","name":"Uni\u00f3n Esp\u00edrita","description":"Nuevo Renacer","publisher":{"@id":"https:\/\/nuevo-renacer.com\/#organization"},"potentialAction":[{"@type":"SearchAction","target":{"@type":"EntryPoint","urlTemplate":"https:\/\/nuevo-renacer.com\/?s={search_term_string}"},"query-input":{"@type":"PropertyValueSpecification","valueRequired":true,"valueName":"search_term_string"}}],"inLanguage":"tr"},{"@type":"Organization","@id":"https:\/\/nuevo-renacer.com\/#organization","name":"UFEC","url":"https:\/\/nuevo-renacer.com\/","logo":{"@type":"ImageObject","inLanguage":"tr","@id":"https:\/\/nuevo-renacer.com\/#\/schema\/logo\/image\/","url":"https:\/\/nuevo-renacer.com\/wp-content\/uploads\/2024\/05\/cropped-LOGO-TERMINADO1-3-3.png","contentUrl":"https:\/\/nuevo-renacer.com\/wp-content\/uploads\/2024\/05\/cropped-LOGO-TERMINADO1-3-3.png","width":512,"height":512,"caption":"UFEC"},"image":{"@id":"https:\/\/nuevo-renacer.com\/#\/schema\/logo\/image\/"},"sameAs":["https:\/\/www.facebook.com\/groups\/3431398063740829"]}]}},"uagb_featured_image_src":{"full":false,"thumbnail":false,"medium":false,"medium_large":false,"large":false,"1536x1536":false,"2048x2048":false,"trp-custom-language-flag":false},"uagb_author_info":{"display_name":"adbv0","author_link":"https:\/\/nuevo-renacer.com\/tr\/author\/adbv0\/"},"uagb_comment_info":0,"uagb_excerpt":"La Visi\u00f3n Esp\u00edrita sobre el Maltrato de Animales El maltrato animal es uno de los temas m\u00e1s controvertidos y dolorosos de nuestra sociedad moderna. Aunque las leyes y la conciencia social han avanzado para proteger a los animales, el sufrimiento causado por el abuso, la explotaci\u00f3n y la negligencia contin\u00faa siendo una realidad en muchas&hellip;","jetpack_sharing_enabled":true,"_links":{"self":[{"href":"https:\/\/nuevo-renacer.com\/tr\/wp-json\/wp\/v2\/pages\/6384","targetHints":{"allow":["GET"]}}],"collection":[{"href":"https:\/\/nuevo-renacer.com\/tr\/wp-json\/wp\/v2\/pages"}],"about":[{"href":"https:\/\/nuevo-renacer.com\/tr\/wp-json\/wp\/v2\/types\/page"}],"author":[{"embeddable":true,"href":"https:\/\/nuevo-renacer.com\/tr\/wp-json\/wp\/v2\/users\/1"}],"replies":[{"embeddable":true,"href":"https:\/\/nuevo-renacer.com\/tr\/wp-json\/wp\/v2\/comments?post=6384"}],"version-history":[{"count":2,"href":"https:\/\/nuevo-renacer.com\/tr\/wp-json\/wp\/v2\/pages\/6384\/revisions"}],"predecessor-version":[{"id":6387,"href":"https:\/\/nuevo-renacer.com\/tr\/wp-json\/wp\/v2\/pages\/6384\/revisions\/6387"}],"wp:attachment":[{"href":"https:\/\/nuevo-renacer.com\/tr\/wp-json\/wp\/v2\/media?parent=6384"}],"curies":[{"name":"wp","href":"https:\/\/api.w.org\/{rel}","templated":true}]}}