{"id":6177,"date":"2024-11-19T13:55:59","date_gmt":"2024-11-19T13:55:59","guid":{"rendered":"https:\/\/nuevo-renacer.com\/?page_id=6177"},"modified":"2024-11-19T13:55:59","modified_gmt":"2024-11-19T13:55:59","slug":"antonio-goncalves-da-silva","status":"publish","type":"page","link":"https:\/\/nuevo-renacer.com\/tr\/antonio-goncalves-da-silva\/","title":{"rendered":"Ant\u00f4nio Gon\u00e7alves da Silva"},"content":{"rendered":"<div class=\"wp-block-uagb-container uagb-block-ab237eb2 alignfull uagb-is-root-container\"><div class=\"uagb-container-inner-blocks-wrap\">\n<p class=\"has-black-color has-text-color has-link-color has-medium-font-size wp-elements-fda032df3a5d90a304b034f6701bdea0\"><strong>Ant\u00f4nio Gon\u00e7alves da Silva<\/strong><\/p>\n<\/div><\/div>\n\n\n\n<div class=\"wp-block-uagb-container uagb-block-80395d1d alignfull uagb-is-root-container\"><div class=\"uagb-container-inner-blocks-wrap\">\n<figure class=\"wp-block-image size-full is-resized\"><img decoding=\"async\" width=\"192\" height=\"257\" src=\"https:\/\/nuevo-renacer.com\/wp-content\/uploads\/2024\/11\/unnamed.jpg\" alt=\"\" class=\"wp-image-6178\" style=\"width:227px;height:auto\" srcset=\"https:\/\/nuevo-renacer.com\/wp-content\/uploads\/2024\/11\/unnamed.jpg 192w, https:\/\/nuevo-renacer.com\/wp-content\/uploads\/2024\/11\/unnamed-9x12.jpg 9w\" sizes=\"(max-width: 192px) 100vw, 192px\" \/><\/figure>\n<\/div><\/div>\n\n\n\n<div class=\"wp-block-uagb-container uagb-block-441ca5af alignfull uagb-is-root-container\"><div class=\"uagb-container-inner-blocks-wrap\">\n<p class=\"has-black-color has-text-color has-link-color has-small-font-size wp-elements-262e5463d143b401c71cf87a1e565c65\">Ant\u00f4nio Gon\u00e7alves da Silva, 19 Mart 1839&#039;da Portekiz&#039;de \u00c1guas Santas mahallesinde do\u011fdu, bug\u00fcn Maia \u015fehrine ait. K\u00f6yl\u00fclerin o\u011flu ve sadece ilk\u00f6\u011fretimle Brezilya&#039;ya 11 ya\u015f\u0131nda geldi ve 3 Ocak 1850&#039;de \u015fehre geldi. \u00dc\u00e7 y\u0131l boyunca Mahkemenin d\u00fckkan\u0131nda \u00e7al\u0131\u015ft\u0131. Oradan S\u00e3o Paulo&#039;daki Campinas \u015fehrine gitti ve burada kal\u0131c\u0131 olarak ba\u015fkente ta\u015f\u0131nana kadar bir s\u00fcre kald\u0131.<\/p>\n\n\n\n<p class=\"has-black-color has-text-color has-link-color has-small-font-size wp-elements-25a1340f6d1f05e2b4c283082951f5dc\">O zamanlar ba\u015fkentin 30.000&#039;den az n\u00fcfusu vard\u0131 ve buradaki ilk y\u0131llar\u0131nda Batu\u00edra, &#034;Correio Paulistano&#034; gazetesinin distrib\u00fct\u00f6r\u00fc olarak \u00e7al\u0131\u015ft\u0131, \u00e7\u00fcnk\u00fc o zamanlar b\u00fcfeler yoktu ve teslimat \u00f6\u011fleden sonra evden eve, sadece abonelere yap\u0131l\u0131yor. \u00c7al\u0131\u015fkan, d\u00fcr\u00fcst ve ruhen uysal olan Batu\u00edra, bir gazeteci \u00e7ocuk olarak her y\u00f6nden arkada\u015flar ve hayranlar edindi. G\u00f6r\u00fcn\u00fc\u015fe g\u00f6re tipografi sanat\u0131n\u0131, muhtemelen &#034;Correio Paulistano&#034;at\u00f6lyelerinde \u00f6\u011frendi\u011fi zamand\u0131.<\/p>\n\n\n\n<p class=\"has-black-color has-text-color has-link-color has-small-font-size wp-elements-b2f1064ad80af66ccdb8342472f711e3\">\u00c7ok aktif ve bir yerden bir yere ko\u015farak, halk\u0131n bir ku\u015fa verdi\u011fi isim olan &#034;batu\u00edra&#034; lakapl\u0131yd\u0131-bug\u00fcn bulundu\u011fu Tamanduate\u00ed nehri&#039;nin ta\u015fmas\u0131yla olu\u015fan g\u00f6letlerin u\u011frak yeri olan \u00e7ok hafif ve h\u0131zl\u0131 u\u00e7u\u015f.  Antonio Gon\u00e7alves da Silva adl\u0131 adam, ancak o andan itibaren BATU\u00cdRA takma ad\u0131n\u0131 benimsedi. K\u0131sa s\u00fcre sonra toplad\u0131\u011f\u0131 birikimlerle ve elbette arkada\u015flar\u0131n\u0131n yard\u0131m\u0131yla bir meyhanenin arka odas\u0131nda k\u00fc\u00e7\u00fck bir tiyatro kurdu.<\/p>\n\n\n\n<p class=\"has-black-color has-text-color has-link-color has-small-font-size wp-elements-84d10729916a732996e6844f6c5024be\">Bu m\u00fctevaz\u0131 tiyatroda aralar\u0131nda Batu\u00edra&#039;n\u0131n da bulundu\u011fu bir\u00e7ok hayran yer ald\u0131. \u00c7abalar\u0131nda sebat ederek zaman\u0131n\u0131 puro \u00fcretimine adad\u0131. Batu\u00edra, i\u015f ve ekonomiyle birlikte m\u00fctevaz\u0131 finansman\u0131n\u0131 art\u0131rd\u0131 ve bu da onun, yeti\u015fkin olarak \u00f6len ve evlenen o\u011flu Joaquim Gon\u00e7alves Batu\u00edra olan bayan Brandina Maria Jesus ile evlenmesini sa\u011flad\u0131. B\u00fcy\u00fck i\u015fadamlar\u0131 kadar cesur, paras\u0131n\u0131 de\u011fer d\u00fc\u015f\u00fckl\u00fc\u011f\u00fcne u\u011fram\u0131\u015f alanlar\u0131n sat\u0131n al\u0131nmas\u0131na yat\u0131rd\u0131, kiral\u0131k k\u00fc\u00e7\u00fck evler in\u015fa etmeye ba\u015flad\u0131, miras\u0131 y\u0131llarca s\u00fcren s\u0131k\u0131 \u00e7al\u0131\u015fman\u0131n ve d\u00fcr\u00fcstl\u00fc\u011f\u00fcn sonucu olan zengin bir toprak sahibi oldu ve korkusuz bir azimle birle\u015fti.<\/p>\n\n\n\n<p class=\"has-black-color has-text-color has-link-color has-small-font-size wp-elements-0685f5817bf493a08515ab7ecf09f376\">Her \u015fey yolunda gitti\u011finde, neredeyse aniden \u00f6ld\u00fc, ikinci kar\u0131s\u0131 Bayan Maria das Dores Coutinho e Silva&#039;n\u0131n tek o\u011flu. On iki ya\u015f\u0131nda bir \u00e7ocuktu, bu evlilikle b\u00fcy\u00fck bir ba\u011fl\u0131l\u0131k ve \u015fefkat hissetti. Bu darbe, yaln\u0131zca Ruhlar\u0131n rahatlat\u0131c\u0131 Doktrininde teselli bulabilece\u011fi derin bir evi vurdu. Spirit\u00fcalizmin onlara vermesine yard\u0131m etti\u011fi bar\u0131\u015f o kadar b\u00fcy\u00fckt\u00fc ki, Batu\u00edra hemen i\u015fe el koydu ve di\u011fer dertli terrenas&#039;\u0131n o kutsanm\u0131\u015f umut \u00e7e\u015fmesini ve o k\u0131sa bedenin i\u00e7inde sa\u011flam bir \u015fekilde in\u015fa etmesini, asil duygular\u0131na alt\u0131n bir kalple bilmesini hararetle diledi.kom\u015funun sevgisi.<\/p>\n\n\n\n<p class=\"has-black-color has-text-color has-link-color has-small-font-size wp-elements-e0979197e46316c65a7d0d96829ea2eb\">1889&#039;da Batu\u00edra, 1899 veya 1900&#039;e kadar elinde tuttu\u011fu S\u00e3o Paulo \u015fehrinde &#034;Reformcu&#034; dergisinin m\u00fcnhas\u0131r ajan\u0131 oldu. 6 Nisan 1890&#039;da Spiritist Hakikat ve \u0131\u015f\u0131k Grubunu yeniden kurdu, uzun s\u00fcredir &#034;bo\u015fta durumu&#034; olan kurulu\u015f spiritisti. Spirit\u00fcalizmin yay\u0131lmas\u0131 ve yay\u0131lmas\u0131 i\u00e7in k\u00fc\u00e7\u00fck bir bas\u0131n edindi ve 1897&#039;de 15.000 kopyaya ula\u015fan iki haftada bir yay\u0131nlanan &#034;Verdade e Light&#034; \u0131 (Hakikat ve \u0131\u015f\u0131k) yay\u0131nlad\u0131. Batu\u00edra ayn\u0131 zamanda bir trans ortam\u0131 \u015fifac\u0131s\u0131yd\u0131. Dalgalar\u0131n uygulanmas\u0131 veya &#034;ge\u00e7i\u015flerin &#034; manyetik&#034;uygulanmas\u0131 yoluyla hem fiziksel hem de ruhsal y\u00fczlerce iyile\u015fme ger\u00e7ekle\u015ftirdi. Bu nedenle Batu\u00edra&#039;dan faydalanan insanlar ona &#034;Fakirlerin Doktoru&#034; demeye geldiler, ayn\u0131 zamanda Adolfo Bezerra de Menezes&#039;in ad\u0131n\u0131 da alan bir bilimci.<\/p>\n\n\n\n<p class=\"has-black-color has-text-color has-link-color has-small-font-size wp-elements-e95efbd9f48c0c4ee397bb4aa31bc444\">Batu\u00edra&#039;n\u0131n hay\u0131r i\u015fleri, H\u0131ristiyan yard\u0131mseverli\u011finin bu tezah\u00fcrleriyle s\u0131n\u0131rl\u0131 de\u011fildir. \u00c7ok \u00f6tesindeydi. Te\u015fvik eden ve yard\u0131m eden Esp\u00edritas S\u00e3o Paulo, Minas Gerais ve Rio de Janeiro Gruplar\u0131 ve Merkezleri kurdu; bir\u00e7ok eyalette say\u0131s\u0131z \u015fehirde \u00e7e\u015fitli doktrinsel konularda konferanslar d\u00fczenledi ve burada ac\u0131 \u00e7eken erkek ve k\u0131z karde\u015fleri de ziyaret etti ve iyile\u015ftirdi; bast\u0131\u011f\u0131 Maneviyat propagandas\u0131 bro\u015f\u00fcrleri ve bro\u015f\u00fcrleri \u00fccretsiz olarak da\u011f\u0131tt\u0131, ve t\u00fcm alana binlerce kitap da\u011f\u0131tt\u0131. Batu\u00edra, di\u011fer se\u00e7kin karde\u015flerle birlikte, 24 May\u0131s 1908&#039;de S\u00e3o Paulo&#039;da, Eyalette var olan t\u00fcm merkezleri ve gruplar\u0131 federasyona ba\u011flayan &#034;S\u00e3o Paulo Eyaleti Ruh\u00e7ular Birli\u011fi&#034; ni kurdu.<\/p>\n\n\n\n<p class=\"has-black-color has-text-color has-link-color has-small-font-size wp-elements-191c5cafd63d446cbf060613b7d7edc4\">Bu, \u00dc\u00e7\u00fcnc\u00fc Vahyin cesur i\u015f\u00e7isiydi, yolculu\u011fun zorluklar\u0131ndan bunalmas\u0131na asla izin vermeyen yorulmak bilmeyen sava\u015f\u00e7\u0131yd\u0131 ve bu inkar edilemez bir \u015fekilde Brezilya&#039;daki en b\u00fcy\u00fck Spiritizm propagandac\u0131lar\u0131ndan biriydi. Omuzlar\u0131nda \u00e7ok fazla sorumluluk ta\u015f\u0131yarak, g\u00f6revlerinin yerine getirilmesine o kadar ba\u011fl\u0131 hissettim ki, ya\u015fam g\u00fc\u00e7leri h\u0131zla t\u00fckendi. Ani bir hastal\u0131k v\u00fccuduna sald\u0131rd\u0131 ve t\u00fcm t\u0131bbi kaynaklar\u0131 k\u0131zd\u0131rd\u0131, birka\u00e7 g\u00fcn i\u00e7inde \u00f6tesinin s\u0131n\u0131rlar\u0131n\u0131 ge\u00e7mek zorunda kald\u0131. 22 Ocak 1909 Cuma, \u015fafa\u011fa do\u011fru \u00f6l\u00fcyordu Ant\u00f4nio Gon\u00e7alves da Silva, Batu\u00edra.<\/p>\n<\/div><\/div>\n\n\n\n<div class=\"wp-block-uagb-container uagb-block-4845bd5d alignfull uagb-is-root-container\"><div class=\"uagb-container-inner-blocks-wrap\"><\/div><\/div>\n\n\n\n<div class=\"wp-block-uagb-container uagb-block-894cc7c5 alignfull uagb-is-root-container\"><div class=\"uagb-container-inner-blocks-wrap\"><\/div><\/div>","protected":false},"excerpt":{"rendered":"<p>Ant\u00f4nio Gon\u00e7alves da Silva Ant\u00f4nio Gon\u00e7alves da Silva naci\u00f3 el 19 de marzo de 1839 en Portugal, en la parroquia de \u00c1guas Santas, hoy perteneciente al concejo de Maia. Hijo de humildes campesinos y con s\u00f3lo estudios primarios, vino a Brasil a los 11 a\u00f1os, llegando a Guanabara el 3 de enero de 1850. Durante [&hellip;]<\/p>","protected":false},"author":1,"featured_media":0,"parent":0,"menu_order":0,"comment_status":"closed","ping_status":"closed","template":"","meta":{"_uag_custom_page_level_css":"","site-sidebar-layout":"default","site-content-layout":"","ast-site-content-layout":"default","site-content-style":"default","site-sidebar-style":"default","ast-global-header-display":"","ast-banner-title-visibility":"","ast-main-header-display":"","ast-hfb-above-header-display":"","ast-hfb-below-header-display":"","ast-hfb-mobile-header-display":"","site-post-title":"disabled","ast-breadcrumbs-content":"","ast-featured-img":"","footer-sml-layout":"","theme-transparent-header-meta":"","adv-header-id-meta":"","stick-header-meta":"","header-above-stick-meta":"","header-main-stick-meta":"","header-below-stick-meta":"","astra-migrate-meta-layouts":"set","ast-page-background-enabled":"default","ast-page-background-meta":{"desktop":{"background-color":"var(--ast-global-color-4)","background-image":"","background-repeat":"repeat","background-position":"center center","background-size":"auto","background-attachment":"scroll","background-type":"","background-media":"","overlay-type":"","overlay-color":"","overlay-opacity":"","overlay-gradient":""},"tablet":{"background-color":"","background-image":"","background-repeat":"repeat","background-position":"center center","background-size":"auto","background-attachment":"scroll","background-type":"","background-media":"","overlay-type":"","overlay-color":"","overlay-opacity":"","overlay-gradient":""},"mobile":{"background-color":"","background-image":"","background-repeat":"repeat","background-position":"center center","background-size":"auto","background-attachment":"scroll","background-type":"","background-media":"","overlay-type":"","overlay-color":"","overlay-opacity":"","overlay-gradient":""}},"ast-content-background-meta":{"desktop":{"background-color":"var(--ast-global-color-5)","background-image":"","background-repeat":"repeat","background-position":"center center","background-size":"auto","background-attachment":"scroll","background-type":"","background-media":"","overlay-type":"","overlay-color":"","overlay-opacity":"","overlay-gradient":""},"tablet":{"background-color":"var(--ast-global-color-5)","background-image":"","background-repeat":"repeat","background-position":"center center","background-size":"auto","background-attachment":"scroll","background-type":"","background-media":"","overlay-type":"","overlay-color":"","overlay-opacity":"","overlay-gradient":""},"mobile":{"background-color":"var(--ast-global-color-5)","background-image":"","background-repeat":"repeat","background-position":"center center","background-size":"auto","background-attachment":"scroll","background-type":"","background-media":"","overlay-type":"","overlay-color":"","overlay-opacity":"","overlay-gradient":""}},"footnotes":""},"class_list":["post-6177","page","type-page","status-publish","hentry"],"yoast_head":"<!-- This site is optimized with the Yoast SEO Premium plugin v24.2 (Yoast SEO v24.6) - https:\/\/yoast.com\/wordpress\/plugins\/seo\/ -->\n<title>Ant\u00f4nio Gon\u00e7alves da Silva - Uni\u00f3n Esp\u00edrita<\/title>\n<meta name=\"robots\" content=\"index, follow, max-snippet:-1, max-image-preview:large, max-video-preview:-1\" \/>\n<link rel=\"canonical\" href=\"https:\/\/nuevo-renacer.com\/tr\/antonio-goncalves-da-silva\/\" \/>\n<meta property=\"og:locale\" content=\"tr_TR\" \/>\n<meta property=\"og:type\" content=\"article\" \/>\n<meta property=\"og:title\" content=\"Ant\u00f4nio Gon\u00e7alves da Silva\" \/>\n<meta property=\"og:description\" content=\"Ant\u00f4nio Gon\u00e7alves da Silva Ant\u00f4nio Gon\u00e7alves da Silva naci\u00f3 el 19 de marzo de 1839 en Portugal, en la parroquia de \u00c1guas Santas, hoy perteneciente al concejo de Maia. Hijo de humildes campesinos y con s\u00f3lo estudios primarios, vino a Brasil a los 11 a\u00f1os, llegando a Guanabara el 3 de enero de 1850. Durante [&hellip;]\" \/>\n<meta property=\"og:url\" content=\"https:\/\/nuevo-renacer.com\/tr\/antonio-goncalves-da-silva\/\" \/>\n<meta property=\"og:site_name\" content=\"Uni\u00f3n Esp\u00edrita\" \/>\n<meta property=\"article:publisher\" content=\"https:\/\/www.facebook.com\/groups\/3431398063740829\" \/>\n<meta property=\"og:image\" content=\"https:\/\/nuevo-renacer.com\/wp-content\/uploads\/2024\/11\/unnamed.jpg\" \/>\n\t<meta property=\"og:image:width\" content=\"192\" \/>\n\t<meta property=\"og:image:height\" content=\"257\" \/>\n\t<meta property=\"og:image:type\" content=\"image\/jpeg\" \/>\n<meta name=\"twitter:card\" content=\"summary_large_image\" \/>\n<meta name=\"twitter:label1\" content=\"Tahmini okuma s\u00fcresi\" \/>\n\t<meta name=\"twitter:data1\" content=\"5 dakika\" \/>\n<script type=\"application\/ld+json\" class=\"yoast-schema-graph\">{\"@context\":\"https:\/\/schema.org\",\"@graph\":[{\"@type\":\"WebPage\",\"@id\":\"https:\/\/nuevo-renacer.com\/de\/antonio-goncalves-da-silva\/\",\"url\":\"https:\/\/nuevo-renacer.com\/de\/antonio-goncalves-da-silva\/\",\"name\":\"Ant\u00f4nio Gon\u00e7alves da Silva - Uni\u00f3n Esp\u00edrita\",\"isPartOf\":{\"@id\":\"https:\/\/nuevo-renacer.com\/#website\"},\"primaryImageOfPage\":{\"@id\":\"https:\/\/nuevo-renacer.com\/de\/antonio-goncalves-da-silva\/#primaryimage\"},\"image\":{\"@id\":\"https:\/\/nuevo-renacer.com\/de\/antonio-goncalves-da-silva\/#primaryimage\"},\"thumbnailUrl\":\"https:\/\/nuevo-renacer.com\/wp-content\/uploads\/2024\/11\/unnamed.jpg\",\"datePublished\":\"2024-11-19T13:55:59+00:00\",\"breadcrumb\":{\"@id\":\"https:\/\/nuevo-renacer.com\/de\/antonio-goncalves-da-silva\/#breadcrumb\"},\"inLanguage\":\"tr\",\"potentialAction\":[{\"@type\":\"ReadAction\",\"target\":[\"https:\/\/nuevo-renacer.com\/de\/antonio-goncalves-da-silva\/\"]}]},{\"@type\":\"ImageObject\",\"inLanguage\":\"tr\",\"@id\":\"https:\/\/nuevo-renacer.com\/de\/antonio-goncalves-da-silva\/#primaryimage\",\"url\":\"https:\/\/nuevo-renacer.com\/wp-content\/uploads\/2024\/11\/unnamed.jpg\",\"contentUrl\":\"https:\/\/nuevo-renacer.com\/wp-content\/uploads\/2024\/11\/unnamed.jpg\"},{\"@type\":\"BreadcrumbList\",\"@id\":\"https:\/\/nuevo-renacer.com\/de\/antonio-goncalves-da-silva\/#breadcrumb\",\"itemListElement\":[{\"@type\":\"ListItem\",\"position\":1,\"name\":\"Startseite\",\"item\":\"https:\/\/nuevo-renacer.com\/\"},{\"@type\":\"ListItem\",\"position\":2,\"name\":\"Ant\u00f4nio Gon\u00e7alves da Silva\"}]},{\"@type\":\"WebSite\",\"@id\":\"https:\/\/nuevo-renacer.com\/#website\",\"url\":\"https:\/\/nuevo-renacer.com\/\",\"name\":\"Uni\u00f3n Esp\u00edrita\",\"description\":\"Nuevo Renacer\",\"publisher\":{\"@id\":\"https:\/\/nuevo-renacer.com\/#organization\"},\"potentialAction\":[{\"@type\":\"SearchAction\",\"target\":{\"@type\":\"EntryPoint\",\"urlTemplate\":\"https:\/\/nuevo-renacer.com\/?s={search_term_string}\"},\"query-input\":{\"@type\":\"PropertyValueSpecification\",\"valueRequired\":true,\"valueName\":\"search_term_string\"}}],\"inLanguage\":\"tr\"},{\"@type\":\"Organization\",\"@id\":\"https:\/\/nuevo-renacer.com\/#organization\",\"name\":\"UFEC\",\"url\":\"https:\/\/nuevo-renacer.com\/\",\"logo\":{\"@type\":\"ImageObject\",\"inLanguage\":\"tr\",\"@id\":\"https:\/\/nuevo-renacer.com\/#\/schema\/logo\/image\/\",\"url\":\"https:\/\/nuevo-renacer.com\/wp-content\/uploads\/2024\/05\/cropped-LOGO-TERMINADO1-3-3.png\",\"contentUrl\":\"https:\/\/nuevo-renacer.com\/wp-content\/uploads\/2024\/05\/cropped-LOGO-TERMINADO1-3-3.png\",\"width\":512,\"height\":512,\"caption\":\"UFEC\"},\"image\":{\"@id\":\"https:\/\/nuevo-renacer.com\/#\/schema\/logo\/image\/\"},\"sameAs\":[\"https:\/\/www.facebook.com\/groups\/3431398063740829\"]}]}<\/script>\n<!-- \/ Yoast SEO Premium plugin. -->","yoast_head_json":{"title":"Ant\u00f4nio Gon\u00e7alves da Silva - Uni\u00f3n Esp\u00edrita","robots":{"index":"index","follow":"follow","max-snippet":"max-snippet:-1","max-image-preview":"max-image-preview:large","max-video-preview":"max-video-preview:-1"},"canonical":"https:\/\/nuevo-renacer.com\/tr\/antonio-goncalves-da-silva\/","og_locale":"tr_TR","og_type":"article","og_title":"Ant\u00f4nio Gon\u00e7alves da Silva","og_description":"Ant\u00f4nio Gon\u00e7alves da Silva Ant\u00f4nio Gon\u00e7alves da Silva naci\u00f3 el 19 de marzo de 1839 en Portugal, en la parroquia de \u00c1guas Santas, hoy perteneciente al concejo de Maia. Hijo de humildes campesinos y con s\u00f3lo estudios primarios, vino a Brasil a los 11 a\u00f1os, llegando a Guanabara el 3 de enero de 1850. Durante [&hellip;]","og_url":"https:\/\/nuevo-renacer.com\/tr\/antonio-goncalves-da-silva\/","og_site_name":"Uni\u00f3n Esp\u00edrita","article_publisher":"https:\/\/www.facebook.com\/groups\/3431398063740829","og_image":[{"width":192,"height":257,"url":"https:\/\/nuevo-renacer.com\/wp-content\/uploads\/2024\/11\/unnamed.jpg","type":"image\/jpeg"}],"twitter_card":"summary_large_image","twitter_misc":{"Tahmini okuma s\u00fcresi":"5 dakika"},"schema":{"@context":"https:\/\/schema.org","@graph":[{"@type":"WebPage","@id":"https:\/\/nuevo-renacer.com\/de\/antonio-goncalves-da-silva\/","url":"https:\/\/nuevo-renacer.com\/de\/antonio-goncalves-da-silva\/","name":"Ant\u00f4nio Gon\u00e7alves da Silva - Uni\u00f3n Esp\u00edrita","isPartOf":{"@id":"https:\/\/nuevo-renacer.com\/#website"},"primaryImageOfPage":{"@id":"https:\/\/nuevo-renacer.com\/de\/antonio-goncalves-da-silva\/#primaryimage"},"image":{"@id":"https:\/\/nuevo-renacer.com\/de\/antonio-goncalves-da-silva\/#primaryimage"},"thumbnailUrl":"https:\/\/nuevo-renacer.com\/wp-content\/uploads\/2024\/11\/unnamed.jpg","datePublished":"2024-11-19T13:55:59+00:00","breadcrumb":{"@id":"https:\/\/nuevo-renacer.com\/de\/antonio-goncalves-da-silva\/#breadcrumb"},"inLanguage":"tr","potentialAction":[{"@type":"ReadAction","target":["https:\/\/nuevo-renacer.com\/de\/antonio-goncalves-da-silva\/"]}]},{"@type":"ImageObject","inLanguage":"tr","@id":"https:\/\/nuevo-renacer.com\/de\/antonio-goncalves-da-silva\/#primaryimage","url":"https:\/\/nuevo-renacer.com\/wp-content\/uploads\/2024\/11\/unnamed.jpg","contentUrl":"https:\/\/nuevo-renacer.com\/wp-content\/uploads\/2024\/11\/unnamed.jpg"},{"@type":"BreadcrumbList","@id":"https:\/\/nuevo-renacer.com\/de\/antonio-goncalves-da-silva\/#breadcrumb","itemListElement":[{"@type":"ListItem","position":1,"name":"Startseite","item":"https:\/\/nuevo-renacer.com\/"},{"@type":"ListItem","position":2,"name":"Ant\u00f4nio Gon\u00e7alves da Silva"}]},{"@type":"WebSite","@id":"https:\/\/nuevo-renacer.com\/#website","url":"https:\/\/nuevo-renacer.com\/","name":"Uni\u00f3n Esp\u00edrita","description":"Nuevo Renacer","publisher":{"@id":"https:\/\/nuevo-renacer.com\/#organization"},"potentialAction":[{"@type":"SearchAction","target":{"@type":"EntryPoint","urlTemplate":"https:\/\/nuevo-renacer.com\/?s={search_term_string}"},"query-input":{"@type":"PropertyValueSpecification","valueRequired":true,"valueName":"search_term_string"}}],"inLanguage":"tr"},{"@type":"Organization","@id":"https:\/\/nuevo-renacer.com\/#organization","name":"UFEC","url":"https:\/\/nuevo-renacer.com\/","logo":{"@type":"ImageObject","inLanguage":"tr","@id":"https:\/\/nuevo-renacer.com\/#\/schema\/logo\/image\/","url":"https:\/\/nuevo-renacer.com\/wp-content\/uploads\/2024\/05\/cropped-LOGO-TERMINADO1-3-3.png","contentUrl":"https:\/\/nuevo-renacer.com\/wp-content\/uploads\/2024\/05\/cropped-LOGO-TERMINADO1-3-3.png","width":512,"height":512,"caption":"UFEC"},"image":{"@id":"https:\/\/nuevo-renacer.com\/#\/schema\/logo\/image\/"},"sameAs":["https:\/\/www.facebook.com\/groups\/3431398063740829"]}]}},"uagb_featured_image_src":{"full":false,"thumbnail":false,"medium":false,"medium_large":false,"large":false,"1536x1536":false,"2048x2048":false,"trp-custom-language-flag":false},"uagb_author_info":{"display_name":"adbv0","author_link":"https:\/\/nuevo-renacer.com\/tr\/author\/adbv0\/"},"uagb_comment_info":0,"uagb_excerpt":"Ant\u00f4nio Gon\u00e7alves da Silva Ant\u00f4nio Gon\u00e7alves da Silva naci\u00f3 el 19 de marzo de 1839 en Portugal, en la parroquia de \u00c1guas Santas, hoy perteneciente al concejo de Maia. Hijo de humildes campesinos y con s\u00f3lo estudios primarios, vino a Brasil a los 11 a\u00f1os, llegando a Guanabara el 3 de enero de 1850. Durante&hellip;","jetpack_sharing_enabled":true,"_links":{"self":[{"href":"https:\/\/nuevo-renacer.com\/tr\/wp-json\/wp\/v2\/pages\/6177","targetHints":{"allow":["GET"]}}],"collection":[{"href":"https:\/\/nuevo-renacer.com\/tr\/wp-json\/wp\/v2\/pages"}],"about":[{"href":"https:\/\/nuevo-renacer.com\/tr\/wp-json\/wp\/v2\/types\/page"}],"author":[{"embeddable":true,"href":"https:\/\/nuevo-renacer.com\/tr\/wp-json\/wp\/v2\/users\/1"}],"replies":[{"embeddable":true,"href":"https:\/\/nuevo-renacer.com\/tr\/wp-json\/wp\/v2\/comments?post=6177"}],"version-history":[{"count":1,"href":"https:\/\/nuevo-renacer.com\/tr\/wp-json\/wp\/v2\/pages\/6177\/revisions"}],"predecessor-version":[{"id":6179,"href":"https:\/\/nuevo-renacer.com\/tr\/wp-json\/wp\/v2\/pages\/6177\/revisions\/6179"}],"wp:attachment":[{"href":"https:\/\/nuevo-renacer.com\/tr\/wp-json\/wp\/v2\/media?parent=6177"}],"curies":[{"name":"wp","href":"https:\/\/api.w.org\/{rel}","templated":true}]}}