{"id":6123,"date":"2024-11-13T08:37:55","date_gmt":"2024-11-13T08:37:55","guid":{"rendered":"https:\/\/nuevo-renacer.com\/?page_id=6123"},"modified":"2024-11-13T08:37:55","modified_gmt":"2024-11-13T08:37:55","slug":"william-stainton-moses","status":"publish","type":"page","link":"https:\/\/nuevo-renacer.com\/tr\/william-stainton-moses\/","title":{"rendered":"William Stainton Moses"},"content":{"rendered":"<div class=\"wp-block-uagb-container uagb-block-81e406c0 alignfull uagb-is-root-container\"><div class=\"uagb-container-inner-blocks-wrap\">\n<p class=\"has-black-color has-text-color has-link-color has-medium-font-size wp-elements-38c5d581087f9cc60ef2df25a1d7f234\"><strong>William Stainton Moses<\/strong><\/p>\n<\/div><\/div>\n\n\n\n<div class=\"wp-block-uagb-container uagb-block-7dce2be8 alignfull uagb-is-root-container\"><div class=\"uagb-container-inner-blocks-wrap\">\n<figure class=\"wp-block-image size-full is-resized\"><img fetchpriority=\"high\" decoding=\"async\" width=\"1000\" height=\"748\" src=\"https:\/\/nuevo-renacer.com\/wp-content\/uploads\/2024\/11\/William_staiton_moses_foto.jpg\" alt=\"\" class=\"wp-image-6124\" style=\"width:298px;height:auto\" srcset=\"https:\/\/nuevo-renacer.com\/wp-content\/uploads\/2024\/11\/William_staiton_moses_foto.jpg 1000w, https:\/\/nuevo-renacer.com\/wp-content\/uploads\/2024\/11\/William_staiton_moses_foto-300x224.jpg 300w, https:\/\/nuevo-renacer.com\/wp-content\/uploads\/2024\/11\/William_staiton_moses_foto-768x574.jpg 768w, https:\/\/nuevo-renacer.com\/wp-content\/uploads\/2024\/11\/William_staiton_moses_foto-16x12.jpg 16w\" sizes=\"(max-width: 1000px) 100vw, 1000px\" \/><\/figure>\n<\/div><\/div>\n\n\n\n<div class=\"wp-block-uagb-container uagb-block-be4115a9 alignfull uagb-is-root-container\"><div class=\"uagb-container-inner-blocks-wrap\">\n<p class=\"has-black-color has-text-color has-link-color has-small-font-size wp-elements-f4be6802798c5d0801fa5189daf9b61f\">William Stainton Moses, 5 Kas\u0131m 1839&#039;da Domington, Lincolnshire, \u0130ngiltere ve desencarno&#039;da 5 Eyl\u00fcl 1892&#039;de do\u011fdu.<\/p>\n\n\n\n<p class=\"has-black-color has-text-color has-link-color has-small-font-size wp-elements-42b5063d4669be0594eb22e780bb7971\">Babas\u0131 William Moses, gramer okulunun rekt\u00f6r\u00fcyd\u00fc ve annesi Thomas Stainton d Alford&#039;un k\u0131z\u0131yd\u0131. Gen\u00e7 William Stainton Musa, \u00e7al\u0131\u015fmalar\u0131na babas\u0131n\u0131n rehberli\u011finde ba\u015flad\u0131 ve daha sonra yeteneklerine hayran kalarak o\u011flunu bir devlet okuluna g\u00f6ndermek i\u00e7in babas\u0131yla \u00e7ok m\u00fccadele eden \u00f6zel bir \u00f6\u011fretmene emanet edildi. 1855&#039;te Bedford Gramer Okulu&#039;na girdi ve burada \u00fc\u00e7 y\u0131l okudu ve \u00f6\u011fretmenlere daha fazla isvi\u00e7reli \u00f6vg\u00fcy\u00fc hak etti, \u00e7\u00fcnk\u00fc \u00e7al\u0131\u015fmalara olan ba\u011fl\u0131l\u0131\u011f\u0131n\u0131n yan\u0131nda acendrado g\u00f6rev duygusunu ortaya \u00e7\u0131kard\u0131. \u00c7ok say\u0131da \u00f6d\u00fcl ald\u0131ktan sonra bu okuldan ayr\u0131ld\u0131.<\/p>\n\n\n\n<p class=\"has-black-color has-text-color has-link-color has-small-font-size wp-elements-d9988a8f9a2423f9fe4654ef11e819f4\">Bedford, Stainton Moses, 1858&#039;de Oxford&#039;daki \u201cExeter Koleji &#034; ne girdi. \u00d6\u011frenci hayat\u0131 en y\u00fcksek onurlara lay\u0131kt\u0131, hatta okul konular\u0131na a\u015f\u0131r\u0131 ba\u011fl\u0131l\u0131k nedeniyle tehlikeli bir \u015fekilde hastalanm\u0131\u015ft\u0131.<\/p>\n\n\n\n<p class=\"has-black-color has-text-color has-link-color has-small-font-size wp-elements-0a93471f864a1b46e55106f67c762cd5\">Hastal\u0131\u011f\u0131n iyile\u015fmesi i\u00e7in Avrupa k\u0131tas\u0131nda bir y\u0131l seyahat etti ve d\u00f6nd\u00fckten sonra alt\u0131 ay\u0131n\u0131 Yunan Athos Da\u011f\u0131&#039;n\u0131n eski manast\u0131r\u0131nda ge\u00e7irdi. Merak ve her \u015feyden \u00f6nce b\u00fcy\u00fck bir meditasyon ve tecrit ihtiyac\u0131 onu her zaman manast\u0131rda kalmaya zorlad\u0131. Birka\u00e7 y\u0131l sonra, \u0130mparator olarak bilinen manevi ak\u0131l hocas\u0131, o zamandan beri manevi e\u011fitimlerine yard\u0131m etmekle ilgilenen manevi varl\u0131klardan etkilendi\u011fini a\u00e7\u0131klad\u0131.<\/p>\n\n\n\n<p class=\"has-black-color has-text-color has-link-color has-small-font-size wp-elements-2f1027dea7f435b32550a9089c5e57fc\">23 ya\u015f\u0131nda olan Stainton Moses Oxford&#039;a d\u00f6nd\u00fc. Diplomas\u0131n\u0131 alan Ali, 1863&#039;te \u00fcniversiteden ayr\u0131ld\u0131. Sa\u011fl\u0131\u011f\u0131n\u0131n daha iyi olmas\u0131na ra\u011fmen, sahada bir ya\u015fam s\u00fcrd\u00fcrme ihtiyac\u0131, onu Ramsey yak\u0131nlar\u0131ndaki Maughold&#039;da bir papazl\u0131\u011f\u0131 kabul etmesine yol a\u00e7t\u0131., Man Adas\u0131, be\u015f y\u0131l orada kalarak, ileri ya\u015f\u0131 nedeniyle bu i\u015flevleri yerine getiremeyen rekt\u00f6r\u00fcn yerini ald\u0131. Bu, Musa&#039;n\u0131n \u00e7ifte g\u00f6revi olmas\u0131na yol a\u00e7t\u0131.<\/p>\n\n\n\n<p class=\"has-black-color has-text-color has-link-color has-small-font-size wp-elements-4bd1d9cffc495552a69a0ea72dbb2e24\">O b\u00f6lgede ortaya \u00e7\u0131kan bir \u00e7i\u00e7ek hastal\u0131\u011f\u0131 salg\u0131n\u0131, ba\u011fl\u0131l\u0131klar\u0131n\u0131 ve cesaretlerini vurgulad\u0131. Orada hekim olmad\u0131\u011f\u0131 i\u00e7in t\u0131p bilgisi olan gen\u00e7 adam, b\u00f6lge sakinlerinin beden ve ruhlar\u0131yla ilgilendi. Gece g\u00fcnd\u00fcz bestelenecek, ancak salg\u0131n yava\u015f ilerleyerek onu ayn\u0131 zamanda dindar bir papaz yaparak \u00e7ekirdek n\u00fcfusun doktoru ve cenazecisi oldu. Onlar\u0131n a\u015f\u0131r\u0131 ba\u011fl\u0131l\u0131klar\u0131, cemaat\u00e7ileri taraf\u0131ndan daha da sevildi. Ancak sa\u011fl\u0131\u011f\u0131, iki cemaatin idaresinin getirdi\u011fi y\u00fck\u00fcml\u00fcl\u00fckleri yerine getirememesi nedeniyle yeni bir ikamet yeri aramak zorunda kald\u0131. Yer sakinlerinin y\u00f6nlendirdi\u011fi bir dilek\u00e7eye ra\u011fmen, Stainton Moses, 1868&#039;de Saint-Georges, Douglas, Man Adas\u0131&#039;n\u0131n k\u00fcrat\u00f6rl\u00fc\u011f\u00fcn\u00fc doldurmak i\u00e7in ac\u0131 \u00e7ekerek geri \u00e7ekildi ve burada a\u011f\u0131r hastaland\u0131 ve Douglas&#039;ta kar\u0131s\u0131yla birlikte ikamet eden Dr. Stanhope Speers taraf\u0131ndan tedavi edildi ve o, o, o, o, o, o, o, o, o, o, o, o, o, o, o, o, o, o, o, o, o, o, o, o, o, o, o, o, o, o, o, o, o, o, o, o, o, o, o, o mesle\u011fini icra etmedi.<\/p>\n\n\n\n<p class=\"has-black-color has-text-color has-link-color has-small-font-size wp-elements-1a341f2fcb4bc261ed4e48f834d2af89\">Eyl\u00fcl 1869&#039;da evden ayr\u0131ld\u0131 ve uygulanan vaaz ve hay\u0131r i\u015fleri i\u00e7in derin bir izlenim b\u0131rakt\u0131. Langton&#039;da kiliseye hizmet etti\u011fi birka\u00e7 ay sonra ve bo\u011faz hastal\u0131\u011f\u0131 olan Salisbury Piskoposlu\u011fu&#039;ndaki bir k\u00fcrat\u00f6rl\u00fckte onu bakanl\u0131ktan vazge\u00e7meye zorlad\u0131.<\/p>\n\n\n\n<p class=\"has-black-color has-text-color has-link-color has-small-font-size wp-elements-d09098c9050c02a28dc1faa46e73082e\">1870 y\u0131l\u0131n\u0131n sonunda Stainton, 1889&#039;a kadar elinde tuttu\u011fu University College School&#039;da ingilizce profes\u00f6r\u00fc olarak g\u00f6rev ald\u0131. 1870 y\u0131l\u0131nda, Londra&#039;daki Dr. Speers&#039;\u0131n evinde ikamet ettikleri s\u00fcre boyunca dikkati Maneviyata \u00e7ekildi. Doktorun kar\u0131s\u0131 \u00fc\u00e7 hafta hastayd\u0131 ve dikkatini da\u011f\u0131tmak i\u00e7in Dale Owen taraf\u0131ndan yaz\u0131lan \u201cTart\u0131\u015fmal\u0131 Topraklar\u201d (bu d\u00fcnya ile \u00f6teki aras\u0131nda anla\u015fmazl\u0131k i\u00e7inde olan bir B\u00f6lge) kitab\u0131n\u0131 okudu. Bu kitapla yo\u011fun bir \u015fekilde ilgilenerek, aile toplant\u0131s\u0131ndaki yerinize devam eder etmez, Stainton Musa&#039;dan okumas\u0131n\u0131 ve yazar\u0131n anlatt\u0131\u011f\u0131 ger\u00e7e\u011fin ne olabilece\u011fini ke\u015ffetmeye \u00e7al\u0131\u015fmas\u0131n\u0131 istedi.<\/p>\n\n\n\n<p class=\"has-black-color has-text-color has-link-color has-small-font-size wp-elements-af7f8cd292325f98b4b617cfa7a2841c\">Dr. Speers ve Stainton Moses, itiraf ettikleri doktriner dinin baz\u0131 noktalar\u0131n\u0131 defalarca tart\u0131\u015ft\u0131lar ve mevcut doktrinlerden pek memnun olmad\u0131klar\u0131 i\u00e7in Dr. Speers materyalist bir tavizsiz hale gelmi\u015fti.<\/p>\n\n\n\n<p class=\"has-black-color has-text-color has-link-color has-small-font-size wp-elements-ae56e068381749be64275192f76b109d\">1872&#039;de Stainton Moses, Bayan Speers&#039;a verilen s\u00f6z\u00fc yerine getirmek i\u00e7in Spirit\u00fcalizm \u00fczerine \u00e7al\u0131\u015fmaya ba\u015flad\u0131, \u00f6zellikle Lottie Towler&#039;a arac\u0131l\u0131k etti\u011fim baz\u0131 spiritizm oturumlar\u0131na kat\u0131ld\u0131. M\u0131zrakl\u0131lar\u0131n ikametgah\u0131nda yap\u0131lan bir oturumda, Musa&#039;y\u0131 bir ara\u00e7 olarak Lekelemek zorunda kald\u0131klar\u0131nda, hepsi ruhun \u00f6l\u00fcms\u00fczl\u00fc\u011f\u00fcne olan inanc\u0131n\u0131 g\u00fc\u00e7lendirerek ileti\u015fim kuran Ruhlar\u0131n varl\u0131\u011f\u0131n\u0131n ger\u00e7ekli\u011fine ikna oldular.<\/p>\n\n\n\n<p class=\"has-black-color has-text-color has-link-color has-small-font-size wp-elements-b2e0f9fb558da1fe3d40e17247e1d7d0\">O zaman, ola\u011fan\u00fcst\u00fc bir g\u00fcce sahip olan Musa&#039;n\u0131n mediunidad&#039;\u0131 geli\u015fmeye ba\u015flad\u0131. Aralar\u0131 taraf\u0131ndan y\u00fcr\u00fct\u00fclen oturumlar s\u0131ras\u0131nda ondan daha az farkl\u0131 tezah\u00fcr t\u00fcr\u00fc meydana gelmedi. Ko\u015fullar uygun oldu\u011funda g\u00f6steriler \u00e7o\u011fald\u0131, dayaklar daha s\u0131k, daha parlak \u0131\u015f\u0131klar ve m\u00fczik sesleri daha farkl\u0131 hale geldi. \u0130\u00e7inden harika fenomenler \u00fcretilir: m\u00fczik sesleri, yumruklar, i\u015faret fi\u015fekleri, parf\u00fcmlerle \u00e7evrenin balsamizasyonu atmosferi sarsan &#034;\u015eans\u00f6lye&#034; ad\u0131 verilen bir Ruhun \u00fcretti\u011fi \u00e7e\u015fitli, a\u011f\u0131r ad\u0131mlar, \u00e7anlar\u0131n parlamas\u0131, A\u011f\u0131r cisimlerin havaya kald\u0131r\u0131lmas\u0131: masalar, sandalyeler, maddenin aktar\u0131lmas\u0131, do\u011frudan fenomenler ses, en \u00e7e\u015fitli tonlar\u0131n \u00e7e\u015fitli tarif edilemez fenomenlerine ek olarak.<\/p>\n\n\n\n<p class=\"has-black-color has-text-color has-link-color has-small-font-size wp-elements-ef1d42f1f6d6f966f09128b96758c8c0\">Medyumlu\u011funuzun aktif d\u00f6neminde, Stainton Moses Spirit\u00fcalizmi incelemek i\u00e7in toplumlar\u0131n olu\u015fumuna titizlikle kendini adam\u0131\u015ft\u0131r. Konseyin ilk \u00fcyelerinden biri olan Nisan 1875&#039;te B\u00fcy\u00fck Britanya Psikoloji Derne\u011fi&#039;nin 1873&#039;te ingiliz Spirit\u00fcalistler Ulusal Birli\u011fi&#039;nin kurulmas\u0131na katk\u0131da bulundu; 1882&#039;de Psi\u015fik Ara\u015ft\u0131rmalar Derne\u011fi ve nihayetinde ilk \u00fcyesi oldu\u011fu Londra \u0130ttifak Spirit\u00fcalisti ba\u015fkan, kararnamesine kadar tuttu\u011fu bir pozisyon.<\/p>\n\n\n\n<p class=\"has-black-color has-text-color has-link-color has-small-font-size wp-elements-c48f79d0c5f5bb93db8b7ed95698f5b1\">Bu faaliyetlere ek olarak, dergi \u0131\u015f\u0131\u011f\u0131n\u0131, gazete arka plan ruh\u00e7usunu y\u00f6netti. Medianica fak\u00fcltenizin yo\u011funlu\u011fu azalsa da, psikografinin g\u00fcc\u00fcn\u00fc her zaman korudu.<\/p>\n\n\n\n<p class=\"has-black-color has-text-color has-link-color has-small-font-size wp-elements-54504f906a74e104a8a8816faecda3c3\">1889&#039;dan beri sa\u011fl\u0131\u011f\u0131 \u00e7ok k\u00f6t\u00fcle\u015fti, art arda gelen grip sald\u0131r\u0131lar\u0131, hi\u00e7bir zaman sa\u011flam olmayan anayasas\u0131n\u0131 baltalayarak desencarnaci\u00f3n&#039;una neden oldu.<\/p>\n\n\n\n<p class=\"has-black-color has-text-color has-link-color has-small-font-size wp-elements-3dd5100691ab8274e837baf7804163c8\">\u201cRuh \u00d6\u011fretileri\u201d adl\u0131 eseri, Ruh imparatoru taraf\u0131ndan verilen bir dizi \u00f6\u011fretiyi i\u00e7eren bir eserdir.<\/p>\n\n\n\n<div class=\"wp-block-uagb-container uagb-block-06d69fac\">\n<figure class=\"wp-block-image size-full is-resized\"><img decoding=\"async\" width=\"597\" height=\"924\" src=\"https:\/\/nuevo-renacer.com\/wp-content\/uploads\/2024\/11\/51IQdxUa2SL._AC_UF10001000_QL80_.jpg\" alt=\"\" class=\"wp-image-6125\" style=\"width:174px;height:auto\" srcset=\"https:\/\/nuevo-renacer.com\/wp-content\/uploads\/2024\/11\/51IQdxUa2SL._AC_UF10001000_QL80_.jpg 597w, https:\/\/nuevo-renacer.com\/wp-content\/uploads\/2024\/11\/51IQdxUa2SL._AC_UF10001000_QL80_-194x300.jpg 194w, https:\/\/nuevo-renacer.com\/wp-content\/uploads\/2024\/11\/51IQdxUa2SL._AC_UF10001000_QL80_-8x12.jpg 8w\" sizes=\"(max-width: 597px) 100vw, 597px\" \/><\/figure>\n<\/div>\n\n\n\n<p class=\"has-black-color has-text-color has-link-color has-small-font-size wp-elements-74570bfe7dfa34af53edcafd75910151\">Hayat\u0131nda, Stainton Moses, her zaman do\u011fru yarg\u0131larda bulunan, al\u00e7akg\u00f6n\u00fcll\u00fc, kibirsiz, iftiralar\u0131na asla kaba s\u00f6zler s\u00f6ylemedi\u011fimi ve k\u0131sacas\u0131 erkekler aras\u0131nda bir dizi nadir niteli\u011fe sahip oldu\u011fumu s\u00f6yleyen, do\u011fru bir adamd\u0131.<\/p>\n<\/div><\/div>\n\n\n\n<div class=\"wp-block-uagb-container uagb-block-515436af alignfull uagb-is-root-container\"><div class=\"uagb-container-inner-blocks-wrap\"><\/div><\/div>\n\n\n\n<div class=\"wp-block-uagb-container uagb-block-310ce2ed alignfull uagb-is-root-container\"><div class=\"uagb-container-inner-blocks-wrap\"><\/div><\/div>","protected":false},"excerpt":{"rendered":"<p>William Stainton Moses William Stainton Moses naci\u00f3 el 5 de noviembre de 1839 en Domington, Lincolnshire, Inglaterra, y desencarno el 5 de septiembre de 1892. Su padre, William Moses, era rector de la escuela de gram\u00e1tica, y su madre era hija de Thomas Stainton d&#8217;Alford. El joven William Stainton Moses comenz\u00f3 sus estudios bajo la [&hellip;]<\/p>","protected":false},"author":1,"featured_media":0,"parent":0,"menu_order":0,"comment_status":"closed","ping_status":"closed","template":"","meta":{"_uag_custom_page_level_css":"","site-sidebar-layout":"default","site-content-layout":"","ast-site-content-layout":"default","site-content-style":"default","site-sidebar-style":"default","ast-global-header-display":"","ast-banner-title-visibility":"","ast-main-header-display":"","ast-hfb-above-header-display":"","ast-hfb-below-header-display":"","ast-hfb-mobile-header-display":"","site-post-title":"disabled","ast-breadcrumbs-content":"","ast-featured-img":"","footer-sml-layout":"","theme-transparent-header-meta":"","adv-header-id-meta":"","stick-header-meta":"","header-above-stick-meta":"","header-main-stick-meta":"","header-below-stick-meta":"","astra-migrate-meta-layouts":"set","ast-page-background-enabled":"default","ast-page-background-meta":{"desktop":{"background-color":"var(--ast-global-color-4)","background-image":"","background-repeat":"repeat","background-position":"center center","background-size":"auto","background-attachment":"scroll","background-type":"","background-media":"","overlay-type":"","overlay-color":"","overlay-opacity":"","overlay-gradient":""},"tablet":{"background-color":"","background-image":"","background-repeat":"repeat","background-position":"center center","background-size":"auto","background-attachment":"scroll","background-type":"","background-media":"","overlay-type":"","overlay-color":"","overlay-opacity":"","overlay-gradient":""},"mobile":{"background-color":"","background-image":"","background-repeat":"repeat","background-position":"center center","background-size":"auto","background-attachment":"scroll","background-type":"","background-media":"","overlay-type":"","overlay-color":"","overlay-opacity":"","overlay-gradient":""}},"ast-content-background-meta":{"desktop":{"background-color":"var(--ast-global-color-5)","background-image":"","background-repeat":"repeat","background-position":"center center","background-size":"auto","background-attachment":"scroll","background-type":"","background-media":"","overlay-type":"","overlay-color":"","overlay-opacity":"","overlay-gradient":""},"tablet":{"background-color":"var(--ast-global-color-5)","background-image":"","background-repeat":"repeat","background-position":"center center","background-size":"auto","background-attachment":"scroll","background-type":"","background-media":"","overlay-type":"","overlay-color":"","overlay-opacity":"","overlay-gradient":""},"mobile":{"background-color":"var(--ast-global-color-5)","background-image":"","background-repeat":"repeat","background-position":"center center","background-size":"auto","background-attachment":"scroll","background-type":"","background-media":"","overlay-type":"","overlay-color":"","overlay-opacity":"","overlay-gradient":""}},"footnotes":""},"class_list":["post-6123","page","type-page","status-publish","hentry"],"yoast_head":"<!-- This site is optimized with the Yoast SEO Premium plugin v24.2 (Yoast SEO v24.6) - https:\/\/yoast.com\/wordpress\/plugins\/seo\/ -->\n<title>William Stainton Moses - Uni\u00f3n Esp\u00edrita<\/title>\n<meta name=\"robots\" content=\"index, follow, max-snippet:-1, max-image-preview:large, max-video-preview:-1\" \/>\n<link rel=\"canonical\" href=\"https:\/\/nuevo-renacer.com\/tr\/william-stainton-moses\/\" \/>\n<meta property=\"og:locale\" content=\"tr_TR\" \/>\n<meta property=\"og:type\" content=\"article\" \/>\n<meta property=\"og:title\" content=\"William Stainton Moses\" \/>\n<meta property=\"og:description\" content=\"William Stainton Moses William Stainton Moses naci\u00f3 el 5 de noviembre de 1839 en Domington, Lincolnshire, Inglaterra, y desencarno el 5 de septiembre de 1892. Su padre, William Moses, era rector de la escuela de gram\u00e1tica, y su madre era hija de Thomas Stainton d&#8217;Alford. El joven William Stainton Moses comenz\u00f3 sus estudios bajo la [&hellip;]\" \/>\n<meta property=\"og:url\" content=\"https:\/\/nuevo-renacer.com\/tr\/william-stainton-moses\/\" \/>\n<meta property=\"og:site_name\" content=\"Uni\u00f3n Esp\u00edrita\" \/>\n<meta property=\"article:publisher\" content=\"https:\/\/www.facebook.com\/groups\/3431398063740829\" \/>\n<meta property=\"og:image\" content=\"https:\/\/nuevo-renacer.com\/wp-content\/uploads\/2024\/11\/William_staiton_moses_foto.jpg\" \/>\n\t<meta property=\"og:image:width\" content=\"1000\" \/>\n\t<meta property=\"og:image:height\" content=\"748\" \/>\n\t<meta property=\"og:image:type\" content=\"image\/jpeg\" \/>\n<meta name=\"twitter:card\" content=\"summary_large_image\" \/>\n<meta name=\"twitter:label1\" content=\"Tahmini okuma s\u00fcresi\" \/>\n\t<meta name=\"twitter:data1\" content=\"6 dakika\" \/>\n<script type=\"application\/ld+json\" class=\"yoast-schema-graph\">{\"@context\":\"https:\/\/schema.org\",\"@graph\":[{\"@type\":\"WebPage\",\"@id\":\"https:\/\/nuevo-renacer.com\/william-stainton-moses\/\",\"url\":\"https:\/\/nuevo-renacer.com\/william-stainton-moses\/\",\"name\":\"William Stainton Moses - Uni\u00f3n Esp\u00edrita\",\"isPartOf\":{\"@id\":\"https:\/\/nuevo-renacer.com\/#website\"},\"primaryImageOfPage\":{\"@id\":\"https:\/\/nuevo-renacer.com\/william-stainton-moses\/#primaryimage\"},\"image\":{\"@id\":\"https:\/\/nuevo-renacer.com\/william-stainton-moses\/#primaryimage\"},\"thumbnailUrl\":\"https:\/\/nuevo-renacer.com\/wp-content\/uploads\/2024\/11\/William_staiton_moses_foto.jpg\",\"datePublished\":\"2024-11-13T08:37:55+00:00\",\"breadcrumb\":{\"@id\":\"https:\/\/nuevo-renacer.com\/william-stainton-moses\/#breadcrumb\"},\"inLanguage\":\"tr\",\"potentialAction\":[{\"@type\":\"ReadAction\",\"target\":[\"https:\/\/nuevo-renacer.com\/william-stainton-moses\/\"]}]},{\"@type\":\"ImageObject\",\"inLanguage\":\"tr\",\"@id\":\"https:\/\/nuevo-renacer.com\/william-stainton-moses\/#primaryimage\",\"url\":\"https:\/\/nuevo-renacer.com\/wp-content\/uploads\/2024\/11\/William_staiton_moses_foto.jpg\",\"contentUrl\":\"https:\/\/nuevo-renacer.com\/wp-content\/uploads\/2024\/11\/William_staiton_moses_foto.jpg\"},{\"@type\":\"BreadcrumbList\",\"@id\":\"https:\/\/nuevo-renacer.com\/william-stainton-moses\/#breadcrumb\",\"itemListElement\":[{\"@type\":\"ListItem\",\"position\":1,\"name\":\"Startseite\",\"item\":\"https:\/\/nuevo-renacer.com\/\"},{\"@type\":\"ListItem\",\"position\":2,\"name\":\"William Stainton Moses\"}]},{\"@type\":\"WebSite\",\"@id\":\"https:\/\/nuevo-renacer.com\/#website\",\"url\":\"https:\/\/nuevo-renacer.com\/\",\"name\":\"Uni\u00f3n Esp\u00edrita\",\"description\":\"Nuevo Renacer\",\"publisher\":{\"@id\":\"https:\/\/nuevo-renacer.com\/#organization\"},\"potentialAction\":[{\"@type\":\"SearchAction\",\"target\":{\"@type\":\"EntryPoint\",\"urlTemplate\":\"https:\/\/nuevo-renacer.com\/?s={search_term_string}\"},\"query-input\":{\"@type\":\"PropertyValueSpecification\",\"valueRequired\":true,\"valueName\":\"search_term_string\"}}],\"inLanguage\":\"tr\"},{\"@type\":\"Organization\",\"@id\":\"https:\/\/nuevo-renacer.com\/#organization\",\"name\":\"UFEC\",\"url\":\"https:\/\/nuevo-renacer.com\/\",\"logo\":{\"@type\":\"ImageObject\",\"inLanguage\":\"tr\",\"@id\":\"https:\/\/nuevo-renacer.com\/#\/schema\/logo\/image\/\",\"url\":\"https:\/\/nuevo-renacer.com\/wp-content\/uploads\/2024\/05\/cropped-LOGO-TERMINADO1-3-3.png\",\"contentUrl\":\"https:\/\/nuevo-renacer.com\/wp-content\/uploads\/2024\/05\/cropped-LOGO-TERMINADO1-3-3.png\",\"width\":512,\"height\":512,\"caption\":\"UFEC\"},\"image\":{\"@id\":\"https:\/\/nuevo-renacer.com\/#\/schema\/logo\/image\/\"},\"sameAs\":[\"https:\/\/www.facebook.com\/groups\/3431398063740829\"]}]}<\/script>\n<!-- \/ Yoast SEO Premium plugin. -->","yoast_head_json":{"title":"William Stainton Moses - Uni\u00f3n Esp\u00edrita","robots":{"index":"index","follow":"follow","max-snippet":"max-snippet:-1","max-image-preview":"max-image-preview:large","max-video-preview":"max-video-preview:-1"},"canonical":"https:\/\/nuevo-renacer.com\/tr\/william-stainton-moses\/","og_locale":"tr_TR","og_type":"article","og_title":"William Stainton Moses","og_description":"William Stainton Moses William Stainton Moses naci\u00f3 el 5 de noviembre de 1839 en Domington, Lincolnshire, Inglaterra, y desencarno el 5 de septiembre de 1892. Su padre, William Moses, era rector de la escuela de gram\u00e1tica, y su madre era hija de Thomas Stainton d&#8217;Alford. El joven William Stainton Moses comenz\u00f3 sus estudios bajo la [&hellip;]","og_url":"https:\/\/nuevo-renacer.com\/tr\/william-stainton-moses\/","og_site_name":"Uni\u00f3n Esp\u00edrita","article_publisher":"https:\/\/www.facebook.com\/groups\/3431398063740829","og_image":[{"width":1000,"height":748,"url":"https:\/\/nuevo-renacer.com\/wp-content\/uploads\/2024\/11\/William_staiton_moses_foto.jpg","type":"image\/jpeg"}],"twitter_card":"summary_large_image","twitter_misc":{"Tahmini okuma s\u00fcresi":"6 dakika"},"schema":{"@context":"https:\/\/schema.org","@graph":[{"@type":"WebPage","@id":"https:\/\/nuevo-renacer.com\/william-stainton-moses\/","url":"https:\/\/nuevo-renacer.com\/william-stainton-moses\/","name":"William Stainton Moses - Uni\u00f3n Esp\u00edrita","isPartOf":{"@id":"https:\/\/nuevo-renacer.com\/#website"},"primaryImageOfPage":{"@id":"https:\/\/nuevo-renacer.com\/william-stainton-moses\/#primaryimage"},"image":{"@id":"https:\/\/nuevo-renacer.com\/william-stainton-moses\/#primaryimage"},"thumbnailUrl":"https:\/\/nuevo-renacer.com\/wp-content\/uploads\/2024\/11\/William_staiton_moses_foto.jpg","datePublished":"2024-11-13T08:37:55+00:00","breadcrumb":{"@id":"https:\/\/nuevo-renacer.com\/william-stainton-moses\/#breadcrumb"},"inLanguage":"tr","potentialAction":[{"@type":"ReadAction","target":["https:\/\/nuevo-renacer.com\/william-stainton-moses\/"]}]},{"@type":"ImageObject","inLanguage":"tr","@id":"https:\/\/nuevo-renacer.com\/william-stainton-moses\/#primaryimage","url":"https:\/\/nuevo-renacer.com\/wp-content\/uploads\/2024\/11\/William_staiton_moses_foto.jpg","contentUrl":"https:\/\/nuevo-renacer.com\/wp-content\/uploads\/2024\/11\/William_staiton_moses_foto.jpg"},{"@type":"BreadcrumbList","@id":"https:\/\/nuevo-renacer.com\/william-stainton-moses\/#breadcrumb","itemListElement":[{"@type":"ListItem","position":1,"name":"Startseite","item":"https:\/\/nuevo-renacer.com\/"},{"@type":"ListItem","position":2,"name":"William Stainton Moses"}]},{"@type":"WebSite","@id":"https:\/\/nuevo-renacer.com\/#website","url":"https:\/\/nuevo-renacer.com\/","name":"Uni\u00f3n Esp\u00edrita","description":"Nuevo Renacer","publisher":{"@id":"https:\/\/nuevo-renacer.com\/#organization"},"potentialAction":[{"@type":"SearchAction","target":{"@type":"EntryPoint","urlTemplate":"https:\/\/nuevo-renacer.com\/?s={search_term_string}"},"query-input":{"@type":"PropertyValueSpecification","valueRequired":true,"valueName":"search_term_string"}}],"inLanguage":"tr"},{"@type":"Organization","@id":"https:\/\/nuevo-renacer.com\/#organization","name":"UFEC","url":"https:\/\/nuevo-renacer.com\/","logo":{"@type":"ImageObject","inLanguage":"tr","@id":"https:\/\/nuevo-renacer.com\/#\/schema\/logo\/image\/","url":"https:\/\/nuevo-renacer.com\/wp-content\/uploads\/2024\/05\/cropped-LOGO-TERMINADO1-3-3.png","contentUrl":"https:\/\/nuevo-renacer.com\/wp-content\/uploads\/2024\/05\/cropped-LOGO-TERMINADO1-3-3.png","width":512,"height":512,"caption":"UFEC"},"image":{"@id":"https:\/\/nuevo-renacer.com\/#\/schema\/logo\/image\/"},"sameAs":["https:\/\/www.facebook.com\/groups\/3431398063740829"]}]}},"uagb_featured_image_src":{"full":false,"thumbnail":false,"medium":false,"medium_large":false,"large":false,"1536x1536":false,"2048x2048":false,"trp-custom-language-flag":false},"uagb_author_info":{"display_name":"adbv0","author_link":"https:\/\/nuevo-renacer.com\/tr\/author\/adbv0\/"},"uagb_comment_info":0,"uagb_excerpt":"William Stainton Moses William Stainton Moses naci\u00f3 el 5 de noviembre de 1839 en Domington, Lincolnshire, Inglaterra, y desencarno el 5 de septiembre de 1892. Su padre, William Moses, era rector de la escuela de gram\u00e1tica, y su madre era hija de Thomas Stainton d&#8217;Alford. El joven William Stainton Moses comenz\u00f3 sus estudios bajo la&hellip;","jetpack_sharing_enabled":true,"_links":{"self":[{"href":"https:\/\/nuevo-renacer.com\/tr\/wp-json\/wp\/v2\/pages\/6123","targetHints":{"allow":["GET"]}}],"collection":[{"href":"https:\/\/nuevo-renacer.com\/tr\/wp-json\/wp\/v2\/pages"}],"about":[{"href":"https:\/\/nuevo-renacer.com\/tr\/wp-json\/wp\/v2\/types\/page"}],"author":[{"embeddable":true,"href":"https:\/\/nuevo-renacer.com\/tr\/wp-json\/wp\/v2\/users\/1"}],"replies":[{"embeddable":true,"href":"https:\/\/nuevo-renacer.com\/tr\/wp-json\/wp\/v2\/comments?post=6123"}],"version-history":[{"count":1,"href":"https:\/\/nuevo-renacer.com\/tr\/wp-json\/wp\/v2\/pages\/6123\/revisions"}],"predecessor-version":[{"id":6126,"href":"https:\/\/nuevo-renacer.com\/tr\/wp-json\/wp\/v2\/pages\/6123\/revisions\/6126"}],"wp:attachment":[{"href":"https:\/\/nuevo-renacer.com\/tr\/wp-json\/wp\/v2\/media?parent=6123"}],"curies":[{"name":"wp","href":"https:\/\/api.w.org\/{rel}","templated":true}]}}