{"id":6115,"date":"2024-11-13T07:45:48","date_gmt":"2024-11-13T07:45:48","guid":{"rendered":"https:\/\/nuevo-renacer.com\/?page_id=6115"},"modified":"2024-11-13T07:49:18","modified_gmt":"2024-11-13T07:49:18","slug":"maria-de-carvalho-leite","status":"publish","type":"page","link":"https:\/\/nuevo-renacer.com\/tr\/maria-de-carvalho-leite\/","title":{"rendered":"Maria de Carvalho Leite"},"content":{"rendered":"<div class=\"wp-block-uagb-container uagb-block-09356321 alignfull uagb-is-root-container\"><div class=\"uagb-container-inner-blocks-wrap\">\n<p class=\"has-black-color has-text-color has-link-color has-medium-font-size wp-elements-6197ff186968291c2e529c16f9e5b440\"><strong>Maria de Carvalho Leite<\/strong><\/p>\n<\/div><\/div>\n\n\n\n<div class=\"wp-block-uagb-container uagb-block-5c1377a2 alignfull uagb-is-root-container\"><div class=\"uagb-container-inner-blocks-wrap\">\n<figure class=\"wp-block-image size-full is-resized\"><img fetchpriority=\"high\" decoding=\"async\" width=\"466\" height=\"677\" src=\"https:\/\/nuevo-renacer.com\/wp-content\/uploads\/2024\/11\/d61ae6_af9958f54a5348348399d581ed0a87a9mv2.png\" alt=\"\" class=\"wp-image-6117\" style=\"width:228px;height:auto\" srcset=\"https:\/\/nuevo-renacer.com\/wp-content\/uploads\/2024\/11\/d61ae6_af9958f54a5348348399d581ed0a87a9mv2.png 466w, https:\/\/nuevo-renacer.com\/wp-content\/uploads\/2024\/11\/d61ae6_af9958f54a5348348399d581ed0a87a9mv2-206x300.png 206w, https:\/\/nuevo-renacer.com\/wp-content\/uploads\/2024\/11\/d61ae6_af9958f54a5348348399d581ed0a87a9mv2-8x12.png 8w\" sizes=\"(max-width: 466px) 100vw, 466px\" \/><\/figure>\n<\/div><\/div>\n\n\n\n<div class=\"wp-block-uagb-container uagb-block-0fd44622 alignfull uagb-is-root-container\"><div class=\"uagb-container-inner-blocks-wrap\">\n<p class=\"has-black-color has-text-color has-link-color has-small-font-size wp-elements-ea6c06137b61a2748181148266d72ad4\">Maria de Carvalho Leite, 10 Eyl\u00fcl 1900&#039;de Bonfim Feira&#039;da (Brezilya), \u015fehrin \u00e7al\u0131\u015fan\u0131 Hermenegildo Leite ve hizmet\u00e7i Balmina de Carvalho Leite&#039;nin k\u0131z\u0131 olarak do\u011fdu. \u00c7ocuklu\u011funu Bonfim&#039;de \u00fc\u00e7 erkek ve iki k\u0131z karde\u015fle ge\u00e7irdi.<\/p>\n\n\n\n<p class=\"has-black-color has-text-color has-link-color has-small-font-size wp-elements-e92979ede4142dfcab8c8670ee76f51a\">1916&#039;da, nadir zekas\u0131 sayesinde akranlar\u0131 ve \u00f6\u011fretmenleri taraf\u0131ndan gen\u00e7 bir dahi olarak kabul edilen Educand\u00e1rio dos Perd\u00f5es&#039;te \u00f6\u011fretmen olarak mezun oldu.<\/p>\n\n\n\n<p class=\"has-black-color has-text-color has-link-color has-small-font-size wp-elements-f8dff781086613958b53339e90706ee9\">\u015eiiri neredeyse \u00e7ocukken memleketinde hissetmeye ba\u015flad\u0131 ve daha sonra iyi \u015fiirlerin \u015fairi oldu.<\/p>\n\n\n\n<p class=\"has-black-color has-text-color has-link-color has-small-font-size wp-elements-4e2a0c5f3ac3125d4f14f65db02c8fec\">\u015eiirlerinden baz\u0131lar\u0131 &#034;Ciranda da Vida&#034; kitab\u0131nda toplanm\u0131\u015ft\u0131r. Ba\u015fkentte sanat\u0131yla tan\u0131nan sanat\u00e7\u0131, \u201cDi\u00e1rio de Not\u00edcias\u201d ve \u201cOr Fair\u201d gazetelerinde yazmaya devam etti ve burada Kad\u0131n\u0131n \u201cana sayfas\u0131 &#034; n\u0131n genel yay\u0131n y\u00f6netmenli\u011fini yapt\u0131. 13 Y\u0131l boyunca bu gazeteler i\u00e7in &#034;Maria Dolores&#034;takma ad\u0131n\u0131 kullanarak i\u00e7inde sahip oldu\u011fu bir hassasiyet d\u00fcnyas\u0131n\u0131 g\u00f6stererek yazd\u0131.<\/p>\n\n\n\n<p class=\"has-black-color has-text-color has-link-color has-small-font-size wp-elements-b9658fd3afe9d9ca9b73f27f01171200\">Maria, Educand\u00e1rio dos Perd\u00f5es ve Gin\u00e1sio Carneiro Ribeiro de Salvador&#039;da dersler verdi. Bu y\u00fczden onlar\u0131n sorunlu ruhlara ayetleriyle \u00f6\u011fretme \u00f6zel yollar\u0131n\u0131 anl\u0131yoruz.<\/p>\n\n\n\n<p class=\"has-black-color has-text-color has-link-color has-small-font-size wp-elements-63a8fb73dbe5c5c0996be0f8d37aa0ab\">Ama hayat\u0131 hi\u00e7 \u00e7i\u00e7ek olamazd\u0131: ahlaki bir \u0131st\u0131rab\u0131n kan\u0131t\u0131 olurdu.<\/p>\n\n\n\n<p class=\"has-black-color has-text-color has-link-color has-small-font-size wp-elements-23d13ab64369d2e5542c04ed3a91b733\">Doktor Odilon Machado ile evlenmi\u015fti. Birka\u00e7 y\u0131l mutsuz bir konsorsiyuma katland\u0131 ve sonunda ayr\u0131ld\u0131. Bu birli\u011fin \u00e7ocu\u011fu yoktu ve Maria asla olmazd\u0131.<\/p>\n\n\n\n<p class=\"has-black-color has-text-color has-link-color has-small-font-size wp-elements-f296de093cc24b5ac7cd6036c54cd447\">Hac yolculu\u011funda, Bahia&#039;n\u0131n \u00e7e\u015fitli \u015fehirlerinde ya\u015fad\u0131 ve Itabuna&#039;da Brezilya merkezli bir \u0130talyan olan Carlos Carmine Larocca ile tan\u0131\u015ft\u0131\u011f\u0131 yer, onun arkada\u015f\u0131 oldu ve faaliyetlerinde omuz omuza ona yard\u0131m etti.<\/p>\n\n\n\n<p class=\"has-black-color has-text-color has-link-color has-small-font-size wp-elements-9ea24e665b38a3318c683b02b5b48054\">\u015eiirlerinde ne kadar ac\u0131 \u00e7ekti\u011fini, olmayan bir \u015feyi arad\u0131\u011f\u0131n\u0131 g\u00f6rebiliriz:Providence&#039;\u0131n planlad\u0131\u011f\u0131 gibi, bir g\u00fcn bulaca\u011f\u0131m\u0131 bildi\u011fim En B\u00fcy\u00fck A\u015fk\u0131 arayabilmek i\u00e7in ger\u00e7ekle\u015ftirmesi duygusald\u0131 \u2013 \u0130sa! Bu kadar ac\u0131 \u00e7ekmek onu insan \u0131st\u0131rab\u0131na kay\u0131ts\u0131z b\u0131rakamazd\u0131. Bas\u0131nda insan haklar\u0131 ve dezavantajl\u0131lar\u0131n \u00e7ekti\u011fi ac\u0131lardan bahsetti. Anla\u015f\u0131lmad\u0131: &#034;kom\u00fcnist &#034;olarak reddetti ve kendisine at\u0131fta bulunuldu\u011fu i\u00e7in yapt\u0131\u011f\u0131 su\u00e7lamalara yan\u0131t vermek zorunda kald\u0131.<\/p>\n\n\n\n<p class=\"has-black-color has-text-color has-link-color has-small-font-size wp-elements-332e22484df9222df21fce24c16f9222\">K\u0131z katolik olmu\u015ftu; Yeti\u015fkinli\u011fin ac\u0131s\u0131 onu Allan Kardec&#039;in doktrini yapt\u0131 ve ac\u0131n\u0131n kabul\u00fc teselli oldu.<\/p>\n\n\n\n<p class=\"has-black-color has-text-color has-link-color has-small-font-size wp-elements-d4708493ea1c86ee1f6fd7c161cb6e7e\">Ruhunuz a\u00e7\u0131k ve ideallerle dolu, iyi niyet Lejyonunun bir \u00fcyesi oldu.<\/p>\n\n\n\n<p class=\"has-black-color has-text-color has-link-color has-small-font-size wp-elements-46be772bb27e9ede531ede139d9f5165\">Kendi evinizde d\u00fczenlenen pazarlara kampanyalar d\u00fczenledi ve hediyeler yapt\u0131. Se\u00e7ilmi\u015f muhta\u00e7 mahallelere yiyecek, giyecek ve ila\u00e7 da\u011f\u0131tmak i\u00e7in d\u0131\u015far\u0131 \u00e7\u0131kt\u0131\u011f\u0131n\u0131zda her hafta evinde bir araya gelen bir grup kurdu. Onlara &#034;\u0130yilerin El\u00e7ileri&#034; deniyordu.&#034;Noel&#039;de Anneler G\u00fcn\u00fc&#039;n\u00fcn yan\u0131 s\u0131ra kampanyalar d\u00fczenlediler ve ba\u011f\u0131\u015f da\u011f\u0131tt\u0131lar. Dolores k\u0131yafet dikerdi, elimizdekini ya da \u00f6d\u00fcn\u00e7 verece\u011fini satard\u0131; bazen ba\u015fka birine yard\u0131m etmek i\u00e7in kendini bor\u00e7lu hissederdi.<\/p>\n\n\n\n<p class=\"has-black-color has-text-color has-link-color has-small-font-size wp-elements-f6eb9d1ed8e2064d7bf64fd95f58fc82\">Harika bir annelik duygusu vard\u0131 ve anne olma hakk\u0131 verilmedi\u011fi i\u00e7in alt\u0131 k\u0131za evlat edinildi. Maria zat\u00fcrreden hastaland\u0131\u011f\u0131nda Carlos (kocas\u0131) \u0130talya&#039;dayd\u0131. 27 A\u011fustos 1959&#039;da manevi vatanlar\u0131na do\u011fru yola \u00e7\u0131kt\u0131lar.<\/p>\n<\/div><\/div>\n\n\n\n<div class=\"wp-block-uagb-container uagb-block-e1d3b6a2 alignfull uagb-is-root-container\"><div class=\"uagb-container-inner-blocks-wrap\"><\/div><\/div>\n\n\n\n<div class=\"wp-block-uagb-container uagb-block-f965669a alignfull uagb-is-root-container\"><div class=\"uagb-container-inner-blocks-wrap\"><\/div><\/div>","protected":false},"excerpt":{"rendered":"<p>Maria de Carvalho Leite Maria de Carvalho Leite naci\u00f3 en Bonfim de Feira (Brasil) el 10 de septiembre de 1900, hija de Hermenegildo Leite, empleado municipal, y de Balmina de Carvalho Leite, empleada dom\u00e9stica. Pas\u00f3 su infancia en Bonfim con tres hermanos y dos hermanas. En 1916 se gradu\u00f3 como maestra en el Educand\u00e1rio dos [&hellip;]<\/p>","protected":false},"author":1,"featured_media":0,"parent":0,"menu_order":0,"comment_status":"closed","ping_status":"closed","template":"","meta":{"_uag_custom_page_level_css":"","site-sidebar-layout":"default","site-content-layout":"","ast-site-content-layout":"default","site-content-style":"default","site-sidebar-style":"default","ast-global-header-display":"","ast-banner-title-visibility":"","ast-main-header-display":"","ast-hfb-above-header-display":"","ast-hfb-below-header-display":"","ast-hfb-mobile-header-display":"","site-post-title":"disabled","ast-breadcrumbs-content":"","ast-featured-img":"","footer-sml-layout":"","theme-transparent-header-meta":"","adv-header-id-meta":"","stick-header-meta":"","header-above-stick-meta":"","header-main-stick-meta":"","header-below-stick-meta":"","astra-migrate-meta-layouts":"set","ast-page-background-enabled":"default","ast-page-background-meta":{"desktop":{"background-color":"var(--ast-global-color-4)","background-image":"","background-repeat":"repeat","background-position":"center center","background-size":"auto","background-attachment":"scroll","background-type":"","background-media":"","overlay-type":"","overlay-color":"","overlay-opacity":"","overlay-gradient":""},"tablet":{"background-color":"","background-image":"","background-repeat":"repeat","background-position":"center center","background-size":"auto","background-attachment":"scroll","background-type":"","background-media":"","overlay-type":"","overlay-color":"","overlay-opacity":"","overlay-gradient":""},"mobile":{"background-color":"","background-image":"","background-repeat":"repeat","background-position":"center center","background-size":"auto","background-attachment":"scroll","background-type":"","background-media":"","overlay-type":"","overlay-color":"","overlay-opacity":"","overlay-gradient":""}},"ast-content-background-meta":{"desktop":{"background-color":"var(--ast-global-color-5)","background-image":"","background-repeat":"repeat","background-position":"center center","background-size":"auto","background-attachment":"scroll","background-type":"","background-media":"","overlay-type":"","overlay-color":"","overlay-opacity":"","overlay-gradient":""},"tablet":{"background-color":"var(--ast-global-color-5)","background-image":"","background-repeat":"repeat","background-position":"center center","background-size":"auto","background-attachment":"scroll","background-type":"","background-media":"","overlay-type":"","overlay-color":"","overlay-opacity":"","overlay-gradient":""},"mobile":{"background-color":"var(--ast-global-color-5)","background-image":"","background-repeat":"repeat","background-position":"center center","background-size":"auto","background-attachment":"scroll","background-type":"","background-media":"","overlay-type":"","overlay-color":"","overlay-opacity":"","overlay-gradient":""}},"footnotes":""},"class_list":["post-6115","page","type-page","status-publish","hentry"],"yoast_head":"<!-- This site is optimized with the Yoast SEO Premium plugin v24.2 (Yoast SEO v24.6) - https:\/\/yoast.com\/wordpress\/plugins\/seo\/ -->\n<title>Maria de Carvalho Leite - Uni\u00f3n Esp\u00edrita<\/title>\n<meta name=\"robots\" content=\"index, follow, max-snippet:-1, max-image-preview:large, max-video-preview:-1\" \/>\n<link rel=\"canonical\" href=\"https:\/\/nuevo-renacer.com\/tr\/maria-de-carvalho-leite\/\" \/>\n<meta property=\"og:locale\" content=\"tr_TR\" \/>\n<meta property=\"og:type\" content=\"article\" \/>\n<meta property=\"og:title\" content=\"Maria de Carvalho Leite\" \/>\n<meta property=\"og:description\" content=\"Maria de Carvalho Leite Maria de Carvalho Leite naci\u00f3 en Bonfim de Feira (Brasil) el 10 de septiembre de 1900, hija de Hermenegildo Leite, empleado municipal, y de Balmina de Carvalho Leite, empleada dom\u00e9stica. Pas\u00f3 su infancia en Bonfim con tres hermanos y dos hermanas. En 1916 se gradu\u00f3 como maestra en el Educand\u00e1rio dos [&hellip;]\" \/>\n<meta property=\"og:url\" content=\"https:\/\/nuevo-renacer.com\/tr\/maria-de-carvalho-leite\/\" \/>\n<meta property=\"og:site_name\" content=\"Uni\u00f3n Esp\u00edrita\" \/>\n<meta property=\"article:publisher\" content=\"https:\/\/www.facebook.com\/groups\/3431398063740829\" \/>\n<meta property=\"article:modified_time\" content=\"2024-11-13T07:49:18+00:00\" \/>\n<meta property=\"og:image\" content=\"https:\/\/nuevo-renacer.com\/wp-content\/uploads\/2024\/11\/d61ae6_af9958f54a5348348399d581ed0a87a9mv2.png\" \/>\n\t<meta property=\"og:image:width\" content=\"466\" \/>\n\t<meta property=\"og:image:height\" content=\"677\" \/>\n\t<meta property=\"og:image:type\" content=\"image\/png\" \/>\n<meta name=\"twitter:card\" content=\"summary_large_image\" \/>\n<meta name=\"twitter:label1\" content=\"Tahmini okuma s\u00fcresi\" \/>\n\t<meta name=\"twitter:data1\" content=\"3 dakika\" \/>\n<script type=\"application\/ld+json\" class=\"yoast-schema-graph\">{\"@context\":\"https:\/\/schema.org\",\"@graph\":[{\"@type\":\"WebPage\",\"@id\":\"https:\/\/nuevo-renacer.com\/maria-de-carvalho-leite\/\",\"url\":\"https:\/\/nuevo-renacer.com\/maria-de-carvalho-leite\/\",\"name\":\"Maria de Carvalho Leite - Uni\u00f3n Esp\u00edrita\",\"isPartOf\":{\"@id\":\"https:\/\/nuevo-renacer.com\/#website\"},\"primaryImageOfPage\":{\"@id\":\"https:\/\/nuevo-renacer.com\/maria-de-carvalho-leite\/#primaryimage\"},\"image\":{\"@id\":\"https:\/\/nuevo-renacer.com\/maria-de-carvalho-leite\/#primaryimage\"},\"thumbnailUrl\":\"https:\/\/nuevo-renacer.com\/wp-content\/uploads\/2024\/11\/d61ae6_af9958f54a5348348399d581ed0a87a9mv2.png\",\"datePublished\":\"2024-11-13T07:45:48+00:00\",\"dateModified\":\"2024-11-13T07:49:18+00:00\",\"breadcrumb\":{\"@id\":\"https:\/\/nuevo-renacer.com\/maria-de-carvalho-leite\/#breadcrumb\"},\"inLanguage\":\"tr\",\"potentialAction\":[{\"@type\":\"ReadAction\",\"target\":[\"https:\/\/nuevo-renacer.com\/maria-de-carvalho-leite\/\"]}]},{\"@type\":\"ImageObject\",\"inLanguage\":\"tr\",\"@id\":\"https:\/\/nuevo-renacer.com\/maria-de-carvalho-leite\/#primaryimage\",\"url\":\"https:\/\/nuevo-renacer.com\/wp-content\/uploads\/2024\/11\/d61ae6_af9958f54a5348348399d581ed0a87a9mv2.png\",\"contentUrl\":\"https:\/\/nuevo-renacer.com\/wp-content\/uploads\/2024\/11\/d61ae6_af9958f54a5348348399d581ed0a87a9mv2.png\"},{\"@type\":\"BreadcrumbList\",\"@id\":\"https:\/\/nuevo-renacer.com\/maria-de-carvalho-leite\/#breadcrumb\",\"itemListElement\":[{\"@type\":\"ListItem\",\"position\":1,\"name\":\"Startseite\",\"item\":\"https:\/\/nuevo-renacer.com\/\"},{\"@type\":\"ListItem\",\"position\":2,\"name\":\"Maria de Carvalho Leite\"}]},{\"@type\":\"WebSite\",\"@id\":\"https:\/\/nuevo-renacer.com\/#website\",\"url\":\"https:\/\/nuevo-renacer.com\/\",\"name\":\"Uni\u00f3n Esp\u00edrita\",\"description\":\"Nuevo Renacer\",\"publisher\":{\"@id\":\"https:\/\/nuevo-renacer.com\/#organization\"},\"potentialAction\":[{\"@type\":\"SearchAction\",\"target\":{\"@type\":\"EntryPoint\",\"urlTemplate\":\"https:\/\/nuevo-renacer.com\/?s={search_term_string}\"},\"query-input\":{\"@type\":\"PropertyValueSpecification\",\"valueRequired\":true,\"valueName\":\"search_term_string\"}}],\"inLanguage\":\"tr\"},{\"@type\":\"Organization\",\"@id\":\"https:\/\/nuevo-renacer.com\/#organization\",\"name\":\"UFEC\",\"url\":\"https:\/\/nuevo-renacer.com\/\",\"logo\":{\"@type\":\"ImageObject\",\"inLanguage\":\"tr\",\"@id\":\"https:\/\/nuevo-renacer.com\/#\/schema\/logo\/image\/\",\"url\":\"https:\/\/nuevo-renacer.com\/wp-content\/uploads\/2024\/05\/cropped-LOGO-TERMINADO1-3-3.png\",\"contentUrl\":\"https:\/\/nuevo-renacer.com\/wp-content\/uploads\/2024\/05\/cropped-LOGO-TERMINADO1-3-3.png\",\"width\":512,\"height\":512,\"caption\":\"UFEC\"},\"image\":{\"@id\":\"https:\/\/nuevo-renacer.com\/#\/schema\/logo\/image\/\"},\"sameAs\":[\"https:\/\/www.facebook.com\/groups\/3431398063740829\"]}]}<\/script>\n<!-- \/ Yoast SEO Premium plugin. -->","yoast_head_json":{"title":"Maria de Carvalho Leite - Uni\u00f3n Esp\u00edrita","robots":{"index":"index","follow":"follow","max-snippet":"max-snippet:-1","max-image-preview":"max-image-preview:large","max-video-preview":"max-video-preview:-1"},"canonical":"https:\/\/nuevo-renacer.com\/tr\/maria-de-carvalho-leite\/","og_locale":"tr_TR","og_type":"article","og_title":"Maria de Carvalho Leite","og_description":"Maria de Carvalho Leite Maria de Carvalho Leite naci\u00f3 en Bonfim de Feira (Brasil) el 10 de septiembre de 1900, hija de Hermenegildo Leite, empleado municipal, y de Balmina de Carvalho Leite, empleada dom\u00e9stica. Pas\u00f3 su infancia en Bonfim con tres hermanos y dos hermanas. En 1916 se gradu\u00f3 como maestra en el Educand\u00e1rio dos [&hellip;]","og_url":"https:\/\/nuevo-renacer.com\/tr\/maria-de-carvalho-leite\/","og_site_name":"Uni\u00f3n Esp\u00edrita","article_publisher":"https:\/\/www.facebook.com\/groups\/3431398063740829","article_modified_time":"2024-11-13T07:49:18+00:00","og_image":[{"width":466,"height":677,"url":"https:\/\/nuevo-renacer.com\/wp-content\/uploads\/2024\/11\/d61ae6_af9958f54a5348348399d581ed0a87a9mv2.png","type":"image\/png"}],"twitter_card":"summary_large_image","twitter_misc":{"Tahmini okuma s\u00fcresi":"3 dakika"},"schema":{"@context":"https:\/\/schema.org","@graph":[{"@type":"WebPage","@id":"https:\/\/nuevo-renacer.com\/maria-de-carvalho-leite\/","url":"https:\/\/nuevo-renacer.com\/maria-de-carvalho-leite\/","name":"Maria de Carvalho Leite - Uni\u00f3n Esp\u00edrita","isPartOf":{"@id":"https:\/\/nuevo-renacer.com\/#website"},"primaryImageOfPage":{"@id":"https:\/\/nuevo-renacer.com\/maria-de-carvalho-leite\/#primaryimage"},"image":{"@id":"https:\/\/nuevo-renacer.com\/maria-de-carvalho-leite\/#primaryimage"},"thumbnailUrl":"https:\/\/nuevo-renacer.com\/wp-content\/uploads\/2024\/11\/d61ae6_af9958f54a5348348399d581ed0a87a9mv2.png","datePublished":"2024-11-13T07:45:48+00:00","dateModified":"2024-11-13T07:49:18+00:00","breadcrumb":{"@id":"https:\/\/nuevo-renacer.com\/maria-de-carvalho-leite\/#breadcrumb"},"inLanguage":"tr","potentialAction":[{"@type":"ReadAction","target":["https:\/\/nuevo-renacer.com\/maria-de-carvalho-leite\/"]}]},{"@type":"ImageObject","inLanguage":"tr","@id":"https:\/\/nuevo-renacer.com\/maria-de-carvalho-leite\/#primaryimage","url":"https:\/\/nuevo-renacer.com\/wp-content\/uploads\/2024\/11\/d61ae6_af9958f54a5348348399d581ed0a87a9mv2.png","contentUrl":"https:\/\/nuevo-renacer.com\/wp-content\/uploads\/2024\/11\/d61ae6_af9958f54a5348348399d581ed0a87a9mv2.png"},{"@type":"BreadcrumbList","@id":"https:\/\/nuevo-renacer.com\/maria-de-carvalho-leite\/#breadcrumb","itemListElement":[{"@type":"ListItem","position":1,"name":"Startseite","item":"https:\/\/nuevo-renacer.com\/"},{"@type":"ListItem","position":2,"name":"Maria de Carvalho Leite"}]},{"@type":"WebSite","@id":"https:\/\/nuevo-renacer.com\/#website","url":"https:\/\/nuevo-renacer.com\/","name":"Uni\u00f3n Esp\u00edrita","description":"Nuevo Renacer","publisher":{"@id":"https:\/\/nuevo-renacer.com\/#organization"},"potentialAction":[{"@type":"SearchAction","target":{"@type":"EntryPoint","urlTemplate":"https:\/\/nuevo-renacer.com\/?s={search_term_string}"},"query-input":{"@type":"PropertyValueSpecification","valueRequired":true,"valueName":"search_term_string"}}],"inLanguage":"tr"},{"@type":"Organization","@id":"https:\/\/nuevo-renacer.com\/#organization","name":"UFEC","url":"https:\/\/nuevo-renacer.com\/","logo":{"@type":"ImageObject","inLanguage":"tr","@id":"https:\/\/nuevo-renacer.com\/#\/schema\/logo\/image\/","url":"https:\/\/nuevo-renacer.com\/wp-content\/uploads\/2024\/05\/cropped-LOGO-TERMINADO1-3-3.png","contentUrl":"https:\/\/nuevo-renacer.com\/wp-content\/uploads\/2024\/05\/cropped-LOGO-TERMINADO1-3-3.png","width":512,"height":512,"caption":"UFEC"},"image":{"@id":"https:\/\/nuevo-renacer.com\/#\/schema\/logo\/image\/"},"sameAs":["https:\/\/www.facebook.com\/groups\/3431398063740829"]}]}},"uagb_featured_image_src":{"full":false,"thumbnail":false,"medium":false,"medium_large":false,"large":false,"1536x1536":false,"2048x2048":false,"trp-custom-language-flag":false},"uagb_author_info":{"display_name":"adbv0","author_link":"https:\/\/nuevo-renacer.com\/tr\/author\/adbv0\/"},"uagb_comment_info":0,"uagb_excerpt":"Maria de Carvalho Leite Maria de Carvalho Leite naci\u00f3 en Bonfim de Feira (Brasil) el 10 de septiembre de 1900, hija de Hermenegildo Leite, empleado municipal, y de Balmina de Carvalho Leite, empleada dom\u00e9stica. Pas\u00f3 su infancia en Bonfim con tres hermanos y dos hermanas. En 1916 se gradu\u00f3 como maestra en el Educand\u00e1rio dos&hellip;","jetpack_sharing_enabled":true,"_links":{"self":[{"href":"https:\/\/nuevo-renacer.com\/tr\/wp-json\/wp\/v2\/pages\/6115","targetHints":{"allow":["GET"]}}],"collection":[{"href":"https:\/\/nuevo-renacer.com\/tr\/wp-json\/wp\/v2\/pages"}],"about":[{"href":"https:\/\/nuevo-renacer.com\/tr\/wp-json\/wp\/v2\/types\/page"}],"author":[{"embeddable":true,"href":"https:\/\/nuevo-renacer.com\/tr\/wp-json\/wp\/v2\/users\/1"}],"replies":[{"embeddable":true,"href":"https:\/\/nuevo-renacer.com\/tr\/wp-json\/wp\/v2\/comments?post=6115"}],"version-history":[{"count":3,"href":"https:\/\/nuevo-renacer.com\/tr\/wp-json\/wp\/v2\/pages\/6115\/revisions"}],"predecessor-version":[{"id":6120,"href":"https:\/\/nuevo-renacer.com\/tr\/wp-json\/wp\/v2\/pages\/6115\/revisions\/6120"}],"wp:attachment":[{"href":"https:\/\/nuevo-renacer.com\/tr\/wp-json\/wp\/v2\/media?parent=6115"}],"curies":[{"name":"wp","href":"https:\/\/api.w.org\/{rel}","templated":true}]}}