{"id":6004,"date":"2024-11-11T08:44:57","date_gmt":"2024-11-11T08:44:57","guid":{"rendered":"https:\/\/nuevo-renacer.com\/?page_id=6004"},"modified":"2024-11-11T08:53:45","modified_gmt":"2024-11-11T08:53:45","slug":"francisco-leite-de-bittencourt-sampaio","status":"publish","type":"page","link":"https:\/\/nuevo-renacer.com\/tr\/francisco-leite-de-bittencourt-sampaio\/","title":{"rendered":"Francisco Leite de Bittencourt Sampaio\u00a0"},"content":{"rendered":"<div class=\"wp-block-uagb-container uagb-block-f28f8f62 alignfull uagb-is-root-container\"><div class=\"uagb-container-inner-blocks-wrap\">\n<p class=\"has-black-color has-text-color has-link-color has-medium-font-size wp-elements-b5b06cf7513a39b88e7a6fb0c0066a87\"><strong>Francisco Leite de Bittencourt<\/strong> <strong>Sampaio&#039;nun\u00a0<\/strong><\/p>\n<\/div><\/div>\n\n\n\n<div class=\"wp-block-uagb-container uagb-block-bf518c0c alignfull uagb-is-root-container\"><div class=\"uagb-container-inner-blocks-wrap\">\n<figure class=\"wp-block-image size-full is-resized\"><img fetchpriority=\"high\" decoding=\"async\" width=\"300\" height=\"399\" src=\"https:\/\/nuevo-renacer.com\/wp-content\/uploads\/2024\/11\/1966969560-300-9f1bec88.jpg\" alt=\"\" class=\"wp-image-6005\" style=\"width:262px;height:auto\" srcset=\"https:\/\/nuevo-renacer.com\/wp-content\/uploads\/2024\/11\/1966969560-300-9f1bec88.jpg 300w, https:\/\/nuevo-renacer.com\/wp-content\/uploads\/2024\/11\/1966969560-300-9f1bec88-226x300.jpg 226w, https:\/\/nuevo-renacer.com\/wp-content\/uploads\/2024\/11\/1966969560-300-9f1bec88-9x12.jpg 9w\" sizes=\"(max-width: 300px) 100vw, 300px\" \/><\/figure>\n<\/div><\/div>\n\n\n\n<div class=\"wp-block-uagb-container uagb-block-2c02be8e alignfull uagb-is-root-container\"><div class=\"uagb-container-inner-blocks-wrap\">\n<p class=\"has-black-color has-text-color has-link-color has-small-font-size wp-elements-f7a3a0b872f369adc33ed1e8e1fce20d\">Francisco Leite de Bittencourt Sampaio, 1 \u015eubat 1834&#039;te Sergipe, Laranjeiras&#039;ta do\u011fdu. Ayn\u0131 ad\u0131 ta\u015f\u0131yan Portekizli bir t\u00fcccar\u0131n ve do\u00f1a Maria de Sant Ana Leite Sampaio&#039;nun o\u011fluydu. Hukuk konusuydu (hukuk konular\u0131nda isti\u015fareler ve g\u00f6r\u00fc\u015fler veren hukuk bilgisine sahip ki\u015fi); sulh hakimi; siyasi; resmi; gazeteci; yazar; \u015fair ve lirik m\u00fckemmel orta ruh\u00e7u.<\/p>\n\n\n\n<p class=\"has-black-color has-text-color has-link-color has-small-font-size wp-elements-b90f7e66ca327fdb82ab6e87d1caf780\">Hukuk \u00f6\u011frenimine Recife Hukuk Fak\u00fcltesi&#039;nde ba\u015flad\u0131. 1856&#039;da 1855&#039;te Pernambuco eyaletini vuran kolera salg\u0131n\u0131 hastal\u0131\u011f\u0131na kat\u0131lmak i\u00e7in \u00e7al\u0131\u015fmalar\u0131na ara verdi. Sonu\u00e7 olarak, \u0130mparatorluk H\u00fck\u00fcmeti taraf\u0131ndan siyasi idealleriyle ba\u011fda\u015fmad\u0131\u011f\u0131 kabul edilmeyen G\u00fcl Ni\u015fan\u0131, s\u00fcslemesiyle onurland\u0131r\u0131ld\u0131. 1859&#039;da S. Paulo Akademisi&#039;nde (Hukuk Fak\u00fcltesi) Hukuk b\u00f6l\u00fcm\u00fcnden mezun oldu. 1860&#039;tan 1861&#039;e kadar Itabaiana ve Laranjeiras&#039;ta savc\u0131 ve il\u00e7enin edebi Itabaiana&#039;s\u0131n\u0131n m\u00fcfetti\u015fi olarak \u00e7al\u0131\u015ft\u0131. Mart 1861&#039;de Brezilya&#039;n\u0131n Sergipe eyaletinden ayr\u0131ld\u0131 ve avukat olarak \u00e7al\u0131\u015ft\u0131\u011f\u0131 Rio de Janeiro&#039;nun eski mahkemesine yerle\u015fti.<\/p>\n\n\n\n<p class=\"has-black-color has-text-color has-link-color has-small-font-size wp-elements-352163846738bb8e319e7852f4325e56\">Siyasette Liberal Parti&#039;ye kat\u0131ld\u0131 ve 1864&#039;ten 1866&#039;ya ve 1867&#039;den 1870&#039;e milletvekili se\u00e7ildi. Bu son d\u00f6nemde, se\u00e7ildi\u011fi yasama yetkisine geri d\u00f6nd\u00fc\u011f\u00fc tarih olan 29 Eyl\u00fcl 1867-26 Nisan 1868 tarihleri aras\u0131nda Esp\u00edrito Santo&#039;nun Ba\u015fkanl\u0131\u011f\u0131na atand\u0131.<\/p>\n\n\n\n<p class=\"has-black-color has-text-color has-link-color has-small-font-size wp-elements-317827f07ebd1168a4cc81828d1e3962\">1870&#039;te cumhuriyet\u00e7i fikirleri benimseyerek liberal partiden ayr\u0131ld\u0131 ve Cumhuriyetin ate\u015fli bir propagandac\u0131s\u0131 oldu, \u00f6nemli bir tarihi belge olan &#034;3 Aral\u0131k 1870 Manifestosu&#034; nu imzalad\u0131. Bir gazeteci olarak, siyasi ideallerini destekledi\u011fi ve savundu\u011fu parlakl\u0131k, y\u00fckselme, samimiyet ve s\u0131k\u0131l\u0131\u011fa sayg\u0131 duyuyordu.<\/p>\n\n\n\n<p class=\"has-black-color has-text-color has-link-color has-small-font-size wp-elements-174c7080dede05d034bfd6027e5f46e7\">Cumhuriyet ilan edildi\u011finde, Milletvekilleri Odas\u0131&#039;n\u0131n t\u00fcm gazetelerinin envanterini ve k\u0131sa bir s\u00fcre sonra Kurucu Meclis tart\u0131\u015fmalar\u0131n\u0131n ifadelerini g\u00f6revlendirdi. Rio de Janeiro Milli K\u00fct\u00fcphanesi&#039;nin ilk y\u00f6neticisi oldu ve Y\u00f6netmen unvan\u0131n\u0131 ald\u0131.<\/p>\n\n\n\n<p class=\"has-black-color has-text-color has-link-color has-small-font-size wp-elements-f389c9685675f34de2369254803fe049\">Bittencourt Sampaio&#039;nun Spirit\u00fcalizme ne zaman kat\u0131ld\u0131\u011f\u0131 tam olarak bilinmiyor, ancak A\u011fustos 2&#039;in 1873&#039;i, Rio de Janeiro&#039;nun ilk toplum spirit\u00fcalisti olan Konf\u00fc\u00e7y\u00fcs Grubunun Y\u00f6netim Kurulunun bir par\u00e7as\u0131yd\u0131&#034;. Orada medyumlu\u011funu geli\u015ftirdi ve bir\u00e7ok hastay\u0131 homeopatik ila\u00e7larla iyile\u015ftirdi. Derinlemesine incelenen bir konu olan medi\u00famnicos fenomeni taraf\u0131ndan Maneviyattan etkilenmi\u015f gibi g\u00f6r\u00fcn\u00fcyor, ancak bu yeni felsefenin onu en \u00e7ok etkileyen ahlaki k\u0131sm\u0131yd\u0131.<\/p>\n\n\n\n<p class=\"has-black-color has-text-color has-link-color has-small-font-size wp-elements-9aaaafa613a1b9976d34e445c6adcccc\">1876&#039;da&#034; Tanr\u0131, Mesih ve Hay\u0131rseverlik \u00c7al\u0131\u015fmalar\u0131 Derne\u011fi &#034; ni kurdu, i\u015flerine ba\u015fkanl\u0131k etti ve faaliyetlerinin \u00f6nemli bir par\u00e7as\u0131 olarak Spirit\u00fcalizm \u0131\u015f\u0131\u011f\u0131nda \u0130ncillerin incelenmesini dahil etti.<\/p>\n\n\n\n<p class=\"has-black-color has-text-color has-link-color has-small-font-size wp-elements-0820412cb0d4160bac76a660bcc27249\">1880&#039;de Bittencourt Sampaio&#039;nun da de\u011ferli yard\u0131m sa\u011flad\u0131\u011f\u0131 &#034;Grup Ruh\u00e7u Karde\u015fli\u011fi&#034; ni kurdu. Brezilya&#039;daki sayg\u0131n Spiritizm fig\u00fcr\u00fc Dr. Ant\u00f3nio Lu\u00eds Sai\u00e3o, \u015fifa veren medyumluk sayesinde Spirit\u00fcalizme d\u00f6n\u00fc\u015fen Bittencourt Sampaio, o zamanlar s\u00f6z konusu Toplumun yaratt\u0131\u011f\u0131 (ve hala aktif olan) &#034;\u0130smail Grubu&#034; ndaki medyumlar\u0131yla tan\u0131\u015ft\u0131 ve orada Bittencourt Sampaio d\u00fcnyan\u0131n en sayg\u0131n medyumlar\u0131ndan biri oldu. y\u00fcksek Ruhlardan gelen g\u00fczel ve \u00f6\u011fretici mesajlar\u0131n arac\u0131lar\u0131.<\/p>\n\n\n\n<p class=\"has-black-color has-text-color has-link-color has-small-font-size wp-elements-fc128e354983c485dab777bacedc020e\">Bittencourt Sampaio, 1882&#039;de yay\u0131nlanan ve d\u00fcnyada benzersiz olan &#034;Evangelist Yuhanna&#039;n\u0131n \u0130lahi Destan\u0131&#034; n\u0131 yazd\u0131. Bu, decas\u00edlabo ayetindeki d\u00f6rd\u00fcnc\u00fc M\u00fcjde Yuhanna&#039;d\u0131r. Bu \u015fiirsel kompozisyon, \u015fark\u0131lar\u0131n her birini Vahiy Ruh\u00e7usu \u0131\u015f\u0131\u011f\u0131nda a\u00e7\u0131klad\u0131\u011f\u0131m\u0131z nesir olarak ikinci bir b\u00f6l\u00fcm\u00fc de i\u00e7eriyordu. Bu a\u00e7\u0131klamalardan \u00f6nce, \u0130sa&#039;n\u0131n tanr\u0131sall\u0131\u011f\u0131 sorununu ayr\u0131nt\u0131l\u0131 olarak inceledi\u011fi uzun bir \u00f6ns\u00f6z gelir.<\/p>\n\n\n\n<p class=\"has-black-color has-text-color has-link-color has-small-font-size wp-elements-0179c6acda57f22d6788cd904f2798d6\">Bittencourt Sampaio, 10 Ekim 1895&#039;te Rio de Janeiro&#039;da \u00f6ld\u00fc. O y\u0131l\u0131n Ekim ay\u0131n\u0131n 15&#039;inin &#034;Reformcu&#034; dergisi, &#034;Bittencourt&#039;un, olgun meyvenin bah\u00e7\u0131van\u0131n eliyle topland\u0131\u011f\u0131 Golgotha&#039;n\u0131n \u0130lahi Trajedisini cennette yazmaya haz\u0131rland\u0131\u011f\u0131n\u0131&#034; bildirdi.<\/p>\n\n\n\n<p class=\"has-black-color has-text-color has-link-color has-small-font-size wp-elements-f6b13e087bf0008b8189e3523fe93ac6\">Desencarnaci\u00f3n&#039;undan sonra, Bittencourt Sampaio&#039;nun Ruhu, orta Frederico Junior arac\u0131l\u0131\u011f\u0131yla \u015fu eserleri yazd\u0131: &#034;H\u0131ristiyanl\u0131ktan \u00d6nce \u0130sa&#034;; &#034;\u0130sa&#039;dan \u00c7ocuklara&#034; ve &#034;K\u0131yametin K\u0131yameti&#034;.<\/p>\n\n\n\n<p class=\"has-black-color has-text-color has-link-color has-small-font-size wp-elements-ceb9e500009ea2489c96f5c46293eff7\">Kitapta, orta etkinlik, James&#039;in Karde\u015fi &#034;Voltei&#034;, orta Francisco Candido Xavier arac\u0131l\u0131\u011f\u0131yla, Bittencourt Sampaio&#039;nun Brezilya&#039;daki m\u00fcjde&#039;ye Spirit\u00fcalizmin denetiminde Maneviyat\u0131n daha y\u00fcksek d\u00fczlemlerinde \u00e7al\u0131\u015ft\u0131\u011f\u0131n\u0131 ortaya koyuyor.<\/p>\n<\/div><\/div>\n\n\n\n<div class=\"wp-block-uagb-container uagb-block-c0edfad7 alignfull uagb-is-root-container\"><div class=\"uagb-container-inner-blocks-wrap\"><\/div><\/div>\n\n\n\n<div class=\"wp-block-uagb-container uagb-block-7b7dc6de alignfull uagb-is-root-container\"><div class=\"uagb-container-inner-blocks-wrap\"><\/div><\/div>","protected":false},"excerpt":{"rendered":"<p>Francisco Leite de Bittencourt Sampaio\u00a0 Francisco Leite de Bittencourt Sampaio naci\u00f3 en Laranjeiras, Sergipe, el 1 de febrero de 1834. Era hijo de un comerciante portugu\u00e9s del mismo nombre y de do\u00f1a Maria de Sant&#8217;Ana Leite Sampaio. Fue jurisconsulto (persona con grandes conocimientos jur\u00eddicos que da consultas y dict\u00e1menes sobre cuestiones de derecho); magistrado; pol\u00edtico; [&hellip;]<\/p>","protected":false},"author":1,"featured_media":0,"parent":0,"menu_order":0,"comment_status":"closed","ping_status":"closed","template":"","meta":{"_uag_custom_page_level_css":"","site-sidebar-layout":"default","site-content-layout":"","ast-site-content-layout":"default","site-content-style":"default","site-sidebar-style":"default","ast-global-header-display":"","ast-banner-title-visibility":"","ast-main-header-display":"","ast-hfb-above-header-display":"","ast-hfb-below-header-display":"","ast-hfb-mobile-header-display":"","site-post-title":"disabled","ast-breadcrumbs-content":"","ast-featured-img":"","footer-sml-layout":"","theme-transparent-header-meta":"","adv-header-id-meta":"","stick-header-meta":"","header-above-stick-meta":"","header-main-stick-meta":"","header-below-stick-meta":"","astra-migrate-meta-layouts":"set","ast-page-background-enabled":"default","ast-page-background-meta":{"desktop":{"background-color":"var(--ast-global-color-4)","background-image":"","background-repeat":"repeat","background-position":"center center","background-size":"auto","background-attachment":"scroll","background-type":"","background-media":"","overlay-type":"","overlay-color":"","overlay-opacity":"","overlay-gradient":""},"tablet":{"background-color":"","background-image":"","background-repeat":"repeat","background-position":"center center","background-size":"auto","background-attachment":"scroll","background-type":"","background-media":"","overlay-type":"","overlay-color":"","overlay-opacity":"","overlay-gradient":""},"mobile":{"background-color":"","background-image":"","background-repeat":"repeat","background-position":"center center","background-size":"auto","background-attachment":"scroll","background-type":"","background-media":"","overlay-type":"","overlay-color":"","overlay-opacity":"","overlay-gradient":""}},"ast-content-background-meta":{"desktop":{"background-color":"var(--ast-global-color-5)","background-image":"","background-repeat":"repeat","background-position":"center center","background-size":"auto","background-attachment":"scroll","background-type":"","background-media":"","overlay-type":"","overlay-color":"","overlay-opacity":"","overlay-gradient":""},"tablet":{"background-color":"var(--ast-global-color-5)","background-image":"","background-repeat":"repeat","background-position":"center center","background-size":"auto","background-attachment":"scroll","background-type":"","background-media":"","overlay-type":"","overlay-color":"","overlay-opacity":"","overlay-gradient":""},"mobile":{"background-color":"var(--ast-global-color-5)","background-image":"","background-repeat":"repeat","background-position":"center center","background-size":"auto","background-attachment":"scroll","background-type":"","background-media":"","overlay-type":"","overlay-color":"","overlay-opacity":"","overlay-gradient":""}},"footnotes":""},"class_list":["post-6004","page","type-page","status-publish","hentry"],"yoast_head":"<!-- This site is optimized with the Yoast SEO Premium plugin v24.2 (Yoast SEO v24.6) - https:\/\/yoast.com\/wordpress\/plugins\/seo\/ -->\n<title>Francisco Leite de Bittencourt Sampaio\u00a0 - Uni\u00f3n Esp\u00edrita<\/title>\n<meta name=\"robots\" content=\"index, follow, max-snippet:-1, max-image-preview:large, max-video-preview:-1\" \/>\n<link rel=\"canonical\" href=\"https:\/\/nuevo-renacer.com\/tr\/francisco-leite-de-bittencourt-sampaio\/\" \/>\n<meta property=\"og:locale\" content=\"tr_TR\" \/>\n<meta property=\"og:type\" content=\"article\" \/>\n<meta property=\"og:title\" content=\"Francisco Leite de Bittencourt Sampaio\u00a0\" \/>\n<meta property=\"og:description\" content=\"Francisco Leite de Bittencourt Sampaio\u00a0 Francisco Leite de Bittencourt Sampaio naci\u00f3 en Laranjeiras, Sergipe, el 1 de febrero de 1834. Era hijo de un comerciante portugu\u00e9s del mismo nombre y de do\u00f1a Maria de Sant&#8217;Ana Leite Sampaio. Fue jurisconsulto (persona con grandes conocimientos jur\u00eddicos que da consultas y dict\u00e1menes sobre cuestiones de derecho); magistrado; pol\u00edtico; [&hellip;]\" \/>\n<meta property=\"og:url\" content=\"https:\/\/nuevo-renacer.com\/tr\/francisco-leite-de-bittencourt-sampaio\/\" \/>\n<meta property=\"og:site_name\" content=\"Uni\u00f3n Esp\u00edrita\" \/>\n<meta property=\"article:publisher\" content=\"https:\/\/www.facebook.com\/groups\/3431398063740829\" \/>\n<meta property=\"article:modified_time\" content=\"2024-11-11T08:53:45+00:00\" \/>\n<meta property=\"og:image\" content=\"https:\/\/nuevo-renacer.com\/wp-content\/uploads\/2024\/11\/1966969560-300-9f1bec88.jpg\" \/>\n\t<meta property=\"og:image:width\" content=\"300\" \/>\n\t<meta property=\"og:image:height\" content=\"399\" \/>\n\t<meta property=\"og:image:type\" content=\"image\/jpeg\" \/>\n<meta name=\"twitter:card\" content=\"summary_large_image\" \/>\n<meta name=\"twitter:label1\" content=\"Tahmini okuma s\u00fcresi\" \/>\n\t<meta name=\"twitter:data1\" content=\"4 dakika\" \/>\n<script type=\"application\/ld+json\" class=\"yoast-schema-graph\">{\"@context\":\"https:\/\/schema.org\",\"@graph\":[{\"@type\":\"WebPage\",\"@id\":\"https:\/\/nuevo-renacer.com\/francisco-leite-de-bittencourt-sampaio\/\",\"url\":\"https:\/\/nuevo-renacer.com\/francisco-leite-de-bittencourt-sampaio\/\",\"name\":\"Francisco Leite de Bittencourt Sampaio\u00a0 - Uni\u00f3n Esp\u00edrita\",\"isPartOf\":{\"@id\":\"https:\/\/nuevo-renacer.com\/#website\"},\"primaryImageOfPage\":{\"@id\":\"https:\/\/nuevo-renacer.com\/francisco-leite-de-bittencourt-sampaio\/#primaryimage\"},\"image\":{\"@id\":\"https:\/\/nuevo-renacer.com\/francisco-leite-de-bittencourt-sampaio\/#primaryimage\"},\"thumbnailUrl\":\"https:\/\/nuevo-renacer.com\/wp-content\/uploads\/2024\/11\/1966969560-300-9f1bec88.jpg\",\"datePublished\":\"2024-11-11T08:44:57+00:00\",\"dateModified\":\"2024-11-11T08:53:45+00:00\",\"breadcrumb\":{\"@id\":\"https:\/\/nuevo-renacer.com\/francisco-leite-de-bittencourt-sampaio\/#breadcrumb\"},\"inLanguage\":\"tr\",\"potentialAction\":[{\"@type\":\"ReadAction\",\"target\":[\"https:\/\/nuevo-renacer.com\/francisco-leite-de-bittencourt-sampaio\/\"]}]},{\"@type\":\"ImageObject\",\"inLanguage\":\"tr\",\"@id\":\"https:\/\/nuevo-renacer.com\/francisco-leite-de-bittencourt-sampaio\/#primaryimage\",\"url\":\"https:\/\/nuevo-renacer.com\/wp-content\/uploads\/2024\/11\/1966969560-300-9f1bec88.jpg\",\"contentUrl\":\"https:\/\/nuevo-renacer.com\/wp-content\/uploads\/2024\/11\/1966969560-300-9f1bec88.jpg\"},{\"@type\":\"BreadcrumbList\",\"@id\":\"https:\/\/nuevo-renacer.com\/francisco-leite-de-bittencourt-sampaio\/#breadcrumb\",\"itemListElement\":[{\"@type\":\"ListItem\",\"position\":1,\"name\":\"Startseite\",\"item\":\"https:\/\/nuevo-renacer.com\/\"},{\"@type\":\"ListItem\",\"position\":2,\"name\":\"Francisco Leite de Bittencourt Sampaio\u00a0\"}]},{\"@type\":\"WebSite\",\"@id\":\"https:\/\/nuevo-renacer.com\/#website\",\"url\":\"https:\/\/nuevo-renacer.com\/\",\"name\":\"Uni\u00f3n Esp\u00edrita\",\"description\":\"Nuevo Renacer\",\"publisher\":{\"@id\":\"https:\/\/nuevo-renacer.com\/#organization\"},\"potentialAction\":[{\"@type\":\"SearchAction\",\"target\":{\"@type\":\"EntryPoint\",\"urlTemplate\":\"https:\/\/nuevo-renacer.com\/?s={search_term_string}\"},\"query-input\":{\"@type\":\"PropertyValueSpecification\",\"valueRequired\":true,\"valueName\":\"search_term_string\"}}],\"inLanguage\":\"tr\"},{\"@type\":\"Organization\",\"@id\":\"https:\/\/nuevo-renacer.com\/#organization\",\"name\":\"UFEC\",\"url\":\"https:\/\/nuevo-renacer.com\/\",\"logo\":{\"@type\":\"ImageObject\",\"inLanguage\":\"tr\",\"@id\":\"https:\/\/nuevo-renacer.com\/#\/schema\/logo\/image\/\",\"url\":\"https:\/\/nuevo-renacer.com\/wp-content\/uploads\/2024\/05\/cropped-LOGO-TERMINADO1-3-3.png\",\"contentUrl\":\"https:\/\/nuevo-renacer.com\/wp-content\/uploads\/2024\/05\/cropped-LOGO-TERMINADO1-3-3.png\",\"width\":512,\"height\":512,\"caption\":\"UFEC\"},\"image\":{\"@id\":\"https:\/\/nuevo-renacer.com\/#\/schema\/logo\/image\/\"},\"sameAs\":[\"https:\/\/www.facebook.com\/groups\/3431398063740829\"]}]}<\/script>\n<!-- \/ Yoast SEO Premium plugin. -->","yoast_head_json":{"title":"Francisco Leite de Bittencourt Sampaio\u00a0 - Uni\u00f3n Esp\u00edrita","robots":{"index":"index","follow":"follow","max-snippet":"max-snippet:-1","max-image-preview":"max-image-preview:large","max-video-preview":"max-video-preview:-1"},"canonical":"https:\/\/nuevo-renacer.com\/tr\/francisco-leite-de-bittencourt-sampaio\/","og_locale":"tr_TR","og_type":"article","og_title":"Francisco Leite de Bittencourt Sampaio\u00a0","og_description":"Francisco Leite de Bittencourt Sampaio\u00a0 Francisco Leite de Bittencourt Sampaio naci\u00f3 en Laranjeiras, Sergipe, el 1 de febrero de 1834. Era hijo de un comerciante portugu\u00e9s del mismo nombre y de do\u00f1a Maria de Sant&#8217;Ana Leite Sampaio. Fue jurisconsulto (persona con grandes conocimientos jur\u00eddicos que da consultas y dict\u00e1menes sobre cuestiones de derecho); magistrado; pol\u00edtico; [&hellip;]","og_url":"https:\/\/nuevo-renacer.com\/tr\/francisco-leite-de-bittencourt-sampaio\/","og_site_name":"Uni\u00f3n Esp\u00edrita","article_publisher":"https:\/\/www.facebook.com\/groups\/3431398063740829","article_modified_time":"2024-11-11T08:53:45+00:00","og_image":[{"width":300,"height":399,"url":"https:\/\/nuevo-renacer.com\/wp-content\/uploads\/2024\/11\/1966969560-300-9f1bec88.jpg","type":"image\/jpeg"}],"twitter_card":"summary_large_image","twitter_misc":{"Tahmini okuma s\u00fcresi":"4 dakika"},"schema":{"@context":"https:\/\/schema.org","@graph":[{"@type":"WebPage","@id":"https:\/\/nuevo-renacer.com\/francisco-leite-de-bittencourt-sampaio\/","url":"https:\/\/nuevo-renacer.com\/francisco-leite-de-bittencourt-sampaio\/","name":"Francisco Leite de Bittencourt Sampaio\u00a0 - Uni\u00f3n Esp\u00edrita","isPartOf":{"@id":"https:\/\/nuevo-renacer.com\/#website"},"primaryImageOfPage":{"@id":"https:\/\/nuevo-renacer.com\/francisco-leite-de-bittencourt-sampaio\/#primaryimage"},"image":{"@id":"https:\/\/nuevo-renacer.com\/francisco-leite-de-bittencourt-sampaio\/#primaryimage"},"thumbnailUrl":"https:\/\/nuevo-renacer.com\/wp-content\/uploads\/2024\/11\/1966969560-300-9f1bec88.jpg","datePublished":"2024-11-11T08:44:57+00:00","dateModified":"2024-11-11T08:53:45+00:00","breadcrumb":{"@id":"https:\/\/nuevo-renacer.com\/francisco-leite-de-bittencourt-sampaio\/#breadcrumb"},"inLanguage":"tr","potentialAction":[{"@type":"ReadAction","target":["https:\/\/nuevo-renacer.com\/francisco-leite-de-bittencourt-sampaio\/"]}]},{"@type":"ImageObject","inLanguage":"tr","@id":"https:\/\/nuevo-renacer.com\/francisco-leite-de-bittencourt-sampaio\/#primaryimage","url":"https:\/\/nuevo-renacer.com\/wp-content\/uploads\/2024\/11\/1966969560-300-9f1bec88.jpg","contentUrl":"https:\/\/nuevo-renacer.com\/wp-content\/uploads\/2024\/11\/1966969560-300-9f1bec88.jpg"},{"@type":"BreadcrumbList","@id":"https:\/\/nuevo-renacer.com\/francisco-leite-de-bittencourt-sampaio\/#breadcrumb","itemListElement":[{"@type":"ListItem","position":1,"name":"Startseite","item":"https:\/\/nuevo-renacer.com\/"},{"@type":"ListItem","position":2,"name":"Francisco Leite de Bittencourt Sampaio\u00a0"}]},{"@type":"WebSite","@id":"https:\/\/nuevo-renacer.com\/#website","url":"https:\/\/nuevo-renacer.com\/","name":"Uni\u00f3n Esp\u00edrita","description":"Nuevo Renacer","publisher":{"@id":"https:\/\/nuevo-renacer.com\/#organization"},"potentialAction":[{"@type":"SearchAction","target":{"@type":"EntryPoint","urlTemplate":"https:\/\/nuevo-renacer.com\/?s={search_term_string}"},"query-input":{"@type":"PropertyValueSpecification","valueRequired":true,"valueName":"search_term_string"}}],"inLanguage":"tr"},{"@type":"Organization","@id":"https:\/\/nuevo-renacer.com\/#organization","name":"UFEC","url":"https:\/\/nuevo-renacer.com\/","logo":{"@type":"ImageObject","inLanguage":"tr","@id":"https:\/\/nuevo-renacer.com\/#\/schema\/logo\/image\/","url":"https:\/\/nuevo-renacer.com\/wp-content\/uploads\/2024\/05\/cropped-LOGO-TERMINADO1-3-3.png","contentUrl":"https:\/\/nuevo-renacer.com\/wp-content\/uploads\/2024\/05\/cropped-LOGO-TERMINADO1-3-3.png","width":512,"height":512,"caption":"UFEC"},"image":{"@id":"https:\/\/nuevo-renacer.com\/#\/schema\/logo\/image\/"},"sameAs":["https:\/\/www.facebook.com\/groups\/3431398063740829"]}]}},"uagb_featured_image_src":{"full":false,"thumbnail":false,"medium":false,"medium_large":false,"large":false,"1536x1536":false,"2048x2048":false,"trp-custom-language-flag":false},"uagb_author_info":{"display_name":"adbv0","author_link":"https:\/\/nuevo-renacer.com\/tr\/author\/adbv0\/"},"uagb_comment_info":0,"uagb_excerpt":"Francisco Leite de Bittencourt Sampaio\u00a0 Francisco Leite de Bittencourt Sampaio naci\u00f3 en Laranjeiras, Sergipe, el 1 de febrero de 1834. Era hijo de un comerciante portugu\u00e9s del mismo nombre y de do\u00f1a Maria de Sant&#8217;Ana Leite Sampaio. Fue jurisconsulto (persona con grandes conocimientos jur\u00eddicos que da consultas y dict\u00e1menes sobre cuestiones de derecho); magistrado; pol\u00edtico;&hellip;","jetpack_sharing_enabled":true,"_links":{"self":[{"href":"https:\/\/nuevo-renacer.com\/tr\/wp-json\/wp\/v2\/pages\/6004","targetHints":{"allow":["GET"]}}],"collection":[{"href":"https:\/\/nuevo-renacer.com\/tr\/wp-json\/wp\/v2\/pages"}],"about":[{"href":"https:\/\/nuevo-renacer.com\/tr\/wp-json\/wp\/v2\/types\/page"}],"author":[{"embeddable":true,"href":"https:\/\/nuevo-renacer.com\/tr\/wp-json\/wp\/v2\/users\/1"}],"replies":[{"embeddable":true,"href":"https:\/\/nuevo-renacer.com\/tr\/wp-json\/wp\/v2\/comments?post=6004"}],"version-history":[{"count":3,"href":"https:\/\/nuevo-renacer.com\/tr\/wp-json\/wp\/v2\/pages\/6004\/revisions"}],"predecessor-version":[{"id":6010,"href":"https:\/\/nuevo-renacer.com\/tr\/wp-json\/wp\/v2\/pages\/6004\/revisions\/6010"}],"wp:attachment":[{"href":"https:\/\/nuevo-renacer.com\/tr\/wp-json\/wp\/v2\/media?parent=6004"}],"curies":[{"name":"wp","href":"https:\/\/api.w.org\/{rel}","templated":true}]}}