{"id":5913,"date":"2024-11-08T08:52:48","date_gmt":"2024-11-08T08:52:48","guid":{"rendered":"https:\/\/nuevo-renacer.com\/?page_id=5913"},"modified":"2024-11-08T08:54:25","modified_gmt":"2024-11-08T08:54:25","slug":"humberto-mariotti","status":"publish","type":"page","link":"https:\/\/nuevo-renacer.com\/tr\/humberto-mariotti\/","title":{"rendered":"Humberto Mariotti"},"content":{"rendered":"<div class=\"wp-block-uagb-container uagb-block-b050fb4c alignfull uagb-is-root-container\"><div class=\"uagb-container-inner-blocks-wrap\">\n<p class=\"has-black-color has-text-color has-link-color has-medium-font-size wp-elements-7f1899729acca61d14ade6ef6da7a302\"><strong>Humberto Mariotti<\/strong><\/p>\n<\/div><\/div>\n\n\n\n<div class=\"wp-block-uagb-container uagb-block-a988bfa0 alignfull uagb-is-root-container\"><div class=\"uagb-container-inner-blocks-wrap\">\n<figure class=\"wp-block-image size-full is-resized\"><img fetchpriority=\"high\" decoding=\"async\" width=\"239\" height=\"224\" src=\"https:\/\/nuevo-renacer.com\/wp-content\/uploads\/2024\/11\/Screenshot-214.png\" alt=\"\" class=\"wp-image-5916\" style=\"width:262px;height:auto\" srcset=\"https:\/\/nuevo-renacer.com\/wp-content\/uploads\/2024\/11\/Screenshot-214.png 239w, https:\/\/nuevo-renacer.com\/wp-content\/uploads\/2024\/11\/Screenshot-214-13x12.png 13w\" sizes=\"(max-width: 239px) 100vw, 239px\" \/><\/figure>\n<\/div><\/div>\n\n\n\n<div class=\"wp-block-uagb-container uagb-block-352ed2aa alignfull uagb-is-root-container\"><div class=\"uagb-container-inner-blocks-wrap\">\n<p class=\"has-black-color has-text-color has-link-color has-small-font-size wp-elements-87ab41d81570a04598a1f3330b36e0f2\">11 Haziran 1905&#039;te Arjantin&#039;in Buenos Aires kentindeki Z\u00e1rate \u015fehrinde (Paran\u00e1 nehri k\u0131y\u0131s\u0131nda) Humberto Mariotti olarak do\u011fdu. Ailesi, \u0130talya anakaras\u0131 b\u00f6lgesinde bulunan Bari eyaletinden \u0130talyan g\u00f6\u00e7menler Nicolas Mariotti ve Julia del R\u00e9 idi; Bir\u00e7ok yurtta\u015f gibi toprak yeti\u015ftiricili\u011fi ve hayvan yeti\u015ftiricili\u011fi ile u\u011fra\u015fanlar.<\/p>\n\n\n\n<p class=\"has-black-color has-text-color has-link-color has-small-font-size wp-elements-d6aa3c42beb57179714cacd0edc36d01\">Be\u015f karde\u015ften ikincisiydi: En b\u00fcy\u00fc\u011f\u00fc Domingo; Spiritist Doktrinin fikirlerini onunla payla\u015fan Olympia, Amadeus ve Maria (Maruca). Meryem, se\u00e7kin yazar ve konu\u015fmac\u0131 James A. Bossero&#039;nun kar\u0131s\u0131 oldu\u011fu i\u00e7in, spirit\u00fcalizm ve medyumluk uygulamalar\u0131n\u0131n birka\u00e7 \u00fcyesi taraf\u0131ndan geli\u015ftirildi\u011fi haneler kurdu. \u00dc\u00e7 \u00e7ocuk annesi esp\u00edritas ayr\u0131ca Konfederasyon \u00fcyesi Antonio Melo ile ilgili Spiritist Arjantin ve k\u0131z\u0131 Elma&#039;n\u0131n Antonio&#039;nun karde\u015fi ve ayn\u0131 kurumun orta\u011f\u0131 Ernesto Melo ile evlenmesi yoluyla Karde\u015flik Derne\u011fi ve son olarak Amadeo, aktif kat\u0131l\u0131m olmadan, yay\u0131nlanan \u00e7e\u015fitli dergilerde \u00e7e\u015fitli f\u0131rsatlar \u015fiirler esp\u00edritas, aralar\u0131nda bir Rekor.<\/p>\n\n\n\n<p class=\"has-black-color has-text-color has-link-color has-small-font-size wp-elements-6a4fd981a092fdb9972c63046f271aac\">\u00c7al\u0131\u015fmalar\u0131na at\u0131fta bulunarak \u015funu s\u00f6yleyebiliriz: okula ilkokulun d\u00f6rd\u00fcnc\u00fc s\u0131n\u0131f\u0131na kadar devam etti, \u00e7\u00fcnk\u00fc ekonomik nedenlerden dolay\u0131 ebeveynleri onlar\u0131 yar\u0131da kesmek zorunda kald\u0131. Buna ra\u011fmen \u00e7ocuklu\u011fu, Paran\u00e1 nehri&#039;nin sular\u0131n\u0131n ak\u0131nt\u0131lar\u0131 taraf\u0131ndan yery\u00fcz\u00fcnde \u00fcretilen s\u0131rtlar\u0131 olu\u015fturan vah\u015fi do\u011fan\u0131n gizemlerini ke\u015ffetmeye \u00e7al\u0131\u015fan bilgi ve icatlara d\u00fc\u015fk\u00fcnd\u00fc ve \u015fiirinde bir sabitti.samimi. Orada, o ortamda, kendi \u00e7a\u011f\u0131nda arkada\u015flar\u0131yla maceraya istekli ve bilinmeyen, hayal edilen ve \u00f6rg\u00fctlenen her \u015feyi seven zihni, General Don Jos\u00e9 de San Mart\u00edn&#039;inkine benzer bir\u201d kurtulu\u015f ordusu &#034; (derin bir hayranl\u0131\u011f\u0131 vard\u0131) ve \u015f\u00fcphesiz lideri, oydu.<\/p>\n\n\n\n<p class=\"has-black-color has-text-color has-link-color has-small-font-size wp-elements-c3521dc52bc245ab4a452123ae4c8257\">G\u00f6rd\u00fc\u011f\u00fcm\u00fcz gibi, bu \u00e7ocuk oyunlar\u0131 Mariotti&#039;de gelecekteki militan aktif ve ilerici bir hareketin dinamik ki\u015fili\u011finin ana hatlar\u0131n\u0131 \u00e7izdi ve oldu\u011fu gibi ilerledi, \u0130deal Ruh\u00e7udur ve olacakt\u0131r.<\/p>\n\n\n\n<p class=\"has-black-color has-text-color has-link-color has-medium-font-size wp-elements-f4308686b7be345a14d6147efe514cb2\"><strong>Militanl\u0131k ruh\u00e7ulu\u011fundaki ba\u015flang\u0131c\u0131<\/strong><\/p>\n\n\n\n<p class=\"has-black-color has-text-color has-link-color has-small-font-size wp-elements-2e534cee5b9bda95c09c7576aca5021f\">Ve y\u0131llar devam ediyor... ve 1925&#039;te, 18 ya\u015f\u0131nda, varl\u0131\u011f\u0131n\u0131z i\u00e7in \u00f6nemli bir ger\u00e7ek. Ailenin samimi bir arkada\u015f\u0131 ve Spirit\u00fcalist Merkez \u0131\u015f\u0131k, Yard\u0131mseverlik ve \u0130lerleme ile d\u00fczenli olarak e\u015fzamanl\u0131 olan Joseph Grillo, Genel Bar\u0131\u015f 310 Soka\u011f\u0131 Zarate, gen\u00e7lerin felsefe ve metafizik temalar\u0131n\u0131 \u00f6z\u00fcmseme kolayl\u0131\u011f\u0131ndan etkilenerek ona bir kitap \u00f6d\u00fcn\u00e7 verdi. Ancak bu, di\u011ferleri gibi de\u011fildi, \u00e7\u00fcnk\u00fc kendi i\u00e7inde insan\u0131n Ruh D\u00fcnyas\u0131na ula\u015fma e\u015fiklerini aktaran bir doktrinin ilkelerini i\u00e7eriyordu: 1904&#039;te \u0130spanya&#039;n\u0131n Barselona kentinde yay\u0131nlanan Allan Kardec&#039;in Ruhlar\u0131 Kitab\u0131, Joseph Grillo&#039;nun sa\u011flad\u0131\u011f\u0131 kopyayd\u0131 humberto Mariotti&#039;ye. Okuyun ve i\u00e7eri\u011finize, fikirlerinize Doktrinleri s\u0131ras\u0131na g\u00f6re\u201d a\u015f\u0131k olmak &#034; tesad\u00fcfi de\u011fildi; O kitab\u0131 bilmeli \u00e7\u00fcnk\u00fc o g\u00fcnden itibaren, geri \u00e7evirece\u011fimiz Manevi D\u00fcnyan\u0131n ger\u00e7ekli\u011fine n\u00fcfuz etmelidir.<\/p>\n\n\n\n<p class=\"has-black-color has-text-color has-link-color has-small-font-size wp-elements-177aa73a2c705802e2a8d4375a4980c0\">D\u00fcnyevi varl\u0131\u011f\u0131ndan sadece on sekiz y\u0131l Spiritist Doktrin i\u00e7in harcanmad\u0131, \u00e7\u00fcnk\u00fc elli dokuzu kitaplar, konferanslar, \u015fiirler vb.Yoluyla sevgi ve ilgiyle adanm\u0131\u015f kald\u0131., hepsi onun Olan \u0130dealin prati\u011fine: Allan Kardec&#039;in Ruh\u00e7ulu\u011fu.<\/p>\n\n\n\n<p class=\"has-black-color has-text-color has-link-color has-small-font-size wp-elements-dc8a061160251d3c392e8ddb67909972\">1926 y\u0131l\u0131nda her zaman Z\u00e1rate&#039;de ve zaten Spirit\u00fcalizme d\u00fc\u015fk\u00fcn, ate\u015fli bir momentumda el yazmas\u0131 ile yaz\u0131lm\u0131\u015f gen\u00e7lik, konular \u00fczerine iki kaplama olu\u015fturur esp\u00edritas, ba\u015fl\u0131k Dergisi A\u015fk ve \u00c7al\u0131\u015fma, okuyucular\u0131na yak\u0131n gelecekte bas\u0131lm\u0131\u015f g\u00f6r\u00fcnece\u011fini bildirir.<\/p>\n\n\n\n<p class=\"has-black-color has-text-color has-link-color has-small-font-size wp-elements-4b4fa10990c16cd9b9ee61cc66fa65bf\">1929 Civar\u0131nda aile Federal Ba\u015fkente ta\u015f\u0131nd\u0131 ve birka\u00e7 y\u0131l boyunca ge\u00e7 Buzdolab\u0131 Anglo Avellaneda&#039;da Veterinerlik t\u0131bb\u0131nda Uygun olarak \u00e7al\u0131\u015ft\u0131 ve \u00e7al\u0131\u015ft\u0131. Ayn\u0131 zamanda Toplumdaki doktriner faaliyetlerde ba\u015flar Camilo Flammarionayn\u0131 zamanda \u00f6nde gelen bir aktivist ruh\u00e7u olan Luis Di Crist\u00f3foro Postiglioni ile tan\u0131\u015ft\u0131\u011f\u0131 yer. Y\u0131llar sonra Topluma girdi Victor Hugo \u00e7al\u0131\u015fmalar\u0131nda geli\u015fmek medyumluk, ara\u015ft\u0131rma vb.<\/p>\n\n\n\n<p class=\"has-black-color has-text-color has-link-color has-medium-font-size wp-elements-2e25684650e0975111d2aa8d0ef0d25e\"><strong>Ruh\u00e7uluk Faaliyetinizin Temel Ger\u00e7ekleri<\/strong><\/p>\n\n\n\n<p class=\"has-black-color has-text-color has-link-color has-small-font-size wp-elements-36c84bd89131618681f098c78e47261c\">1-10 Eyl\u00fcl 1934 tarihleri aras\u0131nda, Manuel S olan b\u00fcy\u00fck sava\u015f\u00e7\u0131n\u0131nkiyle birlikte. Porteiro, \u0130spanya&#039;n\u0131n Barselona kentinde d\u00fczenlenen ve Konfederasyon Spirit\u00fcalist Arjantin&#039;in gen\u00e7 An\u0131s\u0131n\u0131 sunduklar\u0131 ve savunduklar\u0131 V Kongresi Spiritist Enternasyonali&#039;ne Arjantin delegeleri olarak kat\u0131l\u0131n, \u00e7\u00fcnk\u00fc di\u011fer \u015feylerin yan\u0131 s\u0131ra \u201cdaha b\u00fcy\u00fck bir kapasite ve desprejuiciamiento &#034; \u00f6nerildi. maneviyat\u00e7\u0131lar daha b\u00fcy\u00fck bir nesnel bilgi ve samimi bir faaliyettir ve do\u011fu&#039;nun sosyal ama\u00e7lar\u0131n\u0131 belirledi\u011fini ve ahlaki ruh\u00e7unun \u00f6z\u00fc ile anla\u015fman\u0131n eylemini ve propagandas\u0131n\u0131 y\u00f6nlendirdi\u011fini belirlemi\u015ftir, Kardec bu \u00fc\u00e7 ilkeye dahil oldu: \u00d6zg\u00fcrl\u00fck, E\u015fitlik ve Karde\u015flik\u201d vb. Her ikisi de Mariotti Porteiro&#039;ya gelince, bu etkinli\u011fe kat\u0131l\u0131m spiritist uluslararas\u0131, gelecekteki performanslar\u0131yla ilgili bir ger\u00e7ek doktrin esp\u00edritas ile etkile\u015fime girebilmek d\u00fcnyaca \u00fcnl\u00fc. Barselona&#039;da ge\u00e7irilen g\u00fcnler, ikisi taraf\u0131ndan bir\u00e7ok kez ya yaz\u0131l\u0131 ya da derin duygulara sahip konferanslarla hat\u0131rland\u0131.<\/p>\n\n\n\n<p class=\"has-black-color has-text-color has-link-color has-small-font-size wp-elements-0ee5ee17f2afb5fd44d797ee5c186791\">Konfederasyon Ba\u015fkan\u0131 olarak atand\u0131 Maneviyat\u00e7\u0131 Arjantin 1936 ve 1966&#039;da iki kez. Lord, ilk ba\u015fkanl\u0131\u011f\u0131nda, di\u011fer konular\u0131n yan\u0131 s\u0131ra, Buenos Aires Eyaleti Polis \u015eefine A\u00e7\u0131k bir Mektup g\u00f6ndermenin alt\u0131n\u0131 \u00e7iziyor.Evler Peralta \u201csanat kehaneti, s\u00f6m\u00fcr\u00fc gibi sa\u00e7ma olan uygulamalarla ilgili olarak curanderil, evlilikler d\u00fczenlemek, yap\u0131lan sorgular i\u00e7in \u00fccretler\u201d vb., b\u00f6yle bir tahsise uyar\u0131 olarak, \u201cKonfederasyon Spirit\u00fcalist Arjantin, yasal olarak olu\u015fturulmu\u015f otuzdan fazla \u015firketi ba\u011fr\u0131nda toplayan ve Spiritist Doktrin oldu\u011fu gibi bir doktrinin prestijiyle y\u00fckselen bir kurumdur\u201d. Bu y\u00fczden, \u00e7ok k\u00fc\u00e7\u00fck ya\u015flardan itibaren Mariotti&#039;nin mizac\u0131yd\u0131: fikirlerin ger\u00e7ek ilkelerinin ve uygulamalar\u0131n\u0131n tutkulu bir savunucusuydu.<\/p>\n\n\n\n<p class=\"has-black-color has-text-color has-link-color has-small-font-size wp-elements-bbbfcb93c0a208da3941f415ff40c80e\">Ve aktivizmi spiritist devam ediyor, ama ayn\u0131 zamanda a\u015fk hayat\u0131n\u0131za da geliyor... gen\u00e7lik Spirit\u00fcalist Federasyonu \u00fcyesiydi Arjantin gen\u00e7, huzursuz ve giri\u015fimci bir isim Ana Huici, garip \u201cnedensellik &#034; i\u00e7in derne\u011fin kurucusu Do\u00f1a Aurora Galvez ile ili\u015fkiliydi Victor Hugo. Toplant\u0131larda, pikniklerde, konserlerde, k\u00fclt\u00fcrel etkinliklerde birbirini izleyen kar\u015f\u0131la\u015fmalar yoluyla, her ikisinin de birle\u015fmesiyle sonu\u00e7lanan yak\u0131nl\u0131klar\u0131 ve duygular\u0131 ortaya \u00e7\u0131karacakt\u0131.22 Aral\u0131k 1937. Ayn\u0131, bir k\u0131z\u0131 do\u011fdu, Hebe, Iris.<\/p>\n\n\n\n<p class=\"has-black-color has-text-color has-link-color has-small-font-size wp-elements-c7b8c6abc18fecb03d0a97b29bbcf8f6\">Spirit\u00fcalizmin \u0131\u015f\u0131\u011f\u0131nda sevgi, arkada\u015fl\u0131k ve her \u015feyden \u00f6nce sevgi i\u00e7inde in\u015fa edilen bu ev, Konfederasyon Spiritisti Pan-amerikan (STRA\u0130N) gibi ulusal ve uluslararas\u0131 esp\u00edritas ve spirit\u00fcalistlerin meclislerini ve kongrelerini ortaya \u00e7\u0131karan ve organize eden doktriner say\u0131s\u0131z toplant\u0131ya tan\u0131k oldu; Reenkarnasyon \u00e7al\u0131\u015fmalar\u0131 i\u00e7in Uluslararas\u0131 Kongre; evrensel Karde\u015flik Hareketi ve di\u011ferleri.<\/p>\n\n\n\n<p class=\"has-black-color has-text-color has-link-color has-small-font-size wp-elements-5b14338e3346841803ec60b0aff10d83\">Humberto ve Anita Mariotti, 45 y\u0131l birlikte ya\u015fad\u0131lar, sevgileriyle ve her ikisinin de \u0130dealini sundu\u011fu hizmet i\u00e7in bir araya geldiler. Hayat\u0131n\u0131 bir doktrinin yay\u0131lmas\u0131na adam\u0131\u015f bir adam\u0131n s\u00fcrekli arkada\u015f\u0131yd\u0131 ve onun i\u00e7in ger\u00e7ek\u00e7ilik malzemesini delen \u00f6\u011fretme ve d\u00fc\u015f\u00fcncelere hevesli bir varl\u0131\u011f\u0131n manevi deste\u011fini yapt\u0131.<\/p>\n\n\n\n<p class=\"has-black-color has-text-color has-link-color has-small-font-size wp-elements-97e7dec8f62a7eace61fcd73bef2cccd\">Mariotti 17 May\u0131s 1982&#039;de Arjantin&#039;de \u00f6ld\u00fc.<\/p>\n<\/div><\/div>\n\n\n\n<div class=\"wp-block-uagb-container uagb-block-b6f718db alignfull uagb-is-root-container\"><div class=\"uagb-container-inner-blocks-wrap\"><\/div><\/div>\n\n\n\n<div class=\"wp-block-uagb-container uagb-block-bc2fd7a7 alignfull uagb-is-root-container\"><div class=\"uagb-container-inner-blocks-wrap\"><\/div><\/div>","protected":false},"excerpt":{"rendered":"<p>Humberto Mariotti Naci\u00f3 Humberto Mariotti el 11 de junio de 1905 en la ciudad de Z\u00e1rate (a orillas del r\u00edo Paran\u00e1), Buenos Aires, Argentina. Fueron sus padres Nicol\u00e1s Mariotti y Julia del R\u00e9, inmigrantes italianos provenientes de la provincia de Bari, situada en la zona peninsular de Italia; quienes se dedicaron como tantos compatriotas al [&hellip;]<\/p>","protected":false},"author":1,"featured_media":0,"parent":0,"menu_order":0,"comment_status":"closed","ping_status":"closed","template":"","meta":{"_uag_custom_page_level_css":"","site-sidebar-layout":"default","site-content-layout":"","ast-site-content-layout":"default","site-content-style":"default","site-sidebar-style":"default","ast-global-header-display":"","ast-banner-title-visibility":"","ast-main-header-display":"","ast-hfb-above-header-display":"","ast-hfb-below-header-display":"","ast-hfb-mobile-header-display":"","site-post-title":"disabled","ast-breadcrumbs-content":"","ast-featured-img":"","footer-sml-layout":"","theme-transparent-header-meta":"","adv-header-id-meta":"","stick-header-meta":"","header-above-stick-meta":"","header-main-stick-meta":"","header-below-stick-meta":"","astra-migrate-meta-layouts":"set","ast-page-background-enabled":"default","ast-page-background-meta":{"desktop":{"background-color":"var(--ast-global-color-4)","background-image":"","background-repeat":"repeat","background-position":"center center","background-size":"auto","background-attachment":"scroll","background-type":"","background-media":"","overlay-type":"","overlay-color":"","overlay-opacity":"","overlay-gradient":""},"tablet":{"background-color":"","background-image":"","background-repeat":"repeat","background-position":"center center","background-size":"auto","background-attachment":"scroll","background-type":"","background-media":"","overlay-type":"","overlay-color":"","overlay-opacity":"","overlay-gradient":""},"mobile":{"background-color":"","background-image":"","background-repeat":"repeat","background-position":"center center","background-size":"auto","background-attachment":"scroll","background-type":"","background-media":"","overlay-type":"","overlay-color":"","overlay-opacity":"","overlay-gradient":""}},"ast-content-background-meta":{"desktop":{"background-color":"var(--ast-global-color-5)","background-image":"","background-repeat":"repeat","background-position":"center center","background-size":"auto","background-attachment":"scroll","background-type":"","background-media":"","overlay-type":"","overlay-color":"","overlay-opacity":"","overlay-gradient":""},"tablet":{"background-color":"var(--ast-global-color-5)","background-image":"","background-repeat":"repeat","background-position":"center center","background-size":"auto","background-attachment":"scroll","background-type":"","background-media":"","overlay-type":"","overlay-color":"","overlay-opacity":"","overlay-gradient":""},"mobile":{"background-color":"var(--ast-global-color-5)","background-image":"","background-repeat":"repeat","background-position":"center center","background-size":"auto","background-attachment":"scroll","background-type":"","background-media":"","overlay-type":"","overlay-color":"","overlay-opacity":"","overlay-gradient":""}},"footnotes":""},"class_list":["post-5913","page","type-page","status-publish","hentry"],"yoast_head":"<!-- This site is optimized with the Yoast SEO Premium plugin v24.2 (Yoast SEO v24.6) - https:\/\/yoast.com\/wordpress\/plugins\/seo\/ -->\n<title>Humberto Mariotti - Uni\u00f3n Esp\u00edrita<\/title>\n<meta name=\"robots\" content=\"index, follow, max-snippet:-1, max-image-preview:large, max-video-preview:-1\" \/>\n<link rel=\"canonical\" href=\"https:\/\/nuevo-renacer.com\/tr\/humberto-mariotti\/\" \/>\n<meta property=\"og:locale\" content=\"tr_TR\" \/>\n<meta property=\"og:type\" content=\"article\" \/>\n<meta property=\"og:title\" content=\"Humberto Mariotti\" \/>\n<meta property=\"og:description\" content=\"Humberto Mariotti Naci\u00f3 Humberto Mariotti el 11 de junio de 1905 en la ciudad de Z\u00e1rate (a orillas del r\u00edo Paran\u00e1), Buenos Aires, Argentina. Fueron sus padres Nicol\u00e1s Mariotti y Julia del R\u00e9, inmigrantes italianos provenientes de la provincia de Bari, situada en la zona peninsular de Italia; quienes se dedicaron como tantos compatriotas al [&hellip;]\" \/>\n<meta property=\"og:url\" content=\"https:\/\/nuevo-renacer.com\/tr\/humberto-mariotti\/\" \/>\n<meta property=\"og:site_name\" content=\"Uni\u00f3n Esp\u00edrita\" \/>\n<meta property=\"article:publisher\" content=\"https:\/\/www.facebook.com\/groups\/3431398063740829\" \/>\n<meta property=\"article:modified_time\" content=\"2024-11-08T08:54:25+00:00\" \/>\n<meta property=\"og:image\" content=\"https:\/\/nuevo-renacer.com\/wp-content\/uploads\/2024\/11\/Screenshot-214.png\" \/>\n\t<meta property=\"og:image:width\" content=\"239\" \/>\n\t<meta property=\"og:image:height\" content=\"224\" \/>\n\t<meta property=\"og:image:type\" content=\"image\/png\" \/>\n<meta name=\"twitter:card\" content=\"summary_large_image\" \/>\n<meta name=\"twitter:label1\" content=\"Tahmini okuma s\u00fcresi\" \/>\n\t<meta name=\"twitter:data1\" content=\"7 dakika\" \/>\n<script type=\"application\/ld+json\" class=\"yoast-schema-graph\">{\"@context\":\"https:\/\/schema.org\",\"@graph\":[{\"@type\":\"WebPage\",\"@id\":\"https:\/\/nuevo-renacer.com\/fr\/humberto-mariotti\/\",\"url\":\"https:\/\/nuevo-renacer.com\/fr\/humberto-mariotti\/\",\"name\":\"Humberto Mariotti - Uni\u00f3n Esp\u00edrita\",\"isPartOf\":{\"@id\":\"https:\/\/nuevo-renacer.com\/#website\"},\"primaryImageOfPage\":{\"@id\":\"https:\/\/nuevo-renacer.com\/fr\/humberto-mariotti\/#primaryimage\"},\"image\":{\"@id\":\"https:\/\/nuevo-renacer.com\/fr\/humberto-mariotti\/#primaryimage\"},\"thumbnailUrl\":\"https:\/\/nuevo-renacer.com\/wp-content\/uploads\/2024\/11\/Screenshot-214.png\",\"datePublished\":\"2024-11-08T08:52:48+00:00\",\"dateModified\":\"2024-11-08T08:54:25+00:00\",\"breadcrumb\":{\"@id\":\"https:\/\/nuevo-renacer.com\/fr\/humberto-mariotti\/#breadcrumb\"},\"inLanguage\":\"tr\",\"potentialAction\":[{\"@type\":\"ReadAction\",\"target\":[\"https:\/\/nuevo-renacer.com\/fr\/humberto-mariotti\/\"]}]},{\"@type\":\"ImageObject\",\"inLanguage\":\"tr\",\"@id\":\"https:\/\/nuevo-renacer.com\/fr\/humberto-mariotti\/#primaryimage\",\"url\":\"https:\/\/nuevo-renacer.com\/wp-content\/uploads\/2024\/11\/Screenshot-214.png\",\"contentUrl\":\"https:\/\/nuevo-renacer.com\/wp-content\/uploads\/2024\/11\/Screenshot-214.png\"},{\"@type\":\"BreadcrumbList\",\"@id\":\"https:\/\/nuevo-renacer.com\/fr\/humberto-mariotti\/#breadcrumb\",\"itemListElement\":[{\"@type\":\"ListItem\",\"position\":1,\"name\":\"Startseite\",\"item\":\"https:\/\/nuevo-renacer.com\/\"},{\"@type\":\"ListItem\",\"position\":2,\"name\":\"Humberto Mariotti\"}]},{\"@type\":\"WebSite\",\"@id\":\"https:\/\/nuevo-renacer.com\/#website\",\"url\":\"https:\/\/nuevo-renacer.com\/\",\"name\":\"Uni\u00f3n Esp\u00edrita\",\"description\":\"Nuevo Renacer\",\"publisher\":{\"@id\":\"https:\/\/nuevo-renacer.com\/#organization\"},\"potentialAction\":[{\"@type\":\"SearchAction\",\"target\":{\"@type\":\"EntryPoint\",\"urlTemplate\":\"https:\/\/nuevo-renacer.com\/?s={search_term_string}\"},\"query-input\":{\"@type\":\"PropertyValueSpecification\",\"valueRequired\":true,\"valueName\":\"search_term_string\"}}],\"inLanguage\":\"tr\"},{\"@type\":\"Organization\",\"@id\":\"https:\/\/nuevo-renacer.com\/#organization\",\"name\":\"UFEC\",\"url\":\"https:\/\/nuevo-renacer.com\/\",\"logo\":{\"@type\":\"ImageObject\",\"inLanguage\":\"tr\",\"@id\":\"https:\/\/nuevo-renacer.com\/#\/schema\/logo\/image\/\",\"url\":\"https:\/\/nuevo-renacer.com\/wp-content\/uploads\/2024\/05\/cropped-LOGO-TERMINADO1-3-3.png\",\"contentUrl\":\"https:\/\/nuevo-renacer.com\/wp-content\/uploads\/2024\/05\/cropped-LOGO-TERMINADO1-3-3.png\",\"width\":512,\"height\":512,\"caption\":\"UFEC\"},\"image\":{\"@id\":\"https:\/\/nuevo-renacer.com\/#\/schema\/logo\/image\/\"},\"sameAs\":[\"https:\/\/www.facebook.com\/groups\/3431398063740829\"]}]}<\/script>\n<!-- \/ Yoast SEO Premium plugin. -->","yoast_head_json":{"title":"Humberto Mariotti - Uni\u00f3n Esp\u00edrita","robots":{"index":"index","follow":"follow","max-snippet":"max-snippet:-1","max-image-preview":"max-image-preview:large","max-video-preview":"max-video-preview:-1"},"canonical":"https:\/\/nuevo-renacer.com\/tr\/humberto-mariotti\/","og_locale":"tr_TR","og_type":"article","og_title":"Humberto Mariotti","og_description":"Humberto Mariotti Naci\u00f3 Humberto Mariotti el 11 de junio de 1905 en la ciudad de Z\u00e1rate (a orillas del r\u00edo Paran\u00e1), Buenos Aires, Argentina. Fueron sus padres Nicol\u00e1s Mariotti y Julia del R\u00e9, inmigrantes italianos provenientes de la provincia de Bari, situada en la zona peninsular de Italia; quienes se dedicaron como tantos compatriotas al [&hellip;]","og_url":"https:\/\/nuevo-renacer.com\/tr\/humberto-mariotti\/","og_site_name":"Uni\u00f3n Esp\u00edrita","article_publisher":"https:\/\/www.facebook.com\/groups\/3431398063740829","article_modified_time":"2024-11-08T08:54:25+00:00","og_image":[{"width":239,"height":224,"url":"https:\/\/nuevo-renacer.com\/wp-content\/uploads\/2024\/11\/Screenshot-214.png","type":"image\/png"}],"twitter_card":"summary_large_image","twitter_misc":{"Tahmini okuma s\u00fcresi":"7 dakika"},"schema":{"@context":"https:\/\/schema.org","@graph":[{"@type":"WebPage","@id":"https:\/\/nuevo-renacer.com\/fr\/humberto-mariotti\/","url":"https:\/\/nuevo-renacer.com\/fr\/humberto-mariotti\/","name":"Humberto Mariotti - Uni\u00f3n Esp\u00edrita","isPartOf":{"@id":"https:\/\/nuevo-renacer.com\/#website"},"primaryImageOfPage":{"@id":"https:\/\/nuevo-renacer.com\/fr\/humberto-mariotti\/#primaryimage"},"image":{"@id":"https:\/\/nuevo-renacer.com\/fr\/humberto-mariotti\/#primaryimage"},"thumbnailUrl":"https:\/\/nuevo-renacer.com\/wp-content\/uploads\/2024\/11\/Screenshot-214.png","datePublished":"2024-11-08T08:52:48+00:00","dateModified":"2024-11-08T08:54:25+00:00","breadcrumb":{"@id":"https:\/\/nuevo-renacer.com\/fr\/humberto-mariotti\/#breadcrumb"},"inLanguage":"tr","potentialAction":[{"@type":"ReadAction","target":["https:\/\/nuevo-renacer.com\/fr\/humberto-mariotti\/"]}]},{"@type":"ImageObject","inLanguage":"tr","@id":"https:\/\/nuevo-renacer.com\/fr\/humberto-mariotti\/#primaryimage","url":"https:\/\/nuevo-renacer.com\/wp-content\/uploads\/2024\/11\/Screenshot-214.png","contentUrl":"https:\/\/nuevo-renacer.com\/wp-content\/uploads\/2024\/11\/Screenshot-214.png"},{"@type":"BreadcrumbList","@id":"https:\/\/nuevo-renacer.com\/fr\/humberto-mariotti\/#breadcrumb","itemListElement":[{"@type":"ListItem","position":1,"name":"Startseite","item":"https:\/\/nuevo-renacer.com\/"},{"@type":"ListItem","position":2,"name":"Humberto Mariotti"}]},{"@type":"WebSite","@id":"https:\/\/nuevo-renacer.com\/#website","url":"https:\/\/nuevo-renacer.com\/","name":"Uni\u00f3n Esp\u00edrita","description":"Nuevo Renacer","publisher":{"@id":"https:\/\/nuevo-renacer.com\/#organization"},"potentialAction":[{"@type":"SearchAction","target":{"@type":"EntryPoint","urlTemplate":"https:\/\/nuevo-renacer.com\/?s={search_term_string}"},"query-input":{"@type":"PropertyValueSpecification","valueRequired":true,"valueName":"search_term_string"}}],"inLanguage":"tr"},{"@type":"Organization","@id":"https:\/\/nuevo-renacer.com\/#organization","name":"UFEC","url":"https:\/\/nuevo-renacer.com\/","logo":{"@type":"ImageObject","inLanguage":"tr","@id":"https:\/\/nuevo-renacer.com\/#\/schema\/logo\/image\/","url":"https:\/\/nuevo-renacer.com\/wp-content\/uploads\/2024\/05\/cropped-LOGO-TERMINADO1-3-3.png","contentUrl":"https:\/\/nuevo-renacer.com\/wp-content\/uploads\/2024\/05\/cropped-LOGO-TERMINADO1-3-3.png","width":512,"height":512,"caption":"UFEC"},"image":{"@id":"https:\/\/nuevo-renacer.com\/#\/schema\/logo\/image\/"},"sameAs":["https:\/\/www.facebook.com\/groups\/3431398063740829"]}]}},"uagb_featured_image_src":{"full":false,"thumbnail":false,"medium":false,"medium_large":false,"large":false,"1536x1536":false,"2048x2048":false,"trp-custom-language-flag":false},"uagb_author_info":{"display_name":"adbv0","author_link":"https:\/\/nuevo-renacer.com\/tr\/author\/adbv0\/"},"uagb_comment_info":0,"uagb_excerpt":"Humberto Mariotti Naci\u00f3 Humberto Mariotti el 11 de junio de 1905 en la ciudad de Z\u00e1rate (a orillas del r\u00edo Paran\u00e1), Buenos Aires, Argentina. Fueron sus padres Nicol\u00e1s Mariotti y Julia del R\u00e9, inmigrantes italianos provenientes de la provincia de Bari, situada en la zona peninsular de Italia; quienes se dedicaron como tantos compatriotas al&hellip;","jetpack_sharing_enabled":true,"_links":{"self":[{"href":"https:\/\/nuevo-renacer.com\/tr\/wp-json\/wp\/v2\/pages\/5913","targetHints":{"allow":["GET"]}}],"collection":[{"href":"https:\/\/nuevo-renacer.com\/tr\/wp-json\/wp\/v2\/pages"}],"about":[{"href":"https:\/\/nuevo-renacer.com\/tr\/wp-json\/wp\/v2\/types\/page"}],"author":[{"embeddable":true,"href":"https:\/\/nuevo-renacer.com\/tr\/wp-json\/wp\/v2\/users\/1"}],"replies":[{"embeddable":true,"href":"https:\/\/nuevo-renacer.com\/tr\/wp-json\/wp\/v2\/comments?post=5913"}],"version-history":[{"count":2,"href":"https:\/\/nuevo-renacer.com\/tr\/wp-json\/wp\/v2\/pages\/5913\/revisions"}],"predecessor-version":[{"id":5917,"href":"https:\/\/nuevo-renacer.com\/tr\/wp-json\/wp\/v2\/pages\/5913\/revisions\/5917"}],"wp:attachment":[{"href":"https:\/\/nuevo-renacer.com\/tr\/wp-json\/wp\/v2\/media?parent=5913"}],"curies":[{"name":"wp","href":"https:\/\/api.w.org\/{rel}","templated":true}]}}