{"id":5900,"date":"2024-11-07T08:08:40","date_gmt":"2024-11-07T08:08:40","guid":{"rendered":"https:\/\/nuevo-renacer.com\/?page_id=5900"},"modified":"2024-11-07T08:08:40","modified_gmt":"2024-11-07T08:08:40","slug":"filomento-de-miranda","status":"publish","type":"page","link":"https:\/\/nuevo-renacer.com\/tr\/filomento-de-miranda\/","title":{"rendered":"Filomento Miranda"},"content":{"rendered":"<div class=\"wp-block-uagb-container uagb-block-60c434ec alignfull uagb-is-root-container\"><div class=\"uagb-container-inner-blocks-wrap\">\n<p class=\"has-black-color has-text-color has-link-color has-medium-font-size wp-elements-37c6eb66b99f3c662736c89fa9f5a1e4\"><strong>Filomento Miranda<\/strong><\/p>\n<\/div><\/div>\n\n\n\n<div class=\"wp-block-uagb-container uagb-block-3a7622c4 alignfull uagb-is-root-container\"><div class=\"uagb-container-inner-blocks-wrap\">\n<figure class=\"wp-block-image size-full is-resized\"><img decoding=\"async\" width=\"191\" height=\"254\" src=\"https:\/\/nuevo-renacer.com\/wp-content\/uploads\/2024\/11\/miranda.jpg\" alt=\"\" class=\"wp-image-5901\" style=\"width:229px;height:auto\" srcset=\"https:\/\/nuevo-renacer.com\/wp-content\/uploads\/2024\/11\/miranda.jpg 191w, https:\/\/nuevo-renacer.com\/wp-content\/uploads\/2024\/11\/miranda-9x12.jpg 9w\" sizes=\"(max-width: 191px) 100vw, 191px\" \/><\/figure>\n<\/div><\/div>\n\n\n\n<div class=\"wp-block-uagb-container uagb-block-1d4fed59 alignfull uagb-is-root-container\"><div class=\"uagb-container-inner-blocks-wrap\">\n<p class=\"has-black-color has-text-color has-link-color has-small-font-size wp-elements-503e79b1e4c7681bda08c0093320d94b\">Daha \u00e7ok Filomeno Miranda olarak bilinir: 25 May\u0131s 1939&#039;da Manevi D\u00fczleme d\u00f6nd\u00fc\u011f\u00fcnde Jose Petitinga&#039;n\u0131n yerine Espirita Baiana Birli\u011fi Ba\u015fkanl\u0131\u011f\u0131na se\u00e7ilmesiyle sonu\u00e7lanan Espirita K\u00f6rfezi Hareketinin uzun y\u0131llard\u0131r en \u00e7ok katk\u0131da bulunan\u0131yd\u0131., Salvador&#039;da.<\/p>\n\n\n\n<p class=\"has-black-color has-text-color has-link-color has-small-font-size wp-elements-6b4f804bbb3ba44bcd663faa25c8bb94\">Baptista Miranda&#039;dan Manuel Filomeno 14 Kas\u0131m 1876&#039;da do\u011fdu: Bahia Eyaletindeki Conde belediyesi Jangada&#039;da ailesi Manoel Baptista Miranda ve Bayan Umbelina Maria de Conception&#039;d\u0131.<\/p>\n\n\n\n<p class=\"has-black-color has-text-color has-link-color has-small-font-size wp-elements-aa36ded5cd5681956fbbd611ef6d8c29\">Bay Belediye Okulu&#039;ndan mezun oldu: bug\u00fcn Bahia Federal \u00dcniversitesi \u0130ktisadi Bilimler Fak\u00fcltesi: akademik derecesini 1910 y\u0131l\u0131nda tamamlad\u0131: Ticaret ve Finans alan\u0131nda Lisans derecesi. Mesle\u011fini b\u00fcy\u00fck bir do\u011frulukla uygulad\u0131: mesleki alanda etkinli\u011fin bir \u00f6rne\u011fi olmak. Soran herkese her zaman yard\u0131mc\u0131 oldu, ancak hizmetlerini telafi edemedi. <\/p>\n\n\n\n<p class=\"has-black-color has-text-color has-link-color has-small-font-size wp-elements-635adc0e3d2663adc9ed2002d17046d0\">Davran\u0131\u015f\u0131nda ve al\u00e7akg\u00f6n\u00fcll\u00fcl\u00fc\u011f\u00fcnde \u00e7ok b\u00fcy\u00fckt\u00fc. Hastal\u0131ktan zay\u0131flam\u0131\u015f, kal\u0131c\u0131, 1914&#039;te, olumlu sonu\u00e7 vermeden \u00e7e\u015fitli doktorlara dan\u0131\u015ft\u0131ktan sonra, Alagoi\u00f1as \u015fehrinde orta Saturnino Favila taraf\u0131ndan ge\u00e7i\u015fler ve su ak\u0131\u015fkanla\u015ft\u0131r\u0131larak iyile\u015ftirildi ve tedaviyi baz\u0131 \u015eifal\u0131 Bitki ila\u00e7lar\u0131yla tamamlad\u0131.<\/p>\n\n\n\n<p class=\"has-black-color has-text-color has-link-color has-small-font-size wp-elements-fb16e3a00d30d1ed97f27e46e5e49005\">O s\u0131rada: Kurtar\u0131c\u0131ya bir yolculuk, onu Espirita Baiana Birli\u011fi&#039;ne kat\u0131lmaya davet eden Joseph Petitinga ile tan\u0131\u015ft\u0131. O andan itibaren Filomeno Miranda, \u00f6\u011fretilerinin en kararl\u0131 takip\u00e7ilerinden biri haline gelen Spirit\u00fcalizmin incelenmesi ve uygulanmas\u0131yla ilgileniyor. Petitinga&#039;n\u0131n sad\u0131k bir \u00f6\u011frencisi olarak, Merkezlerin t\u00fcm ilgili sorunlar\u0131n\u0131 \u00e7\u00f6zme yetene\u011fine sahip, K\u00f6rfez Espirita Hareketinin ger\u00e7ek bir el\u00e7isiydi.Ruh\u00e7u. <\/p>\n\n\n\n<p class=\"has-black-color has-text-color has-link-color has-small-font-size wp-elements-383b166074c869a1698f57fd6d82fe2c\">Davan\u0131n hizmetinde, periyodik olarak Ba\u015fkentin ve i\u00e7 mekan\u0131n Ruh\u00e7usu olan Toplumlar\u0131 ziyaret ederek, herhangi bir zorlu\u011fa \u00e7\u00f6z\u00fcm arad\u0131. Hassas, kibar ve her \u015feyden \u00f6nce i\u015fte kararl\u0131 olan sald\u0131r\u0131lara mant\u0131ks\u0131z ate\u015fkes vermedi: Ruh\u00e7unun \u00e7al\u0131\u015fmas\u0131n\u0131 \u00e7\u00fcr\u00fctmeye \u00e7al\u0131\u015fan dindarlar ve bilim adamlar\u0131 taraf\u0131ndan i\u015flendi.<\/p>\n<\/div><\/div>\n\n\n\n<div class=\"wp-block-uagb-container uagb-block-806b7766 alignfull uagb-is-root-container\"><div class=\"uagb-container-inner-blocks-wrap\"><\/div><\/div>\n\n\n\n<div class=\"wp-block-uagb-container uagb-block-bb2b45cb alignfull uagb-is-root-container\"><div class=\"uagb-container-inner-blocks-wrap\"><\/div><\/div>","protected":false},"excerpt":{"rendered":"<p>Filomento de Miranda M\u00e1s conocido como Filomeno de Miranda: fue durante muchos a\u00f1os colaborador destacado del Movimiento Espirita de Bah\u00eda, culminando con su elecci\u00f3n para la Presidencia de la Uni\u00f3n Espirita Baiana, sustituyendo a Jose Petitinga, cuando \u00e9ste retom\u00f3 al Plano Espiritual, el 25 de mayo de 1939, en Salvador. Manuel Filomeno de Baptista de [&hellip;]<\/p>","protected":false},"author":1,"featured_media":0,"parent":0,"menu_order":0,"comment_status":"closed","ping_status":"closed","template":"","meta":{"_uag_custom_page_level_css":"","site-sidebar-layout":"default","site-content-layout":"","ast-site-content-layout":"default","site-content-style":"default","site-sidebar-style":"default","ast-global-header-display":"","ast-banner-title-visibility":"","ast-main-header-display":"","ast-hfb-above-header-display":"","ast-hfb-below-header-display":"","ast-hfb-mobile-header-display":"","site-post-title":"disabled","ast-breadcrumbs-content":"","ast-featured-img":"","footer-sml-layout":"","theme-transparent-header-meta":"","adv-header-id-meta":"","stick-header-meta":"","header-above-stick-meta":"","header-main-stick-meta":"","header-below-stick-meta":"","astra-migrate-meta-layouts":"set","ast-page-background-enabled":"default","ast-page-background-meta":{"desktop":{"background-color":"var(--ast-global-color-4)","background-image":"","background-repeat":"repeat","background-position":"center center","background-size":"auto","background-attachment":"scroll","background-type":"","background-media":"","overlay-type":"","overlay-color":"","overlay-opacity":"","overlay-gradient":""},"tablet":{"background-color":"","background-image":"","background-repeat":"repeat","background-position":"center center","background-size":"auto","background-attachment":"scroll","background-type":"","background-media":"","overlay-type":"","overlay-color":"","overlay-opacity":"","overlay-gradient":""},"mobile":{"background-color":"","background-image":"","background-repeat":"repeat","background-position":"center center","background-size":"auto","background-attachment":"scroll","background-type":"","background-media":"","overlay-type":"","overlay-color":"","overlay-opacity":"","overlay-gradient":""}},"ast-content-background-meta":{"desktop":{"background-color":"var(--ast-global-color-5)","background-image":"","background-repeat":"repeat","background-position":"center center","background-size":"auto","background-attachment":"scroll","background-type":"","background-media":"","overlay-type":"","overlay-color":"","overlay-opacity":"","overlay-gradient":""},"tablet":{"background-color":"var(--ast-global-color-5)","background-image":"","background-repeat":"repeat","background-position":"center center","background-size":"auto","background-attachment":"scroll","background-type":"","background-media":"","overlay-type":"","overlay-color":"","overlay-opacity":"","overlay-gradient":""},"mobile":{"background-color":"var(--ast-global-color-5)","background-image":"","background-repeat":"repeat","background-position":"center center","background-size":"auto","background-attachment":"scroll","background-type":"","background-media":"","overlay-type":"","overlay-color":"","overlay-opacity":"","overlay-gradient":""}},"footnotes":""},"class_list":["post-5900","page","type-page","status-publish","hentry"],"yoast_head":"<!-- This site is optimized with the Yoast SEO Premium plugin v24.2 (Yoast SEO v24.6) - https:\/\/yoast.com\/wordpress\/plugins\/seo\/ -->\n<title>Filomento de Miranda - Uni\u00f3n Esp\u00edrita<\/title>\n<meta name=\"robots\" content=\"index, follow, max-snippet:-1, max-image-preview:large, max-video-preview:-1\" \/>\n<link rel=\"canonical\" href=\"https:\/\/nuevo-renacer.com\/tr\/filomento-de-miranda\/\" \/>\n<meta property=\"og:locale\" content=\"tr_TR\" \/>\n<meta property=\"og:type\" content=\"article\" \/>\n<meta property=\"og:title\" content=\"Filomento de Miranda\" \/>\n<meta property=\"og:description\" content=\"Filomento de Miranda M\u00e1s conocido como Filomeno de Miranda: fue durante muchos a\u00f1os colaborador destacado del Movimiento Espirita de Bah\u00eda, culminando con su elecci\u00f3n para la Presidencia de la Uni\u00f3n Espirita Baiana, sustituyendo a Jose Petitinga, cuando \u00e9ste retom\u00f3 al Plano Espiritual, el 25 de mayo de 1939, en Salvador. Manuel Filomeno de Baptista de [&hellip;]\" \/>\n<meta property=\"og:url\" content=\"https:\/\/nuevo-renacer.com\/tr\/filomento-de-miranda\/\" \/>\n<meta property=\"og:site_name\" content=\"Uni\u00f3n Esp\u00edrita\" \/>\n<meta property=\"article:publisher\" content=\"https:\/\/www.facebook.com\/groups\/3431398063740829\" \/>\n<meta property=\"og:image\" content=\"https:\/\/nuevo-renacer.com\/wp-content\/uploads\/2024\/11\/miranda.jpg\" \/>\n\t<meta property=\"og:image:width\" content=\"191\" \/>\n\t<meta property=\"og:image:height\" content=\"254\" \/>\n\t<meta property=\"og:image:type\" content=\"image\/jpeg\" \/>\n<meta name=\"twitter:card\" content=\"summary_large_image\" \/>\n<meta name=\"twitter:label1\" content=\"Tahmini okuma s\u00fcresi\" \/>\n\t<meta name=\"twitter:data1\" content=\"2 dakika\" \/>\n<script type=\"application\/ld+json\" class=\"yoast-schema-graph\">{\"@context\":\"https:\/\/schema.org\",\"@graph\":[{\"@type\":\"WebPage\",\"@id\":\"https:\/\/nuevo-renacer.com\/filomento-de-miranda\/\",\"url\":\"https:\/\/nuevo-renacer.com\/filomento-de-miranda\/\",\"name\":\"Filomento de Miranda - Uni\u00f3n Esp\u00edrita\",\"isPartOf\":{\"@id\":\"https:\/\/nuevo-renacer.com\/#website\"},\"primaryImageOfPage\":{\"@id\":\"https:\/\/nuevo-renacer.com\/filomento-de-miranda\/#primaryimage\"},\"image\":{\"@id\":\"https:\/\/nuevo-renacer.com\/filomento-de-miranda\/#primaryimage\"},\"thumbnailUrl\":\"https:\/\/nuevo-renacer.com\/wp-content\/uploads\/2024\/11\/miranda.jpg\",\"datePublished\":\"2024-11-07T08:08:40+00:00\",\"breadcrumb\":{\"@id\":\"https:\/\/nuevo-renacer.com\/filomento-de-miranda\/#breadcrumb\"},\"inLanguage\":\"tr\",\"potentialAction\":[{\"@type\":\"ReadAction\",\"target\":[\"https:\/\/nuevo-renacer.com\/filomento-de-miranda\/\"]}]},{\"@type\":\"ImageObject\",\"inLanguage\":\"tr\",\"@id\":\"https:\/\/nuevo-renacer.com\/filomento-de-miranda\/#primaryimage\",\"url\":\"https:\/\/nuevo-renacer.com\/wp-content\/uploads\/2024\/11\/miranda.jpg\",\"contentUrl\":\"https:\/\/nuevo-renacer.com\/wp-content\/uploads\/2024\/11\/miranda.jpg\"},{\"@type\":\"BreadcrumbList\",\"@id\":\"https:\/\/nuevo-renacer.com\/filomento-de-miranda\/#breadcrumb\",\"itemListElement\":[{\"@type\":\"ListItem\",\"position\":1,\"name\":\"Startseite\",\"item\":\"https:\/\/nuevo-renacer.com\/\"},{\"@type\":\"ListItem\",\"position\":2,\"name\":\"Filomento de Miranda\"}]},{\"@type\":\"WebSite\",\"@id\":\"https:\/\/nuevo-renacer.com\/#website\",\"url\":\"https:\/\/nuevo-renacer.com\/\",\"name\":\"Uni\u00f3n Esp\u00edrita\",\"description\":\"Nuevo Renacer\",\"publisher\":{\"@id\":\"https:\/\/nuevo-renacer.com\/#organization\"},\"potentialAction\":[{\"@type\":\"SearchAction\",\"target\":{\"@type\":\"EntryPoint\",\"urlTemplate\":\"https:\/\/nuevo-renacer.com\/?s={search_term_string}\"},\"query-input\":{\"@type\":\"PropertyValueSpecification\",\"valueRequired\":true,\"valueName\":\"search_term_string\"}}],\"inLanguage\":\"tr\"},{\"@type\":\"Organization\",\"@id\":\"https:\/\/nuevo-renacer.com\/#organization\",\"name\":\"UFEC\",\"url\":\"https:\/\/nuevo-renacer.com\/\",\"logo\":{\"@type\":\"ImageObject\",\"inLanguage\":\"tr\",\"@id\":\"https:\/\/nuevo-renacer.com\/#\/schema\/logo\/image\/\",\"url\":\"https:\/\/nuevo-renacer.com\/wp-content\/uploads\/2024\/05\/cropped-LOGO-TERMINADO1-3-3.png\",\"contentUrl\":\"https:\/\/nuevo-renacer.com\/wp-content\/uploads\/2024\/05\/cropped-LOGO-TERMINADO1-3-3.png\",\"width\":512,\"height\":512,\"caption\":\"UFEC\"},\"image\":{\"@id\":\"https:\/\/nuevo-renacer.com\/#\/schema\/logo\/image\/\"},\"sameAs\":[\"https:\/\/www.facebook.com\/groups\/3431398063740829\"]}]}<\/script>\n<!-- \/ Yoast SEO Premium plugin. -->","yoast_head_json":{"title":"Filomento de Miranda - Uni\u00f3n Esp\u00edrita","robots":{"index":"index","follow":"follow","max-snippet":"max-snippet:-1","max-image-preview":"max-image-preview:large","max-video-preview":"max-video-preview:-1"},"canonical":"https:\/\/nuevo-renacer.com\/tr\/filomento-de-miranda\/","og_locale":"tr_TR","og_type":"article","og_title":"Filomento de Miranda","og_description":"Filomento de Miranda M\u00e1s conocido como Filomeno de Miranda: fue durante muchos a\u00f1os colaborador destacado del Movimiento Espirita de Bah\u00eda, culminando con su elecci\u00f3n para la Presidencia de la Uni\u00f3n Espirita Baiana, sustituyendo a Jose Petitinga, cuando \u00e9ste retom\u00f3 al Plano Espiritual, el 25 de mayo de 1939, en Salvador. Manuel Filomeno de Baptista de [&hellip;]","og_url":"https:\/\/nuevo-renacer.com\/tr\/filomento-de-miranda\/","og_site_name":"Uni\u00f3n Esp\u00edrita","article_publisher":"https:\/\/www.facebook.com\/groups\/3431398063740829","og_image":[{"width":191,"height":254,"url":"https:\/\/nuevo-renacer.com\/wp-content\/uploads\/2024\/11\/miranda.jpg","type":"image\/jpeg"}],"twitter_card":"summary_large_image","twitter_misc":{"Tahmini okuma s\u00fcresi":"2 dakika"},"schema":{"@context":"https:\/\/schema.org","@graph":[{"@type":"WebPage","@id":"https:\/\/nuevo-renacer.com\/filomento-de-miranda\/","url":"https:\/\/nuevo-renacer.com\/filomento-de-miranda\/","name":"Filomento de Miranda - Uni\u00f3n Esp\u00edrita","isPartOf":{"@id":"https:\/\/nuevo-renacer.com\/#website"},"primaryImageOfPage":{"@id":"https:\/\/nuevo-renacer.com\/filomento-de-miranda\/#primaryimage"},"image":{"@id":"https:\/\/nuevo-renacer.com\/filomento-de-miranda\/#primaryimage"},"thumbnailUrl":"https:\/\/nuevo-renacer.com\/wp-content\/uploads\/2024\/11\/miranda.jpg","datePublished":"2024-11-07T08:08:40+00:00","breadcrumb":{"@id":"https:\/\/nuevo-renacer.com\/filomento-de-miranda\/#breadcrumb"},"inLanguage":"tr","potentialAction":[{"@type":"ReadAction","target":["https:\/\/nuevo-renacer.com\/filomento-de-miranda\/"]}]},{"@type":"ImageObject","inLanguage":"tr","@id":"https:\/\/nuevo-renacer.com\/filomento-de-miranda\/#primaryimage","url":"https:\/\/nuevo-renacer.com\/wp-content\/uploads\/2024\/11\/miranda.jpg","contentUrl":"https:\/\/nuevo-renacer.com\/wp-content\/uploads\/2024\/11\/miranda.jpg"},{"@type":"BreadcrumbList","@id":"https:\/\/nuevo-renacer.com\/filomento-de-miranda\/#breadcrumb","itemListElement":[{"@type":"ListItem","position":1,"name":"Startseite","item":"https:\/\/nuevo-renacer.com\/"},{"@type":"ListItem","position":2,"name":"Filomento de Miranda"}]},{"@type":"WebSite","@id":"https:\/\/nuevo-renacer.com\/#website","url":"https:\/\/nuevo-renacer.com\/","name":"Uni\u00f3n Esp\u00edrita","description":"Nuevo Renacer","publisher":{"@id":"https:\/\/nuevo-renacer.com\/#organization"},"potentialAction":[{"@type":"SearchAction","target":{"@type":"EntryPoint","urlTemplate":"https:\/\/nuevo-renacer.com\/?s={search_term_string}"},"query-input":{"@type":"PropertyValueSpecification","valueRequired":true,"valueName":"search_term_string"}}],"inLanguage":"tr"},{"@type":"Organization","@id":"https:\/\/nuevo-renacer.com\/#organization","name":"UFEC","url":"https:\/\/nuevo-renacer.com\/","logo":{"@type":"ImageObject","inLanguage":"tr","@id":"https:\/\/nuevo-renacer.com\/#\/schema\/logo\/image\/","url":"https:\/\/nuevo-renacer.com\/wp-content\/uploads\/2024\/05\/cropped-LOGO-TERMINADO1-3-3.png","contentUrl":"https:\/\/nuevo-renacer.com\/wp-content\/uploads\/2024\/05\/cropped-LOGO-TERMINADO1-3-3.png","width":512,"height":512,"caption":"UFEC"},"image":{"@id":"https:\/\/nuevo-renacer.com\/#\/schema\/logo\/image\/"},"sameAs":["https:\/\/www.facebook.com\/groups\/3431398063740829"]}]}},"uagb_featured_image_src":{"full":false,"thumbnail":false,"medium":false,"medium_large":false,"large":false,"1536x1536":false,"2048x2048":false,"trp-custom-language-flag":false},"uagb_author_info":{"display_name":"adbv0","author_link":"https:\/\/nuevo-renacer.com\/tr\/author\/adbv0\/"},"uagb_comment_info":0,"uagb_excerpt":"Filomento de Miranda M\u00e1s conocido como Filomeno de Miranda: fue durante muchos a\u00f1os colaborador destacado del Movimiento Espirita de Bah\u00eda, culminando con su elecci\u00f3n para la Presidencia de la Uni\u00f3n Espirita Baiana, sustituyendo a Jose Petitinga, cuando \u00e9ste retom\u00f3 al Plano Espiritual, el 25 de mayo de 1939, en Salvador. Manuel Filomeno de Baptista de&hellip;","jetpack_sharing_enabled":true,"_links":{"self":[{"href":"https:\/\/nuevo-renacer.com\/tr\/wp-json\/wp\/v2\/pages\/5900","targetHints":{"allow":["GET"]}}],"collection":[{"href":"https:\/\/nuevo-renacer.com\/tr\/wp-json\/wp\/v2\/pages"}],"about":[{"href":"https:\/\/nuevo-renacer.com\/tr\/wp-json\/wp\/v2\/types\/page"}],"author":[{"embeddable":true,"href":"https:\/\/nuevo-renacer.com\/tr\/wp-json\/wp\/v2\/users\/1"}],"replies":[{"embeddable":true,"href":"https:\/\/nuevo-renacer.com\/tr\/wp-json\/wp\/v2\/comments?post=5900"}],"version-history":[{"count":1,"href":"https:\/\/nuevo-renacer.com\/tr\/wp-json\/wp\/v2\/pages\/5900\/revisions"}],"predecessor-version":[{"id":5902,"href":"https:\/\/nuevo-renacer.com\/tr\/wp-json\/wp\/v2\/pages\/5900\/revisions\/5902"}],"wp:attachment":[{"href":"https:\/\/nuevo-renacer.com\/tr\/wp-json\/wp\/v2\/media?parent=5900"}],"curies":[{"name":"wp","href":"https:\/\/api.w.org\/{rel}","templated":true}]}}