{"id":5894,"date":"2024-11-07T07:54:51","date_gmt":"2024-11-07T07:54:51","guid":{"rendered":"https:\/\/nuevo-renacer.com\/?page_id=5894"},"modified":"2024-11-07T07:54:51","modified_gmt":"2024-11-07T07:54:51","slug":"andre-luiz","status":"publish","type":"page","link":"https:\/\/nuevo-renacer.com\/tr\/andre-luiz\/","title":{"rendered":"Andr\u00e9 Luiz"},"content":{"rendered":"<div class=\"wp-block-uagb-container uagb-block-f1b461a5 alignfull uagb-is-root-container\"><div class=\"uagb-container-inner-blocks-wrap\">\n<p class=\"has-black-color has-text-color has-link-color has-medium-font-size wp-elements-5f2b7f56fdc7468888dde15d527be3d4\"><strong>Andr\u00e9 Luiz<\/strong><\/p>\n<\/div><\/div>\n\n\n\n<div class=\"wp-block-uagb-container uagb-block-30b74391 alignfull uagb-is-root-container\"><div class=\"uagb-container-inner-blocks-wrap\">\n<figure class=\"wp-block-image size-full is-resized\"><img fetchpriority=\"high\" decoding=\"async\" width=\"400\" height=\"494\" src=\"https:\/\/nuevo-renacer.com\/wp-content\/uploads\/2024\/11\/ANDRE-LUIZ-1.webp\" alt=\"\" class=\"wp-image-5895\" style=\"width:262px;height:auto\" srcset=\"https:\/\/nuevo-renacer.com\/wp-content\/uploads\/2024\/11\/ANDRE-LUIZ-1.webp 400w, https:\/\/nuevo-renacer.com\/wp-content\/uploads\/2024\/11\/ANDRE-LUIZ-1-243x300.webp 243w, https:\/\/nuevo-renacer.com\/wp-content\/uploads\/2024\/11\/ANDRE-LUIZ-1-10x12.webp 10w\" sizes=\"(max-width: 400px) 100vw, 400px\" \/><\/figure>\n<\/div><\/div>\n\n\n\n<div class=\"wp-block-uagb-container uagb-block-0a68c4d5 alignfull uagb-is-root-container\"><div class=\"uagb-container-inner-blocks-wrap\">\n<p class=\"has-black-color has-text-color has-link-color has-small-font-size wp-elements-cb91dc130d30ebbb5a14756f6f4f64de\">Andr\u00e9 Luiz onun ger\u00e7ek ad\u0131 de\u011fil. Ba\u015flad\u0131\u011f\u0131 y\u00fczy\u0131lda sadece sa\u011fl\u0131k doktoru oldu\u011fu ve mesle\u011fini Brezilya&#039;n\u0131n Rio de Janeiro kentinde icra etti\u011fi bilinmektedir.<\/p>\n\n\n\n<p class=\"has-black-color has-text-color has-link-color has-small-font-size wp-elements-4c817b01cb286295bce1c3b382701df9\">Kendi s\u00f6zlerine g\u00f6re, \u201cinsan varl\u0131\u011f\u0131n\u0131n gemilerin b\u00fcy\u00fck \u00e7o\u011funlu\u011funun k\u0131r\u0131lgan oldu\u011funu, t\u00fcm ger\u00e7e\u011fi bile i\u00e7eremediklerini\u201danlayarak, mezar\u0131n \u00f6tesinden haber g\u00f6nderme karar\u0131 ald\u0131\u011f\u0131nda anonimli\u011fi tercih etti.<\/p>\n\n\n\n<p class=\"has-black-color has-text-color has-link-color has-small-font-size wp-elements-04bc662171c7862f7cb1b04569b05945\">Emmanuel&#039;e, \u201cEvimiz &#034;in \u00f6ns\u00f6z\u00fcnde,&#034; d\u00fcnyan\u0131n yolda\u015flar\u0131na de\u011ferli geri bildirimler getirerek, kalpleri incitmemek i\u00e7in kendi ad\u0131 da dahil olmak \u00fczere t\u00fcm s\u00f6zle\u015fmeyi elden \u00e7\u0131karmas\u0131 gerekti\u011fini, sevgililer, ill\u00fczyonun eski giysilerine bile sar\u0131lm\u0131\u015f.\u201d<\/p>\n\n\n\n<p class=\"has-black-color has-text-color has-link-color has-small-font-size wp-elements-352ad0c96552015900dee63d78da4e3c\">Muazzam bir merak, hay\u0131rseverin ki\u015fili\u011fini ku\u015fat\u0131r ve ger\u00e7ek kimli\u011finize ula\u015fmadan hipotezi peki\u015ftirir. Ancak Andr\u00e9 Luiz, onursuz hizmet etme arzusuna sad\u0131k ve ger\u00e7e\u011fe olan ba\u011fl\u0131l\u0131\u011f\u0131na \u00f6zen g\u00f6stererek, merakl\u0131 generale boyun e\u011fmeyen kitaplar \u015feklinde nimetler yaymaya devam ediyor.<\/p>\n\n\n\n<p class=\"has-black-color has-text-color has-link-color has-small-font-size wp-elements-d6a4b6d1fa016e48f16e3b21d95b66c7\">ne s\u00f6yleyece\u011fin \u00f6nemli de\u011fil, ruhtan ruha.<\/p>\n\n\n\n<p class=\"has-black-color has-text-color has-link-color has-small-font-size wp-elements-9e03e3f811723273ee054674c1d6ec49\">Kibirin ad\u0131 veya ge\u00e7mi\u015fteki kutsamalar\u0131 art\u0131k kalbinizde ayd\u0131nlanm\u0131\u015f ve y\u00fcceltilmi\u015f bir yank\u0131 bulmuyor.<\/p>\n\n\n\n<p class=\"has-black-color has-text-color has-link-color has-small-font-size wp-elements-a584cdfa5ee752ffea9aaebf12bf809f\">Andr\u00e9 Luiz, olumlu bir \u015fekilde, esp\u00edritas ilkelerine, \u00f6zellikle de Allan Kardec&#039;e daha fazla sadakat olarak kalan somutla\u015fm\u0131\u015flara yazan t\u00fcm Destek\u00e7iler aras\u0131ndayd\u0131. Formla ilgili ve arka plandaki \u00e7al\u0131\u015fmalar\u0131, zaman i\u00e7inde Kodlay\u0131c\u0131 ve Kodlaman\u0131n s\u00fcrd\u00fcrd\u00fc\u011f\u00fc sayg\u0131 ve sadakatle dikkat \u00e7ekiyoruz.<\/p>\n\n\n\n<p class=\"has-black-color has-text-color has-link-color has-small-font-size wp-elements-110070555871346bfee06bb7d73603c6\">K\u0131rk y\u0131l\u0131 a\u015fk\u0131n bir s\u00fcredir Andr\u00e9 Luiz, Dikim Ruh\u00e7usu, coron\u00e1ndole excellence ve yollar\u0131 temizleme ile aktif olarak \u00e7al\u0131\u015ft\u0131.<\/p>\n\n\n\n<p class=\"has-black-color has-text-color has-link-color has-small-font-size wp-elements-53d2b7a376df1b54e5b9c15be05eaac2\">Art\u0131k bedensiz bir \u201ck\u00f6pr\u00fc\u201d g\u00f6revi g\u00f6ren ortam olan Chico Xavier, \u00f6\u011fretilerinin parlak bir \u015fekilde aktar\u0131lmas\u0131na daha fazla emin bir el sunamad\u0131.<\/p>\n\n\n\n<p class=\"has-black-color has-text-color has-link-color has-small-font-size wp-elements-2453bab59101301d82d04db2b26d8cdd\">Andr\u00e9 Luiz&#039;in ba\u015fka bir medyumun eli i\u00e7in geri d\u00f6n\u00fcp d\u00f6nmeyece\u011fini bilmiyoruz. Bu \u015fekilde, yaln\u0131zca esp\u00edritas ve hayranlar\u0131na, magnifica adl\u0131 eserinin incelenmesi, verilen derslere, a\u00e7\u0131k bir zihne ve minnettar bir kalbe ba\u011fl\u0131 kalmay\u0131 sessizce sorgulayan kal\u0131r.<\/p>\n<\/div><\/div>\n\n\n\n<div class=\"wp-block-uagb-container uagb-block-0574c86c alignfull uagb-is-root-container\"><div class=\"uagb-container-inner-blocks-wrap\"><\/div><\/div>\n\n\n\n<div class=\"wp-block-uagb-container uagb-block-2fc9c489 alignfull uagb-is-root-container\"><div class=\"uagb-container-inner-blocks-wrap\"><\/div><\/div>","protected":false},"excerpt":{"rendered":"<p>Andr\u00e9 Luiz Andr\u00e9 Luiz no es su verdadero nombre. De \u00e9l se sabe s\u00f3lo que fue m\u00e9dico sanitario, en el siglo iniciado, y que ejerci\u00f3 su profesi\u00f3n en R\u00edo de Janeiro, Brasil. Seg\u00fan sus propias palabras, opt\u00f3 por el anonimato, cuando toma la decisi\u00f3n de enviar noticias del m\u00e1s all\u00e1 de la tumba, por comprender [&hellip;]<\/p>","protected":false},"author":1,"featured_media":0,"parent":0,"menu_order":0,"comment_status":"closed","ping_status":"closed","template":"","meta":{"_uag_custom_page_level_css":"","site-sidebar-layout":"default","site-content-layout":"","ast-site-content-layout":"default","site-content-style":"default","site-sidebar-style":"default","ast-global-header-display":"","ast-banner-title-visibility":"","ast-main-header-display":"","ast-hfb-above-header-display":"","ast-hfb-below-header-display":"","ast-hfb-mobile-header-display":"","site-post-title":"disabled","ast-breadcrumbs-content":"","ast-featured-img":"","footer-sml-layout":"","theme-transparent-header-meta":"","adv-header-id-meta":"","stick-header-meta":"","header-above-stick-meta":"","header-main-stick-meta":"","header-below-stick-meta":"","astra-migrate-meta-layouts":"set","ast-page-background-enabled":"default","ast-page-background-meta":{"desktop":{"background-color":"var(--ast-global-color-4)","background-image":"","background-repeat":"repeat","background-position":"center center","background-size":"auto","background-attachment":"scroll","background-type":"","background-media":"","overlay-type":"","overlay-color":"","overlay-opacity":"","overlay-gradient":""},"tablet":{"background-color":"","background-image":"","background-repeat":"repeat","background-position":"center center","background-size":"auto","background-attachment":"scroll","background-type":"","background-media":"","overlay-type":"","overlay-color":"","overlay-opacity":"","overlay-gradient":""},"mobile":{"background-color":"","background-image":"","background-repeat":"repeat","background-position":"center center","background-size":"auto","background-attachment":"scroll","background-type":"","background-media":"","overlay-type":"","overlay-color":"","overlay-opacity":"","overlay-gradient":""}},"ast-content-background-meta":{"desktop":{"background-color":"var(--ast-global-color-5)","background-image":"","background-repeat":"repeat","background-position":"center center","background-size":"auto","background-attachment":"scroll","background-type":"","background-media":"","overlay-type":"","overlay-color":"","overlay-opacity":"","overlay-gradient":""},"tablet":{"background-color":"var(--ast-global-color-5)","background-image":"","background-repeat":"repeat","background-position":"center center","background-size":"auto","background-attachment":"scroll","background-type":"","background-media":"","overlay-type":"","overlay-color":"","overlay-opacity":"","overlay-gradient":""},"mobile":{"background-color":"var(--ast-global-color-5)","background-image":"","background-repeat":"repeat","background-position":"center center","background-size":"auto","background-attachment":"scroll","background-type":"","background-media":"","overlay-type":"","overlay-color":"","overlay-opacity":"","overlay-gradient":""}},"footnotes":""},"class_list":["post-5894","page","type-page","status-publish","hentry"],"yoast_head":"<!-- This site is optimized with the Yoast SEO Premium plugin v24.2 (Yoast SEO v24.6) - https:\/\/yoast.com\/wordpress\/plugins\/seo\/ -->\n<title>Andr\u00e9 Luiz - Uni\u00f3n Esp\u00edrita<\/title>\n<meta name=\"robots\" content=\"index, follow, max-snippet:-1, max-image-preview:large, max-video-preview:-1\" \/>\n<link rel=\"canonical\" href=\"https:\/\/nuevo-renacer.com\/tr\/andre-luiz\/\" \/>\n<meta property=\"og:locale\" content=\"tr_TR\" \/>\n<meta property=\"og:type\" content=\"article\" \/>\n<meta property=\"og:title\" content=\"Andr\u00e9 Luiz\" \/>\n<meta property=\"og:description\" content=\"Andr\u00e9 Luiz Andr\u00e9 Luiz no es su verdadero nombre. De \u00e9l se sabe s\u00f3lo que fue m\u00e9dico sanitario, en el siglo iniciado, y que ejerci\u00f3 su profesi\u00f3n en R\u00edo de Janeiro, Brasil. Seg\u00fan sus propias palabras, opt\u00f3 por el anonimato, cuando toma la decisi\u00f3n de enviar noticias del m\u00e1s all\u00e1 de la tumba, por comprender [&hellip;]\" \/>\n<meta property=\"og:url\" content=\"https:\/\/nuevo-renacer.com\/tr\/andre-luiz\/\" \/>\n<meta property=\"og:site_name\" content=\"Uni\u00f3n Esp\u00edrita\" \/>\n<meta property=\"article:publisher\" content=\"https:\/\/www.facebook.com\/groups\/3431398063740829\" \/>\n<meta property=\"og:image\" content=\"https:\/\/nuevo-renacer.com\/wp-content\/uploads\/2024\/11\/ANDRE-LUIZ-1.webp\" \/>\n\t<meta property=\"og:image:width\" content=\"400\" \/>\n\t<meta property=\"og:image:height\" content=\"494\" \/>\n\t<meta property=\"og:image:type\" content=\"image\/webp\" \/>\n<meta name=\"twitter:card\" content=\"summary_large_image\" \/>\n<meta name=\"twitter:label1\" content=\"Tahmini okuma s\u00fcresi\" \/>\n\t<meta name=\"twitter:data1\" content=\"2 dakika\" \/>\n<script type=\"application\/ld+json\" class=\"yoast-schema-graph\">{\"@context\":\"https:\/\/schema.org\",\"@graph\":[{\"@type\":\"WebPage\",\"@id\":\"https:\/\/nuevo-renacer.com\/andre-luiz\/\",\"url\":\"https:\/\/nuevo-renacer.com\/andre-luiz\/\",\"name\":\"Andr\u00e9 Luiz - Uni\u00f3n Esp\u00edrita\",\"isPartOf\":{\"@id\":\"https:\/\/nuevo-renacer.com\/#website\"},\"primaryImageOfPage\":{\"@id\":\"https:\/\/nuevo-renacer.com\/andre-luiz\/#primaryimage\"},\"image\":{\"@id\":\"https:\/\/nuevo-renacer.com\/andre-luiz\/#primaryimage\"},\"thumbnailUrl\":\"https:\/\/nuevo-renacer.com\/wp-content\/uploads\/2024\/11\/ANDRE-LUIZ-1.webp\",\"datePublished\":\"2024-11-07T07:54:51+00:00\",\"breadcrumb\":{\"@id\":\"https:\/\/nuevo-renacer.com\/andre-luiz\/#breadcrumb\"},\"inLanguage\":\"tr\",\"potentialAction\":[{\"@type\":\"ReadAction\",\"target\":[\"https:\/\/nuevo-renacer.com\/andre-luiz\/\"]}]},{\"@type\":\"ImageObject\",\"inLanguage\":\"tr\",\"@id\":\"https:\/\/nuevo-renacer.com\/andre-luiz\/#primaryimage\",\"url\":\"https:\/\/nuevo-renacer.com\/wp-content\/uploads\/2024\/11\/ANDRE-LUIZ-1.webp\",\"contentUrl\":\"https:\/\/nuevo-renacer.com\/wp-content\/uploads\/2024\/11\/ANDRE-LUIZ-1.webp\"},{\"@type\":\"BreadcrumbList\",\"@id\":\"https:\/\/nuevo-renacer.com\/andre-luiz\/#breadcrumb\",\"itemListElement\":[{\"@type\":\"ListItem\",\"position\":1,\"name\":\"Startseite\",\"item\":\"https:\/\/nuevo-renacer.com\/\"},{\"@type\":\"ListItem\",\"position\":2,\"name\":\"Andr\u00e9 Luiz\"}]},{\"@type\":\"WebSite\",\"@id\":\"https:\/\/nuevo-renacer.com\/#website\",\"url\":\"https:\/\/nuevo-renacer.com\/\",\"name\":\"Uni\u00f3n Esp\u00edrita\",\"description\":\"Nuevo Renacer\",\"publisher\":{\"@id\":\"https:\/\/nuevo-renacer.com\/#organization\"},\"potentialAction\":[{\"@type\":\"SearchAction\",\"target\":{\"@type\":\"EntryPoint\",\"urlTemplate\":\"https:\/\/nuevo-renacer.com\/?s={search_term_string}\"},\"query-input\":{\"@type\":\"PropertyValueSpecification\",\"valueRequired\":true,\"valueName\":\"search_term_string\"}}],\"inLanguage\":\"tr\"},{\"@type\":\"Organization\",\"@id\":\"https:\/\/nuevo-renacer.com\/#organization\",\"name\":\"UFEC\",\"url\":\"https:\/\/nuevo-renacer.com\/\",\"logo\":{\"@type\":\"ImageObject\",\"inLanguage\":\"tr\",\"@id\":\"https:\/\/nuevo-renacer.com\/#\/schema\/logo\/image\/\",\"url\":\"https:\/\/nuevo-renacer.com\/wp-content\/uploads\/2024\/05\/cropped-LOGO-TERMINADO1-3-3.png\",\"contentUrl\":\"https:\/\/nuevo-renacer.com\/wp-content\/uploads\/2024\/05\/cropped-LOGO-TERMINADO1-3-3.png\",\"width\":512,\"height\":512,\"caption\":\"UFEC\"},\"image\":{\"@id\":\"https:\/\/nuevo-renacer.com\/#\/schema\/logo\/image\/\"},\"sameAs\":[\"https:\/\/www.facebook.com\/groups\/3431398063740829\"]}]}<\/script>\n<!-- \/ Yoast SEO Premium plugin. -->","yoast_head_json":{"title":"Andr\u00e9 Luiz - Uni\u00f3n Esp\u00edrita","robots":{"index":"index","follow":"follow","max-snippet":"max-snippet:-1","max-image-preview":"max-image-preview:large","max-video-preview":"max-video-preview:-1"},"canonical":"https:\/\/nuevo-renacer.com\/tr\/andre-luiz\/","og_locale":"tr_TR","og_type":"article","og_title":"Andr\u00e9 Luiz","og_description":"Andr\u00e9 Luiz Andr\u00e9 Luiz no es su verdadero nombre. De \u00e9l se sabe s\u00f3lo que fue m\u00e9dico sanitario, en el siglo iniciado, y que ejerci\u00f3 su profesi\u00f3n en R\u00edo de Janeiro, Brasil. Seg\u00fan sus propias palabras, opt\u00f3 por el anonimato, cuando toma la decisi\u00f3n de enviar noticias del m\u00e1s all\u00e1 de la tumba, por comprender [&hellip;]","og_url":"https:\/\/nuevo-renacer.com\/tr\/andre-luiz\/","og_site_name":"Uni\u00f3n Esp\u00edrita","article_publisher":"https:\/\/www.facebook.com\/groups\/3431398063740829","og_image":[{"width":400,"height":494,"url":"https:\/\/nuevo-renacer.com\/wp-content\/uploads\/2024\/11\/ANDRE-LUIZ-1.webp","type":"image\/webp"}],"twitter_card":"summary_large_image","twitter_misc":{"Tahmini okuma s\u00fcresi":"2 dakika"},"schema":{"@context":"https:\/\/schema.org","@graph":[{"@type":"WebPage","@id":"https:\/\/nuevo-renacer.com\/andre-luiz\/","url":"https:\/\/nuevo-renacer.com\/andre-luiz\/","name":"Andr\u00e9 Luiz - Uni\u00f3n Esp\u00edrita","isPartOf":{"@id":"https:\/\/nuevo-renacer.com\/#website"},"primaryImageOfPage":{"@id":"https:\/\/nuevo-renacer.com\/andre-luiz\/#primaryimage"},"image":{"@id":"https:\/\/nuevo-renacer.com\/andre-luiz\/#primaryimage"},"thumbnailUrl":"https:\/\/nuevo-renacer.com\/wp-content\/uploads\/2024\/11\/ANDRE-LUIZ-1.webp","datePublished":"2024-11-07T07:54:51+00:00","breadcrumb":{"@id":"https:\/\/nuevo-renacer.com\/andre-luiz\/#breadcrumb"},"inLanguage":"tr","potentialAction":[{"@type":"ReadAction","target":["https:\/\/nuevo-renacer.com\/andre-luiz\/"]}]},{"@type":"ImageObject","inLanguage":"tr","@id":"https:\/\/nuevo-renacer.com\/andre-luiz\/#primaryimage","url":"https:\/\/nuevo-renacer.com\/wp-content\/uploads\/2024\/11\/ANDRE-LUIZ-1.webp","contentUrl":"https:\/\/nuevo-renacer.com\/wp-content\/uploads\/2024\/11\/ANDRE-LUIZ-1.webp"},{"@type":"BreadcrumbList","@id":"https:\/\/nuevo-renacer.com\/andre-luiz\/#breadcrumb","itemListElement":[{"@type":"ListItem","position":1,"name":"Startseite","item":"https:\/\/nuevo-renacer.com\/"},{"@type":"ListItem","position":2,"name":"Andr\u00e9 Luiz"}]},{"@type":"WebSite","@id":"https:\/\/nuevo-renacer.com\/#website","url":"https:\/\/nuevo-renacer.com\/","name":"Uni\u00f3n Esp\u00edrita","description":"Nuevo Renacer","publisher":{"@id":"https:\/\/nuevo-renacer.com\/#organization"},"potentialAction":[{"@type":"SearchAction","target":{"@type":"EntryPoint","urlTemplate":"https:\/\/nuevo-renacer.com\/?s={search_term_string}"},"query-input":{"@type":"PropertyValueSpecification","valueRequired":true,"valueName":"search_term_string"}}],"inLanguage":"tr"},{"@type":"Organization","@id":"https:\/\/nuevo-renacer.com\/#organization","name":"UFEC","url":"https:\/\/nuevo-renacer.com\/","logo":{"@type":"ImageObject","inLanguage":"tr","@id":"https:\/\/nuevo-renacer.com\/#\/schema\/logo\/image\/","url":"https:\/\/nuevo-renacer.com\/wp-content\/uploads\/2024\/05\/cropped-LOGO-TERMINADO1-3-3.png","contentUrl":"https:\/\/nuevo-renacer.com\/wp-content\/uploads\/2024\/05\/cropped-LOGO-TERMINADO1-3-3.png","width":512,"height":512,"caption":"UFEC"},"image":{"@id":"https:\/\/nuevo-renacer.com\/#\/schema\/logo\/image\/"},"sameAs":["https:\/\/www.facebook.com\/groups\/3431398063740829"]}]}},"uagb_featured_image_src":{"full":false,"thumbnail":false,"medium":false,"medium_large":false,"large":false,"1536x1536":false,"2048x2048":false,"trp-custom-language-flag":false},"uagb_author_info":{"display_name":"adbv0","author_link":"https:\/\/nuevo-renacer.com\/tr\/author\/adbv0\/"},"uagb_comment_info":0,"uagb_excerpt":"Andr\u00e9 Luiz Andr\u00e9 Luiz no es su verdadero nombre. De \u00e9l se sabe s\u00f3lo que fue m\u00e9dico sanitario, en el siglo iniciado, y que ejerci\u00f3 su profesi\u00f3n en R\u00edo de Janeiro, Brasil. Seg\u00fan sus propias palabras, opt\u00f3 por el anonimato, cuando toma la decisi\u00f3n de enviar noticias del m\u00e1s all\u00e1 de la tumba, por comprender&hellip;","jetpack_sharing_enabled":true,"_links":{"self":[{"href":"https:\/\/nuevo-renacer.com\/tr\/wp-json\/wp\/v2\/pages\/5894","targetHints":{"allow":["GET"]}}],"collection":[{"href":"https:\/\/nuevo-renacer.com\/tr\/wp-json\/wp\/v2\/pages"}],"about":[{"href":"https:\/\/nuevo-renacer.com\/tr\/wp-json\/wp\/v2\/types\/page"}],"author":[{"embeddable":true,"href":"https:\/\/nuevo-renacer.com\/tr\/wp-json\/wp\/v2\/users\/1"}],"replies":[{"embeddable":true,"href":"https:\/\/nuevo-renacer.com\/tr\/wp-json\/wp\/v2\/comments?post=5894"}],"version-history":[{"count":1,"href":"https:\/\/nuevo-renacer.com\/tr\/wp-json\/wp\/v2\/pages\/5894\/revisions"}],"predecessor-version":[{"id":5896,"href":"https:\/\/nuevo-renacer.com\/tr\/wp-json\/wp\/v2\/pages\/5894\/revisions\/5896"}],"wp:attachment":[{"href":"https:\/\/nuevo-renacer.com\/tr\/wp-json\/wp\/v2\/media?parent=5894"}],"curies":[{"name":"wp","href":"https:\/\/api.w.org\/{rel}","templated":true}]}}