{"id":5888,"date":"2024-11-07T07:32:18","date_gmt":"2024-11-07T07:32:18","guid":{"rendered":"https:\/\/nuevo-renacer.com\/?page_id=5888"},"modified":"2024-11-07T07:37:39","modified_gmt":"2024-11-07T07:37:39","slug":"juana-de-angelis","status":"publish","type":"page","link":"https:\/\/nuevo-renacer.com\/tr\/juana-de-angelis\/","title":{"rendered":"Jeanne d'Angelis"},"content":{"rendered":"<div class=\"wp-block-uagb-container uagb-block-f6ad6f8c alignfull uagb-is-root-container\"><div class=\"uagb-container-inner-blocks-wrap\">\n<p class=\"has-black-color has-text-color has-link-color has-medium-font-size wp-elements-68dc33aad1c33f2ee26c2dcba3fb5895\"><strong>Jeanne d'Angelis<\/strong><\/p>\n<\/div><\/div>\n\n\n\n<div class=\"wp-block-uagb-container uagb-block-12754da9 alignfull uagb-is-root-container\"><div class=\"uagb-container-inner-blocks-wrap\">\n<figure class=\"wp-block-image size-full is-resized\"><img fetchpriority=\"high\" decoding=\"async\" width=\"560\" height=\"604\" src=\"https:\/\/nuevo-renacer.com\/wp-content\/uploads\/2024\/11\/Fundo-Joanna-branco-copy_edited.webp\" alt=\"\" class=\"wp-image-5889\" style=\"width:302px;height:auto\" srcset=\"https:\/\/nuevo-renacer.com\/wp-content\/uploads\/2024\/11\/Fundo-Joanna-branco-copy_edited.webp 560w, https:\/\/nuevo-renacer.com\/wp-content\/uploads\/2024\/11\/Fundo-Joanna-branco-copy_edited-278x300.webp 278w, https:\/\/nuevo-renacer.com\/wp-content\/uploads\/2024\/11\/Fundo-Joanna-branco-copy_edited-11x12.webp 11w\" sizes=\"(max-width: 560px) 100vw, 560px\" \/><\/figure>\n<\/div><\/div>\n\n\n\n<div class=\"wp-block-uagb-container uagb-block-5992ad07 alignfull uagb-is-root-container\"><div class=\"uagb-container-inner-blocks-wrap\">\n<p class=\"has-black-color has-text-color has-link-color has-small-font-size wp-elements-2e85d6cb93104a36ff045e91ea936efb\">Ak\u0131l hocas\u0131 manevi ortam Jeanne d'\u00c1ngelis'in Ruhu Divaldo Franco, amac\u0131 insan\u0131n ayd\u0131nlanmas\u0131 olan varolu\u015fsal, felsefi, dini, psikolojik gibi konular\u0131 ele alan \u00f6nemli eserlerin yazar\u0131d\u0131r. Kitaplar\u0131 en \u00e7ok satanlar olmas\u0131n\u0131n yan\u0131 s\u0131ra dindarlar, filozoflar, maneviyat\u00e7\u0131lar, psikologlar, parapsikologlar ve insan ruhunun di\u011fer bilginleri aras\u0131nda b\u00fcy\u00fck be\u011feni toplad\u0131. Yaz\u0131n\u0131z g\u00fczel ve derin, m\u00fcjdeye olan sevginin saf ifadesi ve ne\u015feye, huzura ve i\u00e7sel b\u00fcy\u00fcmeye ula\u015fmak i\u00e7in \u00f6\u011fretme prati\u011fidir.<\/p>\n\n\n\n<p class=\"has-black-color has-text-color has-link-color has-small-font-size wp-elements-ef490a569b9ba7493d162548f29631e2\">Ruhani d\u00fczeyde, Brezilya'n\u0131n Salvador \u015fehrinde Divaldo Franco taraf\u0131ndan kurulan ve ilk H\u0131ristiyanlar\u0131n \u201cYol Evi \u201dne bir g\u00f6nderme olan Yol Kona\u011f\u0131'n\u0131n in\u015fas\u0131n\u0131 planlad\u0131 (bu web sitesine bak\u0131n\u0131z: Divaldo Franco).<\/p>\n\n\n\n<p class=\"has-black-color has-text-color has-link-color has-small-font-size wp-elements-96028a6ddf603c7879d362aedcdc34ef\">\u00c7arm\u0131ha gerilmede \u0130sa'ya e\u015flik eden kad\u0131nlardan biri olan Cusa'l\u0131 Jeanne'\u0131n yer ald\u0131\u011f\u0131 \u00f6nceki enkarnasyonlar\u0131 aras\u0131nda; sor Jeanne In\u00e9s de la Cruz (1651-1695), \u00fcnl\u00fc yazar Jeanne In\u00e9s de Asbaje ve Ram\u00edrez de Santillana ile Jeanne Angelica de Jesus'un (1761 \u2013 1822) takma ad\u0131d\u0131r., bahia,  brezilya'n\u0131n Ba\u011f\u0131ms\u0131zl\u0131\u011f\u0131nda ac\u0131 verici bir dramada rol alan dindar k\u0131z karde\u015f ve ard\u0131ndan ba\u015frahibe.<\/p>\n\n\n\n<p class=\"has-black-color has-text-color has-link-color has-small-font-size wp-elements-424b8dfe2b9e0e1732da09e2ebbbec43\">Mesih'in hizmetkar\u0131 Jeann d'\u00c1ngelis, y\u00fczy\u0131llard\u0131r yery\u00fcz\u00fcndeki karde\u015flerini ayd\u0131nlatmaya kendini adam\u0131\u015ft\u0131r. Ge\u00e7en y\u00fczy\u0131l\u0131n ortalar\u0131nda, \u201cCennetin g\u00fc\u00e7leri\u201d \u015fok oldu\u011funda ve Amerika ve Avrupa'ya yay\u0131lan bir yenilenme hareketi, \u201cd\u00f6rt r\u00fczgar\u201d gibi ses \u00e7\u0131kard\u0131\u011f\u0131nda, ya\u015fam\u0131n umut ve vahiy \u015fark\u0131s\u0131 \u00f6l\u00fcms\u00fcz Joan, Hakikat Ruhu ekibine kat\u0131ld\u0131. h\u0131ristiyanl\u0131\u011f\u0131n implantasyonu i\u015fi, \u0130sa'n\u0131n vaat etti\u011fi Yorgan olan redivivo.<\/p>\n\n\n\n<p class=\"has-black-color has-text-color has-link-color has-small-font-size wp-elements-21835e98c7f4a3ff09e8f05005508eee\">After the Storm adl\u0131 kitab\u0131n\u0131n son b\u00f6l\u00fcm\u00fcnde, bilgisayar\u0131n\u0131z\u0131n \u00e7al\u0131\u015fma bile\u015fenlerine at\u0131fta bulunarak, bizi bilgilendirir:<\/p>\n\n\n\n<p class=\"has-black-color has-text-color has-link-color has-small-font-size wp-elements-9391f4c5820b631eb16e029ac2867335\">\u201cRuh\u00e7u Kodifikasyon g\u00fcnleri haz\u0131rlan\u0131rken, haz\u0131r i\u015f\u00e7iler m\u00fccadeleye \u00e7a\u011fr\u0131l\u0131rken, \u00f6nceden bildirilen saatler duyurulurken, D\u00fcnya i\u00e7in ekiciler \u00f6rg\u00fctlenirken, ilahi davete kulak verdik ve Krall\u0131k M\u00fcjdesi'nin \u0131\u015f\u0131k tohumlar\u0131n\u0131n d\u00fc\u015fmesi gereken topra\u011f\u0131 i\u015fleyenlerin samimi durumunda hizmet etmek i\u00e7in m\u00fctevaz\u0131 g\u00fcc\u00fcm\u00fcz\u00fc sunmak i\u00e7in acele ettik.\u201d<\/p>\n\n\n\n<p class=\"has-black-color has-text-color has-link-color has-small-font-size wp-elements-c4df7d5f9a067660c28332f393db008d\">&#034;Ruh\u00e7ulu\u011fa G\u00f6re \u0130ncil \u201cde&#034; Ruh dostu &#034; taraf\u0131ndan imzalanm\u0131\u015f iki mesaj bulduk.&#034;\u0130lk (Chap. IX, \u00a7 7), \u201csab\u0131r &#034; unvan\u0131yla 1862&#039;de le Havre&#039;de teslim edildi. \u0130kincisi (Chap. XVIII, \u00a7 \u00a7 13 ila 15), \u201czaten sahip olduklar\u0131na ver &#034; ba\u015fl\u0131kl\u0131, bir \u00f6ncekiyle ayn\u0131 y\u0131l Bordeaux \u015fehrinde kabul edildi. \u0130yi g\u00f6zlemlerseniz, bu metinlerde Joan&#039;\u0131n tarz\u0131n\u0131 fark edeceksiniz. Yazar, \u201csab\u0131r\u201d da, \u015fimdiki g\u00f6revlerinde eskisi gibi sona erer: ko\u015fullar ne olursa olsun, tutumlar\u0131m\u0131zda izlenecek model olarak \u0130sa&#039;y\u0131 sunmak.<\/p>\n\n\n\n<p class=\"has-black-color has-text-color has-link-color has-small-font-size wp-elements-b752777129eb4f36f5e6f53dfacb528f\">Manevi d\u00fcnyada, Jeanne ile ba\u011flant\u0131l\u0131 birka\u00e7 Ruh, eski H\u0131ristiyanlar yanl\u0131\u015f oldu\u011funda, reenkarne olacaklard\u0131, hepsini toplad\u0131 ve Yery\u00fcz\u00fcnde, Bahia'n\u0131n (Brezilya) g\u00f6ky\u00fcz\u00fcn\u00fcn alt\u0131nda, kusurlu olsa da bir kopyas\u0131n\u0131 in\u015fa etmeyi planlad\u0131. manevi oldu\u011fu toplulu\u011fun seviye, eski h\u0131ristiyanlar\u0131 kurtarmak ve \u015fu g\u00fcnlerde ger\u00e7ek h\u0131ristiyanlarla bir toplulukta ya\u015faman\u0131n fizibilitesini g\u00f6steren bir e\u011fitim deneyimi yaratmak amac\u0131yla. A\u011f\u0131r hasta ruhlar yetimlerin durumuna gelir, iyile\u015ftirme f\u0131rsat\u0131 bulur, y\u00fck\u00fcml\u00fcl\u00fcklerden kurtulurlard\u0131. karmik daha ac\u0131 verici, her zaman \u0130sa'ya do\u011fru ilerliyor.<\/p>\n\n\n\n<p class=\"has-black-color has-text-color has-link-color has-small-font-size wp-elements-fd9531389310ced18c73628b25e5352c\">E\u011fitimli uzmanlar, bu g\u00f6revlerin genel y\u00f6nergelerini belirlemeye ve gelecekteki \u00e7al\u0131\u015fmalar\u0131n \u00f6nc\u00fclerine talimat vermeye davet edildi. Her \u015fey \u00f6zetlendi\u011finde ve Jeanne, Assisili Francis ile temasa ge\u00e7meye \u00e7al\u0131\u015ft\u0131 ve planlar\u0131n\u0131 g\u00f6zden ge\u00e7irmesini ve onlar\u0131 maddi d\u00fczlemde uygulamaya g\u00f6t\u00fcrmesi i\u00e7in yard\u0131mc\u0131s\u0131n\u0131 istedi. Tanr\u0131'n\u0131n Fakirleri e\u011fitmenle ayn\u0131 fikirdeydi ve \u201co Toplulukta d\u00fcnyan\u0131n sefillerinin sevgisi asla unutulmayacak veya Calvary'nin \u00e7ocuklar\u0131na yap\u0131lan sadakadan mahrum b\u0131rak\u0131lmayacak ve ahlaki anlamda en iyi binalar\u0131 yok etmeyi ama\u00e7lamamas\u0131 ko\u015fuluyla, i\u015f \u00fczerinde i\u015fbirli\u011fi yapmay\u0131 teklif etti.\u201d. Bu arada, i\u015f arkada\u015flar\u0131 farkl\u0131 yerlerde, farkl\u0131 zamanlarda, farkl\u0131 talimatlar ve deneyimlerle reenkarne oluyorlard\u0131, b\u00f6ylece k\u0131sa bir s\u00fcre sonra ve gerekti\u011finde Maneviyatta verilen taahh\u00fctleri yerine getirme \u00e7a\u011fr\u0131s\u0131 yap\u0131ld\u0131. Hepsi orada Toplulukta de\u011fil, nerede olurlarsa olsunlar yard\u0131mlar\u0131n\u0131 g\u00f6nderecek, ortak \u00e7al\u0131\u015fma ile ba\u011flant\u0131l\u0131 dayan\u0131\u015fma ve ihtiyatl\u0131 m\u00fcjde mesaj\u0131n\u0131 yayacaklard\u0131.<\/p>\n\n\n\n<p class=\"has-black-color has-text-color has-link-color has-small-font-size wp-elements-c77111c8c49d554aef0b302551e50d15\">Kurum b\u00fcy\u00fcyordu, her zaman delilikten ve intihardan bir ad\u0131m \u00f6tede olan testlerde d\u00fc\u015fm\u00fc\u015f olan Yery\u00fcz\u00fcndeki ac\u0131 \u00e7ekenlere yard\u0131m ediyordu. Hem maddi d\u00fczlemde hem de manevi d\u00fczeyde ger\u00e7ekle\u015ftirilen faaliyetler sayesinde, yeni bedensizlere acil muamele ve \u00f6zel dikkat g\u00f6sterilerek, &#034;Yolun Kona\u011f\u0131&#034;, orada ya\u015fayan ve i\u015fbirli\u011fi yapan insan\u0131n titre\u015fimlerinin yerini alan bir maneviyat titre\u015fimi ald\u0131.<\/p>\n\n\n\n<p class=\"has-black-color has-text-color has-link-color has-small-font-size wp-elements-c483746b3be8f6f60d215c9c0a19f9fe\">1964 y\u0131l\u0131nda Jeanne d'\u00c1ngelis, Divaldo arac\u0131l\u0131\u011f\u0131yla ilk Ruh\u00e7u kitab\u0131n\u0131 yazd\u0131: Mies de Amor. Vianna de Carvalho ve Am\u00e9lia Rodrigues gibi di\u011fer Ruhlarla birlikte derslerde ona ilham veren, uykudaki ruhlar\u0131 sorumluluklar\u0131n\u0131 yerine getirmeleri i\u00e7in uyand\u0131ran odur. Jeanne, \u0131\u015f\u0131\u011fa susam\u0131\u015f herkese s\u00f6zle ula\u015fman\u0131n imk\u00e2ns\u0131zl\u0131\u011f\u0131 kar\u015f\u0131s\u0131nda daha fazla kitap, daha fazla teselli sayfas\u0131 yazmaya ba\u015flad\u0131; bunlar d\u00fcnyan\u0131n \u00e7e\u015fitli yerlerinde da\u011f\u0131t\u0131l\u0131yor, farkl\u0131 dillere \u00e7evriliyor ve Galileo Usta'n\u0131n sevgi mesaj\u0131n\u0131 \u0131\u015f\u0131ktan yoksun ac\u0131 \u00e7eken kalplere daha iyi aktar\u0131yor.<\/p>\n\n\n\n<p class=\"has-black-color has-text-color has-link-color has-small-font-size wp-elements-c41f997798bfda49074a4955e2a8253d\">Ruh lideri Jeanne, tak\u0131mlar\u0131na kat\u0131lmalar\u0131 i\u00e7in y\u00fckseltilmi\u015f varl\u0131klara davet edildi. Literat\u00fcrde Rabindranath Tagore, Victor Hugo, Manoel Philomeno de Miranda, Am\u00e9lia Rodrigues, Marco Prisco, Vianna de Carvalho ve di\u011ferleri ortaya \u00e7\u0131kmaktad\u0131r. Desobsesi\u00f3n b\u00f6lgesinde, H\u0131ristiyan bir \u015fekilde ya\u015fayan bir tuareg nubyal\u0131'n\u0131n takma ad\u0131 olan Simb\u00e1 Ruhunu \u00e7\u00f6l\u00fcn s\u0131cak kumlar\u0131nda \u201ciyi samiriyeli\u201d olarak davet ediyor. Jo\u00e3o Cleopas adl\u0131 medyumlu\u011fa hitap etmek i\u00e7in. Manevi y\u00f6nelimde, aralar\u0131nda manevi olan bir grup doktor ve hem\u015fire ile tan\u0131\u015ft\u0131. Bezerra de Menezes, Scheila ve di\u011fer \u00f6zel sunucular. Sosyal yard\u0131m alan\u0131nda, Mesih'in Fabiano'su Analia Franco'yu ve ba\u015fkalar\u0131na hizmet konusunda deneyime sahip say\u0131s\u0131z Ruhu davet etti.<\/p>\n\n\n\n<p class=\"has-black-color has-text-color has-link-color has-small-font-size wp-elements-c863e65df65a3259933b43a298632657\">Mesajlar\u0131ndan birinde bize \u015f\u00f6yle diyor: &#034;\u0130ddialar\u0131m\u0131z\u0131n hi\u00e7bir \u015feyi d\u00f6n\u00fc\u015ft\u00fcrmeyi de\u011fil, kendimizi yeniden bi\u00e7imlendirmeyi ama\u00e7lad\u0131\u011f\u0131 a\u00e7\u0131kt\u0131r. \u00d6nce Topra\u011fa ve g\u00fcn\u00fcm\u00fcz insan\u0131na heyecan ve umut a\u00e7\u0131n, onu kitlelerin anlay\u0131\u015f\u0131na g\u00f6t\u00fcrmek amac\u0131yla kodlayan ruh\u00e7unun bedeninde daha ileri \u00e7al\u0131\u015fmalar yap\u0131n, alg\u0131lar\u0131n kap\u0131lar\u0131n\u0131 a\u00e7an \u201cyol insanlar\u0131n\u0131n\u201d deneyimlerinin tekrarlanmas\u0131 Tanr\u0131&#039;n\u0131n Krall\u0131\u011f\u0131 ile olan i\u00e7 ileti\u015fim \u00e7evrelerindeki Manevi Varl\u0131klara.<\/p>\n<\/div><\/div>\n\n\n\n<div class=\"wp-block-uagb-container uagb-block-e227c938 alignfull uagb-is-root-container\"><div class=\"uagb-container-inner-blocks-wrap\"><\/div><\/div>\n\n\n\n<div class=\"wp-block-uagb-container uagb-block-ca651344 alignfull uagb-is-root-container\"><div class=\"uagb-container-inner-blocks-wrap\"><\/div><\/div>","protected":false},"excerpt":{"rendered":"<p>Juana de \u00c1ngelis Mentora espiritual del m\u00e9dium Divaldo Franco, el Esp\u00edritu Juana de \u00c1ngelis es la autora de importantes obras que abordan temas existenciales, filos\u00f3ficos, religiosos, psicol\u00f3gicos, cuyo objetivo es la iluminaci\u00f3n del ser humano. Adem\u00e1s de convertirse en best-sellers, sus libros alcanzaron gran reconocimiento entre religiosos, fil\u00f3sofos espiritualistas, psic\u00f3logos, parapsic\u00f3logos y dem\u00e1s estudiosos del [&hellip;]<\/p>","protected":false},"author":1,"featured_media":0,"parent":0,"menu_order":0,"comment_status":"closed","ping_status":"closed","template":"","meta":{"_uag_custom_page_level_css":"","site-sidebar-layout":"default","site-content-layout":"","ast-site-content-layout":"default","site-content-style":"default","site-sidebar-style":"default","ast-global-header-display":"","ast-banner-title-visibility":"","ast-main-header-display":"","ast-hfb-above-header-display":"","ast-hfb-below-header-display":"","ast-hfb-mobile-header-display":"","site-post-title":"disabled","ast-breadcrumbs-content":"","ast-featured-img":"","footer-sml-layout":"","theme-transparent-header-meta":"","adv-header-id-meta":"","stick-header-meta":"","header-above-stick-meta":"","header-main-stick-meta":"","header-below-stick-meta":"","astra-migrate-meta-layouts":"set","ast-page-background-enabled":"default","ast-page-background-meta":{"desktop":{"background-color":"var(--ast-global-color-4)","background-image":"","background-repeat":"repeat","background-position":"center center","background-size":"auto","background-attachment":"scroll","background-type":"","background-media":"","overlay-type":"","overlay-color":"","overlay-opacity":"","overlay-gradient":""},"tablet":{"background-color":"","background-image":"","background-repeat":"repeat","background-position":"center center","background-size":"auto","background-attachment":"scroll","background-type":"","background-media":"","overlay-type":"","overlay-color":"","overlay-opacity":"","overlay-gradient":""},"mobile":{"background-color":"","background-image":"","background-repeat":"repeat","background-position":"center center","background-size":"auto","background-attachment":"scroll","background-type":"","background-media":"","overlay-type":"","overlay-color":"","overlay-opacity":"","overlay-gradient":""}},"ast-content-background-meta":{"desktop":{"background-color":"var(--ast-global-color-5)","background-image":"","background-repeat":"repeat","background-position":"center center","background-size":"auto","background-attachment":"scroll","background-type":"","background-media":"","overlay-type":"","overlay-color":"","overlay-opacity":"","overlay-gradient":""},"tablet":{"background-color":"var(--ast-global-color-5)","background-image":"","background-repeat":"repeat","background-position":"center center","background-size":"auto","background-attachment":"scroll","background-type":"","background-media":"","overlay-type":"","overlay-color":"","overlay-opacity":"","overlay-gradient":""},"mobile":{"background-color":"var(--ast-global-color-5)","background-image":"","background-repeat":"repeat","background-position":"center center","background-size":"auto","background-attachment":"scroll","background-type":"","background-media":"","overlay-type":"","overlay-color":"","overlay-opacity":"","overlay-gradient":""}},"footnotes":""},"class_list":["post-5888","page","type-page","status-publish","hentry"],"yoast_head":"<!-- This site is optimized with the Yoast SEO Premium plugin v24.2 (Yoast SEO v24.6) - https:\/\/yoast.com\/wordpress\/plugins\/seo\/ -->\n<title>Juana de \u00c1ngelis - Uni\u00f3n Esp\u00edrita<\/title>\n<meta name=\"robots\" content=\"index, follow, max-snippet:-1, max-image-preview:large, max-video-preview:-1\" \/>\n<link rel=\"canonical\" href=\"https:\/\/nuevo-renacer.com\/tr\/juana-de-angelis\/\" \/>\n<meta property=\"og:locale\" content=\"tr_TR\" \/>\n<meta property=\"og:type\" content=\"article\" \/>\n<meta property=\"og:title\" content=\"Juana de \u00c1ngelis\" \/>\n<meta property=\"og:description\" content=\"Juana de \u00c1ngelis Mentora espiritual del m\u00e9dium Divaldo Franco, el Esp\u00edritu Juana de \u00c1ngelis es la autora de importantes obras que abordan temas existenciales, filos\u00f3ficos, religiosos, psicol\u00f3gicos, cuyo objetivo es la iluminaci\u00f3n del ser humano. Adem\u00e1s de convertirse en best-sellers, sus libros alcanzaron gran reconocimiento entre religiosos, fil\u00f3sofos espiritualistas, psic\u00f3logos, parapsic\u00f3logos y dem\u00e1s estudiosos del [&hellip;]\" \/>\n<meta property=\"og:url\" content=\"https:\/\/nuevo-renacer.com\/tr\/juana-de-angelis\/\" \/>\n<meta property=\"og:site_name\" content=\"Uni\u00f3n Esp\u00edrita\" \/>\n<meta property=\"article:publisher\" content=\"https:\/\/www.facebook.com\/groups\/3431398063740829\" \/>\n<meta property=\"article:modified_time\" content=\"2024-11-07T07:37:39+00:00\" \/>\n<meta property=\"og:image\" content=\"https:\/\/nuevo-renacer.com\/wp-content\/uploads\/2024\/11\/Fundo-Joanna-branco-copy_edited.webp\" \/>\n\t<meta property=\"og:image:width\" content=\"560\" \/>\n\t<meta property=\"og:image:height\" content=\"604\" \/>\n\t<meta property=\"og:image:type\" content=\"image\/webp\" \/>\n<meta name=\"twitter:card\" content=\"summary_large_image\" \/>\n<meta name=\"twitter:label1\" content=\"Tahmini okuma s\u00fcresi\" \/>\n\t<meta name=\"twitter:data1\" content=\"6 dakika\" \/>\n<script type=\"application\/ld+json\" class=\"yoast-schema-graph\">{\"@context\":\"https:\/\/schema.org\",\"@graph\":[{\"@type\":\"WebPage\",\"@id\":\"https:\/\/nuevo-renacer.com\/juana-de-angelis\/\",\"url\":\"https:\/\/nuevo-renacer.com\/juana-de-angelis\/\",\"name\":\"Juana de \u00c1ngelis - Uni\u00f3n Esp\u00edrita\",\"isPartOf\":{\"@id\":\"https:\/\/nuevo-renacer.com\/#website\"},\"primaryImageOfPage\":{\"@id\":\"https:\/\/nuevo-renacer.com\/juana-de-angelis\/#primaryimage\"},\"image\":{\"@id\":\"https:\/\/nuevo-renacer.com\/juana-de-angelis\/#primaryimage\"},\"thumbnailUrl\":\"https:\/\/nuevo-renacer.com\/wp-content\/uploads\/2024\/11\/Fundo-Joanna-branco-copy_edited.webp\",\"datePublished\":\"2024-11-07T07:32:18+00:00\",\"dateModified\":\"2024-11-07T07:37:39+00:00\",\"breadcrumb\":{\"@id\":\"https:\/\/nuevo-renacer.com\/juana-de-angelis\/#breadcrumb\"},\"inLanguage\":\"tr\",\"potentialAction\":[{\"@type\":\"ReadAction\",\"target\":[\"https:\/\/nuevo-renacer.com\/juana-de-angelis\/\"]}]},{\"@type\":\"ImageObject\",\"inLanguage\":\"tr\",\"@id\":\"https:\/\/nuevo-renacer.com\/juana-de-angelis\/#primaryimage\",\"url\":\"https:\/\/nuevo-renacer.com\/wp-content\/uploads\/2024\/11\/Fundo-Joanna-branco-copy_edited.webp\",\"contentUrl\":\"https:\/\/nuevo-renacer.com\/wp-content\/uploads\/2024\/11\/Fundo-Joanna-branco-copy_edited.webp\"},{\"@type\":\"BreadcrumbList\",\"@id\":\"https:\/\/nuevo-renacer.com\/juana-de-angelis\/#breadcrumb\",\"itemListElement\":[{\"@type\":\"ListItem\",\"position\":1,\"name\":\"Startseite\",\"item\":\"https:\/\/nuevo-renacer.com\/\"},{\"@type\":\"ListItem\",\"position\":2,\"name\":\"Juana de \u00c1ngelis\"}]},{\"@type\":\"WebSite\",\"@id\":\"https:\/\/nuevo-renacer.com\/#website\",\"url\":\"https:\/\/nuevo-renacer.com\/\",\"name\":\"Uni\u00f3n Esp\u00edrita\",\"description\":\"Nuevo Renacer\",\"publisher\":{\"@id\":\"https:\/\/nuevo-renacer.com\/#organization\"},\"potentialAction\":[{\"@type\":\"SearchAction\",\"target\":{\"@type\":\"EntryPoint\",\"urlTemplate\":\"https:\/\/nuevo-renacer.com\/?s={search_term_string}\"},\"query-input\":{\"@type\":\"PropertyValueSpecification\",\"valueRequired\":true,\"valueName\":\"search_term_string\"}}],\"inLanguage\":\"tr\"},{\"@type\":\"Organization\",\"@id\":\"https:\/\/nuevo-renacer.com\/#organization\",\"name\":\"UFEC\",\"url\":\"https:\/\/nuevo-renacer.com\/\",\"logo\":{\"@type\":\"ImageObject\",\"inLanguage\":\"tr\",\"@id\":\"https:\/\/nuevo-renacer.com\/#\/schema\/logo\/image\/\",\"url\":\"https:\/\/nuevo-renacer.com\/wp-content\/uploads\/2024\/05\/cropped-LOGO-TERMINADO1-3-3.png\",\"contentUrl\":\"https:\/\/nuevo-renacer.com\/wp-content\/uploads\/2024\/05\/cropped-LOGO-TERMINADO1-3-3.png\",\"width\":512,\"height\":512,\"caption\":\"UFEC\"},\"image\":{\"@id\":\"https:\/\/nuevo-renacer.com\/#\/schema\/logo\/image\/\"},\"sameAs\":[\"https:\/\/www.facebook.com\/groups\/3431398063740829\"]}]}<\/script>\n<!-- \/ Yoast SEO Premium plugin. -->","yoast_head_json":{"title":"Juana de \u00c1ngelis - Uni\u00f3n Esp\u00edrita","robots":{"index":"index","follow":"follow","max-snippet":"max-snippet:-1","max-image-preview":"max-image-preview:large","max-video-preview":"max-video-preview:-1"},"canonical":"https:\/\/nuevo-renacer.com\/tr\/juana-de-angelis\/","og_locale":"tr_TR","og_type":"article","og_title":"Juana de \u00c1ngelis","og_description":"Juana de \u00c1ngelis Mentora espiritual del m\u00e9dium Divaldo Franco, el Esp\u00edritu Juana de \u00c1ngelis es la autora de importantes obras que abordan temas existenciales, filos\u00f3ficos, religiosos, psicol\u00f3gicos, cuyo objetivo es la iluminaci\u00f3n del ser humano. Adem\u00e1s de convertirse en best-sellers, sus libros alcanzaron gran reconocimiento entre religiosos, fil\u00f3sofos espiritualistas, psic\u00f3logos, parapsic\u00f3logos y dem\u00e1s estudiosos del [&hellip;]","og_url":"https:\/\/nuevo-renacer.com\/tr\/juana-de-angelis\/","og_site_name":"Uni\u00f3n Esp\u00edrita","article_publisher":"https:\/\/www.facebook.com\/groups\/3431398063740829","article_modified_time":"2024-11-07T07:37:39+00:00","og_image":[{"width":560,"height":604,"url":"https:\/\/nuevo-renacer.com\/wp-content\/uploads\/2024\/11\/Fundo-Joanna-branco-copy_edited.webp","type":"image\/webp"}],"twitter_card":"summary_large_image","twitter_misc":{"Tahmini okuma s\u00fcresi":"6 dakika"},"schema":{"@context":"https:\/\/schema.org","@graph":[{"@type":"WebPage","@id":"https:\/\/nuevo-renacer.com\/juana-de-angelis\/","url":"https:\/\/nuevo-renacer.com\/juana-de-angelis\/","name":"Juana de \u00c1ngelis - Uni\u00f3n Esp\u00edrita","isPartOf":{"@id":"https:\/\/nuevo-renacer.com\/#website"},"primaryImageOfPage":{"@id":"https:\/\/nuevo-renacer.com\/juana-de-angelis\/#primaryimage"},"image":{"@id":"https:\/\/nuevo-renacer.com\/juana-de-angelis\/#primaryimage"},"thumbnailUrl":"https:\/\/nuevo-renacer.com\/wp-content\/uploads\/2024\/11\/Fundo-Joanna-branco-copy_edited.webp","datePublished":"2024-11-07T07:32:18+00:00","dateModified":"2024-11-07T07:37:39+00:00","breadcrumb":{"@id":"https:\/\/nuevo-renacer.com\/juana-de-angelis\/#breadcrumb"},"inLanguage":"tr","potentialAction":[{"@type":"ReadAction","target":["https:\/\/nuevo-renacer.com\/juana-de-angelis\/"]}]},{"@type":"ImageObject","inLanguage":"tr","@id":"https:\/\/nuevo-renacer.com\/juana-de-angelis\/#primaryimage","url":"https:\/\/nuevo-renacer.com\/wp-content\/uploads\/2024\/11\/Fundo-Joanna-branco-copy_edited.webp","contentUrl":"https:\/\/nuevo-renacer.com\/wp-content\/uploads\/2024\/11\/Fundo-Joanna-branco-copy_edited.webp"},{"@type":"BreadcrumbList","@id":"https:\/\/nuevo-renacer.com\/juana-de-angelis\/#breadcrumb","itemListElement":[{"@type":"ListItem","position":1,"name":"Startseite","item":"https:\/\/nuevo-renacer.com\/"},{"@type":"ListItem","position":2,"name":"Juana de \u00c1ngelis"}]},{"@type":"WebSite","@id":"https:\/\/nuevo-renacer.com\/#website","url":"https:\/\/nuevo-renacer.com\/","name":"Uni\u00f3n Esp\u00edrita","description":"Nuevo Renacer","publisher":{"@id":"https:\/\/nuevo-renacer.com\/#organization"},"potentialAction":[{"@type":"SearchAction","target":{"@type":"EntryPoint","urlTemplate":"https:\/\/nuevo-renacer.com\/?s={search_term_string}"},"query-input":{"@type":"PropertyValueSpecification","valueRequired":true,"valueName":"search_term_string"}}],"inLanguage":"tr"},{"@type":"Organization","@id":"https:\/\/nuevo-renacer.com\/#organization","name":"UFEC","url":"https:\/\/nuevo-renacer.com\/","logo":{"@type":"ImageObject","inLanguage":"tr","@id":"https:\/\/nuevo-renacer.com\/#\/schema\/logo\/image\/","url":"https:\/\/nuevo-renacer.com\/wp-content\/uploads\/2024\/05\/cropped-LOGO-TERMINADO1-3-3.png","contentUrl":"https:\/\/nuevo-renacer.com\/wp-content\/uploads\/2024\/05\/cropped-LOGO-TERMINADO1-3-3.png","width":512,"height":512,"caption":"UFEC"},"image":{"@id":"https:\/\/nuevo-renacer.com\/#\/schema\/logo\/image\/"},"sameAs":["https:\/\/www.facebook.com\/groups\/3431398063740829"]}]}},"uagb_featured_image_src":{"full":false,"thumbnail":false,"medium":false,"medium_large":false,"large":false,"1536x1536":false,"2048x2048":false,"trp-custom-language-flag":false},"uagb_author_info":{"display_name":"adbv0","author_link":"https:\/\/nuevo-renacer.com\/tr\/author\/adbv0\/"},"uagb_comment_info":0,"uagb_excerpt":"Juana de \u00c1ngelis Mentora espiritual del m\u00e9dium Divaldo Franco, el Esp\u00edritu Juana de \u00c1ngelis es la autora de importantes obras que abordan temas existenciales, filos\u00f3ficos, religiosos, psicol\u00f3gicos, cuyo objetivo es la iluminaci\u00f3n del ser humano. Adem\u00e1s de convertirse en best-sellers, sus libros alcanzaron gran reconocimiento entre religiosos, fil\u00f3sofos espiritualistas, psic\u00f3logos, parapsic\u00f3logos y dem\u00e1s estudiosos del&hellip;","jetpack_sharing_enabled":true,"_links":{"self":[{"href":"https:\/\/nuevo-renacer.com\/tr\/wp-json\/wp\/v2\/pages\/5888","targetHints":{"allow":["GET"]}}],"collection":[{"href":"https:\/\/nuevo-renacer.com\/tr\/wp-json\/wp\/v2\/pages"}],"about":[{"href":"https:\/\/nuevo-renacer.com\/tr\/wp-json\/wp\/v2\/types\/page"}],"author":[{"embeddable":true,"href":"https:\/\/nuevo-renacer.com\/tr\/wp-json\/wp\/v2\/users\/1"}],"replies":[{"embeddable":true,"href":"https:\/\/nuevo-renacer.com\/tr\/wp-json\/wp\/v2\/comments?post=5888"}],"version-history":[{"count":2,"href":"https:\/\/nuevo-renacer.com\/tr\/wp-json\/wp\/v2\/pages\/5888\/revisions"}],"predecessor-version":[{"id":5891,"href":"https:\/\/nuevo-renacer.com\/tr\/wp-json\/wp\/v2\/pages\/5888\/revisions\/5891"}],"wp:attachment":[{"href":"https:\/\/nuevo-renacer.com\/tr\/wp-json\/wp\/v2\/media?parent=5888"}],"curies":[{"name":"wp","href":"https:\/\/api.w.org\/{rel}","templated":true}]}}