{"id":5825,"date":"2024-10-29T07:06:51","date_gmt":"2024-10-29T07:06:51","guid":{"rendered":"https:\/\/nuevo-renacer.com\/?page_id=5825"},"modified":"2025-05-23T09:38:17","modified_gmt":"2025-05-23T09:38:17","slug":"el-futuro-del-hombre","status":"publish","type":"page","link":"https:\/\/nuevo-renacer.com\/tr\/el-futuro-del-hombre\/","title":{"rendered":"\u0130nsan\u0131n gelece\u011fi"},"content":{"rendered":"<div class=\"wp-block-uagb-container uagb-block-669464db alignfull uagb-is-root-container\"><div class=\"uagb-container-inner-blocks-wrap\">\n<p class=\"has-black-color has-text-color has-link-color has-medium-font-size wp-elements-e3a48136e05d6be2e91d0ae8b076bdea\"><strong>\u0130nsan\u0131n gelece\u011fi<\/strong><\/p>\n<\/div><\/div>\n\n\n\n<div class=\"wp-block-uagb-container uagb-block-ba73bf0d alignfull uagb-is-root-container\"><div class=\"uagb-container-inner-blocks-wrap\">\n<figure class=\"wp-block-image size-full is-resized\"><img fetchpriority=\"high\" decoding=\"async\" width=\"626\" height=\"351\" src=\"https:\/\/nuevo-renacer.com\/wp-content\/uploads\/2024\/10\/image.jpeg\" alt=\"Dieses Bild hat ein leeres Alt-Attribut. Der Dateiname ist product-display-hd-8k-wallpaper-stock-photographic-image_1030895-36861.jpg\" class=\"wp-image-5830\" style=\"width:264px;height:auto\" srcset=\"https:\/\/nuevo-renacer.com\/wp-content\/uploads\/2024\/10\/image.jpeg 626w, https:\/\/nuevo-renacer.com\/wp-content\/uploads\/2024\/10\/image-300x168.jpeg 300w, https:\/\/nuevo-renacer.com\/wp-content\/uploads\/2024\/10\/image-18x10.jpeg 18w\" sizes=\"(max-width: 626px) 100vw, 626px\" \/><\/figure>\n<\/div><\/div>\n\n\n\n<div class=\"wp-block-uagb-container uagb-block-e389c601 alignfull uagb-is-root-container\"><div class=\"uagb-container-inner-blocks-wrap\">\n<p class=\"has-black-color has-text-color has-link-color has-small-font-size wp-elements-fdc2c69a0498ba5ee230ac56e360c0c8\">Ya\u015famla ilgili insan zihni ara\u015ft\u0131rmas\u0131ndan daha fazlas\u0131 i\u00e7in, \u015fu anki entelekt\u00fcel bilgi durumunda, inkar edilemez derecede geni\u015f olmas\u0131na ra\u011fmen, t\u00fcm anlam\u0131n\u0131 ve anlam\u0131n\u0131 tan\u0131mlaman\u0131za izin veren do\u011fru cevaplar\u0131 bulmakta \u00e7ok zorlan\u0131yoruz.<\/p>\n\n\n\n<p class=\"has-black-color has-text-color has-link-color has-small-font-size wp-elements-aa7bd9caffaf2ab02e588bfc285401e4\">Herhangi bir mant\u0131ktan yoksun, rastgele sa\u00e7mal\u0131klar\u0131n \u00f6mr\u00fcn\u00fc azaltan baz\u0131 ara\u015ft\u0131rmac\u0131lar basitle\u015ftirdi, b\u00f6ylece b\u00fcy\u00fckl\u00fc\u011f\u00fcndeki b\u00fcy\u00fck komplikasyonlar\u0131 ortadan kald\u0131rd\u0131.<\/p>\n\n\n\n<p class=\"has-black-color has-text-color has-link-color has-small-font-size wp-elements-792787548f97919b5e8e7964a11a3631\">Di\u011ferleri i\u00e7eri\u011fe yerle\u015fti mitolojik bile\u015fenleri nedeniyle kabul edilmesi kolay do\u011fa\u00fcst\u00fc ve harika.<\/p>\n\n\n\n<p class=\"has-black-color has-text-color has-link-color has-small-font-size wp-elements-2beca0ec1c3f9df6af01b8f0d367b0d2\">Bununla birlikte, ya\u015fam mucizesi \u00e7ok daha karma\u015f\u0131kt\u0131r ve bu nedenle ba\u015flang\u0131\u00e7 noktalar\u0131 yaln\u0131zca, sizin b\u00f6l\u00fcnmeleriniz ve varyasyonlar\u0131n\u0131z gibi gerekli uyarlamalar\u0131 yap\u0131s\u0131nda \u00fcreten, milyarlarca y\u0131l s\u00fcren ve ortaya \u00e7\u0131kan Yarat\u0131c\u0131da bulunabilir.<\/p>\n\n\n\n<p class=\"has-black-color has-text-color has-link-color has-small-font-size wp-elements-6436450b78aff35bf2b13176682e2368\">\u0130nsan ya\u015fam\u0131n\u0131n kendisiyle ilgili olarak, onun do\u011fu\u015funu, onu tasarlayan ve ilham veren, besleyen enerjiyi sa\u011flayan ve Evrenin ak\u0131ll\u0131 ilkesi olarak da bilinen \u00f6l\u00fcms\u00fcz Ruhun \u00e7oklu reenkarnasyonlar\u0131 yoluyla b\u00fcy\u00fcmeyi y\u00f6nlendiren Ruhta \u0130lahi buluyoruz.<\/p>\n\n\n\n<p class=\"has-black-color has-text-color has-link-color has-small-font-size wp-elements-c891ab58228bf51251146215726ef94f\">Gidecekleri yer konusunda bilgisiz olan Ruh, dolgunlu\u011fun fethi i\u00e7in e\u011fitilmi\u015f ahlak\u0131n deneyimleri ve entelekt\u00fcel deneyimleriyle ger\u00e7ekli\u011fin kendisine uyan\u0131r.<\/p>\n\n\n\n<p class=\"has-black-color has-text-color has-link-color has-small-font-size wp-elements-9e8812edb678c8547a55d52600d52daa\">Al\u00e7akg\u00f6n\u00fcll\u00fc tohumun, asla d\u00fc\u015f\u00fcnemeyece\u011finiz ayn\u0131 \u015fey alt\u0131n ba\u015fak, \u00f6l\u00fcm nedeni ile, tanenin, Ruhun ortaya \u00e7\u0131kmas\u0131n\u0131 sa\u011flayan, kendi i\u00e7lerinde yatan mele\u011fi alg\u0131lamayan ve bir g\u00fcn m \/ v aqua&#039;n\u0131n sonsuz \u00f6l\u00fcms\u00fczl\u00fck nehirlerini sard\u0131\u011f\u0131.<\/p>\n\n\n\n<p class=\"has-black-color has-text-color has-link-color has-small-font-size wp-elements-50f783468c56a1c84222ed6259b86045\">Bununla birlikte, yeteneklerinizi ve anlay\u0131\u015f\u0131n\u0131z\u0131 ne kadar geni\u015fletirseniz, bu evrim s\u00fcreci, giderek daha \u00f6nemli ve anlaml\u0131 olan zorluklarla i\u015faretlenir.<\/p>\n\n\n\n<p class=\"has-black-color has-text-color has-link-color has-small-font-size wp-elements-9a707ecc0b48ccdf18aa75b660ce59f3\">\u0130\u00e7sel de\u011ferlerin uyan\u0131\u015f\u0131, baz\u0131 y\u00f6nlerden t\u00fcm t\u00fcrlerde y\u00fcrek par\u00e7alay\u0131c\u0131d\u0131r.<\/p>\n\n\n\n<p class=\"has-black-color has-text-color has-link-color has-small-font-size wp-elements-1edd3817e41e62eaf3a44a0f4ec4a8d3\">Bitki ya\u015fam\u0131 tohumun koruyucu kabu\u011funu k\u0131rd\u0131\u011f\u0131 gibi, kendini \u00f6zg\u00fcr k\u0131lmak i\u00e7in de insan, kendisini en ba\u015f\u0131ndan hapseden ve hapishanesi gelecekte derin izler b\u0131rakacak olan g\u00fc\u00e7l\u00fc kabukla \u00e7evrilidir, geli\u015fen ve emmeye devam eden do\u011frudan oranda ortadan kald\u0131r\u0131lmal\u0131d\u0131r mekanlar daha geni\u015f ve daha g\u00f6rkemli kader.<\/p>\n\n\n\n<p class=\"has-black-color has-text-color has-link-color has-small-font-size wp-elements-bd8beb0d174d4d53f02b323a251d8a3f\">Bu nedenle m\u00fccadele daha yo\u011fun, amans\u0131z hale gelir, kapasitesi ve fetihleri m\u00fcmk\u00fcn k\u0131lacak a\u00e7\u0131klama direnci \u00f6l\u00e7\u00fcs\u00fcnde artar.<\/p>\n\n\n\n<p class=\"has-black-color has-text-color has-link-color has-small-font-size wp-elements-f73f30add01c62d8fbca7e5e7968b181\">Ya\u015famak y\u00fcce bir meydan okumad\u0131r ve bunu bilgelikle yapmak, kesinlikle ilerlemeyi, kendini geli\u015ftirmeyi ve Tanr\u0131 ile birli\u011fe ula\u015fmay\u0131 ama\u00e7layan herkesin emrinde olan bir mutluluktur.<\/p>\n\n\n\n<p class=\"has-black-color has-text-color has-link-color has-small-font-size wp-elements-ce98d33374d530b488b0c3ea55a883e5\">Ruda g\u00f6revdir. T\u0131rman\u0131lmas\u0131 gereken dik yama\u00e7lar. Sonu belli olmadan geli\u015fen korkutucu seyahat sarmal\u0131n\u0131 g\u00f6r\u00fcyoruz. Ancak g\u00fc\u00e7lerimizin bir s\u0131n\u0131r\u0131 yoktur, \u00e7\u00fcnk\u00fc onlar\u0131 irade ve evrensel birlik taraf\u0131ndan durmadan yenileyebiliriz.<\/p>\n\n\n\n<p class=\"has-black-color has-text-color has-link-color has-small-font-size wp-elements-e93f8ccb96b9709ba386ddac1f0ad24e\">Unutmayal\u0131m ki, bu b\u00fcy\u00fck yolculu\u011fu yapan sadece biz de\u011filiz. Sadece er ya da ge\u00e7 sevdiklerimize, s\u0131n\u0131f arkada\u015flar\u0131m\u0131za, ge\u00e7mi\u015f ya\u015famlar\u0131m\u0131za, sevin\u00e7lerimizi ve \u00fcz\u00fcnt\u00fclerimizi payla\u015fanlara de\u011fil, ayn\u0131 zamanda d\u00fcnyadaki kad\u0131n ya da erkek olan ve \u015fimdi bize e\u015flik eden Daha Y\u00fcksek Ruhlar olan di\u011fer b\u00fcy\u00fck Varl\u0131klara da sahip olaca\u011f\u0131z.zor ad\u0131mlarda.<\/p>\n\n\n\n<p class=\"has-black-color has-text-color has-link-color has-small-font-size wp-elements-d8737d6f4d30df32201b05ba34655022\">G\u00f6k hayat\u0131nda bizden \u00f6nce gidenlerin bize ilgisiz olmad\u0131\u011f\u0131n\u0131 ve f\u0131rt\u0131na yolumuzda tezah\u00fcr etti\u011finde hay\u0131rsever ellerinin y\u00fcr\u00fcy\u00fc\u015f\u00fcm\u00fcz\u00fc tuttu\u011funu biliyoruz.<\/p>\n\n\n\n<p class=\"has-black-color has-text-color has-link-color has-small-font-size wp-elements-e29b4f3f2639a99f8ef1a433f8a0ec36\">Yava\u015f ve ac\u0131 verici bir \u015fekilde, giderek artan sorumluluklara haz\u0131rlan\u0131yoruz. Ve \u00f6l\u00e7mek i\u00e7in bir plan\u0131n uygulanmas\u0131na ne kadar \u00e7ok kat\u0131l\u0131rsak, y\u00fckseli\u015fimiz vurgulan\u0131r ve alaca\u011f\u0131n\u0131z vahiyler o kadar b\u00fcy\u00fck olur.<\/p>\n\n\n\n<p class=\"has-black-color has-text-color has-link-color has-small-font-size wp-elements-f756f4a67e27eb2992d58a9905220e7b\">Ak\u0131\u015fkan evren giderek geni\u015fler ve t\u00fckenmez bir manevi zevk kayna\u011f\u0131 haline gelir.<\/p>\n\n\n\n<p class=\"has-black-color has-text-color has-link-color has-small-font-size wp-elements-c24db11eb932250d78e24b5bee2efac8\">Daha sonra, farkl\u0131 d\u00fcnyalarda dola\u015ft\u0131ktan sonra, ruhun ge\u00e7mi\u015f ac\u0131lar\u0131n uzun alay\u0131n\u0131n \u00fcst b\u00f6lgelerinden yans\u0131d\u0131\u011f\u0131 ve sonunda bu ac\u0131lar\u0131n mutlulu\u011fun bedeli oldu\u011funu ve bu ba\u015far\u0131l\u0131 testlerin iyiden fazlas\u0131na neden olmad\u0131\u011f\u0131n\u0131 anlayaca\u011f\u0131 zaman gelecektir.<\/p>\n\n\n\n<p class=\"has-black-color has-text-color has-link-color has-small-font-size wp-elements-ddb54ecdc4b8d04094f3ad90a097957b\">Ruh yolculu\u011funun sonuna kadar gelecek mi? Yolda ilerleyen ruh, yeni \u00e7al\u0131\u015fma ve ke\u015fif alanlar\u0131 a\u00e7acakt\u0131r. \u015eeylerin uyumuna n\u00fcfuz edecek ve Evrende hi\u00e7bir uyumsuzluk, \u00e7eli\u015fki olmad\u0131\u011f\u0131n\u0131 anlayacakt\u0131r, \u00e7\u00fcnk\u00fc t\u00fcm taraflarca y\u00fcce bilgelik, d\u00fczen, tahmin h\u00fck\u00fcm s\u00fcrer, b\u00f6ylece daha yo\u011fun bir mutluluk ya\u015far.kutsanm\u0131\u015f bir hayat\u0131n.<\/p>\n\n\n\n<p class=\"has-black-color has-text-color has-link-color has-small-font-size wp-elements-d1604305ce38c2683b381617b211a75b\">Sonra bir g\u00fcn, s\u0131k\u0131nt\u0131lar\u0131n f\u0131rt\u0131na ve kas\u0131rgalar\u0131yla yumu\u015fayan, ilahi g\u00fcne\u015fin \u0131\u015f\u0131nlar\u0131yla olgunla\u015fan, zaman\u0131n g\u00f6lgesinden \u00e7\u0131kacak, say\u0131s\u0131z hayat\u0131n karanl\u0131\u011f\u0131 ve zekalar\u0131n\u0131n yan\u0131 s\u0131ra yetenekleri de ortaya \u00e7\u0131kacak. dahinin, tanr\u0131n\u0131n, tanr\u0131n\u0131n, tanr\u0131n\u0131n, tanr\u0131n\u0131n, tanr\u0131n\u0131n, tanr\u0131n\u0131n, tanr\u0131n\u0131n, tanr\u0131n\u0131n, tanr\u0131n\u0131n, tanr\u0131n\u0131n, tanr\u0131n\u0131n, tanr\u0131n\u0131n, tanr\u0131n\u0131n, tanr\u0131n\u0131n, tanr\u0131n\u0131n, tanr\u0131n\u0131n, tanr\u0131n\u0131n, tanr\u0131n\u0131n, tanr\u0131n\u0131n, tanr\u0131n\u0131n, tanr\u0131n\u0131n, tanr\u0131n\u0131n, tanr\u0131n\u0131n, tanr\u0131n\u0131n, tanr\u0131n\u0131n, tanr\u0131n\u0131n, tanr\u0131n\u0131n, tanr\u0131n\u0131n, tanr\u0131n\u0131n ilahi.<\/p>\n\n\n\n<p class=\"has-black-color has-text-color has-link-color has-small-font-size wp-elements-cd345bbe57dfc714165f5112bc1ff95c\">Fiziksel varolu\u015fun daha y\u00fcksek bir amac\u0131 olmasayd\u0131, hi\u00e7 kimse D\u00fcnya&#039;da reenkarne olmazd\u0131.<\/p>\n\n\n\n<p class=\"has-black-color has-text-color has-link-color has-small-font-size wp-elements-e9ec779635e53db209e5c6efd4295a40\">Varl\u0131k, uykuda uyuyan sonsuz de\u011ferlerin uzun bir geli\u015fim s\u00fcrecinin \u00fcr\u00fcn\u00fcd\u00fcr ve medyan\u0131n tezah\u00fcr\u00fc i\u00e7in destek\u00e7ilerini beklemektedir.<\/p>\n\n\n\n<p class=\"has-black-color has-text-color has-link-color has-small-font-size wp-elements-a0bfda1be0cb1654ad51e3dec78e6848\">Ad\u0131m ad\u0131m, ad\u0131m ad\u0131m, en \u00e7e\u015fitli reenkarnasyonlar\u0131n deneyimlerinin toplam\u0131n\u0131n sonucu olarak bireyselli\u011fe dahil edilen al\u0131\u015fkanl\u0131klar kullan\u0131larak g\u00fcvenli olan ilerleme kaydedilir.<\/p>\n\n\n\n<p class=\"has-black-color has-text-color has-link-color has-small-font-size wp-elements-df2ce8b19f66556e1c64ef1230d7c49c\">Onlardan birinde, \u015fimdi kendimizi hepimizi buluyoruz. Bu f\u0131rsat\u0131n ka\u00e7mas\u0131na izin vermeyelim, kendimizi geli\u015ftirmemiz ve ruhsal olarak b\u00fcy\u00fcmemiz i\u00e7in bize teklif edilen bu tekil an ve bu zor konunun gidi\u015fat\u0131n\u0131 onaylama \u00e7abam\u0131zla elde edece\u011fiz. Ama ayn\u0131 zamanda\u201dharika bir deneyim&#034;.<\/p>\n\n\n\n<p><\/p>\n\n\n\n<p class=\"has-black-color has-text-color has-link-color has-small-font-size wp-elements-55167fb7dea0ec97142ab667f4aa5893\">Juan Miguel Fern\u00e1ndez Mu\u00f1oz taraf\u0131ndan yaz\u0131lan makale<\/p>\n<\/div><\/div>\n\n\n\n<div class=\"wp-block-uagb-container uagb-block-98894f07 alignfull uagb-is-root-container\"><div class=\"uagb-container-inner-blocks-wrap\"><\/div><\/div>\n\n\n\n<div class=\"wp-block-uagb-container uagb-block-cb3a8b3f alignfull uagb-is-root-container\"><div class=\"uagb-container-inner-blocks-wrap\"><\/div><\/div>","protected":false},"excerpt":{"rendered":"<p>El futuro del hombre Por m\u00e1s que la mente humana indague con respecto a la vida, en la actual coyuntura del conocimiento intelectual, a pesar de ser innegablemente vasto, se nos torna muy dif\u00edcil encontrar las respuestas adecuadas que le permitan definir todo su sentido y significado. Reduciendo la vida al azar absurdo, destituido de [&hellip;]<\/p>","protected":false},"author":1,"featured_media":0,"parent":0,"menu_order":0,"comment_status":"closed","ping_status":"closed","template":"","meta":{"_uag_custom_page_level_css":"","site-sidebar-layout":"default","site-content-layout":"","ast-site-content-layout":"default","site-content-style":"default","site-sidebar-style":"default","ast-global-header-display":"","ast-banner-title-visibility":"","ast-main-header-display":"","ast-hfb-above-header-display":"","ast-hfb-below-header-display":"","ast-hfb-mobile-header-display":"","site-post-title":"disabled","ast-breadcrumbs-content":"","ast-featured-img":"","footer-sml-layout":"","theme-transparent-header-meta":"","adv-header-id-meta":"","stick-header-meta":"","header-above-stick-meta":"","header-main-stick-meta":"","header-below-stick-meta":"","astra-migrate-meta-layouts":"set","ast-page-background-enabled":"default","ast-page-background-meta":{"desktop":{"background-color":"var(--ast-global-color-4)","background-image":"","background-repeat":"repeat","background-position":"center center","background-size":"auto","background-attachment":"scroll","background-type":"","background-media":"","overlay-type":"","overlay-color":"","overlay-opacity":"","overlay-gradient":""},"tablet":{"background-color":"","background-image":"","background-repeat":"repeat","background-position":"center center","background-size":"auto","background-attachment":"scroll","background-type":"","background-media":"","overlay-type":"","overlay-color":"","overlay-opacity":"","overlay-gradient":""},"mobile":{"background-color":"","background-image":"","background-repeat":"repeat","background-position":"center center","background-size":"auto","background-attachment":"scroll","background-type":"","background-media":"","overlay-type":"","overlay-color":"","overlay-opacity":"","overlay-gradient":""}},"ast-content-background-meta":{"desktop":{"background-color":"var(--ast-global-color-5)","background-image":"","background-repeat":"repeat","background-position":"center center","background-size":"auto","background-attachment":"scroll","background-type":"","background-media":"","overlay-type":"","overlay-color":"","overlay-opacity":"","overlay-gradient":""},"tablet":{"background-color":"var(--ast-global-color-5)","background-image":"","background-repeat":"repeat","background-position":"center center","background-size":"auto","background-attachment":"scroll","background-type":"","background-media":"","overlay-type":"","overlay-color":"","overlay-opacity":"","overlay-gradient":""},"mobile":{"background-color":"var(--ast-global-color-5)","background-image":"","background-repeat":"repeat","background-position":"center center","background-size":"auto","background-attachment":"scroll","background-type":"","background-media":"","overlay-type":"","overlay-color":"","overlay-opacity":"","overlay-gradient":""}},"footnotes":""},"class_list":["post-5825","page","type-page","status-publish","hentry"],"yoast_head":"<!-- This site is optimized with the Yoast SEO Premium plugin v24.2 (Yoast SEO v24.6) - https:\/\/yoast.com\/wordpress\/plugins\/seo\/ -->\n<title>El futuro del hombre - Uni\u00f3n Esp\u00edrita<\/title>\n<meta name=\"robots\" content=\"index, follow, max-snippet:-1, max-image-preview:large, max-video-preview:-1\" \/>\n<link rel=\"canonical\" href=\"https:\/\/nuevo-renacer.com\/tr\/el-futuro-del-hombre\/\" \/>\n<meta property=\"og:locale\" content=\"tr_TR\" \/>\n<meta property=\"og:type\" content=\"article\" \/>\n<meta property=\"og:title\" content=\"El futuro del hombre\" \/>\n<meta property=\"og:description\" content=\"El futuro del hombre Por m\u00e1s que la mente humana indague con respecto a la vida, en la actual coyuntura del conocimiento intelectual, a pesar de ser innegablemente vasto, se nos torna muy dif\u00edcil encontrar las respuestas adecuadas que le permitan definir todo su sentido y significado. Reduciendo la vida al azar absurdo, destituido de [&hellip;]\" \/>\n<meta property=\"og:url\" content=\"https:\/\/nuevo-renacer.com\/tr\/el-futuro-del-hombre\/\" \/>\n<meta property=\"og:site_name\" content=\"Uni\u00f3n Esp\u00edrita\" \/>\n<meta property=\"article:publisher\" content=\"https:\/\/www.facebook.com\/groups\/3431398063740829\" \/>\n<meta property=\"article:modified_time\" content=\"2025-05-23T09:38:17+00:00\" \/>\n<meta property=\"og:image\" content=\"https:\/\/nuevo-renacer.com\/wp-content\/uploads\/2024\/10\/image.jpeg\" \/>\n\t<meta property=\"og:image:width\" content=\"626\" \/>\n\t<meta property=\"og:image:height\" content=\"351\" \/>\n\t<meta property=\"og:image:type\" content=\"image\/jpeg\" \/>\n<meta name=\"twitter:card\" content=\"summary_large_image\" \/>\n<meta name=\"twitter:label1\" content=\"Tahmini okuma s\u00fcresi\" \/>\n\t<meta name=\"twitter:data1\" content=\"6 dakika\" \/>\n<script type=\"application\/ld+json\" class=\"yoast-schema-graph\">{\"@context\":\"https:\/\/schema.org\",\"@graph\":[{\"@type\":\"WebPage\",\"@id\":\"https:\/\/nuevo-renacer.com\/el-futuro-del-hombre\/\",\"url\":\"https:\/\/nuevo-renacer.com\/el-futuro-del-hombre\/\",\"name\":\"El futuro del hombre - Uni\u00f3n Esp\u00edrita\",\"isPartOf\":{\"@id\":\"https:\/\/nuevo-renacer.com\/#website\"},\"primaryImageOfPage\":{\"@id\":\"https:\/\/nuevo-renacer.com\/el-futuro-del-hombre\/#primaryimage\"},\"image\":{\"@id\":\"https:\/\/nuevo-renacer.com\/el-futuro-del-hombre\/#primaryimage\"},\"thumbnailUrl\":\"https:\/\/nuevo-renacer.com\/wp-content\/uploads\/2024\/10\/image.jpeg\",\"datePublished\":\"2024-10-29T07:06:51+00:00\",\"dateModified\":\"2025-05-23T09:38:17+00:00\",\"breadcrumb\":{\"@id\":\"https:\/\/nuevo-renacer.com\/el-futuro-del-hombre\/#breadcrumb\"},\"inLanguage\":\"tr\",\"potentialAction\":[{\"@type\":\"ReadAction\",\"target\":[\"https:\/\/nuevo-renacer.com\/el-futuro-del-hombre\/\"]}]},{\"@type\":\"ImageObject\",\"inLanguage\":\"tr\",\"@id\":\"https:\/\/nuevo-renacer.com\/el-futuro-del-hombre\/#primaryimage\",\"url\":\"https:\/\/nuevo-renacer.com\/wp-content\/uploads\/2024\/10\/image.jpeg\",\"contentUrl\":\"https:\/\/nuevo-renacer.com\/wp-content\/uploads\/2024\/10\/image.jpeg\"},{\"@type\":\"BreadcrumbList\",\"@id\":\"https:\/\/nuevo-renacer.com\/el-futuro-del-hombre\/#breadcrumb\",\"itemListElement\":[{\"@type\":\"ListItem\",\"position\":1,\"name\":\"Startseite\",\"item\":\"https:\/\/nuevo-renacer.com\/\"},{\"@type\":\"ListItem\",\"position\":2,\"name\":\"El futuro del hombre\"}]},{\"@type\":\"WebSite\",\"@id\":\"https:\/\/nuevo-renacer.com\/#website\",\"url\":\"https:\/\/nuevo-renacer.com\/\",\"name\":\"Uni\u00f3n Esp\u00edrita\",\"description\":\"Nuevo Renacer\",\"publisher\":{\"@id\":\"https:\/\/nuevo-renacer.com\/#organization\"},\"potentialAction\":[{\"@type\":\"SearchAction\",\"target\":{\"@type\":\"EntryPoint\",\"urlTemplate\":\"https:\/\/nuevo-renacer.com\/?s={search_term_string}\"},\"query-input\":{\"@type\":\"PropertyValueSpecification\",\"valueRequired\":true,\"valueName\":\"search_term_string\"}}],\"inLanguage\":\"tr\"},{\"@type\":\"Organization\",\"@id\":\"https:\/\/nuevo-renacer.com\/#organization\",\"name\":\"UFEC\",\"url\":\"https:\/\/nuevo-renacer.com\/\",\"logo\":{\"@type\":\"ImageObject\",\"inLanguage\":\"tr\",\"@id\":\"https:\/\/nuevo-renacer.com\/#\/schema\/logo\/image\/\",\"url\":\"https:\/\/nuevo-renacer.com\/wp-content\/uploads\/2024\/05\/cropped-LOGO-TERMINADO1-3-3.png\",\"contentUrl\":\"https:\/\/nuevo-renacer.com\/wp-content\/uploads\/2024\/05\/cropped-LOGO-TERMINADO1-3-3.png\",\"width\":512,\"height\":512,\"caption\":\"UFEC\"},\"image\":{\"@id\":\"https:\/\/nuevo-renacer.com\/#\/schema\/logo\/image\/\"},\"sameAs\":[\"https:\/\/www.facebook.com\/groups\/3431398063740829\"]}]}<\/script>\n<!-- \/ Yoast SEO Premium plugin. -->","yoast_head_json":{"title":"El futuro del hombre - Uni\u00f3n Esp\u00edrita","robots":{"index":"index","follow":"follow","max-snippet":"max-snippet:-1","max-image-preview":"max-image-preview:large","max-video-preview":"max-video-preview:-1"},"canonical":"https:\/\/nuevo-renacer.com\/tr\/el-futuro-del-hombre\/","og_locale":"tr_TR","og_type":"article","og_title":"El futuro del hombre","og_description":"El futuro del hombre Por m\u00e1s que la mente humana indague con respecto a la vida, en la actual coyuntura del conocimiento intelectual, a pesar de ser innegablemente vasto, se nos torna muy dif\u00edcil encontrar las respuestas adecuadas que le permitan definir todo su sentido y significado. Reduciendo la vida al azar absurdo, destituido de [&hellip;]","og_url":"https:\/\/nuevo-renacer.com\/tr\/el-futuro-del-hombre\/","og_site_name":"Uni\u00f3n Esp\u00edrita","article_publisher":"https:\/\/www.facebook.com\/groups\/3431398063740829","article_modified_time":"2025-05-23T09:38:17+00:00","og_image":[{"width":626,"height":351,"url":"https:\/\/nuevo-renacer.com\/wp-content\/uploads\/2024\/10\/image.jpeg","type":"image\/jpeg"}],"twitter_card":"summary_large_image","twitter_misc":{"Tahmini okuma s\u00fcresi":"6 dakika"},"schema":{"@context":"https:\/\/schema.org","@graph":[{"@type":"WebPage","@id":"https:\/\/nuevo-renacer.com\/el-futuro-del-hombre\/","url":"https:\/\/nuevo-renacer.com\/el-futuro-del-hombre\/","name":"El futuro del hombre - Uni\u00f3n Esp\u00edrita","isPartOf":{"@id":"https:\/\/nuevo-renacer.com\/#website"},"primaryImageOfPage":{"@id":"https:\/\/nuevo-renacer.com\/el-futuro-del-hombre\/#primaryimage"},"image":{"@id":"https:\/\/nuevo-renacer.com\/el-futuro-del-hombre\/#primaryimage"},"thumbnailUrl":"https:\/\/nuevo-renacer.com\/wp-content\/uploads\/2024\/10\/image.jpeg","datePublished":"2024-10-29T07:06:51+00:00","dateModified":"2025-05-23T09:38:17+00:00","breadcrumb":{"@id":"https:\/\/nuevo-renacer.com\/el-futuro-del-hombre\/#breadcrumb"},"inLanguage":"tr","potentialAction":[{"@type":"ReadAction","target":["https:\/\/nuevo-renacer.com\/el-futuro-del-hombre\/"]}]},{"@type":"ImageObject","inLanguage":"tr","@id":"https:\/\/nuevo-renacer.com\/el-futuro-del-hombre\/#primaryimage","url":"https:\/\/nuevo-renacer.com\/wp-content\/uploads\/2024\/10\/image.jpeg","contentUrl":"https:\/\/nuevo-renacer.com\/wp-content\/uploads\/2024\/10\/image.jpeg"},{"@type":"BreadcrumbList","@id":"https:\/\/nuevo-renacer.com\/el-futuro-del-hombre\/#breadcrumb","itemListElement":[{"@type":"ListItem","position":1,"name":"Startseite","item":"https:\/\/nuevo-renacer.com\/"},{"@type":"ListItem","position":2,"name":"El futuro del hombre"}]},{"@type":"WebSite","@id":"https:\/\/nuevo-renacer.com\/#website","url":"https:\/\/nuevo-renacer.com\/","name":"Uni\u00f3n Esp\u00edrita","description":"Nuevo Renacer","publisher":{"@id":"https:\/\/nuevo-renacer.com\/#organization"},"potentialAction":[{"@type":"SearchAction","target":{"@type":"EntryPoint","urlTemplate":"https:\/\/nuevo-renacer.com\/?s={search_term_string}"},"query-input":{"@type":"PropertyValueSpecification","valueRequired":true,"valueName":"search_term_string"}}],"inLanguage":"tr"},{"@type":"Organization","@id":"https:\/\/nuevo-renacer.com\/#organization","name":"UFEC","url":"https:\/\/nuevo-renacer.com\/","logo":{"@type":"ImageObject","inLanguage":"tr","@id":"https:\/\/nuevo-renacer.com\/#\/schema\/logo\/image\/","url":"https:\/\/nuevo-renacer.com\/wp-content\/uploads\/2024\/05\/cropped-LOGO-TERMINADO1-3-3.png","contentUrl":"https:\/\/nuevo-renacer.com\/wp-content\/uploads\/2024\/05\/cropped-LOGO-TERMINADO1-3-3.png","width":512,"height":512,"caption":"UFEC"},"image":{"@id":"https:\/\/nuevo-renacer.com\/#\/schema\/logo\/image\/"},"sameAs":["https:\/\/www.facebook.com\/groups\/3431398063740829"]}]}},"uagb_featured_image_src":{"full":false,"thumbnail":false,"medium":false,"medium_large":false,"large":false,"1536x1536":false,"2048x2048":false,"trp-custom-language-flag":false},"uagb_author_info":{"display_name":"adbv0","author_link":"https:\/\/nuevo-renacer.com\/tr\/author\/adbv0\/"},"uagb_comment_info":0,"uagb_excerpt":"El futuro del hombre Por m\u00e1s que la mente humana indague con respecto a la vida, en la actual coyuntura del conocimiento intelectual, a pesar de ser innegablemente vasto, se nos torna muy dif\u00edcil encontrar las respuestas adecuadas que le permitan definir todo su sentido y significado. Reduciendo la vida al azar absurdo, destituido de&hellip;","jetpack_sharing_enabled":true,"_links":{"self":[{"href":"https:\/\/nuevo-renacer.com\/tr\/wp-json\/wp\/v2\/pages\/5825","targetHints":{"allow":["GET"]}}],"collection":[{"href":"https:\/\/nuevo-renacer.com\/tr\/wp-json\/wp\/v2\/pages"}],"about":[{"href":"https:\/\/nuevo-renacer.com\/tr\/wp-json\/wp\/v2\/types\/page"}],"author":[{"embeddable":true,"href":"https:\/\/nuevo-renacer.com\/tr\/wp-json\/wp\/v2\/users\/1"}],"replies":[{"embeddable":true,"href":"https:\/\/nuevo-renacer.com\/tr\/wp-json\/wp\/v2\/comments?post=5825"}],"version-history":[{"count":4,"href":"https:\/\/nuevo-renacer.com\/tr\/wp-json\/wp\/v2\/pages\/5825\/revisions"}],"predecessor-version":[{"id":8178,"href":"https:\/\/nuevo-renacer.com\/tr\/wp-json\/wp\/v2\/pages\/5825\/revisions\/8178"}],"wp:attachment":[{"href":"https:\/\/nuevo-renacer.com\/tr\/wp-json\/wp\/v2\/media?parent=5825"}],"curies":[{"name":"wp","href":"https:\/\/api.w.org\/{rel}","templated":true}]}}