{"id":5688,"date":"2024-10-18T12:25:54","date_gmt":"2024-10-18T12:25:54","guid":{"rendered":"https:\/\/nuevo-renacer.com\/?page_id=5688"},"modified":"2024-10-18T12:25:54","modified_gmt":"2024-10-18T12:25:54","slug":"historia-del-espiritismo-en-paraguay","status":"publish","type":"page","link":"https:\/\/nuevo-renacer.com\/tr\/historia-del-espiritismo-en-paraguay\/","title":{"rendered":"Paraguay'da Ruh\u00e7ulu\u011fun Tarihi"},"content":{"rendered":"<div class=\"wp-block-uagb-container uagb-block-cf08967c alignfull uagb-is-root-container\"><div class=\"uagb-container-inner-blocks-wrap\">\n<p class=\"has-black-color has-text-color has-link-color has-medium-font-size wp-elements-3f9889afbb3682dffb82ea6d24bea6c0\"><strong>Paraguay'da Ruh\u00e7ulu\u011fun Tarihi<\/strong><\/p>\n<\/div><\/div>\n\n\n\n<div class=\"wp-block-uagb-container uagb-block-823726d7 alignfull uagb-is-root-container\"><div class=\"uagb-container-inner-blocks-wrap\"><\/div><\/div>\n\n\n\n<div class=\"wp-block-uagb-container uagb-block-27d0f6aa alignfull uagb-is-root-container\"><div class=\"uagb-container-inner-blocks-wrap\">\n<figure class=\"wp-block-image size-full is-resized has-custom-border\"><img fetchpriority=\"high\" decoding=\"async\" width=\"700\" height=\"463\" src=\"https:\/\/nuevo-renacer.com\/wp-content\/uploads\/2024\/10\/15463-l.jpg\" alt=\"\" class=\"wp-image-5689\" style=\"border-width:1px;width:84px\" srcset=\"https:\/\/nuevo-renacer.com\/wp-content\/uploads\/2024\/10\/15463-l.jpg 700w, https:\/\/nuevo-renacer.com\/wp-content\/uploads\/2024\/10\/15463-l-300x198.jpg 300w, https:\/\/nuevo-renacer.com\/wp-content\/uploads\/2024\/10\/15463-l-18x12.jpg 18w\" sizes=\"(max-width: 700px) 100vw, 700px\" \/><\/figure>\n<\/div><\/div>\n\n\n\n<div class=\"wp-block-uagb-container uagb-block-a5d961d1 alignfull uagb-is-root-container\"><div class=\"uagb-container-inner-blocks-wrap\"><\/div><\/div>\n\n\n\n<div class=\"wp-block-uagb-container uagb-block-3e202bec alignfull uagb-is-root-container\"><div class=\"uagb-container-inner-blocks-wrap\">\n<p class=\"has-black-color has-text-color has-link-color has-small-font-size wp-elements-fe1fea3c8095275ac22cf823a3f6e925\">Elimizdeki belgelere g\u00f6re, Paraguay'da ruh\u00e7ulu\u011fun ba\u015flang\u0131c\u0131 1900'l\u00fc y\u0131llara, Dr. Ovidio Rebaudi'nin Rio de la Plata b\u00f6lgesindeki varl\u0131\u011f\u0131na dayanmaktad\u0131r. Buenos Aires'te bulunan Constancia, Fraternidad ve Confederaci\u00f3n Espiritista Argentina adl\u0131 spirit\u00fcalist cemiyetlerin toplant\u0131lar\u0131na s\u0131k s\u0131k kat\u0131l\u0131yordu. Ancak yine de kendisini Modern Spirit\u00fcalizm'in bir takip\u00e7isi olarak ilan etti. Paraguay'a d\u00f6nd\u00fc\u011f\u00fcnde s\u0131k s\u0131k Manyetolojik \u00c7al\u0131\u015fmalar Derne\u011fi'ne kat\u0131ld\u0131 ve daha sonra Magnetological Review'un edit\u00f6r\u00fc oldu.<\/p>\n\n\n\n<div class=\"wp-block-uagb-container uagb-block-18d5f301\">\n<figure class=\"wp-block-image size-full is-resized\"><img decoding=\"async\" width=\"337\" height=\"489\" src=\"https:\/\/nuevo-renacer.com\/wp-content\/uploads\/2024\/10\/Screenshot-191.png\" alt=\"\" class=\"wp-image-5690\" style=\"width:255px;height:auto\" srcset=\"https:\/\/nuevo-renacer.com\/wp-content\/uploads\/2024\/10\/Screenshot-191.png 337w, https:\/\/nuevo-renacer.com\/wp-content\/uploads\/2024\/10\/Screenshot-191-207x300.png 207w, https:\/\/nuevo-renacer.com\/wp-content\/uploads\/2024\/10\/Screenshot-191-8x12.png 8w\" sizes=\"(max-width: 337px) 100vw, 337px\" \/><figcaption class=\"wp-element-caption\">Dr. Ovidio Rebaudi<\/figcaption><\/figure>\n<\/div>\n\n\n\n<p class=\"has-black-color has-text-color has-link-color has-small-font-size wp-elements-03ad882c54ec3b85e6a7e9ece14c75e8\">Daha sonra, Buenos Aires'te ayn\u0131 sahnede, 1917'de, \u00f6\u011fretilerinin temelinde ruhsal ileti\u015fim olan Basilio Bilimsel Spirit\u00fcalist Okulu kuruldu. Orada di\u011ferlerinin yan\u0131 s\u0131ra Allan Kardec'in eserlerini de incelediler. Bu okul 1952 y\u0131l\u0131nda Bay Itsmio Veneroso ve di\u011fer arkada\u015flar\u0131n\u0131n da kat\u0131ld\u0131\u011f\u0131 Paraguay'daki \u015fubesini kurdu. Ruhlar\u0131n Kitab\u0131 ve Ruh\u00e7ulu\u011fa G\u00f6re \u0130ncil'i tan\u0131ma f\u0131rsat\u0131 bulduklar\u0131nda, bu okulda ald\u0131klar\u0131 \u00f6\u011fretilerin Allan Kardec'in \u00f6nerileriyle uyu\u015fmad\u0131\u011f\u0131n\u0131 anlad\u0131lar. Bunun \u00fczerine 7 Eyl\u00fcl 1962'de Paraguay Spiritist Merkezi'ni kurmak \u00fczere geri \u00e7ekilmeye karar verdiler. Oradan da di\u011fer Spiritist merkezler kuruldu.<\/p>\n\n\n\n<div class=\"wp-block-uagb-container uagb-block-ba53cd6a\">\n<figure class=\"wp-block-image size-full is-resized\"><img decoding=\"async\" width=\"418\" height=\"603\" src=\"https:\/\/nuevo-renacer.com\/wp-content\/uploads\/2024\/10\/unnamed-1.jpg\" alt=\"\" class=\"wp-image-5691\" style=\"width:255px\" srcset=\"https:\/\/nuevo-renacer.com\/wp-content\/uploads\/2024\/10\/unnamed-1.jpg 418w, https:\/\/nuevo-renacer.com\/wp-content\/uploads\/2024\/10\/unnamed-1-208x300.jpg 208w, https:\/\/nuevo-renacer.com\/wp-content\/uploads\/2024\/10\/unnamed-1-8x12.jpg 8w\" sizes=\"(max-width: 418px) 100vw, 418px\" \/><figcaption class=\"wp-element-caption\">Itsmio Veneroso <\/figcaption><\/figure>\n<\/div>\n\n\n\n<p class=\"has-black-color has-text-color has-link-color has-small-font-size wp-elements-b9cfadfff536810a92b5974db1d20815\">1992 y\u0131l\u0131nda, Joao Ravelo ve ailesi Paraguay'a yerle\u015fip, Paraguay Ruh\u00e7u Felsefe Merkezi'nde FEB (Brezilya Ruh\u00e7u Federasyonu) el kitab\u0131na dayanan Ruh\u00e7u \u00d6\u011fretinin Sistematik \u00c7al\u0131\u015fmas\u0131n\u0131 ba\u015flatt\u0131\u011f\u0131nda, \u0130ncil'in Anavatan\u0131, D\u00fcnyan\u0131n Kalbi Brezilya'n\u0131n ruhsal etkisi hissedilmeye ba\u015fland\u0131. Ram\u00f3n Insfr\u00e1n ve Gloria \u00c1valos'un sistematik \u00e7al\u0131\u015fmay\u0131 farkl\u0131 merkezlere yerle\u015ftirmek i\u00e7in yorulmak bilmeden yapt\u0131klar\u0131 \u00e7al\u0131\u015fmalardan bahsetmek gerekir.<\/p>\n\n\n\n<p class=\"has-black-color has-text-color has-link-color has-small-font-size wp-elements-d6b581ffc5fdf1d888cbf4944660851a\">Divaldo Franco Paraguay'a ilk kez 1968'de olmak \u00fczere 1993'te ve 1996'da \u00fc\u00e7\u00fcnc\u00fc kez geldi. Ra\u00fal Teixeira da 1994 y\u0131l\u0131nda Paraguay'a geldi. 2004 y\u0131l\u0131nda Carlos Campetti ile birlikte Sistematik Medyumluk \u00c7al\u0131\u015fmas\u0131'n\u0131 ve di\u011fer medyumluk \u00e7al\u0131\u015fma gruplar\u0131n\u0131n olu\u015fumunu ba\u015flatt\u0131. 2006 y\u0131l\u0131nda CEI'nin (Uluslararas\u0131 Ruh\u00e7u Konseyi) genel toplant\u0131s\u0131 \u00fclkede yap\u0131ld\u0131. Yard\u0131m ve sosyal tan\u0131t\u0131m b\u00f6l\u00fcm\u00fc t\u00fcm merkezlerde y\u00fcr\u00fct\u00fclmektedir. \u00c7ocuk ve gen\u00e7lerin de aktif kat\u0131l\u0131m\u0131 s\u00f6z konusudur.<\/p>\n\n\n\n<p class=\"has-black-color has-text-color has-link-color has-small-font-size wp-elements-8ac8aa67c225812192fe5f25299dd0f9\">Bug\u00fcn Paraguay'da Ruh\u00e7ulu\u011fun, i\u00e7inde ya\u015fad\u0131\u011f\u0131m\u0131z an\u0131n bilincinde olan yolda\u015flar\u0131n \u00f6zverili \u00e7al\u0131\u015fmalar\u0131 ve her \u015feyden \u00f6nce \u0130sa'n\u0131n hepimize olan sevgisi sayesinde sa\u011flam ad\u0131mlarla ilerledi\u011fini s\u00f6yleyebiliriz.<\/p>\n<\/div><\/div>","protected":false},"excerpt":{"rendered":"<p>Historia del espiritismo en Paraguay El espiritismo en Paraguay tiene sus antecedentes hacia el a\u00f1o 1900 aproximadamente, seg\u00fan las documentaciones que poseemos, con la presencia del Dr. Ovidio Rebaudi en la regi\u00f3n del R\u00edo de la Plata. \u00c9l frecuentaba las reuniones en las sociedades espiritas Constancia, Fraternidad&nbsp; y la Confederaci\u00f3n&nbsp; Espiritista Argentina, todas ellas en [&hellip;]<\/p>","protected":false},"author":1,"featured_media":0,"parent":0,"menu_order":0,"comment_status":"closed","ping_status":"closed","template":"","meta":{"_uag_custom_page_level_css":"","site-sidebar-layout":"default","site-content-layout":"","ast-site-content-layout":"default","site-content-style":"default","site-sidebar-style":"default","ast-global-header-display":"","ast-banner-title-visibility":"","ast-main-header-display":"","ast-hfb-above-header-display":"","ast-hfb-below-header-display":"","ast-hfb-mobile-header-display":"","site-post-title":"disabled","ast-breadcrumbs-content":"","ast-featured-img":"","footer-sml-layout":"","theme-transparent-header-meta":"","adv-header-id-meta":"","stick-header-meta":"","header-above-stick-meta":"","header-main-stick-meta":"","header-below-stick-meta":"","astra-migrate-meta-layouts":"set","ast-page-background-enabled":"default","ast-page-background-meta":{"desktop":{"background-color":"var(--ast-global-color-4)","background-image":"","background-repeat":"repeat","background-position":"center center","background-size":"auto","background-attachment":"scroll","background-type":"","background-media":"","overlay-type":"","overlay-color":"","overlay-opacity":"","overlay-gradient":""},"tablet":{"background-color":"","background-image":"","background-repeat":"repeat","background-position":"center center","background-size":"auto","background-attachment":"scroll","background-type":"","background-media":"","overlay-type":"","overlay-color":"","overlay-opacity":"","overlay-gradient":""},"mobile":{"background-color":"","background-image":"","background-repeat":"repeat","background-position":"center center","background-size":"auto","background-attachment":"scroll","background-type":"","background-media":"","overlay-type":"","overlay-color":"","overlay-opacity":"","overlay-gradient":""}},"ast-content-background-meta":{"desktop":{"background-color":"var(--ast-global-color-5)","background-image":"","background-repeat":"repeat","background-position":"center center","background-size":"auto","background-attachment":"scroll","background-type":"","background-media":"","overlay-type":"","overlay-color":"","overlay-opacity":"","overlay-gradient":""},"tablet":{"background-color":"var(--ast-global-color-5)","background-image":"","background-repeat":"repeat","background-position":"center center","background-size":"auto","background-attachment":"scroll","background-type":"","background-media":"","overlay-type":"","overlay-color":"","overlay-opacity":"","overlay-gradient":""},"mobile":{"background-color":"var(--ast-global-color-5)","background-image":"","background-repeat":"repeat","background-position":"center center","background-size":"auto","background-attachment":"scroll","background-type":"","background-media":"","overlay-type":"","overlay-color":"","overlay-opacity":"","overlay-gradient":""}},"footnotes":""},"class_list":["post-5688","page","type-page","status-publish","hentry"],"yoast_head":"<!-- This site is optimized with the Yoast SEO Premium plugin v24.2 (Yoast SEO v24.6) - https:\/\/yoast.com\/wordpress\/plugins\/seo\/ -->\n<title>Historia del espiritismo en Paraguay - Uni\u00f3n Esp\u00edrita<\/title>\n<meta name=\"robots\" content=\"index, follow, max-snippet:-1, max-image-preview:large, max-video-preview:-1\" \/>\n<link rel=\"canonical\" href=\"https:\/\/nuevo-renacer.com\/tr\/historia-del-espiritismo-en-paraguay\/\" \/>\n<meta property=\"og:locale\" content=\"tr_TR\" \/>\n<meta property=\"og:type\" content=\"article\" \/>\n<meta property=\"og:title\" content=\"Historia del espiritismo en Paraguay\" \/>\n<meta property=\"og:description\" content=\"Historia del espiritismo en Paraguay El espiritismo en Paraguay tiene sus antecedentes hacia el a\u00f1o 1900 aproximadamente, seg\u00fan las documentaciones que poseemos, con la presencia del Dr. Ovidio Rebaudi en la regi\u00f3n del R\u00edo de la Plata. \u00c9l frecuentaba las reuniones en las sociedades espiritas Constancia, Fraternidad&nbsp; y la Confederaci\u00f3n&nbsp; Espiritista Argentina, todas ellas en [&hellip;]\" \/>\n<meta property=\"og:url\" content=\"https:\/\/nuevo-renacer.com\/tr\/historia-del-espiritismo-en-paraguay\/\" \/>\n<meta property=\"og:site_name\" content=\"Uni\u00f3n Esp\u00edrita\" \/>\n<meta property=\"article:publisher\" content=\"https:\/\/www.facebook.com\/groups\/3431398063740829\" \/>\n<meta property=\"og:image\" content=\"https:\/\/nuevo-renacer.com\/wp-content\/uploads\/2024\/10\/15463-l.jpg\" \/>\n\t<meta property=\"og:image:width\" content=\"700\" \/>\n\t<meta property=\"og:image:height\" content=\"463\" \/>\n\t<meta property=\"og:image:type\" content=\"image\/jpeg\" \/>\n<meta name=\"twitter:card\" content=\"summary_large_image\" \/>\n<meta name=\"twitter:label1\" content=\"Tahmini okuma s\u00fcresi\" \/>\n\t<meta name=\"twitter:data1\" content=\"2 dakika\" \/>\n<script type=\"application\/ld+json\" class=\"yoast-schema-graph\">{\"@context\":\"https:\/\/schema.org\",\"@graph\":[{\"@type\":\"WebPage\",\"@id\":\"https:\/\/nuevo-renacer.com\/historia-del-espiritismo-en-paraguay\/\",\"url\":\"https:\/\/nuevo-renacer.com\/historia-del-espiritismo-en-paraguay\/\",\"name\":\"Historia del espiritismo en Paraguay - Uni\u00f3n Esp\u00edrita\",\"isPartOf\":{\"@id\":\"https:\/\/nuevo-renacer.com\/#website\"},\"primaryImageOfPage\":{\"@id\":\"https:\/\/nuevo-renacer.com\/historia-del-espiritismo-en-paraguay\/#primaryimage\"},\"image\":{\"@id\":\"https:\/\/nuevo-renacer.com\/historia-del-espiritismo-en-paraguay\/#primaryimage\"},\"thumbnailUrl\":\"https:\/\/nuevo-renacer.com\/wp-content\/uploads\/2024\/10\/15463-l.jpg\",\"datePublished\":\"2024-10-18T12:25:54+00:00\",\"breadcrumb\":{\"@id\":\"https:\/\/nuevo-renacer.com\/historia-del-espiritismo-en-paraguay\/#breadcrumb\"},\"inLanguage\":\"tr\",\"potentialAction\":[{\"@type\":\"ReadAction\",\"target\":[\"https:\/\/nuevo-renacer.com\/historia-del-espiritismo-en-paraguay\/\"]}]},{\"@type\":\"ImageObject\",\"inLanguage\":\"tr\",\"@id\":\"https:\/\/nuevo-renacer.com\/historia-del-espiritismo-en-paraguay\/#primaryimage\",\"url\":\"https:\/\/nuevo-renacer.com\/wp-content\/uploads\/2024\/10\/15463-l.jpg\",\"contentUrl\":\"https:\/\/nuevo-renacer.com\/wp-content\/uploads\/2024\/10\/15463-l.jpg\"},{\"@type\":\"BreadcrumbList\",\"@id\":\"https:\/\/nuevo-renacer.com\/historia-del-espiritismo-en-paraguay\/#breadcrumb\",\"itemListElement\":[{\"@type\":\"ListItem\",\"position\":1,\"name\":\"Startseite\",\"item\":\"https:\/\/nuevo-renacer.com\/\"},{\"@type\":\"ListItem\",\"position\":2,\"name\":\"Historia del espiritismo en Paraguay\"}]},{\"@type\":\"WebSite\",\"@id\":\"https:\/\/nuevo-renacer.com\/#website\",\"url\":\"https:\/\/nuevo-renacer.com\/\",\"name\":\"Uni\u00f3n Esp\u00edrita\",\"description\":\"Nuevo Renacer\",\"publisher\":{\"@id\":\"https:\/\/nuevo-renacer.com\/#organization\"},\"potentialAction\":[{\"@type\":\"SearchAction\",\"target\":{\"@type\":\"EntryPoint\",\"urlTemplate\":\"https:\/\/nuevo-renacer.com\/?s={search_term_string}\"},\"query-input\":{\"@type\":\"PropertyValueSpecification\",\"valueRequired\":true,\"valueName\":\"search_term_string\"}}],\"inLanguage\":\"tr\"},{\"@type\":\"Organization\",\"@id\":\"https:\/\/nuevo-renacer.com\/#organization\",\"name\":\"UFEC\",\"url\":\"https:\/\/nuevo-renacer.com\/\",\"logo\":{\"@type\":\"ImageObject\",\"inLanguage\":\"tr\",\"@id\":\"https:\/\/nuevo-renacer.com\/#\/schema\/logo\/image\/\",\"url\":\"https:\/\/nuevo-renacer.com\/wp-content\/uploads\/2024\/05\/cropped-LOGO-TERMINADO1-3-3.png\",\"contentUrl\":\"https:\/\/nuevo-renacer.com\/wp-content\/uploads\/2024\/05\/cropped-LOGO-TERMINADO1-3-3.png\",\"width\":512,\"height\":512,\"caption\":\"UFEC\"},\"image\":{\"@id\":\"https:\/\/nuevo-renacer.com\/#\/schema\/logo\/image\/\"},\"sameAs\":[\"https:\/\/www.facebook.com\/groups\/3431398063740829\"]}]}<\/script>\n<!-- \/ Yoast SEO Premium plugin. -->","yoast_head_json":{"title":"Historia del espiritismo en Paraguay - Uni\u00f3n Esp\u00edrita","robots":{"index":"index","follow":"follow","max-snippet":"max-snippet:-1","max-image-preview":"max-image-preview:large","max-video-preview":"max-video-preview:-1"},"canonical":"https:\/\/nuevo-renacer.com\/tr\/historia-del-espiritismo-en-paraguay\/","og_locale":"tr_TR","og_type":"article","og_title":"Historia del espiritismo en Paraguay","og_description":"Historia del espiritismo en Paraguay El espiritismo en Paraguay tiene sus antecedentes hacia el a\u00f1o 1900 aproximadamente, seg\u00fan las documentaciones que poseemos, con la presencia del Dr. Ovidio Rebaudi en la regi\u00f3n del R\u00edo de la Plata. \u00c9l frecuentaba las reuniones en las sociedades espiritas Constancia, Fraternidad&nbsp; y la Confederaci\u00f3n&nbsp; Espiritista Argentina, todas ellas en [&hellip;]","og_url":"https:\/\/nuevo-renacer.com\/tr\/historia-del-espiritismo-en-paraguay\/","og_site_name":"Uni\u00f3n Esp\u00edrita","article_publisher":"https:\/\/www.facebook.com\/groups\/3431398063740829","og_image":[{"width":700,"height":463,"url":"https:\/\/nuevo-renacer.com\/wp-content\/uploads\/2024\/10\/15463-l.jpg","type":"image\/jpeg"}],"twitter_card":"summary_large_image","twitter_misc":{"Tahmini okuma s\u00fcresi":"2 dakika"},"schema":{"@context":"https:\/\/schema.org","@graph":[{"@type":"WebPage","@id":"https:\/\/nuevo-renacer.com\/historia-del-espiritismo-en-paraguay\/","url":"https:\/\/nuevo-renacer.com\/historia-del-espiritismo-en-paraguay\/","name":"Historia del espiritismo en Paraguay - Uni\u00f3n Esp\u00edrita","isPartOf":{"@id":"https:\/\/nuevo-renacer.com\/#website"},"primaryImageOfPage":{"@id":"https:\/\/nuevo-renacer.com\/historia-del-espiritismo-en-paraguay\/#primaryimage"},"image":{"@id":"https:\/\/nuevo-renacer.com\/historia-del-espiritismo-en-paraguay\/#primaryimage"},"thumbnailUrl":"https:\/\/nuevo-renacer.com\/wp-content\/uploads\/2024\/10\/15463-l.jpg","datePublished":"2024-10-18T12:25:54+00:00","breadcrumb":{"@id":"https:\/\/nuevo-renacer.com\/historia-del-espiritismo-en-paraguay\/#breadcrumb"},"inLanguage":"tr","potentialAction":[{"@type":"ReadAction","target":["https:\/\/nuevo-renacer.com\/historia-del-espiritismo-en-paraguay\/"]}]},{"@type":"ImageObject","inLanguage":"tr","@id":"https:\/\/nuevo-renacer.com\/historia-del-espiritismo-en-paraguay\/#primaryimage","url":"https:\/\/nuevo-renacer.com\/wp-content\/uploads\/2024\/10\/15463-l.jpg","contentUrl":"https:\/\/nuevo-renacer.com\/wp-content\/uploads\/2024\/10\/15463-l.jpg"},{"@type":"BreadcrumbList","@id":"https:\/\/nuevo-renacer.com\/historia-del-espiritismo-en-paraguay\/#breadcrumb","itemListElement":[{"@type":"ListItem","position":1,"name":"Startseite","item":"https:\/\/nuevo-renacer.com\/"},{"@type":"ListItem","position":2,"name":"Historia del espiritismo en Paraguay"}]},{"@type":"WebSite","@id":"https:\/\/nuevo-renacer.com\/#website","url":"https:\/\/nuevo-renacer.com\/","name":"Uni\u00f3n Esp\u00edrita","description":"Nuevo Renacer","publisher":{"@id":"https:\/\/nuevo-renacer.com\/#organization"},"potentialAction":[{"@type":"SearchAction","target":{"@type":"EntryPoint","urlTemplate":"https:\/\/nuevo-renacer.com\/?s={search_term_string}"},"query-input":{"@type":"PropertyValueSpecification","valueRequired":true,"valueName":"search_term_string"}}],"inLanguage":"tr"},{"@type":"Organization","@id":"https:\/\/nuevo-renacer.com\/#organization","name":"UFEC","url":"https:\/\/nuevo-renacer.com\/","logo":{"@type":"ImageObject","inLanguage":"tr","@id":"https:\/\/nuevo-renacer.com\/#\/schema\/logo\/image\/","url":"https:\/\/nuevo-renacer.com\/wp-content\/uploads\/2024\/05\/cropped-LOGO-TERMINADO1-3-3.png","contentUrl":"https:\/\/nuevo-renacer.com\/wp-content\/uploads\/2024\/05\/cropped-LOGO-TERMINADO1-3-3.png","width":512,"height":512,"caption":"UFEC"},"image":{"@id":"https:\/\/nuevo-renacer.com\/#\/schema\/logo\/image\/"},"sameAs":["https:\/\/www.facebook.com\/groups\/3431398063740829"]}]}},"uagb_featured_image_src":{"full":false,"thumbnail":false,"medium":false,"medium_large":false,"large":false,"1536x1536":false,"2048x2048":false,"trp-custom-language-flag":false},"uagb_author_info":{"display_name":"adbv0","author_link":"https:\/\/nuevo-renacer.com\/tr\/author\/adbv0\/"},"uagb_comment_info":0,"uagb_excerpt":"Historia del espiritismo en Paraguay El espiritismo en Paraguay tiene sus antecedentes hacia el a\u00f1o 1900 aproximadamente, seg\u00fan las documentaciones que poseemos, con la presencia del Dr. Ovidio Rebaudi en la regi\u00f3n del R\u00edo de la Plata. \u00c9l frecuentaba las reuniones en las sociedades espiritas Constancia, Fraternidad&nbsp; y la Confederaci\u00f3n&nbsp; Espiritista Argentina, todas ellas en&hellip;","jetpack_sharing_enabled":true,"_links":{"self":[{"href":"https:\/\/nuevo-renacer.com\/tr\/wp-json\/wp\/v2\/pages\/5688","targetHints":{"allow":["GET"]}}],"collection":[{"href":"https:\/\/nuevo-renacer.com\/tr\/wp-json\/wp\/v2\/pages"}],"about":[{"href":"https:\/\/nuevo-renacer.com\/tr\/wp-json\/wp\/v2\/types\/page"}],"author":[{"embeddable":true,"href":"https:\/\/nuevo-renacer.com\/tr\/wp-json\/wp\/v2\/users\/1"}],"replies":[{"embeddable":true,"href":"https:\/\/nuevo-renacer.com\/tr\/wp-json\/wp\/v2\/comments?post=5688"}],"version-history":[{"count":1,"href":"https:\/\/nuevo-renacer.com\/tr\/wp-json\/wp\/v2\/pages\/5688\/revisions"}],"predecessor-version":[{"id":5692,"href":"https:\/\/nuevo-renacer.com\/tr\/wp-json\/wp\/v2\/pages\/5688\/revisions\/5692"}],"wp:attachment":[{"href":"https:\/\/nuevo-renacer.com\/tr\/wp-json\/wp\/v2\/media?parent=5688"}],"curies":[{"name":"wp","href":"https:\/\/api.w.org\/{rel}","templated":true}]}}