{"id":5641,"date":"2024-10-18T08:28:49","date_gmt":"2024-10-18T08:28:49","guid":{"rendered":"https:\/\/nuevo-renacer.com\/?page_id=5641"},"modified":"2024-10-18T08:33:40","modified_gmt":"2024-10-18T08:33:40","slug":"historia-del-espiritismo-en-costa-rica","status":"publish","type":"page","link":"https:\/\/nuevo-renacer.com\/tr\/historia-del-espiritismo-en-costa-rica\/","title":{"rendered":"Kosta Rika'da Ruh\u00e7ulu\u011fun Tarihi"},"content":{"rendered":"<div class=\"wp-block-uagb-container uagb-block-709abbb7 alignfull uagb-is-root-container\"><div class=\"uagb-container-inner-blocks-wrap\">\n<p class=\"has-black-color has-text-color has-link-color has-medium-font-size wp-elements-1e944b1659ccc41cb6f84094fb36b2e5\"><strong>Kosta Rika'da Ruh\u00e7ulu\u011fun Tarihi<\/strong><\/p>\n<\/div><\/div>\n\n\n\n<div class=\"wp-block-uagb-container uagb-block-2a4b3fdd alignfull uagb-is-root-container\"><div class=\"uagb-container-inner-blocks-wrap\"><\/div><\/div>\n\n\n\n<div class=\"wp-block-uagb-container uagb-block-b2ec16be alignfull uagb-is-root-container\"><div class=\"uagb-container-inner-blocks-wrap\">\n<figure class=\"wp-block-image size-full is-resized\"><img decoding=\"async\" width=\"220\" height=\"132\" src=\"https:\/\/nuevo-renacer.com\/wp-content\/uploads\/2024\/10\/costa-rica.png\" alt=\"\" class=\"wp-image-5642\" style=\"width:84px\" srcset=\"https:\/\/nuevo-renacer.com\/wp-content\/uploads\/2024\/10\/costa-rica.png 220w, https:\/\/nuevo-renacer.com\/wp-content\/uploads\/2024\/10\/costa-rica-18x12.png 18w\" sizes=\"(max-width: 220px) 100vw, 220px\" \/><\/figure>\n<\/div><\/div>\n\n\n\n<div class=\"wp-block-uagb-container uagb-block-86db8132 alignfull uagb-is-root-container\"><div class=\"uagb-container-inner-blocks-wrap\"><\/div><\/div>\n\n\n\n<div class=\"wp-block-uagb-container uagb-block-e65132f3 alignfull uagb-is-root-container\"><div class=\"uagb-container-inner-blocks-wrap\">\n<p class=\"has-black-color has-text-color has-link-color has-small-font-size wp-elements-91ef1fade5d0e780490a5cbd62c0ab20\">1874 gibi erken bir tarihte papaz Domingo Rivas k\u00fcrs\u00fcs\u00fcnden Allan Kardec'in spirit\u00fcalist literat\u00fcr\u00fcn\u00fcn \u00fclkede yay\u0131lmas\u0131na kar\u015f\u0131 uyar\u0131da bulunmu\u015ftur. Kosta Rika'da spirit\u00fcalizmin ba\u015flang\u0131c\u0131 tam olarak bilinmese de, en az\u0131ndan 1896'dan beri, s\u0131ras\u0131yla Domingo N\u00fa\u00f1ez, Agust\u00edn Ramos ve Pedro P\u00e9rez ad\u0131nda Alajuelal\u0131 bir berber, bir ressam ve bir zanaatkar\u0131n edit\u00f6rl\u00fc\u011f\u00fcn\u00fc yapt\u0131\u011f\u0131 Grano de Arena dergisini yay\u0131nlayan ok\u00fclt bir \u00e7evre vard\u0131. Dergi kendisini rasyonalist olarak tan\u0131ml\u0131yor ve Katolikli\u011fi \u015fiddetle ele\u015ftiriyordu. Kaynak yetersizli\u011fi nedeniyle 1889 y\u0131l\u0131nda bas\u0131m\u0131 durduruldu.<\/p>\n\n\n\n<div class=\"wp-block-uagb-container uagb-block-a685474f\">\n<figure class=\"wp-block-image size-full is-resized\"><img fetchpriority=\"high\" decoding=\"async\" width=\"205\" height=\"245\" src=\"https:\/\/nuevo-renacer.com\/wp-content\/uploads\/2024\/10\/Domingo-Rivas.jpg\" alt=\"\" class=\"wp-image-5643\" style=\"width:212px;height:auto\" srcset=\"https:\/\/nuevo-renacer.com\/wp-content\/uploads\/2024\/10\/Domingo-Rivas.jpg 205w, https:\/\/nuevo-renacer.com\/wp-content\/uploads\/2024\/10\/Domingo-Rivas-10x12.jpg 10w\" sizes=\"(max-width: 205px) 100vw, 205px\" \/><figcaption class=\"wp-element-caption\">Domingo Rivas<\/figcaption><\/figure>\n<\/div>\n\n\n\n<p class=\"has-black-color has-text-color has-link-color has-small-font-size wp-elements-541e20f9400a377bf8717e349d539eeb\">Yay\u0131nla ba\u011flant\u0131l\u0131 ki\u015filer aras\u0131nda Nikaragual\u0131 avukat Salvador Jir\u00f3n, e\u011fitimci Amadeo Madriz (yazar Manuel Gonz\u00e1lez Zeled\u00f3n ve Carlos Gagini'nin hocas\u0131), General Federico Fern\u00e1ndez (ba\u015fkan ve mason Pr\u00f3spero Fern\u00e1ndez'in karde\u015fi ve entelekt\u00fcel ve teosofist Rogelio Fern\u00e1ndez G\u00fcell'in babas\u0131), politikac\u0131 Francisco Boza, Kolombiyal\u0131 Francisco Lamus ve \u0130spanyol i\u015fadam\u0131 Antonio Rodr\u00edguez ve Celina Fern\u00e1ndez Giralt ve Mar\u00eda Rojas gibi kad\u0131nlar vard\u0131. 1896 y\u0131l\u0131nda El Grano'da ilk kez ad\u0131 ge\u00e7en \u201cSociedad Benefactora de Estudios Psicol\u00f3gicos\u201d, \u00f6zellikle \u0130spanya'daki uluslararas\u0131 spirit\u00fcalist \u00f6rg\u00fctlerle ba\u011flant\u0131 kuracak, \u201cRevista de Estudios Psicol\u00f3gicos de Barcelona \u201dy\u0131 \u00fclkede da\u011f\u0131tacak ve El Grano'daki makaleler yurtd\u0131\u015f\u0131nda da yay\u0131nlanacakt\u0131.<\/p>\n\n\n\n<p class=\"has-black-color has-text-color has-link-color has-small-font-size wp-elements-446cd7a9092c3be331bb28ed9b1a96c9\">Yirminci y\u00fczy\u0131l\u0131n ba\u015flar\u0131nda spirit\u00fcalizm, hem materyalizmi nedeniyle ele\u015ftirdikleri bilimsel pozitivizmden hem de bat\u0131l inan\u00e7 olarak damgalad\u0131klar\u0131 geleneksel dindarl\u0131ktan, \u00f6zellikle de Katoliklikten ho\u015fnut olmayan farkl\u0131 d\u00fc\u015f\u00fcn\u00fcrlerin ilgisini \u00e7ekmi\u015ftir. Omar Dengo bunlardan biriydi ve kimyager ve spirit\u00fcalist William Crookes'un \u00f6l\u00fcm\u00fc \u00fczerine bir makale yazd\u0131. Kosta Rikal\u0131 spirit\u00fcalistler genel olarak spirit\u00fcalizme bilimsel ve rasyonalist bir metodoloji uygulamaya \u00e7al\u0131\u015fm\u0131\u015f, bat\u0131l inan\u00e7 olarak g\u00f6rd\u00fckleri \u015feylere g\u00fcvenmemi\u015flerdir. Ruh\u00e7ulukla ilgilenen isimler aras\u0131nda Omar Dengo, \u015fans\u00f6lye Ricardo Fern\u00e1ndez Guardia, yarg\u0131\u00e7 Alberto Brenes C\u00f3rdoba, ressam Enrique Echandi, gelece\u011fin diktat\u00f6r karde\u015fleri Federico ve Jos\u00e9 Joaqu\u00edn Tinoco ve Abelardo Bonilla'ya g\u00f6re Meksika ba\u015fkan\u0131 Francisco I. Madero taraf\u0131ndan ruh\u00e7ulu\u011fa inisiye edilen ezoterik bilgin Rogelio Fern\u00e1ndez G\u00fcell vard\u0131.<\/p>\n\n\n\n<div class=\"wp-block-uagb-container uagb-block-8ff239d5\">\n<figure class=\"wp-block-image size-full is-resized\"><img decoding=\"async\" width=\"220\" height=\"332\" src=\"https:\/\/nuevo-renacer.com\/wp-content\/uploads\/2024\/10\/Omar-Dengo-Guerrero.jpg\" alt=\"\" class=\"wp-image-5644\" style=\"width:212px\" srcset=\"https:\/\/nuevo-renacer.com\/wp-content\/uploads\/2024\/10\/Omar-Dengo-Guerrero.jpg 220w, https:\/\/nuevo-renacer.com\/wp-content\/uploads\/2024\/10\/Omar-Dengo-Guerrero-199x300.jpg 199w, https:\/\/nuevo-renacer.com\/wp-content\/uploads\/2024\/10\/Omar-Dengo-Guerrero-8x12.jpg 8w\" sizes=\"(max-width: 220px) 100vw, 220px\" \/><figcaption class=\"wp-element-caption\">Omar Dengo <\/figcaption><\/figure>\n<\/div>\n\n\n\n<p class=\"has-black-color has-text-color has-link-color has-small-font-size wp-elements-ca7b9fe7581e077baa17cba6ca17d230\">Spirit\u00fcalizm, \u00e7e\u015fitli Katolik din adamlar\u0131 taraf\u0131ndan k\u0131sa s\u00fcrede Satanizm olarak k\u0131nand\u0131. 1906 y\u0131l\u0131nda Ofelia Corrales'in medyumluk yeteneklerini incelemek \u00fczere Franklin Spirit\u00fcalist \u00c7evresi kuruldu. 1911 y\u0131l\u0131nda (Tinoco h\u00fck\u00fcmeti d\u00f6neminde) Ulusal M\u00fcze'nin gelecekteki m\u00fcd\u00fcr\u00fc ve \u201cColegio Superior de Varones\u201d m\u00fcd\u00fcr\u00fc Ramiro Aguilar taraf\u0131ndan y\u00f6netilen ve 1923'ten itibaren ayn\u0131 ad\u0131 ta\u015f\u0131yan bir dergi yay\u0131nlayan \u201cCentro Espiritista Claros de Luna\u201d kuruldu. \u00dcyeleri aras\u0131nda gelece\u011fin E\u011fitim Bakan\u0131 Napole\u00f3n Quesada, Daniel Gonz\u00e1lez V\u00edquez (Ba\u015fkan Cleto Gonz\u00e1lez V\u00edquez'in karde\u015fi), R\u00f3mulo Tovar, Moises Vincenzi Pacheco ve gelece\u011fin E\u011fitim Bakan\u0131 ve Colegio Superior de Se\u00f1oritas M\u00fcd\u00fcr\u00fc Salvador Uma\u00f1a yer al\u0131yordu.<\/p>\n\n\n\n<div class=\"wp-block-uagb-container uagb-block-9cfe925c\">\n<figure class=\"wp-block-image size-full is-resized\"><img loading=\"lazy\" decoding=\"async\" width=\"748\" height=\"1024\" src=\"https:\/\/nuevo-renacer.com\/wp-content\/uploads\/2024\/10\/ofelia-corrales.webp\" alt=\"\" class=\"wp-image-5645\" style=\"width:212px\" srcset=\"https:\/\/nuevo-renacer.com\/wp-content\/uploads\/2024\/10\/ofelia-corrales.webp 748w, https:\/\/nuevo-renacer.com\/wp-content\/uploads\/2024\/10\/ofelia-corrales-219x300.webp 219w, https:\/\/nuevo-renacer.com\/wp-content\/uploads\/2024\/10\/ofelia-corrales-9x12.webp 9w\" sizes=\"(max-width: 748px) 100vw, 748px\" \/><figcaption class=\"wp-element-caption\">Ofelia Corrales ile Mary Brown'\u0131n (Maria Luisa Andrade) ruhu. Annals of Psychical Sciences, Paris, (\u015eubat, 1911)<\/figcaption><\/figure>\n<\/div>\n\n\n\n<p class=\"has-black-color has-text-color has-link-color has-small-font-size wp-elements-71d4dd3bb207e10185492a5c2c50215c\">1921 ve 1923 y\u0131llar\u0131 aras\u0131nda Puntarenas, Lim\u00f3n, Goicoechea ve Mora'da spirit\u00fcalist \u00e7evreler olu\u015fturuldu. 1925'te \u201cCentro de Estudios de Psicolog\u00eda Experimental\u201d kuruldu ve Kas\u0131m 1925 ile Ekim 1928 aras\u0131nda ayl\u0131k El Estudio dergisini yay\u0131nlad\u0131.<\/p>\n<\/div><\/div>","protected":false},"excerpt":{"rendered":"<p>Historia del espiritismo en Costa Rica Desde 1874 ya el vicario Domingo Rivas alertaba desde el p\u00falpito contra la circulaci\u00f3n de literatura espiritista de Allan Kardec en el pa\u00eds. Aunque se desconoce el inicio exacto del espiritismo en Costa Rica ya desde 1896 existe al menos un c\u00edrculo ocultista que publica la revista Grano de [&hellip;]<\/p>","protected":false},"author":1,"featured_media":0,"parent":0,"menu_order":0,"comment_status":"closed","ping_status":"closed","template":"","meta":{"_uag_custom_page_level_css":"","site-sidebar-layout":"default","site-content-layout":"","ast-site-content-layout":"default","site-content-style":"default","site-sidebar-style":"default","ast-global-header-display":"","ast-banner-title-visibility":"","ast-main-header-display":"","ast-hfb-above-header-display":"","ast-hfb-below-header-display":"","ast-hfb-mobile-header-display":"","site-post-title":"disabled","ast-breadcrumbs-content":"","ast-featured-img":"","footer-sml-layout":"","theme-transparent-header-meta":"","adv-header-id-meta":"","stick-header-meta":"","header-above-stick-meta":"","header-main-stick-meta":"","header-below-stick-meta":"","astra-migrate-meta-layouts":"set","ast-page-background-enabled":"default","ast-page-background-meta":{"desktop":{"background-color":"var(--ast-global-color-4)","background-image":"","background-repeat":"repeat","background-position":"center center","background-size":"auto","background-attachment":"scroll","background-type":"","background-media":"","overlay-type":"","overlay-color":"","overlay-opacity":"","overlay-gradient":""},"tablet":{"background-color":"","background-image":"","background-repeat":"repeat","background-position":"center center","background-size":"auto","background-attachment":"scroll","background-type":"","background-media":"","overlay-type":"","overlay-color":"","overlay-opacity":"","overlay-gradient":""},"mobile":{"background-color":"","background-image":"","background-repeat":"repeat","background-position":"center center","background-size":"auto","background-attachment":"scroll","background-type":"","background-media":"","overlay-type":"","overlay-color":"","overlay-opacity":"","overlay-gradient":""}},"ast-content-background-meta":{"desktop":{"background-color":"var(--ast-global-color-5)","background-image":"","background-repeat":"repeat","background-position":"center center","background-size":"auto","background-attachment":"scroll","background-type":"","background-media":"","overlay-type":"","overlay-color":"","overlay-opacity":"","overlay-gradient":""},"tablet":{"background-color":"var(--ast-global-color-5)","background-image":"","background-repeat":"repeat","background-position":"center center","background-size":"auto","background-attachment":"scroll","background-type":"","background-media":"","overlay-type":"","overlay-color":"","overlay-opacity":"","overlay-gradient":""},"mobile":{"background-color":"var(--ast-global-color-5)","background-image":"","background-repeat":"repeat","background-position":"center center","background-size":"auto","background-attachment":"scroll","background-type":"","background-media":"","overlay-type":"","overlay-color":"","overlay-opacity":"","overlay-gradient":""}},"footnotes":""},"class_list":["post-5641","page","type-page","status-publish","hentry"],"yoast_head":"<!-- This site is optimized with the Yoast SEO Premium plugin v24.2 (Yoast SEO v24.6) - https:\/\/yoast.com\/wordpress\/plugins\/seo\/ -->\n<title>Historia del espiritismo en Costa Rica - Uni\u00f3n Esp\u00edrita<\/title>\n<meta name=\"robots\" content=\"index, follow, max-snippet:-1, max-image-preview:large, max-video-preview:-1\" \/>\n<link rel=\"canonical\" href=\"https:\/\/nuevo-renacer.com\/tr\/historia-del-espiritismo-en-costa-rica\/\" \/>\n<meta property=\"og:locale\" content=\"tr_TR\" \/>\n<meta property=\"og:type\" content=\"article\" \/>\n<meta property=\"og:title\" content=\"Historia del espiritismo en Costa Rica\" \/>\n<meta property=\"og:description\" content=\"Historia del espiritismo en Costa Rica Desde 1874 ya el vicario Domingo Rivas alertaba desde el p\u00falpito contra la circulaci\u00f3n de literatura espiritista de Allan Kardec en el pa\u00eds. Aunque se desconoce el inicio exacto del espiritismo en Costa Rica ya desde 1896 existe al menos un c\u00edrculo ocultista que publica la revista Grano de [&hellip;]\" \/>\n<meta property=\"og:url\" content=\"https:\/\/nuevo-renacer.com\/tr\/historia-del-espiritismo-en-costa-rica\/\" \/>\n<meta property=\"og:site_name\" content=\"Uni\u00f3n Esp\u00edrita\" \/>\n<meta property=\"article:publisher\" content=\"https:\/\/www.facebook.com\/groups\/3431398063740829\" \/>\n<meta property=\"article:modified_time\" content=\"2024-10-18T08:33:40+00:00\" \/>\n<meta property=\"og:image\" content=\"https:\/\/nuevo-renacer.com\/wp-content\/uploads\/2024\/10\/costa-rica.png\" \/>\n\t<meta property=\"og:image:width\" content=\"220\" \/>\n\t<meta property=\"og:image:height\" content=\"132\" \/>\n\t<meta property=\"og:image:type\" content=\"image\/png\" \/>\n<meta name=\"twitter:card\" content=\"summary_large_image\" \/>\n<meta name=\"twitter:label1\" content=\"Tahmini okuma s\u00fcresi\" \/>\n\t<meta name=\"twitter:data1\" content=\"3 dakika\" \/>\n<script type=\"application\/ld+json\" class=\"yoast-schema-graph\">{\"@context\":\"https:\/\/schema.org\",\"@graph\":[{\"@type\":\"WebPage\",\"@id\":\"https:\/\/nuevo-renacer.com\/historia-del-espiritismo-en-costa-rica\/\",\"url\":\"https:\/\/nuevo-renacer.com\/historia-del-espiritismo-en-costa-rica\/\",\"name\":\"Historia del espiritismo en Costa Rica - Uni\u00f3n Esp\u00edrita\",\"isPartOf\":{\"@id\":\"https:\/\/nuevo-renacer.com\/#website\"},\"primaryImageOfPage\":{\"@id\":\"https:\/\/nuevo-renacer.com\/historia-del-espiritismo-en-costa-rica\/#primaryimage\"},\"image\":{\"@id\":\"https:\/\/nuevo-renacer.com\/historia-del-espiritismo-en-costa-rica\/#primaryimage\"},\"thumbnailUrl\":\"https:\/\/nuevo-renacer.com\/wp-content\/uploads\/2024\/10\/costa-rica.png\",\"datePublished\":\"2024-10-18T08:28:49+00:00\",\"dateModified\":\"2024-10-18T08:33:40+00:00\",\"breadcrumb\":{\"@id\":\"https:\/\/nuevo-renacer.com\/historia-del-espiritismo-en-costa-rica\/#breadcrumb\"},\"inLanguage\":\"tr\",\"potentialAction\":[{\"@type\":\"ReadAction\",\"target\":[\"https:\/\/nuevo-renacer.com\/historia-del-espiritismo-en-costa-rica\/\"]}]},{\"@type\":\"ImageObject\",\"inLanguage\":\"tr\",\"@id\":\"https:\/\/nuevo-renacer.com\/historia-del-espiritismo-en-costa-rica\/#primaryimage\",\"url\":\"https:\/\/nuevo-renacer.com\/wp-content\/uploads\/2024\/10\/costa-rica.png\",\"contentUrl\":\"https:\/\/nuevo-renacer.com\/wp-content\/uploads\/2024\/10\/costa-rica.png\"},{\"@type\":\"BreadcrumbList\",\"@id\":\"https:\/\/nuevo-renacer.com\/historia-del-espiritismo-en-costa-rica\/#breadcrumb\",\"itemListElement\":[{\"@type\":\"ListItem\",\"position\":1,\"name\":\"Startseite\",\"item\":\"https:\/\/nuevo-renacer.com\/\"},{\"@type\":\"ListItem\",\"position\":2,\"name\":\"Historia del espiritismo en Costa Rica\"}]},{\"@type\":\"WebSite\",\"@id\":\"https:\/\/nuevo-renacer.com\/#website\",\"url\":\"https:\/\/nuevo-renacer.com\/\",\"name\":\"Uni\u00f3n Esp\u00edrita\",\"description\":\"Nuevo Renacer\",\"publisher\":{\"@id\":\"https:\/\/nuevo-renacer.com\/#organization\"},\"potentialAction\":[{\"@type\":\"SearchAction\",\"target\":{\"@type\":\"EntryPoint\",\"urlTemplate\":\"https:\/\/nuevo-renacer.com\/?s={search_term_string}\"},\"query-input\":{\"@type\":\"PropertyValueSpecification\",\"valueRequired\":true,\"valueName\":\"search_term_string\"}}],\"inLanguage\":\"tr\"},{\"@type\":\"Organization\",\"@id\":\"https:\/\/nuevo-renacer.com\/#organization\",\"name\":\"UFEC\",\"url\":\"https:\/\/nuevo-renacer.com\/\",\"logo\":{\"@type\":\"ImageObject\",\"inLanguage\":\"tr\",\"@id\":\"https:\/\/nuevo-renacer.com\/#\/schema\/logo\/image\/\",\"url\":\"https:\/\/nuevo-renacer.com\/wp-content\/uploads\/2024\/05\/cropped-LOGO-TERMINADO1-3-3.png\",\"contentUrl\":\"https:\/\/nuevo-renacer.com\/wp-content\/uploads\/2024\/05\/cropped-LOGO-TERMINADO1-3-3.png\",\"width\":512,\"height\":512,\"caption\":\"UFEC\"},\"image\":{\"@id\":\"https:\/\/nuevo-renacer.com\/#\/schema\/logo\/image\/\"},\"sameAs\":[\"https:\/\/www.facebook.com\/groups\/3431398063740829\"]}]}<\/script>\n<!-- \/ Yoast SEO Premium plugin. -->","yoast_head_json":{"title":"Historia del espiritismo en Costa Rica - Uni\u00f3n Esp\u00edrita","robots":{"index":"index","follow":"follow","max-snippet":"max-snippet:-1","max-image-preview":"max-image-preview:large","max-video-preview":"max-video-preview:-1"},"canonical":"https:\/\/nuevo-renacer.com\/tr\/historia-del-espiritismo-en-costa-rica\/","og_locale":"tr_TR","og_type":"article","og_title":"Historia del espiritismo en Costa Rica","og_description":"Historia del espiritismo en Costa Rica Desde 1874 ya el vicario Domingo Rivas alertaba desde el p\u00falpito contra la circulaci\u00f3n de literatura espiritista de Allan Kardec en el pa\u00eds. Aunque se desconoce el inicio exacto del espiritismo en Costa Rica ya desde 1896 existe al menos un c\u00edrculo ocultista que publica la revista Grano de [&hellip;]","og_url":"https:\/\/nuevo-renacer.com\/tr\/historia-del-espiritismo-en-costa-rica\/","og_site_name":"Uni\u00f3n Esp\u00edrita","article_publisher":"https:\/\/www.facebook.com\/groups\/3431398063740829","article_modified_time":"2024-10-18T08:33:40+00:00","og_image":[{"width":220,"height":132,"url":"https:\/\/nuevo-renacer.com\/wp-content\/uploads\/2024\/10\/costa-rica.png","type":"image\/png"}],"twitter_card":"summary_large_image","twitter_misc":{"Tahmini okuma s\u00fcresi":"3 dakika"},"schema":{"@context":"https:\/\/schema.org","@graph":[{"@type":"WebPage","@id":"https:\/\/nuevo-renacer.com\/historia-del-espiritismo-en-costa-rica\/","url":"https:\/\/nuevo-renacer.com\/historia-del-espiritismo-en-costa-rica\/","name":"Historia del espiritismo en Costa Rica - Uni\u00f3n Esp\u00edrita","isPartOf":{"@id":"https:\/\/nuevo-renacer.com\/#website"},"primaryImageOfPage":{"@id":"https:\/\/nuevo-renacer.com\/historia-del-espiritismo-en-costa-rica\/#primaryimage"},"image":{"@id":"https:\/\/nuevo-renacer.com\/historia-del-espiritismo-en-costa-rica\/#primaryimage"},"thumbnailUrl":"https:\/\/nuevo-renacer.com\/wp-content\/uploads\/2024\/10\/costa-rica.png","datePublished":"2024-10-18T08:28:49+00:00","dateModified":"2024-10-18T08:33:40+00:00","breadcrumb":{"@id":"https:\/\/nuevo-renacer.com\/historia-del-espiritismo-en-costa-rica\/#breadcrumb"},"inLanguage":"tr","potentialAction":[{"@type":"ReadAction","target":["https:\/\/nuevo-renacer.com\/historia-del-espiritismo-en-costa-rica\/"]}]},{"@type":"ImageObject","inLanguage":"tr","@id":"https:\/\/nuevo-renacer.com\/historia-del-espiritismo-en-costa-rica\/#primaryimage","url":"https:\/\/nuevo-renacer.com\/wp-content\/uploads\/2024\/10\/costa-rica.png","contentUrl":"https:\/\/nuevo-renacer.com\/wp-content\/uploads\/2024\/10\/costa-rica.png"},{"@type":"BreadcrumbList","@id":"https:\/\/nuevo-renacer.com\/historia-del-espiritismo-en-costa-rica\/#breadcrumb","itemListElement":[{"@type":"ListItem","position":1,"name":"Startseite","item":"https:\/\/nuevo-renacer.com\/"},{"@type":"ListItem","position":2,"name":"Historia del espiritismo en Costa Rica"}]},{"@type":"WebSite","@id":"https:\/\/nuevo-renacer.com\/#website","url":"https:\/\/nuevo-renacer.com\/","name":"Uni\u00f3n Esp\u00edrita","description":"Nuevo Renacer","publisher":{"@id":"https:\/\/nuevo-renacer.com\/#organization"},"potentialAction":[{"@type":"SearchAction","target":{"@type":"EntryPoint","urlTemplate":"https:\/\/nuevo-renacer.com\/?s={search_term_string}"},"query-input":{"@type":"PropertyValueSpecification","valueRequired":true,"valueName":"search_term_string"}}],"inLanguage":"tr"},{"@type":"Organization","@id":"https:\/\/nuevo-renacer.com\/#organization","name":"UFEC","url":"https:\/\/nuevo-renacer.com\/","logo":{"@type":"ImageObject","inLanguage":"tr","@id":"https:\/\/nuevo-renacer.com\/#\/schema\/logo\/image\/","url":"https:\/\/nuevo-renacer.com\/wp-content\/uploads\/2024\/05\/cropped-LOGO-TERMINADO1-3-3.png","contentUrl":"https:\/\/nuevo-renacer.com\/wp-content\/uploads\/2024\/05\/cropped-LOGO-TERMINADO1-3-3.png","width":512,"height":512,"caption":"UFEC"},"image":{"@id":"https:\/\/nuevo-renacer.com\/#\/schema\/logo\/image\/"},"sameAs":["https:\/\/www.facebook.com\/groups\/3431398063740829"]}]}},"uagb_featured_image_src":{"full":false,"thumbnail":false,"medium":false,"medium_large":false,"large":false,"1536x1536":false,"2048x2048":false,"trp-custom-language-flag":false},"uagb_author_info":{"display_name":"adbv0","author_link":"https:\/\/nuevo-renacer.com\/tr\/author\/adbv0\/"},"uagb_comment_info":0,"uagb_excerpt":"Historia del espiritismo en Costa Rica Desde 1874 ya el vicario Domingo Rivas alertaba desde el p\u00falpito contra la circulaci\u00f3n de literatura espiritista de Allan Kardec en el pa\u00eds. Aunque se desconoce el inicio exacto del espiritismo en Costa Rica ya desde 1896 existe al menos un c\u00edrculo ocultista que publica la revista Grano de&hellip;","jetpack_sharing_enabled":true,"_links":{"self":[{"href":"https:\/\/nuevo-renacer.com\/tr\/wp-json\/wp\/v2\/pages\/5641","targetHints":{"allow":["GET"]}}],"collection":[{"href":"https:\/\/nuevo-renacer.com\/tr\/wp-json\/wp\/v2\/pages"}],"about":[{"href":"https:\/\/nuevo-renacer.com\/tr\/wp-json\/wp\/v2\/types\/page"}],"author":[{"embeddable":true,"href":"https:\/\/nuevo-renacer.com\/tr\/wp-json\/wp\/v2\/users\/1"}],"replies":[{"embeddable":true,"href":"https:\/\/nuevo-renacer.com\/tr\/wp-json\/wp\/v2\/comments?post=5641"}],"version-history":[{"count":2,"href":"https:\/\/nuevo-renacer.com\/tr\/wp-json\/wp\/v2\/pages\/5641\/revisions"}],"predecessor-version":[{"id":5647,"href":"https:\/\/nuevo-renacer.com\/tr\/wp-json\/wp\/v2\/pages\/5641\/revisions\/5647"}],"wp:attachment":[{"href":"https:\/\/nuevo-renacer.com\/tr\/wp-json\/wp\/v2\/media?parent=5641"}],"curies":[{"name":"wp","href":"https:\/\/api.w.org\/{rel}","templated":true}]}}