{"id":5551,"date":"2024-10-16T08:39:51","date_gmt":"2024-10-16T08:39:51","guid":{"rendered":"https:\/\/nuevo-renacer.com\/?page_id=5551"},"modified":"2024-10-16T08:40:18","modified_gmt":"2024-10-16T08:40:18","slug":"persona-en-la-vision-espirita","status":"publish","type":"page","link":"https:\/\/nuevo-renacer.com\/tr\/persona-en-la-vision-espirita\/","title":{"rendered":"Ki\u015fi, vizyondaki ruh\u00e7u"},"content":{"rendered":"<div class=\"wp-block-uagb-container uagb-block-6e2ebd6b alignfull uagb-is-root-container\"><div class=\"uagb-container-inner-blocks-wrap\">\n<p class=\"has-black-color has-text-color has-link-color has-medium-font-size wp-elements-467495193464e5000764280b0a9f67df\"><strong>Ki\u015fi, vizyondaki ruh\u00e7u<\/strong><\/p>\n<\/div><\/div>\n\n\n\n<div class=\"wp-block-uagb-container uagb-block-5f69a20b alignfull uagb-is-root-container\"><div class=\"uagb-container-inner-blocks-wrap\">\n<figure class=\"wp-block-image size-full is-resized\"><img fetchpriority=\"high\" decoding=\"async\" width=\"600\" height=\"381\" src=\"https:\/\/nuevo-renacer.com\/wp-content\/uploads\/2024\/10\/o-corpo-humano-formado-por-uma-grande-quantidade-celulas-5c10f318927de.webp\" alt=\"\" class=\"wp-image-5552\" style=\"width:406px;height:auto\" srcset=\"https:\/\/nuevo-renacer.com\/wp-content\/uploads\/2024\/10\/o-corpo-humano-formado-por-uma-grande-quantidade-celulas-5c10f318927de.webp 600w, https:\/\/nuevo-renacer.com\/wp-content\/uploads\/2024\/10\/o-corpo-humano-formado-por-uma-grande-quantidade-celulas-5c10f318927de-300x191.webp 300w, https:\/\/nuevo-renacer.com\/wp-content\/uploads\/2024\/10\/o-corpo-humano-formado-por-uma-grande-quantidade-celulas-5c10f318927de-18x12.webp 18w\" sizes=\"(max-width: 600px) 100vw, 600px\" \/><\/figure>\n<\/div><\/div>\n\n\n\n<div class=\"wp-block-uagb-container uagb-block-71c82204 alignfull uagb-is-root-container\"><div class=\"uagb-container-inner-blocks-wrap\">\n<p class=\"has-black-color has-text-color has-link-color has-small-font-size wp-elements-8845a4ab5f40ccd96e808146abc6e31b\">Spiritist Doktrin i\u00e7in, insan\u0131n de\u011feri ya\u015fam\u0131n k\u00f6keninde yer al\u0131r, \u00e7\u00fcnk\u00fc bu ancak bizi B\u00fcy\u00fck Planlay\u0131c\u0131ya g\u00f6t\u00fcren ve onu iyi verilmi\u015f ve devredilemez olarak g\u00f6ren Ak\u0131ll\u0131 Planlama ile a\u00e7\u0131klanabilir.<\/p>\n\n\n\n<p class=\"has-black-color has-text-color has-link-color has-small-font-size wp-elements-4a71be0b845b3d06abf97ba05a9fde0b\">Bug\u00fcn, Ya\u015fam Bilimlerindeki t\u00fcm ilerlemeler gibi, ara\u015ft\u0131rmac\u0131lar da laboratuvarda hi\u00e7bir zaman ya\u015fam yaratmad\u0131lar ve atomlar\u0131n insana d\u00f6n\u00fc\u015fme \u015fans\u0131 oldu\u011fu i\u00e7in, bilim insan\u0131n\u0131n ke\u015ffetmesi \u00e7ok zor olacak kadar ustaca \u015fekillerde a\u00e7\u0131klayam\u0131yorlar.<\/p>\n\n\n\n<p class=\"has-black-color has-text-color has-link-color has-small-font-size wp-elements-dd3c3af9fda90eba3a52067f27aefbf6\">Yap\u0131lar\u0131n i\u015fleyi\u015fini, \u00f6rne\u011fin insan g\u00f6z\u00fc gibi sofistike ve kan\u0131n p\u0131ht\u0131la\u015fmas\u0131n\u0131, tesad\u00fcfi \u00e7al\u0131\u015fmalarla topland\u0131\u011f\u0131 gibi ad\u0131m ad\u0131m g\u00f6stererek a\u00e7\u0131klamak \u00e7ok zordur. kimyasallar, m\u00fckemmel bir uyum i\u00e7inde, daha karma\u015f\u0131k biyokimyasal reaksiyonlarda kat\u0131ld\u0131klar\u0131. Ayn\u0131 \u015fekilde, ola\u011fan\u00fcst\u00fc h\u00fccresel mekanizman\u0131n kayna\u011f\u0131 da dahil olmak \u00fczere, Bilim taraf\u0131ndan hen\u00fcz verilmemi\u015f olan di\u011fer t\u00fcm cevaplar\u0131 hat\u0131rlamak gerekir.<\/p>\n\n\n\n<p class=\"has-black-color has-text-color has-link-color has-small-font-size wp-elements-4f794e7d0bdbc2c1350650ccc1647e5a\">Bug\u00fcn, verilen ve vazge\u00e7ilmez olan ya\u015fam lehine arg\u00fcmanlar, Bilimin kendisinden geliyor. Bu nedenle Ya\u015fam\u0131n kutsall\u0131\u011f\u0131 manevi ilkeden kaynaklan\u0131r. \u0130lahi ve \u00f6l\u00fcms\u00fcz yaratarak, kristallerde biyogenezi ba\u015flat\u0131r, bireyselle\u015ftirir, her yeni varolu\u015fta, \u00f6l\u00e7ek boyunca filogenetik, sonunda envergar&#039;a kadar, insan v\u00fccudu, makine fantastik, onun taraf\u0131ndan Cinlerin yard\u0131m\u0131yla in\u015fa edildi. in\u015faat\u00e7\u0131lar.<\/p>\n\n\n\n<p class=\"has-black-color has-text-color has-link-color has-small-font-size wp-elements-1edf8bd5d763556bec41a7a5a5cb83f2\">Bu \u00e7ok daha geni\u015f vizyon ve genel \u0130nsan Varl\u0131\u011f\u0131yla, onu canland\u0131ran Ruhun, o zamana kadar ta\u015flanarak \u00f6ld\u00fcr\u00fcld\u00fc\u011f\u00fc gibi yarat\u0131lmad\u0131\u011f\u0131, dolay\u0131s\u0131yla gebe kalma an\u0131nda Ruhun yeni bir ya\u015fam projesi ba\u015flatmak amac\u0131yla yeni bedenle ba\u011flant\u0131l\u0131 oldu\u011fu anla\u015f\u0131lmaktad\u0131r.<\/p>\n\n\n\n<p class=\"has-black-color has-text-color has-link-color has-small-font-size wp-elements-1213b1896bbea4356eaf44d281a757d5\">Ruhsal bilgilere g\u00f6re, her zaman zigot veya embriyonun ba\u015flang\u0131c\u0131, olu\u015fumlar\u0131na ba\u015fkanl\u0131k eden bir Ruha sahip de\u011fildir, \u00e7\u00fcnk\u00fc yumurta ve sperm, ruhun varl\u0131\u011f\u0131 olmadan yaln\u0131zca manyetik d\u00fcrt\u00fclerle kat\u0131labilir.biyolojik. Bu durumda, embriyonun ekarte edilmesindeki sorumlulu\u011funun do\u011fas\u0131, insan\u0131n a\u015f\u0131r\u0131 m\u00fcdahalesine gerek kalmadan hatal\u0131 bi\u00e7imlendirilmi\u015ftir.<\/p>\n\n\n\n<p class=\"has-black-color has-text-color has-link-color has-small-font-size wp-elements-9d9adf1fb5e66e7748257fdf7e0a7190\">Laboratuvarda yap\u0131lan bir embriyo oldu\u011funda dikkatli olmak gerekir, \u00e7\u00fcnk\u00fc baz\u0131 filament periespirit\u00fcel ona kat\u0131labilme olas\u0131l\u0131\u011f\u0131 vard\u0131r. Bu durumda, ara\u015ft\u0131rmac\u0131lar esp\u00edritas&#039;\u0131n hala var olmayan daha sofistike bir teknoloji geli\u015ftirmesi gerekiyor, b\u00f6ylece bunun olup olmad\u0131\u011f\u0131n\u0131 biliyorsunuz ve bu \u015fekilde taahh\u00fct edilmeyen embriyolar \u00fczerinde \u00e7al\u0131\u015fabilirsiniz. Onsuz, herhangi bir m\u00fcdahale i\u00e7in zordur.<\/p>\n\n\n\n<p class=\"has-black-color has-text-color has-link-color has-small-font-size wp-elements-29fe312674ecefc8e51e7f8fd692702f\">Bununla birlikte, hamilelikte bir fet\u00fcs veya insan v\u00fccudu varsa, onlar\u0131n e\u011fitiminden sorumlu bir Ruh vard\u0131r ve t\u00fcm haklar\u0131n\u0131z korunmal\u0131d\u0131r. Bu nedenle kural m\u00fcdahale etmemektir.<\/p>\n\n\n\n<p class=\"has-black-color has-text-color has-link-color has-small-font-size wp-elements-31436db539a283e3a928e0e5a898ba7f\">Hem \u0130ncelikli hem de Ruhu Saran fiziksel bedenin iyi tan\u0131mlanm\u0131\u015f bir rol\u00fc vard\u0131r, onu olu\u015fturan t\u00fcm unsurlar\u0131yla \u00f6l\u00fcms\u00fcz \u00f6z bak\u0131ma ba\u011fl\u0131d\u0131r. Her Ruh kendi evriminden sorumludur. \u00dcstat \u0130sa, t\u00fcm insanl\u0131\u011fa yolu g\u00f6sterdi, evrensel sevginin derslerini ya\u015famak ve \u00f6rneklemek, g\u00fcnl\u00fck ya\u015fam\u0131n\u0131zda hay\u0131r ve dayan\u0131\u015fma ilkelerini ya\u015famak her bireye kalm\u0131\u015ft\u0131r.<\/p>\n\n\n\n<p class=\"has-black-color has-text-color has-link-color has-small-font-size wp-elements-69a566391dad5bc9522231c028aa33af\">G\u00f6rd\u00fc\u011f\u00fcm\u00fcz her \u015feye ra\u011fmen, Spiritist Doktrin i\u00e7in ki\u015fi, s\u00fcrekli olarak \u00f6\u011frenmek ve geli\u015fmek i\u00e7in fiziksel bedene ihtiya\u00e7 duyan, ilahi k\u00f6kenli \u00f6l\u00fcms\u00fcz bir unsur olan ruhun varl\u0131\u011f\u0131yla bah\u015fedilen, ontolojik, i\u00e7sel bir haysiyete sahiptir.ilerleme.<\/p>\n\n\n\n<p class=\"has-black-color has-text-color has-link-color has-small-font-size wp-elements-9e62b9fd6d2db5fa88a216f24801c5b0\">Varl\u0131\u011f\u0131n bilin\u00e7li olup olmamas\u0131 \u00f6nemli de\u011fildir; Komada olan bir fet\u00fcs veya hasta bir ki\u015fiyse, o bir ki\u015fidir ve bu nedenle \u00f6z\u00fcnde olmas\u0131 i\u00e7in sayg\u0131 duyulmas\u0131 gerekir. Bu nedenle kabul edilemezler, k\u00fcrtaj, \u00e7ocuk \u00f6ld\u00fcrme, embriyolar\u0131n kendi ama\u00e7lar\u0131 i\u00e7in manip\u00fclasyonu \u00f6jenikos, \u00f6tenazi vb<\/p>\n\n\n\n<p class=\"has-black-color has-text-color has-link-color has-small-font-size wp-elements-39d803aac6bef7ad9e4113b154076148\">Son tahlilde Hayat iyidir, \u00f6d\u00fcllendirilir vb. Ve bu ger\u00e7e\u011fin, Bilimin kendisinde idame ettirilmesi vard\u0131r ve bu nedenle, insan\u0131n etik davran\u0131\u015f\u0131na rehberlik ederek tan\u0131nmas\u0131 gerekir.<\/p>\n<\/div><\/div>\n\n\n\n<div class=\"wp-block-uagb-container uagb-block-925ef7bb alignfull uagb-is-root-container\"><div class=\"uagb-container-inner-blocks-wrap\"><\/div><\/div>\n\n\n\n<div class=\"wp-block-uagb-container uagb-block-812b4f54 alignfull uagb-is-root-container\"><div class=\"uagb-container-inner-blocks-wrap\"><\/div><\/div>","protected":false},"excerpt":{"rendered":"<p>Persona, en la visi\u00f3n esp\u00edrita Para la Doctrina Esp\u00edrita, el valor de la persona humana est\u00e1 enclavado en el propio origen de la vida, porque \u00e9sta s\u00f3lo puede ser explicada a trav\u00e9s de la Planificaci\u00f3n Inteligente, que nos lleva al Gran Planificador y a considerarla como un bien otorgado e indisponible. Hoy, como todos los [&hellip;]<\/p>","protected":false},"author":1,"featured_media":0,"parent":0,"menu_order":0,"comment_status":"closed","ping_status":"closed","template":"","meta":{"_uag_custom_page_level_css":"","site-sidebar-layout":"default","site-content-layout":"","ast-site-content-layout":"default","site-content-style":"default","site-sidebar-style":"default","ast-global-header-display":"","ast-banner-title-visibility":"","ast-main-header-display":"","ast-hfb-above-header-display":"","ast-hfb-below-header-display":"","ast-hfb-mobile-header-display":"","site-post-title":"disabled","ast-breadcrumbs-content":"","ast-featured-img":"","footer-sml-layout":"","theme-transparent-header-meta":"","adv-header-id-meta":"","stick-header-meta":"","header-above-stick-meta":"","header-main-stick-meta":"","header-below-stick-meta":"","astra-migrate-meta-layouts":"set","ast-page-background-enabled":"default","ast-page-background-meta":{"desktop":{"background-color":"var(--ast-global-color-4)","background-image":"","background-repeat":"repeat","background-position":"center center","background-size":"auto","background-attachment":"scroll","background-type":"","background-media":"","overlay-type":"","overlay-color":"","overlay-opacity":"","overlay-gradient":""},"tablet":{"background-color":"","background-image":"","background-repeat":"repeat","background-position":"center center","background-size":"auto","background-attachment":"scroll","background-type":"","background-media":"","overlay-type":"","overlay-color":"","overlay-opacity":"","overlay-gradient":""},"mobile":{"background-color":"","background-image":"","background-repeat":"repeat","background-position":"center center","background-size":"auto","background-attachment":"scroll","background-type":"","background-media":"","overlay-type":"","overlay-color":"","overlay-opacity":"","overlay-gradient":""}},"ast-content-background-meta":{"desktop":{"background-color":"var(--ast-global-color-5)","background-image":"","background-repeat":"repeat","background-position":"center center","background-size":"auto","background-attachment":"scroll","background-type":"","background-media":"","overlay-type":"","overlay-color":"","overlay-opacity":"","overlay-gradient":""},"tablet":{"background-color":"var(--ast-global-color-5)","background-image":"","background-repeat":"repeat","background-position":"center center","background-size":"auto","background-attachment":"scroll","background-type":"","background-media":"","overlay-type":"","overlay-color":"","overlay-opacity":"","overlay-gradient":""},"mobile":{"background-color":"var(--ast-global-color-5)","background-image":"","background-repeat":"repeat","background-position":"center center","background-size":"auto","background-attachment":"scroll","background-type":"","background-media":"","overlay-type":"","overlay-color":"","overlay-opacity":"","overlay-gradient":""}},"footnotes":""},"class_list":["post-5551","page","type-page","status-publish","hentry"],"yoast_head":"<!-- This site is optimized with the Yoast SEO Premium plugin v24.2 (Yoast SEO v24.6) - https:\/\/yoast.com\/wordpress\/plugins\/seo\/ -->\n<title>Persona, en la visi\u00f3n esp\u00edrita - Uni\u00f3n Esp\u00edrita<\/title>\n<meta name=\"robots\" content=\"index, follow, max-snippet:-1, max-image-preview:large, max-video-preview:-1\" \/>\n<link rel=\"canonical\" href=\"https:\/\/nuevo-renacer.com\/tr\/persona-en-la-vision-espirita\/\" \/>\n<meta property=\"og:locale\" content=\"tr_TR\" \/>\n<meta property=\"og:type\" content=\"article\" \/>\n<meta property=\"og:title\" content=\"Persona, en la visi\u00f3n esp\u00edrita\" \/>\n<meta property=\"og:description\" content=\"Persona, en la visi\u00f3n esp\u00edrita Para la Doctrina Esp\u00edrita, el valor de la persona humana est\u00e1 enclavado en el propio origen de la vida, porque \u00e9sta s\u00f3lo puede ser explicada a trav\u00e9s de la Planificaci\u00f3n Inteligente, que nos lleva al Gran Planificador y a considerarla como un bien otorgado e indisponible. Hoy, como todos los [&hellip;]\" \/>\n<meta property=\"og:url\" content=\"https:\/\/nuevo-renacer.com\/tr\/persona-en-la-vision-espirita\/\" \/>\n<meta property=\"og:site_name\" content=\"Uni\u00f3n Esp\u00edrita\" \/>\n<meta property=\"article:publisher\" content=\"https:\/\/www.facebook.com\/groups\/3431398063740829\" \/>\n<meta property=\"article:modified_time\" content=\"2024-10-16T08:40:18+00:00\" \/>\n<meta property=\"og:image\" content=\"https:\/\/nuevo-renacer.com\/wp-content\/uploads\/2024\/10\/o-corpo-humano-formado-por-uma-grande-quantidade-celulas-5c10f318927de.webp\" \/>\n<meta name=\"twitter:card\" content=\"summary_large_image\" \/>\n<meta name=\"twitter:label1\" content=\"Tahmini okuma s\u00fcresi\" \/>\n\t<meta name=\"twitter:data1\" content=\"4 dakika\" \/>\n<script type=\"application\/ld+json\" class=\"yoast-schema-graph\">{\"@context\":\"https:\/\/schema.org\",\"@graph\":[{\"@type\":\"WebPage\",\"@id\":\"https:\/\/nuevo-renacer.com\/persona-en-la-vision-espirita\/\",\"url\":\"https:\/\/nuevo-renacer.com\/persona-en-la-vision-espirita\/\",\"name\":\"Persona, en la visi\u00f3n esp\u00edrita - Uni\u00f3n Esp\u00edrita\",\"isPartOf\":{\"@id\":\"https:\/\/nuevo-renacer.com\/#website\"},\"primaryImageOfPage\":{\"@id\":\"https:\/\/nuevo-renacer.com\/persona-en-la-vision-espirita\/#primaryimage\"},\"image\":{\"@id\":\"https:\/\/nuevo-renacer.com\/persona-en-la-vision-espirita\/#primaryimage\"},\"thumbnailUrl\":\"https:\/\/nuevo-renacer.com\/wp-content\/uploads\/2024\/10\/o-corpo-humano-formado-por-uma-grande-quantidade-celulas-5c10f318927de.webp\",\"datePublished\":\"2024-10-16T08:39:51+00:00\",\"dateModified\":\"2024-10-16T08:40:18+00:00\",\"breadcrumb\":{\"@id\":\"https:\/\/nuevo-renacer.com\/persona-en-la-vision-espirita\/#breadcrumb\"},\"inLanguage\":\"tr\",\"potentialAction\":[{\"@type\":\"ReadAction\",\"target\":[\"https:\/\/nuevo-renacer.com\/persona-en-la-vision-espirita\/\"]}]},{\"@type\":\"ImageObject\",\"inLanguage\":\"tr\",\"@id\":\"https:\/\/nuevo-renacer.com\/persona-en-la-vision-espirita\/#primaryimage\",\"url\":\"https:\/\/nuevo-renacer.com\/wp-content\/uploads\/2024\/10\/o-corpo-humano-formado-por-uma-grande-quantidade-celulas-5c10f318927de.webp\",\"contentUrl\":\"https:\/\/nuevo-renacer.com\/wp-content\/uploads\/2024\/10\/o-corpo-humano-formado-por-uma-grande-quantidade-celulas-5c10f318927de.webp\"},{\"@type\":\"BreadcrumbList\",\"@id\":\"https:\/\/nuevo-renacer.com\/persona-en-la-vision-espirita\/#breadcrumb\",\"itemListElement\":[{\"@type\":\"ListItem\",\"position\":1,\"name\":\"Startseite\",\"item\":\"https:\/\/nuevo-renacer.com\/\"},{\"@type\":\"ListItem\",\"position\":2,\"name\":\"Persona, en la visi\u00f3n esp\u00edrita\"}]},{\"@type\":\"WebSite\",\"@id\":\"https:\/\/nuevo-renacer.com\/#website\",\"url\":\"https:\/\/nuevo-renacer.com\/\",\"name\":\"Uni\u00f3n Esp\u00edrita\",\"description\":\"Nuevo Renacer\",\"publisher\":{\"@id\":\"https:\/\/nuevo-renacer.com\/#organization\"},\"potentialAction\":[{\"@type\":\"SearchAction\",\"target\":{\"@type\":\"EntryPoint\",\"urlTemplate\":\"https:\/\/nuevo-renacer.com\/?s={search_term_string}\"},\"query-input\":{\"@type\":\"PropertyValueSpecification\",\"valueRequired\":true,\"valueName\":\"search_term_string\"}}],\"inLanguage\":\"tr\"},{\"@type\":\"Organization\",\"@id\":\"https:\/\/nuevo-renacer.com\/#organization\",\"name\":\"UFEC\",\"url\":\"https:\/\/nuevo-renacer.com\/\",\"logo\":{\"@type\":\"ImageObject\",\"inLanguage\":\"tr\",\"@id\":\"https:\/\/nuevo-renacer.com\/#\/schema\/logo\/image\/\",\"url\":\"https:\/\/nuevo-renacer.com\/wp-content\/uploads\/2024\/05\/cropped-LOGO-TERMINADO1-3-3.png\",\"contentUrl\":\"https:\/\/nuevo-renacer.com\/wp-content\/uploads\/2024\/05\/cropped-LOGO-TERMINADO1-3-3.png\",\"width\":512,\"height\":512,\"caption\":\"UFEC\"},\"image\":{\"@id\":\"https:\/\/nuevo-renacer.com\/#\/schema\/logo\/image\/\"},\"sameAs\":[\"https:\/\/www.facebook.com\/groups\/3431398063740829\"]}]}<\/script>\n<!-- \/ Yoast SEO Premium plugin. -->","yoast_head_json":{"title":"Persona, en la visi\u00f3n esp\u00edrita - Uni\u00f3n Esp\u00edrita","robots":{"index":"index","follow":"follow","max-snippet":"max-snippet:-1","max-image-preview":"max-image-preview:large","max-video-preview":"max-video-preview:-1"},"canonical":"https:\/\/nuevo-renacer.com\/tr\/persona-en-la-vision-espirita\/","og_locale":"tr_TR","og_type":"article","og_title":"Persona, en la visi\u00f3n esp\u00edrita","og_description":"Persona, en la visi\u00f3n esp\u00edrita Para la Doctrina Esp\u00edrita, el valor de la persona humana est\u00e1 enclavado en el propio origen de la vida, porque \u00e9sta s\u00f3lo puede ser explicada a trav\u00e9s de la Planificaci\u00f3n Inteligente, que nos lleva al Gran Planificador y a considerarla como un bien otorgado e indisponible. Hoy, como todos los [&hellip;]","og_url":"https:\/\/nuevo-renacer.com\/tr\/persona-en-la-vision-espirita\/","og_site_name":"Uni\u00f3n Esp\u00edrita","article_publisher":"https:\/\/www.facebook.com\/groups\/3431398063740829","article_modified_time":"2024-10-16T08:40:18+00:00","og_image":[{"url":"https:\/\/nuevo-renacer.com\/wp-content\/uploads\/2024\/10\/o-corpo-humano-formado-por-uma-grande-quantidade-celulas-5c10f318927de.webp","type":"","width":"","height":""}],"twitter_card":"summary_large_image","twitter_misc":{"Tahmini okuma s\u00fcresi":"4 dakika"},"schema":{"@context":"https:\/\/schema.org","@graph":[{"@type":"WebPage","@id":"https:\/\/nuevo-renacer.com\/persona-en-la-vision-espirita\/","url":"https:\/\/nuevo-renacer.com\/persona-en-la-vision-espirita\/","name":"Persona, en la visi\u00f3n esp\u00edrita - Uni\u00f3n Esp\u00edrita","isPartOf":{"@id":"https:\/\/nuevo-renacer.com\/#website"},"primaryImageOfPage":{"@id":"https:\/\/nuevo-renacer.com\/persona-en-la-vision-espirita\/#primaryimage"},"image":{"@id":"https:\/\/nuevo-renacer.com\/persona-en-la-vision-espirita\/#primaryimage"},"thumbnailUrl":"https:\/\/nuevo-renacer.com\/wp-content\/uploads\/2024\/10\/o-corpo-humano-formado-por-uma-grande-quantidade-celulas-5c10f318927de.webp","datePublished":"2024-10-16T08:39:51+00:00","dateModified":"2024-10-16T08:40:18+00:00","breadcrumb":{"@id":"https:\/\/nuevo-renacer.com\/persona-en-la-vision-espirita\/#breadcrumb"},"inLanguage":"tr","potentialAction":[{"@type":"ReadAction","target":["https:\/\/nuevo-renacer.com\/persona-en-la-vision-espirita\/"]}]},{"@type":"ImageObject","inLanguage":"tr","@id":"https:\/\/nuevo-renacer.com\/persona-en-la-vision-espirita\/#primaryimage","url":"https:\/\/nuevo-renacer.com\/wp-content\/uploads\/2024\/10\/o-corpo-humano-formado-por-uma-grande-quantidade-celulas-5c10f318927de.webp","contentUrl":"https:\/\/nuevo-renacer.com\/wp-content\/uploads\/2024\/10\/o-corpo-humano-formado-por-uma-grande-quantidade-celulas-5c10f318927de.webp"},{"@type":"BreadcrumbList","@id":"https:\/\/nuevo-renacer.com\/persona-en-la-vision-espirita\/#breadcrumb","itemListElement":[{"@type":"ListItem","position":1,"name":"Startseite","item":"https:\/\/nuevo-renacer.com\/"},{"@type":"ListItem","position":2,"name":"Persona, en la visi\u00f3n esp\u00edrita"}]},{"@type":"WebSite","@id":"https:\/\/nuevo-renacer.com\/#website","url":"https:\/\/nuevo-renacer.com\/","name":"Uni\u00f3n Esp\u00edrita","description":"Nuevo Renacer","publisher":{"@id":"https:\/\/nuevo-renacer.com\/#organization"},"potentialAction":[{"@type":"SearchAction","target":{"@type":"EntryPoint","urlTemplate":"https:\/\/nuevo-renacer.com\/?s={search_term_string}"},"query-input":{"@type":"PropertyValueSpecification","valueRequired":true,"valueName":"search_term_string"}}],"inLanguage":"tr"},{"@type":"Organization","@id":"https:\/\/nuevo-renacer.com\/#organization","name":"UFEC","url":"https:\/\/nuevo-renacer.com\/","logo":{"@type":"ImageObject","inLanguage":"tr","@id":"https:\/\/nuevo-renacer.com\/#\/schema\/logo\/image\/","url":"https:\/\/nuevo-renacer.com\/wp-content\/uploads\/2024\/05\/cropped-LOGO-TERMINADO1-3-3.png","contentUrl":"https:\/\/nuevo-renacer.com\/wp-content\/uploads\/2024\/05\/cropped-LOGO-TERMINADO1-3-3.png","width":512,"height":512,"caption":"UFEC"},"image":{"@id":"https:\/\/nuevo-renacer.com\/#\/schema\/logo\/image\/"},"sameAs":["https:\/\/www.facebook.com\/groups\/3431398063740829"]}]}},"uagb_featured_image_src":{"full":false,"thumbnail":false,"medium":false,"medium_large":false,"large":false,"1536x1536":false,"2048x2048":false,"trp-custom-language-flag":false},"uagb_author_info":{"display_name":"adbv0","author_link":"https:\/\/nuevo-renacer.com\/tr\/author\/adbv0\/"},"uagb_comment_info":0,"uagb_excerpt":"Persona, en la visi\u00f3n esp\u00edrita Para la Doctrina Esp\u00edrita, el valor de la persona humana est\u00e1 enclavado en el propio origen de la vida, porque \u00e9sta s\u00f3lo puede ser explicada a trav\u00e9s de la Planificaci\u00f3n Inteligente, que nos lleva al Gran Planificador y a considerarla como un bien otorgado e indisponible. Hoy, como todos los&hellip;","jetpack_sharing_enabled":true,"_links":{"self":[{"href":"https:\/\/nuevo-renacer.com\/tr\/wp-json\/wp\/v2\/pages\/5551","targetHints":{"allow":["GET"]}}],"collection":[{"href":"https:\/\/nuevo-renacer.com\/tr\/wp-json\/wp\/v2\/pages"}],"about":[{"href":"https:\/\/nuevo-renacer.com\/tr\/wp-json\/wp\/v2\/types\/page"}],"author":[{"embeddable":true,"href":"https:\/\/nuevo-renacer.com\/tr\/wp-json\/wp\/v2\/users\/1"}],"replies":[{"embeddable":true,"href":"https:\/\/nuevo-renacer.com\/tr\/wp-json\/wp\/v2\/comments?post=5551"}],"version-history":[{"count":2,"href":"https:\/\/nuevo-renacer.com\/tr\/wp-json\/wp\/v2\/pages\/5551\/revisions"}],"predecessor-version":[{"id":5554,"href":"https:\/\/nuevo-renacer.com\/tr\/wp-json\/wp\/v2\/pages\/5551\/revisions\/5554"}],"wp:attachment":[{"href":"https:\/\/nuevo-renacer.com\/tr\/wp-json\/wp\/v2\/media?parent=5551"}],"curies":[{"name":"wp","href":"https:\/\/api.w.org\/{rel}","templated":true}]}}