{"id":5510,"date":"2024-10-10T14:56:41","date_gmt":"2024-10-10T14:56:41","guid":{"rendered":"https:\/\/nuevo-renacer.com\/?page_id=5510"},"modified":"2024-10-10T15:03:46","modified_gmt":"2024-10-10T15:03:46","slug":"lo-que-sin-duda-debe-tener-en-cuenta-al-tratar-con-el-espiritismo-y-el-mundo-de-los-espiritus","status":"publish","type":"page","link":"https:\/\/nuevo-renacer.com\/tr\/lo-que-sin-duda-debe-tener-en-cuenta-al-tratar-con-el-espiritismo-y-el-mundo-de-los-espiritus\/","title":{"rendered":"Ruh\u00e7uluk ve ruhlar d\u00fcnyas\u0131 ile u\u011fra\u015f\u0131rken kesinlikle akl\u0131n\u0131zda bulundurman\u0131z gerekenler"},"content":{"rendered":"<div class=\"wp-block-uagb-container uagb-block-16bbbfbd alignfull uagb-is-root-container\"><div class=\"uagb-container-inner-blocks-wrap\">\n<p class=\"has-black-color has-text-color has-link-color has-medium-font-size wp-elements-45984b0aeb6b85ff3b25b9efbb7edad9\"><strong>Ruh\u00e7uluk ve ruhlar d\u00fcnyas\u0131 ile u\u011fra\u015f\u0131rken kesinlikle akl\u0131n\u0131zda bulundurman\u0131z gerekenler<\/strong><\/p>\n<\/div><\/div>\n\n\n\n<div class=\"wp-block-uagb-container uagb-block-8854f81f alignfull uagb-is-root-container\"><div class=\"uagb-container-inner-blocks-wrap\">\n<figure class=\"wp-block-image size-full is-resized\"><img fetchpriority=\"high\" decoding=\"async\" width=\"360\" height=\"540\" src=\"https:\/\/nuevo-renacer.com\/wp-content\/uploads\/2024\/10\/spiritual-awakening-concept_917213-226319.avif\" alt=\"\" class=\"wp-image-5512\" style=\"width:264px;height:auto\"\/><\/figure>\n<\/div><\/div>\n\n\n\n<div class=\"wp-block-uagb-container uagb-block-61fbc7d1 alignfull uagb-is-root-container\"><div class=\"uagb-container-inner-blocks-wrap\">\n<p class=\"has-black-color has-text-color has-link-color has-small-font-size wp-elements-be5ad612c5ab257492633bbd7f70ad41\">Konuya a\u015fina olmayan \u00e7o\u011fu insan i\u00e7in spirit\u00fcalizm ve ruhlar d\u00fcnyas\u0131 do\u011fa\u00fcst\u00fc ve paranormal olan\u0131n alan\u0131na aittir. Bu da tam olarak iki tepkiye yol a\u00e7ar: reddetme ve merak. \u015e\u00fcpheciler ya konuyu daha fazla irdelemeyecek ya da spirit\u00fcalizmin ger\u00e7ekli\u011fine veya ruhlar d\u00fcnyas\u0131n\u0131n varl\u0131\u011f\u0131na kar\u015f\u0131 k\u0131sa ve \u00f6z (yanl\u0131\u015f) arg\u00fcmanlar \u00f6ne s\u00fcreceklerdir. Bu yaz\u0131 bu \u015f\u00fcphecilerle ilgili de\u011fildir. Daha ziyade, a\u015fa\u011f\u0131daki tavsiyeler ruh\u00e7uluk\/ruhlar alemi hakk\u0131nda daha fazla bilgi edinmek isteyen merakl\u0131lara y\u00f6neliktir. Ak\u0131lda tutulmas\u0131 gereken baz\u0131 \u00f6nemli noktalar vard\u0131r.<\/p>\n\n\n\n<p class=\"has-black-color has-text-color has-link-color has-small-font-size wp-elements-8f31854726b7f178b475e1a102a00c4d\"><strong>1. <\/strong>Niyetinizi kontrol edin: Spirit\u00fcalizme dahil olmak istemenizin nedeni nedir? Neden \u00f6l\u00fclerle veya ruhlarla temasa ge\u00e7mek istiyorsunuz? Dikkatlice d\u00fc\u015f\u00fcn\u00fcn ve d\u00fcr\u00fcst olun. E\u011fer t\u00fcm bunlar\u0131 sadece meraktan ya da hevesten, korkutucu atraksiyonlardan ho\u015fland\u0131\u011f\u0131n\u0131z i\u00e7in ya da hatta can s\u0131k\u0131nt\u0131s\u0131ndan yapmak istiyorsan\u0131z ve ciddi bir \u015fekilde \u00e7al\u0131\u015f\u0131p kendinizi ruhsal ve ahlaki a\u00e7\u0131dan geli\u015ftirmek gibi bir arzunuz yoksa, b\u0131rak\u0131n gitsin! Spirit\u00fcalizm, ruhani d\u00fcnya ve her \u015feyden \u00f6nce ruhani varl\u0131klar bize e\u011flence ve keyif veren oyuncaklar de\u011fildir. Tam tersine. E\u011fer konuya gerekli ciddiyet ve dikkatle yakla\u015fmazsan\u0131z, a\u015fa\u011f\u0131 ruhani varl\u0131klar cehaletinizden ve olgunla\u015fmam\u0131\u015fl\u0131\u011f\u0131n\u0131zdan faydalanacak ve sizi kendi oyunca\u011f\u0131 haline getirecektir. Ve bu kesinlikle e\u011flenceli olmayacakt\u0131r.<\/p>\n\n\n\n<p class=\"has-black-color has-text-color has-link-color has-small-font-size wp-elements-06531ba0f0bce99655fe1e78ecedf2bd\"><strong>2.<\/strong> Ruhlar\u0131 ay\u0131rt etmeyi \u00f6\u011frenin: Modern ezoterizmde, ben buna \u201c\u0131\u015f\u0131k ve sevgi\u201d ezoterizmi diyece\u011fim, k\u00f6t\u00fcl\u00fc\u011f\u00fcn ve olumsuz olan her \u015feyin ger\u00e7ekte var olmad\u0131\u011f\u0131na veya bir ill\u00fczyon oldu\u011funa dair yayg\u0131n bir inan\u00e7 vard\u0131r. Dolay\u0131s\u0131yla, ruhani d\u00fcnya yaln\u0131zca \u0131\u015f\u0131k ve sevgiden olu\u015fur. Sonu\u00e7 olarak, t\u00fcm ruhani varl\u0131klar elbette kesinlikle saf ve iyi, mutlu, huzurlu, su\u00e7suz, evrenle bir ve her \u015feyi bilendir. Ancak b\u00f6yle bir inan\u00e7 yaln\u0131zca naif de\u011fil, ayn\u0131 zamanda tehlikelidir de. Olumsuz olan her \u015feyin var olmad\u0131\u011f\u0131na inanarak inatla reddetmek, g\u00f6zlerini kapat\u0131p g\u00f6r\u00fcnmez oldu\u011funa inanmaya benzer \u00e7\u00fcnk\u00fc art\u0131k hi\u00e7bir \u015fey g\u00f6remez. Ancak elbette durum b\u00f6yle de\u011fildir. Dolay\u0131s\u0131yla, ruhlarla temas kurdu\u011funuzda, \u00f6zellikle de yeni ba\u015flayan ve deneyimsiz biriyseniz, son derece dikkatli olun. \u00c7\u00fcnk\u00fc ruhlar\u0131n hepsi iyi de\u011fildir ve hepsinin niyeti de saf de\u011fildir.<\/p>\n\n\n\n<p class=\"has-black-color has-text-color has-link-color has-small-font-size wp-elements-948e570dbdb411b38efc8107cfd5d68d\">Temas kurmaya ba\u015flad\u0131\u011f\u0131n\u0131zda, koruyucu mele\u011finize veya koruyucu ruhunuza dua etmenizi tavsiye ederim. Ondan t\u00fcm d\u00fc\u015f\u00fck ve alayc\u0131 ruhlar\u0131 \u00e7evrenizden uzakla\u015ft\u0131rmas\u0131n\u0131 ve yaln\u0131zca iyi ve y\u00fcksek ruhlar\u0131n sizinle ileti\u015fim kurmas\u0131na izin vermesini isteyin. \u0130leti\u015fim kurulsa bile, ilk emir dikkatli olmakt\u0131r. Neden? Melekler k\u00f6t\u00fc bir i\u015f mi yap\u0131yor? Hay\u0131r, duaya ra\u011fmen, arayan ki\u015fiyi s\u0131namak ya da ona bir ders vermek i\u00e7in daha d\u00fc\u015f\u00fck ruhlar\u0131n ge\u00e7mesine izin verilmi\u015f olabilir. Bu y\u00fczden iyi hat\u0131rlay\u0131n, yan\u0131t veren t\u00fcm ruhlar saf de\u011fildir. Ve belirli bir ki\u015fi oldu\u011funu iddia eden t\u00fcm ruhlar ger\u00e7ekten o ki\u015fi de\u011fildir. \u00d6rne\u011fin, bir kaset kaydetseniz ve eterden sizinle konu\u015fan b\u00fcy\u00fckbaban\u0131z\u0131n, teyzenizin, baban\u0131z\u0131n vb. sesini tan\u0131san\u0131z bile, t\u00fcm ne\u015feye ra\u011fmen \u015f\u00fcpheci kal\u0131n. Konu\u015fma tarzlar\u0131na daha fazla dikkat edin. \u00d6len ki\u015fi de ayn\u0131 \u015fekilde mi c\u00fcmleler kurdu, kelimeleri ayn\u0131 \u015fekilde mi kulland\u0131, belki de ki\u015fiyi tan\u0131yabilece\u011finiz baz\u0131 \u00e7arp\u0131c\u0131 ifadeler vs. vard\u0131r.<\/p>\n\n\n\n<p class=\"has-black-color has-text-color has-link-color has-small-font-size wp-elements-c7be2121fbd2c96ca97972942506defb\"><strong>3. <\/strong>Ruhlar her \u015feyi bilmez ve t\u00fcm sorular\u0131m\u0131za cevap vermek i\u00e7in orada de\u011fildir: Ba\u015fta da belirtildi\u011fi gibi, ruhlar\u0131n, tam da \u00f6b\u00fcr d\u00fcnyada olduklar\u0131 i\u00e7in, otomatik olarak her \u015feyi bildiklerine inanan pek \u00e7ok ki\u015fi vard\u0131r. \u00c7aresizlikten ya da meraktan \u00f6lenlerden cevap ve tavsiye isteyenlerin say\u0131s\u0131 da olduk\u00e7a azd\u0131r. Bu anla\u015f\u0131labilir ve insani bir durumdur, ancak bir yere kadar. En ufak bir \u015fey i\u00e7in ruhlar d\u00fcnyas\u0131yla ileti\u015fime ge\u00e7mekten ne pahas\u0131na olursa olsun ka\u00e7\u0131n\u0131n. M\u00fcmk\u00fcnse asla \u201cBeni ger\u00e7ekten seviyor mu?\u201d, \u201cKalbimin erke\u011fi\/kad\u0131n\u0131 kim ve nerede?\u201d, \u201cGelecek haftan\u0131n piyango numaralar\u0131 ne?\u201d gibi sorular sormay\u0131n. \u201cAraban\u0131n anahtarlar\u0131n\u0131 nereye koydum?\u201d, \u2018Bug\u00fcn ne yiyebilirim?\u2019, vb. Bilin ki hi\u00e7bir y\u00fcksek ruhani varl\u0131k bu t\u00fcr sorular\u0131 yan\u0131tlamak i\u00e7in size ko\u015fmaz.<\/p>\n\n\n\n<p class=\"has-black-color has-text-color has-link-color has-small-font-size wp-elements-7728648511066b9e19843d98f833d55c\">No debes olvidar que los seres espirituales superiores, como su nombre indica, lo ven todo desde una perspectiva superior. Est\u00e1n tan desarrollados espiritual y moralmente que tales preguntas les parecen triviales e irrelevantes. Sencillamente, no hay raz\u00f3n para que las respondan. Ser\u00eda como llamar a un profesor de matem\u00e1ticas avanzadas y preguntarle si una manzana m\u00e1s otra manzana son realmente dos manzanas. En cambio, los que reaccionar\u00e1n ante tales banalidades son los esp\u00edritus inferiores. El cr\u00e9dulo que pregunta puede entonces ser f\u00e1cilmente enga\u00f1ado y embaucado<\/p>\n\n\n\n<p class=\"has-black-color has-text-color has-link-color has-small-font-size wp-elements-d822f2009e9a31f2b7df54d92c29990d\"><strong>4. <\/strong>Ateistler asla ger\u00e7ek spirit\u00fcalistler olamazlar: reenkarnasyon, \u00f6l\u00fcmden sonra ya\u015fam, ruhlar ve medyumluk yetenekleriyle \u00e7ok ilgili olsalar ve bunlara kuvvetle inansalar, ancak Tanr\u0131'n\u0131n varl\u0131\u011f\u0131n\u0131 reddetseler bile, spirit\u00fcalizmin derin bilgeli\u011fini asla anlayamayacaklard\u0131r. <\/p>\n\n\n\n<p class=\"has-black-color has-text-color has-link-color has-small-font-size wp-elements-ff8ed00d786c69c513ea0af3d41e53d7\"><strong>5.<\/strong> Ruh\u00e7uluk ne bir din ne de bir mezheptir, sadece ruh \u00e7a\u011f\u0131rmak da de\u011fildir: din, mezhep ve b\u00fcy\u00fcc\u00fcl\u00fck her zaman Ruh\u00e7ulukla ili\u015fkilendirilen terimlerdir, ancak bunlar\u0131n hi\u00e7biri de\u011fildir. Modern Spirit\u00fcalizmin kurucusu ve kodlay\u0131c\u0131s\u0131 olan Allan Kardec (asl\u0131nda Hippolyte L\u00e9on Denizard Rivail; 1804 - 1869) bunu bir felsefe ve bilim olarak g\u00f6rm\u00fc\u015ft\u00fcr. Ger\u00e7ekten de Spirit\u00fcalist doktrin, ruhlar\u0131n \u00f6\u011fretilerinin ve mesajlar\u0131n\u0131n mant\u0131k ve itidale dayal\u0131 bir sentezinin sonucudur.<\/p>\n\n\n\n<p class=\"has-black-color has-text-color has-link-color has-small-font-size wp-elements-8181ff68385ec3eb383f64f2a83bec5f\">Dolay\u0131s\u0131yla Spirit\u00fcalizmde mistisizme y\u00f6nelik herhangi bir e\u011filim de yoktur. Her spirit\u00fcalist, Spirit\u00fcalizm \u00f6\u011fretilerini ciddi bir \u00e7al\u0131\u015fma ve gayretle deneyimlemeye, anlamaya ve detayland\u0131rmaya te\u015fvik edilir. Spirit\u00fcalistler \u00e7o\u011fu dinin onlardan istedi\u011fi gibi k\u00f6r\u00fc k\u00f6r\u00fcne inanmamal\u0131, kendileri deneyimlemelidir. Spirit\u00fcalizm ba\u011f\u0131ms\u0131zl\u0131k ister ve hi\u00e7bir rahibe, guruya, \u00f6\u011fretmene ya da anayasaya ba\u011f\u0131ml\u0131 olmay\u0131 gerektirmez. Dahas\u0131, kendisinde medyumluk yetene\u011fini ke\u015ffeden her spirit\u00fcalist, bunu hemcinslerinin yarar\u0131 i\u00e7in \u00f6zg\u00fcrce kullanmaya \u00e7a\u011fr\u0131l\u0131r. \u00d6te yandan, bu yetene\u011fin ba\u015fkalar\u0131n\u0131 zenginle\u015ftirmek i\u00e7in kullan\u0131lmas\u0131 \u015fiddetle ele\u015ftirilmektedir. Spirit\u00fcalizm \u00e7aresiz insanlar\u0131n cebinden para almak i\u00e7in k\u00f6t\u00fcye kullan\u0131lmamal\u0131d\u0131r. \u0130\u015ften ka\u00e7man\u0131n tembel bir yolu de\u011fildir. Merakl\u0131lar\u0131 kand\u0131rmak ve kendi \u015f\u00f6hretini art\u0131rmak i\u00e7in ruh\u00e7uluk ad\u0131 alt\u0131nda (s\u00f6zde) b\u00fcy\u00fcc\u00fcl\u00fck yapman\u0131n da ruh\u00e7ulukla bir ilgisi yoktur. Spirit\u00fcalizm, parlak \u0131\u015f\u0131\u011f\u0131 bizi ruhsal ve ahlaki m\u00fckemmelli\u011fe ve dolay\u0131s\u0131yla kurtulu\u015fumuza g\u00f6t\u00fcren ruhani bir fenerdir.<\/p>\n\n\n\n<p><em>Daniela M.<\/em><\/p>\n<\/div><\/div>\n\n\n\n<div class=\"wp-block-uagb-container uagb-block-f9c4b306 alignfull uagb-is-root-container\"><div class=\"uagb-container-inner-blocks-wrap\"><\/div><\/div>\n\n\n\n<div class=\"wp-block-uagb-container uagb-block-4349abd3 alignfull uagb-is-root-container\"><div class=\"uagb-container-inner-blocks-wrap\"><\/div><\/div>","protected":false},"excerpt":{"rendered":"<p>Lo que sin duda debe tener en cuenta al tratar con el espiritismo y el mundo de los esp\u00edritus Para la mayor\u00eda de las personas que no est\u00e1n familiarizadas con el tema, el espiritismo y el mundo de los esp\u00edritus pertenecen al \u00e1mbito de lo sobrenatural y lo paranormal. Y esto suscita precisamente dos reacciones: [&hellip;]<\/p>","protected":false},"author":1,"featured_media":0,"parent":0,"menu_order":0,"comment_status":"closed","ping_status":"closed","template":"","meta":{"_uag_custom_page_level_css":"","site-sidebar-layout":"default","site-content-layout":"","ast-site-content-layout":"default","site-content-style":"default","site-sidebar-style":"default","ast-global-header-display":"","ast-banner-title-visibility":"","ast-main-header-display":"","ast-hfb-above-header-display":"","ast-hfb-below-header-display":"","ast-hfb-mobile-header-display":"","site-post-title":"disabled","ast-breadcrumbs-content":"","ast-featured-img":"","footer-sml-layout":"","theme-transparent-header-meta":"","adv-header-id-meta":"","stick-header-meta":"","header-above-stick-meta":"","header-main-stick-meta":"","header-below-stick-meta":"","astra-migrate-meta-layouts":"set","ast-page-background-enabled":"default","ast-page-background-meta":{"desktop":{"background-color":"var(--ast-global-color-4)","background-image":"","background-repeat":"repeat","background-position":"center center","background-size":"auto","background-attachment":"scroll","background-type":"","background-media":"","overlay-type":"","overlay-color":"","overlay-opacity":"","overlay-gradient":""},"tablet":{"background-color":"","background-image":"","background-repeat":"repeat","background-position":"center center","background-size":"auto","background-attachment":"scroll","background-type":"","background-media":"","overlay-type":"","overlay-color":"","overlay-opacity":"","overlay-gradient":""},"mobile":{"background-color":"","background-image":"","background-repeat":"repeat","background-position":"center center","background-size":"auto","background-attachment":"scroll","background-type":"","background-media":"","overlay-type":"","overlay-color":"","overlay-opacity":"","overlay-gradient":""}},"ast-content-background-meta":{"desktop":{"background-color":"var(--ast-global-color-5)","background-image":"","background-repeat":"repeat","background-position":"center center","background-size":"auto","background-attachment":"scroll","background-type":"","background-media":"","overlay-type":"","overlay-color":"","overlay-opacity":"","overlay-gradient":""},"tablet":{"background-color":"var(--ast-global-color-5)","background-image":"","background-repeat":"repeat","background-position":"center center","background-size":"auto","background-attachment":"scroll","background-type":"","background-media":"","overlay-type":"","overlay-color":"","overlay-opacity":"","overlay-gradient":""},"mobile":{"background-color":"var(--ast-global-color-5)","background-image":"","background-repeat":"repeat","background-position":"center center","background-size":"auto","background-attachment":"scroll","background-type":"","background-media":"","overlay-type":"","overlay-color":"","overlay-opacity":"","overlay-gradient":""}},"footnotes":""},"class_list":["post-5510","page","type-page","status-publish","hentry"],"yoast_head":"<!-- This site is optimized with the Yoast SEO Premium plugin v24.2 (Yoast SEO v24.6) - https:\/\/yoast.com\/wordpress\/plugins\/seo\/ -->\n<title>Lo que sin duda debe tener en cuenta al tratar con el espiritismo y el mundo de los esp\u00edritus - Uni\u00f3n Esp\u00edrita<\/title>\n<meta name=\"robots\" content=\"index, follow, max-snippet:-1, max-image-preview:large, max-video-preview:-1\" \/>\n<link rel=\"canonical\" href=\"https:\/\/nuevo-renacer.com\/tr\/lo-que-sin-duda-debe-tener-en-cuenta-al-tratar-con-el-espiritismo-y-el-mundo-de-los-espiritus\/\" \/>\n<meta property=\"og:locale\" content=\"tr_TR\" \/>\n<meta property=\"og:type\" content=\"article\" \/>\n<meta property=\"og:title\" content=\"Lo que sin duda debe tener en cuenta al tratar con el espiritismo y el mundo de los esp\u00edritus\" \/>\n<meta property=\"og:description\" content=\"Lo que sin duda debe tener en cuenta al tratar con el espiritismo y el mundo de los esp\u00edritus Para la mayor\u00eda de las personas que no est\u00e1n familiarizadas con el tema, el espiritismo y el mundo de los esp\u00edritus pertenecen al \u00e1mbito de lo sobrenatural y lo paranormal. Y esto suscita precisamente dos reacciones: [&hellip;]\" \/>\n<meta property=\"og:url\" content=\"https:\/\/nuevo-renacer.com\/tr\/lo-que-sin-duda-debe-tener-en-cuenta-al-tratar-con-el-espiritismo-y-el-mundo-de-los-espiritus\/\" \/>\n<meta property=\"og:site_name\" content=\"Uni\u00f3n Esp\u00edrita\" \/>\n<meta property=\"article:publisher\" content=\"https:\/\/www.facebook.com\/groups\/3431398063740829\" \/>\n<meta property=\"article:modified_time\" content=\"2024-10-10T15:03:46+00:00\" \/>\n<meta property=\"og:image\" content=\"https:\/\/nuevo-renacer.com\/wp-content\/uploads\/2024\/10\/spiritual-awakening-concept_917213-226319.avif\" \/>\n<meta name=\"twitter:card\" content=\"summary_large_image\" \/>\n<meta name=\"twitter:label1\" content=\"Tahmini okuma s\u00fcresi\" \/>\n\t<meta name=\"twitter:data1\" content=\"7 dakika\" \/>\n<script type=\"application\/ld+json\" class=\"yoast-schema-graph\">{\"@context\":\"https:\/\/schema.org\",\"@graph\":[{\"@type\":\"WebPage\",\"@id\":\"https:\/\/nuevo-renacer.com\/lo-que-sin-duda-debe-tener-en-cuenta-al-tratar-con-el-espiritismo-y-el-mundo-de-los-espiritus\/\",\"url\":\"https:\/\/nuevo-renacer.com\/lo-que-sin-duda-debe-tener-en-cuenta-al-tratar-con-el-espiritismo-y-el-mundo-de-los-espiritus\/\",\"name\":\"Lo que sin duda debe tener en cuenta al tratar con el espiritismo y el mundo de los esp\u00edritus - Uni\u00f3n Esp\u00edrita\",\"isPartOf\":{\"@id\":\"https:\/\/nuevo-renacer.com\/#website\"},\"primaryImageOfPage\":{\"@id\":\"https:\/\/nuevo-renacer.com\/lo-que-sin-duda-debe-tener-en-cuenta-al-tratar-con-el-espiritismo-y-el-mundo-de-los-espiritus\/#primaryimage\"},\"image\":{\"@id\":\"https:\/\/nuevo-renacer.com\/lo-que-sin-duda-debe-tener-en-cuenta-al-tratar-con-el-espiritismo-y-el-mundo-de-los-espiritus\/#primaryimage\"},\"thumbnailUrl\":\"https:\/\/nuevo-renacer.com\/wp-content\/uploads\/2024\/10\/spiritual-awakening-concept_917213-226319.avif\",\"datePublished\":\"2024-10-10T14:56:41+00:00\",\"dateModified\":\"2024-10-10T15:03:46+00:00\",\"breadcrumb\":{\"@id\":\"https:\/\/nuevo-renacer.com\/lo-que-sin-duda-debe-tener-en-cuenta-al-tratar-con-el-espiritismo-y-el-mundo-de-los-espiritus\/#breadcrumb\"},\"inLanguage\":\"tr\",\"potentialAction\":[{\"@type\":\"ReadAction\",\"target\":[\"https:\/\/nuevo-renacer.com\/lo-que-sin-duda-debe-tener-en-cuenta-al-tratar-con-el-espiritismo-y-el-mundo-de-los-espiritus\/\"]}]},{\"@type\":\"ImageObject\",\"inLanguage\":\"tr\",\"@id\":\"https:\/\/nuevo-renacer.com\/lo-que-sin-duda-debe-tener-en-cuenta-al-tratar-con-el-espiritismo-y-el-mundo-de-los-espiritus\/#primaryimage\",\"url\":\"https:\/\/nuevo-renacer.com\/wp-content\/uploads\/2024\/10\/spiritual-awakening-concept_917213-226319.avif\",\"contentUrl\":\"https:\/\/nuevo-renacer.com\/wp-content\/uploads\/2024\/10\/spiritual-awakening-concept_917213-226319.avif\"},{\"@type\":\"BreadcrumbList\",\"@id\":\"https:\/\/nuevo-renacer.com\/lo-que-sin-duda-debe-tener-en-cuenta-al-tratar-con-el-espiritismo-y-el-mundo-de-los-espiritus\/#breadcrumb\",\"itemListElement\":[{\"@type\":\"ListItem\",\"position\":1,\"name\":\"Startseite\",\"item\":\"https:\/\/nuevo-renacer.com\/\"},{\"@type\":\"ListItem\",\"position\":2,\"name\":\"Lo que sin duda debe tener en cuenta al tratar con el espiritismo y el mundo de los esp\u00edritus\"}]},{\"@type\":\"WebSite\",\"@id\":\"https:\/\/nuevo-renacer.com\/#website\",\"url\":\"https:\/\/nuevo-renacer.com\/\",\"name\":\"Uni\u00f3n Esp\u00edrita\",\"description\":\"Nuevo Renacer\",\"publisher\":{\"@id\":\"https:\/\/nuevo-renacer.com\/#organization\"},\"potentialAction\":[{\"@type\":\"SearchAction\",\"target\":{\"@type\":\"EntryPoint\",\"urlTemplate\":\"https:\/\/nuevo-renacer.com\/?s={search_term_string}\"},\"query-input\":{\"@type\":\"PropertyValueSpecification\",\"valueRequired\":true,\"valueName\":\"search_term_string\"}}],\"inLanguage\":\"tr\"},{\"@type\":\"Organization\",\"@id\":\"https:\/\/nuevo-renacer.com\/#organization\",\"name\":\"UFEC\",\"url\":\"https:\/\/nuevo-renacer.com\/\",\"logo\":{\"@type\":\"ImageObject\",\"inLanguage\":\"tr\",\"@id\":\"https:\/\/nuevo-renacer.com\/#\/schema\/logo\/image\/\",\"url\":\"https:\/\/nuevo-renacer.com\/wp-content\/uploads\/2024\/05\/cropped-LOGO-TERMINADO1-3-3.png\",\"contentUrl\":\"https:\/\/nuevo-renacer.com\/wp-content\/uploads\/2024\/05\/cropped-LOGO-TERMINADO1-3-3.png\",\"width\":512,\"height\":512,\"caption\":\"UFEC\"},\"image\":{\"@id\":\"https:\/\/nuevo-renacer.com\/#\/schema\/logo\/image\/\"},\"sameAs\":[\"https:\/\/www.facebook.com\/groups\/3431398063740829\"]}]}<\/script>\n<!-- \/ Yoast SEO Premium plugin. -->","yoast_head_json":{"title":"Lo que sin duda debe tener en cuenta al tratar con el espiritismo y el mundo de los esp\u00edritus - Uni\u00f3n Esp\u00edrita","robots":{"index":"index","follow":"follow","max-snippet":"max-snippet:-1","max-image-preview":"max-image-preview:large","max-video-preview":"max-video-preview:-1"},"canonical":"https:\/\/nuevo-renacer.com\/tr\/lo-que-sin-duda-debe-tener-en-cuenta-al-tratar-con-el-espiritismo-y-el-mundo-de-los-espiritus\/","og_locale":"tr_TR","og_type":"article","og_title":"Lo que sin duda debe tener en cuenta al tratar con el espiritismo y el mundo de los esp\u00edritus","og_description":"Lo que sin duda debe tener en cuenta al tratar con el espiritismo y el mundo de los esp\u00edritus Para la mayor\u00eda de las personas que no est\u00e1n familiarizadas con el tema, el espiritismo y el mundo de los esp\u00edritus pertenecen al \u00e1mbito de lo sobrenatural y lo paranormal. Y esto suscita precisamente dos reacciones: [&hellip;]","og_url":"https:\/\/nuevo-renacer.com\/tr\/lo-que-sin-duda-debe-tener-en-cuenta-al-tratar-con-el-espiritismo-y-el-mundo-de-los-espiritus\/","og_site_name":"Uni\u00f3n Esp\u00edrita","article_publisher":"https:\/\/www.facebook.com\/groups\/3431398063740829","article_modified_time":"2024-10-10T15:03:46+00:00","og_image":[{"url":"https:\/\/nuevo-renacer.com\/wp-content\/uploads\/2024\/10\/spiritual-awakening-concept_917213-226319.avif","type":"","width":"","height":""}],"twitter_card":"summary_large_image","twitter_misc":{"Tahmini okuma s\u00fcresi":"7 dakika"},"schema":{"@context":"https:\/\/schema.org","@graph":[{"@type":"WebPage","@id":"https:\/\/nuevo-renacer.com\/lo-que-sin-duda-debe-tener-en-cuenta-al-tratar-con-el-espiritismo-y-el-mundo-de-los-espiritus\/","url":"https:\/\/nuevo-renacer.com\/lo-que-sin-duda-debe-tener-en-cuenta-al-tratar-con-el-espiritismo-y-el-mundo-de-los-espiritus\/","name":"Lo que sin duda debe tener en cuenta al tratar con el espiritismo y el mundo de los esp\u00edritus - Uni\u00f3n Esp\u00edrita","isPartOf":{"@id":"https:\/\/nuevo-renacer.com\/#website"},"primaryImageOfPage":{"@id":"https:\/\/nuevo-renacer.com\/lo-que-sin-duda-debe-tener-en-cuenta-al-tratar-con-el-espiritismo-y-el-mundo-de-los-espiritus\/#primaryimage"},"image":{"@id":"https:\/\/nuevo-renacer.com\/lo-que-sin-duda-debe-tener-en-cuenta-al-tratar-con-el-espiritismo-y-el-mundo-de-los-espiritus\/#primaryimage"},"thumbnailUrl":"https:\/\/nuevo-renacer.com\/wp-content\/uploads\/2024\/10\/spiritual-awakening-concept_917213-226319.avif","datePublished":"2024-10-10T14:56:41+00:00","dateModified":"2024-10-10T15:03:46+00:00","breadcrumb":{"@id":"https:\/\/nuevo-renacer.com\/lo-que-sin-duda-debe-tener-en-cuenta-al-tratar-con-el-espiritismo-y-el-mundo-de-los-espiritus\/#breadcrumb"},"inLanguage":"tr","potentialAction":[{"@type":"ReadAction","target":["https:\/\/nuevo-renacer.com\/lo-que-sin-duda-debe-tener-en-cuenta-al-tratar-con-el-espiritismo-y-el-mundo-de-los-espiritus\/"]}]},{"@type":"ImageObject","inLanguage":"tr","@id":"https:\/\/nuevo-renacer.com\/lo-que-sin-duda-debe-tener-en-cuenta-al-tratar-con-el-espiritismo-y-el-mundo-de-los-espiritus\/#primaryimage","url":"https:\/\/nuevo-renacer.com\/wp-content\/uploads\/2024\/10\/spiritual-awakening-concept_917213-226319.avif","contentUrl":"https:\/\/nuevo-renacer.com\/wp-content\/uploads\/2024\/10\/spiritual-awakening-concept_917213-226319.avif"},{"@type":"BreadcrumbList","@id":"https:\/\/nuevo-renacer.com\/lo-que-sin-duda-debe-tener-en-cuenta-al-tratar-con-el-espiritismo-y-el-mundo-de-los-espiritus\/#breadcrumb","itemListElement":[{"@type":"ListItem","position":1,"name":"Startseite","item":"https:\/\/nuevo-renacer.com\/"},{"@type":"ListItem","position":2,"name":"Lo que sin duda debe tener en cuenta al tratar con el espiritismo y el mundo de los esp\u00edritus"}]},{"@type":"WebSite","@id":"https:\/\/nuevo-renacer.com\/#website","url":"https:\/\/nuevo-renacer.com\/","name":"Uni\u00f3n Esp\u00edrita","description":"Nuevo Renacer","publisher":{"@id":"https:\/\/nuevo-renacer.com\/#organization"},"potentialAction":[{"@type":"SearchAction","target":{"@type":"EntryPoint","urlTemplate":"https:\/\/nuevo-renacer.com\/?s={search_term_string}"},"query-input":{"@type":"PropertyValueSpecification","valueRequired":true,"valueName":"search_term_string"}}],"inLanguage":"tr"},{"@type":"Organization","@id":"https:\/\/nuevo-renacer.com\/#organization","name":"UFEC","url":"https:\/\/nuevo-renacer.com\/","logo":{"@type":"ImageObject","inLanguage":"tr","@id":"https:\/\/nuevo-renacer.com\/#\/schema\/logo\/image\/","url":"https:\/\/nuevo-renacer.com\/wp-content\/uploads\/2024\/05\/cropped-LOGO-TERMINADO1-3-3.png","contentUrl":"https:\/\/nuevo-renacer.com\/wp-content\/uploads\/2024\/05\/cropped-LOGO-TERMINADO1-3-3.png","width":512,"height":512,"caption":"UFEC"},"image":{"@id":"https:\/\/nuevo-renacer.com\/#\/schema\/logo\/image\/"},"sameAs":["https:\/\/www.facebook.com\/groups\/3431398063740829"]}]}},"uagb_featured_image_src":{"full":false,"thumbnail":false,"medium":false,"medium_large":false,"large":false,"1536x1536":false,"2048x2048":false,"trp-custom-language-flag":false},"uagb_author_info":{"display_name":"adbv0","author_link":"https:\/\/nuevo-renacer.com\/tr\/author\/adbv0\/"},"uagb_comment_info":0,"uagb_excerpt":"Lo que sin duda debe tener en cuenta al tratar con el espiritismo y el mundo de los esp\u00edritus Para la mayor\u00eda de las personas que no est\u00e1n familiarizadas con el tema, el espiritismo y el mundo de los esp\u00edritus pertenecen al \u00e1mbito de lo sobrenatural y lo paranormal. Y esto suscita precisamente dos reacciones:&hellip;","jetpack_sharing_enabled":true,"_links":{"self":[{"href":"https:\/\/nuevo-renacer.com\/tr\/wp-json\/wp\/v2\/pages\/5510","targetHints":{"allow":["GET"]}}],"collection":[{"href":"https:\/\/nuevo-renacer.com\/tr\/wp-json\/wp\/v2\/pages"}],"about":[{"href":"https:\/\/nuevo-renacer.com\/tr\/wp-json\/wp\/v2\/types\/page"}],"author":[{"embeddable":true,"href":"https:\/\/nuevo-renacer.com\/tr\/wp-json\/wp\/v2\/users\/1"}],"replies":[{"embeddable":true,"href":"https:\/\/nuevo-renacer.com\/tr\/wp-json\/wp\/v2\/comments?post=5510"}],"version-history":[{"count":4,"href":"https:\/\/nuevo-renacer.com\/tr\/wp-json\/wp\/v2\/pages\/5510\/revisions"}],"predecessor-version":[{"id":5516,"href":"https:\/\/nuevo-renacer.com\/tr\/wp-json\/wp\/v2\/pages\/5510\/revisions\/5516"}],"wp:attachment":[{"href":"https:\/\/nuevo-renacer.com\/tr\/wp-json\/wp\/v2\/media?parent=5510"}],"curies":[{"name":"wp","href":"https:\/\/api.w.org\/{rel}","templated":true}]}}